{"id":357660,"date":"2023-01-24T17:13:32","date_gmt":"2023-01-24T16:13:32","guid":{"rendered":"https:\/\/www.daisho.be\/produit\/karategi-adidas-shori-k999\/"},"modified":"2025-12-24T08:30:01","modified_gmt":"2025-12-24T07:30:01","slug":"karategi-adidas-shori-k999","status":"publish","type":"product","link":"https:\/\/www.daisho.be\/es\/produit\/karategi-adidas-shori-k999\/","title":{"rendered":"KARATEGI ADIDAS SHORI K999"},"content":{"rendered":"<p>La \u00faltima innovaci\u00f3n de adidas es el kimono de k\u00e1rate Shori kata.<br \/>\nEste karategi, o kimono, ha sido dise\u00f1ado con los mejores especialistas en kata y ofrece una excelente calidad superior.<br \/>\nEl tejido tupido tiene una superficie agradablemente suave. Gracias al hilo de alta resistencia y a la tecnolog\u00c3a de tejido mixto (60% algod\u00c3\u00b3n\/40% poli\u00c3\u00a9ster), el traje no encoge mucho en el lavado (30 grados &#8211; \u00c2\u00a1sin suavizante!).<br \/>\nGracias a la doble capa en los extremos de las mangas de la chaqueta y a las costuras de 10 pliegues, este karategi es muy adecuado para los deportistas de competici\u00f3n. Las costuras de los extremos de la chaqueta tambi\u00e9n proporcionan estabilizaci\u00f3n para que el karategi se ajuste perfectamente.<br \/>\nEl logotipo est\u00e1 bordado tradicionalmente en negro en el pecho derecho y en el cuello.<br \/>\nEl pantal\u00f3n est\u00e1 confeccionado con el corte tradicional de Kata, con perneras m\u00e1s cortas y cintura con cord\u00f3n para un ajuste individual. Gracias a una inserci\u00c3\u00b3n de malla en el cord\u00c3\u00b3n interior del pantal\u00c3\u00b3n, se ajustan c\u00c3\u00b3modamente y no rozan la piel.<br \/>\nEste karategi est\u00e1 disponible en las tallas 160-195 cm en incrementos de 5 cm.<br \/>\nEl karategi Shori est\u00e1 homologado por la WKF y aprobado como ropa de competici\u00f3n para todos los campeonatos de la Federaci\u00f3n Mundial de Karate.<\/p>\n<p>Especificaciones t\u00e9cnicas:<\/p>\n<p> Karategi de primera clase, por supuesto homologado por la WKF.<br \/>\n Fabricado con material pesado y ruidoso. El mejor tratamiento.<br \/>\n Doble capa de tejido en los extremos de las mangas, chaqueta y perneras del pantal\u00f3n<br \/>\n Compuesto por chaqueta y pantal\u00f3n con cintura tradicional con cord\u00f3n<br \/>\n En un corte especial japon\u00e9s: mangas y perneras del pantal\u00f3n m\u00e1s cortas<br \/>\n Material: 60% algod\u00f3n\/ 40% poli\u00e9ster<br \/>\n Peso del tejido: aprox. 380 g\/m\u00c2\u00b2 (aprox. 14 OZ). <\/p>\n","protected":false},"excerpt":{"rendered":"<p>La \u00faltima innovaci\u00f3n de adidas es el kimono de k\u00e1rate Shori kata. Este karategi, o kimono, ha sido dise\u00f1ado con los mejores especialistas en kata y ofrece una excelente calidad superior. El tejido tupido tiene una superficie agradablemente suave. Gracias al hilo de alta resistencia y a la tecnolog\u00c3a de tejido mixto (60% algod\u00c3\u00b3n\/40% poli\u00c3\u00a9ster), [&hellip;]<\/p>\n","protected":false},"featured_media":655171,"comment_status":"closed","ping_status":"closed","template":"","meta":{"inline_featured_image":false},"product_brand":[],"product_cat":[1561,1314,1311],"product_tag":[1560],"sport":[],"class_list":{"0":"post-357660","1":"product","2":"type-product","3":"status-publish","4":"has-post-thumbnail","6":"product_cat-kimono-karategi-adidas","7":"product_cat-kimonos-de-karate","8":"product_cat-trajes-kimonos","9":"product_tag-adidas-es","10":"pa_size-379","11":"pa_size-387","12":"pa_size-378","13":"pa_size-386","14":"pa_size-377","15":"pa_size-385","16":"pa_size-376","17":"pa_size-384","19":"first","20":"instock","21":"taxable","22":"shipping-taxable","23":"purchasable","24":"product-type-variable"},"yoast_head":"<!-- This site is optimized with the Yoast SEO plugin v27.2 - https:\/\/yoast.com\/product\/yoast-seo-wordpress\/ -->\n<title>KARATEGI ADIDAS SHORI K999 &#8211; Daisho<\/title>\n<meta name=\"description\" content=\"El shori Adidas k999 karategi est\u00e1 especialmente dise\u00f1ado para kata. Es de calidad Premium. C\u00f3mpralo en www.daisho.be|Daisho\" \/>\n<meta name=\"robots\" content=\"index, follow, max-snippet:-1, max-image-preview:large, max-video-preview:-1\" \/>\n<link rel=\"canonical\" href=\"https:\/\/www.daisho.be\/es\/produit\/karategi-adidas-shori-k999\/\" \/>\n<meta property=\"og:locale\" content=\"es_ES\" \/>\n<meta property=\"og:type\" content=\"article\" \/>\n<meta property=\"og:title\" content=\"KARATEGI ADIDAS SHORI K999 &#8211; Daisho\" \/>\n<meta property=\"og:description\" content=\"El shori Adidas k999 karategi est\u00e1 especialmente dise\u00f1ado para kata. Es de calidad Premium. C\u00f3mpralo en www.daisho.be|Daisho\" \/>\n<meta property=\"og:url\" content=\"https:\/\/www.daisho.be\/es\/produit\/karategi-adidas-shori-k999\/\" \/>\n<meta property=\"og:site_name\" content=\"Daisho\" \/>\n<meta property=\"article:modified_time\" content=\"2025-12-24T07:30:01+00:00\" \/>\n<meta property=\"og:image\" content=\"https:\/\/www.daisho.be\/wp-content\/uploads\/2026\/01\/image-27.png\" \/>\n\t<meta property=\"og:image:width\" content=\"578\" \/>\n\t<meta property=\"og:image:height\" content=\"623\" \/>\n\t<meta property=\"og:image:type\" content=\"image\/png\" \/>\n<meta name=\"twitter:card\" content=\"summary_large_image\" \/>\n<meta name=\"twitter:label1\" content=\"Tiempo de lectura\" \/>\n\t<meta name=\"twitter:data1\" content=\"2 minutos\" \/>\n<script type=\"application\/ld+json\" class=\"yoast-schema-graph\">{\"@context\":\"https:\/\/schema.org\",\"@graph\":[{\"@type\":\"WebPage\",\"@id\":\"https:\/\/www.daisho.be\/es\/produit\/karategi-adidas-shori-k999\/\",\"url\":\"https:\/\/www.daisho.be\/es\/produit\/karategi-adidas-shori-k999\/\",\"name\":\"KARATEGI ADIDAS SHORI K999 &#8211; Daisho\",\"isPartOf\":{\"@id\":\"https:\/\/www.daisho.be\/es\/#website\"},\"primaryImageOfPage\":{\"@id\":\"https:\/\/www.daisho.be\/es\/produit\/karategi-adidas-shori-k999\/#primaryimage\"},\"image\":{\"@id\":\"https:\/\/www.daisho.be\/es\/produit\/karategi-adidas-shori-k999\/#primaryimage\"},\"thumbnailUrl\":\"https:\/\/www.daisho.be\/wp-content\/uploads\/2026\/01\/image-27.png\",\"datePublished\":\"2023-01-24T16:13:32+00:00\",\"dateModified\":\"2025-12-24T07:30:01+00:00\",\"description\":\"El shori Adidas k999 karategi est\u00e1 especialmente dise\u00f1ado para kata. Es de calidad Premium. C\u00f3mpralo en www.daisho.be|Daisho\",\"breadcrumb\":{\"@id\":\"https:\/\/www.daisho.be\/es\/produit\/karategi-adidas-shori-k999\/#breadcrumb\"},\"inLanguage\":\"es\",\"potentialAction\":[{\"@type\":\"ReadAction\",\"target\":[\"https:\/\/www.daisho.be\/es\/produit\/karategi-adidas-shori-k999\/\"]}]},{\"@type\":\"ImageObject\",\"inLanguage\":\"es\",\"@id\":\"https:\/\/www.daisho.be\/es\/produit\/karategi-adidas-shori-k999\/#primaryimage\",\"url\":\"https:\/\/www.daisho.be\/wp-content\/uploads\/2026\/01\/image-27.png\",\"contentUrl\":\"https:\/\/www.daisho.be\/wp-content\/uploads\/2026\/01\/image-27.png\",\"width\":578,\"height\":623,\"caption\":\"KARATEGI ADIDAS SHORI K999-1\"},{\"@type\":\"BreadcrumbList\",\"@id\":\"https:\/\/www.daisho.be\/es\/produit\/karategi-adidas-shori-k999\/#breadcrumb\",\"itemListElement\":[{\"@type\":\"ListItem\",\"position\":1,\"name\":\"Accueil\",\"item\":\"https:\/\/www.daisho.be\/es\/\"},{\"@type\":\"ListItem\",\"position\":2,\"name\":\"Productos\",\"item\":\"https:\/\/www.daisho.be\/es\/productos\/\"},{\"@type\":\"ListItem\",\"position\":3,\"name\":\"ADIDAS COMBAT SPORTS\",\"item\":\"https:\/\/www.daisho.be\/es\/categorie-produit\/adidas-combat-sports-es\/\"},{\"@type\":\"ListItem\",\"position\":4,\"name\":\"Karate\",\"item\":\"https:\/\/www.daisho.be\/es\/categorie-produit\/adidas-combat-sports-es\/karate-es\/\"},{\"@type\":\"ListItem\",\"position\":5,\"name\":\"Kimono - Karategi Adidas\",\"item\":\"https:\/\/www.daisho.be\/es\/categorie-produit\/adidas-combat-sports-es\/karate-es\/kimono-karategi-adidas\/\"},{\"@type\":\"ListItem\",\"position\":6,\"name\":\"KARATEGI ADIDAS SHORI K999\"}]},{\"@type\":\"WebSite\",\"@id\":\"https:\/\/www.daisho.be\/es\/#website\",\"url\":\"https:\/\/www.daisho.be\/es\/\",\"name\":\"Daisho\",\"description\":\"Sp&eacute;cialiste de l'&eacute;quipement sportif d'arts martiaux\",\"publisher\":{\"@id\":\"https:\/\/www.daisho.be\/es\/#organization\"},\"potentialAction\":[{\"@type\":\"SearchAction\",\"target\":{\"@type\":\"EntryPoint\",\"urlTemplate\":\"https:\/\/www.daisho.be\/es\/?s={search_term_string}\"},\"query-input\":{\"@type\":\"PropertyValueSpecification\",\"valueRequired\":true,\"valueName\":\"search_term_string\"}}],\"inLanguage\":\"es\"},{\"@type\":\"Organization\",\"@id\":\"https:\/\/www.daisho.be\/es\/#organization\",\"name\":\"Daisho\",\"url\":\"https:\/\/www.daisho.be\/es\/\",\"logo\":{\"@type\":\"ImageObject\",\"inLanguage\":\"es\",\"@id\":\"https:\/\/www.daisho.be\/es\/#\/schema\/logo\/image\/\",\"url\":\"https:\/\/www.daisho.be\/wp-content\/uploads\/2019\/07\/color-nothing-horizontale4x-e1564486100247.png\",\"contentUrl\":\"https:\/\/www.daisho.be\/wp-content\/uploads\/2019\/07\/color-nothing-horizontale4x-e1564486100247.png\",\"width\":1547,\"height\":385,\"caption\":\"Daisho\"},\"image\":{\"@id\":\"https:\/\/www.daisho.be\/es\/#\/schema\/logo\/image\/\"}}]}<\/script>\n<!-- \/ Yoast SEO plugin. -->","yoast_head_json":{"title":"KARATEGI ADIDAS SHORI K999 &#8211; Daisho","description":"El shori Adidas k999 karategi est\u00e1 especialmente dise\u00f1ado para kata. Es de calidad Premium. C\u00f3mpralo en www.daisho.be|Daisho","robots":{"index":"index","follow":"follow","max-snippet":"max-snippet:-1","max-image-preview":"max-image-preview:large","max-video-preview":"max-video-preview:-1"},"canonical":"https:\/\/www.daisho.be\/es\/produit\/karategi-adidas-shori-k999\/","og_locale":"es_ES","og_type":"article","og_title":"KARATEGI ADIDAS SHORI K999 &#8211; Daisho","og_description":"El shori Adidas k999 karategi est\u00e1 especialmente dise\u00f1ado para kata. Es de calidad Premium. C\u00f3mpralo en www.daisho.be|Daisho","og_url":"https:\/\/www.daisho.be\/es\/produit\/karategi-adidas-shori-k999\/","og_site_name":"Daisho","article_modified_time":"2025-12-24T07:30:01+00:00","og_image":[{"width":578,"height":623,"url":"https:\/\/www.daisho.be\/wp-content\/uploads\/2026\/01\/image-27.png","type":"image\/png"}],"twitter_card":"summary_large_image","twitter_misc":{"Tiempo de lectura":"2 minutos"},"schema":{"@context":"https:\/\/schema.org","@graph":[{"@type":"WebPage","@id":"https:\/\/www.daisho.be\/es\/produit\/karategi-adidas-shori-k999\/","url":"https:\/\/www.daisho.be\/es\/produit\/karategi-adidas-shori-k999\/","name":"KARATEGI ADIDAS SHORI K999 &#8211; Daisho","isPartOf":{"@id":"https:\/\/www.daisho.be\/es\/#website"},"primaryImageOfPage":{"@id":"https:\/\/www.daisho.be\/es\/produit\/karategi-adidas-shori-k999\/#primaryimage"},"image":{"@id":"https:\/\/www.daisho.be\/es\/produit\/karategi-adidas-shori-k999\/#primaryimage"},"thumbnailUrl":"https:\/\/www.daisho.be\/wp-content\/uploads\/2026\/01\/image-27.png","datePublished":"2023-01-24T16:13:32+00:00","dateModified":"2025-12-24T07:30:01+00:00","description":"El shori Adidas k999 karategi est\u00e1 especialmente dise\u00f1ado para kata. Es de calidad Premium. C\u00f3mpralo en www.daisho.be|Daisho","breadcrumb":{"@id":"https:\/\/www.daisho.be\/es\/produit\/karategi-adidas-shori-k999\/#breadcrumb"},"inLanguage":"es","potentialAction":[{"@type":"ReadAction","target":["https:\/\/www.daisho.be\/es\/produit\/karategi-adidas-shori-k999\/"]}]},{"@type":"ImageObject","inLanguage":"es","@id":"https:\/\/www.daisho.be\/es\/produit\/karategi-adidas-shori-k999\/#primaryimage","url":"https:\/\/www.daisho.be\/wp-content\/uploads\/2026\/01\/image-27.png","contentUrl":"https:\/\/www.daisho.be\/wp-content\/uploads\/2026\/01\/image-27.png","width":578,"height":623,"caption":"KARATEGI ADIDAS SHORI K999-1"},{"@type":"BreadcrumbList","@id":"https:\/\/www.daisho.be\/es\/produit\/karategi-adidas-shori-k999\/#breadcrumb","itemListElement":[{"@type":"ListItem","position":1,"name":"Accueil","item":"https:\/\/www.daisho.be\/es\/"},{"@type":"ListItem","position":2,"name":"Productos","item":"https:\/\/www.daisho.be\/es\/productos\/"},{"@type":"ListItem","position":3,"name":"ADIDAS COMBAT SPORTS","item":"https:\/\/www.daisho.be\/es\/categorie-produit\/adidas-combat-sports-es\/"},{"@type":"ListItem","position":4,"name":"Karate","item":"https:\/\/www.daisho.be\/es\/categorie-produit\/adidas-combat-sports-es\/karate-es\/"},{"@type":"ListItem","position":5,"name":"Kimono - Karategi Adidas","item":"https:\/\/www.daisho.be\/es\/categorie-produit\/adidas-combat-sports-es\/karate-es\/kimono-karategi-adidas\/"},{"@type":"ListItem","position":6,"name":"KARATEGI ADIDAS SHORI K999"}]},{"@type":"WebSite","@id":"https:\/\/www.daisho.be\/es\/#website","url":"https:\/\/www.daisho.be\/es\/","name":"Daisho","description":"Sp&eacute;cialiste de l'&eacute;quipement sportif d'arts martiaux","publisher":{"@id":"https:\/\/www.daisho.be\/es\/#organization"},"potentialAction":[{"@type":"SearchAction","target":{"@type":"EntryPoint","urlTemplate":"https:\/\/www.daisho.be\/es\/?s={search_term_string}"},"query-input":{"@type":"PropertyValueSpecification","valueRequired":true,"valueName":"search_term_string"}}],"inLanguage":"es"},{"@type":"Organization","@id":"https:\/\/www.daisho.be\/es\/#organization","name":"Daisho","url":"https:\/\/www.daisho.be\/es\/","logo":{"@type":"ImageObject","inLanguage":"es","@id":"https:\/\/www.daisho.be\/es\/#\/schema\/logo\/image\/","url":"https:\/\/www.daisho.be\/wp-content\/uploads\/2019\/07\/color-nothing-horizontale4x-e1564486100247.png","contentUrl":"https:\/\/www.daisho.be\/wp-content\/uploads\/2019\/07\/color-nothing-horizontale4x-e1564486100247.png","width":1547,"height":385,"caption":"Daisho"},"image":{"@id":"https:\/\/www.daisho.be\/es\/#\/schema\/logo\/image\/"}}]}},"_links":{"self":[{"href":"https:\/\/www.daisho.be\/es\/wp-json\/wp\/v2\/product\/357660","targetHints":{"allow":["GET"]}}],"collection":[{"href":"https:\/\/www.daisho.be\/es\/wp-json\/wp\/v2\/product"}],"about":[{"href":"https:\/\/www.daisho.be\/es\/wp-json\/wp\/v2\/types\/product"}],"replies":[{"embeddable":true,"href":"https:\/\/www.daisho.be\/es\/wp-json\/wp\/v2\/comments?post=357660"}],"wp:featuredmedia":[{"embeddable":true,"href":"https:\/\/www.daisho.be\/es\/wp-json\/wp\/v2\/media\/655171"}],"wp:attachment":[{"href":"https:\/\/www.daisho.be\/es\/wp-json\/wp\/v2\/media?parent=357660"}],"wp:term":[{"taxonomy":"product_brand","embeddable":true,"href":"https:\/\/www.daisho.be\/es\/wp-json\/wp\/v2\/product_brand?post=357660"},{"taxonomy":"product_cat","embeddable":true,"href":"https:\/\/www.daisho.be\/es\/wp-json\/wp\/v2\/product_cat?post=357660"},{"taxonomy":"product_tag","embeddable":true,"href":"https:\/\/www.daisho.be\/es\/wp-json\/wp\/v2\/product_tag?post=357660"},{"taxonomy":"sport","embeddable":true,"href":"https:\/\/www.daisho.be\/es\/wp-json\/wp\/v2\/sport?post=357660"}],"curies":[{"name":"wp","href":"https:\/\/api.w.org\/{rel}","templated":true}]}}