{"id":357639,"date":"2023-01-29T18:13:37","date_gmt":"2023-01-29T17:13:37","guid":{"rendered":"https:\/\/www.daisho.be\/produit\/tabi-de-interior-con-suela-de-cuero\/"},"modified":"2025-10-09T14:26:00","modified_gmt":"2025-10-09T12:26:00","slug":"tabi-de-interior-con-suela-de-cuero","status":"publish","type":"product","link":"https:\/\/www.daisho.be\/es\/produit\/tabi-de-interior-con-suela-de-cuero\/","title":{"rendered":"Tabi de interior con suela de cuero"},"content":{"rendered":"<p>Zapatos tabi tradicionales japoneses con suela de ante negro. La parte superior es de lona negra. <\/p>\n<p>Los zapatos se cierran con un velcro. Favorecen los movimientos de deslizamiento y rotaci\u00f3n, por ejemplo en aikido, tai chi, meditaci\u00f3n, etc. Se recomiendan los calcetines tabi para evitar que los pies se enfr\u00eden en suelos fr\u00edos, sobre todo durante la estaci\u00f3n fr\u00eda. Los tabis son peque\u00f1os, as\u00ed que pide de 1 a 2 tallas m\u00e1s de lo normal.   <\/p>\n<p>Caracter\u00edsticas:<\/p>\n<p> suela de ante negro<br \/>\n parte superior de lona negra<br \/>\n interior blanco<br \/>\n Velcro<\/p>\n<p>Tabla de tallas:<\/p>\n<p> XS &#8211; 36-37<br \/>\n S-38-39<br \/>\n M-40-41<br \/>\n L-42-43<br \/>\n XL &#8211; 44-45<br \/>\n XXL &#8211; 46-47<\/p>\n","protected":false},"excerpt":{"rendered":"<p>Zapatos tabi tradicionales japoneses con suela de ante negro. La parte superior es de lona negra. Los zapatos se cierran con un velcro. Favorecen los movimientos de deslizamiento y rotaci\u00f3n, por ejemplo en aikido, tai chi, meditaci\u00f3n, etc. Se recomiendan los calcetines tabi para evitar que los pies se enfr\u00eden en suelos fr\u00edos, sobre todo [&hellip;]<\/p>\n","protected":false},"featured_media":338352,"comment_status":"open","ping_status":"closed","template":"","meta":{"inline_featured_image":false},"product_brand":[],"product_cat":[1750,1495],"product_tag":[1469],"sport":[],"class_list":{"0":"post-357639","1":"product","2":"type-product","3":"status-publish","4":"has-post-thumbnail","6":"product_cat-sandalias-zori-para-aikido","7":"product_cat-zapatos","8":"product_tag-s-b-j-es","9":"pa_size-2xl","10":"pa_size-l","11":"pa_size-m","12":"pa_size-s","13":"pa_size-xl","14":"pa_size-xs","16":"first","17":"instock","18":"taxable","19":"shipping-taxable","20":"purchasable","21":"product-type-variable"},"yoast_head":"<!-- This site is optimized with the Yoast SEO plugin v27.2 - https:\/\/yoast.com\/product\/yoast-seo-wordpress\/ -->\n<title>Tabi de interior con suela de cuero &#8211; Daisho<\/title>\n<meta name=\"description\" content=\"Visita www.daisho.be|Daisho para comprar zapatos tabi tradicionales japoneses con suela de ante negro.\" \/>\n<meta name=\"robots\" content=\"index, follow, max-snippet:-1, max-image-preview:large, max-video-preview:-1\" \/>\n<link rel=\"canonical\" href=\"https:\/\/www.daisho.be\/es\/produit\/tabi-de-interior-con-suela-de-cuero\/\" \/>\n<meta property=\"og:locale\" content=\"es_ES\" \/>\n<meta property=\"og:type\" content=\"article\" \/>\n<meta property=\"og:title\" content=\"Tabi de interior con suela de cuero &#8211; Daisho\" \/>\n<meta property=\"og:description\" content=\"Visita www.daisho.be|Daisho para comprar zapatos tabi tradicionales japoneses con suela de ante negro.\" \/>\n<meta property=\"og:url\" content=\"https:\/\/www.daisho.be\/es\/produit\/tabi-de-interior-con-suela-de-cuero\/\" \/>\n<meta property=\"og:site_name\" content=\"Daisho\" \/>\n<meta property=\"article:modified_time\" content=\"2025-10-09T12:26:00+00:00\" \/>\n<meta property=\"og:image\" content=\"https:\/\/www.daisho.be\/wp-content\/uploads\/2023\/07\/image-34.jpg\" \/>\n\t<meta property=\"og:image:width\" content=\"1200\" \/>\n\t<meta property=\"og:image:height\" content=\"1200\" \/>\n\t<meta property=\"og:image:type\" content=\"image\/jpeg\" \/>\n<meta name=\"twitter:card\" content=\"summary_large_image\" \/>\n<meta name=\"twitter:label1\" content=\"Tiempo de lectura\" \/>\n\t<meta name=\"twitter:data1\" content=\"1 minuto\" \/>\n<script type=\"application\/ld+json\" class=\"yoast-schema-graph\">{\"@context\":\"https:\/\/schema.org\",\"@graph\":[{\"@type\":\"WebPage\",\"@id\":\"https:\/\/www.daisho.be\/es\/produit\/tabi-de-interior-con-suela-de-cuero\/\",\"url\":\"https:\/\/www.daisho.be\/es\/produit\/tabi-de-interior-con-suela-de-cuero\/\",\"name\":\"Tabi de interior con suela de cuero &#8211; Daisho\",\"isPartOf\":{\"@id\":\"https:\/\/www.daisho.be\/es\/#website\"},\"primaryImageOfPage\":{\"@id\":\"https:\/\/www.daisho.be\/es\/produit\/tabi-de-interior-con-suela-de-cuero\/#primaryimage\"},\"image\":{\"@id\":\"https:\/\/www.daisho.be\/es\/produit\/tabi-de-interior-con-suela-de-cuero\/#primaryimage\"},\"thumbnailUrl\":\"https:\/\/www.daisho.be\/wp-content\/uploads\/2023\/07\/image-34.jpg\",\"datePublished\":\"2023-01-29T17:13:37+00:00\",\"dateModified\":\"2025-10-09T12:26:00+00:00\",\"description\":\"Visita www.daisho.be|Daisho para comprar zapatos tabi tradicionales japoneses con suela de ante negro.\",\"breadcrumb\":{\"@id\":\"https:\/\/www.daisho.be\/es\/produit\/tabi-de-interior-con-suela-de-cuero\/#breadcrumb\"},\"inLanguage\":\"es\",\"potentialAction\":[{\"@type\":\"ReadAction\",\"target\":[\"https:\/\/www.daisho.be\/es\/produit\/tabi-de-interior-con-suela-de-cuero\/\"]}]},{\"@type\":\"ImageObject\",\"inLanguage\":\"es\",\"@id\":\"https:\/\/www.daisho.be\/es\/produit\/tabi-de-interior-con-suela-de-cuero\/#primaryimage\",\"url\":\"https:\/\/www.daisho.be\/wp-content\/uploads\/2023\/07\/image-34.jpg\",\"contentUrl\":\"https:\/\/www.daisho.be\/wp-content\/uploads\/2023\/07\/image-34.jpg\",\"width\":1200,\"height\":1200,\"caption\":\"Tabi de interior con suela de cuero-1\"},{\"@type\":\"BreadcrumbList\",\"@id\":\"https:\/\/www.daisho.be\/es\/produit\/tabi-de-interior-con-suela-de-cuero\/#breadcrumb\",\"itemListElement\":[{\"@type\":\"ListItem\",\"position\":1,\"name\":\"Accueil\",\"item\":\"https:\/\/www.daisho.be\/es\/\"},{\"@type\":\"ListItem\",\"position\":2,\"name\":\"Productos\",\"item\":\"https:\/\/www.daisho.be\/es\/productos\/\"},{\"@type\":\"ListItem\",\"position\":3,\"name\":\"Equipamiento y ropa para artes marciales y deportes de combate\",\"item\":\"https:\/\/www.daisho.be\/es\/categorie-produit\/equipamiento-y-ropa-para-artes-marciales-y-deportes-de-combate\/\"},{\"@type\":\"ListItem\",\"position\":4,\"name\":\"Aikido\",\"item\":\"https:\/\/www.daisho.be\/es\/categorie-produit\/equipamiento-y-ropa-para-artes-marciales-y-deportes-de-combate\/aikido-es\/\"},{\"@type\":\"ListItem\",\"position\":5,\"name\":\"Sandalias (zori) para Aikido\",\"item\":\"https:\/\/www.daisho.be\/es\/categorie-produit\/equipamiento-y-ropa-para-artes-marciales-y-deportes-de-combate\/aikido-es\/sandalias-zori-para-aikido\/\"},{\"@type\":\"ListItem\",\"position\":6,\"name\":\"Tabi de interior con suela de cuero\"}]},{\"@type\":\"WebSite\",\"@id\":\"https:\/\/www.daisho.be\/es\/#website\",\"url\":\"https:\/\/www.daisho.be\/es\/\",\"name\":\"Daisho\",\"description\":\"Sp&eacute;cialiste de l'&eacute;quipement sportif d'arts martiaux\",\"publisher\":{\"@id\":\"https:\/\/www.daisho.be\/es\/#organization\"},\"potentialAction\":[{\"@type\":\"SearchAction\",\"target\":{\"@type\":\"EntryPoint\",\"urlTemplate\":\"https:\/\/www.daisho.be\/es\/?s={search_term_string}\"},\"query-input\":{\"@type\":\"PropertyValueSpecification\",\"valueRequired\":true,\"valueName\":\"search_term_string\"}}],\"inLanguage\":\"es\"},{\"@type\":\"Organization\",\"@id\":\"https:\/\/www.daisho.be\/es\/#organization\",\"name\":\"Daisho\",\"url\":\"https:\/\/www.daisho.be\/es\/\",\"logo\":{\"@type\":\"ImageObject\",\"inLanguage\":\"es\",\"@id\":\"https:\/\/www.daisho.be\/es\/#\/schema\/logo\/image\/\",\"url\":\"https:\/\/www.daisho.be\/wp-content\/uploads\/2019\/07\/color-nothing-horizontale4x-e1564486100247.png\",\"contentUrl\":\"https:\/\/www.daisho.be\/wp-content\/uploads\/2019\/07\/color-nothing-horizontale4x-e1564486100247.png\",\"width\":1547,\"height\":385,\"caption\":\"Daisho\"},\"image\":{\"@id\":\"https:\/\/www.daisho.be\/es\/#\/schema\/logo\/image\/\"}}]}<\/script>\n<!-- \/ Yoast SEO plugin. -->","yoast_head_json":{"title":"Tabi de interior con suela de cuero &#8211; Daisho","description":"Visita www.daisho.be|Daisho para comprar zapatos tabi tradicionales japoneses con suela de ante negro.","robots":{"index":"index","follow":"follow","max-snippet":"max-snippet:-1","max-image-preview":"max-image-preview:large","max-video-preview":"max-video-preview:-1"},"canonical":"https:\/\/www.daisho.be\/es\/produit\/tabi-de-interior-con-suela-de-cuero\/","og_locale":"es_ES","og_type":"article","og_title":"Tabi de interior con suela de cuero &#8211; Daisho","og_description":"Visita www.daisho.be|Daisho para comprar zapatos tabi tradicionales japoneses con suela de ante negro.","og_url":"https:\/\/www.daisho.be\/es\/produit\/tabi-de-interior-con-suela-de-cuero\/","og_site_name":"Daisho","article_modified_time":"2025-10-09T12:26:00+00:00","og_image":[{"width":1200,"height":1200,"url":"https:\/\/www.daisho.be\/wp-content\/uploads\/2023\/07\/image-34.jpg","type":"image\/jpeg"}],"twitter_card":"summary_large_image","twitter_misc":{"Tiempo de lectura":"1 minuto"},"schema":{"@context":"https:\/\/schema.org","@graph":[{"@type":"WebPage","@id":"https:\/\/www.daisho.be\/es\/produit\/tabi-de-interior-con-suela-de-cuero\/","url":"https:\/\/www.daisho.be\/es\/produit\/tabi-de-interior-con-suela-de-cuero\/","name":"Tabi de interior con suela de cuero &#8211; Daisho","isPartOf":{"@id":"https:\/\/www.daisho.be\/es\/#website"},"primaryImageOfPage":{"@id":"https:\/\/www.daisho.be\/es\/produit\/tabi-de-interior-con-suela-de-cuero\/#primaryimage"},"image":{"@id":"https:\/\/www.daisho.be\/es\/produit\/tabi-de-interior-con-suela-de-cuero\/#primaryimage"},"thumbnailUrl":"https:\/\/www.daisho.be\/wp-content\/uploads\/2023\/07\/image-34.jpg","datePublished":"2023-01-29T17:13:37+00:00","dateModified":"2025-10-09T12:26:00+00:00","description":"Visita www.daisho.be|Daisho para comprar zapatos tabi tradicionales japoneses con suela de ante negro.","breadcrumb":{"@id":"https:\/\/www.daisho.be\/es\/produit\/tabi-de-interior-con-suela-de-cuero\/#breadcrumb"},"inLanguage":"es","potentialAction":[{"@type":"ReadAction","target":["https:\/\/www.daisho.be\/es\/produit\/tabi-de-interior-con-suela-de-cuero\/"]}]},{"@type":"ImageObject","inLanguage":"es","@id":"https:\/\/www.daisho.be\/es\/produit\/tabi-de-interior-con-suela-de-cuero\/#primaryimage","url":"https:\/\/www.daisho.be\/wp-content\/uploads\/2023\/07\/image-34.jpg","contentUrl":"https:\/\/www.daisho.be\/wp-content\/uploads\/2023\/07\/image-34.jpg","width":1200,"height":1200,"caption":"Tabi de interior con suela de cuero-1"},{"@type":"BreadcrumbList","@id":"https:\/\/www.daisho.be\/es\/produit\/tabi-de-interior-con-suela-de-cuero\/#breadcrumb","itemListElement":[{"@type":"ListItem","position":1,"name":"Accueil","item":"https:\/\/www.daisho.be\/es\/"},{"@type":"ListItem","position":2,"name":"Productos","item":"https:\/\/www.daisho.be\/es\/productos\/"},{"@type":"ListItem","position":3,"name":"Equipamiento y ropa para artes marciales y deportes de combate","item":"https:\/\/www.daisho.be\/es\/categorie-produit\/equipamiento-y-ropa-para-artes-marciales-y-deportes-de-combate\/"},{"@type":"ListItem","position":4,"name":"Aikido","item":"https:\/\/www.daisho.be\/es\/categorie-produit\/equipamiento-y-ropa-para-artes-marciales-y-deportes-de-combate\/aikido-es\/"},{"@type":"ListItem","position":5,"name":"Sandalias (zori) para Aikido","item":"https:\/\/www.daisho.be\/es\/categorie-produit\/equipamiento-y-ropa-para-artes-marciales-y-deportes-de-combate\/aikido-es\/sandalias-zori-para-aikido\/"},{"@type":"ListItem","position":6,"name":"Tabi de interior con suela de cuero"}]},{"@type":"WebSite","@id":"https:\/\/www.daisho.be\/es\/#website","url":"https:\/\/www.daisho.be\/es\/","name":"Daisho","description":"Sp&eacute;cialiste de l'&eacute;quipement sportif d'arts martiaux","publisher":{"@id":"https:\/\/www.daisho.be\/es\/#organization"},"potentialAction":[{"@type":"SearchAction","target":{"@type":"EntryPoint","urlTemplate":"https:\/\/www.daisho.be\/es\/?s={search_term_string}"},"query-input":{"@type":"PropertyValueSpecification","valueRequired":true,"valueName":"search_term_string"}}],"inLanguage":"es"},{"@type":"Organization","@id":"https:\/\/www.daisho.be\/es\/#organization","name":"Daisho","url":"https:\/\/www.daisho.be\/es\/","logo":{"@type":"ImageObject","inLanguage":"es","@id":"https:\/\/www.daisho.be\/es\/#\/schema\/logo\/image\/","url":"https:\/\/www.daisho.be\/wp-content\/uploads\/2019\/07\/color-nothing-horizontale4x-e1564486100247.png","contentUrl":"https:\/\/www.daisho.be\/wp-content\/uploads\/2019\/07\/color-nothing-horizontale4x-e1564486100247.png","width":1547,"height":385,"caption":"Daisho"},"image":{"@id":"https:\/\/www.daisho.be\/es\/#\/schema\/logo\/image\/"}}]}},"_links":{"self":[{"href":"https:\/\/www.daisho.be\/es\/wp-json\/wp\/v2\/product\/357639","targetHints":{"allow":["GET"]}}],"collection":[{"href":"https:\/\/www.daisho.be\/es\/wp-json\/wp\/v2\/product"}],"about":[{"href":"https:\/\/www.daisho.be\/es\/wp-json\/wp\/v2\/types\/product"}],"replies":[{"embeddable":true,"href":"https:\/\/www.daisho.be\/es\/wp-json\/wp\/v2\/comments?post=357639"}],"wp:featuredmedia":[{"embeddable":true,"href":"https:\/\/www.daisho.be\/es\/wp-json\/wp\/v2\/media\/338352"}],"wp:attachment":[{"href":"https:\/\/www.daisho.be\/es\/wp-json\/wp\/v2\/media?parent=357639"}],"wp:term":[{"taxonomy":"product_brand","embeddable":true,"href":"https:\/\/www.daisho.be\/es\/wp-json\/wp\/v2\/product_brand?post=357639"},{"taxonomy":"product_cat","embeddable":true,"href":"https:\/\/www.daisho.be\/es\/wp-json\/wp\/v2\/product_cat?post=357639"},{"taxonomy":"product_tag","embeddable":true,"href":"https:\/\/www.daisho.be\/es\/wp-json\/wp\/v2\/product_tag?post=357639"},{"taxonomy":"sport","embeddable":true,"href":"https:\/\/www.daisho.be\/es\/wp-json\/wp\/v2\/sport?post=357639"}],"curies":[{"name":"wp","href":"https:\/\/api.w.org\/{rel}","templated":true}]}}