{"id":357595,"date":"2023-02-07T17:45:13","date_gmt":"2023-02-07T16:45:13","guid":{"rendered":"https:\/\/www.daisho.be\/produit\/llevar-pantalones-keikogi-premium\/"},"modified":"2024-01-16T18:37:10","modified_gmt":"2024-01-16T17:37:10","slug":"llevar-pantalones-keikogi-premium","status":"publish","type":"product","link":"https:\/\/www.daisho.be\/es\/produit\/llevar-pantalones-keikogi-premium\/","title":{"rendered":"Llevar pantalones keikogi Premium"},"content":{"rendered":"<p>Los pantalones Take est\u00e1n hechos de un tejido de algod\u00f3n grueso y resistente, que se ha forrado en la parte delantera desde el muslo hacia arriba, para que los pantalones puedan reforzarse para el exigente suwariwaza del Aikido.<br \/>\nEl resto de los pantalones est\u00e1n hechos de una sola capa de lona de algod\u00f3n, lo que significa que se secan m\u00e1s r\u00e1pido y son m\u00e1s c\u00f3modos de llevar.<br \/>\nSe pueden apretar y atar con las cuerdas de la cadera.<br \/>\nEst\u00e1 dise\u00f1ado para ser robusto y f\u00e1cil de llevar, y para resistir los movimientos t\u00edpicos de los practicantes de Aikido.<br \/>\nEstos pantalones han sido confeccionados por nuestros experimentados sastres en el taller Tozando de Iwate (Jap\u00f3n).<\/p>\n<p>Caracter\u00edsticas :<br \/>\n&#8211; Los pantalones son de algod\u00f3n 100%.<br \/>\n&#8211; Tejido Sashiko en la parte superior y estampado Hishizashi en la inferior<br \/>\n&#8211; Hay disponibles modelos Regular Fit y Slim Fit \u00abtipo Y\u00bb.<br \/>\n&#8211; Recomendado para principiantes y practicantes de nivel intermedio<\/p>\n","protected":false},"excerpt":{"rendered":"<p>Los pantalones Take est\u00e1n hechos de un tejido de algod\u00f3n grueso y resistente, que se ha forrado en la parte delantera desde el muslo hacia arriba, para que los pantalones puedan reforzarse para el exigente suwariwaza del Aikido. El resto de los pantalones est\u00e1n hechos de una sola capa de lona de algod\u00f3n, lo que [&hellip;]<\/p>\n","protected":false},"featured_media":336490,"comment_status":"closed","ping_status":"closed","template":"","meta":{"inline_featured_image":false},"product_brand":[],"product_cat":[1326,1311],"product_tag":[1739],"sport":[429],"class_list":{"0":"post-357595","1":"product","2":"type-product","3":"status-publish","4":"has-post-thumbnail","6":"product_cat-kimonos-de-aikido","7":"product_cat-trajes-kimonos","8":"product_tag-tozando-es-2","9":"pa_size-87","10":"pa_size-1148","11":"pa_size-86","12":"pa_size-25-2","13":"pa_size-85","14":"pa_size-35-2","15":"pa_size-84","16":"pa_size-45-2","17":"pa_size-83","18":"sport-aikido","20":"first","21":"instock","22":"taxable","23":"shipping-taxable","24":"purchasable","25":"product-type-variable"},"yoast_head":"<!-- This site is optimized with the Yoast SEO plugin v27.2 - https:\/\/yoast.com\/product\/yoast-seo-wordpress\/ -->\n<title>Llevar pantalones keikogi Premium &#8211; Daisho<\/title>\n<meta name=\"robots\" content=\"index, follow, max-snippet:-1, max-image-preview:large, max-video-preview:-1\" \/>\n<link rel=\"canonical\" href=\"https:\/\/www.daisho.be\/es\/produit\/llevar-pantalones-keikogi-premium\/\" \/>\n<meta property=\"og:locale\" content=\"es_ES\" \/>\n<meta property=\"og:type\" content=\"article\" \/>\n<meta property=\"og:title\" content=\"Llevar pantalones keikogi Premium &#8211; Daisho\" \/>\n<meta property=\"og:description\" content=\"Los pantalones Take est\u00e1n hechos de un tejido de algod\u00f3n grueso y resistente, que se ha forrado en la parte delantera desde el muslo hacia arriba, para que los pantalones puedan reforzarse para el exigente suwariwaza del Aikido. El resto de los pantalones est\u00e1n hechos de una sola capa de lona de algod\u00f3n, lo que [&hellip;]\" \/>\n<meta property=\"og:url\" content=\"https:\/\/www.daisho.be\/es\/produit\/llevar-pantalones-keikogi-premium\/\" \/>\n<meta property=\"og:site_name\" content=\"Daisho\" \/>\n<meta property=\"article:modified_time\" content=\"2024-01-16T17:37:10+00:00\" \/>\n<meta property=\"og:image\" content=\"https:\/\/www.daisho.be\/wp-content\/uploads\/2023\/02\/image.webp\" \/>\n\t<meta property=\"og:image:width\" content=\"840\" \/>\n\t<meta property=\"og:image:height\" content=\"840\" \/>\n\t<meta property=\"og:image:type\" content=\"image\/webp\" \/>\n<meta name=\"twitter:card\" content=\"summary_large_image\" \/>\n<meta name=\"twitter:label1\" content=\"Tiempo de lectura\" \/>\n\t<meta name=\"twitter:data1\" content=\"1 minuto\" \/>\n<script type=\"application\/ld+json\" class=\"yoast-schema-graph\">{\"@context\":\"https:\/\/schema.org\",\"@graph\":[{\"@type\":\"WebPage\",\"@id\":\"https:\/\/www.daisho.be\/es\/produit\/llevar-pantalones-keikogi-premium\/\",\"url\":\"https:\/\/www.daisho.be\/es\/produit\/llevar-pantalones-keikogi-premium\/\",\"name\":\"Llevar pantalones keikogi Premium &#8211; Daisho\",\"isPartOf\":{\"@id\":\"https:\/\/www.daisho.be\/es\/#website\"},\"primaryImageOfPage\":{\"@id\":\"https:\/\/www.daisho.be\/es\/produit\/llevar-pantalones-keikogi-premium\/#primaryimage\"},\"image\":{\"@id\":\"https:\/\/www.daisho.be\/es\/produit\/llevar-pantalones-keikogi-premium\/#primaryimage\"},\"thumbnailUrl\":\"https:\/\/www.daisho.be\/wp-content\/uploads\/2023\/02\/image.webp\",\"datePublished\":\"2023-02-07T16:45:13+00:00\",\"dateModified\":\"2024-01-16T17:37:10+00:00\",\"breadcrumb\":{\"@id\":\"https:\/\/www.daisho.be\/es\/produit\/llevar-pantalones-keikogi-premium\/#breadcrumb\"},\"inLanguage\":\"es\",\"potentialAction\":[{\"@type\":\"ReadAction\",\"target\":[\"https:\/\/www.daisho.be\/es\/produit\/llevar-pantalones-keikogi-premium\/\"]}]},{\"@type\":\"ImageObject\",\"inLanguage\":\"es\",\"@id\":\"https:\/\/www.daisho.be\/es\/produit\/llevar-pantalones-keikogi-premium\/#primaryimage\",\"url\":\"https:\/\/www.daisho.be\/wp-content\/uploads\/2023\/02\/image.webp\",\"contentUrl\":\"https:\/\/www.daisho.be\/wp-content\/uploads\/2023\/02\/image.webp\",\"width\":840,\"height\":840,\"caption\":\"Llevar pantalones Premium-1 keikogi\"},{\"@type\":\"BreadcrumbList\",\"@id\":\"https:\/\/www.daisho.be\/es\/produit\/llevar-pantalones-keikogi-premium\/#breadcrumb\",\"itemListElement\":[{\"@type\":\"ListItem\",\"position\":1,\"name\":\"Accueil\",\"item\":\"https:\/\/www.daisho.be\/es\/\"},{\"@type\":\"ListItem\",\"position\":2,\"name\":\"Productos\",\"item\":\"https:\/\/www.daisho.be\/es\/productos\/\"},{\"@type\":\"ListItem\",\"position\":3,\"name\":\"Equipamiento y ropa para artes marciales y deportes de combate\",\"item\":\"https:\/\/www.daisho.be\/es\/categorie-produit\/equipamiento-y-ropa-para-artes-marciales-y-deportes-de-combate\/\"},{\"@type\":\"ListItem\",\"position\":4,\"name\":\"Aikido\",\"item\":\"https:\/\/www.daisho.be\/es\/categorie-produit\/equipamiento-y-ropa-para-artes-marciales-y-deportes-de-combate\/aikido-es\/\"},{\"@type\":\"ListItem\",\"position\":5,\"name\":\"Kimonos de Aikido\",\"item\":\"https:\/\/www.daisho.be\/es\/categorie-produit\/equipamiento-y-ropa-para-artes-marciales-y-deportes-de-combate\/aikido-es\/kimonos-de-aikido\/\"},{\"@type\":\"ListItem\",\"position\":6,\"name\":\"Llevar pantalones keikogi Premium\"}]},{\"@type\":\"WebSite\",\"@id\":\"https:\/\/www.daisho.be\/es\/#website\",\"url\":\"https:\/\/www.daisho.be\/es\/\",\"name\":\"Daisho\",\"description\":\"Sp&eacute;cialiste de l'&eacute;quipement sportif d'arts martiaux\",\"publisher\":{\"@id\":\"https:\/\/www.daisho.be\/es\/#organization\"},\"potentialAction\":[{\"@type\":\"SearchAction\",\"target\":{\"@type\":\"EntryPoint\",\"urlTemplate\":\"https:\/\/www.daisho.be\/es\/?s={search_term_string}\"},\"query-input\":{\"@type\":\"PropertyValueSpecification\",\"valueRequired\":true,\"valueName\":\"search_term_string\"}}],\"inLanguage\":\"es\"},{\"@type\":\"Organization\",\"@id\":\"https:\/\/www.daisho.be\/es\/#organization\",\"name\":\"Daisho\",\"url\":\"https:\/\/www.daisho.be\/es\/\",\"logo\":{\"@type\":\"ImageObject\",\"inLanguage\":\"es\",\"@id\":\"https:\/\/www.daisho.be\/es\/#\/schema\/logo\/image\/\",\"url\":\"https:\/\/www.daisho.be\/wp-content\/uploads\/2019\/07\/color-nothing-horizontale4x-e1564486100247.png\",\"contentUrl\":\"https:\/\/www.daisho.be\/wp-content\/uploads\/2019\/07\/color-nothing-horizontale4x-e1564486100247.png\",\"width\":1547,\"height\":385,\"caption\":\"Daisho\"},\"image\":{\"@id\":\"https:\/\/www.daisho.be\/es\/#\/schema\/logo\/image\/\"}}]}<\/script>\n<!-- \/ Yoast SEO plugin. -->","yoast_head_json":{"title":"Llevar pantalones keikogi Premium &#8211; Daisho","robots":{"index":"index","follow":"follow","max-snippet":"max-snippet:-1","max-image-preview":"max-image-preview:large","max-video-preview":"max-video-preview:-1"},"canonical":"https:\/\/www.daisho.be\/es\/produit\/llevar-pantalones-keikogi-premium\/","og_locale":"es_ES","og_type":"article","og_title":"Llevar pantalones keikogi Premium &#8211; Daisho","og_description":"Los pantalones Take est\u00e1n hechos de un tejido de algod\u00f3n grueso y resistente, que se ha forrado en la parte delantera desde el muslo hacia arriba, para que los pantalones puedan reforzarse para el exigente suwariwaza del Aikido. El resto de los pantalones est\u00e1n hechos de una sola capa de lona de algod\u00f3n, lo que [&hellip;]","og_url":"https:\/\/www.daisho.be\/es\/produit\/llevar-pantalones-keikogi-premium\/","og_site_name":"Daisho","article_modified_time":"2024-01-16T17:37:10+00:00","og_image":[{"width":840,"height":840,"url":"https:\/\/www.daisho.be\/wp-content\/uploads\/2023\/02\/image.webp","type":"image\/webp"}],"twitter_card":"summary_large_image","twitter_misc":{"Tiempo de lectura":"1 minuto"},"schema":{"@context":"https:\/\/schema.org","@graph":[{"@type":"WebPage","@id":"https:\/\/www.daisho.be\/es\/produit\/llevar-pantalones-keikogi-premium\/","url":"https:\/\/www.daisho.be\/es\/produit\/llevar-pantalones-keikogi-premium\/","name":"Llevar pantalones keikogi Premium &#8211; Daisho","isPartOf":{"@id":"https:\/\/www.daisho.be\/es\/#website"},"primaryImageOfPage":{"@id":"https:\/\/www.daisho.be\/es\/produit\/llevar-pantalones-keikogi-premium\/#primaryimage"},"image":{"@id":"https:\/\/www.daisho.be\/es\/produit\/llevar-pantalones-keikogi-premium\/#primaryimage"},"thumbnailUrl":"https:\/\/www.daisho.be\/wp-content\/uploads\/2023\/02\/image.webp","datePublished":"2023-02-07T16:45:13+00:00","dateModified":"2024-01-16T17:37:10+00:00","breadcrumb":{"@id":"https:\/\/www.daisho.be\/es\/produit\/llevar-pantalones-keikogi-premium\/#breadcrumb"},"inLanguage":"es","potentialAction":[{"@type":"ReadAction","target":["https:\/\/www.daisho.be\/es\/produit\/llevar-pantalones-keikogi-premium\/"]}]},{"@type":"ImageObject","inLanguage":"es","@id":"https:\/\/www.daisho.be\/es\/produit\/llevar-pantalones-keikogi-premium\/#primaryimage","url":"https:\/\/www.daisho.be\/wp-content\/uploads\/2023\/02\/image.webp","contentUrl":"https:\/\/www.daisho.be\/wp-content\/uploads\/2023\/02\/image.webp","width":840,"height":840,"caption":"Llevar pantalones Premium-1 keikogi"},{"@type":"BreadcrumbList","@id":"https:\/\/www.daisho.be\/es\/produit\/llevar-pantalones-keikogi-premium\/#breadcrumb","itemListElement":[{"@type":"ListItem","position":1,"name":"Accueil","item":"https:\/\/www.daisho.be\/es\/"},{"@type":"ListItem","position":2,"name":"Productos","item":"https:\/\/www.daisho.be\/es\/productos\/"},{"@type":"ListItem","position":3,"name":"Equipamiento y ropa para artes marciales y deportes de combate","item":"https:\/\/www.daisho.be\/es\/categorie-produit\/equipamiento-y-ropa-para-artes-marciales-y-deportes-de-combate\/"},{"@type":"ListItem","position":4,"name":"Aikido","item":"https:\/\/www.daisho.be\/es\/categorie-produit\/equipamiento-y-ropa-para-artes-marciales-y-deportes-de-combate\/aikido-es\/"},{"@type":"ListItem","position":5,"name":"Kimonos de Aikido","item":"https:\/\/www.daisho.be\/es\/categorie-produit\/equipamiento-y-ropa-para-artes-marciales-y-deportes-de-combate\/aikido-es\/kimonos-de-aikido\/"},{"@type":"ListItem","position":6,"name":"Llevar pantalones keikogi Premium"}]},{"@type":"WebSite","@id":"https:\/\/www.daisho.be\/es\/#website","url":"https:\/\/www.daisho.be\/es\/","name":"Daisho","description":"Sp&eacute;cialiste de l'&eacute;quipement sportif d'arts martiaux","publisher":{"@id":"https:\/\/www.daisho.be\/es\/#organization"},"potentialAction":[{"@type":"SearchAction","target":{"@type":"EntryPoint","urlTemplate":"https:\/\/www.daisho.be\/es\/?s={search_term_string}"},"query-input":{"@type":"PropertyValueSpecification","valueRequired":true,"valueName":"search_term_string"}}],"inLanguage":"es"},{"@type":"Organization","@id":"https:\/\/www.daisho.be\/es\/#organization","name":"Daisho","url":"https:\/\/www.daisho.be\/es\/","logo":{"@type":"ImageObject","inLanguage":"es","@id":"https:\/\/www.daisho.be\/es\/#\/schema\/logo\/image\/","url":"https:\/\/www.daisho.be\/wp-content\/uploads\/2019\/07\/color-nothing-horizontale4x-e1564486100247.png","contentUrl":"https:\/\/www.daisho.be\/wp-content\/uploads\/2019\/07\/color-nothing-horizontale4x-e1564486100247.png","width":1547,"height":385,"caption":"Daisho"},"image":{"@id":"https:\/\/www.daisho.be\/es\/#\/schema\/logo\/image\/"}}]}},"_links":{"self":[{"href":"https:\/\/www.daisho.be\/es\/wp-json\/wp\/v2\/product\/357595","targetHints":{"allow":["GET"]}}],"collection":[{"href":"https:\/\/www.daisho.be\/es\/wp-json\/wp\/v2\/product"}],"about":[{"href":"https:\/\/www.daisho.be\/es\/wp-json\/wp\/v2\/types\/product"}],"replies":[{"embeddable":true,"href":"https:\/\/www.daisho.be\/es\/wp-json\/wp\/v2\/comments?post=357595"}],"wp:featuredmedia":[{"embeddable":true,"href":"https:\/\/www.daisho.be\/es\/wp-json\/wp\/v2\/media\/336490"}],"wp:attachment":[{"href":"https:\/\/www.daisho.be\/es\/wp-json\/wp\/v2\/media?parent=357595"}],"wp:term":[{"taxonomy":"product_brand","embeddable":true,"href":"https:\/\/www.daisho.be\/es\/wp-json\/wp\/v2\/product_brand?post=357595"},{"taxonomy":"product_cat","embeddable":true,"href":"https:\/\/www.daisho.be\/es\/wp-json\/wp\/v2\/product_cat?post=357595"},{"taxonomy":"product_tag","embeddable":true,"href":"https:\/\/www.daisho.be\/es\/wp-json\/wp\/v2\/product_tag?post=357595"},{"taxonomy":"sport","embeddable":true,"href":"https:\/\/www.daisho.be\/es\/wp-json\/wp\/v2\/sport?post=357595"}],"curies":[{"name":"wp","href":"https:\/\/api.w.org\/{rel}","templated":true}]}}