{"id":357565,"date":"2022-07-19T18:55:56","date_gmt":"2022-07-19T16:55:56","guid":{"rendered":"https:\/\/www.daisho.be\/produit\/karategi-tokaido-kumite-master-k1-wkf\/"},"modified":"2026-01-31T12:56:42","modified_gmt":"2026-01-31T11:56:42","slug":"karategi-tokaido-kumite-master-k1-wkf","status":"publish","type":"product","link":"https:\/\/www.daisho.be\/es\/produit\/karategi-tokaido-kumite-master-k1-wkf\/","title":{"rendered":"KARATEGI TOKAIDO KUMITE MASTER K1 &#8211; WKF"},"content":{"rendered":"<p>El Kumite Master K1 es el primer kimono de k\u00e1rate con bordados rojos y azules en los hombros al mismo tiempo.<br \/>\nEste Gi es reversible, por lo que una sola combinaci\u00f3n es te\u00f3ricamente suficiente para un campeonato seg\u00fan las reglas de la WKF. &#8211; Tambi\u00e9n es ideal como Gi Back UP &#8211;<br \/>\nMisma superficie de tejido interior y exterior. La gran comodidad de uso del uniforme se complementa perfectamente con la enorme durabilidad y la cintura el\u00e1stica extrasuave.<\/p>\n<p>Caracter\u00edsticas:<\/p>\n<p>&#8211; Gi de k\u00e1rate de primera clase con homologaci\u00f3n de la WKF.<br \/>\n&#8211; Este Kumite Gi lo llevan los mejores karatecas del mundo.<br \/>\n&#8211; Mismo acabado de tela por dentro y por fuera.<br \/>\n&#8211; Muy c\u00f3modo gracias a la cintura el\u00e1stica extra ancha y suave del pantal\u00f3n.<br \/>\n&#8211; Material de secado r\u00e1pido tras el contacto con el agua o el sudor.<br \/>\n&#8211; El dise\u00f1o sencillo y el corte holgado tambi\u00e9n hacen que el traje sea ideal para los entrenadores de kumite.<br \/>\n&#8211; Logotipo oficial de Tokaido bordado en el pecho derecho, cuello y espinilla.<br \/>\n&#8211; Gracias a la elevada proporci\u00f3n de poli\u00e9ster, el traje apenas encoge, incluso despu\u00e9s de muchos lavados.<br \/>\n&#8211; Gracias a la inclusi\u00f3n de tallas intermedias, no hay necesidad de hacer concesiones a la hora de elegir la talla adecuada.<br \/>\n&#8211; Opaco, incluso si el traje est\u00e1 h\u00famedo despu\u00e9s de un entrenamiento intensivo.<br \/>\n&#8211; Chaqueta y pantalones incluidos.<br \/>\n&#8211; Material: 100% poli\u00e9ster, aprox. 3,5 oz.<\/p>\n","protected":false},"excerpt":{"rendered":"<p>El Kumite Master K1 es el primer kimono de k\u00e1rate con bordados rojos y azules en los hombros al mismo tiempo. Este Gi es reversible, por lo que una sola combinaci\u00f3n es te\u00f3ricamente suficiente para un campeonato seg\u00fan las reglas de la WKF. &#8211; Tambi\u00e9n es ideal como Gi Back UP &#8211; Misma superficie de [&hellip;]<\/p>\n","protected":false},"featured_media":338967,"comment_status":"closed","ping_status":"closed","template":"","meta":{"inline_featured_image":false},"product_brand":[],"product_cat":[1314,1311],"product_tag":[1306],"sport":[73],"class_list":{"0":"post-357565","1":"product","2":"type-product","3":"status-publish","4":"has-post-thumbnail","6":"product_cat-kimonos-de-karate","7":"product_cat-trajes-kimonos","8":"product_tag-tokaido-es","9":"pa_size-380","10":"pa_size-379","11":"pa_size-387","12":"pa_size-378","13":"pa_size-386","14":"pa_size-377","15":"pa_size-385","16":"pa_size-376","17":"pa_size-384","18":"pa_size-383","19":"sport-karate","21":"first","22":"instock","23":"taxable","24":"shipping-taxable","25":"purchasable","26":"product-type-variable"},"yoast_head":"<!-- This site is optimized with the Yoast SEO plugin v27.2 - https:\/\/yoast.com\/product\/yoast-seo-wordpress\/ -->\n<title>KARATEGI TOKAIDO KUMITE MASTER K1 - WKF &#8211; Daisho<\/title>\n<meta name=\"robots\" content=\"index, follow, max-snippet:-1, max-image-preview:large, max-video-preview:-1\" \/>\n<link rel=\"canonical\" href=\"https:\/\/www.daisho.be\/es\/produit\/karategi-tokaido-kumite-master-k1-wkf\/\" \/>\n<meta property=\"og:locale\" content=\"es_ES\" \/>\n<meta property=\"og:type\" content=\"article\" \/>\n<meta property=\"og:title\" content=\"KARATEGI TOKAIDO KUMITE MASTER K1 - WKF &#8211; Daisho\" \/>\n<meta property=\"og:description\" content=\"El Kumite Master K1 es el primer kimono de k\u00e1rate con bordados rojos y azules en los hombros al mismo tiempo. Este Gi es reversible, por lo que una sola combinaci\u00f3n es te\u00f3ricamente suficiente para un campeonato seg\u00fan las reglas de la WKF. &#8211; Tambi\u00e9n es ideal como Gi Back UP &#8211; Misma superficie de [&hellip;]\" \/>\n<meta property=\"og:url\" content=\"https:\/\/www.daisho.be\/es\/produit\/karategi-tokaido-kumite-master-k1-wkf\/\" \/>\n<meta property=\"og:site_name\" content=\"Daisho\" \/>\n<meta property=\"article:modified_time\" content=\"2026-01-31T11:56:42+00:00\" \/>\n<meta property=\"og:image\" content=\"https:\/\/www.daisho.be\/wp-content\/uploads\/2023\/10\/image-1024x725.png\" \/>\n\t<meta property=\"og:image:width\" content=\"1024\" \/>\n\t<meta property=\"og:image:height\" content=\"725\" \/>\n\t<meta property=\"og:image:type\" content=\"image\/png\" \/>\n<meta name=\"twitter:card\" content=\"summary_large_image\" \/>\n<meta name=\"twitter:label1\" content=\"Tiempo de lectura\" \/>\n\t<meta name=\"twitter:data1\" content=\"1 minuto\" \/>\n<script type=\"application\/ld+json\" class=\"yoast-schema-graph\">{\"@context\":\"https:\/\/schema.org\",\"@graph\":[{\"@type\":\"WebPage\",\"@id\":\"https:\/\/www.daisho.be\/es\/produit\/karategi-tokaido-kumite-master-k1-wkf\/\",\"url\":\"https:\/\/www.daisho.be\/es\/produit\/karategi-tokaido-kumite-master-k1-wkf\/\",\"name\":\"KARATEGI TOKAIDO KUMITE MASTER K1 - WKF &#8211; Daisho\",\"isPartOf\":{\"@id\":\"https:\/\/www.daisho.be\/es\/#website\"},\"primaryImageOfPage\":{\"@id\":\"https:\/\/www.daisho.be\/es\/produit\/karategi-tokaido-kumite-master-k1-wkf\/#primaryimage\"},\"image\":{\"@id\":\"https:\/\/www.daisho.be\/es\/produit\/karategi-tokaido-kumite-master-k1-wkf\/#primaryimage\"},\"thumbnailUrl\":\"https:\/\/www.daisho.be\/wp-content\/uploads\/2023\/10\/image.png\",\"datePublished\":\"2022-07-19T16:55:56+00:00\",\"dateModified\":\"2026-01-31T11:56:42+00:00\",\"breadcrumb\":{\"@id\":\"https:\/\/www.daisho.be\/es\/produit\/karategi-tokaido-kumite-master-k1-wkf\/#breadcrumb\"},\"inLanguage\":\"es\",\"potentialAction\":[{\"@type\":\"ReadAction\",\"target\":[\"https:\/\/www.daisho.be\/es\/produit\/karategi-tokaido-kumite-master-k1-wkf\/\"]}]},{\"@type\":\"ImageObject\",\"inLanguage\":\"es\",\"@id\":\"https:\/\/www.daisho.be\/es\/produit\/karategi-tokaido-kumite-master-k1-wkf\/#primaryimage\",\"url\":\"https:\/\/www.daisho.be\/wp-content\/uploads\/2023\/10\/image.png\",\"contentUrl\":\"https:\/\/www.daisho.be\/wp-content\/uploads\/2023\/10\/image.png\",\"width\":1920,\"height\":1359,\"caption\":\"KARATEGI TOKAIDO KUMITE MASTER K1 - WKF-1\"},{\"@type\":\"BreadcrumbList\",\"@id\":\"https:\/\/www.daisho.be\/es\/produit\/karategi-tokaido-kumite-master-k1-wkf\/#breadcrumb\",\"itemListElement\":[{\"@type\":\"ListItem\",\"position\":1,\"name\":\"Accueil\",\"item\":\"https:\/\/www.daisho.be\/es\/\"},{\"@type\":\"ListItem\",\"position\":2,\"name\":\"Productos\",\"item\":\"https:\/\/www.daisho.be\/es\/productos\/\"},{\"@type\":\"ListItem\",\"position\":3,\"name\":\"Deportes de combate\",\"item\":\"https:\/\/www.daisho.be\/es\/categorie-produit\/deportes-de-combate\/\"},{\"@type\":\"ListItem\",\"position\":4,\"name\":\"Trajes (kimonos)\",\"item\":\"https:\/\/www.daisho.be\/es\/categorie-produit\/deportes-de-combate\/trajes-kimonos\/\"},{\"@type\":\"ListItem\",\"position\":5,\"name\":\"KARATEGI TOKAIDO KUMITE MASTER K1 &#8211; WKF\"}]},{\"@type\":\"WebSite\",\"@id\":\"https:\/\/www.daisho.be\/es\/#website\",\"url\":\"https:\/\/www.daisho.be\/es\/\",\"name\":\"Daisho\",\"description\":\"Sp&eacute;cialiste de l'&eacute;quipement sportif d'arts martiaux\",\"publisher\":{\"@id\":\"https:\/\/www.daisho.be\/es\/#organization\"},\"potentialAction\":[{\"@type\":\"SearchAction\",\"target\":{\"@type\":\"EntryPoint\",\"urlTemplate\":\"https:\/\/www.daisho.be\/es\/?s={search_term_string}\"},\"query-input\":{\"@type\":\"PropertyValueSpecification\",\"valueRequired\":true,\"valueName\":\"search_term_string\"}}],\"inLanguage\":\"es\"},{\"@type\":\"Organization\",\"@id\":\"https:\/\/www.daisho.be\/es\/#organization\",\"name\":\"Daisho\",\"url\":\"https:\/\/www.daisho.be\/es\/\",\"logo\":{\"@type\":\"ImageObject\",\"inLanguage\":\"es\",\"@id\":\"https:\/\/www.daisho.be\/es\/#\/schema\/logo\/image\/\",\"url\":\"https:\/\/www.daisho.be\/wp-content\/uploads\/2019\/07\/color-nothing-horizontale4x-e1564486100247.png\",\"contentUrl\":\"https:\/\/www.daisho.be\/wp-content\/uploads\/2019\/07\/color-nothing-horizontale4x-e1564486100247.png\",\"width\":1547,\"height\":385,\"caption\":\"Daisho\"},\"image\":{\"@id\":\"https:\/\/www.daisho.be\/es\/#\/schema\/logo\/image\/\"}}]}<\/script>\n<!-- \/ Yoast SEO plugin. -->","yoast_head_json":{"title":"KARATEGI TOKAIDO KUMITE MASTER K1 - WKF &#8211; Daisho","robots":{"index":"index","follow":"follow","max-snippet":"max-snippet:-1","max-image-preview":"max-image-preview:large","max-video-preview":"max-video-preview:-1"},"canonical":"https:\/\/www.daisho.be\/es\/produit\/karategi-tokaido-kumite-master-k1-wkf\/","og_locale":"es_ES","og_type":"article","og_title":"KARATEGI TOKAIDO KUMITE MASTER K1 - WKF &#8211; Daisho","og_description":"El Kumite Master K1 es el primer kimono de k\u00e1rate con bordados rojos y azules en los hombros al mismo tiempo. Este Gi es reversible, por lo que una sola combinaci\u00f3n es te\u00f3ricamente suficiente para un campeonato seg\u00fan las reglas de la WKF. &#8211; Tambi\u00e9n es ideal como Gi Back UP &#8211; Misma superficie de [&hellip;]","og_url":"https:\/\/www.daisho.be\/es\/produit\/karategi-tokaido-kumite-master-k1-wkf\/","og_site_name":"Daisho","article_modified_time":"2026-01-31T11:56:42+00:00","og_image":[{"width":1024,"height":725,"url":"https:\/\/www.daisho.be\/wp-content\/uploads\/2023\/10\/image-1024x725.png","type":"image\/png"}],"twitter_card":"summary_large_image","twitter_misc":{"Tiempo de lectura":"1 minuto"},"schema":{"@context":"https:\/\/schema.org","@graph":[{"@type":"WebPage","@id":"https:\/\/www.daisho.be\/es\/produit\/karategi-tokaido-kumite-master-k1-wkf\/","url":"https:\/\/www.daisho.be\/es\/produit\/karategi-tokaido-kumite-master-k1-wkf\/","name":"KARATEGI TOKAIDO KUMITE MASTER K1 - WKF &#8211; Daisho","isPartOf":{"@id":"https:\/\/www.daisho.be\/es\/#website"},"primaryImageOfPage":{"@id":"https:\/\/www.daisho.be\/es\/produit\/karategi-tokaido-kumite-master-k1-wkf\/#primaryimage"},"image":{"@id":"https:\/\/www.daisho.be\/es\/produit\/karategi-tokaido-kumite-master-k1-wkf\/#primaryimage"},"thumbnailUrl":"https:\/\/www.daisho.be\/wp-content\/uploads\/2023\/10\/image.png","datePublished":"2022-07-19T16:55:56+00:00","dateModified":"2026-01-31T11:56:42+00:00","breadcrumb":{"@id":"https:\/\/www.daisho.be\/es\/produit\/karategi-tokaido-kumite-master-k1-wkf\/#breadcrumb"},"inLanguage":"es","potentialAction":[{"@type":"ReadAction","target":["https:\/\/www.daisho.be\/es\/produit\/karategi-tokaido-kumite-master-k1-wkf\/"]}]},{"@type":"ImageObject","inLanguage":"es","@id":"https:\/\/www.daisho.be\/es\/produit\/karategi-tokaido-kumite-master-k1-wkf\/#primaryimage","url":"https:\/\/www.daisho.be\/wp-content\/uploads\/2023\/10\/image.png","contentUrl":"https:\/\/www.daisho.be\/wp-content\/uploads\/2023\/10\/image.png","width":1920,"height":1359,"caption":"KARATEGI TOKAIDO KUMITE MASTER K1 - WKF-1"},{"@type":"BreadcrumbList","@id":"https:\/\/www.daisho.be\/es\/produit\/karategi-tokaido-kumite-master-k1-wkf\/#breadcrumb","itemListElement":[{"@type":"ListItem","position":1,"name":"Accueil","item":"https:\/\/www.daisho.be\/es\/"},{"@type":"ListItem","position":2,"name":"Productos","item":"https:\/\/www.daisho.be\/es\/productos\/"},{"@type":"ListItem","position":3,"name":"Deportes de combate","item":"https:\/\/www.daisho.be\/es\/categorie-produit\/deportes-de-combate\/"},{"@type":"ListItem","position":4,"name":"Trajes (kimonos)","item":"https:\/\/www.daisho.be\/es\/categorie-produit\/deportes-de-combate\/trajes-kimonos\/"},{"@type":"ListItem","position":5,"name":"KARATEGI TOKAIDO KUMITE MASTER K1 &#8211; WKF"}]},{"@type":"WebSite","@id":"https:\/\/www.daisho.be\/es\/#website","url":"https:\/\/www.daisho.be\/es\/","name":"Daisho","description":"Sp&eacute;cialiste de l'&eacute;quipement sportif d'arts martiaux","publisher":{"@id":"https:\/\/www.daisho.be\/es\/#organization"},"potentialAction":[{"@type":"SearchAction","target":{"@type":"EntryPoint","urlTemplate":"https:\/\/www.daisho.be\/es\/?s={search_term_string}"},"query-input":{"@type":"PropertyValueSpecification","valueRequired":true,"valueName":"search_term_string"}}],"inLanguage":"es"},{"@type":"Organization","@id":"https:\/\/www.daisho.be\/es\/#organization","name":"Daisho","url":"https:\/\/www.daisho.be\/es\/","logo":{"@type":"ImageObject","inLanguage":"es","@id":"https:\/\/www.daisho.be\/es\/#\/schema\/logo\/image\/","url":"https:\/\/www.daisho.be\/wp-content\/uploads\/2019\/07\/color-nothing-horizontale4x-e1564486100247.png","contentUrl":"https:\/\/www.daisho.be\/wp-content\/uploads\/2019\/07\/color-nothing-horizontale4x-e1564486100247.png","width":1547,"height":385,"caption":"Daisho"},"image":{"@id":"https:\/\/www.daisho.be\/es\/#\/schema\/logo\/image\/"}}]}},"_links":{"self":[{"href":"https:\/\/www.daisho.be\/es\/wp-json\/wp\/v2\/product\/357565","targetHints":{"allow":["GET"]}}],"collection":[{"href":"https:\/\/www.daisho.be\/es\/wp-json\/wp\/v2\/product"}],"about":[{"href":"https:\/\/www.daisho.be\/es\/wp-json\/wp\/v2\/types\/product"}],"replies":[{"embeddable":true,"href":"https:\/\/www.daisho.be\/es\/wp-json\/wp\/v2\/comments?post=357565"}],"wp:featuredmedia":[{"embeddable":true,"href":"https:\/\/www.daisho.be\/es\/wp-json\/wp\/v2\/media\/338967"}],"wp:attachment":[{"href":"https:\/\/www.daisho.be\/es\/wp-json\/wp\/v2\/media?parent=357565"}],"wp:term":[{"taxonomy":"product_brand","embeddable":true,"href":"https:\/\/www.daisho.be\/es\/wp-json\/wp\/v2\/product_brand?post=357565"},{"taxonomy":"product_cat","embeddable":true,"href":"https:\/\/www.daisho.be\/es\/wp-json\/wp\/v2\/product_cat?post=357565"},{"taxonomy":"product_tag","embeddable":true,"href":"https:\/\/www.daisho.be\/es\/wp-json\/wp\/v2\/product_tag?post=357565"},{"taxonomy":"sport","embeddable":true,"href":"https:\/\/www.daisho.be\/es\/wp-json\/wp\/v2\/sport?post=357565"}],"curies":[{"name":"wp","href":"https:\/\/api.w.org\/{rel}","templated":true}]}}