{"id":357487,"date":"2022-07-17T20:58:52","date_gmt":"2022-07-17T18:58:52","guid":{"rendered":"https:\/\/www.daisho.be\/produit\/zebra-performance-speed-sticks-bastones-de-entrenamiento\/"},"modified":"2026-01-03T15:26:36","modified_gmt":"2026-01-03T14:26:36","slug":"zebra-performance-speed-sticks-bastones-de-entrenamiento","status":"publish","type":"product","link":"https:\/\/www.daisho.be\/es\/produit\/zebra-performance-speed-sticks-bastones-de-entrenamiento\/","title":{"rendered":"ZEBRA PERFORMANCE SPEED STICKS bastones de entrenamiento"},"content":{"rendered":"<p>ZEBRA PERFORMANCE Bastones de velocidad blandos de resistente piel sint\u00e9tica \u00abFLX PU\u00bb con n\u00facleo de espuma blanda para un uso vers\u00e1til en el entrenamiento de artes marciales.<br \/>\nLas presillas de agarre garantizan un agarre seguro.<br \/>\nLos bastones Soft Speed Sticks se utilizan para combinaciones r\u00e1pidas de pu\u00f1etazos, entrenamiento de la coordinaci\u00f3n mano-ojo y tambi\u00e9n para todo tipo de ejercicios basados en el movimiento.<br \/>\nIdeales para MMA, boxeo y kickboxing.<br \/>\nBastones de piel sint\u00e9tica con n\u00facleo de espuma blanda para evitar lesiones<br \/>\nSe venden por pares<\/p>\n","protected":false},"excerpt":{"rendered":"<p>ZEBRA PERFORMANCE Bastones de velocidad blandos de resistente piel sint\u00e9tica \u00abFLX PU\u00bb con n\u00facleo de espuma blanda para un uso vers\u00e1til en el entrenamiento de artes marciales. Las presillas de agarre garantizan un agarre seguro. Los bastones Soft Speed Sticks se utilizan para combinaciones r\u00e1pidas de pu\u00f1etazos, entrenamiento de la coordinaci\u00f3n mano-ojo y tambi\u00e9n para [&hellip;]<\/p>\n","protected":false},"featured_media":418306,"comment_status":"open","ping_status":"closed","template":"","meta":{"inline_featured_image":false},"product_brand":[],"product_cat":[1418,1339,1409,1301],"product_tag":[1747],"sport":[],"class_list":{"0":"post-357487","1":"product","2":"type-product","3":"status-publish","4":"has-post-thumbnail","6":"product_cat-equipo-de-entrenamiento-de-boxeo","7":"product_cat-equipo-de-entrenamiento-de-mma","8":"product_cat-equipos-de-formacion-es","9":"product_cat-material-de-entrenamiento-de-karate","10":"product_tag-zebra-es","11":"pa_size-50x5cm","13":"first","14":"instock","15":"sale","16":"taxable","17":"shipping-taxable","18":"purchasable","19":"product-type-variable"},"yoast_head":"<!-- This site is optimized with the Yoast SEO plugin v27.2 - https:\/\/yoast.com\/product\/yoast-seo-wordpress\/ -->\n<title>ZEBRA PERFORMANCE SPEED STICKS bastones de entrenamiento &#8211; Daisho<\/title>\n<meta name=\"robots\" content=\"index, follow, max-snippet:-1, max-image-preview:large, max-video-preview:-1\" \/>\n<link rel=\"canonical\" href=\"https:\/\/www.daisho.be\/es\/produit\/zebra-performance-speed-sticks-bastones-de-entrenamiento\/\" \/>\n<meta property=\"og:locale\" content=\"es_ES\" \/>\n<meta property=\"og:type\" content=\"article\" \/>\n<meta property=\"og:title\" content=\"ZEBRA PERFORMANCE SPEED STICKS bastones de entrenamiento &#8211; Daisho\" \/>\n<meta property=\"og:description\" content=\"ZEBRA PERFORMANCE Bastones de velocidad blandos de resistente piel sint\u00e9tica \u00abFLX PU\u00bb con n\u00facleo de espuma blanda para un uso vers\u00e1til en el entrenamiento de artes marciales. Las presillas de agarre garantizan un agarre seguro. Los bastones Soft Speed Sticks se utilizan para combinaciones r\u00e1pidas de pu\u00f1etazos, entrenamiento de la coordinaci\u00f3n mano-ojo y tambi\u00e9n para [&hellip;]\" \/>\n<meta property=\"og:url\" content=\"https:\/\/www.daisho.be\/es\/produit\/zebra-performance-speed-sticks-bastones-de-entrenamiento\/\" \/>\n<meta property=\"og:site_name\" content=\"Daisho\" \/>\n<meta property=\"article:modified_time\" content=\"2026-01-03T14:26:36+00:00\" \/>\n<meta property=\"og:image\" content=\"https:\/\/www.daisho.be\/wp-content\/uploads\/2024\/06\/image-123.jpg\" \/>\n\t<meta property=\"og:image:width\" content=\"510\" \/>\n\t<meta property=\"og:image:height\" content=\"720\" \/>\n\t<meta property=\"og:image:type\" content=\"image\/jpeg\" \/>\n<meta name=\"twitter:card\" content=\"summary_large_image\" \/>\n<script type=\"application\/ld+json\" class=\"yoast-schema-graph\">{\"@context\":\"https:\/\/schema.org\",\"@graph\":[{\"@type\":\"WebPage\",\"@id\":\"https:\/\/www.daisho.be\/es\/produit\/zebra-performance-speed-sticks-bastones-de-entrenamiento\/\",\"url\":\"https:\/\/www.daisho.be\/es\/produit\/zebra-performance-speed-sticks-bastones-de-entrenamiento\/\",\"name\":\"ZEBRA PERFORMANCE SPEED STICKS bastones de entrenamiento &#8211; Daisho\",\"isPartOf\":{\"@id\":\"https:\/\/www.daisho.be\/es\/#website\"},\"primaryImageOfPage\":{\"@id\":\"https:\/\/www.daisho.be\/es\/produit\/zebra-performance-speed-sticks-bastones-de-entrenamiento\/#primaryimage\"},\"image\":{\"@id\":\"https:\/\/www.daisho.be\/es\/produit\/zebra-performance-speed-sticks-bastones-de-entrenamiento\/#primaryimage\"},\"thumbnailUrl\":\"https:\/\/www.daisho.be\/wp-content\/uploads\/2024\/06\/image-123.jpg\",\"datePublished\":\"2022-07-17T18:58:52+00:00\",\"dateModified\":\"2026-01-03T14:26:36+00:00\",\"breadcrumb\":{\"@id\":\"https:\/\/www.daisho.be\/es\/produit\/zebra-performance-speed-sticks-bastones-de-entrenamiento\/#breadcrumb\"},\"inLanguage\":\"es\",\"potentialAction\":[{\"@type\":\"ReadAction\",\"target\":[\"https:\/\/www.daisho.be\/es\/produit\/zebra-performance-speed-sticks-bastones-de-entrenamiento\/\"]}]},{\"@type\":\"ImageObject\",\"inLanguage\":\"es\",\"@id\":\"https:\/\/www.daisho.be\/es\/produit\/zebra-performance-speed-sticks-bastones-de-entrenamiento\/#primaryimage\",\"url\":\"https:\/\/www.daisho.be\/wp-content\/uploads\/2024\/06\/image-123.jpg\",\"contentUrl\":\"https:\/\/www.daisho.be\/wp-content\/uploads\/2024\/06\/image-123.jpg\",\"width\":510,\"height\":720,\"caption\":\"ZEBRA PERFORMANCE SPEED STICKS-1 bastones de entrenamiento\"},{\"@type\":\"BreadcrumbList\",\"@id\":\"https:\/\/www.daisho.be\/es\/produit\/zebra-performance-speed-sticks-bastones-de-entrenamiento\/#breadcrumb\",\"itemListElement\":[{\"@type\":\"ListItem\",\"position\":1,\"name\":\"Accueil\",\"item\":\"https:\/\/www.daisho.be\/es\/\"},{\"@type\":\"ListItem\",\"position\":2,\"name\":\"Productos\",\"item\":\"https:\/\/www.daisho.be\/es\/productos\/\"},{\"@type\":\"ListItem\",\"position\":3,\"name\":\"Equipamiento y ropa para artes marciales y deportes de combate\",\"item\":\"https:\/\/www.daisho.be\/es\/categorie-produit\/equipamiento-y-ropa-para-artes-marciales-y-deportes-de-combate\/\"},{\"@type\":\"ListItem\",\"position\":4,\"name\":\"Boxeo\",\"item\":\"https:\/\/www.daisho.be\/es\/categorie-produit\/equipamiento-y-ropa-para-artes-marciales-y-deportes-de-combate\/boxeo-es\/\"},{\"@type\":\"ListItem\",\"position\":5,\"name\":\"Equipo de entrenamiento de boxeo\",\"item\":\"https:\/\/www.daisho.be\/es\/categorie-produit\/equipamiento-y-ropa-para-artes-marciales-y-deportes-de-combate\/boxeo-es\/equipo-de-entrenamiento-de-boxeo\/\"},{\"@type\":\"ListItem\",\"position\":6,\"name\":\"ZEBRA PERFORMANCE SPEED STICKS bastones de entrenamiento\"}]},{\"@type\":\"WebSite\",\"@id\":\"https:\/\/www.daisho.be\/es\/#website\",\"url\":\"https:\/\/www.daisho.be\/es\/\",\"name\":\"Daisho\",\"description\":\"Sp&eacute;cialiste de l'&eacute;quipement sportif d'arts martiaux\",\"publisher\":{\"@id\":\"https:\/\/www.daisho.be\/es\/#organization\"},\"potentialAction\":[{\"@type\":\"SearchAction\",\"target\":{\"@type\":\"EntryPoint\",\"urlTemplate\":\"https:\/\/www.daisho.be\/es\/?s={search_term_string}\"},\"query-input\":{\"@type\":\"PropertyValueSpecification\",\"valueRequired\":true,\"valueName\":\"search_term_string\"}}],\"inLanguage\":\"es\"},{\"@type\":\"Organization\",\"@id\":\"https:\/\/www.daisho.be\/es\/#organization\",\"name\":\"Daisho\",\"url\":\"https:\/\/www.daisho.be\/es\/\",\"logo\":{\"@type\":\"ImageObject\",\"inLanguage\":\"es\",\"@id\":\"https:\/\/www.daisho.be\/es\/#\/schema\/logo\/image\/\",\"url\":\"https:\/\/www.daisho.be\/wp-content\/uploads\/2019\/07\/color-nothing-horizontale4x-e1564486100247.png\",\"contentUrl\":\"https:\/\/www.daisho.be\/wp-content\/uploads\/2019\/07\/color-nothing-horizontale4x-e1564486100247.png\",\"width\":1547,\"height\":385,\"caption\":\"Daisho\"},\"image\":{\"@id\":\"https:\/\/www.daisho.be\/es\/#\/schema\/logo\/image\/\"}}]}<\/script>\n<!-- \/ Yoast SEO plugin. -->","yoast_head_json":{"title":"ZEBRA PERFORMANCE SPEED STICKS bastones de entrenamiento &#8211; Daisho","robots":{"index":"index","follow":"follow","max-snippet":"max-snippet:-1","max-image-preview":"max-image-preview:large","max-video-preview":"max-video-preview:-1"},"canonical":"https:\/\/www.daisho.be\/es\/produit\/zebra-performance-speed-sticks-bastones-de-entrenamiento\/","og_locale":"es_ES","og_type":"article","og_title":"ZEBRA PERFORMANCE SPEED STICKS bastones de entrenamiento &#8211; Daisho","og_description":"ZEBRA PERFORMANCE Bastones de velocidad blandos de resistente piel sint\u00e9tica \u00abFLX PU\u00bb con n\u00facleo de espuma blanda para un uso vers\u00e1til en el entrenamiento de artes marciales. Las presillas de agarre garantizan un agarre seguro. Los bastones Soft Speed Sticks se utilizan para combinaciones r\u00e1pidas de pu\u00f1etazos, entrenamiento de la coordinaci\u00f3n mano-ojo y tambi\u00e9n para [&hellip;]","og_url":"https:\/\/www.daisho.be\/es\/produit\/zebra-performance-speed-sticks-bastones-de-entrenamiento\/","og_site_name":"Daisho","article_modified_time":"2026-01-03T14:26:36+00:00","og_image":[{"width":510,"height":720,"url":"https:\/\/www.daisho.be\/wp-content\/uploads\/2024\/06\/image-123.jpg","type":"image\/jpeg"}],"twitter_card":"summary_large_image","schema":{"@context":"https:\/\/schema.org","@graph":[{"@type":"WebPage","@id":"https:\/\/www.daisho.be\/es\/produit\/zebra-performance-speed-sticks-bastones-de-entrenamiento\/","url":"https:\/\/www.daisho.be\/es\/produit\/zebra-performance-speed-sticks-bastones-de-entrenamiento\/","name":"ZEBRA PERFORMANCE SPEED STICKS bastones de entrenamiento &#8211; Daisho","isPartOf":{"@id":"https:\/\/www.daisho.be\/es\/#website"},"primaryImageOfPage":{"@id":"https:\/\/www.daisho.be\/es\/produit\/zebra-performance-speed-sticks-bastones-de-entrenamiento\/#primaryimage"},"image":{"@id":"https:\/\/www.daisho.be\/es\/produit\/zebra-performance-speed-sticks-bastones-de-entrenamiento\/#primaryimage"},"thumbnailUrl":"https:\/\/www.daisho.be\/wp-content\/uploads\/2024\/06\/image-123.jpg","datePublished":"2022-07-17T18:58:52+00:00","dateModified":"2026-01-03T14:26:36+00:00","breadcrumb":{"@id":"https:\/\/www.daisho.be\/es\/produit\/zebra-performance-speed-sticks-bastones-de-entrenamiento\/#breadcrumb"},"inLanguage":"es","potentialAction":[{"@type":"ReadAction","target":["https:\/\/www.daisho.be\/es\/produit\/zebra-performance-speed-sticks-bastones-de-entrenamiento\/"]}]},{"@type":"ImageObject","inLanguage":"es","@id":"https:\/\/www.daisho.be\/es\/produit\/zebra-performance-speed-sticks-bastones-de-entrenamiento\/#primaryimage","url":"https:\/\/www.daisho.be\/wp-content\/uploads\/2024\/06\/image-123.jpg","contentUrl":"https:\/\/www.daisho.be\/wp-content\/uploads\/2024\/06\/image-123.jpg","width":510,"height":720,"caption":"ZEBRA PERFORMANCE SPEED STICKS-1 bastones de entrenamiento"},{"@type":"BreadcrumbList","@id":"https:\/\/www.daisho.be\/es\/produit\/zebra-performance-speed-sticks-bastones-de-entrenamiento\/#breadcrumb","itemListElement":[{"@type":"ListItem","position":1,"name":"Accueil","item":"https:\/\/www.daisho.be\/es\/"},{"@type":"ListItem","position":2,"name":"Productos","item":"https:\/\/www.daisho.be\/es\/productos\/"},{"@type":"ListItem","position":3,"name":"Equipamiento y ropa para artes marciales y deportes de combate","item":"https:\/\/www.daisho.be\/es\/categorie-produit\/equipamiento-y-ropa-para-artes-marciales-y-deportes-de-combate\/"},{"@type":"ListItem","position":4,"name":"Boxeo","item":"https:\/\/www.daisho.be\/es\/categorie-produit\/equipamiento-y-ropa-para-artes-marciales-y-deportes-de-combate\/boxeo-es\/"},{"@type":"ListItem","position":5,"name":"Equipo de entrenamiento de boxeo","item":"https:\/\/www.daisho.be\/es\/categorie-produit\/equipamiento-y-ropa-para-artes-marciales-y-deportes-de-combate\/boxeo-es\/equipo-de-entrenamiento-de-boxeo\/"},{"@type":"ListItem","position":6,"name":"ZEBRA PERFORMANCE SPEED STICKS bastones de entrenamiento"}]},{"@type":"WebSite","@id":"https:\/\/www.daisho.be\/es\/#website","url":"https:\/\/www.daisho.be\/es\/","name":"Daisho","description":"Sp&eacute;cialiste de l'&eacute;quipement sportif d'arts martiaux","publisher":{"@id":"https:\/\/www.daisho.be\/es\/#organization"},"potentialAction":[{"@type":"SearchAction","target":{"@type":"EntryPoint","urlTemplate":"https:\/\/www.daisho.be\/es\/?s={search_term_string}"},"query-input":{"@type":"PropertyValueSpecification","valueRequired":true,"valueName":"search_term_string"}}],"inLanguage":"es"},{"@type":"Organization","@id":"https:\/\/www.daisho.be\/es\/#organization","name":"Daisho","url":"https:\/\/www.daisho.be\/es\/","logo":{"@type":"ImageObject","inLanguage":"es","@id":"https:\/\/www.daisho.be\/es\/#\/schema\/logo\/image\/","url":"https:\/\/www.daisho.be\/wp-content\/uploads\/2019\/07\/color-nothing-horizontale4x-e1564486100247.png","contentUrl":"https:\/\/www.daisho.be\/wp-content\/uploads\/2019\/07\/color-nothing-horizontale4x-e1564486100247.png","width":1547,"height":385,"caption":"Daisho"},"image":{"@id":"https:\/\/www.daisho.be\/es\/#\/schema\/logo\/image\/"}}]}},"_links":{"self":[{"href":"https:\/\/www.daisho.be\/es\/wp-json\/wp\/v2\/product\/357487","targetHints":{"allow":["GET"]}}],"collection":[{"href":"https:\/\/www.daisho.be\/es\/wp-json\/wp\/v2\/product"}],"about":[{"href":"https:\/\/www.daisho.be\/es\/wp-json\/wp\/v2\/types\/product"}],"replies":[{"embeddable":true,"href":"https:\/\/www.daisho.be\/es\/wp-json\/wp\/v2\/comments?post=357487"}],"wp:featuredmedia":[{"embeddable":true,"href":"https:\/\/www.daisho.be\/es\/wp-json\/wp\/v2\/media\/418306"}],"wp:attachment":[{"href":"https:\/\/www.daisho.be\/es\/wp-json\/wp\/v2\/media?parent=357487"}],"wp:term":[{"taxonomy":"product_brand","embeddable":true,"href":"https:\/\/www.daisho.be\/es\/wp-json\/wp\/v2\/product_brand?post=357487"},{"taxonomy":"product_cat","embeddable":true,"href":"https:\/\/www.daisho.be\/es\/wp-json\/wp\/v2\/product_cat?post=357487"},{"taxonomy":"product_tag","embeddable":true,"href":"https:\/\/www.daisho.be\/es\/wp-json\/wp\/v2\/product_tag?post=357487"},{"taxonomy":"sport","embeddable":true,"href":"https:\/\/www.daisho.be\/es\/wp-json\/wp\/v2\/sport?post=357487"}],"curies":[{"name":"wp","href":"https:\/\/api.w.org\/{rel}","templated":true}]}}