{"id":357356,"date":"2022-03-03T21:30:42","date_gmt":"2022-03-03T20:30:42","guid":{"rendered":"https:\/\/www.daisho.be\/produit\/bandas-de-boxeo-adidas-35-m-amarillo\/"},"modified":"2025-12-24T12:49:43","modified_gmt":"2025-12-24T11:49:43","slug":"bandas-de-boxeo-adidas-35-m-amarillo","status":"publish","type":"product","link":"https:\/\/www.daisho.be\/es\/produit\/bandas-de-boxeo-adidas-35-m-amarillo\/","title":{"rendered":"Bandas de boxeo adidas 3,5 m amarillo"},"content":{"rendered":"<p>La cinta de boxeo adidas est\u00e1 fabricada con algod\u00f3n 100% tejido suave, ligeramente el\u00e1stico y con un cierre de velcro de cinco cent\u00edmetros de ancho.<br \/>\nLa cinta de boxeo mide 3,55 metros de largo y tiene una presilla para el pulgar que facilita su colocaci\u00f3n. Disponible en 5 colores.<br \/>\nLas bandas son adecuadas para todos los artistas marciales, como MMA, K1 y (kick) boxing.<br \/>\nVentajas:<br \/>\n&#8211; diferentes longitudes<br \/>\n&#8211; diferentes colores<br \/>\n&#8211; con presilla para el pulgar y velcro<br \/>\n&#8211; muy resistente y el\u00e1stica <\/p>\n","protected":false},"excerpt":{"rendered":"<p>La cinta de boxeo adidas est\u00e1 fabricada con algod\u00f3n 100% tejido suave, ligeramente el\u00e1stico y con un cierre de velcro de cinco cent\u00edmetros de ancho. La cinta de boxeo mide 3,55 metros de largo y tiene una presilla para el pulgar que facilita su colocaci\u00f3n. Disponible en 5 colores. Las bandas son adecuadas para todos [&hellip;]<\/p>\n","protected":false},"featured_media":338865,"comment_status":"open","ping_status":"closed","template":"","meta":{"inline_featured_image":false},"product_brand":[],"product_cat":[1366,1361,1596],"product_tag":[1560],"sport":[],"class_list":{"0":"post-357356","1":"product","2":"type-product","3":"status-publish","4":"has-post-thumbnail","6":"product_cat-proteccion-del-boxeo","7":"product_cat-protecciones","8":"product_cat-protectores-de-boxeo-adidas","9":"product_tag-adidas-es","10":"pa_size-sans-taille-defaut","12":"first","13":"instock","14":"taxable","15":"shipping-taxable","16":"purchasable","17":"product-type-variable"},"yoast_head":"<!-- This site is optimized with the Yoast SEO plugin v27.2 - https:\/\/yoast.com\/product\/yoast-seo-wordpress\/ -->\n<title>Bandas de boxeo adidas 3,5 m amarillo &#8211; Daisho<\/title>\n<meta name=\"description\" content=\"La cinta de boxeo Adidas es adecuada para todas las artes marciales. Ofrece resistencia y elasticidad. C\u00f3mprala ahora en www.daisho.be|Daisho\" \/>\n<meta name=\"robots\" content=\"index, follow, max-snippet:-1, max-image-preview:large, max-video-preview:-1\" \/>\n<link rel=\"canonical\" href=\"https:\/\/www.daisho.be\/es\/produit\/bandas-de-boxeo-adidas-35-m-amarillo\/\" \/>\n<meta property=\"og:locale\" content=\"es_ES\" \/>\n<meta property=\"og:type\" content=\"article\" \/>\n<meta property=\"og:title\" content=\"Bandas de boxeo adidas 3,5 m amarillo &#8211; Daisho\" \/>\n<meta property=\"og:description\" content=\"La cinta de boxeo Adidas es adecuada para todas las artes marciales. Ofrece resistencia y elasticidad. C\u00f3mprala ahora en www.daisho.be|Daisho\" \/>\n<meta property=\"og:url\" content=\"https:\/\/www.daisho.be\/es\/produit\/bandas-de-boxeo-adidas-35-m-amarillo\/\" \/>\n<meta property=\"og:site_name\" content=\"Daisho\" \/>\n<meta property=\"article:modified_time\" content=\"2025-12-24T11:49:43+00:00\" \/>\n<meta property=\"og:image\" content=\"https:\/\/www.daisho.be\/wp-content\/uploads\/2023\/09\/image-18.jpg\" \/>\n\t<meta property=\"og:image:width\" content=\"800\" \/>\n\t<meta property=\"og:image:height\" content=\"800\" \/>\n\t<meta property=\"og:image:type\" content=\"image\/jpeg\" \/>\n<meta name=\"twitter:card\" content=\"summary_large_image\" \/>\n<script type=\"application\/ld+json\" class=\"yoast-schema-graph\">{\"@context\":\"https:\/\/schema.org\",\"@graph\":[{\"@type\":\"WebPage\",\"@id\":\"https:\/\/www.daisho.be\/es\/produit\/bandas-de-boxeo-adidas-35-m-amarillo\/\",\"url\":\"https:\/\/www.daisho.be\/es\/produit\/bandas-de-boxeo-adidas-35-m-amarillo\/\",\"name\":\"Bandas de boxeo adidas 3,5 m amarillo &#8211; Daisho\",\"isPartOf\":{\"@id\":\"https:\/\/www.daisho.be\/es\/#website\"},\"primaryImageOfPage\":{\"@id\":\"https:\/\/www.daisho.be\/es\/produit\/bandas-de-boxeo-adidas-35-m-amarillo\/#primaryimage\"},\"image\":{\"@id\":\"https:\/\/www.daisho.be\/es\/produit\/bandas-de-boxeo-adidas-35-m-amarillo\/#primaryimage\"},\"thumbnailUrl\":\"https:\/\/www.daisho.be\/wp-content\/uploads\/2023\/09\/image-18.jpg\",\"datePublished\":\"2022-03-03T20:30:42+00:00\",\"dateModified\":\"2025-12-24T11:49:43+00:00\",\"description\":\"La cinta de boxeo Adidas es adecuada para todas las artes marciales. Ofrece resistencia y elasticidad. C\u00f3mprala ahora en www.daisho.be|Daisho\",\"breadcrumb\":{\"@id\":\"https:\/\/www.daisho.be\/es\/produit\/bandas-de-boxeo-adidas-35-m-amarillo\/#breadcrumb\"},\"inLanguage\":\"es\",\"potentialAction\":[{\"@type\":\"ReadAction\",\"target\":[\"https:\/\/www.daisho.be\/es\/produit\/bandas-de-boxeo-adidas-35-m-amarillo\/\"]}]},{\"@type\":\"ImageObject\",\"inLanguage\":\"es\",\"@id\":\"https:\/\/www.daisho.be\/es\/produit\/bandas-de-boxeo-adidas-35-m-amarillo\/#primaryimage\",\"url\":\"https:\/\/www.daisho.be\/wp-content\/uploads\/2023\/09\/image-18.jpg\",\"contentUrl\":\"https:\/\/www.daisho.be\/wp-content\/uploads\/2023\/09\/image-18.jpg\",\"width\":800,\"height\":800,\"caption\":\"Bandas de boxeo adidas 3,5 m amarillo-1\"},{\"@type\":\"BreadcrumbList\",\"@id\":\"https:\/\/www.daisho.be\/es\/produit\/bandas-de-boxeo-adidas-35-m-amarillo\/#breadcrumb\",\"itemListElement\":[{\"@type\":\"ListItem\",\"position\":1,\"name\":\"Accueil\",\"item\":\"https:\/\/www.daisho.be\/es\/\"},{\"@type\":\"ListItem\",\"position\":2,\"name\":\"Productos\",\"item\":\"https:\/\/www.daisho.be\/es\/productos\/\"},{\"@type\":\"ListItem\",\"position\":3,\"name\":\"Equipamiento y ropa para artes marciales y deportes de combate\",\"item\":\"https:\/\/www.daisho.be\/es\/categorie-produit\/equipamiento-y-ropa-para-artes-marciales-y-deportes-de-combate\/\"},{\"@type\":\"ListItem\",\"position\":4,\"name\":\"Boxeo\",\"item\":\"https:\/\/www.daisho.be\/es\/categorie-produit\/equipamiento-y-ropa-para-artes-marciales-y-deportes-de-combate\/boxeo-es\/\"},{\"@type\":\"ListItem\",\"position\":5,\"name\":\"Protecci\u00f3n del boxeo\",\"item\":\"https:\/\/www.daisho.be\/es\/categorie-produit\/equipamiento-y-ropa-para-artes-marciales-y-deportes-de-combate\/boxeo-es\/proteccion-del-boxeo\/\"},{\"@type\":\"ListItem\",\"position\":6,\"name\":\"Bandas de boxeo adidas 3,5 m amarillo\"}]},{\"@type\":\"WebSite\",\"@id\":\"https:\/\/www.daisho.be\/es\/#website\",\"url\":\"https:\/\/www.daisho.be\/es\/\",\"name\":\"Daisho\",\"description\":\"Sp&eacute;cialiste de l'&eacute;quipement sportif d'arts martiaux\",\"publisher\":{\"@id\":\"https:\/\/www.daisho.be\/es\/#organization\"},\"potentialAction\":[{\"@type\":\"SearchAction\",\"target\":{\"@type\":\"EntryPoint\",\"urlTemplate\":\"https:\/\/www.daisho.be\/es\/?s={search_term_string}\"},\"query-input\":{\"@type\":\"PropertyValueSpecification\",\"valueRequired\":true,\"valueName\":\"search_term_string\"}}],\"inLanguage\":\"es\"},{\"@type\":\"Organization\",\"@id\":\"https:\/\/www.daisho.be\/es\/#organization\",\"name\":\"Daisho\",\"url\":\"https:\/\/www.daisho.be\/es\/\",\"logo\":{\"@type\":\"ImageObject\",\"inLanguage\":\"es\",\"@id\":\"https:\/\/www.daisho.be\/es\/#\/schema\/logo\/image\/\",\"url\":\"https:\/\/www.daisho.be\/wp-content\/uploads\/2019\/07\/color-nothing-horizontale4x-e1564486100247.png\",\"contentUrl\":\"https:\/\/www.daisho.be\/wp-content\/uploads\/2019\/07\/color-nothing-horizontale4x-e1564486100247.png\",\"width\":1547,\"height\":385,\"caption\":\"Daisho\"},\"image\":{\"@id\":\"https:\/\/www.daisho.be\/es\/#\/schema\/logo\/image\/\"}}]}<\/script>\n<!-- \/ Yoast SEO plugin. -->","yoast_head_json":{"title":"Bandas de boxeo adidas 3,5 m amarillo &#8211; Daisho","description":"La cinta de boxeo Adidas es adecuada para todas las artes marciales. Ofrece resistencia y elasticidad. C\u00f3mprala ahora en www.daisho.be|Daisho","robots":{"index":"index","follow":"follow","max-snippet":"max-snippet:-1","max-image-preview":"max-image-preview:large","max-video-preview":"max-video-preview:-1"},"canonical":"https:\/\/www.daisho.be\/es\/produit\/bandas-de-boxeo-adidas-35-m-amarillo\/","og_locale":"es_ES","og_type":"article","og_title":"Bandas de boxeo adidas 3,5 m amarillo &#8211; Daisho","og_description":"La cinta de boxeo Adidas es adecuada para todas las artes marciales. Ofrece resistencia y elasticidad. C\u00f3mprala ahora en www.daisho.be|Daisho","og_url":"https:\/\/www.daisho.be\/es\/produit\/bandas-de-boxeo-adidas-35-m-amarillo\/","og_site_name":"Daisho","article_modified_time":"2025-12-24T11:49:43+00:00","og_image":[{"width":800,"height":800,"url":"https:\/\/www.daisho.be\/wp-content\/uploads\/2023\/09\/image-18.jpg","type":"image\/jpeg"}],"twitter_card":"summary_large_image","schema":{"@context":"https:\/\/schema.org","@graph":[{"@type":"WebPage","@id":"https:\/\/www.daisho.be\/es\/produit\/bandas-de-boxeo-adidas-35-m-amarillo\/","url":"https:\/\/www.daisho.be\/es\/produit\/bandas-de-boxeo-adidas-35-m-amarillo\/","name":"Bandas de boxeo adidas 3,5 m amarillo &#8211; Daisho","isPartOf":{"@id":"https:\/\/www.daisho.be\/es\/#website"},"primaryImageOfPage":{"@id":"https:\/\/www.daisho.be\/es\/produit\/bandas-de-boxeo-adidas-35-m-amarillo\/#primaryimage"},"image":{"@id":"https:\/\/www.daisho.be\/es\/produit\/bandas-de-boxeo-adidas-35-m-amarillo\/#primaryimage"},"thumbnailUrl":"https:\/\/www.daisho.be\/wp-content\/uploads\/2023\/09\/image-18.jpg","datePublished":"2022-03-03T20:30:42+00:00","dateModified":"2025-12-24T11:49:43+00:00","description":"La cinta de boxeo Adidas es adecuada para todas las artes marciales. Ofrece resistencia y elasticidad. C\u00f3mprala ahora en www.daisho.be|Daisho","breadcrumb":{"@id":"https:\/\/www.daisho.be\/es\/produit\/bandas-de-boxeo-adidas-35-m-amarillo\/#breadcrumb"},"inLanguage":"es","potentialAction":[{"@type":"ReadAction","target":["https:\/\/www.daisho.be\/es\/produit\/bandas-de-boxeo-adidas-35-m-amarillo\/"]}]},{"@type":"ImageObject","inLanguage":"es","@id":"https:\/\/www.daisho.be\/es\/produit\/bandas-de-boxeo-adidas-35-m-amarillo\/#primaryimage","url":"https:\/\/www.daisho.be\/wp-content\/uploads\/2023\/09\/image-18.jpg","contentUrl":"https:\/\/www.daisho.be\/wp-content\/uploads\/2023\/09\/image-18.jpg","width":800,"height":800,"caption":"Bandas de boxeo adidas 3,5 m amarillo-1"},{"@type":"BreadcrumbList","@id":"https:\/\/www.daisho.be\/es\/produit\/bandas-de-boxeo-adidas-35-m-amarillo\/#breadcrumb","itemListElement":[{"@type":"ListItem","position":1,"name":"Accueil","item":"https:\/\/www.daisho.be\/es\/"},{"@type":"ListItem","position":2,"name":"Productos","item":"https:\/\/www.daisho.be\/es\/productos\/"},{"@type":"ListItem","position":3,"name":"Equipamiento y ropa para artes marciales y deportes de combate","item":"https:\/\/www.daisho.be\/es\/categorie-produit\/equipamiento-y-ropa-para-artes-marciales-y-deportes-de-combate\/"},{"@type":"ListItem","position":4,"name":"Boxeo","item":"https:\/\/www.daisho.be\/es\/categorie-produit\/equipamiento-y-ropa-para-artes-marciales-y-deportes-de-combate\/boxeo-es\/"},{"@type":"ListItem","position":5,"name":"Protecci\u00f3n del boxeo","item":"https:\/\/www.daisho.be\/es\/categorie-produit\/equipamiento-y-ropa-para-artes-marciales-y-deportes-de-combate\/boxeo-es\/proteccion-del-boxeo\/"},{"@type":"ListItem","position":6,"name":"Bandas de boxeo adidas 3,5 m amarillo"}]},{"@type":"WebSite","@id":"https:\/\/www.daisho.be\/es\/#website","url":"https:\/\/www.daisho.be\/es\/","name":"Daisho","description":"Sp&eacute;cialiste de l'&eacute;quipement sportif d'arts martiaux","publisher":{"@id":"https:\/\/www.daisho.be\/es\/#organization"},"potentialAction":[{"@type":"SearchAction","target":{"@type":"EntryPoint","urlTemplate":"https:\/\/www.daisho.be\/es\/?s={search_term_string}"},"query-input":{"@type":"PropertyValueSpecification","valueRequired":true,"valueName":"search_term_string"}}],"inLanguage":"es"},{"@type":"Organization","@id":"https:\/\/www.daisho.be\/es\/#organization","name":"Daisho","url":"https:\/\/www.daisho.be\/es\/","logo":{"@type":"ImageObject","inLanguage":"es","@id":"https:\/\/www.daisho.be\/es\/#\/schema\/logo\/image\/","url":"https:\/\/www.daisho.be\/wp-content\/uploads\/2019\/07\/color-nothing-horizontale4x-e1564486100247.png","contentUrl":"https:\/\/www.daisho.be\/wp-content\/uploads\/2019\/07\/color-nothing-horizontale4x-e1564486100247.png","width":1547,"height":385,"caption":"Daisho"},"image":{"@id":"https:\/\/www.daisho.be\/es\/#\/schema\/logo\/image\/"}}]}},"_links":{"self":[{"href":"https:\/\/www.daisho.be\/es\/wp-json\/wp\/v2\/product\/357356","targetHints":{"allow":["GET"]}}],"collection":[{"href":"https:\/\/www.daisho.be\/es\/wp-json\/wp\/v2\/product"}],"about":[{"href":"https:\/\/www.daisho.be\/es\/wp-json\/wp\/v2\/types\/product"}],"replies":[{"embeddable":true,"href":"https:\/\/www.daisho.be\/es\/wp-json\/wp\/v2\/comments?post=357356"}],"wp:featuredmedia":[{"embeddable":true,"href":"https:\/\/www.daisho.be\/es\/wp-json\/wp\/v2\/media\/338865"}],"wp:attachment":[{"href":"https:\/\/www.daisho.be\/es\/wp-json\/wp\/v2\/media?parent=357356"}],"wp:term":[{"taxonomy":"product_brand","embeddable":true,"href":"https:\/\/www.daisho.be\/es\/wp-json\/wp\/v2\/product_brand?post=357356"},{"taxonomy":"product_cat","embeddable":true,"href":"https:\/\/www.daisho.be\/es\/wp-json\/wp\/v2\/product_cat?post=357356"},{"taxonomy":"product_tag","embeddable":true,"href":"https:\/\/www.daisho.be\/es\/wp-json\/wp\/v2\/product_tag?post=357356"},{"taxonomy":"sport","embeddable":true,"href":"https:\/\/www.daisho.be\/es\/wp-json\/wp\/v2\/sport?post=357356"}],"curies":[{"name":"wp","href":"https:\/\/api.w.org\/{rel}","templated":true}]}}