{"id":357345,"date":"2022-03-03T21:11:43","date_gmt":"2022-03-03T20:11:43","guid":{"rendered":"https:\/\/www.daisho.be\/produit\/saco-de-boxeo-adidas-de-pu-negro-oro\/"},"modified":"2026-01-20T10:40:11","modified_gmt":"2026-01-20T09:40:11","slug":"saco-de-boxeo-adidas-de-pu-negro-oro","status":"publish","type":"product","link":"https:\/\/www.daisho.be\/es\/produit\/saco-de-boxeo-adidas-de-pu-negro-oro\/","title":{"rendered":"Saco de boxeo Adidas de PU negro\/oro"},"content":{"rendered":"<p>Esta bolsa de boxeo de PU de adidas es un regalo para la vista.<br \/>\nLas bolsas de boxeo est\u00e1n cosidas con mucha firmeza para evitar desgarros. La bolsa de boxeo de PU est\u00e1 formada por 2 capas de robusto cuero artificial. Esto confiere a la bolsa de boxeo una resistencia adicional y conserva su forma elegante. Los sacos de boxeo se rellenan con textiles cortados reci\u00e9n comprados para evitar el moho y el mal olor, y para garantizar que no entren en el relleno objetos duros como metal, hierro y piedras. La bolsa de boxeo tambi\u00e9n se escanea electr\u00f3nicamente para detectar part\u00edculas de hierro. Especialmente para tu seguridad.<br \/>\nEl relleno de los sacos de boxeo est\u00e1 confeccionado de tal forma que absorbe perfectamente tus golpes y tus manos y piernas permanecen bien protegidas.<br \/>\nEl saco de boxeo es adecuado para j\u00f3venes y mayores, aficionados y profesionales. Puede utilizarse en el gimnasio o en casa. El saco de boxeo es adecuado para kickboxing, combate de estilo libre, boxeo tradicional y boxeo tailand\u00e9s.<br \/>\nSi quieres utilizar el saco de boxeo como adulto para dar patadas y pu\u00f1etazos, necesitas el saco de boxeo de 150 cm o 180 cm. Este saco de boxeo est\u00c3\u00a1 suspendido a la altura justa para dar patadas bajas y altas.<br \/>\nAltura: 150 cm<br \/>\nDi\u00e1metro: 33 cm<br \/>\nPeso: \u00c2\u00b1 51 kg<br \/>\nVentajas :<br \/>\n&#8211; resistente y apto para todo el mundo<br \/>\n&#8211; tiene un aspecto estupendo<br \/>\n&#8211; para uso dom\u00e9stico y en el gimnasio<br \/>\n&#8211; PU muy resistente<br \/>\n&#8211; relleno de una mezcla textil limpia con una dureza ideal<br \/>\n&#8211; cosido muy firmemente para evitar desgarros<br \/>\n&#8211; se suministra con una cadena de 4 puntos a juego <\/p>\n","protected":false},"excerpt":{"rendered":"<p>Esta bolsa de boxeo de PU de adidas es un regalo para la vista. Las bolsas de boxeo est\u00e1n cosidas con mucha firmeza para evitar desgarros. La bolsa de boxeo de PU est\u00e1 formada por 2 capas de robusto cuero artificial. Esto confiere a la bolsa de boxeo una resistencia adicional y conserva su forma [&hellip;]<\/p>\n","protected":false},"featured_media":338262,"comment_status":"open","ping_status":"closed","template":"","meta":{"inline_featured_image":false},"product_brand":[],"product_cat":[1321,1634,1632,1630],"product_tag":[1560,2552],"sport":[],"class_list":{"0":"post-357345","1":"product","2":"type-product","3":"status-publish","4":"has-post-thumbnail","6":"product_cat-sacos-de-boxeo","7":"product_cat-sacos-de-boxeo-y-accesorios-de-entrenamiento-es","8":"product_cat-sacos-de-boxeo-y-accesorios-de-entrenamiento","9":"product_cat-sacos-de-boxeo-y-accesorios-de-entrenamiento-de-karate","10":"product_tag-adidas-es","11":"product_tag-cita","12":"product_shipping_class-productos-voluminosos","13":"pa_size-120-cm","14":"pa_size-150-cm","15":"pa_size-180-cm","16":"pa_size-90-cm","18":"first","19":"instock","20":"taxable","21":"shipping-taxable","22":"purchasable","23":"product-type-variable"},"yoast_head":"<!-- This site is optimized with the Yoast SEO plugin v27.2 - https:\/\/yoast.com\/product\/yoast-seo-wordpress\/ -->\n<title>Saco de boxeo Adidas de PU negro\/oro &#8211; Daisho<\/title>\n<meta name=\"description\" content=\"El saco de boxeo Adidas es adecuado tanto para j\u00f3venes como para mayores para uso diario. C\u00f3mpralo en nuestra web www.daisho.be|Daisho\" \/>\n<meta name=\"robots\" content=\"index, follow, max-snippet:-1, max-image-preview:large, max-video-preview:-1\" \/>\n<link rel=\"canonical\" href=\"https:\/\/www.daisho.be\/es\/produit\/saco-de-boxeo-adidas-de-pu-negro-oro\/\" \/>\n<meta property=\"og:locale\" content=\"es_ES\" \/>\n<meta property=\"og:type\" content=\"article\" \/>\n<meta property=\"og:title\" content=\"Saco de boxeo Adidas de PU negro\/oro &#8211; Daisho\" \/>\n<meta property=\"og:description\" content=\"El saco de boxeo Adidas es adecuado tanto para j\u00f3venes como para mayores para uso diario. C\u00f3mpralo en nuestra web www.daisho.be|Daisho\" \/>\n<meta property=\"og:url\" content=\"https:\/\/www.daisho.be\/es\/produit\/saco-de-boxeo-adidas-de-pu-negro-oro\/\" \/>\n<meta property=\"og:site_name\" content=\"Daisho\" \/>\n<meta property=\"article:modified_time\" content=\"2026-01-20T09:40:11+00:00\" \/>\n<meta property=\"og:image\" content=\"https:\/\/www.daisho.be\/wp-content\/uploads\/2023\/07\/image-2.jpg\" \/>\n\t<meta property=\"og:image:width\" content=\"800\" \/>\n\t<meta property=\"og:image:height\" content=\"800\" \/>\n\t<meta property=\"og:image:type\" content=\"image\/jpeg\" \/>\n<meta name=\"twitter:card\" content=\"summary_large_image\" \/>\n<meta name=\"twitter:label1\" content=\"Tiempo de lectura\" \/>\n\t<meta name=\"twitter:data1\" content=\"1 minuto\" \/>\n<script type=\"application\/ld+json\" class=\"yoast-schema-graph\">{\"@context\":\"https:\/\/schema.org\",\"@graph\":[{\"@type\":\"WebPage\",\"@id\":\"https:\/\/www.daisho.be\/es\/produit\/saco-de-boxeo-adidas-de-pu-negro-oro\/\",\"url\":\"https:\/\/www.daisho.be\/es\/produit\/saco-de-boxeo-adidas-de-pu-negro-oro\/\",\"name\":\"Saco de boxeo Adidas de PU negro\/oro &#8211; Daisho\",\"isPartOf\":{\"@id\":\"https:\/\/www.daisho.be\/es\/#website\"},\"primaryImageOfPage\":{\"@id\":\"https:\/\/www.daisho.be\/es\/produit\/saco-de-boxeo-adidas-de-pu-negro-oro\/#primaryimage\"},\"image\":{\"@id\":\"https:\/\/www.daisho.be\/es\/produit\/saco-de-boxeo-adidas-de-pu-negro-oro\/#primaryimage\"},\"thumbnailUrl\":\"https:\/\/www.daisho.be\/wp-content\/uploads\/2023\/07\/image-2.jpg\",\"datePublished\":\"2022-03-03T20:11:43+00:00\",\"dateModified\":\"2026-01-20T09:40:11+00:00\",\"description\":\"El saco de boxeo Adidas es adecuado tanto para j\u00f3venes como para mayores para uso diario. C\u00f3mpralo en nuestra web www.daisho.be|Daisho\",\"breadcrumb\":{\"@id\":\"https:\/\/www.daisho.be\/es\/produit\/saco-de-boxeo-adidas-de-pu-negro-oro\/#breadcrumb\"},\"inLanguage\":\"es\",\"potentialAction\":[{\"@type\":\"ReadAction\",\"target\":[\"https:\/\/www.daisho.be\/es\/produit\/saco-de-boxeo-adidas-de-pu-negro-oro\/\"]}]},{\"@type\":\"ImageObject\",\"inLanguage\":\"es\",\"@id\":\"https:\/\/www.daisho.be\/es\/produit\/saco-de-boxeo-adidas-de-pu-negro-oro\/#primaryimage\",\"url\":\"https:\/\/www.daisho.be\/wp-content\/uploads\/2023\/07\/image-2.jpg\",\"contentUrl\":\"https:\/\/www.daisho.be\/wp-content\/uploads\/2023\/07\/image-2.jpg\",\"width\":800,\"height\":800,\"caption\":\"Saco de boxeo Adidas PU-1 negro\/oro\"},{\"@type\":\"BreadcrumbList\",\"@id\":\"https:\/\/www.daisho.be\/es\/produit\/saco-de-boxeo-adidas-de-pu-negro-oro\/#breadcrumb\",\"itemListElement\":[{\"@type\":\"ListItem\",\"position\":1,\"name\":\"Accueil\",\"item\":\"https:\/\/www.daisho.be\/es\/\"},{\"@type\":\"ListItem\",\"position\":2,\"name\":\"Productos\",\"item\":\"https:\/\/www.daisho.be\/es\/productos\/\"},{\"@type\":\"ListItem\",\"position\":3,\"name\":\"ADIDAS COMBAT SPORTS\",\"item\":\"https:\/\/www.daisho.be\/es\/categorie-produit\/adidas-combat-sports-es\/\"},{\"@type\":\"ListItem\",\"position\":4,\"name\":\"Boxeo\",\"item\":\"https:\/\/www.daisho.be\/es\/categorie-produit\/adidas-combat-sports-es\/boxeo\/\"},{\"@type\":\"ListItem\",\"position\":5,\"name\":\"Sacos de boxeo y accesorios de entrenamiento\",\"item\":\"https:\/\/www.daisho.be\/es\/categorie-produit\/adidas-combat-sports-es\/boxeo\/sacos-de-boxeo-y-accesorios-de-entrenamiento-es\/\"},{\"@type\":\"ListItem\",\"position\":6,\"name\":\"Saco de boxeo Adidas de PU negro\/oro\"}]},{\"@type\":\"WebSite\",\"@id\":\"https:\/\/www.daisho.be\/es\/#website\",\"url\":\"https:\/\/www.daisho.be\/es\/\",\"name\":\"Daisho\",\"description\":\"Sp&eacute;cialiste de l'&eacute;quipement sportif d'arts martiaux\",\"publisher\":{\"@id\":\"https:\/\/www.daisho.be\/es\/#organization\"},\"potentialAction\":[{\"@type\":\"SearchAction\",\"target\":{\"@type\":\"EntryPoint\",\"urlTemplate\":\"https:\/\/www.daisho.be\/es\/?s={search_term_string}\"},\"query-input\":{\"@type\":\"PropertyValueSpecification\",\"valueRequired\":true,\"valueName\":\"search_term_string\"}}],\"inLanguage\":\"es\"},{\"@type\":\"Organization\",\"@id\":\"https:\/\/www.daisho.be\/es\/#organization\",\"name\":\"Daisho\",\"url\":\"https:\/\/www.daisho.be\/es\/\",\"logo\":{\"@type\":\"ImageObject\",\"inLanguage\":\"es\",\"@id\":\"https:\/\/www.daisho.be\/es\/#\/schema\/logo\/image\/\",\"url\":\"https:\/\/www.daisho.be\/wp-content\/uploads\/2019\/07\/color-nothing-horizontale4x-e1564486100247.png\",\"contentUrl\":\"https:\/\/www.daisho.be\/wp-content\/uploads\/2019\/07\/color-nothing-horizontale4x-e1564486100247.png\",\"width\":1547,\"height\":385,\"caption\":\"Daisho\"},\"image\":{\"@id\":\"https:\/\/www.daisho.be\/es\/#\/schema\/logo\/image\/\"}}]}<\/script>\n<!-- \/ Yoast SEO plugin. -->","yoast_head_json":{"title":"Saco de boxeo Adidas de PU negro\/oro &#8211; Daisho","description":"El saco de boxeo Adidas es adecuado tanto para j\u00f3venes como para mayores para uso diario. C\u00f3mpralo en nuestra web www.daisho.be|Daisho","robots":{"index":"index","follow":"follow","max-snippet":"max-snippet:-1","max-image-preview":"max-image-preview:large","max-video-preview":"max-video-preview:-1"},"canonical":"https:\/\/www.daisho.be\/es\/produit\/saco-de-boxeo-adidas-de-pu-negro-oro\/","og_locale":"es_ES","og_type":"article","og_title":"Saco de boxeo Adidas de PU negro\/oro &#8211; Daisho","og_description":"El saco de boxeo Adidas es adecuado tanto para j\u00f3venes como para mayores para uso diario. C\u00f3mpralo en nuestra web www.daisho.be|Daisho","og_url":"https:\/\/www.daisho.be\/es\/produit\/saco-de-boxeo-adidas-de-pu-negro-oro\/","og_site_name":"Daisho","article_modified_time":"2026-01-20T09:40:11+00:00","og_image":[{"width":800,"height":800,"url":"https:\/\/www.daisho.be\/wp-content\/uploads\/2023\/07\/image-2.jpg","type":"image\/jpeg"}],"twitter_card":"summary_large_image","twitter_misc":{"Tiempo de lectura":"1 minuto"},"schema":{"@context":"https:\/\/schema.org","@graph":[{"@type":"WebPage","@id":"https:\/\/www.daisho.be\/es\/produit\/saco-de-boxeo-adidas-de-pu-negro-oro\/","url":"https:\/\/www.daisho.be\/es\/produit\/saco-de-boxeo-adidas-de-pu-negro-oro\/","name":"Saco de boxeo Adidas de PU negro\/oro &#8211; Daisho","isPartOf":{"@id":"https:\/\/www.daisho.be\/es\/#website"},"primaryImageOfPage":{"@id":"https:\/\/www.daisho.be\/es\/produit\/saco-de-boxeo-adidas-de-pu-negro-oro\/#primaryimage"},"image":{"@id":"https:\/\/www.daisho.be\/es\/produit\/saco-de-boxeo-adidas-de-pu-negro-oro\/#primaryimage"},"thumbnailUrl":"https:\/\/www.daisho.be\/wp-content\/uploads\/2023\/07\/image-2.jpg","datePublished":"2022-03-03T20:11:43+00:00","dateModified":"2026-01-20T09:40:11+00:00","description":"El saco de boxeo Adidas es adecuado tanto para j\u00f3venes como para mayores para uso diario. C\u00f3mpralo en nuestra web www.daisho.be|Daisho","breadcrumb":{"@id":"https:\/\/www.daisho.be\/es\/produit\/saco-de-boxeo-adidas-de-pu-negro-oro\/#breadcrumb"},"inLanguage":"es","potentialAction":[{"@type":"ReadAction","target":["https:\/\/www.daisho.be\/es\/produit\/saco-de-boxeo-adidas-de-pu-negro-oro\/"]}]},{"@type":"ImageObject","inLanguage":"es","@id":"https:\/\/www.daisho.be\/es\/produit\/saco-de-boxeo-adidas-de-pu-negro-oro\/#primaryimage","url":"https:\/\/www.daisho.be\/wp-content\/uploads\/2023\/07\/image-2.jpg","contentUrl":"https:\/\/www.daisho.be\/wp-content\/uploads\/2023\/07\/image-2.jpg","width":800,"height":800,"caption":"Saco de boxeo Adidas PU-1 negro\/oro"},{"@type":"BreadcrumbList","@id":"https:\/\/www.daisho.be\/es\/produit\/saco-de-boxeo-adidas-de-pu-negro-oro\/#breadcrumb","itemListElement":[{"@type":"ListItem","position":1,"name":"Accueil","item":"https:\/\/www.daisho.be\/es\/"},{"@type":"ListItem","position":2,"name":"Productos","item":"https:\/\/www.daisho.be\/es\/productos\/"},{"@type":"ListItem","position":3,"name":"ADIDAS COMBAT SPORTS","item":"https:\/\/www.daisho.be\/es\/categorie-produit\/adidas-combat-sports-es\/"},{"@type":"ListItem","position":4,"name":"Boxeo","item":"https:\/\/www.daisho.be\/es\/categorie-produit\/adidas-combat-sports-es\/boxeo\/"},{"@type":"ListItem","position":5,"name":"Sacos de boxeo y accesorios de entrenamiento","item":"https:\/\/www.daisho.be\/es\/categorie-produit\/adidas-combat-sports-es\/boxeo\/sacos-de-boxeo-y-accesorios-de-entrenamiento-es\/"},{"@type":"ListItem","position":6,"name":"Saco de boxeo Adidas de PU negro\/oro"}]},{"@type":"WebSite","@id":"https:\/\/www.daisho.be\/es\/#website","url":"https:\/\/www.daisho.be\/es\/","name":"Daisho","description":"Sp&eacute;cialiste de l'&eacute;quipement sportif d'arts martiaux","publisher":{"@id":"https:\/\/www.daisho.be\/es\/#organization"},"potentialAction":[{"@type":"SearchAction","target":{"@type":"EntryPoint","urlTemplate":"https:\/\/www.daisho.be\/es\/?s={search_term_string}"},"query-input":{"@type":"PropertyValueSpecification","valueRequired":true,"valueName":"search_term_string"}}],"inLanguage":"es"},{"@type":"Organization","@id":"https:\/\/www.daisho.be\/es\/#organization","name":"Daisho","url":"https:\/\/www.daisho.be\/es\/","logo":{"@type":"ImageObject","inLanguage":"es","@id":"https:\/\/www.daisho.be\/es\/#\/schema\/logo\/image\/","url":"https:\/\/www.daisho.be\/wp-content\/uploads\/2019\/07\/color-nothing-horizontale4x-e1564486100247.png","contentUrl":"https:\/\/www.daisho.be\/wp-content\/uploads\/2019\/07\/color-nothing-horizontale4x-e1564486100247.png","width":1547,"height":385,"caption":"Daisho"},"image":{"@id":"https:\/\/www.daisho.be\/es\/#\/schema\/logo\/image\/"}}]}},"_links":{"self":[{"href":"https:\/\/www.daisho.be\/es\/wp-json\/wp\/v2\/product\/357345","targetHints":{"allow":["GET"]}}],"collection":[{"href":"https:\/\/www.daisho.be\/es\/wp-json\/wp\/v2\/product"}],"about":[{"href":"https:\/\/www.daisho.be\/es\/wp-json\/wp\/v2\/types\/product"}],"replies":[{"embeddable":true,"href":"https:\/\/www.daisho.be\/es\/wp-json\/wp\/v2\/comments?post=357345"}],"wp:featuredmedia":[{"embeddable":true,"href":"https:\/\/www.daisho.be\/es\/wp-json\/wp\/v2\/media\/338262"}],"wp:attachment":[{"href":"https:\/\/www.daisho.be\/es\/wp-json\/wp\/v2\/media?parent=357345"}],"wp:term":[{"taxonomy":"product_brand","embeddable":true,"href":"https:\/\/www.daisho.be\/es\/wp-json\/wp\/v2\/product_brand?post=357345"},{"taxonomy":"product_cat","embeddable":true,"href":"https:\/\/www.daisho.be\/es\/wp-json\/wp\/v2\/product_cat?post=357345"},{"taxonomy":"product_tag","embeddable":true,"href":"https:\/\/www.daisho.be\/es\/wp-json\/wp\/v2\/product_tag?post=357345"},{"taxonomy":"sport","embeddable":true,"href":"https:\/\/www.daisho.be\/es\/wp-json\/wp\/v2\/sport?post=357345"}],"curies":[{"name":"wp","href":"https:\/\/api.w.org\/{rel}","templated":true}]}}