{"id":357291,"date":"2022-02-15T16:33:15","date_gmt":"2022-02-15T15:33:15","guid":{"rendered":"https:\/\/www.daisho.be\/produit\/bolsa-adidas-teardrop\/"},"modified":"2025-02-28T11:30:06","modified_gmt":"2025-02-28T10:30:06","slug":"bolsa-adidas-teardrop","status":"publish","type":"product","link":"https:\/\/www.daisho.be\/es\/produit\/bolsa-adidas-teardrop\/","title":{"rendered":"Bolsa l\u00e1grima Adidas"},"content":{"rendered":"<p>Este saco en forma de l\u00e1grima es ideal para entrenar pu\u00f1etazos, rodillazos y patadas. La bolsa de boxeo est\u00e1 fabricada en PU3G, un material tan flexible, duradero y bello como la piel aut\u00e9ntica. La bolsa en forma de l\u00e1grima es f\u00e1cil de colgar en los ganchos met\u00e1licos. La bolsa est\u00e1 llena de retales textiles. La bolsa ha sido escaneada para su seguridad.<br \/>\nLa bolsa adidas Teardrop es adecuada para todo el mundo, especialmente para aquellos que quieren prestar especial atenci\u00f3n a los impactos. Tambi\u00e9n apto para escaleras y rodillas.<br \/>\nVentajas:<br \/>\n&#8211; resistente y apto para todos<br \/>\n&#8211; PU3G<br \/>\n&#8211; escaneado para tu seguridad<br \/>\n&#8211; para casa y el gimnasio<br \/>\n&#8211; ideal para pu\u00f1etazos y patadas<br \/>\n&#8211; suministrado con cadena de 4 puntos<\/p>\n","protected":false},"excerpt":{"rendered":"<p>Este saco en forma de l\u00e1grima es ideal para entrenar pu\u00f1etazos, rodillazos y patadas. La bolsa de boxeo est\u00e1 fabricada en PU3G, un material tan flexible, duradero y bello como la piel aut\u00e9ntica. La bolsa en forma de l\u00e1grima es f\u00e1cil de colgar en los ganchos met\u00e1licos. La bolsa est\u00e1 llena de retales textiles. La [&hellip;]<\/p>\n","protected":false},"featured_media":332437,"comment_status":"open","ping_status":"closed","template":"","meta":{"inline_featured_image":false},"product_brand":[],"product_cat":[1632,1634,1630],"product_tag":[1560],"sport":[],"class_list":{"0":"post-357291","1":"product","2":"type-product","3":"status-publish","4":"has-post-thumbnail","6":"product_cat-sacos-de-boxeo-y-accesorios-de-entrenamiento","7":"product_cat-sacos-de-boxeo-y-accesorios-de-entrenamiento-es","8":"product_cat-sacos-de-boxeo-y-accesorios-de-entrenamiento-de-karate","9":"product_tag-adidas-es","10":"product_shipping_class-productos-voluminosos","11":"pa_size-sans-taille-defaut","13":"first","14":"instock","15":"taxable","16":"shipping-taxable","17":"product-type-variable"},"yoast_head":"<!-- This site is optimized with the Yoast SEO plugin v27.2 - https:\/\/yoast.com\/product\/yoast-seo-wordpress\/ -->\n<title>Bolsa l\u00e1grima Adidas &#8211; Daisho<\/title>\n<meta name=\"description\" content=\"descubre la bolsa Adidas Teardrop. mejora tu rendimiento en el golpeo y garantiza tu seguridad. C\u00f3mprala en nuestra web www.daisho.be|Daisho\" \/>\n<meta name=\"robots\" content=\"index, follow, max-snippet:-1, max-image-preview:large, max-video-preview:-1\" \/>\n<link rel=\"canonical\" href=\"https:\/\/www.daisho.be\/es\/produit\/bolsa-adidas-teardrop\/\" \/>\n<meta property=\"og:locale\" content=\"es_ES\" \/>\n<meta property=\"og:type\" content=\"article\" \/>\n<meta property=\"og:title\" content=\"Bolsa l\u00e1grima Adidas &#8211; Daisho\" \/>\n<meta property=\"og:description\" content=\"descubre la bolsa Adidas Teardrop. mejora tu rendimiento en el golpeo y garantiza tu seguridad. C\u00f3mprala en nuestra web www.daisho.be|Daisho\" \/>\n<meta property=\"og:url\" content=\"https:\/\/www.daisho.be\/es\/produit\/bolsa-adidas-teardrop\/\" \/>\n<meta property=\"og:site_name\" content=\"Daisho\" \/>\n<meta property=\"article:modified_time\" content=\"2025-02-28T10:30:06+00:00\" \/>\n<meta property=\"og:image\" content=\"https:\/\/www.daisho.be\/wp-content\/uploads\/2022\/02\/image-409.jpg\" \/>\n\t<meta property=\"og:image:width\" content=\"600\" \/>\n\t<meta property=\"og:image:height\" content=\"600\" \/>\n\t<meta property=\"og:image:type\" content=\"image\/jpeg\" \/>\n<meta name=\"twitter:card\" content=\"summary_large_image\" \/>\n<meta name=\"twitter:label1\" content=\"Tiempo de lectura\" \/>\n\t<meta name=\"twitter:data1\" content=\"1 minuto\" \/>\n<script type=\"application\/ld+json\" class=\"yoast-schema-graph\">{\"@context\":\"https:\/\/schema.org\",\"@graph\":[{\"@type\":\"WebPage\",\"@id\":\"https:\/\/www.daisho.be\/es\/produit\/bolsa-adidas-teardrop\/\",\"url\":\"https:\/\/www.daisho.be\/es\/produit\/bolsa-adidas-teardrop\/\",\"name\":\"Bolsa l\u00e1grima Adidas &#8211; Daisho\",\"isPartOf\":{\"@id\":\"https:\/\/www.daisho.be\/es\/#website\"},\"primaryImageOfPage\":{\"@id\":\"https:\/\/www.daisho.be\/es\/produit\/bolsa-adidas-teardrop\/#primaryimage\"},\"image\":{\"@id\":\"https:\/\/www.daisho.be\/es\/produit\/bolsa-adidas-teardrop\/#primaryimage\"},\"thumbnailUrl\":\"https:\/\/www.daisho.be\/wp-content\/uploads\/2022\/02\/image-409.jpg\",\"datePublished\":\"2022-02-15T15:33:15+00:00\",\"dateModified\":\"2025-02-28T10:30:06+00:00\",\"description\":\"descubre la bolsa Adidas Teardrop. mejora tu rendimiento en el golpeo y garantiza tu seguridad. C\u00f3mprala en nuestra web www.daisho.be|Daisho\",\"breadcrumb\":{\"@id\":\"https:\/\/www.daisho.be\/es\/produit\/bolsa-adidas-teardrop\/#breadcrumb\"},\"inLanguage\":\"es\",\"potentialAction\":[{\"@type\":\"ReadAction\",\"target\":[\"https:\/\/www.daisho.be\/es\/produit\/bolsa-adidas-teardrop\/\"]}]},{\"@type\":\"ImageObject\",\"inLanguage\":\"es\",\"@id\":\"https:\/\/www.daisho.be\/es\/produit\/bolsa-adidas-teardrop\/#primaryimage\",\"url\":\"https:\/\/www.daisho.be\/wp-content\/uploads\/2022\/02\/image-409.jpg\",\"contentUrl\":\"https:\/\/www.daisho.be\/wp-content\/uploads\/2022\/02\/image-409.jpg\",\"width\":600,\"height\":600,\"caption\":\"Bolsa adidas Teardrop Bag-1\"},{\"@type\":\"BreadcrumbList\",\"@id\":\"https:\/\/www.daisho.be\/es\/produit\/bolsa-adidas-teardrop\/#breadcrumb\",\"itemListElement\":[{\"@type\":\"ListItem\",\"position\":1,\"name\":\"Accueil\",\"item\":\"https:\/\/www.daisho.be\/es\/\"},{\"@type\":\"ListItem\",\"position\":2,\"name\":\"Productos\",\"item\":\"https:\/\/www.daisho.be\/es\/productos\/\"},{\"@type\":\"ListItem\",\"position\":3,\"name\":\"ADIDAS COMBAT SPORTS\",\"item\":\"https:\/\/www.daisho.be\/es\/categorie-produit\/adidas-combat-sports-es\/\"},{\"@type\":\"ListItem\",\"position\":4,\"name\":\"MMA\",\"item\":\"https:\/\/www.daisho.be\/es\/categorie-produit\/adidas-combat-sports-es\/mma-es-2\/\"},{\"@type\":\"ListItem\",\"position\":5,\"name\":\"Sacos de boxeo y accesorios de entrenamiento\",\"item\":\"https:\/\/www.daisho.be\/es\/categorie-produit\/adidas-combat-sports-es\/mma-es-2\/sacos-de-boxeo-y-accesorios-de-entrenamiento\/\"},{\"@type\":\"ListItem\",\"position\":6,\"name\":\"Bolsa l\u00e1grima Adidas\"}]},{\"@type\":\"WebSite\",\"@id\":\"https:\/\/www.daisho.be\/es\/#website\",\"url\":\"https:\/\/www.daisho.be\/es\/\",\"name\":\"Daisho\",\"description\":\"Sp&eacute;cialiste de l'&eacute;quipement sportif d'arts martiaux\",\"publisher\":{\"@id\":\"https:\/\/www.daisho.be\/es\/#organization\"},\"potentialAction\":[{\"@type\":\"SearchAction\",\"target\":{\"@type\":\"EntryPoint\",\"urlTemplate\":\"https:\/\/www.daisho.be\/es\/?s={search_term_string}\"},\"query-input\":{\"@type\":\"PropertyValueSpecification\",\"valueRequired\":true,\"valueName\":\"search_term_string\"}}],\"inLanguage\":\"es\"},{\"@type\":\"Organization\",\"@id\":\"https:\/\/www.daisho.be\/es\/#organization\",\"name\":\"Daisho\",\"url\":\"https:\/\/www.daisho.be\/es\/\",\"logo\":{\"@type\":\"ImageObject\",\"inLanguage\":\"es\",\"@id\":\"https:\/\/www.daisho.be\/es\/#\/schema\/logo\/image\/\",\"url\":\"https:\/\/www.daisho.be\/wp-content\/uploads\/2019\/07\/color-nothing-horizontale4x-e1564486100247.png\",\"contentUrl\":\"https:\/\/www.daisho.be\/wp-content\/uploads\/2019\/07\/color-nothing-horizontale4x-e1564486100247.png\",\"width\":1547,\"height\":385,\"caption\":\"Daisho\"},\"image\":{\"@id\":\"https:\/\/www.daisho.be\/es\/#\/schema\/logo\/image\/\"}}]}<\/script>\n<!-- \/ Yoast SEO plugin. -->","yoast_head_json":{"title":"Bolsa l\u00e1grima Adidas &#8211; Daisho","description":"descubre la bolsa Adidas Teardrop. mejora tu rendimiento en el golpeo y garantiza tu seguridad. C\u00f3mprala en nuestra web www.daisho.be|Daisho","robots":{"index":"index","follow":"follow","max-snippet":"max-snippet:-1","max-image-preview":"max-image-preview:large","max-video-preview":"max-video-preview:-1"},"canonical":"https:\/\/www.daisho.be\/es\/produit\/bolsa-adidas-teardrop\/","og_locale":"es_ES","og_type":"article","og_title":"Bolsa l\u00e1grima Adidas &#8211; Daisho","og_description":"descubre la bolsa Adidas Teardrop. mejora tu rendimiento en el golpeo y garantiza tu seguridad. C\u00f3mprala en nuestra web www.daisho.be|Daisho","og_url":"https:\/\/www.daisho.be\/es\/produit\/bolsa-adidas-teardrop\/","og_site_name":"Daisho","article_modified_time":"2025-02-28T10:30:06+00:00","og_image":[{"width":600,"height":600,"url":"https:\/\/www.daisho.be\/wp-content\/uploads\/2022\/02\/image-409.jpg","type":"image\/jpeg"}],"twitter_card":"summary_large_image","twitter_misc":{"Tiempo de lectura":"1 minuto"},"schema":{"@context":"https:\/\/schema.org","@graph":[{"@type":"WebPage","@id":"https:\/\/www.daisho.be\/es\/produit\/bolsa-adidas-teardrop\/","url":"https:\/\/www.daisho.be\/es\/produit\/bolsa-adidas-teardrop\/","name":"Bolsa l\u00e1grima Adidas &#8211; Daisho","isPartOf":{"@id":"https:\/\/www.daisho.be\/es\/#website"},"primaryImageOfPage":{"@id":"https:\/\/www.daisho.be\/es\/produit\/bolsa-adidas-teardrop\/#primaryimage"},"image":{"@id":"https:\/\/www.daisho.be\/es\/produit\/bolsa-adidas-teardrop\/#primaryimage"},"thumbnailUrl":"https:\/\/www.daisho.be\/wp-content\/uploads\/2022\/02\/image-409.jpg","datePublished":"2022-02-15T15:33:15+00:00","dateModified":"2025-02-28T10:30:06+00:00","description":"descubre la bolsa Adidas Teardrop. mejora tu rendimiento en el golpeo y garantiza tu seguridad. C\u00f3mprala en nuestra web www.daisho.be|Daisho","breadcrumb":{"@id":"https:\/\/www.daisho.be\/es\/produit\/bolsa-adidas-teardrop\/#breadcrumb"},"inLanguage":"es","potentialAction":[{"@type":"ReadAction","target":["https:\/\/www.daisho.be\/es\/produit\/bolsa-adidas-teardrop\/"]}]},{"@type":"ImageObject","inLanguage":"es","@id":"https:\/\/www.daisho.be\/es\/produit\/bolsa-adidas-teardrop\/#primaryimage","url":"https:\/\/www.daisho.be\/wp-content\/uploads\/2022\/02\/image-409.jpg","contentUrl":"https:\/\/www.daisho.be\/wp-content\/uploads\/2022\/02\/image-409.jpg","width":600,"height":600,"caption":"Bolsa adidas Teardrop Bag-1"},{"@type":"BreadcrumbList","@id":"https:\/\/www.daisho.be\/es\/produit\/bolsa-adidas-teardrop\/#breadcrumb","itemListElement":[{"@type":"ListItem","position":1,"name":"Accueil","item":"https:\/\/www.daisho.be\/es\/"},{"@type":"ListItem","position":2,"name":"Productos","item":"https:\/\/www.daisho.be\/es\/productos\/"},{"@type":"ListItem","position":3,"name":"ADIDAS COMBAT SPORTS","item":"https:\/\/www.daisho.be\/es\/categorie-produit\/adidas-combat-sports-es\/"},{"@type":"ListItem","position":4,"name":"MMA","item":"https:\/\/www.daisho.be\/es\/categorie-produit\/adidas-combat-sports-es\/mma-es-2\/"},{"@type":"ListItem","position":5,"name":"Sacos de boxeo y accesorios de entrenamiento","item":"https:\/\/www.daisho.be\/es\/categorie-produit\/adidas-combat-sports-es\/mma-es-2\/sacos-de-boxeo-y-accesorios-de-entrenamiento\/"},{"@type":"ListItem","position":6,"name":"Bolsa l\u00e1grima Adidas"}]},{"@type":"WebSite","@id":"https:\/\/www.daisho.be\/es\/#website","url":"https:\/\/www.daisho.be\/es\/","name":"Daisho","description":"Sp&eacute;cialiste de l'&eacute;quipement sportif d'arts martiaux","publisher":{"@id":"https:\/\/www.daisho.be\/es\/#organization"},"potentialAction":[{"@type":"SearchAction","target":{"@type":"EntryPoint","urlTemplate":"https:\/\/www.daisho.be\/es\/?s={search_term_string}"},"query-input":{"@type":"PropertyValueSpecification","valueRequired":true,"valueName":"search_term_string"}}],"inLanguage":"es"},{"@type":"Organization","@id":"https:\/\/www.daisho.be\/es\/#organization","name":"Daisho","url":"https:\/\/www.daisho.be\/es\/","logo":{"@type":"ImageObject","inLanguage":"es","@id":"https:\/\/www.daisho.be\/es\/#\/schema\/logo\/image\/","url":"https:\/\/www.daisho.be\/wp-content\/uploads\/2019\/07\/color-nothing-horizontale4x-e1564486100247.png","contentUrl":"https:\/\/www.daisho.be\/wp-content\/uploads\/2019\/07\/color-nothing-horizontale4x-e1564486100247.png","width":1547,"height":385,"caption":"Daisho"},"image":{"@id":"https:\/\/www.daisho.be\/es\/#\/schema\/logo\/image\/"}}]}},"_links":{"self":[{"href":"https:\/\/www.daisho.be\/es\/wp-json\/wp\/v2\/product\/357291","targetHints":{"allow":["GET"]}}],"collection":[{"href":"https:\/\/www.daisho.be\/es\/wp-json\/wp\/v2\/product"}],"about":[{"href":"https:\/\/www.daisho.be\/es\/wp-json\/wp\/v2\/types\/product"}],"replies":[{"embeddable":true,"href":"https:\/\/www.daisho.be\/es\/wp-json\/wp\/v2\/comments?post=357291"}],"wp:featuredmedia":[{"embeddable":true,"href":"https:\/\/www.daisho.be\/es\/wp-json\/wp\/v2\/media\/332437"}],"wp:attachment":[{"href":"https:\/\/www.daisho.be\/es\/wp-json\/wp\/v2\/media?parent=357291"}],"wp:term":[{"taxonomy":"product_brand","embeddable":true,"href":"https:\/\/www.daisho.be\/es\/wp-json\/wp\/v2\/product_brand?post=357291"},{"taxonomy":"product_cat","embeddable":true,"href":"https:\/\/www.daisho.be\/es\/wp-json\/wp\/v2\/product_cat?post=357291"},{"taxonomy":"product_tag","embeddable":true,"href":"https:\/\/www.daisho.be\/es\/wp-json\/wp\/v2\/product_tag?post=357291"},{"taxonomy":"sport","embeddable":true,"href":"https:\/\/www.daisho.be\/es\/wp-json\/wp\/v2\/sport?post=357291"}],"curies":[{"name":"wp","href":"https:\/\/api.w.org\/{rel}","templated":true}]}}