{"id":357194,"date":"2022-02-15T15:43:04","date_gmt":"2022-02-15T14:43:04","guid":{"rendered":"https:\/\/www.daisho.be\/produit\/pantalon-corto-adidas-sth02-shock-kickboxing-rojo-negro\/"},"modified":"2025-02-28T15:32:32","modified_gmt":"2025-02-28T14:32:32","slug":"pantalon-corto-adidas-sth02-shock-kickboxing-rojo-negro","status":"publish","type":"product","link":"https:\/\/www.daisho.be\/es\/produit\/pantalon-corto-adidas-sth02-shock-kickboxing-rojo-negro\/","title":{"rendered":"Pantal\u00f3n corto adidas STH02 Shock Kickboxing Rojo\/Negro"},"content":{"rendered":"<p>Este pantal\u00f3n corto de adidas est\u00e1 fabricado con un nuevo material transpirable y que absorbe la humedad llamado Micro Diamond Fabric. Pantal\u00f3n corto de 110 g con estampado sublimado y cintura de 10 cm de ancho.  No es comparable al sat\u00e9n est\u00e1ndar de la mayor\u00eda de los dem\u00e1s pantalones cortos. Los pantalones cortos tienen una abertura para garantizar la perfecta libertad de movimiento necesaria durante el ejercicio.<br \/>\nVentajas:<br \/>\n&#8211; nuevo material<br \/>\n&#8211; gran libertad de movimiento<br \/>\n&#8211; robusto y duradero<br \/>\n&#8211; dise\u00f1os atractivos<\/p>\n","protected":false},"excerpt":{"rendered":"<p>Este pantal\u00f3n corto de adidas est\u00e1 fabricado con un nuevo material transpirable y que absorbe la humedad llamado Micro Diamond Fabric. Pantal\u00f3n corto de 110 g con estampado sublimado y cintura de 10 cm de ancho. No es comparable al sat\u00e9n est\u00e1ndar de la mayor\u00eda de los dem\u00e1s pantalones cortos. Los pantalones cortos tienen una [&hellip;]<\/p>\n","protected":false},"featured_media":332260,"comment_status":"open","ping_status":"closed","template":"","meta":{"inline_featured_image":false},"product_brand":[],"product_cat":[1689],"product_tag":[1560],"sport":[],"class_list":{"0":"post-357194","1":"product","2":"type-product","3":"status-publish","4":"has-post-thumbnail","6":"product_cat-ropa-adidas-kickboxing","7":"product_tag-adidas-es","8":"pa_size-l","9":"pa_size-m","10":"pa_size-s","11":"pa_size-xl","12":"pa_size-xs","13":"pa_size-xxs","15":"first","16":"instock","17":"taxable","18":"shipping-taxable","19":"purchasable","20":"product-type-variable"},"yoast_head":"<!-- This site is optimized with the Yoast SEO plugin v27.2 - https:\/\/yoast.com\/product\/yoast-seo-wordpress\/ -->\n<title>Pantal\u00f3n corto adidas STH02 Shock Kickboxing Rojo\/Negro &#8211; Daisho<\/title>\n<meta name=\"description\" content=\"Los pantalones cortos de kickboxing Adidas est\u00e1n dise\u00f1ados para evacuar la humedad y optimizar la ventilaci\u00f3n. Encu\u00e9ntralos en www.daisho.be|DAisho\" \/>\n<meta name=\"robots\" content=\"index, follow, max-snippet:-1, max-image-preview:large, max-video-preview:-1\" \/>\n<link rel=\"canonical\" href=\"https:\/\/www.daisho.be\/es\/produit\/pantalon-corto-adidas-sth02-shock-kickboxing-rojo-negro\/\" \/>\n<meta property=\"og:locale\" content=\"es_ES\" \/>\n<meta property=\"og:type\" content=\"article\" \/>\n<meta property=\"og:title\" content=\"Pantal\u00f3n corto adidas STH02 Shock Kickboxing Rojo\/Negro &#8211; Daisho\" \/>\n<meta property=\"og:description\" content=\"Los pantalones cortos de kickboxing Adidas est\u00e1n dise\u00f1ados para evacuar la humedad y optimizar la ventilaci\u00f3n. Encu\u00e9ntralos en www.daisho.be|DAisho\" \/>\n<meta property=\"og:url\" content=\"https:\/\/www.daisho.be\/es\/produit\/pantalon-corto-adidas-sth02-shock-kickboxing-rojo-negro\/\" \/>\n<meta property=\"og:site_name\" content=\"Daisho\" \/>\n<meta property=\"article:modified_time\" content=\"2025-02-28T14:32:32+00:00\" \/>\n<meta property=\"og:image\" content=\"https:\/\/www.daisho.be\/wp-content\/uploads\/2022\/02\/image-352.jpg\" \/>\n\t<meta property=\"og:image:width\" content=\"650\" \/>\n\t<meta property=\"og:image:height\" content=\"650\" \/>\n\t<meta property=\"og:image:type\" content=\"image\/jpeg\" \/>\n<meta name=\"twitter:card\" content=\"summary_large_image\" \/>\n<script type=\"application\/ld+json\" class=\"yoast-schema-graph\">{\"@context\":\"https:\/\/schema.org\",\"@graph\":[{\"@type\":\"WebPage\",\"@id\":\"https:\/\/www.daisho.be\/es\/produit\/pantalon-corto-adidas-sth02-shock-kickboxing-rojo-negro\/\",\"url\":\"https:\/\/www.daisho.be\/es\/produit\/pantalon-corto-adidas-sth02-shock-kickboxing-rojo-negro\/\",\"name\":\"Pantal\u00f3n corto adidas STH02 Shock Kickboxing Rojo\/Negro &#8211; Daisho\",\"isPartOf\":{\"@id\":\"https:\/\/www.daisho.be\/es\/#website\"},\"primaryImageOfPage\":{\"@id\":\"https:\/\/www.daisho.be\/es\/produit\/pantalon-corto-adidas-sth02-shock-kickboxing-rojo-negro\/#primaryimage\"},\"image\":{\"@id\":\"https:\/\/www.daisho.be\/es\/produit\/pantalon-corto-adidas-sth02-shock-kickboxing-rojo-negro\/#primaryimage\"},\"thumbnailUrl\":\"https:\/\/www.daisho.be\/wp-content\/uploads\/2022\/02\/image-352.jpg\",\"datePublished\":\"2022-02-15T14:43:04+00:00\",\"dateModified\":\"2025-02-28T14:32:32+00:00\",\"description\":\"Los pantalones cortos de kickboxing Adidas est\u00e1n dise\u00f1ados para evacuar la humedad y optimizar la ventilaci\u00f3n. Encu\u00e9ntralos en www.daisho.be|DAisho\",\"breadcrumb\":{\"@id\":\"https:\/\/www.daisho.be\/es\/produit\/pantalon-corto-adidas-sth02-shock-kickboxing-rojo-negro\/#breadcrumb\"},\"inLanguage\":\"es\",\"potentialAction\":[{\"@type\":\"ReadAction\",\"target\":[\"https:\/\/www.daisho.be\/es\/produit\/pantalon-corto-adidas-sth02-shock-kickboxing-rojo-negro\/\"]}]},{\"@type\":\"ImageObject\",\"inLanguage\":\"es\",\"@id\":\"https:\/\/www.daisho.be\/es\/produit\/pantalon-corto-adidas-sth02-shock-kickboxing-rojo-negro\/#primaryimage\",\"url\":\"https:\/\/www.daisho.be\/wp-content\/uploads\/2022\/02\/image-352.jpg\",\"contentUrl\":\"https:\/\/www.daisho.be\/wp-content\/uploads\/2022\/02\/image-352.jpg\",\"width\":650,\"height\":650,\"caption\":\"Pantal\u00f3n corto adidas STH02 Shock Kickboxing Rojo\/Negro-1\"},{\"@type\":\"BreadcrumbList\",\"@id\":\"https:\/\/www.daisho.be\/es\/produit\/pantalon-corto-adidas-sth02-shock-kickboxing-rojo-negro\/#breadcrumb\",\"itemListElement\":[{\"@type\":\"ListItem\",\"position\":1,\"name\":\"Accueil\",\"item\":\"https:\/\/www.daisho.be\/es\/\"},{\"@type\":\"ListItem\",\"position\":2,\"name\":\"Productos\",\"item\":\"https:\/\/www.daisho.be\/es\/productos\/\"},{\"@type\":\"ListItem\",\"position\":3,\"name\":\"ADIDAS COMBAT SPORTS\",\"item\":\"https:\/\/www.daisho.be\/es\/categorie-produit\/adidas-combat-sports-es\/\"},{\"@type\":\"ListItem\",\"position\":4,\"name\":\"Kick-Boxing\",\"item\":\"https:\/\/www.daisho.be\/es\/categorie-produit\/adidas-combat-sports-es\/kick-boxing-es-2\/\"},{\"@type\":\"ListItem\",\"position\":5,\"name\":\"Ropa Adidas Kickboxing\",\"item\":\"https:\/\/www.daisho.be\/es\/categorie-produit\/adidas-combat-sports-es\/kick-boxing-es-2\/ropa-adidas-kickboxing\/\"},{\"@type\":\"ListItem\",\"position\":6,\"name\":\"Pantal\u00f3n corto adidas STH02 Shock Kickboxing Rojo\/Negro\"}]},{\"@type\":\"WebSite\",\"@id\":\"https:\/\/www.daisho.be\/es\/#website\",\"url\":\"https:\/\/www.daisho.be\/es\/\",\"name\":\"Daisho\",\"description\":\"Sp&eacute;cialiste de l'&eacute;quipement sportif d'arts martiaux\",\"publisher\":{\"@id\":\"https:\/\/www.daisho.be\/es\/#organization\"},\"potentialAction\":[{\"@type\":\"SearchAction\",\"target\":{\"@type\":\"EntryPoint\",\"urlTemplate\":\"https:\/\/www.daisho.be\/es\/?s={search_term_string}\"},\"query-input\":{\"@type\":\"PropertyValueSpecification\",\"valueRequired\":true,\"valueName\":\"search_term_string\"}}],\"inLanguage\":\"es\"},{\"@type\":\"Organization\",\"@id\":\"https:\/\/www.daisho.be\/es\/#organization\",\"name\":\"Daisho\",\"url\":\"https:\/\/www.daisho.be\/es\/\",\"logo\":{\"@type\":\"ImageObject\",\"inLanguage\":\"es\",\"@id\":\"https:\/\/www.daisho.be\/es\/#\/schema\/logo\/image\/\",\"url\":\"https:\/\/www.daisho.be\/wp-content\/uploads\/2019\/07\/color-nothing-horizontale4x-e1564486100247.png\",\"contentUrl\":\"https:\/\/www.daisho.be\/wp-content\/uploads\/2019\/07\/color-nothing-horizontale4x-e1564486100247.png\",\"width\":1547,\"height\":385,\"caption\":\"Daisho\"},\"image\":{\"@id\":\"https:\/\/www.daisho.be\/es\/#\/schema\/logo\/image\/\"}}]}<\/script>\n<!-- \/ Yoast SEO plugin. -->","yoast_head_json":{"title":"Pantal\u00f3n corto adidas STH02 Shock Kickboxing Rojo\/Negro &#8211; Daisho","description":"Los pantalones cortos de kickboxing Adidas est\u00e1n dise\u00f1ados para evacuar la humedad y optimizar la ventilaci\u00f3n. Encu\u00e9ntralos en www.daisho.be|DAisho","robots":{"index":"index","follow":"follow","max-snippet":"max-snippet:-1","max-image-preview":"max-image-preview:large","max-video-preview":"max-video-preview:-1"},"canonical":"https:\/\/www.daisho.be\/es\/produit\/pantalon-corto-adidas-sth02-shock-kickboxing-rojo-negro\/","og_locale":"es_ES","og_type":"article","og_title":"Pantal\u00f3n corto adidas STH02 Shock Kickboxing Rojo\/Negro &#8211; Daisho","og_description":"Los pantalones cortos de kickboxing Adidas est\u00e1n dise\u00f1ados para evacuar la humedad y optimizar la ventilaci\u00f3n. Encu\u00e9ntralos en www.daisho.be|DAisho","og_url":"https:\/\/www.daisho.be\/es\/produit\/pantalon-corto-adidas-sth02-shock-kickboxing-rojo-negro\/","og_site_name":"Daisho","article_modified_time":"2025-02-28T14:32:32+00:00","og_image":[{"width":650,"height":650,"url":"https:\/\/www.daisho.be\/wp-content\/uploads\/2022\/02\/image-352.jpg","type":"image\/jpeg"}],"twitter_card":"summary_large_image","schema":{"@context":"https:\/\/schema.org","@graph":[{"@type":"WebPage","@id":"https:\/\/www.daisho.be\/es\/produit\/pantalon-corto-adidas-sth02-shock-kickboxing-rojo-negro\/","url":"https:\/\/www.daisho.be\/es\/produit\/pantalon-corto-adidas-sth02-shock-kickboxing-rojo-negro\/","name":"Pantal\u00f3n corto adidas STH02 Shock Kickboxing Rojo\/Negro &#8211; Daisho","isPartOf":{"@id":"https:\/\/www.daisho.be\/es\/#website"},"primaryImageOfPage":{"@id":"https:\/\/www.daisho.be\/es\/produit\/pantalon-corto-adidas-sth02-shock-kickboxing-rojo-negro\/#primaryimage"},"image":{"@id":"https:\/\/www.daisho.be\/es\/produit\/pantalon-corto-adidas-sth02-shock-kickboxing-rojo-negro\/#primaryimage"},"thumbnailUrl":"https:\/\/www.daisho.be\/wp-content\/uploads\/2022\/02\/image-352.jpg","datePublished":"2022-02-15T14:43:04+00:00","dateModified":"2025-02-28T14:32:32+00:00","description":"Los pantalones cortos de kickboxing Adidas est\u00e1n dise\u00f1ados para evacuar la humedad y optimizar la ventilaci\u00f3n. Encu\u00e9ntralos en www.daisho.be|DAisho","breadcrumb":{"@id":"https:\/\/www.daisho.be\/es\/produit\/pantalon-corto-adidas-sth02-shock-kickboxing-rojo-negro\/#breadcrumb"},"inLanguage":"es","potentialAction":[{"@type":"ReadAction","target":["https:\/\/www.daisho.be\/es\/produit\/pantalon-corto-adidas-sth02-shock-kickboxing-rojo-negro\/"]}]},{"@type":"ImageObject","inLanguage":"es","@id":"https:\/\/www.daisho.be\/es\/produit\/pantalon-corto-adidas-sth02-shock-kickboxing-rojo-negro\/#primaryimage","url":"https:\/\/www.daisho.be\/wp-content\/uploads\/2022\/02\/image-352.jpg","contentUrl":"https:\/\/www.daisho.be\/wp-content\/uploads\/2022\/02\/image-352.jpg","width":650,"height":650,"caption":"Pantal\u00f3n corto adidas STH02 Shock Kickboxing Rojo\/Negro-1"},{"@type":"BreadcrumbList","@id":"https:\/\/www.daisho.be\/es\/produit\/pantalon-corto-adidas-sth02-shock-kickboxing-rojo-negro\/#breadcrumb","itemListElement":[{"@type":"ListItem","position":1,"name":"Accueil","item":"https:\/\/www.daisho.be\/es\/"},{"@type":"ListItem","position":2,"name":"Productos","item":"https:\/\/www.daisho.be\/es\/productos\/"},{"@type":"ListItem","position":3,"name":"ADIDAS COMBAT SPORTS","item":"https:\/\/www.daisho.be\/es\/categorie-produit\/adidas-combat-sports-es\/"},{"@type":"ListItem","position":4,"name":"Kick-Boxing","item":"https:\/\/www.daisho.be\/es\/categorie-produit\/adidas-combat-sports-es\/kick-boxing-es-2\/"},{"@type":"ListItem","position":5,"name":"Ropa Adidas Kickboxing","item":"https:\/\/www.daisho.be\/es\/categorie-produit\/adidas-combat-sports-es\/kick-boxing-es-2\/ropa-adidas-kickboxing\/"},{"@type":"ListItem","position":6,"name":"Pantal\u00f3n corto adidas STH02 Shock Kickboxing Rojo\/Negro"}]},{"@type":"WebSite","@id":"https:\/\/www.daisho.be\/es\/#website","url":"https:\/\/www.daisho.be\/es\/","name":"Daisho","description":"Sp&eacute;cialiste de l'&eacute;quipement sportif d'arts martiaux","publisher":{"@id":"https:\/\/www.daisho.be\/es\/#organization"},"potentialAction":[{"@type":"SearchAction","target":{"@type":"EntryPoint","urlTemplate":"https:\/\/www.daisho.be\/es\/?s={search_term_string}"},"query-input":{"@type":"PropertyValueSpecification","valueRequired":true,"valueName":"search_term_string"}}],"inLanguage":"es"},{"@type":"Organization","@id":"https:\/\/www.daisho.be\/es\/#organization","name":"Daisho","url":"https:\/\/www.daisho.be\/es\/","logo":{"@type":"ImageObject","inLanguage":"es","@id":"https:\/\/www.daisho.be\/es\/#\/schema\/logo\/image\/","url":"https:\/\/www.daisho.be\/wp-content\/uploads\/2019\/07\/color-nothing-horizontale4x-e1564486100247.png","contentUrl":"https:\/\/www.daisho.be\/wp-content\/uploads\/2019\/07\/color-nothing-horizontale4x-e1564486100247.png","width":1547,"height":385,"caption":"Daisho"},"image":{"@id":"https:\/\/www.daisho.be\/es\/#\/schema\/logo\/image\/"}}]}},"_links":{"self":[{"href":"https:\/\/www.daisho.be\/es\/wp-json\/wp\/v2\/product\/357194","targetHints":{"allow":["GET"]}}],"collection":[{"href":"https:\/\/www.daisho.be\/es\/wp-json\/wp\/v2\/product"}],"about":[{"href":"https:\/\/www.daisho.be\/es\/wp-json\/wp\/v2\/types\/product"}],"replies":[{"embeddable":true,"href":"https:\/\/www.daisho.be\/es\/wp-json\/wp\/v2\/comments?post=357194"}],"wp:featuredmedia":[{"embeddable":true,"href":"https:\/\/www.daisho.be\/es\/wp-json\/wp\/v2\/media\/332260"}],"wp:attachment":[{"href":"https:\/\/www.daisho.be\/es\/wp-json\/wp\/v2\/media?parent=357194"}],"wp:term":[{"taxonomy":"product_brand","embeddable":true,"href":"https:\/\/www.daisho.be\/es\/wp-json\/wp\/v2\/product_brand?post=357194"},{"taxonomy":"product_cat","embeddable":true,"href":"https:\/\/www.daisho.be\/es\/wp-json\/wp\/v2\/product_cat?post=357194"},{"taxonomy":"product_tag","embeddable":true,"href":"https:\/\/www.daisho.be\/es\/wp-json\/wp\/v2\/product_tag?post=357194"},{"taxonomy":"sport","embeddable":true,"href":"https:\/\/www.daisho.be\/es\/wp-json\/wp\/v2\/sport?post=357194"}],"curies":[{"name":"wp","href":"https:\/\/api.w.org\/{rel}","templated":true}]}}