{"id":357029,"date":"2022-01-31T09:14:53","date_gmt":"2022-01-31T08:14:53","guid":{"rendered":"https:\/\/www.daisho.be\/produit\/guantes-adidas-speed-mma\/"},"modified":"2025-03-03T14:07:54","modified_gmt":"2025-03-03T13:07:54","slug":"guantes-adidas-speed-mma","status":"publish","type":"product","link":"https:\/\/www.daisho.be\/es\/produit\/guantes-adidas-speed-mma\/","title":{"rendered":"Guantes adidas Speed MMA"},"content":{"rendered":"<p>Estos guantes de MMA est\u00e1n fabricados con piel de primera calidad. El cierre de velcro es de PU. La amortiguaci\u00f3n es de espuma EVA de 35 mm de grosor con gel que rebota bien. El interior est\u00e1 forrado con un material de secado r\u00e1pido para mayor comodidad y durabilidad. <\/p>\n<p>Los guantes son ligeros, lo que permite una mayor velocidad de golpeo. Estos guantes de MMA son adecuados para MMA, grappling y sparring libre, as\u00ed como para entrenamiento con saco y almohadilla. Ventajas: &#8211; Cierre de velcro &#8211; ajuste perfecto &#8211; Tecnolog\u00eda Icomfort + &#8211; Acolchado de 35 mm de grosor    <\/p>\n","protected":false},"excerpt":{"rendered":"<p>Estos guantes de MMA est\u00e1n fabricados con piel de primera calidad. El cierre de velcro es de PU. La amortiguaci\u00f3n es de espuma EVA de 35 mm de grosor con gel que rebota bien. El interior est\u00e1 forrado con un material de secado r\u00e1pido para mayor comodidad y durabilidad. Los guantes son ligeros, lo que [&hellip;]<\/p>\n","protected":false},"featured_media":331783,"comment_status":"open","ping_status":"closed","template":"","meta":{"inline_featured_image":false},"product_brand":[],"product_cat":[1595],"product_tag":[1560],"sport":[],"class_list":{"0":"post-357029","1":"product","2":"type-product","3":"status-publish","4":"has-post-thumbnail","6":"product_cat-almohadillas-adidas-para-mma","7":"product_tag-adidas-es","8":"pa_size-l","9":"pa_size-m","10":"pa_size-s","11":"pa_size-xl","13":"first","14":"instock","15":"taxable","16":"shipping-taxable","17":"purchasable","18":"product-type-variable"},"yoast_head":"<!-- This site is optimized with the Yoast SEO plugin v27.2 - https:\/\/yoast.com\/product\/yoast-seo-wordpress\/ -->\n<title>Guantes adidas Speed MMA &#8211; Daisho<\/title>\n<meta name=\"description\" content=\"Descubre los guantes de MMA dise\u00f1ados para ofrecer una comodidad \u00f3ptima y una calidad superior. C\u00f3mpralos en www.daisho.be|Daisho\" \/>\n<meta name=\"robots\" content=\"index, follow, max-snippet:-1, max-image-preview:large, max-video-preview:-1\" \/>\n<link rel=\"canonical\" href=\"https:\/\/www.daisho.be\/es\/produit\/guantes-adidas-speed-mma\/\" \/>\n<meta property=\"og:locale\" content=\"es_ES\" \/>\n<meta property=\"og:type\" content=\"article\" \/>\n<meta property=\"og:title\" content=\"Guantes adidas Speed MMA &#8211; Daisho\" \/>\n<meta property=\"og:description\" content=\"Descubre los guantes de MMA dise\u00f1ados para ofrecer una comodidad \u00f3ptima y una calidad superior. C\u00f3mpralos en www.daisho.be|Daisho\" \/>\n<meta property=\"og:url\" content=\"https:\/\/www.daisho.be\/es\/produit\/guantes-adidas-speed-mma\/\" \/>\n<meta property=\"og:site_name\" content=\"Daisho\" \/>\n<meta property=\"article:modified_time\" content=\"2025-03-03T13:07:54+00:00\" \/>\n<meta property=\"og:image\" content=\"https:\/\/www.daisho.be\/wp-content\/uploads\/2022\/02\/image-196.jpg\" \/>\n\t<meta property=\"og:image:width\" content=\"650\" \/>\n\t<meta property=\"og:image:height\" content=\"650\" \/>\n\t<meta property=\"og:image:type\" content=\"image\/jpeg\" \/>\n<meta name=\"twitter:card\" content=\"summary_large_image\" \/>\n<meta name=\"twitter:label1\" content=\"Tiempo de lectura\" \/>\n\t<meta name=\"twitter:data1\" content=\"1 minuto\" \/>\n<script type=\"application\/ld+json\" class=\"yoast-schema-graph\">{\"@context\":\"https:\/\/schema.org\",\"@graph\":[{\"@type\":\"WebPage\",\"@id\":\"https:\/\/www.daisho.be\/es\/produit\/guantes-adidas-speed-mma\/\",\"url\":\"https:\/\/www.daisho.be\/es\/produit\/guantes-adidas-speed-mma\/\",\"name\":\"Guantes adidas Speed MMA &#8211; Daisho\",\"isPartOf\":{\"@id\":\"https:\/\/www.daisho.be\/es\/#website\"},\"primaryImageOfPage\":{\"@id\":\"https:\/\/www.daisho.be\/es\/produit\/guantes-adidas-speed-mma\/#primaryimage\"},\"image\":{\"@id\":\"https:\/\/www.daisho.be\/es\/produit\/guantes-adidas-speed-mma\/#primaryimage\"},\"thumbnailUrl\":\"https:\/\/www.daisho.be\/wp-content\/uploads\/2022\/02\/image-196.jpg\",\"datePublished\":\"2022-01-31T08:14:53+00:00\",\"dateModified\":\"2025-03-03T13:07:54+00:00\",\"description\":\"Descubre los guantes de MMA dise\u00f1ados para ofrecer una comodidad \u00f3ptima y una calidad superior. C\u00f3mpralos en www.daisho.be|Daisho\",\"breadcrumb\":{\"@id\":\"https:\/\/www.daisho.be\/es\/produit\/guantes-adidas-speed-mma\/#breadcrumb\"},\"inLanguage\":\"es\",\"potentialAction\":[{\"@type\":\"ReadAction\",\"target\":[\"https:\/\/www.daisho.be\/es\/produit\/guantes-adidas-speed-mma\/\"]}]},{\"@type\":\"ImageObject\",\"inLanguage\":\"es\",\"@id\":\"https:\/\/www.daisho.be\/es\/produit\/guantes-adidas-speed-mma\/#primaryimage\",\"url\":\"https:\/\/www.daisho.be\/wp-content\/uploads\/2022\/02\/image-196.jpg\",\"contentUrl\":\"https:\/\/www.daisho.be\/wp-content\/uploads\/2022\/02\/image-196.jpg\",\"width\":650,\"height\":650,\"caption\":\"Guantes adidas Speed MMA-1\"},{\"@type\":\"BreadcrumbList\",\"@id\":\"https:\/\/www.daisho.be\/es\/produit\/guantes-adidas-speed-mma\/#breadcrumb\",\"itemListElement\":[{\"@type\":\"ListItem\",\"position\":1,\"name\":\"Accueil\",\"item\":\"https:\/\/www.daisho.be\/es\/\"},{\"@type\":\"ListItem\",\"position\":2,\"name\":\"Productos\",\"item\":\"https:\/\/www.daisho.be\/es\/productos\/\"},{\"@type\":\"ListItem\",\"position\":3,\"name\":\"ADIDAS COMBAT SPORTS\",\"item\":\"https:\/\/www.daisho.be\/es\/categorie-produit\/adidas-combat-sports-es\/\"},{\"@type\":\"ListItem\",\"position\":4,\"name\":\"MMA\",\"item\":\"https:\/\/www.daisho.be\/es\/categorie-produit\/adidas-combat-sports-es\/mma-es-2\/\"},{\"@type\":\"ListItem\",\"position\":5,\"name\":\"Almohadillas Adidas para MMA\",\"item\":\"https:\/\/www.daisho.be\/es\/categorie-produit\/adidas-combat-sports-es\/mma-es-2\/almohadillas-adidas-para-mma\/\"},{\"@type\":\"ListItem\",\"position\":6,\"name\":\"Guantes adidas Speed MMA\"}]},{\"@type\":\"WebSite\",\"@id\":\"https:\/\/www.daisho.be\/es\/#website\",\"url\":\"https:\/\/www.daisho.be\/es\/\",\"name\":\"Daisho\",\"description\":\"Sp&eacute;cialiste de l'&eacute;quipement sportif d'arts martiaux\",\"publisher\":{\"@id\":\"https:\/\/www.daisho.be\/es\/#organization\"},\"potentialAction\":[{\"@type\":\"SearchAction\",\"target\":{\"@type\":\"EntryPoint\",\"urlTemplate\":\"https:\/\/www.daisho.be\/es\/?s={search_term_string}\"},\"query-input\":{\"@type\":\"PropertyValueSpecification\",\"valueRequired\":true,\"valueName\":\"search_term_string\"}}],\"inLanguage\":\"es\"},{\"@type\":\"Organization\",\"@id\":\"https:\/\/www.daisho.be\/es\/#organization\",\"name\":\"Daisho\",\"url\":\"https:\/\/www.daisho.be\/es\/\",\"logo\":{\"@type\":\"ImageObject\",\"inLanguage\":\"es\",\"@id\":\"https:\/\/www.daisho.be\/es\/#\/schema\/logo\/image\/\",\"url\":\"https:\/\/www.daisho.be\/wp-content\/uploads\/2019\/07\/color-nothing-horizontale4x-e1564486100247.png\",\"contentUrl\":\"https:\/\/www.daisho.be\/wp-content\/uploads\/2019\/07\/color-nothing-horizontale4x-e1564486100247.png\",\"width\":1547,\"height\":385,\"caption\":\"Daisho\"},\"image\":{\"@id\":\"https:\/\/www.daisho.be\/es\/#\/schema\/logo\/image\/\"}}]}<\/script>\n<!-- \/ Yoast SEO plugin. -->","yoast_head_json":{"title":"Guantes adidas Speed MMA &#8211; Daisho","description":"Descubre los guantes de MMA dise\u00f1ados para ofrecer una comodidad \u00f3ptima y una calidad superior. C\u00f3mpralos en www.daisho.be|Daisho","robots":{"index":"index","follow":"follow","max-snippet":"max-snippet:-1","max-image-preview":"max-image-preview:large","max-video-preview":"max-video-preview:-1"},"canonical":"https:\/\/www.daisho.be\/es\/produit\/guantes-adidas-speed-mma\/","og_locale":"es_ES","og_type":"article","og_title":"Guantes adidas Speed MMA &#8211; Daisho","og_description":"Descubre los guantes de MMA dise\u00f1ados para ofrecer una comodidad \u00f3ptima y una calidad superior. C\u00f3mpralos en www.daisho.be|Daisho","og_url":"https:\/\/www.daisho.be\/es\/produit\/guantes-adidas-speed-mma\/","og_site_name":"Daisho","article_modified_time":"2025-03-03T13:07:54+00:00","og_image":[{"width":650,"height":650,"url":"https:\/\/www.daisho.be\/wp-content\/uploads\/2022\/02\/image-196.jpg","type":"image\/jpeg"}],"twitter_card":"summary_large_image","twitter_misc":{"Tiempo de lectura":"1 minuto"},"schema":{"@context":"https:\/\/schema.org","@graph":[{"@type":"WebPage","@id":"https:\/\/www.daisho.be\/es\/produit\/guantes-adidas-speed-mma\/","url":"https:\/\/www.daisho.be\/es\/produit\/guantes-adidas-speed-mma\/","name":"Guantes adidas Speed MMA &#8211; Daisho","isPartOf":{"@id":"https:\/\/www.daisho.be\/es\/#website"},"primaryImageOfPage":{"@id":"https:\/\/www.daisho.be\/es\/produit\/guantes-adidas-speed-mma\/#primaryimage"},"image":{"@id":"https:\/\/www.daisho.be\/es\/produit\/guantes-adidas-speed-mma\/#primaryimage"},"thumbnailUrl":"https:\/\/www.daisho.be\/wp-content\/uploads\/2022\/02\/image-196.jpg","datePublished":"2022-01-31T08:14:53+00:00","dateModified":"2025-03-03T13:07:54+00:00","description":"Descubre los guantes de MMA dise\u00f1ados para ofrecer una comodidad \u00f3ptima y una calidad superior. C\u00f3mpralos en www.daisho.be|Daisho","breadcrumb":{"@id":"https:\/\/www.daisho.be\/es\/produit\/guantes-adidas-speed-mma\/#breadcrumb"},"inLanguage":"es","potentialAction":[{"@type":"ReadAction","target":["https:\/\/www.daisho.be\/es\/produit\/guantes-adidas-speed-mma\/"]}]},{"@type":"ImageObject","inLanguage":"es","@id":"https:\/\/www.daisho.be\/es\/produit\/guantes-adidas-speed-mma\/#primaryimage","url":"https:\/\/www.daisho.be\/wp-content\/uploads\/2022\/02\/image-196.jpg","contentUrl":"https:\/\/www.daisho.be\/wp-content\/uploads\/2022\/02\/image-196.jpg","width":650,"height":650,"caption":"Guantes adidas Speed MMA-1"},{"@type":"BreadcrumbList","@id":"https:\/\/www.daisho.be\/es\/produit\/guantes-adidas-speed-mma\/#breadcrumb","itemListElement":[{"@type":"ListItem","position":1,"name":"Accueil","item":"https:\/\/www.daisho.be\/es\/"},{"@type":"ListItem","position":2,"name":"Productos","item":"https:\/\/www.daisho.be\/es\/productos\/"},{"@type":"ListItem","position":3,"name":"ADIDAS COMBAT SPORTS","item":"https:\/\/www.daisho.be\/es\/categorie-produit\/adidas-combat-sports-es\/"},{"@type":"ListItem","position":4,"name":"MMA","item":"https:\/\/www.daisho.be\/es\/categorie-produit\/adidas-combat-sports-es\/mma-es-2\/"},{"@type":"ListItem","position":5,"name":"Almohadillas Adidas para MMA","item":"https:\/\/www.daisho.be\/es\/categorie-produit\/adidas-combat-sports-es\/mma-es-2\/almohadillas-adidas-para-mma\/"},{"@type":"ListItem","position":6,"name":"Guantes adidas Speed MMA"}]},{"@type":"WebSite","@id":"https:\/\/www.daisho.be\/es\/#website","url":"https:\/\/www.daisho.be\/es\/","name":"Daisho","description":"Sp&eacute;cialiste de l'&eacute;quipement sportif d'arts martiaux","publisher":{"@id":"https:\/\/www.daisho.be\/es\/#organization"},"potentialAction":[{"@type":"SearchAction","target":{"@type":"EntryPoint","urlTemplate":"https:\/\/www.daisho.be\/es\/?s={search_term_string}"},"query-input":{"@type":"PropertyValueSpecification","valueRequired":true,"valueName":"search_term_string"}}],"inLanguage":"es"},{"@type":"Organization","@id":"https:\/\/www.daisho.be\/es\/#organization","name":"Daisho","url":"https:\/\/www.daisho.be\/es\/","logo":{"@type":"ImageObject","inLanguage":"es","@id":"https:\/\/www.daisho.be\/es\/#\/schema\/logo\/image\/","url":"https:\/\/www.daisho.be\/wp-content\/uploads\/2019\/07\/color-nothing-horizontale4x-e1564486100247.png","contentUrl":"https:\/\/www.daisho.be\/wp-content\/uploads\/2019\/07\/color-nothing-horizontale4x-e1564486100247.png","width":1547,"height":385,"caption":"Daisho"},"image":{"@id":"https:\/\/www.daisho.be\/es\/#\/schema\/logo\/image\/"}}]}},"_links":{"self":[{"href":"https:\/\/www.daisho.be\/es\/wp-json\/wp\/v2\/product\/357029","targetHints":{"allow":["GET"]}}],"collection":[{"href":"https:\/\/www.daisho.be\/es\/wp-json\/wp\/v2\/product"}],"about":[{"href":"https:\/\/www.daisho.be\/es\/wp-json\/wp\/v2\/types\/product"}],"replies":[{"embeddable":true,"href":"https:\/\/www.daisho.be\/es\/wp-json\/wp\/v2\/comments?post=357029"}],"wp:featuredmedia":[{"embeddable":true,"href":"https:\/\/www.daisho.be\/es\/wp-json\/wp\/v2\/media\/331783"}],"wp:attachment":[{"href":"https:\/\/www.daisho.be\/es\/wp-json\/wp\/v2\/media?parent=357029"}],"wp:term":[{"taxonomy":"product_brand","embeddable":true,"href":"https:\/\/www.daisho.be\/es\/wp-json\/wp\/v2\/product_brand?post=357029"},{"taxonomy":"product_cat","embeddable":true,"href":"https:\/\/www.daisho.be\/es\/wp-json\/wp\/v2\/product_cat?post=357029"},{"taxonomy":"product_tag","embeddable":true,"href":"https:\/\/www.daisho.be\/es\/wp-json\/wp\/v2\/product_tag?post=357029"},{"taxonomy":"sport","embeddable":true,"href":"https:\/\/www.daisho.be\/es\/wp-json\/wp\/v2\/sport?post=357029"}],"curies":[{"name":"wp","href":"https:\/\/api.w.org\/{rel}","templated":true}]}}