{"id":356892,"date":"2021-08-31T15:34:27","date_gmt":"2021-08-31T13:34:27","guid":{"rendered":"https:\/\/www.daisho.be\/produit\/correas-de-boxeo-adidas-455-m-amarillo\/"},"modified":"2025-03-04T09:56:29","modified_gmt":"2025-03-04T08:56:29","slug":"correas-de-boxeo-adidas-455-m-amarillo","status":"publish","type":"product","link":"https:\/\/www.daisho.be\/es\/produit\/correas-de-boxeo-adidas-455-m-amarillo\/","title":{"rendered":"Correas de boxeo Adidas 4,55 m amarillo"},"content":{"rendered":"<p>La cinta de boxeo adidas est\u00e1 fabricada con algod\u00f3n tejido 100% suave y ligeramente el\u00e1stico, y tiene un cierre de velcro de cinco cent\u00edmetros.<br \/>\nLa cinta de boxeo mide 4,55 metros de largo y tiene un lazo para el pulgar que facilita su colocaci\u00f3n. Disponible en 5 colores.<br \/>\nLas bandas son adecuadas para todos los artistas marciales, como MMA, K1 y (kick) boxing.<br \/>\nVentajas:<br \/>\n&#8211; diferentes longitudes<br \/>\n&#8211; diferentes colores<br \/>\n&#8211; con presilla para el pulgar y velcro<br \/>\n&#8211; muy resistente y el\u00e1stica <\/p>\n","protected":false},"excerpt":{"rendered":"<p>La cinta de boxeo adidas est\u00e1 fabricada con algod\u00f3n tejido 100% suave y ligeramente el\u00e1stico, y tiene un cierre de velcro de cinco cent\u00edmetros. La cinta de boxeo mide 4,55 metros de largo y tiene un lazo para el pulgar que facilita su colocaci\u00f3n. Disponible en 5 colores. Las bandas son adecuadas para todos los [&hellip;]<\/p>\n","protected":false},"featured_media":339888,"comment_status":"open","ping_status":"closed","template":"","meta":{"inline_featured_image":false},"product_brand":[],"product_cat":[1596],"product_tag":[1560],"sport":[],"class_list":{"0":"post-356892","1":"product","2":"type-product","3":"status-publish","4":"has-post-thumbnail","6":"product_cat-protectores-de-boxeo-adidas","7":"product_tag-adidas-es","8":"pa_size-sans-taille","10":"first","11":"instock","12":"taxable","13":"shipping-taxable","14":"purchasable","15":"product-type-simple"},"yoast_head":"<!-- This site is optimized with the Yoast SEO plugin v27.2 - https:\/\/yoast.com\/product\/yoast-seo-wordpress\/ -->\n<title>Correas de boxeo Adidas 4,55 m amarillo &#8211; Daisho<\/title>\n<meta name=\"description\" content=\"Descubre los tirantes de boxeo Adidas que combinan comodidad y calidad. C\u00f3mpralos ahora en nuestra web www.daisho.be|Daisho\" \/>\n<meta name=\"robots\" content=\"index, follow, max-snippet:-1, max-image-preview:large, max-video-preview:-1\" \/>\n<link rel=\"canonical\" href=\"https:\/\/www.daisho.be\/es\/produit\/correas-de-boxeo-adidas-455-m-amarillo\/\" \/>\n<meta property=\"og:locale\" content=\"es_ES\" \/>\n<meta property=\"og:type\" content=\"article\" \/>\n<meta property=\"og:title\" content=\"Correas de boxeo Adidas 4,55 m amarillo &#8211; Daisho\" \/>\n<meta property=\"og:description\" content=\"Descubre los tirantes de boxeo Adidas que combinan comodidad y calidad. C\u00f3mpralos ahora en nuestra web www.daisho.be|Daisho\" \/>\n<meta property=\"og:url\" content=\"https:\/\/www.daisho.be\/es\/produit\/correas-de-boxeo-adidas-455-m-amarillo\/\" \/>\n<meta property=\"og:site_name\" content=\"Daisho\" \/>\n<meta property=\"article:modified_time\" content=\"2025-03-04T08:56:29+00:00\" \/>\n<meta property=\"og:image\" content=\"https:\/\/www.daisho.be\/wp-content\/uploads\/2023\/12\/image-53.jpg\" \/>\n\t<meta property=\"og:image:width\" content=\"650\" \/>\n\t<meta property=\"og:image:height\" content=\"650\" \/>\n\t<meta property=\"og:image:type\" content=\"image\/jpeg\" \/>\n<meta name=\"twitter:card\" content=\"summary_large_image\" \/>\n<script type=\"application\/ld+json\" class=\"yoast-schema-graph\">{\"@context\":\"https:\/\/schema.org\",\"@graph\":[{\"@type\":\"WebPage\",\"@id\":\"https:\/\/www.daisho.be\/es\/produit\/correas-de-boxeo-adidas-455-m-amarillo\/\",\"url\":\"https:\/\/www.daisho.be\/es\/produit\/correas-de-boxeo-adidas-455-m-amarillo\/\",\"name\":\"Correas de boxeo Adidas 4,55 m amarillo &#8211; Daisho\",\"isPartOf\":{\"@id\":\"https:\/\/www.daisho.be\/es\/#website\"},\"primaryImageOfPage\":{\"@id\":\"https:\/\/www.daisho.be\/es\/produit\/correas-de-boxeo-adidas-455-m-amarillo\/#primaryimage\"},\"image\":{\"@id\":\"https:\/\/www.daisho.be\/es\/produit\/correas-de-boxeo-adidas-455-m-amarillo\/#primaryimage\"},\"thumbnailUrl\":\"https:\/\/www.daisho.be\/wp-content\/uploads\/2023\/12\/image-53.jpg\",\"datePublished\":\"2021-08-31T13:34:27+00:00\",\"dateModified\":\"2025-03-04T08:56:29+00:00\",\"description\":\"Descubre los tirantes de boxeo Adidas que combinan comodidad y calidad. C\u00f3mpralos ahora en nuestra web www.daisho.be|Daisho\",\"breadcrumb\":{\"@id\":\"https:\/\/www.daisho.be\/es\/produit\/correas-de-boxeo-adidas-455-m-amarillo\/#breadcrumb\"},\"inLanguage\":\"es\",\"potentialAction\":[{\"@type\":\"ReadAction\",\"target\":[\"https:\/\/www.daisho.be\/es\/produit\/correas-de-boxeo-adidas-455-m-amarillo\/\"]}]},{\"@type\":\"ImageObject\",\"inLanguage\":\"es\",\"@id\":\"https:\/\/www.daisho.be\/es\/produit\/correas-de-boxeo-adidas-455-m-amarillo\/#primaryimage\",\"url\":\"https:\/\/www.daisho.be\/wp-content\/uploads\/2023\/12\/image-53.jpg\",\"contentUrl\":\"https:\/\/www.daisho.be\/wp-content\/uploads\/2023\/12\/image-53.jpg\",\"width\":650,\"height\":650,\"caption\":\"Correas de boxeo Adidas 4,55 m amarillo-1\"},{\"@type\":\"BreadcrumbList\",\"@id\":\"https:\/\/www.daisho.be\/es\/produit\/correas-de-boxeo-adidas-455-m-amarillo\/#breadcrumb\",\"itemListElement\":[{\"@type\":\"ListItem\",\"position\":1,\"name\":\"Accueil\",\"item\":\"https:\/\/www.daisho.be\/es\/\"},{\"@type\":\"ListItem\",\"position\":2,\"name\":\"Productos\",\"item\":\"https:\/\/www.daisho.be\/es\/productos\/\"},{\"@type\":\"ListItem\",\"position\":3,\"name\":\"ADIDAS COMBAT SPORTS\",\"item\":\"https:\/\/www.daisho.be\/es\/categorie-produit\/adidas-combat-sports-es\/\"},{\"@type\":\"ListItem\",\"position\":4,\"name\":\"Boxeo\",\"item\":\"https:\/\/www.daisho.be\/es\/categorie-produit\/adidas-combat-sports-es\/boxeo\/\"},{\"@type\":\"ListItem\",\"position\":5,\"name\":\"Protectores de boxeo Adidas\",\"item\":\"https:\/\/www.daisho.be\/es\/categorie-produit\/adidas-combat-sports-es\/boxeo\/protectores-de-boxeo-adidas\/\"},{\"@type\":\"ListItem\",\"position\":6,\"name\":\"Correas de boxeo Adidas 4,55 m amarillo\"}]},{\"@type\":\"WebSite\",\"@id\":\"https:\/\/www.daisho.be\/es\/#website\",\"url\":\"https:\/\/www.daisho.be\/es\/\",\"name\":\"Daisho\",\"description\":\"Sp&eacute;cialiste de l'&eacute;quipement sportif d'arts martiaux\",\"publisher\":{\"@id\":\"https:\/\/www.daisho.be\/es\/#organization\"},\"potentialAction\":[{\"@type\":\"SearchAction\",\"target\":{\"@type\":\"EntryPoint\",\"urlTemplate\":\"https:\/\/www.daisho.be\/es\/?s={search_term_string}\"},\"query-input\":{\"@type\":\"PropertyValueSpecification\",\"valueRequired\":true,\"valueName\":\"search_term_string\"}}],\"inLanguage\":\"es\"},{\"@type\":\"Organization\",\"@id\":\"https:\/\/www.daisho.be\/es\/#organization\",\"name\":\"Daisho\",\"url\":\"https:\/\/www.daisho.be\/es\/\",\"logo\":{\"@type\":\"ImageObject\",\"inLanguage\":\"es\",\"@id\":\"https:\/\/www.daisho.be\/es\/#\/schema\/logo\/image\/\",\"url\":\"https:\/\/www.daisho.be\/wp-content\/uploads\/2019\/07\/color-nothing-horizontale4x-e1564486100247.png\",\"contentUrl\":\"https:\/\/www.daisho.be\/wp-content\/uploads\/2019\/07\/color-nothing-horizontale4x-e1564486100247.png\",\"width\":1547,\"height\":385,\"caption\":\"Daisho\"},\"image\":{\"@id\":\"https:\/\/www.daisho.be\/es\/#\/schema\/logo\/image\/\"}}]}<\/script>\n<!-- \/ Yoast SEO plugin. -->","yoast_head_json":{"title":"Correas de boxeo Adidas 4,55 m amarillo &#8211; Daisho","description":"Descubre los tirantes de boxeo Adidas que combinan comodidad y calidad. C\u00f3mpralos ahora en nuestra web www.daisho.be|Daisho","robots":{"index":"index","follow":"follow","max-snippet":"max-snippet:-1","max-image-preview":"max-image-preview:large","max-video-preview":"max-video-preview:-1"},"canonical":"https:\/\/www.daisho.be\/es\/produit\/correas-de-boxeo-adidas-455-m-amarillo\/","og_locale":"es_ES","og_type":"article","og_title":"Correas de boxeo Adidas 4,55 m amarillo &#8211; Daisho","og_description":"Descubre los tirantes de boxeo Adidas que combinan comodidad y calidad. C\u00f3mpralos ahora en nuestra web www.daisho.be|Daisho","og_url":"https:\/\/www.daisho.be\/es\/produit\/correas-de-boxeo-adidas-455-m-amarillo\/","og_site_name":"Daisho","article_modified_time":"2025-03-04T08:56:29+00:00","og_image":[{"width":650,"height":650,"url":"https:\/\/www.daisho.be\/wp-content\/uploads\/2023\/12\/image-53.jpg","type":"image\/jpeg"}],"twitter_card":"summary_large_image","schema":{"@context":"https:\/\/schema.org","@graph":[{"@type":"WebPage","@id":"https:\/\/www.daisho.be\/es\/produit\/correas-de-boxeo-adidas-455-m-amarillo\/","url":"https:\/\/www.daisho.be\/es\/produit\/correas-de-boxeo-adidas-455-m-amarillo\/","name":"Correas de boxeo Adidas 4,55 m amarillo &#8211; Daisho","isPartOf":{"@id":"https:\/\/www.daisho.be\/es\/#website"},"primaryImageOfPage":{"@id":"https:\/\/www.daisho.be\/es\/produit\/correas-de-boxeo-adidas-455-m-amarillo\/#primaryimage"},"image":{"@id":"https:\/\/www.daisho.be\/es\/produit\/correas-de-boxeo-adidas-455-m-amarillo\/#primaryimage"},"thumbnailUrl":"https:\/\/www.daisho.be\/wp-content\/uploads\/2023\/12\/image-53.jpg","datePublished":"2021-08-31T13:34:27+00:00","dateModified":"2025-03-04T08:56:29+00:00","description":"Descubre los tirantes de boxeo Adidas que combinan comodidad y calidad. C\u00f3mpralos ahora en nuestra web www.daisho.be|Daisho","breadcrumb":{"@id":"https:\/\/www.daisho.be\/es\/produit\/correas-de-boxeo-adidas-455-m-amarillo\/#breadcrumb"},"inLanguage":"es","potentialAction":[{"@type":"ReadAction","target":["https:\/\/www.daisho.be\/es\/produit\/correas-de-boxeo-adidas-455-m-amarillo\/"]}]},{"@type":"ImageObject","inLanguage":"es","@id":"https:\/\/www.daisho.be\/es\/produit\/correas-de-boxeo-adidas-455-m-amarillo\/#primaryimage","url":"https:\/\/www.daisho.be\/wp-content\/uploads\/2023\/12\/image-53.jpg","contentUrl":"https:\/\/www.daisho.be\/wp-content\/uploads\/2023\/12\/image-53.jpg","width":650,"height":650,"caption":"Correas de boxeo Adidas 4,55 m amarillo-1"},{"@type":"BreadcrumbList","@id":"https:\/\/www.daisho.be\/es\/produit\/correas-de-boxeo-adidas-455-m-amarillo\/#breadcrumb","itemListElement":[{"@type":"ListItem","position":1,"name":"Accueil","item":"https:\/\/www.daisho.be\/es\/"},{"@type":"ListItem","position":2,"name":"Productos","item":"https:\/\/www.daisho.be\/es\/productos\/"},{"@type":"ListItem","position":3,"name":"ADIDAS COMBAT SPORTS","item":"https:\/\/www.daisho.be\/es\/categorie-produit\/adidas-combat-sports-es\/"},{"@type":"ListItem","position":4,"name":"Boxeo","item":"https:\/\/www.daisho.be\/es\/categorie-produit\/adidas-combat-sports-es\/boxeo\/"},{"@type":"ListItem","position":5,"name":"Protectores de boxeo Adidas","item":"https:\/\/www.daisho.be\/es\/categorie-produit\/adidas-combat-sports-es\/boxeo\/protectores-de-boxeo-adidas\/"},{"@type":"ListItem","position":6,"name":"Correas de boxeo Adidas 4,55 m amarillo"}]},{"@type":"WebSite","@id":"https:\/\/www.daisho.be\/es\/#website","url":"https:\/\/www.daisho.be\/es\/","name":"Daisho","description":"Sp&eacute;cialiste de l'&eacute;quipement sportif d'arts martiaux","publisher":{"@id":"https:\/\/www.daisho.be\/es\/#organization"},"potentialAction":[{"@type":"SearchAction","target":{"@type":"EntryPoint","urlTemplate":"https:\/\/www.daisho.be\/es\/?s={search_term_string}"},"query-input":{"@type":"PropertyValueSpecification","valueRequired":true,"valueName":"search_term_string"}}],"inLanguage":"es"},{"@type":"Organization","@id":"https:\/\/www.daisho.be\/es\/#organization","name":"Daisho","url":"https:\/\/www.daisho.be\/es\/","logo":{"@type":"ImageObject","inLanguage":"es","@id":"https:\/\/www.daisho.be\/es\/#\/schema\/logo\/image\/","url":"https:\/\/www.daisho.be\/wp-content\/uploads\/2019\/07\/color-nothing-horizontale4x-e1564486100247.png","contentUrl":"https:\/\/www.daisho.be\/wp-content\/uploads\/2019\/07\/color-nothing-horizontale4x-e1564486100247.png","width":1547,"height":385,"caption":"Daisho"},"image":{"@id":"https:\/\/www.daisho.be\/es\/#\/schema\/logo\/image\/"}}]}},"_links":{"self":[{"href":"https:\/\/www.daisho.be\/es\/wp-json\/wp\/v2\/product\/356892","targetHints":{"allow":["GET"]}}],"collection":[{"href":"https:\/\/www.daisho.be\/es\/wp-json\/wp\/v2\/product"}],"about":[{"href":"https:\/\/www.daisho.be\/es\/wp-json\/wp\/v2\/types\/product"}],"replies":[{"embeddable":true,"href":"https:\/\/www.daisho.be\/es\/wp-json\/wp\/v2\/comments?post=356892"}],"wp:featuredmedia":[{"embeddable":true,"href":"https:\/\/www.daisho.be\/es\/wp-json\/wp\/v2\/media\/339888"}],"wp:attachment":[{"href":"https:\/\/www.daisho.be\/es\/wp-json\/wp\/v2\/media?parent=356892"}],"wp:term":[{"taxonomy":"product_brand","embeddable":true,"href":"https:\/\/www.daisho.be\/es\/wp-json\/wp\/v2\/product_brand?post=356892"},{"taxonomy":"product_cat","embeddable":true,"href":"https:\/\/www.daisho.be\/es\/wp-json\/wp\/v2\/product_cat?post=356892"},{"taxonomy":"product_tag","embeddable":true,"href":"https:\/\/www.daisho.be\/es\/wp-json\/wp\/v2\/product_tag?post=356892"},{"taxonomy":"sport","embeddable":true,"href":"https:\/\/www.daisho.be\/es\/wp-json\/wp\/v2\/sport?post=356892"}],"curies":[{"name":"wp","href":"https:\/\/api.w.org\/{rel}","templated":true}]}}