{"id":356384,"date":"2021-09-01T09:13:45","date_gmt":"2021-09-01T07:13:45","guid":{"rendered":"https:\/\/www.daisho.be\/produit\/traje-de-taekwondo-adidas-wtf-mujer\/"},"modified":"2025-03-04T09:55:45","modified_gmt":"2025-03-04T08:55:45","slug":"traje-de-taekwondo-adidas-wtf-mujer","status":"publish","type":"product","link":"https:\/\/www.daisho.be\/es\/produit\/traje-de-taekwondo-adidas-wtf-mujer\/","title":{"rendered":"Traje de taekwondo adidas WTF, mujer"},"content":{"rendered":"<p>Calota adidas para mujer.<br \/>\nEsta calota de adidas est\u00e1 fabricada en PU y tiene forma anat\u00f3mica. Tiene un ajuste perfecto, gracias a una banda el\u00e1stica ancha.<br \/>\nLa calota est\u00e1 homologada por la WTF. <\/p>\n","protected":false},"excerpt":{"rendered":"<p>Calota adidas para mujer. Esta calota de adidas est\u00e1 fabricada en PU y tiene forma anat\u00f3mica. Tiene un ajuste perfecto, gracias a una banda el\u00e1stica ancha. La calota est\u00e1 homologada por la WTF.<\/p>\n","protected":false},"featured_media":326665,"comment_status":"open","ping_status":"closed","template":"","meta":{"inline_featured_image":false},"product_brand":[],"product_cat":[1574],"product_tag":[1560],"sport":[],"class_list":{"0":"post-356384","1":"product","2":"type-product","3":"status-publish","4":"has-post-thumbnail","6":"product_cat-protectores-adidas-taekwondo","7":"product_tag-adidas-es","8":"pa_size-sans-taille","10":"first","11":"instock","12":"taxable","13":"shipping-taxable","14":"purchasable","15":"product-type-variable"},"yoast_head":"<!-- This site is optimized with the Yoast SEO plugin v27.2 - https:\/\/yoast.com\/product\/yoast-seo-wordpress\/ -->\n<title>Traje de taekwondo adidas WTF, mujer &#8211; Daisho<\/title>\n<meta name=\"description\" content=\"Descubre la coraza protectora especialmente dise\u00f1ada para las mujeres que practican Taekwondo. C\u00f3mpralo en www.daisho.be|Daisho\" \/>\n<meta name=\"robots\" content=\"index, follow, max-snippet:-1, max-image-preview:large, max-video-preview:-1\" \/>\n<link rel=\"canonical\" href=\"https:\/\/www.daisho.be\/es\/produit\/traje-de-taekwondo-adidas-wtf-mujer\/\" \/>\n<meta property=\"og:locale\" content=\"es_ES\" \/>\n<meta property=\"og:type\" content=\"article\" \/>\n<meta property=\"og:title\" content=\"Traje de taekwondo adidas WTF, mujer &#8211; Daisho\" \/>\n<meta property=\"og:description\" content=\"Descubre la coraza protectora especialmente dise\u00f1ada para las mujeres que practican Taekwondo. C\u00f3mpralo en www.daisho.be|Daisho\" \/>\n<meta property=\"og:url\" content=\"https:\/\/www.daisho.be\/es\/produit\/traje-de-taekwondo-adidas-wtf-mujer\/\" \/>\n<meta property=\"og:site_name\" content=\"Daisho\" \/>\n<meta property=\"article:modified_time\" content=\"2025-03-04T08:55:45+00:00\" \/>\n<meta property=\"og:image\" content=\"https:\/\/www.daisho.be\/wp-content\/uploads\/2021\/09\/image.jpg\" \/>\n\t<meta property=\"og:image:width\" content=\"650\" \/>\n\t<meta property=\"og:image:height\" content=\"656\" \/>\n\t<meta property=\"og:image:type\" content=\"image\/jpeg\" \/>\n<meta name=\"twitter:card\" content=\"summary_large_image\" \/>\n<script type=\"application\/ld+json\" class=\"yoast-schema-graph\">{\"@context\":\"https:\/\/schema.org\",\"@graph\":[{\"@type\":\"WebPage\",\"@id\":\"https:\/\/www.daisho.be\/es\/produit\/traje-de-taekwondo-adidas-wtf-mujer\/\",\"url\":\"https:\/\/www.daisho.be\/es\/produit\/traje-de-taekwondo-adidas-wtf-mujer\/\",\"name\":\"Traje de taekwondo adidas WTF, mujer &#8211; Daisho\",\"isPartOf\":{\"@id\":\"https:\/\/www.daisho.be\/es\/#website\"},\"primaryImageOfPage\":{\"@id\":\"https:\/\/www.daisho.be\/es\/produit\/traje-de-taekwondo-adidas-wtf-mujer\/#primaryimage\"},\"image\":{\"@id\":\"https:\/\/www.daisho.be\/es\/produit\/traje-de-taekwondo-adidas-wtf-mujer\/#primaryimage\"},\"thumbnailUrl\":\"https:\/\/www.daisho.be\/wp-content\/uploads\/2021\/09\/image.jpg\",\"datePublished\":\"2021-09-01T07:13:45+00:00\",\"dateModified\":\"2025-03-04T08:55:45+00:00\",\"description\":\"Descubre la coraza protectora especialmente dise\u00f1ada para las mujeres que practican Taekwondo. C\u00f3mpralo en www.daisho.be|Daisho\",\"breadcrumb\":{\"@id\":\"https:\/\/www.daisho.be\/es\/produit\/traje-de-taekwondo-adidas-wtf-mujer\/#breadcrumb\"},\"inLanguage\":\"es\",\"potentialAction\":[{\"@type\":\"ReadAction\",\"target\":[\"https:\/\/www.daisho.be\/es\/produit\/traje-de-taekwondo-adidas-wtf-mujer\/\"]}]},{\"@type\":\"ImageObject\",\"inLanguage\":\"es\",\"@id\":\"https:\/\/www.daisho.be\/es\/produit\/traje-de-taekwondo-adidas-wtf-mujer\/#primaryimage\",\"url\":\"https:\/\/www.daisho.be\/wp-content\/uploads\/2021\/09\/image.jpg\",\"contentUrl\":\"https:\/\/www.daisho.be\/wp-content\/uploads\/2021\/09\/image.jpg\",\"width\":650,\"height\":656,\"caption\":\"Concha adidas WTF Taekwondo Mujer-1\"},{\"@type\":\"BreadcrumbList\",\"@id\":\"https:\/\/www.daisho.be\/es\/produit\/traje-de-taekwondo-adidas-wtf-mujer\/#breadcrumb\",\"itemListElement\":[{\"@type\":\"ListItem\",\"position\":1,\"name\":\"Accueil\",\"item\":\"https:\/\/www.daisho.be\/es\/\"},{\"@type\":\"ListItem\",\"position\":2,\"name\":\"Productos\",\"item\":\"https:\/\/www.daisho.be\/es\/productos\/\"},{\"@type\":\"ListItem\",\"position\":3,\"name\":\"ADIDAS COMBAT SPORTS\",\"item\":\"https:\/\/www.daisho.be\/es\/categorie-produit\/adidas-combat-sports-es\/\"},{\"@type\":\"ListItem\",\"position\":4,\"name\":\"Taekwondo\",\"item\":\"https:\/\/www.daisho.be\/es\/categorie-produit\/adidas-combat-sports-es\/taekwondo-es-2\/\"},{\"@type\":\"ListItem\",\"position\":5,\"name\":\"Protectores Adidas Taekwondo\",\"item\":\"https:\/\/www.daisho.be\/es\/categorie-produit\/adidas-combat-sports-es\/taekwondo-es-2\/protectores-adidas-taekwondo\/\"},{\"@type\":\"ListItem\",\"position\":6,\"name\":\"Traje de taekwondo adidas WTF, mujer\"}]},{\"@type\":\"WebSite\",\"@id\":\"https:\/\/www.daisho.be\/es\/#website\",\"url\":\"https:\/\/www.daisho.be\/es\/\",\"name\":\"Daisho\",\"description\":\"Sp&eacute;cialiste de l'&eacute;quipement sportif d'arts martiaux\",\"publisher\":{\"@id\":\"https:\/\/www.daisho.be\/es\/#organization\"},\"potentialAction\":[{\"@type\":\"SearchAction\",\"target\":{\"@type\":\"EntryPoint\",\"urlTemplate\":\"https:\/\/www.daisho.be\/es\/?s={search_term_string}\"},\"query-input\":{\"@type\":\"PropertyValueSpecification\",\"valueRequired\":true,\"valueName\":\"search_term_string\"}}],\"inLanguage\":\"es\"},{\"@type\":\"Organization\",\"@id\":\"https:\/\/www.daisho.be\/es\/#organization\",\"name\":\"Daisho\",\"url\":\"https:\/\/www.daisho.be\/es\/\",\"logo\":{\"@type\":\"ImageObject\",\"inLanguage\":\"es\",\"@id\":\"https:\/\/www.daisho.be\/es\/#\/schema\/logo\/image\/\",\"url\":\"https:\/\/www.daisho.be\/wp-content\/uploads\/2019\/07\/color-nothing-horizontale4x-e1564486100247.png\",\"contentUrl\":\"https:\/\/www.daisho.be\/wp-content\/uploads\/2019\/07\/color-nothing-horizontale4x-e1564486100247.png\",\"width\":1547,\"height\":385,\"caption\":\"Daisho\"},\"image\":{\"@id\":\"https:\/\/www.daisho.be\/es\/#\/schema\/logo\/image\/\"}}]}<\/script>\n<!-- \/ Yoast SEO plugin. -->","yoast_head_json":{"title":"Traje de taekwondo adidas WTF, mujer &#8211; Daisho","description":"Descubre la coraza protectora especialmente dise\u00f1ada para las mujeres que practican Taekwondo. C\u00f3mpralo en www.daisho.be|Daisho","robots":{"index":"index","follow":"follow","max-snippet":"max-snippet:-1","max-image-preview":"max-image-preview:large","max-video-preview":"max-video-preview:-1"},"canonical":"https:\/\/www.daisho.be\/es\/produit\/traje-de-taekwondo-adidas-wtf-mujer\/","og_locale":"es_ES","og_type":"article","og_title":"Traje de taekwondo adidas WTF, mujer &#8211; Daisho","og_description":"Descubre la coraza protectora especialmente dise\u00f1ada para las mujeres que practican Taekwondo. C\u00f3mpralo en www.daisho.be|Daisho","og_url":"https:\/\/www.daisho.be\/es\/produit\/traje-de-taekwondo-adidas-wtf-mujer\/","og_site_name":"Daisho","article_modified_time":"2025-03-04T08:55:45+00:00","og_image":[{"width":650,"height":656,"url":"https:\/\/www.daisho.be\/wp-content\/uploads\/2021\/09\/image.jpg","type":"image\/jpeg"}],"twitter_card":"summary_large_image","schema":{"@context":"https:\/\/schema.org","@graph":[{"@type":"WebPage","@id":"https:\/\/www.daisho.be\/es\/produit\/traje-de-taekwondo-adidas-wtf-mujer\/","url":"https:\/\/www.daisho.be\/es\/produit\/traje-de-taekwondo-adidas-wtf-mujer\/","name":"Traje de taekwondo adidas WTF, mujer &#8211; Daisho","isPartOf":{"@id":"https:\/\/www.daisho.be\/es\/#website"},"primaryImageOfPage":{"@id":"https:\/\/www.daisho.be\/es\/produit\/traje-de-taekwondo-adidas-wtf-mujer\/#primaryimage"},"image":{"@id":"https:\/\/www.daisho.be\/es\/produit\/traje-de-taekwondo-adidas-wtf-mujer\/#primaryimage"},"thumbnailUrl":"https:\/\/www.daisho.be\/wp-content\/uploads\/2021\/09\/image.jpg","datePublished":"2021-09-01T07:13:45+00:00","dateModified":"2025-03-04T08:55:45+00:00","description":"Descubre la coraza protectora especialmente dise\u00f1ada para las mujeres que practican Taekwondo. C\u00f3mpralo en www.daisho.be|Daisho","breadcrumb":{"@id":"https:\/\/www.daisho.be\/es\/produit\/traje-de-taekwondo-adidas-wtf-mujer\/#breadcrumb"},"inLanguage":"es","potentialAction":[{"@type":"ReadAction","target":["https:\/\/www.daisho.be\/es\/produit\/traje-de-taekwondo-adidas-wtf-mujer\/"]}]},{"@type":"ImageObject","inLanguage":"es","@id":"https:\/\/www.daisho.be\/es\/produit\/traje-de-taekwondo-adidas-wtf-mujer\/#primaryimage","url":"https:\/\/www.daisho.be\/wp-content\/uploads\/2021\/09\/image.jpg","contentUrl":"https:\/\/www.daisho.be\/wp-content\/uploads\/2021\/09\/image.jpg","width":650,"height":656,"caption":"Concha adidas WTF Taekwondo Mujer-1"},{"@type":"BreadcrumbList","@id":"https:\/\/www.daisho.be\/es\/produit\/traje-de-taekwondo-adidas-wtf-mujer\/#breadcrumb","itemListElement":[{"@type":"ListItem","position":1,"name":"Accueil","item":"https:\/\/www.daisho.be\/es\/"},{"@type":"ListItem","position":2,"name":"Productos","item":"https:\/\/www.daisho.be\/es\/productos\/"},{"@type":"ListItem","position":3,"name":"ADIDAS COMBAT SPORTS","item":"https:\/\/www.daisho.be\/es\/categorie-produit\/adidas-combat-sports-es\/"},{"@type":"ListItem","position":4,"name":"Taekwondo","item":"https:\/\/www.daisho.be\/es\/categorie-produit\/adidas-combat-sports-es\/taekwondo-es-2\/"},{"@type":"ListItem","position":5,"name":"Protectores Adidas Taekwondo","item":"https:\/\/www.daisho.be\/es\/categorie-produit\/adidas-combat-sports-es\/taekwondo-es-2\/protectores-adidas-taekwondo\/"},{"@type":"ListItem","position":6,"name":"Traje de taekwondo adidas WTF, mujer"}]},{"@type":"WebSite","@id":"https:\/\/www.daisho.be\/es\/#website","url":"https:\/\/www.daisho.be\/es\/","name":"Daisho","description":"Sp&eacute;cialiste de l'&eacute;quipement sportif d'arts martiaux","publisher":{"@id":"https:\/\/www.daisho.be\/es\/#organization"},"potentialAction":[{"@type":"SearchAction","target":{"@type":"EntryPoint","urlTemplate":"https:\/\/www.daisho.be\/es\/?s={search_term_string}"},"query-input":{"@type":"PropertyValueSpecification","valueRequired":true,"valueName":"search_term_string"}}],"inLanguage":"es"},{"@type":"Organization","@id":"https:\/\/www.daisho.be\/es\/#organization","name":"Daisho","url":"https:\/\/www.daisho.be\/es\/","logo":{"@type":"ImageObject","inLanguage":"es","@id":"https:\/\/www.daisho.be\/es\/#\/schema\/logo\/image\/","url":"https:\/\/www.daisho.be\/wp-content\/uploads\/2019\/07\/color-nothing-horizontale4x-e1564486100247.png","contentUrl":"https:\/\/www.daisho.be\/wp-content\/uploads\/2019\/07\/color-nothing-horizontale4x-e1564486100247.png","width":1547,"height":385,"caption":"Daisho"},"image":{"@id":"https:\/\/www.daisho.be\/es\/#\/schema\/logo\/image\/"}}]}},"_links":{"self":[{"href":"https:\/\/www.daisho.be\/es\/wp-json\/wp\/v2\/product\/356384","targetHints":{"allow":["GET"]}}],"collection":[{"href":"https:\/\/www.daisho.be\/es\/wp-json\/wp\/v2\/product"}],"about":[{"href":"https:\/\/www.daisho.be\/es\/wp-json\/wp\/v2\/types\/product"}],"replies":[{"embeddable":true,"href":"https:\/\/www.daisho.be\/es\/wp-json\/wp\/v2\/comments?post=356384"}],"wp:featuredmedia":[{"embeddable":true,"href":"https:\/\/www.daisho.be\/es\/wp-json\/wp\/v2\/media\/326665"}],"wp:attachment":[{"href":"https:\/\/www.daisho.be\/es\/wp-json\/wp\/v2\/media?parent=356384"}],"wp:term":[{"taxonomy":"product_brand","embeddable":true,"href":"https:\/\/www.daisho.be\/es\/wp-json\/wp\/v2\/product_brand?post=356384"},{"taxonomy":"product_cat","embeddable":true,"href":"https:\/\/www.daisho.be\/es\/wp-json\/wp\/v2\/product_cat?post=356384"},{"taxonomy":"product_tag","embeddable":true,"href":"https:\/\/www.daisho.be\/es\/wp-json\/wp\/v2\/product_tag?post=356384"},{"taxonomy":"sport","embeddable":true,"href":"https:\/\/www.daisho.be\/es\/wp-json\/wp\/v2\/sport?post=356384"}],"curies":[{"name":"wp","href":"https:\/\/api.w.org\/{rel}","templated":true}]}}