{"id":356225,"date":"2021-07-18T11:43:24","date_gmt":"2021-07-18T09:43:24","guid":{"rendered":"https:\/\/www.daisho.be\/produit\/protector-adidas-e-foot\/"},"modified":"2025-10-09T14:06:49","modified_gmt":"2025-10-09T12:06:49","slug":"protector-adidas-e-foot","status":"publish","type":"product","link":"https:\/\/www.daisho.be\/es\/produit\/protector-adidas-e-foot\/","title":{"rendered":"Protector adidas E-Foot"},"content":{"rendered":"<p>Este protector adidas e-foot es esencial para cualquier torneo importante. \u00bfNo es injusto que un competidor consiga un punto con una patada d\u00e9bil? \u00bfUn juez que falla una sola patada que hace que un partido sea injusto? <\/p>\n<p>Eso es cosa del pasado con el protector adidas E-Body. Los sistemas KP&amp;P se han utilizado en m\u00e1s de 150 competiciones en Corea durante los \u00faltimos 3 a\u00f1os y est\u00e1n especialmente desarrollados y optimizados para el taekwondo. El protector tiene el mismo peso ligero que el protector de pie est\u00e1ndar, pero con una tecnolog\u00eda exclusiva que indica cu\u00e1ndo se marca un punto mediante sensores. El protector es inal\u00e1mbrico, seguro y s\u00f3lo funciona junto con el protector e-body y el receptor + cargador. <\/p>\n<p>El protector e-foot se suministra por parejas. Ventajas: &#8211; no hay errores de medici\u00f3n por parte de los jueces &#8211; puntuaci\u00f3n clara &#8211; sistema de \u00faltima generaci\u00f3n &#8211; el sistema detecta el 99,9% de todos los movimientos &#8211; el sistema reconoce incluso varias patadas, como las escaleras de caracol.    <\/p>\n","protected":false},"excerpt":{"rendered":"<p>Este protector adidas e-foot es esencial para cualquier torneo importante. \u00bfNo es injusto que un competidor consiga un punto con una patada d\u00e9bil? \u00bfUn juez que falla una sola patada que hace que un partido sea injusto? Eso es cosa del pasado con el protector adidas E-Body. Los sistemas KP&amp;P se han utilizado en m\u00e1s [&hellip;]<\/p>\n","protected":false},"featured_media":441795,"comment_status":"open","ping_status":"closed","template":"","meta":{"inline_featured_image":false},"product_brand":[],"product_cat":[1364,1361,1574],"product_tag":[1560],"sport":[],"class_list":{"0":"post-356225","1":"product","2":"type-product","3":"status-publish","4":"has-post-thumbnail","6":"product_cat-equipos-de-proteccion-para-taekwondo","7":"product_cat-protecciones","8":"product_cat-protectores-adidas-taekwondo","9":"product_tag-adidas-es","10":"pa_size-395","11":"pa_size-392","12":"pa_size-391","14":"first","15":"instock","16":"taxable","17":"shipping-taxable","18":"purchasable","19":"product-type-variable"},"yoast_head":"<!-- This site is optimized with the Yoast SEO plugin v27.2 - https:\/\/yoast.com\/product\/yoast-seo-wordpress\/ -->\n<title>Protector adidas E-Foot &#8211; Daisho<\/title>\n<meta name=\"description\" content=\"Descubre el e-f\u00fatbol protector que te ayudar\u00e1 a evitar los errores de los jueces durante tus competiciones. C\u00f3mpralo en nuestra web www.daisho.be|Daisho\" \/>\n<meta name=\"robots\" content=\"index, follow, max-snippet:-1, max-image-preview:large, max-video-preview:-1\" \/>\n<link rel=\"canonical\" href=\"https:\/\/www.daisho.be\/es\/produit\/protector-adidas-e-foot\/\" \/>\n<meta property=\"og:locale\" content=\"es_ES\" \/>\n<meta property=\"og:type\" content=\"article\" \/>\n<meta property=\"og:title\" content=\"Protector adidas E-Foot &#8211; Daisho\" \/>\n<meta property=\"og:description\" content=\"Descubre el e-f\u00fatbol protector que te ayudar\u00e1 a evitar los errores de los jueces durante tus competiciones. C\u00f3mpralo en nuestra web www.daisho.be|Daisho\" \/>\n<meta property=\"og:url\" content=\"https:\/\/www.daisho.be\/es\/produit\/protector-adidas-e-foot\/\" \/>\n<meta property=\"og:site_name\" content=\"Daisho\" \/>\n<meta property=\"article:modified_time\" content=\"2025-10-09T12:06:49+00:00\" \/>\n<meta property=\"og:image\" content=\"https:\/\/www.daisho.be\/wp-content\/uploads\/2024\/10\/image-3.png\" \/>\n\t<meta property=\"og:image:width\" content=\"453\" \/>\n\t<meta property=\"og:image:height\" content=\"586\" \/>\n\t<meta property=\"og:image:type\" content=\"image\/png\" \/>\n<meta name=\"twitter:card\" content=\"summary_large_image\" \/>\n<meta name=\"twitter:label1\" content=\"Tiempo de lectura\" \/>\n\t<meta name=\"twitter:data1\" content=\"1 minuto\" \/>\n<script type=\"application\/ld+json\" class=\"yoast-schema-graph\">{\"@context\":\"https:\/\/schema.org\",\"@graph\":[{\"@type\":\"WebPage\",\"@id\":\"https:\/\/www.daisho.be\/es\/produit\/protector-adidas-e-foot\/\",\"url\":\"https:\/\/www.daisho.be\/es\/produit\/protector-adidas-e-foot\/\",\"name\":\"Protector adidas E-Foot &#8211; Daisho\",\"isPartOf\":{\"@id\":\"https:\/\/www.daisho.be\/es\/#website\"},\"primaryImageOfPage\":{\"@id\":\"https:\/\/www.daisho.be\/es\/produit\/protector-adidas-e-foot\/#primaryimage\"},\"image\":{\"@id\":\"https:\/\/www.daisho.be\/es\/produit\/protector-adidas-e-foot\/#primaryimage\"},\"thumbnailUrl\":\"https:\/\/www.daisho.be\/wp-content\/uploads\/2024\/10\/image-3.png\",\"datePublished\":\"2021-07-18T09:43:24+00:00\",\"dateModified\":\"2025-10-09T12:06:49+00:00\",\"description\":\"Descubre el e-f\u00fatbol protector que te ayudar\u00e1 a evitar los errores de los jueces durante tus competiciones. C\u00f3mpralo en nuestra web www.daisho.be|Daisho\",\"breadcrumb\":{\"@id\":\"https:\/\/www.daisho.be\/es\/produit\/protector-adidas-e-foot\/#breadcrumb\"},\"inLanguage\":\"es\",\"potentialAction\":[{\"@type\":\"ReadAction\",\"target\":[\"https:\/\/www.daisho.be\/es\/produit\/protector-adidas-e-foot\/\"]}]},{\"@type\":\"ImageObject\",\"inLanguage\":\"es\",\"@id\":\"https:\/\/www.daisho.be\/es\/produit\/protector-adidas-e-foot\/#primaryimage\",\"url\":\"https:\/\/www.daisho.be\/wp-content\/uploads\/2024\/10\/image-3.png\",\"contentUrl\":\"https:\/\/www.daisho.be\/wp-content\/uploads\/2024\/10\/image-3.png\",\"width\":453,\"height\":586,\"caption\":\"Protector adidas E-Foot-1\"},{\"@type\":\"BreadcrumbList\",\"@id\":\"https:\/\/www.daisho.be\/es\/produit\/protector-adidas-e-foot\/#breadcrumb\",\"itemListElement\":[{\"@type\":\"ListItem\",\"position\":1,\"name\":\"Accueil\",\"item\":\"https:\/\/www.daisho.be\/es\/\"},{\"@type\":\"ListItem\",\"position\":2,\"name\":\"Productos\",\"item\":\"https:\/\/www.daisho.be\/es\/productos\/\"},{\"@type\":\"ListItem\",\"position\":3,\"name\":\"Equipamiento y ropa para artes marciales y deportes de combate\",\"item\":\"https:\/\/www.daisho.be\/es\/categorie-produit\/equipamiento-y-ropa-para-artes-marciales-y-deportes-de-combate\/\"},{\"@type\":\"ListItem\",\"position\":4,\"name\":\"Taekwondo\",\"item\":\"https:\/\/www.daisho.be\/es\/categorie-produit\/equipamiento-y-ropa-para-artes-marciales-y-deportes-de-combate\/taekwondo-es\/\"},{\"@type\":\"ListItem\",\"position\":5,\"name\":\"Equipos de protecci\u00f3n para taekwondo\",\"item\":\"https:\/\/www.daisho.be\/es\/categorie-produit\/equipamiento-y-ropa-para-artes-marciales-y-deportes-de-combate\/taekwondo-es\/equipos-de-proteccion-para-taekwondo\/\"},{\"@type\":\"ListItem\",\"position\":6,\"name\":\"Protector adidas E-Foot\"}]},{\"@type\":\"WebSite\",\"@id\":\"https:\/\/www.daisho.be\/es\/#website\",\"url\":\"https:\/\/www.daisho.be\/es\/\",\"name\":\"Daisho\",\"description\":\"Sp&eacute;cialiste de l'&eacute;quipement sportif d'arts martiaux\",\"publisher\":{\"@id\":\"https:\/\/www.daisho.be\/es\/#organization\"},\"potentialAction\":[{\"@type\":\"SearchAction\",\"target\":{\"@type\":\"EntryPoint\",\"urlTemplate\":\"https:\/\/www.daisho.be\/es\/?s={search_term_string}\"},\"query-input\":{\"@type\":\"PropertyValueSpecification\",\"valueRequired\":true,\"valueName\":\"search_term_string\"}}],\"inLanguage\":\"es\"},{\"@type\":\"Organization\",\"@id\":\"https:\/\/www.daisho.be\/es\/#organization\",\"name\":\"Daisho\",\"url\":\"https:\/\/www.daisho.be\/es\/\",\"logo\":{\"@type\":\"ImageObject\",\"inLanguage\":\"es\",\"@id\":\"https:\/\/www.daisho.be\/es\/#\/schema\/logo\/image\/\",\"url\":\"https:\/\/www.daisho.be\/wp-content\/uploads\/2019\/07\/color-nothing-horizontale4x-e1564486100247.png\",\"contentUrl\":\"https:\/\/www.daisho.be\/wp-content\/uploads\/2019\/07\/color-nothing-horizontale4x-e1564486100247.png\",\"width\":1547,\"height\":385,\"caption\":\"Daisho\"},\"image\":{\"@id\":\"https:\/\/www.daisho.be\/es\/#\/schema\/logo\/image\/\"}}]}<\/script>\n<!-- \/ Yoast SEO plugin. -->","yoast_head_json":{"title":"Protector adidas E-Foot &#8211; Daisho","description":"Descubre el e-f\u00fatbol protector que te ayudar\u00e1 a evitar los errores de los jueces durante tus competiciones. C\u00f3mpralo en nuestra web www.daisho.be|Daisho","robots":{"index":"index","follow":"follow","max-snippet":"max-snippet:-1","max-image-preview":"max-image-preview:large","max-video-preview":"max-video-preview:-1"},"canonical":"https:\/\/www.daisho.be\/es\/produit\/protector-adidas-e-foot\/","og_locale":"es_ES","og_type":"article","og_title":"Protector adidas E-Foot &#8211; Daisho","og_description":"Descubre el e-f\u00fatbol protector que te ayudar\u00e1 a evitar los errores de los jueces durante tus competiciones. C\u00f3mpralo en nuestra web www.daisho.be|Daisho","og_url":"https:\/\/www.daisho.be\/es\/produit\/protector-adidas-e-foot\/","og_site_name":"Daisho","article_modified_time":"2025-10-09T12:06:49+00:00","og_image":[{"width":453,"height":586,"url":"https:\/\/www.daisho.be\/wp-content\/uploads\/2024\/10\/image-3.png","type":"image\/png"}],"twitter_card":"summary_large_image","twitter_misc":{"Tiempo de lectura":"1 minuto"},"schema":{"@context":"https:\/\/schema.org","@graph":[{"@type":"WebPage","@id":"https:\/\/www.daisho.be\/es\/produit\/protector-adidas-e-foot\/","url":"https:\/\/www.daisho.be\/es\/produit\/protector-adidas-e-foot\/","name":"Protector adidas E-Foot &#8211; Daisho","isPartOf":{"@id":"https:\/\/www.daisho.be\/es\/#website"},"primaryImageOfPage":{"@id":"https:\/\/www.daisho.be\/es\/produit\/protector-adidas-e-foot\/#primaryimage"},"image":{"@id":"https:\/\/www.daisho.be\/es\/produit\/protector-adidas-e-foot\/#primaryimage"},"thumbnailUrl":"https:\/\/www.daisho.be\/wp-content\/uploads\/2024\/10\/image-3.png","datePublished":"2021-07-18T09:43:24+00:00","dateModified":"2025-10-09T12:06:49+00:00","description":"Descubre el e-f\u00fatbol protector que te ayudar\u00e1 a evitar los errores de los jueces durante tus competiciones. C\u00f3mpralo en nuestra web www.daisho.be|Daisho","breadcrumb":{"@id":"https:\/\/www.daisho.be\/es\/produit\/protector-adidas-e-foot\/#breadcrumb"},"inLanguage":"es","potentialAction":[{"@type":"ReadAction","target":["https:\/\/www.daisho.be\/es\/produit\/protector-adidas-e-foot\/"]}]},{"@type":"ImageObject","inLanguage":"es","@id":"https:\/\/www.daisho.be\/es\/produit\/protector-adidas-e-foot\/#primaryimage","url":"https:\/\/www.daisho.be\/wp-content\/uploads\/2024\/10\/image-3.png","contentUrl":"https:\/\/www.daisho.be\/wp-content\/uploads\/2024\/10\/image-3.png","width":453,"height":586,"caption":"Protector adidas E-Foot-1"},{"@type":"BreadcrumbList","@id":"https:\/\/www.daisho.be\/es\/produit\/protector-adidas-e-foot\/#breadcrumb","itemListElement":[{"@type":"ListItem","position":1,"name":"Accueil","item":"https:\/\/www.daisho.be\/es\/"},{"@type":"ListItem","position":2,"name":"Productos","item":"https:\/\/www.daisho.be\/es\/productos\/"},{"@type":"ListItem","position":3,"name":"Equipamiento y ropa para artes marciales y deportes de combate","item":"https:\/\/www.daisho.be\/es\/categorie-produit\/equipamiento-y-ropa-para-artes-marciales-y-deportes-de-combate\/"},{"@type":"ListItem","position":4,"name":"Taekwondo","item":"https:\/\/www.daisho.be\/es\/categorie-produit\/equipamiento-y-ropa-para-artes-marciales-y-deportes-de-combate\/taekwondo-es\/"},{"@type":"ListItem","position":5,"name":"Equipos de protecci\u00f3n para taekwondo","item":"https:\/\/www.daisho.be\/es\/categorie-produit\/equipamiento-y-ropa-para-artes-marciales-y-deportes-de-combate\/taekwondo-es\/equipos-de-proteccion-para-taekwondo\/"},{"@type":"ListItem","position":6,"name":"Protector adidas E-Foot"}]},{"@type":"WebSite","@id":"https:\/\/www.daisho.be\/es\/#website","url":"https:\/\/www.daisho.be\/es\/","name":"Daisho","description":"Sp&eacute;cialiste de l'&eacute;quipement sportif d'arts martiaux","publisher":{"@id":"https:\/\/www.daisho.be\/es\/#organization"},"potentialAction":[{"@type":"SearchAction","target":{"@type":"EntryPoint","urlTemplate":"https:\/\/www.daisho.be\/es\/?s={search_term_string}"},"query-input":{"@type":"PropertyValueSpecification","valueRequired":true,"valueName":"search_term_string"}}],"inLanguage":"es"},{"@type":"Organization","@id":"https:\/\/www.daisho.be\/es\/#organization","name":"Daisho","url":"https:\/\/www.daisho.be\/es\/","logo":{"@type":"ImageObject","inLanguage":"es","@id":"https:\/\/www.daisho.be\/es\/#\/schema\/logo\/image\/","url":"https:\/\/www.daisho.be\/wp-content\/uploads\/2019\/07\/color-nothing-horizontale4x-e1564486100247.png","contentUrl":"https:\/\/www.daisho.be\/wp-content\/uploads\/2019\/07\/color-nothing-horizontale4x-e1564486100247.png","width":1547,"height":385,"caption":"Daisho"},"image":{"@id":"https:\/\/www.daisho.be\/es\/#\/schema\/logo\/image\/"}}]}},"_links":{"self":[{"href":"https:\/\/www.daisho.be\/es\/wp-json\/wp\/v2\/product\/356225","targetHints":{"allow":["GET"]}}],"collection":[{"href":"https:\/\/www.daisho.be\/es\/wp-json\/wp\/v2\/product"}],"about":[{"href":"https:\/\/www.daisho.be\/es\/wp-json\/wp\/v2\/types\/product"}],"replies":[{"embeddable":true,"href":"https:\/\/www.daisho.be\/es\/wp-json\/wp\/v2\/comments?post=356225"}],"wp:featuredmedia":[{"embeddable":true,"href":"https:\/\/www.daisho.be\/es\/wp-json\/wp\/v2\/media\/441795"}],"wp:attachment":[{"href":"https:\/\/www.daisho.be\/es\/wp-json\/wp\/v2\/media?parent=356225"}],"wp:term":[{"taxonomy":"product_brand","embeddable":true,"href":"https:\/\/www.daisho.be\/es\/wp-json\/wp\/v2\/product_brand?post=356225"},{"taxonomy":"product_cat","embeddable":true,"href":"https:\/\/www.daisho.be\/es\/wp-json\/wp\/v2\/product_cat?post=356225"},{"taxonomy":"product_tag","embeddable":true,"href":"https:\/\/www.daisho.be\/es\/wp-json\/wp\/v2\/product_tag?post=356225"},{"taxonomy":"sport","embeddable":true,"href":"https:\/\/www.daisho.be\/es\/wp-json\/wp\/v2\/sport?post=356225"}],"curies":[{"name":"wp","href":"https:\/\/api.w.org\/{rel}","templated":true}]}}