{"id":356185,"date":"2021-07-18T11:38:01","date_gmt":"2021-07-18T09:38:01","guid":{"rendered":"https:\/\/www.daisho.be\/produit\/adidas-dobok-adi-club-3-aprobado-blanco-blanco\/"},"modified":"2025-10-09T14:07:54","modified_gmt":"2025-10-09T12:07:54","slug":"adidas-dobok-adi-club-3-aprobado-blanco-blanco","status":"publish","type":"product","link":"https:\/\/www.daisho.be\/es\/produit\/adidas-dobok-adi-club-3-aprobado-blanco-blanco\/","title":{"rendered":"Adidas ADI CLUB 3 Dobok &#8211; Cuello blanco"},"content":{"rendered":"<p>Este traje de taekwondo adidas es ideal para el practicante de taekwondo avanzado. El pantal\u00f3n tiene cintura el\u00e1stica y cord\u00f3n adicional para un ajuste perfecto. El traje est\u00e1 fabricado en algod\u00f3n acanalado 35% con poli\u00e9ster 65%.<\/p>\n<p>%\/35%<\/p>\n<p>Con las famosas rayas adidas en los hombros y en la parte inferior del pantal\u00f3n. Ventajas: &#8211; Traje robusto para el artista marcial avanzado &#8211; Fabricado en polialgod\u00f3n acanalado 65 para mayor resistencia &#8211; Ajuste perfecto &#8211; Tambi\u00e9n disponible con cuello negro.<\/p>\n<p><span style=\"display: flex;align-items: flex-start\"><img decoding=\"async\" class=\"alignleft\" src=\"https:\/\/www.daisho.be\/wp-content\/uploads\/2024\/11\/wt-logo.png\" alt=\"\" width=\"\" height=\"\"><\/span><\/p>\n","protected":false},"excerpt":{"rendered":"<p>Este traje de taekwondo adidas es ideal para el practicante de taekwondo avanzado. El pantal\u00f3n tiene cintura el\u00e1stica y cord\u00f3n adicional para un ajuste perfecto. El traje est\u00e1 fabricado en algod\u00f3n acanalado 35% con poli\u00e9ster 65%. %\/35% Con las famosas rayas adidas en los hombros y en la parte inferior del pantal\u00f3n. Ventajas: &#8211; Traje [&hellip;]<\/p>\n","protected":false},"featured_media":465259,"comment_status":"open","ping_status":"closed","template":"","meta":{"inline_featured_image":false},"product_brand":[],"product_cat":[1642,1722,1311],"product_tag":[1560],"sport":[],"class_list":{"0":"post-356185","1":"product","2":"type-product","3":"status-publish","4":"has-post-thumbnail","6":"product_cat-kimono-dobok-adidas-es","7":"product_cat-taekwondo-dobok-traje","8":"product_cat-trajes-kimonos","9":"product_tag-adidas-es","10":"pa_size-381","11":"pa_size-380","12":"pa_size-379","13":"pa_size-378","14":"pa_size-377","15":"pa_size-376","16":"pa_size-383","18":"first","19":"instock","20":"taxable","21":"shipping-taxable","22":"purchasable","23":"product-type-variable"},"yoast_head":"<!-- This site is optimized with the Yoast SEO plugin v27.2 - https:\/\/yoast.com\/product\/yoast-seo-wordpress\/ -->\n<title>Adidas ADI CLUB 3 Dobok - Cuello blanco &#8211; Daisho<\/title>\n<meta name=\"description\" content=\"Descubre el dobok-adi-club3 especialmente dise\u00f1ado para practicantes avanzados y aprobado por la WTF. C\u00f3mpralo en nuestro sitio web www.daisho.be|Daisho\" \/>\n<meta name=\"robots\" content=\"index, follow, max-snippet:-1, max-image-preview:large, max-video-preview:-1\" \/>\n<link rel=\"canonical\" href=\"https:\/\/www.daisho.be\/es\/produit\/adidas-dobok-adi-club-3-aprobado-blanco-blanco\/\" \/>\n<meta property=\"og:locale\" content=\"es_ES\" \/>\n<meta property=\"og:type\" content=\"article\" \/>\n<meta property=\"og:title\" content=\"Adidas ADI CLUB 3 Dobok - Cuello blanco &#8211; Daisho\" \/>\n<meta property=\"og:description\" content=\"Descubre el dobok-adi-club3 especialmente dise\u00f1ado para practicantes avanzados y aprobado por la WTF. C\u00f3mpralo en nuestro sitio web www.daisho.be|Daisho\" \/>\n<meta property=\"og:url\" content=\"https:\/\/www.daisho.be\/es\/produit\/adidas-dobok-adi-club-3-aprobado-blanco-blanco\/\" \/>\n<meta property=\"og:site_name\" content=\"Daisho\" \/>\n<meta property=\"article:modified_time\" content=\"2025-10-09T12:07:54+00:00\" \/>\n<meta property=\"og:image\" content=\"https:\/\/www.daisho.be\/wp-content\/uploads\/2024\/11\/image-32.png\" \/>\n\t<meta property=\"og:image:width\" content=\"437\" \/>\n\t<meta property=\"og:image:height\" content=\"701\" \/>\n\t<meta property=\"og:image:type\" content=\"image\/png\" \/>\n<meta name=\"twitter:card\" content=\"summary_large_image\" \/>\n<script type=\"application\/ld+json\" class=\"yoast-schema-graph\">{\"@context\":\"https:\/\/schema.org\",\"@graph\":[{\"@type\":\"WebPage\",\"@id\":\"https:\/\/www.daisho.be\/es\/produit\/adidas-dobok-adi-club-3-aprobado-blanco-blanco\/\",\"url\":\"https:\/\/www.daisho.be\/es\/produit\/adidas-dobok-adi-club-3-aprobado-blanco-blanco\/\",\"name\":\"Adidas ADI CLUB 3 Dobok - Cuello blanco &#8211; Daisho\",\"isPartOf\":{\"@id\":\"https:\/\/www.daisho.be\/es\/#website\"},\"primaryImageOfPage\":{\"@id\":\"https:\/\/www.daisho.be\/es\/produit\/adidas-dobok-adi-club-3-aprobado-blanco-blanco\/#primaryimage\"},\"image\":{\"@id\":\"https:\/\/www.daisho.be\/es\/produit\/adidas-dobok-adi-club-3-aprobado-blanco-blanco\/#primaryimage\"},\"thumbnailUrl\":\"https:\/\/www.daisho.be\/wp-content\/uploads\/2024\/11\/image-32.png\",\"datePublished\":\"2021-07-18T09:38:01+00:00\",\"dateModified\":\"2025-10-09T12:07:54+00:00\",\"description\":\"Descubre el dobok-adi-club3 especialmente dise\u00f1ado para practicantes avanzados y aprobado por la WTF. C\u00f3mpralo en nuestro sitio web www.daisho.be|Daisho\",\"breadcrumb\":{\"@id\":\"https:\/\/www.daisho.be\/es\/produit\/adidas-dobok-adi-club-3-aprobado-blanco-blanco\/#breadcrumb\"},\"inLanguage\":\"es\",\"potentialAction\":[{\"@type\":\"ReadAction\",\"target\":[\"https:\/\/www.daisho.be\/es\/produit\/adidas-dobok-adi-club-3-aprobado-blanco-blanco\/\"]}]},{\"@type\":\"ImageObject\",\"inLanguage\":\"es\",\"@id\":\"https:\/\/www.daisho.be\/es\/produit\/adidas-dobok-adi-club-3-aprobado-blanco-blanco\/#primaryimage\",\"url\":\"https:\/\/www.daisho.be\/wp-content\/uploads\/2024\/11\/image-32.png\",\"contentUrl\":\"https:\/\/www.daisho.be\/wp-content\/uploads\/2024\/11\/image-32.png\",\"width\":437,\"height\":701,\"caption\":\"Dobok Adidas ADI CLUB 3 - Col blanc-1\"},{\"@type\":\"BreadcrumbList\",\"@id\":\"https:\/\/www.daisho.be\/es\/produit\/adidas-dobok-adi-club-3-aprobado-blanco-blanco\/#breadcrumb\",\"itemListElement\":[{\"@type\":\"ListItem\",\"position\":1,\"name\":\"Accueil\",\"item\":\"https:\/\/www.daisho.be\/es\/\"},{\"@type\":\"ListItem\",\"position\":2,\"name\":\"Productos\",\"item\":\"https:\/\/www.daisho.be\/es\/productos\/\"},{\"@type\":\"ListItem\",\"position\":3,\"name\":\"ADIDAS COMBAT SPORTS\",\"item\":\"https:\/\/www.daisho.be\/es\/categorie-produit\/adidas-combat-sports-es\/\"},{\"@type\":\"ListItem\",\"position\":4,\"name\":\"Taekwondo\",\"item\":\"https:\/\/www.daisho.be\/es\/categorie-produit\/adidas-combat-sports-es\/taekwondo-es-2\/\"},{\"@type\":\"ListItem\",\"position\":5,\"name\":\"Kimono - Dobok Adidas\",\"item\":\"https:\/\/www.daisho.be\/es\/categorie-produit\/adidas-combat-sports-es\/taekwondo-es-2\/kimono-dobok-adidas-es\/\"},{\"@type\":\"ListItem\",\"position\":6,\"name\":\"Adidas ADI CLUB 3 Dobok &#8211; Cuello blanco\"}]},{\"@type\":\"WebSite\",\"@id\":\"https:\/\/www.daisho.be\/es\/#website\",\"url\":\"https:\/\/www.daisho.be\/es\/\",\"name\":\"Daisho\",\"description\":\"Sp&eacute;cialiste de l'&eacute;quipement sportif d'arts martiaux\",\"publisher\":{\"@id\":\"https:\/\/www.daisho.be\/es\/#organization\"},\"potentialAction\":[{\"@type\":\"SearchAction\",\"target\":{\"@type\":\"EntryPoint\",\"urlTemplate\":\"https:\/\/www.daisho.be\/es\/?s={search_term_string}\"},\"query-input\":{\"@type\":\"PropertyValueSpecification\",\"valueRequired\":true,\"valueName\":\"search_term_string\"}}],\"inLanguage\":\"es\"},{\"@type\":\"Organization\",\"@id\":\"https:\/\/www.daisho.be\/es\/#organization\",\"name\":\"Daisho\",\"url\":\"https:\/\/www.daisho.be\/es\/\",\"logo\":{\"@type\":\"ImageObject\",\"inLanguage\":\"es\",\"@id\":\"https:\/\/www.daisho.be\/es\/#\/schema\/logo\/image\/\",\"url\":\"https:\/\/www.daisho.be\/wp-content\/uploads\/2019\/07\/color-nothing-horizontale4x-e1564486100247.png\",\"contentUrl\":\"https:\/\/www.daisho.be\/wp-content\/uploads\/2019\/07\/color-nothing-horizontale4x-e1564486100247.png\",\"width\":1547,\"height\":385,\"caption\":\"Daisho\"},\"image\":{\"@id\":\"https:\/\/www.daisho.be\/es\/#\/schema\/logo\/image\/\"}}]}<\/script>\n<!-- \/ Yoast SEO plugin. -->","yoast_head_json":{"title":"Adidas ADI CLUB 3 Dobok - Cuello blanco &#8211; Daisho","description":"Descubre el dobok-adi-club3 especialmente dise\u00f1ado para practicantes avanzados y aprobado por la WTF. C\u00f3mpralo en nuestro sitio web www.daisho.be|Daisho","robots":{"index":"index","follow":"follow","max-snippet":"max-snippet:-1","max-image-preview":"max-image-preview:large","max-video-preview":"max-video-preview:-1"},"canonical":"https:\/\/www.daisho.be\/es\/produit\/adidas-dobok-adi-club-3-aprobado-blanco-blanco\/","og_locale":"es_ES","og_type":"article","og_title":"Adidas ADI CLUB 3 Dobok - Cuello blanco &#8211; Daisho","og_description":"Descubre el dobok-adi-club3 especialmente dise\u00f1ado para practicantes avanzados y aprobado por la WTF. C\u00f3mpralo en nuestro sitio web www.daisho.be|Daisho","og_url":"https:\/\/www.daisho.be\/es\/produit\/adidas-dobok-adi-club-3-aprobado-blanco-blanco\/","og_site_name":"Daisho","article_modified_time":"2025-10-09T12:07:54+00:00","og_image":[{"width":437,"height":701,"url":"https:\/\/www.daisho.be\/wp-content\/uploads\/2024\/11\/image-32.png","type":"image\/png"}],"twitter_card":"summary_large_image","schema":{"@context":"https:\/\/schema.org","@graph":[{"@type":"WebPage","@id":"https:\/\/www.daisho.be\/es\/produit\/adidas-dobok-adi-club-3-aprobado-blanco-blanco\/","url":"https:\/\/www.daisho.be\/es\/produit\/adidas-dobok-adi-club-3-aprobado-blanco-blanco\/","name":"Adidas ADI CLUB 3 Dobok - Cuello blanco &#8211; Daisho","isPartOf":{"@id":"https:\/\/www.daisho.be\/es\/#website"},"primaryImageOfPage":{"@id":"https:\/\/www.daisho.be\/es\/produit\/adidas-dobok-adi-club-3-aprobado-blanco-blanco\/#primaryimage"},"image":{"@id":"https:\/\/www.daisho.be\/es\/produit\/adidas-dobok-adi-club-3-aprobado-blanco-blanco\/#primaryimage"},"thumbnailUrl":"https:\/\/www.daisho.be\/wp-content\/uploads\/2024\/11\/image-32.png","datePublished":"2021-07-18T09:38:01+00:00","dateModified":"2025-10-09T12:07:54+00:00","description":"Descubre el dobok-adi-club3 especialmente dise\u00f1ado para practicantes avanzados y aprobado por la WTF. C\u00f3mpralo en nuestro sitio web www.daisho.be|Daisho","breadcrumb":{"@id":"https:\/\/www.daisho.be\/es\/produit\/adidas-dobok-adi-club-3-aprobado-blanco-blanco\/#breadcrumb"},"inLanguage":"es","potentialAction":[{"@type":"ReadAction","target":["https:\/\/www.daisho.be\/es\/produit\/adidas-dobok-adi-club-3-aprobado-blanco-blanco\/"]}]},{"@type":"ImageObject","inLanguage":"es","@id":"https:\/\/www.daisho.be\/es\/produit\/adidas-dobok-adi-club-3-aprobado-blanco-blanco\/#primaryimage","url":"https:\/\/www.daisho.be\/wp-content\/uploads\/2024\/11\/image-32.png","contentUrl":"https:\/\/www.daisho.be\/wp-content\/uploads\/2024\/11\/image-32.png","width":437,"height":701,"caption":"Dobok Adidas ADI CLUB 3 - Col blanc-1"},{"@type":"BreadcrumbList","@id":"https:\/\/www.daisho.be\/es\/produit\/adidas-dobok-adi-club-3-aprobado-blanco-blanco\/#breadcrumb","itemListElement":[{"@type":"ListItem","position":1,"name":"Accueil","item":"https:\/\/www.daisho.be\/es\/"},{"@type":"ListItem","position":2,"name":"Productos","item":"https:\/\/www.daisho.be\/es\/productos\/"},{"@type":"ListItem","position":3,"name":"ADIDAS COMBAT SPORTS","item":"https:\/\/www.daisho.be\/es\/categorie-produit\/adidas-combat-sports-es\/"},{"@type":"ListItem","position":4,"name":"Taekwondo","item":"https:\/\/www.daisho.be\/es\/categorie-produit\/adidas-combat-sports-es\/taekwondo-es-2\/"},{"@type":"ListItem","position":5,"name":"Kimono - Dobok Adidas","item":"https:\/\/www.daisho.be\/es\/categorie-produit\/adidas-combat-sports-es\/taekwondo-es-2\/kimono-dobok-adidas-es\/"},{"@type":"ListItem","position":6,"name":"Adidas ADI CLUB 3 Dobok &#8211; Cuello blanco"}]},{"@type":"WebSite","@id":"https:\/\/www.daisho.be\/es\/#website","url":"https:\/\/www.daisho.be\/es\/","name":"Daisho","description":"Sp&eacute;cialiste de l'&eacute;quipement sportif d'arts martiaux","publisher":{"@id":"https:\/\/www.daisho.be\/es\/#organization"},"potentialAction":[{"@type":"SearchAction","target":{"@type":"EntryPoint","urlTemplate":"https:\/\/www.daisho.be\/es\/?s={search_term_string}"},"query-input":{"@type":"PropertyValueSpecification","valueRequired":true,"valueName":"search_term_string"}}],"inLanguage":"es"},{"@type":"Organization","@id":"https:\/\/www.daisho.be\/es\/#organization","name":"Daisho","url":"https:\/\/www.daisho.be\/es\/","logo":{"@type":"ImageObject","inLanguage":"es","@id":"https:\/\/www.daisho.be\/es\/#\/schema\/logo\/image\/","url":"https:\/\/www.daisho.be\/wp-content\/uploads\/2019\/07\/color-nothing-horizontale4x-e1564486100247.png","contentUrl":"https:\/\/www.daisho.be\/wp-content\/uploads\/2019\/07\/color-nothing-horizontale4x-e1564486100247.png","width":1547,"height":385,"caption":"Daisho"},"image":{"@id":"https:\/\/www.daisho.be\/es\/#\/schema\/logo\/image\/"}}]}},"_links":{"self":[{"href":"https:\/\/www.daisho.be\/es\/wp-json\/wp\/v2\/product\/356185","targetHints":{"allow":["GET"]}}],"collection":[{"href":"https:\/\/www.daisho.be\/es\/wp-json\/wp\/v2\/product"}],"about":[{"href":"https:\/\/www.daisho.be\/es\/wp-json\/wp\/v2\/types\/product"}],"replies":[{"embeddable":true,"href":"https:\/\/www.daisho.be\/es\/wp-json\/wp\/v2\/comments?post=356185"}],"wp:featuredmedia":[{"embeddable":true,"href":"https:\/\/www.daisho.be\/es\/wp-json\/wp\/v2\/media\/465259"}],"wp:attachment":[{"href":"https:\/\/www.daisho.be\/es\/wp-json\/wp\/v2\/media?parent=356185"}],"wp:term":[{"taxonomy":"product_brand","embeddable":true,"href":"https:\/\/www.daisho.be\/es\/wp-json\/wp\/v2\/product_brand?post=356185"},{"taxonomy":"product_cat","embeddable":true,"href":"https:\/\/www.daisho.be\/es\/wp-json\/wp\/v2\/product_cat?post=356185"},{"taxonomy":"product_tag","embeddable":true,"href":"https:\/\/www.daisho.be\/es\/wp-json\/wp\/v2\/product_tag?post=356185"},{"taxonomy":"sport","embeddable":true,"href":"https:\/\/www.daisho.be\/es\/wp-json\/wp\/v2\/sport?post=356185"}],"curies":[{"name":"wp","href":"https:\/\/api.w.org\/{rel}","templated":true}]}}