{"id":355850,"date":"2019-11-27T15:02:38","date_gmt":"2019-11-27T14:02:38","guid":{"rendered":"https:\/\/www.daisho.be\/produit\/bolsa-de-equipo\/"},"modified":"2025-10-09T13:58:43","modified_gmt":"2025-10-09T11:58:43","slug":"bolsa-de-equipo","status":"publish","type":"product","link":"https:\/\/www.daisho.be\/es\/produit\/bolsa-de-equipo\/","title":{"rendered":"Bolsa de equipo"},"content":{"rendered":"<p>100% poli\u00e9ster de 1680 deniers de alta calidad con forro reforzado.<br \/>\nColor: negro.<br \/>\n2 asas de transporte.<br \/>\nRefuerzo de PVC alrededor de las ruedas.<br \/>\n2 grandes bolsillos delanteros.<br \/>\nAsa telesc\u00f3pica retr\u00e1ctil.<br \/>\n2 compartimentos interiores independientes con ventilaci\u00f3n de malla.<br \/>\nFondo reforzado.<br \/>\nAltura 35 cm, Anchura 38 cm, Longitud 77 cm.<\/p>\n","protected":false},"excerpt":{"rendered":"<p>100% poli\u00e9ster de 1680 deniers de alta calidad con forro reforzado. Color: negro. 2 asas de transporte. Refuerzo de PVC alrededor de las ruedas. 2 grandes bolsillos delanteros. Asa telesc\u00f3pica retr\u00e1ctil. 2 compartimentos interiores independientes con ventilaci\u00f3n de malla. Fondo reforzado. Altura 35 cm, Anchura 38 cm, Longitud 77 cm.<\/p>\n","protected":false},"featured_media":515438,"comment_status":"closed","ping_status":"closed","template":"","meta":{"inline_featured_image":false},"product_brand":[],"product_cat":[1763,1409],"product_tag":[1550],"sport":[],"class_list":{"0":"post-355850","1":"product","2":"type-product","3":"status-publish","4":"has-post-thumbnail","6":"product_cat-accesorios","7":"product_cat-equipos-de-formacion-es","8":"product_tag-sporti-es","9":"pa_size-sans-taille","11":"first","12":"instock","13":"taxable","14":"shipping-taxable","15":"purchasable","16":"product-type-simple"},"yoast_head":"<!-- This site is optimized with the Yoast SEO plugin v27.2 - https:\/\/yoast.com\/product\/yoast-seo-wordpress\/ -->\n<title>Bolsa de equipo &#8211; Daisho<\/title>\n<meta name=\"robots\" content=\"index, follow, max-snippet:-1, max-image-preview:large, max-video-preview:-1\" \/>\n<link rel=\"canonical\" href=\"https:\/\/www.daisho.be\/es\/produit\/bolsa-de-equipo\/\" \/>\n<meta property=\"og:locale\" content=\"es_ES\" \/>\n<meta property=\"og:type\" content=\"article\" \/>\n<meta property=\"og:title\" content=\"Bolsa de equipo &#8211; Daisho\" \/>\n<meta property=\"og:description\" content=\"100% poli\u00e9ster de 1680 deniers de alta calidad con forro reforzado. Color: negro. 2 asas de transporte. Refuerzo de PVC alrededor de las ruedas. 2 grandes bolsillos delanteros. Asa telesc\u00f3pica retr\u00e1ctil. 2 compartimentos interiores independientes con ventilaci\u00f3n de malla. Fondo reforzado. Altura 35 cm, Anchura 38 cm, Longitud 77 cm.\" \/>\n<meta property=\"og:url\" content=\"https:\/\/www.daisho.be\/es\/produit\/bolsa-de-equipo\/\" \/>\n<meta property=\"og:site_name\" content=\"Daisho\" \/>\n<meta property=\"article:modified_time\" content=\"2025-10-09T11:58:43+00:00\" \/>\n<meta property=\"og:image\" content=\"https:\/\/www.daisho.be\/wp-content\/uploads\/2025\/04\/image-3.png\" \/>\n\t<meta property=\"og:image:width\" content=\"1500\" \/>\n\t<meta property=\"og:image:height\" content=\"1080\" \/>\n\t<meta property=\"og:image:type\" content=\"image\/png\" \/>\n<meta name=\"twitter:card\" content=\"summary_large_image\" \/>\n<script type=\"application\/ld+json\" class=\"yoast-schema-graph\">{\"@context\":\"https:\/\/schema.org\",\"@graph\":[{\"@type\":\"WebPage\",\"@id\":\"https:\/\/www.daisho.be\/es\/produit\/bolsa-de-equipo\/\",\"url\":\"https:\/\/www.daisho.be\/es\/produit\/bolsa-de-equipo\/\",\"name\":\"Bolsa de equipo &#8211; Daisho\",\"isPartOf\":{\"@id\":\"https:\/\/www.daisho.be\/es\/#website\"},\"primaryImageOfPage\":{\"@id\":\"https:\/\/www.daisho.be\/es\/produit\/bolsa-de-equipo\/#primaryimage\"},\"image\":{\"@id\":\"https:\/\/www.daisho.be\/es\/produit\/bolsa-de-equipo\/#primaryimage\"},\"thumbnailUrl\":\"https:\/\/www.daisho.be\/wp-content\/uploads\/2025\/04\/image-3.png\",\"datePublished\":\"2019-11-27T14:02:38+00:00\",\"dateModified\":\"2025-10-09T11:58:43+00:00\",\"breadcrumb\":{\"@id\":\"https:\/\/www.daisho.be\/es\/produit\/bolsa-de-equipo\/#breadcrumb\"},\"inLanguage\":\"es\",\"potentialAction\":[{\"@type\":\"ReadAction\",\"target\":[\"https:\/\/www.daisho.be\/es\/produit\/bolsa-de-equipo\/\"]}]},{\"@type\":\"ImageObject\",\"inLanguage\":\"es\",\"@id\":\"https:\/\/www.daisho.be\/es\/produit\/bolsa-de-equipo\/#primaryimage\",\"url\":\"https:\/\/www.daisho.be\/wp-content\/uploads\/2025\/04\/image-3.png\",\"contentUrl\":\"https:\/\/www.daisho.be\/wp-content\/uploads\/2025\/04\/image-3.png\",\"width\":1500,\"height\":1080,\"caption\":\"Bolsa de equipo-1\"},{\"@type\":\"BreadcrumbList\",\"@id\":\"https:\/\/www.daisho.be\/es\/produit\/bolsa-de-equipo\/#breadcrumb\",\"itemListElement\":[{\"@type\":\"ListItem\",\"position\":1,\"name\":\"Accueil\",\"item\":\"https:\/\/www.daisho.be\/es\/\"},{\"@type\":\"ListItem\",\"position\":2,\"name\":\"Productos\",\"item\":\"https:\/\/www.daisho.be\/es\/productos\/\"},{\"@type\":\"ListItem\",\"position\":3,\"name\":\"Fitness - Crossfit\",\"item\":\"https:\/\/www.daisho.be\/es\/categorie-produit\/fitness-crossfit-es\/\"},{\"@type\":\"ListItem\",\"position\":4,\"name\":\"Accesorios\",\"item\":\"https:\/\/www.daisho.be\/es\/categorie-produit\/fitness-crossfit-es\/accesorios\/\"},{\"@type\":\"ListItem\",\"position\":5,\"name\":\"Bolsa de equipo\"}]},{\"@type\":\"WebSite\",\"@id\":\"https:\/\/www.daisho.be\/es\/#website\",\"url\":\"https:\/\/www.daisho.be\/es\/\",\"name\":\"Daisho\",\"description\":\"Sp&eacute;cialiste de l'&eacute;quipement sportif d'arts martiaux\",\"publisher\":{\"@id\":\"https:\/\/www.daisho.be\/es\/#organization\"},\"potentialAction\":[{\"@type\":\"SearchAction\",\"target\":{\"@type\":\"EntryPoint\",\"urlTemplate\":\"https:\/\/www.daisho.be\/es\/?s={search_term_string}\"},\"query-input\":{\"@type\":\"PropertyValueSpecification\",\"valueRequired\":true,\"valueName\":\"search_term_string\"}}],\"inLanguage\":\"es\"},{\"@type\":\"Organization\",\"@id\":\"https:\/\/www.daisho.be\/es\/#organization\",\"name\":\"Daisho\",\"url\":\"https:\/\/www.daisho.be\/es\/\",\"logo\":{\"@type\":\"ImageObject\",\"inLanguage\":\"es\",\"@id\":\"https:\/\/www.daisho.be\/es\/#\/schema\/logo\/image\/\",\"url\":\"https:\/\/www.daisho.be\/wp-content\/uploads\/2019\/07\/color-nothing-horizontale4x-e1564486100247.png\",\"contentUrl\":\"https:\/\/www.daisho.be\/wp-content\/uploads\/2019\/07\/color-nothing-horizontale4x-e1564486100247.png\",\"width\":1547,\"height\":385,\"caption\":\"Daisho\"},\"image\":{\"@id\":\"https:\/\/www.daisho.be\/es\/#\/schema\/logo\/image\/\"}}]}<\/script>\n<!-- \/ Yoast SEO plugin. -->","yoast_head_json":{"title":"Bolsa de equipo &#8211; Daisho","robots":{"index":"index","follow":"follow","max-snippet":"max-snippet:-1","max-image-preview":"max-image-preview:large","max-video-preview":"max-video-preview:-1"},"canonical":"https:\/\/www.daisho.be\/es\/produit\/bolsa-de-equipo\/","og_locale":"es_ES","og_type":"article","og_title":"Bolsa de equipo &#8211; Daisho","og_description":"100% poli\u00e9ster de 1680 deniers de alta calidad con forro reforzado. Color: negro. 2 asas de transporte. Refuerzo de PVC alrededor de las ruedas. 2 grandes bolsillos delanteros. Asa telesc\u00f3pica retr\u00e1ctil. 2 compartimentos interiores independientes con ventilaci\u00f3n de malla. Fondo reforzado. Altura 35 cm, Anchura 38 cm, Longitud 77 cm.","og_url":"https:\/\/www.daisho.be\/es\/produit\/bolsa-de-equipo\/","og_site_name":"Daisho","article_modified_time":"2025-10-09T11:58:43+00:00","og_image":[{"width":1500,"height":1080,"url":"https:\/\/www.daisho.be\/wp-content\/uploads\/2025\/04\/image-3.png","type":"image\/png"}],"twitter_card":"summary_large_image","schema":{"@context":"https:\/\/schema.org","@graph":[{"@type":"WebPage","@id":"https:\/\/www.daisho.be\/es\/produit\/bolsa-de-equipo\/","url":"https:\/\/www.daisho.be\/es\/produit\/bolsa-de-equipo\/","name":"Bolsa de equipo &#8211; Daisho","isPartOf":{"@id":"https:\/\/www.daisho.be\/es\/#website"},"primaryImageOfPage":{"@id":"https:\/\/www.daisho.be\/es\/produit\/bolsa-de-equipo\/#primaryimage"},"image":{"@id":"https:\/\/www.daisho.be\/es\/produit\/bolsa-de-equipo\/#primaryimage"},"thumbnailUrl":"https:\/\/www.daisho.be\/wp-content\/uploads\/2025\/04\/image-3.png","datePublished":"2019-11-27T14:02:38+00:00","dateModified":"2025-10-09T11:58:43+00:00","breadcrumb":{"@id":"https:\/\/www.daisho.be\/es\/produit\/bolsa-de-equipo\/#breadcrumb"},"inLanguage":"es","potentialAction":[{"@type":"ReadAction","target":["https:\/\/www.daisho.be\/es\/produit\/bolsa-de-equipo\/"]}]},{"@type":"ImageObject","inLanguage":"es","@id":"https:\/\/www.daisho.be\/es\/produit\/bolsa-de-equipo\/#primaryimage","url":"https:\/\/www.daisho.be\/wp-content\/uploads\/2025\/04\/image-3.png","contentUrl":"https:\/\/www.daisho.be\/wp-content\/uploads\/2025\/04\/image-3.png","width":1500,"height":1080,"caption":"Bolsa de equipo-1"},{"@type":"BreadcrumbList","@id":"https:\/\/www.daisho.be\/es\/produit\/bolsa-de-equipo\/#breadcrumb","itemListElement":[{"@type":"ListItem","position":1,"name":"Accueil","item":"https:\/\/www.daisho.be\/es\/"},{"@type":"ListItem","position":2,"name":"Productos","item":"https:\/\/www.daisho.be\/es\/productos\/"},{"@type":"ListItem","position":3,"name":"Fitness - Crossfit","item":"https:\/\/www.daisho.be\/es\/categorie-produit\/fitness-crossfit-es\/"},{"@type":"ListItem","position":4,"name":"Accesorios","item":"https:\/\/www.daisho.be\/es\/categorie-produit\/fitness-crossfit-es\/accesorios\/"},{"@type":"ListItem","position":5,"name":"Bolsa de equipo"}]},{"@type":"WebSite","@id":"https:\/\/www.daisho.be\/es\/#website","url":"https:\/\/www.daisho.be\/es\/","name":"Daisho","description":"Sp&eacute;cialiste de l'&eacute;quipement sportif d'arts martiaux","publisher":{"@id":"https:\/\/www.daisho.be\/es\/#organization"},"potentialAction":[{"@type":"SearchAction","target":{"@type":"EntryPoint","urlTemplate":"https:\/\/www.daisho.be\/es\/?s={search_term_string}"},"query-input":{"@type":"PropertyValueSpecification","valueRequired":true,"valueName":"search_term_string"}}],"inLanguage":"es"},{"@type":"Organization","@id":"https:\/\/www.daisho.be\/es\/#organization","name":"Daisho","url":"https:\/\/www.daisho.be\/es\/","logo":{"@type":"ImageObject","inLanguage":"es","@id":"https:\/\/www.daisho.be\/es\/#\/schema\/logo\/image\/","url":"https:\/\/www.daisho.be\/wp-content\/uploads\/2019\/07\/color-nothing-horizontale4x-e1564486100247.png","contentUrl":"https:\/\/www.daisho.be\/wp-content\/uploads\/2019\/07\/color-nothing-horizontale4x-e1564486100247.png","width":1547,"height":385,"caption":"Daisho"},"image":{"@id":"https:\/\/www.daisho.be\/es\/#\/schema\/logo\/image\/"}}]}},"_links":{"self":[{"href":"https:\/\/www.daisho.be\/es\/wp-json\/wp\/v2\/product\/355850","targetHints":{"allow":["GET"]}}],"collection":[{"href":"https:\/\/www.daisho.be\/es\/wp-json\/wp\/v2\/product"}],"about":[{"href":"https:\/\/www.daisho.be\/es\/wp-json\/wp\/v2\/types\/product"}],"replies":[{"embeddable":true,"href":"https:\/\/www.daisho.be\/es\/wp-json\/wp\/v2\/comments?post=355850"}],"wp:featuredmedia":[{"embeddable":true,"href":"https:\/\/www.daisho.be\/es\/wp-json\/wp\/v2\/media\/515438"}],"wp:attachment":[{"href":"https:\/\/www.daisho.be\/es\/wp-json\/wp\/v2\/media?parent=355850"}],"wp:term":[{"taxonomy":"product_brand","embeddable":true,"href":"https:\/\/www.daisho.be\/es\/wp-json\/wp\/v2\/product_brand?post=355850"},{"taxonomy":"product_cat","embeddable":true,"href":"https:\/\/www.daisho.be\/es\/wp-json\/wp\/v2\/product_cat?post=355850"},{"taxonomy":"product_tag","embeddable":true,"href":"https:\/\/www.daisho.be\/es\/wp-json\/wp\/v2\/product_tag?post=355850"},{"taxonomy":"sport","embeddable":true,"href":"https:\/\/www.daisho.be\/es\/wp-json\/wp\/v2\/sport?post=355850"}],"curies":[{"name":"wp","href":"https:\/\/api.w.org\/{rel}","templated":true}]}}