{"id":355488,"date":"2023-12-06T14:08:33","date_gmt":"2023-12-06T13:08:33","guid":{"rendered":"https:\/\/www.daisho.be\/produit\/pantalones-cortos-adidas-grappling\/"},"modified":"2025-02-27T13:57:36","modified_gmt":"2025-02-27T12:57:36","slug":"pantalones-cortos-adidas-grappling","status":"publish","type":"product","link":"https:\/\/www.daisho.be\/es\/produit\/pantalones-cortos-adidas-grappling\/","title":{"rendered":"pantalones cortos adidas grappling"},"content":{"rendered":"<p>La nueva l\u00ednea de adidas es un regalo para la vista, combinado con el rendimiento que necesita un deportista de \u00e9lite. Los pantalones cortos son el\u00e1sticos para una enorme libertad de movimientos. Estos pantalones cortos de BJJ tienen cordones. Los pantalones est\u00e1n confeccionados en elastano y poli\u00e9ster. Estos pantalones cortos pueden llevarse tanto de forma informal como para hacer deporte.<br \/>\nEsta l\u00ednea se produce en una de las mejores empresas textiles del mundo, en M\u00e9xico.<\/p>\n","protected":false},"excerpt":{"rendered":"<p>La nueva l\u00ednea de adidas es un regalo para la vista, combinado con el rendimiento que necesita un deportista de \u00e9lite. Los pantalones cortos son el\u00e1sticos para una enorme libertad de movimientos. Estos pantalones cortos de BJJ tienen cordones. Los pantalones est\u00e1n confeccionados en elastano y poli\u00e9ster. Estos pantalones cortos pueden llevarse tanto de forma [&hellip;]<\/p>\n","protected":false},"featured_media":339783,"comment_status":"open","ping_status":"closed","template":"","meta":{"inline_featured_image":false},"product_brand":[],"product_cat":[1694],"product_tag":[1560],"sport":[],"class_list":{"0":"post-355488","1":"product","2":"type-product","3":"status-publish","4":"has-post-thumbnail","6":"product_cat-ropa-adidas-para-mma","7":"product_tag-adidas-es","8":"pa_size-s","9":"pa_size-xs","11":"first","12":"instock","13":"taxable","14":"shipping-taxable","15":"purchasable","16":"product-type-variable"},"yoast_head":"<!-- This site is optimized with the Yoast SEO plugin v27.2 - https:\/\/yoast.com\/product\/yoast-seo-wordpress\/ -->\n<title>pantalones cortos adidas grappling &#8211; Daisho<\/title>\n<meta name=\"description\" content=\"Los pantalones cortos de grappling Adidas tienen un dise\u00f1o excepcional. \u00a1Dale estilo a tus sesiones de entrenamiento! Encu\u00e9ntralos en nuestra p\u00e1gina web www.daisho.be|Daisho\" \/>\n<meta name=\"robots\" content=\"index, follow, max-snippet:-1, max-image-preview:large, max-video-preview:-1\" \/>\n<link rel=\"canonical\" href=\"https:\/\/www.daisho.be\/es\/produit\/pantalones-cortos-adidas-grappling\/\" \/>\n<meta property=\"og:locale\" content=\"es_ES\" \/>\n<meta property=\"og:type\" content=\"article\" \/>\n<meta property=\"og:title\" content=\"pantalones cortos adidas grappling &#8211; Daisho\" \/>\n<meta property=\"og:description\" content=\"Los pantalones cortos de grappling Adidas tienen un dise\u00f1o excepcional. \u00a1Dale estilo a tus sesiones de entrenamiento! Encu\u00e9ntralos en nuestra p\u00e1gina web www.daisho.be|Daisho\" \/>\n<meta property=\"og:url\" content=\"https:\/\/www.daisho.be\/es\/produit\/pantalones-cortos-adidas-grappling\/\" \/>\n<meta property=\"og:site_name\" content=\"Daisho\" \/>\n<meta property=\"article:modified_time\" content=\"2025-02-27T12:57:36+00:00\" \/>\n<meta property=\"og:image\" content=\"https:\/\/www.daisho.be\/wp-content\/uploads\/2023\/12\/image-22.jpg\" \/>\n\t<meta property=\"og:image:width\" content=\"650\" \/>\n\t<meta property=\"og:image:height\" content=\"650\" \/>\n\t<meta property=\"og:image:type\" content=\"image\/jpeg\" \/>\n<meta name=\"twitter:card\" content=\"summary_large_image\" \/>\n<script type=\"application\/ld+json\" class=\"yoast-schema-graph\">{\"@context\":\"https:\/\/schema.org\",\"@graph\":[{\"@type\":\"WebPage\",\"@id\":\"https:\/\/www.daisho.be\/es\/produit\/pantalones-cortos-adidas-grappling\/\",\"url\":\"https:\/\/www.daisho.be\/es\/produit\/pantalones-cortos-adidas-grappling\/\",\"name\":\"pantalones cortos adidas grappling &#8211; Daisho\",\"isPartOf\":{\"@id\":\"https:\/\/www.daisho.be\/es\/#website\"},\"primaryImageOfPage\":{\"@id\":\"https:\/\/www.daisho.be\/es\/produit\/pantalones-cortos-adidas-grappling\/#primaryimage\"},\"image\":{\"@id\":\"https:\/\/www.daisho.be\/es\/produit\/pantalones-cortos-adidas-grappling\/#primaryimage\"},\"thumbnailUrl\":\"https:\/\/www.daisho.be\/wp-content\/uploads\/2023\/12\/image-22.jpg\",\"datePublished\":\"2023-12-06T13:08:33+00:00\",\"dateModified\":\"2025-02-27T12:57:36+00:00\",\"description\":\"Los pantalones cortos de grappling Adidas tienen un dise\u00f1o excepcional. \u00a1Dale estilo a tus sesiones de entrenamiento! Encu\u00e9ntralos en nuestra p\u00e1gina web www.daisho.be|Daisho\",\"breadcrumb\":{\"@id\":\"https:\/\/www.daisho.be\/es\/produit\/pantalones-cortos-adidas-grappling\/#breadcrumb\"},\"inLanguage\":\"es\",\"potentialAction\":[{\"@type\":\"ReadAction\",\"target\":[\"https:\/\/www.daisho.be\/es\/produit\/pantalones-cortos-adidas-grappling\/\"]}]},{\"@type\":\"ImageObject\",\"inLanguage\":\"es\",\"@id\":\"https:\/\/www.daisho.be\/es\/produit\/pantalones-cortos-adidas-grappling\/#primaryimage\",\"url\":\"https:\/\/www.daisho.be\/wp-content\/uploads\/2023\/12\/image-22.jpg\",\"contentUrl\":\"https:\/\/www.daisho.be\/wp-content\/uploads\/2023\/12\/image-22.jpg\",\"width\":650,\"height\":650,\"caption\":\"Pantalones cortos de grappling adidas-1\"},{\"@type\":\"BreadcrumbList\",\"@id\":\"https:\/\/www.daisho.be\/es\/produit\/pantalones-cortos-adidas-grappling\/#breadcrumb\",\"itemListElement\":[{\"@type\":\"ListItem\",\"position\":1,\"name\":\"Accueil\",\"item\":\"https:\/\/www.daisho.be\/es\/\"},{\"@type\":\"ListItem\",\"position\":2,\"name\":\"Productos\",\"item\":\"https:\/\/www.daisho.be\/es\/productos\/\"},{\"@type\":\"ListItem\",\"position\":3,\"name\":\"ADIDAS COMBAT SPORTS\",\"item\":\"https:\/\/www.daisho.be\/es\/categorie-produit\/adidas-combat-sports-es\/\"},{\"@type\":\"ListItem\",\"position\":4,\"name\":\"MMA\",\"item\":\"https:\/\/www.daisho.be\/es\/categorie-produit\/adidas-combat-sports-es\/mma-es-2\/\"},{\"@type\":\"ListItem\",\"position\":5,\"name\":\"Ropa Adidas para MMA\",\"item\":\"https:\/\/www.daisho.be\/es\/categorie-produit\/adidas-combat-sports-es\/mma-es-2\/ropa-adidas-para-mma\/\"},{\"@type\":\"ListItem\",\"position\":6,\"name\":\"pantalones cortos adidas grappling\"}]},{\"@type\":\"WebSite\",\"@id\":\"https:\/\/www.daisho.be\/es\/#website\",\"url\":\"https:\/\/www.daisho.be\/es\/\",\"name\":\"Daisho\",\"description\":\"Sp&eacute;cialiste de l'&eacute;quipement sportif d'arts martiaux\",\"publisher\":{\"@id\":\"https:\/\/www.daisho.be\/es\/#organization\"},\"potentialAction\":[{\"@type\":\"SearchAction\",\"target\":{\"@type\":\"EntryPoint\",\"urlTemplate\":\"https:\/\/www.daisho.be\/es\/?s={search_term_string}\"},\"query-input\":{\"@type\":\"PropertyValueSpecification\",\"valueRequired\":true,\"valueName\":\"search_term_string\"}}],\"inLanguage\":\"es\"},{\"@type\":\"Organization\",\"@id\":\"https:\/\/www.daisho.be\/es\/#organization\",\"name\":\"Daisho\",\"url\":\"https:\/\/www.daisho.be\/es\/\",\"logo\":{\"@type\":\"ImageObject\",\"inLanguage\":\"es\",\"@id\":\"https:\/\/www.daisho.be\/es\/#\/schema\/logo\/image\/\",\"url\":\"https:\/\/www.daisho.be\/wp-content\/uploads\/2019\/07\/color-nothing-horizontale4x-e1564486100247.png\",\"contentUrl\":\"https:\/\/www.daisho.be\/wp-content\/uploads\/2019\/07\/color-nothing-horizontale4x-e1564486100247.png\",\"width\":1547,\"height\":385,\"caption\":\"Daisho\"},\"image\":{\"@id\":\"https:\/\/www.daisho.be\/es\/#\/schema\/logo\/image\/\"}}]}<\/script>\n<!-- \/ Yoast SEO plugin. -->","yoast_head_json":{"title":"pantalones cortos adidas grappling &#8211; Daisho","description":"Los pantalones cortos de grappling Adidas tienen un dise\u00f1o excepcional. \u00a1Dale estilo a tus sesiones de entrenamiento! Encu\u00e9ntralos en nuestra p\u00e1gina web www.daisho.be|Daisho","robots":{"index":"index","follow":"follow","max-snippet":"max-snippet:-1","max-image-preview":"max-image-preview:large","max-video-preview":"max-video-preview:-1"},"canonical":"https:\/\/www.daisho.be\/es\/produit\/pantalones-cortos-adidas-grappling\/","og_locale":"es_ES","og_type":"article","og_title":"pantalones cortos adidas grappling &#8211; Daisho","og_description":"Los pantalones cortos de grappling Adidas tienen un dise\u00f1o excepcional. \u00a1Dale estilo a tus sesiones de entrenamiento! Encu\u00e9ntralos en nuestra p\u00e1gina web www.daisho.be|Daisho","og_url":"https:\/\/www.daisho.be\/es\/produit\/pantalones-cortos-adidas-grappling\/","og_site_name":"Daisho","article_modified_time":"2025-02-27T12:57:36+00:00","og_image":[{"width":650,"height":650,"url":"https:\/\/www.daisho.be\/wp-content\/uploads\/2023\/12\/image-22.jpg","type":"image\/jpeg"}],"twitter_card":"summary_large_image","schema":{"@context":"https:\/\/schema.org","@graph":[{"@type":"WebPage","@id":"https:\/\/www.daisho.be\/es\/produit\/pantalones-cortos-adidas-grappling\/","url":"https:\/\/www.daisho.be\/es\/produit\/pantalones-cortos-adidas-grappling\/","name":"pantalones cortos adidas grappling &#8211; Daisho","isPartOf":{"@id":"https:\/\/www.daisho.be\/es\/#website"},"primaryImageOfPage":{"@id":"https:\/\/www.daisho.be\/es\/produit\/pantalones-cortos-adidas-grappling\/#primaryimage"},"image":{"@id":"https:\/\/www.daisho.be\/es\/produit\/pantalones-cortos-adidas-grappling\/#primaryimage"},"thumbnailUrl":"https:\/\/www.daisho.be\/wp-content\/uploads\/2023\/12\/image-22.jpg","datePublished":"2023-12-06T13:08:33+00:00","dateModified":"2025-02-27T12:57:36+00:00","description":"Los pantalones cortos de grappling Adidas tienen un dise\u00f1o excepcional. \u00a1Dale estilo a tus sesiones de entrenamiento! Encu\u00e9ntralos en nuestra p\u00e1gina web www.daisho.be|Daisho","breadcrumb":{"@id":"https:\/\/www.daisho.be\/es\/produit\/pantalones-cortos-adidas-grappling\/#breadcrumb"},"inLanguage":"es","potentialAction":[{"@type":"ReadAction","target":["https:\/\/www.daisho.be\/es\/produit\/pantalones-cortos-adidas-grappling\/"]}]},{"@type":"ImageObject","inLanguage":"es","@id":"https:\/\/www.daisho.be\/es\/produit\/pantalones-cortos-adidas-grappling\/#primaryimage","url":"https:\/\/www.daisho.be\/wp-content\/uploads\/2023\/12\/image-22.jpg","contentUrl":"https:\/\/www.daisho.be\/wp-content\/uploads\/2023\/12\/image-22.jpg","width":650,"height":650,"caption":"Pantalones cortos de grappling adidas-1"},{"@type":"BreadcrumbList","@id":"https:\/\/www.daisho.be\/es\/produit\/pantalones-cortos-adidas-grappling\/#breadcrumb","itemListElement":[{"@type":"ListItem","position":1,"name":"Accueil","item":"https:\/\/www.daisho.be\/es\/"},{"@type":"ListItem","position":2,"name":"Productos","item":"https:\/\/www.daisho.be\/es\/productos\/"},{"@type":"ListItem","position":3,"name":"ADIDAS COMBAT SPORTS","item":"https:\/\/www.daisho.be\/es\/categorie-produit\/adidas-combat-sports-es\/"},{"@type":"ListItem","position":4,"name":"MMA","item":"https:\/\/www.daisho.be\/es\/categorie-produit\/adidas-combat-sports-es\/mma-es-2\/"},{"@type":"ListItem","position":5,"name":"Ropa Adidas para MMA","item":"https:\/\/www.daisho.be\/es\/categorie-produit\/adidas-combat-sports-es\/mma-es-2\/ropa-adidas-para-mma\/"},{"@type":"ListItem","position":6,"name":"pantalones cortos adidas grappling"}]},{"@type":"WebSite","@id":"https:\/\/www.daisho.be\/es\/#website","url":"https:\/\/www.daisho.be\/es\/","name":"Daisho","description":"Sp&eacute;cialiste de l'&eacute;quipement sportif d'arts martiaux","publisher":{"@id":"https:\/\/www.daisho.be\/es\/#organization"},"potentialAction":[{"@type":"SearchAction","target":{"@type":"EntryPoint","urlTemplate":"https:\/\/www.daisho.be\/es\/?s={search_term_string}"},"query-input":{"@type":"PropertyValueSpecification","valueRequired":true,"valueName":"search_term_string"}}],"inLanguage":"es"},{"@type":"Organization","@id":"https:\/\/www.daisho.be\/es\/#organization","name":"Daisho","url":"https:\/\/www.daisho.be\/es\/","logo":{"@type":"ImageObject","inLanguage":"es","@id":"https:\/\/www.daisho.be\/es\/#\/schema\/logo\/image\/","url":"https:\/\/www.daisho.be\/wp-content\/uploads\/2019\/07\/color-nothing-horizontale4x-e1564486100247.png","contentUrl":"https:\/\/www.daisho.be\/wp-content\/uploads\/2019\/07\/color-nothing-horizontale4x-e1564486100247.png","width":1547,"height":385,"caption":"Daisho"},"image":{"@id":"https:\/\/www.daisho.be\/es\/#\/schema\/logo\/image\/"}}]}},"_links":{"self":[{"href":"https:\/\/www.daisho.be\/es\/wp-json\/wp\/v2\/product\/355488","targetHints":{"allow":["GET"]}}],"collection":[{"href":"https:\/\/www.daisho.be\/es\/wp-json\/wp\/v2\/product"}],"about":[{"href":"https:\/\/www.daisho.be\/es\/wp-json\/wp\/v2\/types\/product"}],"replies":[{"embeddable":true,"href":"https:\/\/www.daisho.be\/es\/wp-json\/wp\/v2\/comments?post=355488"}],"wp:featuredmedia":[{"embeddable":true,"href":"https:\/\/www.daisho.be\/es\/wp-json\/wp\/v2\/media\/339783"}],"wp:attachment":[{"href":"https:\/\/www.daisho.be\/es\/wp-json\/wp\/v2\/media?parent=355488"}],"wp:term":[{"taxonomy":"product_brand","embeddable":true,"href":"https:\/\/www.daisho.be\/es\/wp-json\/wp\/v2\/product_brand?post=355488"},{"taxonomy":"product_cat","embeddable":true,"href":"https:\/\/www.daisho.be\/es\/wp-json\/wp\/v2\/product_cat?post=355488"},{"taxonomy":"product_tag","embeddable":true,"href":"https:\/\/www.daisho.be\/es\/wp-json\/wp\/v2\/product_tag?post=355488"},{"taxonomy":"sport","embeddable":true,"href":"https:\/\/www.daisho.be\/es\/wp-json\/wp\/v2\/sport?post=355488"}],"curies":[{"name":"wp","href":"https:\/\/api.w.org\/{rel}","templated":true}]}}