{"id":355358,"date":"2023-10-17T19:57:48","date_gmt":"2023-10-17T17:57:48","guid":{"rendered":"https:\/\/www.daisho.be\/produit\/tatami-i-tis-entrenamiento-1-x-1-m\/"},"modified":"2026-03-31T14:52:25","modified_gmt":"2026-03-31T12:52:25","slug":"tatami-i-tis-entrenamiento-1-x-1-m","status":"publish","type":"product","link":"https:\/\/www.daisho.be\/es\/produit\/tatami-i-tis-entrenamiento-1-x-1-m\/","title":{"rendered":"Tatami I-TIS ENTRENAMIENTO 1 x 1 m"},"content":{"rendered":"<p>El nuevo tatami de judo I-TIS de ProGame Tatami by Trocellen es un producto totalmente nuevo que ha evolucionado a partir del anterior concepto TIS. El tatami de judo I-TIS es innovador y revolucionario en cada una de sus caracter\u00edsticas.<br \/>\nHomologado por la Federaci\u00f3n Internacional de Judo, ha sido reconocido como un producto apto para todo tipo de competiciones, desde los torneos regionales hasta los Juegos Ol\u00edmpicos. Aqu\u00ed la encontrar\u00e1s en su versi\u00f3n de entrenamiento.<br \/>\nSu sistema patentado de enganche invisible mantiene unidas las colchonetas durante el combate: la colchoneta de entrenamiento I-TIS es la colchoneta ideal para entrenar todo tipo de actividades.<br \/>\nLa superficie instalada no necesita marcos adicionales. Gracias a su ligereza, es f\u00e1cil de instalar, no deja huecos entre las alfombrillas y, a diferencia de otras alfombrillas tradicionales, no se mueve. La seguridad que garantiza este tatami y su innovador sistema de suspensi\u00f3n invisible lo convierten en el tatami m\u00e1s seguro y estable del mercado, ideal para todo tipo de eventos.<br \/>\nMaterial: Espuma de polietileno expandido reticulado combinada con PVC gofrado de alta resistencia.<br \/>\nDimensiones: 1000 x 1000 x 40 mm y 1000 x 1000 x 50 mm<br \/>\nPeso: 3,4 kg en 50 mm<br \/>\nColores: Amarillo \/ Rojo \/ Azul marino \/ Verde oliva \/ Negro<br \/>\nSeguridad: Norma NF EN 12503.3. Probado conforme a la norma europea EN 12503.3 con la etiqueta IJF.<br \/>\nAccesorios: Los tatamis se suministran con un kit de conexi\u00f3n para poder instalarlos y crear un \u00e1rea completa.     <\/p>\n","protected":false},"excerpt":{"rendered":"<p>El nuevo tatami de judo I-TIS de ProGame Tatami by Trocellen es un producto totalmente nuevo que ha evolucionado a partir del anterior concepto TIS. El tatami de judo I-TIS es innovador y revolucionario en cada una de sus caracter\u00edsticas. Homologado por la Federaci\u00f3n Internacional de Judo, ha sido reconocido como un producto apto para [&hellip;]<\/p>\n","protected":false},"featured_media":339060,"comment_status":"open","ping_status":"closed","template":"","meta":{"inline_featured_image":false},"product_brand":[],"product_cat":[1338,1339,1316,1294],"product_tag":[2552,1290],"sport":[],"class_list":{"0":"post-355358","1":"product","2":"type-product","3":"status-publish","4":"has-post-thumbnail","6":"product_cat-equipo-de-entrenamiento-de-jiu-jitsu","7":"product_cat-equipo-de-entrenamiento-de-mma","8":"product_cat-equipos-de-formacion","9":"product_cat-tatamis-de-judo-karate-y-taekwondo-artes-marciales","10":"product_tag-cita","11":"product_tag-progame-tatamis-es","12":"product_shipping_class-productos-voluminosos-es","13":"pa_size-4-cm","14":"pa_size-5-cm","16":"first","17":"instock","18":"taxable","19":"shipping-taxable","20":"purchasable","21":"product-type-variable"},"yoast_head":"<!-- This site is optimized with the Yoast SEO plugin v27.2 - https:\/\/yoast.com\/product\/yoast-seo-wordpress\/ -->\n<title>Tatami I-TIS ENTRENAMIENTO 1 x 1 m &#8211; Daisho<\/title>\n<meta name=\"description\" content=\"Tatami de judo I-TIS Training IJF, agarre invisible, estable, ligero y seguro para entrenamientos intensivos. Encu\u00e9ntralo en www.daisho.be|Daisho\" \/>\n<meta name=\"robots\" content=\"index, follow, max-snippet:-1, max-image-preview:large, max-video-preview:-1\" \/>\n<link rel=\"canonical\" href=\"https:\/\/www.daisho.be\/es\/produit\/tatami-i-tis-entrenamiento-1-x-1-m\/\" \/>\n<meta property=\"og:locale\" content=\"es_ES\" \/>\n<meta property=\"og:type\" content=\"article\" \/>\n<meta property=\"og:title\" content=\"Tatami I-TIS ENTRENAMIENTO 1 x 1 m &#8211; Daisho\" \/>\n<meta property=\"og:description\" content=\"Tatami de judo I-TIS Training IJF, agarre invisible, estable, ligero y seguro para entrenamientos intensivos. Encu\u00e9ntralo en www.daisho.be|Daisho\" \/>\n<meta property=\"og:url\" content=\"https:\/\/www.daisho.be\/es\/produit\/tatami-i-tis-entrenamiento-1-x-1-m\/\" \/>\n<meta property=\"og:site_name\" content=\"Daisho\" \/>\n<meta property=\"article:modified_time\" content=\"2026-03-31T12:52:25+00:00\" \/>\n<meta property=\"og:image\" content=\"https:\/\/www.daisho.be\/wp-content\/uploads\/2023\/10\/image-23.jpg\" \/>\n\t<meta property=\"og:image:width\" content=\"1920\" \/>\n\t<meta property=\"og:image:height\" content=\"783\" \/>\n\t<meta property=\"og:image:type\" content=\"image\/jpeg\" \/>\n<meta name=\"twitter:card\" content=\"summary_large_image\" \/>\n<meta name=\"twitter:label1\" content=\"Tiempo de lectura\" \/>\n\t<meta name=\"twitter:data1\" content=\"1 minuto\" \/>\n<script type=\"application\/ld+json\" class=\"yoast-schema-graph\">{\"@context\":\"https:\/\/schema.org\",\"@graph\":[{\"@type\":\"WebPage\",\"@id\":\"https:\/\/www.daisho.be\/es\/produit\/tatami-i-tis-entrenamiento-1-x-1-m\/\",\"url\":\"https:\/\/www.daisho.be\/es\/produit\/tatami-i-tis-entrenamiento-1-x-1-m\/\",\"name\":\"Tatami I-TIS ENTRENAMIENTO 1 x 1 m &#8211; Daisho\",\"isPartOf\":{\"@id\":\"https:\/\/www.daisho.be\/es\/#website\"},\"primaryImageOfPage\":{\"@id\":\"https:\/\/www.daisho.be\/es\/produit\/tatami-i-tis-entrenamiento-1-x-1-m\/#primaryimage\"},\"image\":{\"@id\":\"https:\/\/www.daisho.be\/es\/produit\/tatami-i-tis-entrenamiento-1-x-1-m\/#primaryimage\"},\"thumbnailUrl\":\"https:\/\/www.daisho.be\/wp-content\/uploads\/2023\/10\/image-23.jpg\",\"datePublished\":\"2023-10-17T17:57:48+00:00\",\"dateModified\":\"2026-03-31T12:52:25+00:00\",\"description\":\"Tatami de judo I-TIS Training IJF, agarre invisible, estable, ligero y seguro para entrenamientos intensivos. Encu\u00e9ntralo en www.daisho.be|Daisho\",\"breadcrumb\":{\"@id\":\"https:\/\/www.daisho.be\/es\/produit\/tatami-i-tis-entrenamiento-1-x-1-m\/#breadcrumb\"},\"inLanguage\":\"es\",\"potentialAction\":[{\"@type\":\"ReadAction\",\"target\":[\"https:\/\/www.daisho.be\/es\/produit\/tatami-i-tis-entrenamiento-1-x-1-m\/\"]}]},{\"@type\":\"ImageObject\",\"inLanguage\":\"es\",\"@id\":\"https:\/\/www.daisho.be\/es\/produit\/tatami-i-tis-entrenamiento-1-x-1-m\/#primaryimage\",\"url\":\"https:\/\/www.daisho.be\/wp-content\/uploads\/2023\/10\/image-23.jpg\",\"contentUrl\":\"https:\/\/www.daisho.be\/wp-content\/uploads\/2023\/10\/image-23.jpg\",\"width\":1920,\"height\":783,\"caption\":\"Tatami I-TIS TRAINING 1 x 1 m-1\"},{\"@type\":\"BreadcrumbList\",\"@id\":\"https:\/\/www.daisho.be\/es\/produit\/tatami-i-tis-entrenamiento-1-x-1-m\/#breadcrumb\",\"itemListElement\":[{\"@type\":\"ListItem\",\"position\":1,\"name\":\"Accueil\",\"item\":\"https:\/\/www.daisho.be\/es\/\"},{\"@type\":\"ListItem\",\"position\":2,\"name\":\"Productos\",\"item\":\"https:\/\/www.daisho.be\/es\/productos\/\"},{\"@type\":\"ListItem\",\"position\":3,\"name\":\"Equipamiento y ropa para artes marciales y deportes de combate\",\"item\":\"https:\/\/www.daisho.be\/es\/categorie-produit\/equipamiento-y-ropa-para-artes-marciales-y-deportes-de-combate\/\"},{\"@type\":\"ListItem\",\"position\":4,\"name\":\"Jujitsu y jiu-jitsu brasile\u00f1os\",\"item\":\"https:\/\/www.daisho.be\/es\/categorie-produit\/equipamiento-y-ropa-para-artes-marciales-y-deportes-de-combate\/jujitsu-y-jiu-jitsu-brasilenos\/\"},{\"@type\":\"ListItem\",\"position\":5,\"name\":\"Equipo de entrenamiento de Jiu Jitsu\",\"item\":\"https:\/\/www.daisho.be\/es\/categorie-produit\/equipamiento-y-ropa-para-artes-marciales-y-deportes-de-combate\/jujitsu-y-jiu-jitsu-brasilenos\/equipo-de-entrenamiento-de-jiu-jitsu\/\"},{\"@type\":\"ListItem\",\"position\":6,\"name\":\"Tatami I-TIS ENTRENAMIENTO 1 x 1 m\"}]},{\"@type\":\"WebSite\",\"@id\":\"https:\/\/www.daisho.be\/es\/#website\",\"url\":\"https:\/\/www.daisho.be\/es\/\",\"name\":\"Daisho\",\"description\":\"Sp&eacute;cialiste de l'&eacute;quipement sportif d'arts martiaux\",\"publisher\":{\"@id\":\"https:\/\/www.daisho.be\/es\/#organization\"},\"potentialAction\":[{\"@type\":\"SearchAction\",\"target\":{\"@type\":\"EntryPoint\",\"urlTemplate\":\"https:\/\/www.daisho.be\/es\/?s={search_term_string}\"},\"query-input\":{\"@type\":\"PropertyValueSpecification\",\"valueRequired\":true,\"valueName\":\"search_term_string\"}}],\"inLanguage\":\"es\"},{\"@type\":\"Organization\",\"@id\":\"https:\/\/www.daisho.be\/es\/#organization\",\"name\":\"Daisho\",\"url\":\"https:\/\/www.daisho.be\/es\/\",\"logo\":{\"@type\":\"ImageObject\",\"inLanguage\":\"es\",\"@id\":\"https:\/\/www.daisho.be\/es\/#\/schema\/logo\/image\/\",\"url\":\"https:\/\/www.daisho.be\/wp-content\/uploads\/2019\/07\/color-nothing-horizontale4x-e1564486100247.png\",\"contentUrl\":\"https:\/\/www.daisho.be\/wp-content\/uploads\/2019\/07\/color-nothing-horizontale4x-e1564486100247.png\",\"width\":1547,\"height\":385,\"caption\":\"Daisho\"},\"image\":{\"@id\":\"https:\/\/www.daisho.be\/es\/#\/schema\/logo\/image\/\"}}]}<\/script>\n<!-- \/ Yoast SEO plugin. -->","yoast_head_json":{"title":"Tatami I-TIS ENTRENAMIENTO 1 x 1 m &#8211; Daisho","description":"Tatami de judo I-TIS Training IJF, agarre invisible, estable, ligero y seguro para entrenamientos intensivos. Encu\u00e9ntralo en www.daisho.be|Daisho","robots":{"index":"index","follow":"follow","max-snippet":"max-snippet:-1","max-image-preview":"max-image-preview:large","max-video-preview":"max-video-preview:-1"},"canonical":"https:\/\/www.daisho.be\/es\/produit\/tatami-i-tis-entrenamiento-1-x-1-m\/","og_locale":"es_ES","og_type":"article","og_title":"Tatami I-TIS ENTRENAMIENTO 1 x 1 m &#8211; Daisho","og_description":"Tatami de judo I-TIS Training IJF, agarre invisible, estable, ligero y seguro para entrenamientos intensivos. Encu\u00e9ntralo en www.daisho.be|Daisho","og_url":"https:\/\/www.daisho.be\/es\/produit\/tatami-i-tis-entrenamiento-1-x-1-m\/","og_site_name":"Daisho","article_modified_time":"2026-03-31T12:52:25+00:00","og_image":[{"width":1920,"height":783,"url":"https:\/\/www.daisho.be\/wp-content\/uploads\/2023\/10\/image-23.jpg","type":"image\/jpeg"}],"twitter_card":"summary_large_image","twitter_misc":{"Tiempo de lectura":"1 minuto"},"schema":{"@context":"https:\/\/schema.org","@graph":[{"@type":"WebPage","@id":"https:\/\/www.daisho.be\/es\/produit\/tatami-i-tis-entrenamiento-1-x-1-m\/","url":"https:\/\/www.daisho.be\/es\/produit\/tatami-i-tis-entrenamiento-1-x-1-m\/","name":"Tatami I-TIS ENTRENAMIENTO 1 x 1 m &#8211; Daisho","isPartOf":{"@id":"https:\/\/www.daisho.be\/es\/#website"},"primaryImageOfPage":{"@id":"https:\/\/www.daisho.be\/es\/produit\/tatami-i-tis-entrenamiento-1-x-1-m\/#primaryimage"},"image":{"@id":"https:\/\/www.daisho.be\/es\/produit\/tatami-i-tis-entrenamiento-1-x-1-m\/#primaryimage"},"thumbnailUrl":"https:\/\/www.daisho.be\/wp-content\/uploads\/2023\/10\/image-23.jpg","datePublished":"2023-10-17T17:57:48+00:00","dateModified":"2026-03-31T12:52:25+00:00","description":"Tatami de judo I-TIS Training IJF, agarre invisible, estable, ligero y seguro para entrenamientos intensivos. Encu\u00e9ntralo en www.daisho.be|Daisho","breadcrumb":{"@id":"https:\/\/www.daisho.be\/es\/produit\/tatami-i-tis-entrenamiento-1-x-1-m\/#breadcrumb"},"inLanguage":"es","potentialAction":[{"@type":"ReadAction","target":["https:\/\/www.daisho.be\/es\/produit\/tatami-i-tis-entrenamiento-1-x-1-m\/"]}]},{"@type":"ImageObject","inLanguage":"es","@id":"https:\/\/www.daisho.be\/es\/produit\/tatami-i-tis-entrenamiento-1-x-1-m\/#primaryimage","url":"https:\/\/www.daisho.be\/wp-content\/uploads\/2023\/10\/image-23.jpg","contentUrl":"https:\/\/www.daisho.be\/wp-content\/uploads\/2023\/10\/image-23.jpg","width":1920,"height":783,"caption":"Tatami I-TIS TRAINING 1 x 1 m-1"},{"@type":"BreadcrumbList","@id":"https:\/\/www.daisho.be\/es\/produit\/tatami-i-tis-entrenamiento-1-x-1-m\/#breadcrumb","itemListElement":[{"@type":"ListItem","position":1,"name":"Accueil","item":"https:\/\/www.daisho.be\/es\/"},{"@type":"ListItem","position":2,"name":"Productos","item":"https:\/\/www.daisho.be\/es\/productos\/"},{"@type":"ListItem","position":3,"name":"Equipamiento y ropa para artes marciales y deportes de combate","item":"https:\/\/www.daisho.be\/es\/categorie-produit\/equipamiento-y-ropa-para-artes-marciales-y-deportes-de-combate\/"},{"@type":"ListItem","position":4,"name":"Jujitsu y jiu-jitsu brasile\u00f1os","item":"https:\/\/www.daisho.be\/es\/categorie-produit\/equipamiento-y-ropa-para-artes-marciales-y-deportes-de-combate\/jujitsu-y-jiu-jitsu-brasilenos\/"},{"@type":"ListItem","position":5,"name":"Equipo de entrenamiento de Jiu Jitsu","item":"https:\/\/www.daisho.be\/es\/categorie-produit\/equipamiento-y-ropa-para-artes-marciales-y-deportes-de-combate\/jujitsu-y-jiu-jitsu-brasilenos\/equipo-de-entrenamiento-de-jiu-jitsu\/"},{"@type":"ListItem","position":6,"name":"Tatami I-TIS ENTRENAMIENTO 1 x 1 m"}]},{"@type":"WebSite","@id":"https:\/\/www.daisho.be\/es\/#website","url":"https:\/\/www.daisho.be\/es\/","name":"Daisho","description":"Sp&eacute;cialiste de l'&eacute;quipement sportif d'arts martiaux","publisher":{"@id":"https:\/\/www.daisho.be\/es\/#organization"},"potentialAction":[{"@type":"SearchAction","target":{"@type":"EntryPoint","urlTemplate":"https:\/\/www.daisho.be\/es\/?s={search_term_string}"},"query-input":{"@type":"PropertyValueSpecification","valueRequired":true,"valueName":"search_term_string"}}],"inLanguage":"es"},{"@type":"Organization","@id":"https:\/\/www.daisho.be\/es\/#organization","name":"Daisho","url":"https:\/\/www.daisho.be\/es\/","logo":{"@type":"ImageObject","inLanguage":"es","@id":"https:\/\/www.daisho.be\/es\/#\/schema\/logo\/image\/","url":"https:\/\/www.daisho.be\/wp-content\/uploads\/2019\/07\/color-nothing-horizontale4x-e1564486100247.png","contentUrl":"https:\/\/www.daisho.be\/wp-content\/uploads\/2019\/07\/color-nothing-horizontale4x-e1564486100247.png","width":1547,"height":385,"caption":"Daisho"},"image":{"@id":"https:\/\/www.daisho.be\/es\/#\/schema\/logo\/image\/"}}]}},"_links":{"self":[{"href":"https:\/\/www.daisho.be\/es\/wp-json\/wp\/v2\/product\/355358","targetHints":{"allow":["GET"]}}],"collection":[{"href":"https:\/\/www.daisho.be\/es\/wp-json\/wp\/v2\/product"}],"about":[{"href":"https:\/\/www.daisho.be\/es\/wp-json\/wp\/v2\/types\/product"}],"replies":[{"embeddable":true,"href":"https:\/\/www.daisho.be\/es\/wp-json\/wp\/v2\/comments?post=355358"}],"wp:featuredmedia":[{"embeddable":true,"href":"https:\/\/www.daisho.be\/es\/wp-json\/wp\/v2\/media\/339060"}],"wp:attachment":[{"href":"https:\/\/www.daisho.be\/es\/wp-json\/wp\/v2\/media?parent=355358"}],"wp:term":[{"taxonomy":"product_brand","embeddable":true,"href":"https:\/\/www.daisho.be\/es\/wp-json\/wp\/v2\/product_brand?post=355358"},{"taxonomy":"product_cat","embeddable":true,"href":"https:\/\/www.daisho.be\/es\/wp-json\/wp\/v2\/product_cat?post=355358"},{"taxonomy":"product_tag","embeddable":true,"href":"https:\/\/www.daisho.be\/es\/wp-json\/wp\/v2\/product_tag?post=355358"},{"taxonomy":"sport","embeddable":true,"href":"https:\/\/www.daisho.be\/es\/wp-json\/wp\/v2\/sport?post=355358"}],"curies":[{"name":"wp","href":"https:\/\/api.w.org\/{rel}","templated":true}]}}