{"id":355323,"date":"2023-09-23T14:36:49","date_gmt":"2023-09-23T12:36:49","guid":{"rendered":"https:\/\/www.daisho.be\/produit\/redman-instructor-xp-outfit\/"},"modified":"2026-03-30T09:49:01","modified_gmt":"2026-03-30T07:49:01","slug":"redman-instructor-xp-outfit","status":"publish","type":"product","link":"https:\/\/www.daisho.be\/es\/produit\/redman-instructor-xp-outfit\/","title":{"rendered":"REDMAN INSTRUCTOR XP OUTFIT"},"content":{"rendered":"<p>El traje de instructor REDMAN XP ofrece una excelente protecci\u00f3n y movilidad para el entrenamiento en t\u00e1cticas defensivas, desde el control de manos vac\u00edas hasta aerosoles y porras. Su dise\u00f1o ajustado con espacios m\u00ednimos proporciona una amplia cobertura, lo que permite a los instructores entrenar a varios alumnos a lo largo del d\u00eda con ejercicios intensos y repetitivos.<br \/>\nLa RedMan es la \u00fanica prenda que ofrece protecci\u00f3n contra los traumatismos causados por objetos contundentes y tambi\u00e9n contra los agentes pat\u00f3genos transmitidos por la sangre, como el VIH y la hepatitis.<\/p>\n<p>APLICACIONES DE FORMACI\u00d3N :<br \/>\n&#8211; Entrenamiento con aerosoles y porras<br \/>\n&#8211; T\u00e1cticas de escape<br \/>\n&#8211; Armas en el agua<br \/>\n&#8211; Formaci\u00f3n din\u00e1mica de entrada<br \/>\n&#8211; Formaci\u00f3n en rescate de rehenes<br \/>\n&#8211; Entrenamiento a mano vac\u00eda<br \/>\n&#8211; Adquisici\u00f3n del objetivo, reorientaci\u00f3n, captura<br \/>\n&#8211; Retenci\u00f3n de armas cortas<br \/>\n&#8211; Desarme de armas<\/p>\n<p>COMPOSICI\u00d3N DEL CONJUNTO :<br \/>\n&#8211; Protecci\u00f3n del brazo XP<br \/>\n&#8211; Placa frontal XP<br \/>\n&#8211; Protecci\u00f3n XP para pantorrillas<br \/>\n&#8211; Bolsa de transporte<br \/>\n&#8211; Casco, jaula de protecci\u00f3n facial<br \/>\n&#8211; Protecci\u00f3n abdominal baja XP<br \/>\n&#8211; Protecci\u00f3n XP Shin<br \/>\n&#8211; Protecci\u00f3n XP Pond<br \/>\n&#8211; Kit de reparaci\u00f3n<br \/>\n&#8211; XP Protecci\u00f3n de los hombros<br \/>\n&#8211; Arn\u00e9s de soporte<br \/>\n&#8211; Protecci\u00f3n XP para los muslos<br \/>\n&#8211; Protecci\u00f3n de la garganta  <\/p>\n<p>Gafas de seguridad no incluidas, se venden por separado.<\/p>\n","protected":false},"excerpt":{"rendered":"<p>El traje de instructor REDMAN XP ofrece una excelente protecci\u00f3n y movilidad para el entrenamiento en t\u00e1cticas defensivas, desde el control de manos vac\u00edas hasta aerosoles y porras. Su dise\u00f1o ajustado con espacios m\u00ednimos proporciona una amplia cobertura, lo que permite a los instructores entrenar a varios alumnos a lo largo del d\u00eda con ejercicios [&hellip;]<\/p>\n","protected":false},"featured_media":338904,"comment_status":"closed","ping_status":"closed","template":"","meta":{"inline_featured_image":false},"product_brand":[],"product_cat":[1361],"product_tag":[1779],"sport":[],"class_list":{"0":"post-355323","1":"product","2":"type-product","3":"status-publish","4":"has-post-thumbnail","6":"product_cat-protecciones","7":"product_tag-redman-es","8":"pa_size-l-xl","9":"pa_size-s-m","11":"first","12":"instock","13":"taxable","14":"shipping-taxable","15":"purchasable","16":"product-type-variable"},"yoast_head":"<!-- This site is optimized with the Yoast SEO plugin v27.2 - https:\/\/yoast.com\/product\/yoast-seo-wordpress\/ -->\n<title>REDMAN INSTRUCTOR XP OUTFIT &#8211; Daisho<\/title>\n<meta name=\"description\" content=\"Traje de instructor REDMAN XP con protecci\u00f3n total para entrenamiento t\u00e1ctico. Completo con casco, protectores y bolsa de transporte.\" \/>\n<meta name=\"robots\" content=\"index, follow, max-snippet:-1, max-image-preview:large, max-video-preview:-1\" \/>\n<link rel=\"canonical\" href=\"https:\/\/www.daisho.be\/es\/produit\/redman-instructor-xp-outfit\/\" \/>\n<meta property=\"og:locale\" content=\"es_ES\" \/>\n<meta property=\"og:type\" content=\"article\" \/>\n<meta property=\"og:title\" content=\"REDMAN INSTRUCTOR XP OUTFIT &#8211; Daisho\" \/>\n<meta property=\"og:description\" content=\"Traje de instructor REDMAN XP con protecci\u00f3n total para entrenamiento t\u00e1ctico. Completo con casco, protectores y bolsa de transporte.\" \/>\n<meta property=\"og:url\" content=\"https:\/\/www.daisho.be\/es\/produit\/redman-instructor-xp-outfit\/\" \/>\n<meta property=\"og:site_name\" content=\"Daisho\" \/>\n<meta property=\"article:modified_time\" content=\"2026-03-30T07:49:01+00:00\" \/>\n<meta property=\"og:image\" content=\"https:\/\/www.daisho.be\/wp-content\/uploads\/2023\/09\/image-30.jpg\" \/>\n\t<meta property=\"og:image:width\" content=\"1500\" \/>\n\t<meta property=\"og:image:height\" content=\"1500\" \/>\n\t<meta property=\"og:image:type\" content=\"image\/jpeg\" \/>\n<meta name=\"twitter:card\" content=\"summary_large_image\" \/>\n<meta name=\"twitter:label1\" content=\"Tiempo de lectura\" \/>\n\t<meta name=\"twitter:data1\" content=\"1 minuto\" \/>\n<script type=\"application\/ld+json\" class=\"yoast-schema-graph\">{\"@context\":\"https:\/\/schema.org\",\"@graph\":[{\"@type\":\"WebPage\",\"@id\":\"https:\/\/www.daisho.be\/es\/produit\/redman-instructor-xp-outfit\/\",\"url\":\"https:\/\/www.daisho.be\/es\/produit\/redman-instructor-xp-outfit\/\",\"name\":\"REDMAN INSTRUCTOR XP OUTFIT &#8211; Daisho\",\"isPartOf\":{\"@id\":\"https:\/\/www.daisho.be\/es\/#website\"},\"primaryImageOfPage\":{\"@id\":\"https:\/\/www.daisho.be\/es\/produit\/redman-instructor-xp-outfit\/#primaryimage\"},\"image\":{\"@id\":\"https:\/\/www.daisho.be\/es\/produit\/redman-instructor-xp-outfit\/#primaryimage\"},\"thumbnailUrl\":\"https:\/\/www.daisho.be\/wp-content\/uploads\/2023\/09\/image-30.jpg\",\"datePublished\":\"2023-09-23T12:36:49+00:00\",\"dateModified\":\"2026-03-30T07:49:01+00:00\",\"description\":\"Traje de instructor REDMAN XP con protecci\u00f3n total para entrenamiento t\u00e1ctico. Completo con casco, protectores y bolsa de transporte.\",\"breadcrumb\":{\"@id\":\"https:\/\/www.daisho.be\/es\/produit\/redman-instructor-xp-outfit\/#breadcrumb\"},\"inLanguage\":\"es\",\"potentialAction\":[{\"@type\":\"ReadAction\",\"target\":[\"https:\/\/www.daisho.be\/es\/produit\/redman-instructor-xp-outfit\/\"]}]},{\"@type\":\"ImageObject\",\"inLanguage\":\"es\",\"@id\":\"https:\/\/www.daisho.be\/es\/produit\/redman-instructor-xp-outfit\/#primaryimage\",\"url\":\"https:\/\/www.daisho.be\/wp-content\/uploads\/2023\/09\/image-30.jpg\",\"contentUrl\":\"https:\/\/www.daisho.be\/wp-content\/uploads\/2023\/09\/image-30.jpg\",\"width\":1500,\"height\":1500,\"caption\":\"EQUIPO DE INSTRUCTOR REDMAN XP-1\"},{\"@type\":\"BreadcrumbList\",\"@id\":\"https:\/\/www.daisho.be\/es\/produit\/redman-instructor-xp-outfit\/#breadcrumb\",\"itemListElement\":[{\"@type\":\"ListItem\",\"position\":1,\"name\":\"Accueil\",\"item\":\"https:\/\/www.daisho.be\/es\/\"},{\"@type\":\"ListItem\",\"position\":2,\"name\":\"Productos\",\"item\":\"https:\/\/www.daisho.be\/es\/productos\/\"},{\"@type\":\"ListItem\",\"position\":3,\"name\":\"Deportes de combate\",\"item\":\"https:\/\/www.daisho.be\/es\/categorie-produit\/deportes-de-combate\/\"},{\"@type\":\"ListItem\",\"position\":4,\"name\":\"Protecciones\",\"item\":\"https:\/\/www.daisho.be\/es\/categorie-produit\/deportes-de-combate\/protecciones\/\"},{\"@type\":\"ListItem\",\"position\":5,\"name\":\"REDMAN INSTRUCTOR XP OUTFIT\"}]},{\"@type\":\"WebSite\",\"@id\":\"https:\/\/www.daisho.be\/es\/#website\",\"url\":\"https:\/\/www.daisho.be\/es\/\",\"name\":\"Daisho\",\"description\":\"Sp&eacute;cialiste de l'&eacute;quipement sportif d'arts martiaux\",\"publisher\":{\"@id\":\"https:\/\/www.daisho.be\/es\/#organization\"},\"potentialAction\":[{\"@type\":\"SearchAction\",\"target\":{\"@type\":\"EntryPoint\",\"urlTemplate\":\"https:\/\/www.daisho.be\/es\/?s={search_term_string}\"},\"query-input\":{\"@type\":\"PropertyValueSpecification\",\"valueRequired\":true,\"valueName\":\"search_term_string\"}}],\"inLanguage\":\"es\"},{\"@type\":\"Organization\",\"@id\":\"https:\/\/www.daisho.be\/es\/#organization\",\"name\":\"Daisho\",\"url\":\"https:\/\/www.daisho.be\/es\/\",\"logo\":{\"@type\":\"ImageObject\",\"inLanguage\":\"es\",\"@id\":\"https:\/\/www.daisho.be\/es\/#\/schema\/logo\/image\/\",\"url\":\"https:\/\/www.daisho.be\/wp-content\/uploads\/2019\/07\/color-nothing-horizontale4x-e1564486100247.png\",\"contentUrl\":\"https:\/\/www.daisho.be\/wp-content\/uploads\/2019\/07\/color-nothing-horizontale4x-e1564486100247.png\",\"width\":1547,\"height\":385,\"caption\":\"Daisho\"},\"image\":{\"@id\":\"https:\/\/www.daisho.be\/es\/#\/schema\/logo\/image\/\"}}]}<\/script>\n<!-- \/ Yoast SEO plugin. -->","yoast_head_json":{"title":"REDMAN INSTRUCTOR XP OUTFIT &#8211; Daisho","description":"Traje de instructor REDMAN XP con protecci\u00f3n total para entrenamiento t\u00e1ctico. Completo con casco, protectores y bolsa de transporte.","robots":{"index":"index","follow":"follow","max-snippet":"max-snippet:-1","max-image-preview":"max-image-preview:large","max-video-preview":"max-video-preview:-1"},"canonical":"https:\/\/www.daisho.be\/es\/produit\/redman-instructor-xp-outfit\/","og_locale":"es_ES","og_type":"article","og_title":"REDMAN INSTRUCTOR XP OUTFIT &#8211; Daisho","og_description":"Traje de instructor REDMAN XP con protecci\u00f3n total para entrenamiento t\u00e1ctico. Completo con casco, protectores y bolsa de transporte.","og_url":"https:\/\/www.daisho.be\/es\/produit\/redman-instructor-xp-outfit\/","og_site_name":"Daisho","article_modified_time":"2026-03-30T07:49:01+00:00","og_image":[{"width":1500,"height":1500,"url":"https:\/\/www.daisho.be\/wp-content\/uploads\/2023\/09\/image-30.jpg","type":"image\/jpeg"}],"twitter_card":"summary_large_image","twitter_misc":{"Tiempo de lectura":"1 minuto"},"schema":{"@context":"https:\/\/schema.org","@graph":[{"@type":"WebPage","@id":"https:\/\/www.daisho.be\/es\/produit\/redman-instructor-xp-outfit\/","url":"https:\/\/www.daisho.be\/es\/produit\/redman-instructor-xp-outfit\/","name":"REDMAN INSTRUCTOR XP OUTFIT &#8211; Daisho","isPartOf":{"@id":"https:\/\/www.daisho.be\/es\/#website"},"primaryImageOfPage":{"@id":"https:\/\/www.daisho.be\/es\/produit\/redman-instructor-xp-outfit\/#primaryimage"},"image":{"@id":"https:\/\/www.daisho.be\/es\/produit\/redman-instructor-xp-outfit\/#primaryimage"},"thumbnailUrl":"https:\/\/www.daisho.be\/wp-content\/uploads\/2023\/09\/image-30.jpg","datePublished":"2023-09-23T12:36:49+00:00","dateModified":"2026-03-30T07:49:01+00:00","description":"Traje de instructor REDMAN XP con protecci\u00f3n total para entrenamiento t\u00e1ctico. Completo con casco, protectores y bolsa de transporte.","breadcrumb":{"@id":"https:\/\/www.daisho.be\/es\/produit\/redman-instructor-xp-outfit\/#breadcrumb"},"inLanguage":"es","potentialAction":[{"@type":"ReadAction","target":["https:\/\/www.daisho.be\/es\/produit\/redman-instructor-xp-outfit\/"]}]},{"@type":"ImageObject","inLanguage":"es","@id":"https:\/\/www.daisho.be\/es\/produit\/redman-instructor-xp-outfit\/#primaryimage","url":"https:\/\/www.daisho.be\/wp-content\/uploads\/2023\/09\/image-30.jpg","contentUrl":"https:\/\/www.daisho.be\/wp-content\/uploads\/2023\/09\/image-30.jpg","width":1500,"height":1500,"caption":"EQUIPO DE INSTRUCTOR REDMAN XP-1"},{"@type":"BreadcrumbList","@id":"https:\/\/www.daisho.be\/es\/produit\/redman-instructor-xp-outfit\/#breadcrumb","itemListElement":[{"@type":"ListItem","position":1,"name":"Accueil","item":"https:\/\/www.daisho.be\/es\/"},{"@type":"ListItem","position":2,"name":"Productos","item":"https:\/\/www.daisho.be\/es\/productos\/"},{"@type":"ListItem","position":3,"name":"Deportes de combate","item":"https:\/\/www.daisho.be\/es\/categorie-produit\/deportes-de-combate\/"},{"@type":"ListItem","position":4,"name":"Protecciones","item":"https:\/\/www.daisho.be\/es\/categorie-produit\/deportes-de-combate\/protecciones\/"},{"@type":"ListItem","position":5,"name":"REDMAN INSTRUCTOR XP OUTFIT"}]},{"@type":"WebSite","@id":"https:\/\/www.daisho.be\/es\/#website","url":"https:\/\/www.daisho.be\/es\/","name":"Daisho","description":"Sp&eacute;cialiste de l'&eacute;quipement sportif d'arts martiaux","publisher":{"@id":"https:\/\/www.daisho.be\/es\/#organization"},"potentialAction":[{"@type":"SearchAction","target":{"@type":"EntryPoint","urlTemplate":"https:\/\/www.daisho.be\/es\/?s={search_term_string}"},"query-input":{"@type":"PropertyValueSpecification","valueRequired":true,"valueName":"search_term_string"}}],"inLanguage":"es"},{"@type":"Organization","@id":"https:\/\/www.daisho.be\/es\/#organization","name":"Daisho","url":"https:\/\/www.daisho.be\/es\/","logo":{"@type":"ImageObject","inLanguage":"es","@id":"https:\/\/www.daisho.be\/es\/#\/schema\/logo\/image\/","url":"https:\/\/www.daisho.be\/wp-content\/uploads\/2019\/07\/color-nothing-horizontale4x-e1564486100247.png","contentUrl":"https:\/\/www.daisho.be\/wp-content\/uploads\/2019\/07\/color-nothing-horizontale4x-e1564486100247.png","width":1547,"height":385,"caption":"Daisho"},"image":{"@id":"https:\/\/www.daisho.be\/es\/#\/schema\/logo\/image\/"}}]}},"_links":{"self":[{"href":"https:\/\/www.daisho.be\/es\/wp-json\/wp\/v2\/product\/355323","targetHints":{"allow":["GET"]}}],"collection":[{"href":"https:\/\/www.daisho.be\/es\/wp-json\/wp\/v2\/product"}],"about":[{"href":"https:\/\/www.daisho.be\/es\/wp-json\/wp\/v2\/types\/product"}],"replies":[{"embeddable":true,"href":"https:\/\/www.daisho.be\/es\/wp-json\/wp\/v2\/comments?post=355323"}],"wp:featuredmedia":[{"embeddable":true,"href":"https:\/\/www.daisho.be\/es\/wp-json\/wp\/v2\/media\/338904"}],"wp:attachment":[{"href":"https:\/\/www.daisho.be\/es\/wp-json\/wp\/v2\/media?parent=355323"}],"wp:term":[{"taxonomy":"product_brand","embeddable":true,"href":"https:\/\/www.daisho.be\/es\/wp-json\/wp\/v2\/product_brand?post=355323"},{"taxonomy":"product_cat","embeddable":true,"href":"https:\/\/www.daisho.be\/es\/wp-json\/wp\/v2\/product_cat?post=355323"},{"taxonomy":"product_tag","embeddable":true,"href":"https:\/\/www.daisho.be\/es\/wp-json\/wp\/v2\/product_tag?post=355323"},{"taxonomy":"sport","embeddable":true,"href":"https:\/\/www.daisho.be\/es\/wp-json\/wp\/v2\/sport?post=355323"}],"curies":[{"name":"wp","href":"https:\/\/api.w.org\/{rel}","templated":true}]}}