{"id":355283,"date":"2023-05-05T12:44:26","date_gmt":"2023-05-05T10:44:26","guid":{"rendered":"https:\/\/www.daisho.be\/produit\/camiseta-adidas-essentials-single-jersey-negra\/"},"modified":"2025-02-27T15:29:21","modified_gmt":"2025-02-27T14:29:21","slug":"camiseta-adidas-essentials-single-jersey-negra","status":"publish","type":"product","link":"https:\/\/www.daisho.be\/es\/produit\/camiseta-adidas-essentials-single-jersey-negra\/","title":{"rendered":"Camiseta adidas Essentials single jersey negra"},"content":{"rendered":"<p>Esta moderna camiseta de adidas es imprescindible.<br \/>\nEl logotipo de adidas est\u00e1 aplicado en el pecho izquierdo.<br \/>\nLa ligera camiseta tiene un escote redondo.<br \/>\nEsta ligera camiseta de adidas te ayuda a mantenerte c\u00f3modo y seco durante tu entrenamiento.<\/p>\n<p>La camiseta es de color negro.<br \/>\nLa camiseta est\u00e1 hecha de 100% algod\u00f3n.<br \/>\nDisponible en las tallas S, M y L.<\/p>\n<p>Caracter\u00edsticas: Talla: M y L<br \/>\nColor: Negro<br \/>\nMaterial: 100% algod\u00f3n<\/p>\n","protected":false},"excerpt":{"rendered":"<p>Esta moderna camiseta de adidas es imprescindible. El logotipo de adidas est\u00e1 aplicado en el pecho izquierdo. La ligera camiseta tiene un escote redondo. Esta ligera camiseta de adidas te ayuda a mantenerte c\u00f3modo y seco durante tu entrenamiento. La camiseta es de color negro. La camiseta est\u00e1 hecha de 100% algod\u00f3n. Disponible en las [&hellip;]<\/p>\n","protected":false},"featured_media":337550,"comment_status":"open","ping_status":"closed","template":"","meta":{"inline_featured_image":false},"product_brand":[],"product_cat":[1388,1390,1581],"product_tag":[1560],"sport":[],"class_list":{"0":"post-355283","1":"product","2":"type-product","3":"status-publish","4":"has-post-thumbnail","6":"product_cat-ropa","7":"product_cat-ropa-de-karate","8":"product_cat-ropa-deportiva-de-combate-adidas","9":"product_tag-adidas-es","10":"pa_size-l","11":"pa_size-m","13":"first","14":"instock","15":"taxable","16":"shipping-taxable","17":"purchasable","18":"product-type-variable"},"yoast_head":"<!-- This site is optimized with the Yoast SEO plugin v27.2 - https:\/\/yoast.com\/product\/yoast-seo-wordpress\/ -->\n<title>Camiseta adidas Essentials single jersey negra &#8211; Daisho<\/title>\n<meta name=\"description\" content=\"La camiseta Adidas es ideal para tus sesiones de entrenamiento y salidas informales. C\u00f3mprala en www.daisho.be|Daisho\" \/>\n<meta name=\"robots\" content=\"index, follow, max-snippet:-1, max-image-preview:large, max-video-preview:-1\" \/>\n<link rel=\"canonical\" href=\"https:\/\/www.daisho.be\/es\/produit\/camiseta-adidas-essentials-single-jersey-negra\/\" \/>\n<meta property=\"og:locale\" content=\"es_ES\" \/>\n<meta property=\"og:type\" content=\"article\" \/>\n<meta property=\"og:title\" content=\"Camiseta adidas Essentials single jersey negra &#8211; Daisho\" \/>\n<meta property=\"og:description\" content=\"La camiseta Adidas es ideal para tus sesiones de entrenamiento y salidas informales. C\u00f3mprala en www.daisho.be|Daisho\" \/>\n<meta property=\"og:url\" content=\"https:\/\/www.daisho.be\/es\/produit\/camiseta-adidas-essentials-single-jersey-negra\/\" \/>\n<meta property=\"og:site_name\" content=\"Daisho\" \/>\n<meta property=\"article:modified_time\" content=\"2025-02-27T14:29:21+00:00\" \/>\n<meta property=\"og:image\" content=\"https:\/\/www.daisho.be\/wp-content\/uploads\/2023\/05\/image-15.jpg\" \/>\n\t<meta property=\"og:image:width\" content=\"1149\" \/>\n\t<meta property=\"og:image:height\" content=\"1200\" \/>\n\t<meta property=\"og:image:type\" content=\"image\/jpeg\" \/>\n<meta name=\"twitter:card\" content=\"summary_large_image\" \/>\n<script type=\"application\/ld+json\" class=\"yoast-schema-graph\">{\"@context\":\"https:\/\/schema.org\",\"@graph\":[{\"@type\":\"WebPage\",\"@id\":\"https:\/\/www.daisho.be\/es\/produit\/camiseta-adidas-essentials-single-jersey-negra\/\",\"url\":\"https:\/\/www.daisho.be\/es\/produit\/camiseta-adidas-essentials-single-jersey-negra\/\",\"name\":\"Camiseta adidas Essentials single jersey negra &#8211; Daisho\",\"isPartOf\":{\"@id\":\"https:\/\/www.daisho.be\/es\/#website\"},\"primaryImageOfPage\":{\"@id\":\"https:\/\/www.daisho.be\/es\/produit\/camiseta-adidas-essentials-single-jersey-negra\/#primaryimage\"},\"image\":{\"@id\":\"https:\/\/www.daisho.be\/es\/produit\/camiseta-adidas-essentials-single-jersey-negra\/#primaryimage\"},\"thumbnailUrl\":\"https:\/\/www.daisho.be\/wp-content\/uploads\/2023\/05\/image-15.jpg\",\"datePublished\":\"2023-05-05T10:44:26+00:00\",\"dateModified\":\"2025-02-27T14:29:21+00:00\",\"description\":\"La camiseta Adidas es ideal para tus sesiones de entrenamiento y salidas informales. C\u00f3mprala en www.daisho.be|Daisho\",\"breadcrumb\":{\"@id\":\"https:\/\/www.daisho.be\/es\/produit\/camiseta-adidas-essentials-single-jersey-negra\/#breadcrumb\"},\"inLanguage\":\"es\",\"potentialAction\":[{\"@type\":\"ReadAction\",\"target\":[\"https:\/\/www.daisho.be\/es\/produit\/camiseta-adidas-essentials-single-jersey-negra\/\"]}]},{\"@type\":\"ImageObject\",\"inLanguage\":\"es\",\"@id\":\"https:\/\/www.daisho.be\/es\/produit\/camiseta-adidas-essentials-single-jersey-negra\/#primaryimage\",\"url\":\"https:\/\/www.daisho.be\/wp-content\/uploads\/2023\/05\/image-15.jpg\",\"contentUrl\":\"https:\/\/www.daisho.be\/wp-content\/uploads\/2023\/05\/image-15.jpg\",\"width\":1149,\"height\":1200,\"caption\":\"Camiseta adidas Essentials single jersey negra-1\"},{\"@type\":\"BreadcrumbList\",\"@id\":\"https:\/\/www.daisho.be\/es\/produit\/camiseta-adidas-essentials-single-jersey-negra\/#breadcrumb\",\"itemListElement\":[{\"@type\":\"ListItem\",\"position\":1,\"name\":\"Accueil\",\"item\":\"https:\/\/www.daisho.be\/es\/\"},{\"@type\":\"ListItem\",\"position\":2,\"name\":\"Productos\",\"item\":\"https:\/\/www.daisho.be\/es\/productos\/\"},{\"@type\":\"ListItem\",\"position\":3,\"name\":\"Equipamiento y ropa para artes marciales y deportes de combate\",\"item\":\"https:\/\/www.daisho.be\/es\/categorie-produit\/equipamiento-y-ropa-para-artes-marciales-y-deportes-de-combate\/\"},{\"@type\":\"ListItem\",\"position\":4,\"name\":\"Karate\",\"item\":\"https:\/\/www.daisho.be\/es\/categorie-produit\/equipamiento-y-ropa-para-artes-marciales-y-deportes-de-combate\/karate-es-2\/\"},{\"@type\":\"ListItem\",\"position\":5,\"name\":\"Ropa de k\u00e1rate\",\"item\":\"https:\/\/www.daisho.be\/es\/categorie-produit\/equipamiento-y-ropa-para-artes-marciales-y-deportes-de-combate\/karate-es-2\/ropa-de-karate\/\"},{\"@type\":\"ListItem\",\"position\":6,\"name\":\"Camiseta adidas Essentials single jersey negra\"}]},{\"@type\":\"WebSite\",\"@id\":\"https:\/\/www.daisho.be\/es\/#website\",\"url\":\"https:\/\/www.daisho.be\/es\/\",\"name\":\"Daisho\",\"description\":\"Sp&eacute;cialiste de l'&eacute;quipement sportif d'arts martiaux\",\"publisher\":{\"@id\":\"https:\/\/www.daisho.be\/es\/#organization\"},\"potentialAction\":[{\"@type\":\"SearchAction\",\"target\":{\"@type\":\"EntryPoint\",\"urlTemplate\":\"https:\/\/www.daisho.be\/es\/?s={search_term_string}\"},\"query-input\":{\"@type\":\"PropertyValueSpecification\",\"valueRequired\":true,\"valueName\":\"search_term_string\"}}],\"inLanguage\":\"es\"},{\"@type\":\"Organization\",\"@id\":\"https:\/\/www.daisho.be\/es\/#organization\",\"name\":\"Daisho\",\"url\":\"https:\/\/www.daisho.be\/es\/\",\"logo\":{\"@type\":\"ImageObject\",\"inLanguage\":\"es\",\"@id\":\"https:\/\/www.daisho.be\/es\/#\/schema\/logo\/image\/\",\"url\":\"https:\/\/www.daisho.be\/wp-content\/uploads\/2019\/07\/color-nothing-horizontale4x-e1564486100247.png\",\"contentUrl\":\"https:\/\/www.daisho.be\/wp-content\/uploads\/2019\/07\/color-nothing-horizontale4x-e1564486100247.png\",\"width\":1547,\"height\":385,\"caption\":\"Daisho\"},\"image\":{\"@id\":\"https:\/\/www.daisho.be\/es\/#\/schema\/logo\/image\/\"}}]}<\/script>\n<!-- \/ Yoast SEO plugin. -->","yoast_head_json":{"title":"Camiseta adidas Essentials single jersey negra &#8211; Daisho","description":"La camiseta Adidas es ideal para tus sesiones de entrenamiento y salidas informales. C\u00f3mprala en www.daisho.be|Daisho","robots":{"index":"index","follow":"follow","max-snippet":"max-snippet:-1","max-image-preview":"max-image-preview:large","max-video-preview":"max-video-preview:-1"},"canonical":"https:\/\/www.daisho.be\/es\/produit\/camiseta-adidas-essentials-single-jersey-negra\/","og_locale":"es_ES","og_type":"article","og_title":"Camiseta adidas Essentials single jersey negra &#8211; Daisho","og_description":"La camiseta Adidas es ideal para tus sesiones de entrenamiento y salidas informales. C\u00f3mprala en www.daisho.be|Daisho","og_url":"https:\/\/www.daisho.be\/es\/produit\/camiseta-adidas-essentials-single-jersey-negra\/","og_site_name":"Daisho","article_modified_time":"2025-02-27T14:29:21+00:00","og_image":[{"width":1149,"height":1200,"url":"https:\/\/www.daisho.be\/wp-content\/uploads\/2023\/05\/image-15.jpg","type":"image\/jpeg"}],"twitter_card":"summary_large_image","schema":{"@context":"https:\/\/schema.org","@graph":[{"@type":"WebPage","@id":"https:\/\/www.daisho.be\/es\/produit\/camiseta-adidas-essentials-single-jersey-negra\/","url":"https:\/\/www.daisho.be\/es\/produit\/camiseta-adidas-essentials-single-jersey-negra\/","name":"Camiseta adidas Essentials single jersey negra &#8211; Daisho","isPartOf":{"@id":"https:\/\/www.daisho.be\/es\/#website"},"primaryImageOfPage":{"@id":"https:\/\/www.daisho.be\/es\/produit\/camiseta-adidas-essentials-single-jersey-negra\/#primaryimage"},"image":{"@id":"https:\/\/www.daisho.be\/es\/produit\/camiseta-adidas-essentials-single-jersey-negra\/#primaryimage"},"thumbnailUrl":"https:\/\/www.daisho.be\/wp-content\/uploads\/2023\/05\/image-15.jpg","datePublished":"2023-05-05T10:44:26+00:00","dateModified":"2025-02-27T14:29:21+00:00","description":"La camiseta Adidas es ideal para tus sesiones de entrenamiento y salidas informales. C\u00f3mprala en www.daisho.be|Daisho","breadcrumb":{"@id":"https:\/\/www.daisho.be\/es\/produit\/camiseta-adidas-essentials-single-jersey-negra\/#breadcrumb"},"inLanguage":"es","potentialAction":[{"@type":"ReadAction","target":["https:\/\/www.daisho.be\/es\/produit\/camiseta-adidas-essentials-single-jersey-negra\/"]}]},{"@type":"ImageObject","inLanguage":"es","@id":"https:\/\/www.daisho.be\/es\/produit\/camiseta-adidas-essentials-single-jersey-negra\/#primaryimage","url":"https:\/\/www.daisho.be\/wp-content\/uploads\/2023\/05\/image-15.jpg","contentUrl":"https:\/\/www.daisho.be\/wp-content\/uploads\/2023\/05\/image-15.jpg","width":1149,"height":1200,"caption":"Camiseta adidas Essentials single jersey negra-1"},{"@type":"BreadcrumbList","@id":"https:\/\/www.daisho.be\/es\/produit\/camiseta-adidas-essentials-single-jersey-negra\/#breadcrumb","itemListElement":[{"@type":"ListItem","position":1,"name":"Accueil","item":"https:\/\/www.daisho.be\/es\/"},{"@type":"ListItem","position":2,"name":"Productos","item":"https:\/\/www.daisho.be\/es\/productos\/"},{"@type":"ListItem","position":3,"name":"Equipamiento y ropa para artes marciales y deportes de combate","item":"https:\/\/www.daisho.be\/es\/categorie-produit\/equipamiento-y-ropa-para-artes-marciales-y-deportes-de-combate\/"},{"@type":"ListItem","position":4,"name":"Karate","item":"https:\/\/www.daisho.be\/es\/categorie-produit\/equipamiento-y-ropa-para-artes-marciales-y-deportes-de-combate\/karate-es-2\/"},{"@type":"ListItem","position":5,"name":"Ropa de k\u00e1rate","item":"https:\/\/www.daisho.be\/es\/categorie-produit\/equipamiento-y-ropa-para-artes-marciales-y-deportes-de-combate\/karate-es-2\/ropa-de-karate\/"},{"@type":"ListItem","position":6,"name":"Camiseta adidas Essentials single jersey negra"}]},{"@type":"WebSite","@id":"https:\/\/www.daisho.be\/es\/#website","url":"https:\/\/www.daisho.be\/es\/","name":"Daisho","description":"Sp&eacute;cialiste de l'&eacute;quipement sportif d'arts martiaux","publisher":{"@id":"https:\/\/www.daisho.be\/es\/#organization"},"potentialAction":[{"@type":"SearchAction","target":{"@type":"EntryPoint","urlTemplate":"https:\/\/www.daisho.be\/es\/?s={search_term_string}"},"query-input":{"@type":"PropertyValueSpecification","valueRequired":true,"valueName":"search_term_string"}}],"inLanguage":"es"},{"@type":"Organization","@id":"https:\/\/www.daisho.be\/es\/#organization","name":"Daisho","url":"https:\/\/www.daisho.be\/es\/","logo":{"@type":"ImageObject","inLanguage":"es","@id":"https:\/\/www.daisho.be\/es\/#\/schema\/logo\/image\/","url":"https:\/\/www.daisho.be\/wp-content\/uploads\/2019\/07\/color-nothing-horizontale4x-e1564486100247.png","contentUrl":"https:\/\/www.daisho.be\/wp-content\/uploads\/2019\/07\/color-nothing-horizontale4x-e1564486100247.png","width":1547,"height":385,"caption":"Daisho"},"image":{"@id":"https:\/\/www.daisho.be\/es\/#\/schema\/logo\/image\/"}}]}},"_links":{"self":[{"href":"https:\/\/www.daisho.be\/es\/wp-json\/wp\/v2\/product\/355283","targetHints":{"allow":["GET"]}}],"collection":[{"href":"https:\/\/www.daisho.be\/es\/wp-json\/wp\/v2\/product"}],"about":[{"href":"https:\/\/www.daisho.be\/es\/wp-json\/wp\/v2\/types\/product"}],"replies":[{"embeddable":true,"href":"https:\/\/www.daisho.be\/es\/wp-json\/wp\/v2\/comments?post=355283"}],"wp:featuredmedia":[{"embeddable":true,"href":"https:\/\/www.daisho.be\/es\/wp-json\/wp\/v2\/media\/337550"}],"wp:attachment":[{"href":"https:\/\/www.daisho.be\/es\/wp-json\/wp\/v2\/media?parent=355283"}],"wp:term":[{"taxonomy":"product_brand","embeddable":true,"href":"https:\/\/www.daisho.be\/es\/wp-json\/wp\/v2\/product_brand?post=355283"},{"taxonomy":"product_cat","embeddable":true,"href":"https:\/\/www.daisho.be\/es\/wp-json\/wp\/v2\/product_cat?post=355283"},{"taxonomy":"product_tag","embeddable":true,"href":"https:\/\/www.daisho.be\/es\/wp-json\/wp\/v2\/product_tag?post=355283"},{"taxonomy":"sport","embeddable":true,"href":"https:\/\/www.daisho.be\/es\/wp-json\/wp\/v2\/sport?post=355283"}],"curies":[{"name":"wp","href":"https:\/\/api.w.org\/{rel}","templated":true}]}}