{"id":355250,"date":"2023-05-05T12:31:29","date_gmt":"2023-05-05T10:31:29","guid":{"rendered":"https:\/\/www.daisho.be\/produit\/mochila-adidas-negra-gris-con-motivo-floral\/"},"modified":"2025-02-27T15:29:29","modified_gmt":"2025-02-27T14:29:29","slug":"mochila-adidas-negra-gris-con-motivo-floral","status":"publish","type":"product","link":"https:\/\/www.daisho.be\/es\/produit\/mochila-adidas-negra-gris-con-motivo-floral\/","title":{"rendered":"Mochila Adidas negra\/gris con motivo floral"},"content":{"rendered":"<p>La mochila deportiva tiene un gran compartimento principal, que tambi\u00e9n dispone de un compartimento deslizante en la parte trasera. Hay un peque\u00f1o compartimento en la parte delantera, que tambi\u00e9n se puede cerrar con cremallera. Las correas de transporte acolchadas y ergon\u00f3micas son ajustables, y en la parte superior trasera hay una percha para colgar un abrigo.<br \/>\nCaracter\u00edsticas:<\/p>\n<p>Dimensiones: aprox. 15 cm x 36 cm x 44 cm<br \/>\nMaterial: tejido liso 100% poli\u00e9ster reciclado<br \/>\nCompartimento principal con cremallera<br \/>\nBolsillos laterales<br \/>\nBolsillo frontal con cremallera<br \/>\nTirantes ergon\u00f3micos y ajustables<br \/>\nPanel trasero de malla<\/p>\n","protected":false},"excerpt":{"rendered":"<p>La mochila deportiva tiene un gran compartimento principal, que tambi\u00e9n dispone de un compartimento deslizante en la parte trasera. Hay un peque\u00f1o compartimento en la parte delantera, que tambi\u00e9n se puede cerrar con cremallera. Las correas de transporte acolchadas y ergon\u00f3micas son ajustables, y en la parte superior trasera hay una percha para colgar un [&hellip;]<\/p>\n","protected":false},"featured_media":337532,"comment_status":"open","ping_status":"closed","template":"","meta":{"inline_featured_image":false},"product_brand":[],"product_cat":[1580,1451,1585,1452],"product_tag":[1560],"sport":[],"class_list":{"0":"post-355250","1":"product","2":"type-product","3":"status-publish","4":"has-post-thumbnail","6":"product_cat-bolsa-de-karate-adidas","7":"product_cat-bolsas-de-deporte","8":"product_cat-bolsas-de-deporte-adidas-combat","9":"product_cat-bolsas-de-karate","10":"product_tag-adidas-es","12":"first","13":"instock","14":"taxable","15":"shipping-taxable","16":"purchasable","17":"product-type-simple"},"yoast_head":"<!-- This site is optimized with the Yoast SEO plugin v27.2 - https:\/\/yoast.com\/product\/yoast-seo-wordpress\/ -->\n<title>Mochila Adidas negra\/gris con motivo floral &#8211; Daisho<\/title>\n<meta name=\"description\" content=\"Descubre la mochila Adidas, que combina estilo y funcionalidad. \u00a1Perfecta para llevar tu equipo con comodidad! C\u00f3mprala en www.daisho.be|Daisho\" \/>\n<meta name=\"robots\" content=\"index, follow, max-snippet:-1, max-image-preview:large, max-video-preview:-1\" \/>\n<link rel=\"canonical\" href=\"https:\/\/www.daisho.be\/es\/produit\/mochila-adidas-negra-gris-con-motivo-floral\/\" \/>\n<meta property=\"og:locale\" content=\"es_ES\" \/>\n<meta property=\"og:type\" content=\"article\" \/>\n<meta property=\"og:title\" content=\"Mochila Adidas negra\/gris con motivo floral &#8211; Daisho\" \/>\n<meta property=\"og:description\" content=\"Descubre la mochila Adidas, que combina estilo y funcionalidad. \u00a1Perfecta para llevar tu equipo con comodidad! C\u00f3mprala en www.daisho.be|Daisho\" \/>\n<meta property=\"og:url\" content=\"https:\/\/www.daisho.be\/es\/produit\/mochila-adidas-negra-gris-con-motivo-floral\/\" \/>\n<meta property=\"og:site_name\" content=\"Daisho\" \/>\n<meta property=\"article:modified_time\" content=\"2025-02-27T14:29:29+00:00\" \/>\n<meta property=\"og:image\" content=\"https:\/\/www.daisho.be\/wp-content\/uploads\/2023\/05\/image-9.jpg\" \/>\n\t<meta property=\"og:image:width\" content=\"1200\" \/>\n\t<meta property=\"og:image:height\" content=\"1200\" \/>\n\t<meta property=\"og:image:type\" content=\"image\/jpeg\" \/>\n<meta name=\"twitter:card\" content=\"summary_large_image\" \/>\n<script type=\"application\/ld+json\" class=\"yoast-schema-graph\">{\"@context\":\"https:\/\/schema.org\",\"@graph\":[{\"@type\":\"WebPage\",\"@id\":\"https:\/\/www.daisho.be\/es\/produit\/mochila-adidas-negra-gris-con-motivo-floral\/\",\"url\":\"https:\/\/www.daisho.be\/es\/produit\/mochila-adidas-negra-gris-con-motivo-floral\/\",\"name\":\"Mochila Adidas negra\/gris con motivo floral &#8211; Daisho\",\"isPartOf\":{\"@id\":\"https:\/\/www.daisho.be\/es\/#website\"},\"primaryImageOfPage\":{\"@id\":\"https:\/\/www.daisho.be\/es\/produit\/mochila-adidas-negra-gris-con-motivo-floral\/#primaryimage\"},\"image\":{\"@id\":\"https:\/\/www.daisho.be\/es\/produit\/mochila-adidas-negra-gris-con-motivo-floral\/#primaryimage\"},\"thumbnailUrl\":\"https:\/\/www.daisho.be\/wp-content\/uploads\/2023\/05\/image-9.jpg\",\"datePublished\":\"2023-05-05T10:31:29+00:00\",\"dateModified\":\"2025-02-27T14:29:29+00:00\",\"description\":\"Descubre la mochila Adidas, que combina estilo y funcionalidad. \u00a1Perfecta para llevar tu equipo con comodidad! C\u00f3mprala en www.daisho.be|Daisho\",\"breadcrumb\":{\"@id\":\"https:\/\/www.daisho.be\/es\/produit\/mochila-adidas-negra-gris-con-motivo-floral\/#breadcrumb\"},\"inLanguage\":\"es\",\"potentialAction\":[{\"@type\":\"ReadAction\",\"target\":[\"https:\/\/www.daisho.be\/es\/produit\/mochila-adidas-negra-gris-con-motivo-floral\/\"]}]},{\"@type\":\"ImageObject\",\"inLanguage\":\"es\",\"@id\":\"https:\/\/www.daisho.be\/es\/produit\/mochila-adidas-negra-gris-con-motivo-floral\/#primaryimage\",\"url\":\"https:\/\/www.daisho.be\/wp-content\/uploads\/2023\/05\/image-9.jpg\",\"contentUrl\":\"https:\/\/www.daisho.be\/wp-content\/uploads\/2023\/05\/image-9.jpg\",\"width\":1200,\"height\":1200,\"caption\":\"Mochila Adidas negra\/gris con estampado floral-1\"},{\"@type\":\"BreadcrumbList\",\"@id\":\"https:\/\/www.daisho.be\/es\/produit\/mochila-adidas-negra-gris-con-motivo-floral\/#breadcrumb\",\"itemListElement\":[{\"@type\":\"ListItem\",\"position\":1,\"name\":\"Accueil\",\"item\":\"https:\/\/www.daisho.be\/es\/\"},{\"@type\":\"ListItem\",\"position\":2,\"name\":\"Productos\",\"item\":\"https:\/\/www.daisho.be\/es\/productos\/\"},{\"@type\":\"ListItem\",\"position\":3,\"name\":\"ADIDAS COMBAT SPORTS\",\"item\":\"https:\/\/www.daisho.be\/es\/categorie-produit\/adidas-combat-sports-es\/\"},{\"@type\":\"ListItem\",\"position\":4,\"name\":\"Karate\",\"item\":\"https:\/\/www.daisho.be\/es\/categorie-produit\/adidas-combat-sports-es\/karate-es\/\"},{\"@type\":\"ListItem\",\"position\":5,\"name\":\"Bolsa de k\u00e1rate Adidas\",\"item\":\"https:\/\/www.daisho.be\/es\/categorie-produit\/adidas-combat-sports-es\/karate-es\/bolsa-de-karate-adidas\/\"},{\"@type\":\"ListItem\",\"position\":6,\"name\":\"Mochila Adidas negra\/gris con motivo floral\"}]},{\"@type\":\"WebSite\",\"@id\":\"https:\/\/www.daisho.be\/es\/#website\",\"url\":\"https:\/\/www.daisho.be\/es\/\",\"name\":\"Daisho\",\"description\":\"Sp&eacute;cialiste de l'&eacute;quipement sportif d'arts martiaux\",\"publisher\":{\"@id\":\"https:\/\/www.daisho.be\/es\/#organization\"},\"potentialAction\":[{\"@type\":\"SearchAction\",\"target\":{\"@type\":\"EntryPoint\",\"urlTemplate\":\"https:\/\/www.daisho.be\/es\/?s={search_term_string}\"},\"query-input\":{\"@type\":\"PropertyValueSpecification\",\"valueRequired\":true,\"valueName\":\"search_term_string\"}}],\"inLanguage\":\"es\"},{\"@type\":\"Organization\",\"@id\":\"https:\/\/www.daisho.be\/es\/#organization\",\"name\":\"Daisho\",\"url\":\"https:\/\/www.daisho.be\/es\/\",\"logo\":{\"@type\":\"ImageObject\",\"inLanguage\":\"es\",\"@id\":\"https:\/\/www.daisho.be\/es\/#\/schema\/logo\/image\/\",\"url\":\"https:\/\/www.daisho.be\/wp-content\/uploads\/2019\/07\/color-nothing-horizontale4x-e1564486100247.png\",\"contentUrl\":\"https:\/\/www.daisho.be\/wp-content\/uploads\/2019\/07\/color-nothing-horizontale4x-e1564486100247.png\",\"width\":1547,\"height\":385,\"caption\":\"Daisho\"},\"image\":{\"@id\":\"https:\/\/www.daisho.be\/es\/#\/schema\/logo\/image\/\"}}]}<\/script>\n<!-- \/ Yoast SEO plugin. -->","yoast_head_json":{"title":"Mochila Adidas negra\/gris con motivo floral &#8211; Daisho","description":"Descubre la mochila Adidas, que combina estilo y funcionalidad. \u00a1Perfecta para llevar tu equipo con comodidad! C\u00f3mprala en www.daisho.be|Daisho","robots":{"index":"index","follow":"follow","max-snippet":"max-snippet:-1","max-image-preview":"max-image-preview:large","max-video-preview":"max-video-preview:-1"},"canonical":"https:\/\/www.daisho.be\/es\/produit\/mochila-adidas-negra-gris-con-motivo-floral\/","og_locale":"es_ES","og_type":"article","og_title":"Mochila Adidas negra\/gris con motivo floral &#8211; Daisho","og_description":"Descubre la mochila Adidas, que combina estilo y funcionalidad. \u00a1Perfecta para llevar tu equipo con comodidad! C\u00f3mprala en www.daisho.be|Daisho","og_url":"https:\/\/www.daisho.be\/es\/produit\/mochila-adidas-negra-gris-con-motivo-floral\/","og_site_name":"Daisho","article_modified_time":"2025-02-27T14:29:29+00:00","og_image":[{"width":1200,"height":1200,"url":"https:\/\/www.daisho.be\/wp-content\/uploads\/2023\/05\/image-9.jpg","type":"image\/jpeg"}],"twitter_card":"summary_large_image","schema":{"@context":"https:\/\/schema.org","@graph":[{"@type":"WebPage","@id":"https:\/\/www.daisho.be\/es\/produit\/mochila-adidas-negra-gris-con-motivo-floral\/","url":"https:\/\/www.daisho.be\/es\/produit\/mochila-adidas-negra-gris-con-motivo-floral\/","name":"Mochila Adidas negra\/gris con motivo floral &#8211; Daisho","isPartOf":{"@id":"https:\/\/www.daisho.be\/es\/#website"},"primaryImageOfPage":{"@id":"https:\/\/www.daisho.be\/es\/produit\/mochila-adidas-negra-gris-con-motivo-floral\/#primaryimage"},"image":{"@id":"https:\/\/www.daisho.be\/es\/produit\/mochila-adidas-negra-gris-con-motivo-floral\/#primaryimage"},"thumbnailUrl":"https:\/\/www.daisho.be\/wp-content\/uploads\/2023\/05\/image-9.jpg","datePublished":"2023-05-05T10:31:29+00:00","dateModified":"2025-02-27T14:29:29+00:00","description":"Descubre la mochila Adidas, que combina estilo y funcionalidad. \u00a1Perfecta para llevar tu equipo con comodidad! C\u00f3mprala en www.daisho.be|Daisho","breadcrumb":{"@id":"https:\/\/www.daisho.be\/es\/produit\/mochila-adidas-negra-gris-con-motivo-floral\/#breadcrumb"},"inLanguage":"es","potentialAction":[{"@type":"ReadAction","target":["https:\/\/www.daisho.be\/es\/produit\/mochila-adidas-negra-gris-con-motivo-floral\/"]}]},{"@type":"ImageObject","inLanguage":"es","@id":"https:\/\/www.daisho.be\/es\/produit\/mochila-adidas-negra-gris-con-motivo-floral\/#primaryimage","url":"https:\/\/www.daisho.be\/wp-content\/uploads\/2023\/05\/image-9.jpg","contentUrl":"https:\/\/www.daisho.be\/wp-content\/uploads\/2023\/05\/image-9.jpg","width":1200,"height":1200,"caption":"Mochila Adidas negra\/gris con estampado floral-1"},{"@type":"BreadcrumbList","@id":"https:\/\/www.daisho.be\/es\/produit\/mochila-adidas-negra-gris-con-motivo-floral\/#breadcrumb","itemListElement":[{"@type":"ListItem","position":1,"name":"Accueil","item":"https:\/\/www.daisho.be\/es\/"},{"@type":"ListItem","position":2,"name":"Productos","item":"https:\/\/www.daisho.be\/es\/productos\/"},{"@type":"ListItem","position":3,"name":"ADIDAS COMBAT SPORTS","item":"https:\/\/www.daisho.be\/es\/categorie-produit\/adidas-combat-sports-es\/"},{"@type":"ListItem","position":4,"name":"Karate","item":"https:\/\/www.daisho.be\/es\/categorie-produit\/adidas-combat-sports-es\/karate-es\/"},{"@type":"ListItem","position":5,"name":"Bolsa de k\u00e1rate Adidas","item":"https:\/\/www.daisho.be\/es\/categorie-produit\/adidas-combat-sports-es\/karate-es\/bolsa-de-karate-adidas\/"},{"@type":"ListItem","position":6,"name":"Mochila Adidas negra\/gris con motivo floral"}]},{"@type":"WebSite","@id":"https:\/\/www.daisho.be\/es\/#website","url":"https:\/\/www.daisho.be\/es\/","name":"Daisho","description":"Sp&eacute;cialiste de l'&eacute;quipement sportif d'arts martiaux","publisher":{"@id":"https:\/\/www.daisho.be\/es\/#organization"},"potentialAction":[{"@type":"SearchAction","target":{"@type":"EntryPoint","urlTemplate":"https:\/\/www.daisho.be\/es\/?s={search_term_string}"},"query-input":{"@type":"PropertyValueSpecification","valueRequired":true,"valueName":"search_term_string"}}],"inLanguage":"es"},{"@type":"Organization","@id":"https:\/\/www.daisho.be\/es\/#organization","name":"Daisho","url":"https:\/\/www.daisho.be\/es\/","logo":{"@type":"ImageObject","inLanguage":"es","@id":"https:\/\/www.daisho.be\/es\/#\/schema\/logo\/image\/","url":"https:\/\/www.daisho.be\/wp-content\/uploads\/2019\/07\/color-nothing-horizontale4x-e1564486100247.png","contentUrl":"https:\/\/www.daisho.be\/wp-content\/uploads\/2019\/07\/color-nothing-horizontale4x-e1564486100247.png","width":1547,"height":385,"caption":"Daisho"},"image":{"@id":"https:\/\/www.daisho.be\/es\/#\/schema\/logo\/image\/"}}]}},"_links":{"self":[{"href":"https:\/\/www.daisho.be\/es\/wp-json\/wp\/v2\/product\/355250","targetHints":{"allow":["GET"]}}],"collection":[{"href":"https:\/\/www.daisho.be\/es\/wp-json\/wp\/v2\/product"}],"about":[{"href":"https:\/\/www.daisho.be\/es\/wp-json\/wp\/v2\/types\/product"}],"replies":[{"embeddable":true,"href":"https:\/\/www.daisho.be\/es\/wp-json\/wp\/v2\/comments?post=355250"}],"wp:featuredmedia":[{"embeddable":true,"href":"https:\/\/www.daisho.be\/es\/wp-json\/wp\/v2\/media\/337532"}],"wp:attachment":[{"href":"https:\/\/www.daisho.be\/es\/wp-json\/wp\/v2\/media?parent=355250"}],"wp:term":[{"taxonomy":"product_brand","embeddable":true,"href":"https:\/\/www.daisho.be\/es\/wp-json\/wp\/v2\/product_brand?post=355250"},{"taxonomy":"product_cat","embeddable":true,"href":"https:\/\/www.daisho.be\/es\/wp-json\/wp\/v2\/product_cat?post=355250"},{"taxonomy":"product_tag","embeddable":true,"href":"https:\/\/www.daisho.be\/es\/wp-json\/wp\/v2\/product_tag?post=355250"},{"taxonomy":"sport","embeddable":true,"href":"https:\/\/www.daisho.be\/es\/wp-json\/wp\/v2\/sport?post=355250"}],"curies":[{"name":"wp","href":"https:\/\/api.w.org\/{rel}","templated":true}]}}