{"id":355119,"date":"2022-04-02T13:52:42","date_gmt":"2022-04-02T11:52:42","guid":{"rendered":"https:\/\/www.daisho.be\/produit\/zapatillas-de-moqueta-para-interior-adidas-sh1\/"},"modified":"2022-04-02T13:52:42","modified_gmt":"2022-04-02T11:52:42","slug":"zapatillas-de-moqueta-para-interior-adidas-sh1","status":"publish","type":"product","link":"https:\/\/www.daisho.be\/es\/produit\/zapatillas-de-moqueta-para-interior-adidas-sh1\/","title":{"rendered":"Zapatillas de moqueta para interior adidas SH1"},"content":{"rendered":"<p>Ya sea para competici\u00f3n o entrenamiento, para atletas o \u00e1rbitros, este calzado puede llevarse con cualquier atuendo para mantener los pies calientes durante los descansos del entrenamiento.<br \/>\nTambi\u00e9n adecuado para Wushu, Qigong y Tai Chi.<br \/>\nEstos zapatos tambi\u00e9n pueden utilizarse como zapatillas.<br \/>\nAseg\u00farese de que no se usan en superficies muy rugosas.<br \/>\nEl roce con superficies irregulares, rocas y cualquier superficie afilada o rugosa puede hacer que la malla se desprenda de la suela.<br \/>\nEste calzado no sustituye a un calzado de entrenamiento o deportivo.<br \/>\nPr\u00e1ctico zapato slip-on de material transpirable. Tejido de malla c\u00f3modo y ligero en la parte delantera y los laterales.<br \/>\nCon suela antideslizante, acolchada y aislante del fr\u00edo.<br \/>\nMaterial: 100% poli\u00e9ster<br \/>\nColor: blanco\/negro<\/p>\n<p><img loading=\"lazy\" decoding=\"async\" class=\"alignnone wp-image-262818 size-full\" src=\"https:\/\/www.daisho.be\/wp-content\/uploads\/2022\/04\/capture-decran-2023-11-23-090233.png\" alt=\"\" width=\"388\" height=\"200\" srcset=\"https:\/\/www.daisho.be\/wp-content\/uploads\/2022\/04\/capture-decran-2023-11-23-090233.png 388w, https:\/\/www.daisho.be\/wp-content\/uploads\/2022\/04\/capture-decran-2023-11-23-090233-300x155.png 300w, https:\/\/www.daisho.be\/wp-content\/uploads\/2022\/04\/capture-decran-2023-11-23-090233-155x80.png 155w\" sizes=\"auto, (max-width: 388px) 100vw, 388px\" \/><\/p>\n","protected":false},"excerpt":{"rendered":"<p>Ya sea para competici\u00f3n o entrenamiento, para atletas o \u00e1rbitros, este calzado puede llevarse con cualquier atuendo para mantener los pies calientes durante los descansos del entrenamiento. Tambi\u00e9n adecuado para Wushu, Qigong y Tai Chi. Estos zapatos tambi\u00e9n pueden utilizarse como zapatillas. Aseg\u00farese de que no se usan en superficies muy rugosas. El roce con [&hellip;]<\/p>\n","protected":false},"featured_media":339492,"comment_status":"closed","ping_status":"closed","template":"","meta":{"inline_featured_image":false},"product_brand":[],"product_cat":[1771,1495],"product_tag":[1560],"sport":[],"class_list":{"0":"post-355119","1":"product","2":"type-product","3":"status-publish","4":"has-post-thumbnail","6":"product_cat-jiu-jitsu-es","7":"product_cat-zapatos","8":"product_tag-adidas-es","9":"pa_size-2xs","10":"pa_size-3xs","11":"pa_size-s","12":"pa_size-xs","14":"first","15":"instock","16":"taxable","17":"shipping-taxable","18":"purchasable","19":"product-type-variable"},"yoast_head":"<!-- This site is optimized with the Yoast SEO plugin v27.2 - https:\/\/yoast.com\/product\/yoast-seo-wordpress\/ -->\n<title>Zapatillas de moqueta para interior adidas SH1 &#8211; Daisho<\/title>\n<meta name=\"robots\" content=\"index, follow, max-snippet:-1, max-image-preview:large, max-video-preview:-1\" \/>\n<link rel=\"canonical\" href=\"https:\/\/www.daisho.be\/es\/produit\/zapatillas-de-moqueta-para-interior-adidas-sh1\/\" \/>\n<meta property=\"og:locale\" content=\"es_ES\" \/>\n<meta property=\"og:type\" content=\"article\" \/>\n<meta property=\"og:title\" content=\"Zapatillas de moqueta para interior adidas SH1 &#8211; Daisho\" \/>\n<meta property=\"og:description\" content=\"Ya sea para competici\u00f3n o entrenamiento, para atletas o \u00e1rbitros, este calzado puede llevarse con cualquier atuendo para mantener los pies calientes durante los descansos del entrenamiento. Tambi\u00e9n adecuado para Wushu, Qigong y Tai Chi. Estos zapatos tambi\u00e9n pueden utilizarse como zapatillas. Aseg\u00farese de que no se usan en superficies muy rugosas. El roce con [&hellip;]\" \/>\n<meta property=\"og:url\" content=\"https:\/\/www.daisho.be\/es\/produit\/zapatillas-de-moqueta-para-interior-adidas-sh1\/\" \/>\n<meta property=\"og:site_name\" content=\"Daisho\" \/>\n<meta property=\"og:image\" content=\"https:\/\/www.daisho.be\/wp-content\/uploads\/2023\/11\/image-93.jpg\" \/>\n\t<meta property=\"og:image:width\" content=\"1200\" \/>\n\t<meta property=\"og:image:height\" content=\"588\" \/>\n\t<meta property=\"og:image:type\" content=\"image\/jpeg\" \/>\n<meta name=\"twitter:card\" content=\"summary_large_image\" \/>\n<meta name=\"twitter:label1\" content=\"Tiempo de lectura\" \/>\n\t<meta name=\"twitter:data1\" content=\"1 minuto\" \/>\n<script type=\"application\/ld+json\" class=\"yoast-schema-graph\">{\"@context\":\"https:\/\/schema.org\",\"@graph\":[{\"@type\":\"WebPage\",\"@id\":\"https:\/\/www.daisho.be\/es\/produit\/zapatillas-de-moqueta-para-interior-adidas-sh1\/\",\"url\":\"https:\/\/www.daisho.be\/es\/produit\/zapatillas-de-moqueta-para-interior-adidas-sh1\/\",\"name\":\"Zapatillas de moqueta para interior adidas SH1 &#8211; Daisho\",\"isPartOf\":{\"@id\":\"https:\/\/www.daisho.be\/es\/#website\"},\"primaryImageOfPage\":{\"@id\":\"https:\/\/www.daisho.be\/es\/produit\/zapatillas-de-moqueta-para-interior-adidas-sh1\/#primaryimage\"},\"image\":{\"@id\":\"https:\/\/www.daisho.be\/es\/produit\/zapatillas-de-moqueta-para-interior-adidas-sh1\/#primaryimage\"},\"thumbnailUrl\":\"https:\/\/www.daisho.be\/wp-content\/uploads\/2023\/11\/image-93.jpg\",\"datePublished\":\"2022-04-02T11:52:42+00:00\",\"breadcrumb\":{\"@id\":\"https:\/\/www.daisho.be\/es\/produit\/zapatillas-de-moqueta-para-interior-adidas-sh1\/#breadcrumb\"},\"inLanguage\":\"es\",\"potentialAction\":[{\"@type\":\"ReadAction\",\"target\":[\"https:\/\/www.daisho.be\/es\/produit\/zapatillas-de-moqueta-para-interior-adidas-sh1\/\"]}]},{\"@type\":\"ImageObject\",\"inLanguage\":\"es\",\"@id\":\"https:\/\/www.daisho.be\/es\/produit\/zapatillas-de-moqueta-para-interior-adidas-sh1\/#primaryimage\",\"url\":\"https:\/\/www.daisho.be\/wp-content\/uploads\/2023\/11\/image-93.jpg\",\"contentUrl\":\"https:\/\/www.daisho.be\/wp-content\/uploads\/2023\/11\/image-93.jpg\",\"width\":1200,\"height\":588,\"caption\":\"Zapatillas de moqueta para interior adidas SH1-1\"},{\"@type\":\"BreadcrumbList\",\"@id\":\"https:\/\/www.daisho.be\/es\/produit\/zapatillas-de-moqueta-para-interior-adidas-sh1\/#breadcrumb\",\"itemListElement\":[{\"@type\":\"ListItem\",\"position\":1,\"name\":\"Accueil\",\"item\":\"https:\/\/www.daisho.be\/es\/\"},{\"@type\":\"ListItem\",\"position\":2,\"name\":\"Productos\",\"item\":\"https:\/\/www.daisho.be\/es\/productos\/\"},{\"@type\":\"ListItem\",\"position\":3,\"name\":\"ADIDAS COMBAT SPORTS\",\"item\":\"https:\/\/www.daisho.be\/es\/categorie-produit\/adidas-combat-sports-es\/\"},{\"@type\":\"ListItem\",\"position\":4,\"name\":\"Jiu-Jitsu\",\"item\":\"https:\/\/www.daisho.be\/es\/categorie-produit\/adidas-combat-sports-es\/jiu-jitsu-es\/\"},{\"@type\":\"ListItem\",\"position\":5,\"name\":\"Zapatillas de moqueta para interior adidas SH1\"}]},{\"@type\":\"WebSite\",\"@id\":\"https:\/\/www.daisho.be\/es\/#website\",\"url\":\"https:\/\/www.daisho.be\/es\/\",\"name\":\"Daisho\",\"description\":\"Sp&eacute;cialiste de l'&eacute;quipement sportif d'arts martiaux\",\"publisher\":{\"@id\":\"https:\/\/www.daisho.be\/es\/#organization\"},\"potentialAction\":[{\"@type\":\"SearchAction\",\"target\":{\"@type\":\"EntryPoint\",\"urlTemplate\":\"https:\/\/www.daisho.be\/es\/?s={search_term_string}\"},\"query-input\":{\"@type\":\"PropertyValueSpecification\",\"valueRequired\":true,\"valueName\":\"search_term_string\"}}],\"inLanguage\":\"es\"},{\"@type\":\"Organization\",\"@id\":\"https:\/\/www.daisho.be\/es\/#organization\",\"name\":\"Daisho\",\"url\":\"https:\/\/www.daisho.be\/es\/\",\"logo\":{\"@type\":\"ImageObject\",\"inLanguage\":\"es\",\"@id\":\"https:\/\/www.daisho.be\/es\/#\/schema\/logo\/image\/\",\"url\":\"https:\/\/www.daisho.be\/wp-content\/uploads\/2019\/07\/color-nothing-horizontale4x-e1564486100247.png\",\"contentUrl\":\"https:\/\/www.daisho.be\/wp-content\/uploads\/2019\/07\/color-nothing-horizontale4x-e1564486100247.png\",\"width\":1547,\"height\":385,\"caption\":\"Daisho\"},\"image\":{\"@id\":\"https:\/\/www.daisho.be\/es\/#\/schema\/logo\/image\/\"}}]}<\/script>\n<!-- \/ Yoast SEO plugin. -->","yoast_head_json":{"title":"Zapatillas de moqueta para interior adidas SH1 &#8211; Daisho","robots":{"index":"index","follow":"follow","max-snippet":"max-snippet:-1","max-image-preview":"max-image-preview:large","max-video-preview":"max-video-preview:-1"},"canonical":"https:\/\/www.daisho.be\/es\/produit\/zapatillas-de-moqueta-para-interior-adidas-sh1\/","og_locale":"es_ES","og_type":"article","og_title":"Zapatillas de moqueta para interior adidas SH1 &#8211; Daisho","og_description":"Ya sea para competici\u00f3n o entrenamiento, para atletas o \u00e1rbitros, este calzado puede llevarse con cualquier atuendo para mantener los pies calientes durante los descansos del entrenamiento. Tambi\u00e9n adecuado para Wushu, Qigong y Tai Chi. Estos zapatos tambi\u00e9n pueden utilizarse como zapatillas. Aseg\u00farese de que no se usan en superficies muy rugosas. El roce con [&hellip;]","og_url":"https:\/\/www.daisho.be\/es\/produit\/zapatillas-de-moqueta-para-interior-adidas-sh1\/","og_site_name":"Daisho","og_image":[{"width":1200,"height":588,"url":"https:\/\/www.daisho.be\/wp-content\/uploads\/2023\/11\/image-93.jpg","type":"image\/jpeg"}],"twitter_card":"summary_large_image","twitter_misc":{"Tiempo de lectura":"1 minuto"},"schema":{"@context":"https:\/\/schema.org","@graph":[{"@type":"WebPage","@id":"https:\/\/www.daisho.be\/es\/produit\/zapatillas-de-moqueta-para-interior-adidas-sh1\/","url":"https:\/\/www.daisho.be\/es\/produit\/zapatillas-de-moqueta-para-interior-adidas-sh1\/","name":"Zapatillas de moqueta para interior adidas SH1 &#8211; Daisho","isPartOf":{"@id":"https:\/\/www.daisho.be\/es\/#website"},"primaryImageOfPage":{"@id":"https:\/\/www.daisho.be\/es\/produit\/zapatillas-de-moqueta-para-interior-adidas-sh1\/#primaryimage"},"image":{"@id":"https:\/\/www.daisho.be\/es\/produit\/zapatillas-de-moqueta-para-interior-adidas-sh1\/#primaryimage"},"thumbnailUrl":"https:\/\/www.daisho.be\/wp-content\/uploads\/2023\/11\/image-93.jpg","datePublished":"2022-04-02T11:52:42+00:00","breadcrumb":{"@id":"https:\/\/www.daisho.be\/es\/produit\/zapatillas-de-moqueta-para-interior-adidas-sh1\/#breadcrumb"},"inLanguage":"es","potentialAction":[{"@type":"ReadAction","target":["https:\/\/www.daisho.be\/es\/produit\/zapatillas-de-moqueta-para-interior-adidas-sh1\/"]}]},{"@type":"ImageObject","inLanguage":"es","@id":"https:\/\/www.daisho.be\/es\/produit\/zapatillas-de-moqueta-para-interior-adidas-sh1\/#primaryimage","url":"https:\/\/www.daisho.be\/wp-content\/uploads\/2023\/11\/image-93.jpg","contentUrl":"https:\/\/www.daisho.be\/wp-content\/uploads\/2023\/11\/image-93.jpg","width":1200,"height":588,"caption":"Zapatillas de moqueta para interior adidas SH1-1"},{"@type":"BreadcrumbList","@id":"https:\/\/www.daisho.be\/es\/produit\/zapatillas-de-moqueta-para-interior-adidas-sh1\/#breadcrumb","itemListElement":[{"@type":"ListItem","position":1,"name":"Accueil","item":"https:\/\/www.daisho.be\/es\/"},{"@type":"ListItem","position":2,"name":"Productos","item":"https:\/\/www.daisho.be\/es\/productos\/"},{"@type":"ListItem","position":3,"name":"ADIDAS COMBAT SPORTS","item":"https:\/\/www.daisho.be\/es\/categorie-produit\/adidas-combat-sports-es\/"},{"@type":"ListItem","position":4,"name":"Jiu-Jitsu","item":"https:\/\/www.daisho.be\/es\/categorie-produit\/adidas-combat-sports-es\/jiu-jitsu-es\/"},{"@type":"ListItem","position":5,"name":"Zapatillas de moqueta para interior adidas SH1"}]},{"@type":"WebSite","@id":"https:\/\/www.daisho.be\/es\/#website","url":"https:\/\/www.daisho.be\/es\/","name":"Daisho","description":"Sp&eacute;cialiste de l'&eacute;quipement sportif d'arts martiaux","publisher":{"@id":"https:\/\/www.daisho.be\/es\/#organization"},"potentialAction":[{"@type":"SearchAction","target":{"@type":"EntryPoint","urlTemplate":"https:\/\/www.daisho.be\/es\/?s={search_term_string}"},"query-input":{"@type":"PropertyValueSpecification","valueRequired":true,"valueName":"search_term_string"}}],"inLanguage":"es"},{"@type":"Organization","@id":"https:\/\/www.daisho.be\/es\/#organization","name":"Daisho","url":"https:\/\/www.daisho.be\/es\/","logo":{"@type":"ImageObject","inLanguage":"es","@id":"https:\/\/www.daisho.be\/es\/#\/schema\/logo\/image\/","url":"https:\/\/www.daisho.be\/wp-content\/uploads\/2019\/07\/color-nothing-horizontale4x-e1564486100247.png","contentUrl":"https:\/\/www.daisho.be\/wp-content\/uploads\/2019\/07\/color-nothing-horizontale4x-e1564486100247.png","width":1547,"height":385,"caption":"Daisho"},"image":{"@id":"https:\/\/www.daisho.be\/es\/#\/schema\/logo\/image\/"}}]}},"_links":{"self":[{"href":"https:\/\/www.daisho.be\/es\/wp-json\/wp\/v2\/product\/355119","targetHints":{"allow":["GET"]}}],"collection":[{"href":"https:\/\/www.daisho.be\/es\/wp-json\/wp\/v2\/product"}],"about":[{"href":"https:\/\/www.daisho.be\/es\/wp-json\/wp\/v2\/types\/product"}],"replies":[{"embeddable":true,"href":"https:\/\/www.daisho.be\/es\/wp-json\/wp\/v2\/comments?post=355119"}],"wp:featuredmedia":[{"embeddable":true,"href":"https:\/\/www.daisho.be\/es\/wp-json\/wp\/v2\/media\/339492"}],"wp:attachment":[{"href":"https:\/\/www.daisho.be\/es\/wp-json\/wp\/v2\/media?parent=355119"}],"wp:term":[{"taxonomy":"product_brand","embeddable":true,"href":"https:\/\/www.daisho.be\/es\/wp-json\/wp\/v2\/product_brand?post=355119"},{"taxonomy":"product_cat","embeddable":true,"href":"https:\/\/www.daisho.be\/es\/wp-json\/wp\/v2\/product_cat?post=355119"},{"taxonomy":"product_tag","embeddable":true,"href":"https:\/\/www.daisho.be\/es\/wp-json\/wp\/v2\/product_tag?post=355119"},{"taxonomy":"sport","embeddable":true,"href":"https:\/\/www.daisho.be\/es\/wp-json\/wp\/v2\/sport?post=355119"}],"curies":[{"name":"wp","href":"https:\/\/api.w.org\/{rel}","templated":true}]}}