{"id":354998,"date":"2022-03-22T15:15:48","date_gmt":"2022-03-22T14:15:48","guid":{"rendered":"https:\/\/www.daisho.be\/produit\/guantes-de-karate-tokaido-kanji-wkf-rojo\/"},"modified":"2025-10-09T14:17:16","modified_gmt":"2025-10-09T12:17:16","slug":"guantes-de-karate-tokaido-kanji-wkf-rojo","status":"publish","type":"product","link":"https:\/\/www.daisho.be\/es\/produit\/guantes-de-karate-tokaido-kanji-wkf-rojo\/","title":{"rendered":"GUANTES DE KARATE TOKAIDO KANJI WKF ROJO"},"content":{"rendered":"<p>Guantes de k\u00e1rate Tokaido ligeros con excelentes propiedades de amortiguaci\u00f3n. Validado por la WKF.<br \/>\nEl n\u00facleo interno de espuma proporciona una absorci\u00f3n \u00f3ptima de los impactos. El revestimiento exterior resistente al agua y al sudor de imitaci\u00f3n de cuero duradero proporciona la estabilidad necesaria.<\/p>\n<p>Caracter\u00edsticas t\u00e9cnicas:<br \/>\n&#8211; manoplas de k\u00e1rate homologadas por la WKF<br \/>\n&#8211; dise\u00f1adas para kumite<br \/>\n&#8211; aptas para competici\u00f3n<br \/>\n&#8211; fabricadas en cuero artificial<br \/>\n&#8211; disponibles en azul y rojo<\/p>\n","protected":false},"excerpt":{"rendered":"<p>Guantes de k\u00e1rate Tokaido ligeros con excelentes propiedades de amortiguaci\u00f3n. Validado por la WKF. El n\u00facleo interno de espuma proporciona una absorci\u00f3n \u00f3ptima de los impactos. El revestimiento exterior resistente al agua y al sudor de imitaci\u00f3n de cuero duradero proporciona la estabilidad necesaria. Caracter\u00edsticas t\u00e9cnicas: &#8211; manoplas de k\u00e1rate homologadas por la WKF &#8211; [&hellip;]<\/p>\n","protected":false},"featured_media":508051,"comment_status":"open","ping_status":"closed","template":"","meta":{"inline_featured_image":false},"product_brand":[],"product_cat":[1363,1361],"product_tag":[1306],"sport":[],"class_list":{"0":"post-354998","1":"product","2":"type-product","3":"status-publish","4":"has-post-thumbnail","6":"product_cat-proteccion-del-karate","7":"product_cat-protecciones","8":"product_tag-tokaido-es","9":"pa_size-l","10":"pa_size-m","11":"pa_size-s","12":"pa_size-xl","13":"pa_size-xs","15":"first","16":"instock","17":"taxable","18":"shipping-taxable","19":"purchasable","20":"product-type-variable"},"yoast_head":"<!-- This site is optimized with the Yoast SEO plugin v27.2 - https:\/\/yoast.com\/product\/yoast-seo-wordpress\/ -->\n<title>GUANTES DE KARATE TOKAIDO KANJI WKF ROJO &#8211; Daisho<\/title>\n<meta name=\"description\" content=\"Los guantes de k\u00e1rate de la marca Tokaido est\u00e1n validados por la WKF. C\u00f3mpralos para tus competiciones o entrenamientos en nuestra web www.daisho.be|Daisho\" \/>\n<meta name=\"robots\" content=\"index, follow, max-snippet:-1, max-image-preview:large, max-video-preview:-1\" \/>\n<link rel=\"canonical\" href=\"https:\/\/www.daisho.be\/es\/produit\/guantes-de-karate-tokaido-kanji-wkf-rojo\/\" \/>\n<meta property=\"og:locale\" content=\"es_ES\" \/>\n<meta property=\"og:type\" content=\"article\" \/>\n<meta property=\"og:title\" content=\"GUANTES DE KARATE TOKAIDO KANJI WKF ROJO &#8211; Daisho\" \/>\n<meta property=\"og:description\" content=\"Los guantes de k\u00e1rate de la marca Tokaido est\u00e1n validados por la WKF. C\u00f3mpralos para tus competiciones o entrenamientos en nuestra web www.daisho.be|Daisho\" \/>\n<meta property=\"og:url\" content=\"https:\/\/www.daisho.be\/es\/produit\/guantes-de-karate-tokaido-kanji-wkf-rojo\/\" \/>\n<meta property=\"og:site_name\" content=\"Daisho\" \/>\n<meta property=\"article:modified_time\" content=\"2025-10-09T12:17:16+00:00\" \/>\n<meta property=\"og:image\" content=\"https:\/\/www.daisho.be\/wp-content\/uploads\/2025\/03\/image-13.jpg\" \/>\n\t<meta property=\"og:image:width\" content=\"800\" \/>\n\t<meta property=\"og:image:height\" content=\"1280\" \/>\n\t<meta property=\"og:image:type\" content=\"image\/jpeg\" \/>\n<meta name=\"twitter:card\" content=\"summary_large_image\" \/>\n<script type=\"application\/ld+json\" class=\"yoast-schema-graph\">{\"@context\":\"https:\/\/schema.org\",\"@graph\":[{\"@type\":\"WebPage\",\"@id\":\"https:\/\/www.daisho.be\/es\/produit\/guantes-de-karate-tokaido-kanji-wkf-rojo\/\",\"url\":\"https:\/\/www.daisho.be\/es\/produit\/guantes-de-karate-tokaido-kanji-wkf-rojo\/\",\"name\":\"GUANTES DE KARATE TOKAIDO KANJI WKF ROJO &#8211; Daisho\",\"isPartOf\":{\"@id\":\"https:\/\/www.daisho.be\/es\/#website\"},\"primaryImageOfPage\":{\"@id\":\"https:\/\/www.daisho.be\/es\/produit\/guantes-de-karate-tokaido-kanji-wkf-rojo\/#primaryimage\"},\"image\":{\"@id\":\"https:\/\/www.daisho.be\/es\/produit\/guantes-de-karate-tokaido-kanji-wkf-rojo\/#primaryimage\"},\"thumbnailUrl\":\"https:\/\/www.daisho.be\/wp-content\/uploads\/2025\/03\/image-13.jpg\",\"datePublished\":\"2022-03-22T14:15:48+00:00\",\"dateModified\":\"2025-10-09T12:17:16+00:00\",\"description\":\"Los guantes de k\u00e1rate de la marca Tokaido est\u00e1n validados por la WKF. C\u00f3mpralos para tus competiciones o entrenamientos en nuestra web www.daisho.be|Daisho\",\"breadcrumb\":{\"@id\":\"https:\/\/www.daisho.be\/es\/produit\/guantes-de-karate-tokaido-kanji-wkf-rojo\/#breadcrumb\"},\"inLanguage\":\"es\",\"potentialAction\":[{\"@type\":\"ReadAction\",\"target\":[\"https:\/\/www.daisho.be\/es\/produit\/guantes-de-karate-tokaido-kanji-wkf-rojo\/\"]}]},{\"@type\":\"ImageObject\",\"inLanguage\":\"es\",\"@id\":\"https:\/\/www.daisho.be\/es\/produit\/guantes-de-karate-tokaido-kanji-wkf-rojo\/#primaryimage\",\"url\":\"https:\/\/www.daisho.be\/wp-content\/uploads\/2025\/03\/image-13.jpg\",\"contentUrl\":\"https:\/\/www.daisho.be\/wp-content\/uploads\/2025\/03\/image-13.jpg\",\"width\":800,\"height\":1280,\"caption\":\"GUANTES DE KARATE TOKAIDO KANJI WKF ROJO-1\"},{\"@type\":\"BreadcrumbList\",\"@id\":\"https:\/\/www.daisho.be\/es\/produit\/guantes-de-karate-tokaido-kanji-wkf-rojo\/#breadcrumb\",\"itemListElement\":[{\"@type\":\"ListItem\",\"position\":1,\"name\":\"Accueil\",\"item\":\"https:\/\/www.daisho.be\/es\/\"},{\"@type\":\"ListItem\",\"position\":2,\"name\":\"Productos\",\"item\":\"https:\/\/www.daisho.be\/es\/productos\/\"},{\"@type\":\"ListItem\",\"position\":3,\"name\":\"Equipamiento y ropa para artes marciales y deportes de combate\",\"item\":\"https:\/\/www.daisho.be\/es\/categorie-produit\/equipamiento-y-ropa-para-artes-marciales-y-deportes-de-combate\/\"},{\"@type\":\"ListItem\",\"position\":4,\"name\":\"Karate\",\"item\":\"https:\/\/www.daisho.be\/es\/categorie-produit\/equipamiento-y-ropa-para-artes-marciales-y-deportes-de-combate\/karate-es-2\/\"},{\"@type\":\"ListItem\",\"position\":5,\"name\":\"Protecci\u00f3n del k\u00e1rate\",\"item\":\"https:\/\/www.daisho.be\/es\/categorie-produit\/equipamiento-y-ropa-para-artes-marciales-y-deportes-de-combate\/karate-es-2\/proteccion-del-karate\/\"},{\"@type\":\"ListItem\",\"position\":6,\"name\":\"GUANTES DE KARATE TOKAIDO KANJI WKF ROJO\"}]},{\"@type\":\"WebSite\",\"@id\":\"https:\/\/www.daisho.be\/es\/#website\",\"url\":\"https:\/\/www.daisho.be\/es\/\",\"name\":\"Daisho\",\"description\":\"Sp&eacute;cialiste de l'&eacute;quipement sportif d'arts martiaux\",\"publisher\":{\"@id\":\"https:\/\/www.daisho.be\/es\/#organization\"},\"potentialAction\":[{\"@type\":\"SearchAction\",\"target\":{\"@type\":\"EntryPoint\",\"urlTemplate\":\"https:\/\/www.daisho.be\/es\/?s={search_term_string}\"},\"query-input\":{\"@type\":\"PropertyValueSpecification\",\"valueRequired\":true,\"valueName\":\"search_term_string\"}}],\"inLanguage\":\"es\"},{\"@type\":\"Organization\",\"@id\":\"https:\/\/www.daisho.be\/es\/#organization\",\"name\":\"Daisho\",\"url\":\"https:\/\/www.daisho.be\/es\/\",\"logo\":{\"@type\":\"ImageObject\",\"inLanguage\":\"es\",\"@id\":\"https:\/\/www.daisho.be\/es\/#\/schema\/logo\/image\/\",\"url\":\"https:\/\/www.daisho.be\/wp-content\/uploads\/2019\/07\/color-nothing-horizontale4x-e1564486100247.png\",\"contentUrl\":\"https:\/\/www.daisho.be\/wp-content\/uploads\/2019\/07\/color-nothing-horizontale4x-e1564486100247.png\",\"width\":1547,\"height\":385,\"caption\":\"Daisho\"},\"image\":{\"@id\":\"https:\/\/www.daisho.be\/es\/#\/schema\/logo\/image\/\"}}]}<\/script>\n<!-- \/ Yoast SEO plugin. -->","yoast_head_json":{"title":"GUANTES DE KARATE TOKAIDO KANJI WKF ROJO &#8211; Daisho","description":"Los guantes de k\u00e1rate de la marca Tokaido est\u00e1n validados por la WKF. C\u00f3mpralos para tus competiciones o entrenamientos en nuestra web www.daisho.be|Daisho","robots":{"index":"index","follow":"follow","max-snippet":"max-snippet:-1","max-image-preview":"max-image-preview:large","max-video-preview":"max-video-preview:-1"},"canonical":"https:\/\/www.daisho.be\/es\/produit\/guantes-de-karate-tokaido-kanji-wkf-rojo\/","og_locale":"es_ES","og_type":"article","og_title":"GUANTES DE KARATE TOKAIDO KANJI WKF ROJO &#8211; Daisho","og_description":"Los guantes de k\u00e1rate de la marca Tokaido est\u00e1n validados por la WKF. C\u00f3mpralos para tus competiciones o entrenamientos en nuestra web www.daisho.be|Daisho","og_url":"https:\/\/www.daisho.be\/es\/produit\/guantes-de-karate-tokaido-kanji-wkf-rojo\/","og_site_name":"Daisho","article_modified_time":"2025-10-09T12:17:16+00:00","og_image":[{"width":800,"height":1280,"url":"https:\/\/www.daisho.be\/wp-content\/uploads\/2025\/03\/image-13.jpg","type":"image\/jpeg"}],"twitter_card":"summary_large_image","schema":{"@context":"https:\/\/schema.org","@graph":[{"@type":"WebPage","@id":"https:\/\/www.daisho.be\/es\/produit\/guantes-de-karate-tokaido-kanji-wkf-rojo\/","url":"https:\/\/www.daisho.be\/es\/produit\/guantes-de-karate-tokaido-kanji-wkf-rojo\/","name":"GUANTES DE KARATE TOKAIDO KANJI WKF ROJO &#8211; Daisho","isPartOf":{"@id":"https:\/\/www.daisho.be\/es\/#website"},"primaryImageOfPage":{"@id":"https:\/\/www.daisho.be\/es\/produit\/guantes-de-karate-tokaido-kanji-wkf-rojo\/#primaryimage"},"image":{"@id":"https:\/\/www.daisho.be\/es\/produit\/guantes-de-karate-tokaido-kanji-wkf-rojo\/#primaryimage"},"thumbnailUrl":"https:\/\/www.daisho.be\/wp-content\/uploads\/2025\/03\/image-13.jpg","datePublished":"2022-03-22T14:15:48+00:00","dateModified":"2025-10-09T12:17:16+00:00","description":"Los guantes de k\u00e1rate de la marca Tokaido est\u00e1n validados por la WKF. C\u00f3mpralos para tus competiciones o entrenamientos en nuestra web www.daisho.be|Daisho","breadcrumb":{"@id":"https:\/\/www.daisho.be\/es\/produit\/guantes-de-karate-tokaido-kanji-wkf-rojo\/#breadcrumb"},"inLanguage":"es","potentialAction":[{"@type":"ReadAction","target":["https:\/\/www.daisho.be\/es\/produit\/guantes-de-karate-tokaido-kanji-wkf-rojo\/"]}]},{"@type":"ImageObject","inLanguage":"es","@id":"https:\/\/www.daisho.be\/es\/produit\/guantes-de-karate-tokaido-kanji-wkf-rojo\/#primaryimage","url":"https:\/\/www.daisho.be\/wp-content\/uploads\/2025\/03\/image-13.jpg","contentUrl":"https:\/\/www.daisho.be\/wp-content\/uploads\/2025\/03\/image-13.jpg","width":800,"height":1280,"caption":"GUANTES DE KARATE TOKAIDO KANJI WKF ROJO-1"},{"@type":"BreadcrumbList","@id":"https:\/\/www.daisho.be\/es\/produit\/guantes-de-karate-tokaido-kanji-wkf-rojo\/#breadcrumb","itemListElement":[{"@type":"ListItem","position":1,"name":"Accueil","item":"https:\/\/www.daisho.be\/es\/"},{"@type":"ListItem","position":2,"name":"Productos","item":"https:\/\/www.daisho.be\/es\/productos\/"},{"@type":"ListItem","position":3,"name":"Equipamiento y ropa para artes marciales y deportes de combate","item":"https:\/\/www.daisho.be\/es\/categorie-produit\/equipamiento-y-ropa-para-artes-marciales-y-deportes-de-combate\/"},{"@type":"ListItem","position":4,"name":"Karate","item":"https:\/\/www.daisho.be\/es\/categorie-produit\/equipamiento-y-ropa-para-artes-marciales-y-deportes-de-combate\/karate-es-2\/"},{"@type":"ListItem","position":5,"name":"Protecci\u00f3n del k\u00e1rate","item":"https:\/\/www.daisho.be\/es\/categorie-produit\/equipamiento-y-ropa-para-artes-marciales-y-deportes-de-combate\/karate-es-2\/proteccion-del-karate\/"},{"@type":"ListItem","position":6,"name":"GUANTES DE KARATE TOKAIDO KANJI WKF ROJO"}]},{"@type":"WebSite","@id":"https:\/\/www.daisho.be\/es\/#website","url":"https:\/\/www.daisho.be\/es\/","name":"Daisho","description":"Sp&eacute;cialiste de l'&eacute;quipement sportif d'arts martiaux","publisher":{"@id":"https:\/\/www.daisho.be\/es\/#organization"},"potentialAction":[{"@type":"SearchAction","target":{"@type":"EntryPoint","urlTemplate":"https:\/\/www.daisho.be\/es\/?s={search_term_string}"},"query-input":{"@type":"PropertyValueSpecification","valueRequired":true,"valueName":"search_term_string"}}],"inLanguage":"es"},{"@type":"Organization","@id":"https:\/\/www.daisho.be\/es\/#organization","name":"Daisho","url":"https:\/\/www.daisho.be\/es\/","logo":{"@type":"ImageObject","inLanguage":"es","@id":"https:\/\/www.daisho.be\/es\/#\/schema\/logo\/image\/","url":"https:\/\/www.daisho.be\/wp-content\/uploads\/2019\/07\/color-nothing-horizontale4x-e1564486100247.png","contentUrl":"https:\/\/www.daisho.be\/wp-content\/uploads\/2019\/07\/color-nothing-horizontale4x-e1564486100247.png","width":1547,"height":385,"caption":"Daisho"},"image":{"@id":"https:\/\/www.daisho.be\/es\/#\/schema\/logo\/image\/"}}]}},"_links":{"self":[{"href":"https:\/\/www.daisho.be\/es\/wp-json\/wp\/v2\/product\/354998","targetHints":{"allow":["GET"]}}],"collection":[{"href":"https:\/\/www.daisho.be\/es\/wp-json\/wp\/v2\/product"}],"about":[{"href":"https:\/\/www.daisho.be\/es\/wp-json\/wp\/v2\/types\/product"}],"replies":[{"embeddable":true,"href":"https:\/\/www.daisho.be\/es\/wp-json\/wp\/v2\/comments?post=354998"}],"wp:featuredmedia":[{"embeddable":true,"href":"https:\/\/www.daisho.be\/es\/wp-json\/wp\/v2\/media\/508051"}],"wp:attachment":[{"href":"https:\/\/www.daisho.be\/es\/wp-json\/wp\/v2\/media?parent=354998"}],"wp:term":[{"taxonomy":"product_brand","embeddable":true,"href":"https:\/\/www.daisho.be\/es\/wp-json\/wp\/v2\/product_brand?post=354998"},{"taxonomy":"product_cat","embeddable":true,"href":"https:\/\/www.daisho.be\/es\/wp-json\/wp\/v2\/product_cat?post=354998"},{"taxonomy":"product_tag","embeddable":true,"href":"https:\/\/www.daisho.be\/es\/wp-json\/wp\/v2\/product_tag?post=354998"},{"taxonomy":"sport","embeddable":true,"href":"https:\/\/www.daisho.be\/es\/wp-json\/wp\/v2\/sport?post=354998"}],"curies":[{"name":"wp","href":"https:\/\/api.w.org\/{rel}","templated":true}]}}