{"id":354951,"date":"2022-02-05T17:11:39","date_gmt":"2022-02-05T16:11:39","guid":{"rendered":"https:\/\/www.daisho.be\/produit\/bolsa-adidas-upppercut-80x32-cm\/"},"modified":"2025-02-28T15:34:51","modified_gmt":"2025-02-28T14:34:51","slug":"bolsa-adidas-upppercut-80x32-cm","status":"publish","type":"product","link":"https:\/\/www.daisho.be\/es\/produit\/bolsa-adidas-upppercut-80x32-cm\/","title":{"rendered":"Bolsa adidas Upppercut 80&#215;32 cm"},"content":{"rendered":"<p>Este saco para uppercut es ideal para entrenar los pu\u00f1etazos. La bolsa Uppercut est\u00e1 fabricada en PU3G, un material tan flexible, duradero y bello como la piel aut\u00e9ntica. La bolsa Uppercut es f\u00e1cil de colgar en ganchos met\u00e1licos. Perfecto para entrenamientos normales y flexiones de brazos, codos y rodillas. La bolsa ha sido escaneada para tu seguridad.<br \/>\nLa bolsa de uppercut es adecuada para todos y especialmente para aquellos que tambi\u00e9n quieren prestar especial atenci\u00f3n a la joroba y la rodilla.<br \/>\nVentajas:<br \/>\n&#8211; resistente y adecuada para todos<br \/>\n&#8211; PU3G<br \/>\n&#8211; escaneada para tu seguridad<br \/>\n&#8211; para casa y el gimnasio<br \/>\n&#8211; ideal para disturbios<\/p>\n","protected":false},"excerpt":{"rendered":"<p>Este saco para uppercut es ideal para entrenar los pu\u00f1etazos. La bolsa Uppercut est\u00e1 fabricada en PU3G, un material tan flexible, duradero y bello como la piel aut\u00e9ntica. La bolsa Uppercut es f\u00e1cil de colgar en ganchos met\u00e1licos. Perfecto para entrenamientos normales y flexiones de brazos, codos y rodillas. La bolsa ha sido escaneada para [&hellip;]<\/p>\n","protected":false},"featured_media":331777,"comment_status":"closed","ping_status":"closed","template":"","meta":{"inline_featured_image":false},"product_brand":[],"product_cat":[1601,1586,1585,1602,1632,1634,1630],"product_tag":[1560],"sport":[],"class_list":{"0":"post-354951","1":"product","2":"type-product","3":"status-publish","4":"has-post-thumbnail","6":"product_cat-adidas-combat-sports-es","7":"product_cat-bolsa-de-deporte-adidas","8":"product_cat-bolsas-de-deporte-adidas-combat","9":"product_cat-deportes-de-combate-es","10":"product_cat-sacos-de-boxeo-y-accesorios-de-entrenamiento","11":"product_cat-sacos-de-boxeo-y-accesorios-de-entrenamiento-es","12":"product_cat-sacos-de-boxeo-y-accesorios-de-entrenamiento-de-karate","13":"product_tag-adidas-es","14":"product_shipping_class-productos-voluminosos","15":"pa_size-sans-taille-defaut","17":"first","18":"instock","19":"taxable","20":"shipping-taxable","21":"purchasable","22":"product-type-variable"},"yoast_head":"<!-- This site is optimized with the Yoast SEO plugin v27.2 - https:\/\/yoast.com\/product\/yoast-seo-wordpress\/ -->\n<title>Bolsa adidas Upppercut 80x32 cm &#8211; Daisho<\/title>\n<meta name=\"description\" content=\"El saco de uppercut Adidas est\u00e1 especialmente dise\u00f1ado para entrenar los pu\u00f1etazos. C\u00f3mpralo en nuestra web www.daisho.be|Daisho\" \/>\n<meta name=\"robots\" content=\"index, follow, max-snippet:-1, max-image-preview:large, max-video-preview:-1\" \/>\n<link rel=\"canonical\" href=\"https:\/\/www.daisho.be\/es\/produit\/bolsa-adidas-upppercut-80x32-cm\/\" \/>\n<meta property=\"og:locale\" content=\"es_ES\" \/>\n<meta property=\"og:type\" content=\"article\" \/>\n<meta property=\"og:title\" content=\"Bolsa adidas Upppercut 80x32 cm &#8211; Daisho\" \/>\n<meta property=\"og:description\" content=\"El saco de uppercut Adidas est\u00e1 especialmente dise\u00f1ado para entrenar los pu\u00f1etazos. C\u00f3mpralo en nuestra web www.daisho.be|Daisho\" \/>\n<meta property=\"og:url\" content=\"https:\/\/www.daisho.be\/es\/produit\/bolsa-adidas-upppercut-80x32-cm\/\" \/>\n<meta property=\"og:site_name\" content=\"Daisho\" \/>\n<meta property=\"article:modified_time\" content=\"2025-02-28T14:34:51+00:00\" \/>\n<meta property=\"og:image\" content=\"https:\/\/www.daisho.be\/wp-content\/uploads\/2022\/02\/image-194.jpg\" \/>\n\t<meta property=\"og:image:width\" content=\"650\" \/>\n\t<meta property=\"og:image:height\" content=\"650\" \/>\n\t<meta property=\"og:image:type\" content=\"image\/jpeg\" \/>\n<meta name=\"twitter:card\" content=\"summary_large_image\" \/>\n<meta name=\"twitter:label1\" content=\"Tiempo de lectura\" \/>\n\t<meta name=\"twitter:data1\" content=\"1 minuto\" \/>\n<script type=\"application\/ld+json\" class=\"yoast-schema-graph\">{\"@context\":\"https:\/\/schema.org\",\"@graph\":[{\"@type\":\"WebPage\",\"@id\":\"https:\/\/www.daisho.be\/es\/produit\/bolsa-adidas-upppercut-80x32-cm\/\",\"url\":\"https:\/\/www.daisho.be\/es\/produit\/bolsa-adidas-upppercut-80x32-cm\/\",\"name\":\"Bolsa adidas Upppercut 80x32 cm &#8211; Daisho\",\"isPartOf\":{\"@id\":\"https:\/\/www.daisho.be\/es\/#website\"},\"primaryImageOfPage\":{\"@id\":\"https:\/\/www.daisho.be\/es\/produit\/bolsa-adidas-upppercut-80x32-cm\/#primaryimage\"},\"image\":{\"@id\":\"https:\/\/www.daisho.be\/es\/produit\/bolsa-adidas-upppercut-80x32-cm\/#primaryimage\"},\"thumbnailUrl\":\"https:\/\/www.daisho.be\/wp-content\/uploads\/2022\/02\/image-194.jpg\",\"datePublished\":\"2022-02-05T16:11:39+00:00\",\"dateModified\":\"2025-02-28T14:34:51+00:00\",\"description\":\"El saco de uppercut Adidas est\u00e1 especialmente dise\u00f1ado para entrenar los pu\u00f1etazos. C\u00f3mpralo en nuestra web www.daisho.be|Daisho\",\"breadcrumb\":{\"@id\":\"https:\/\/www.daisho.be\/es\/produit\/bolsa-adidas-upppercut-80x32-cm\/#breadcrumb\"},\"inLanguage\":\"es\",\"potentialAction\":[{\"@type\":\"ReadAction\",\"target\":[\"https:\/\/www.daisho.be\/es\/produit\/bolsa-adidas-upppercut-80x32-cm\/\"]}]},{\"@type\":\"ImageObject\",\"inLanguage\":\"es\",\"@id\":\"https:\/\/www.daisho.be\/es\/produit\/bolsa-adidas-upppercut-80x32-cm\/#primaryimage\",\"url\":\"https:\/\/www.daisho.be\/wp-content\/uploads\/2022\/02\/image-194.jpg\",\"contentUrl\":\"https:\/\/www.daisho.be\/wp-content\/uploads\/2022\/02\/image-194.jpg\",\"width\":650,\"height\":650,\"caption\":\"Bolsa adidas Upppercut 80x32 cm-1\"},{\"@type\":\"BreadcrumbList\",\"@id\":\"https:\/\/www.daisho.be\/es\/produit\/bolsa-adidas-upppercut-80x32-cm\/#breadcrumb\",\"itemListElement\":[{\"@type\":\"ListItem\",\"position\":1,\"name\":\"Accueil\",\"item\":\"https:\/\/www.daisho.be\/es\/\"},{\"@type\":\"ListItem\",\"position\":2,\"name\":\"Productos\",\"item\":\"https:\/\/www.daisho.be\/es\/productos\/\"},{\"@type\":\"ListItem\",\"position\":3,\"name\":\"ADIDAS COMBAT SPORTS\",\"item\":\"https:\/\/www.daisho.be\/es\/categorie-produit\/adidas-combat-sports-es\/\"},{\"@type\":\"ListItem\",\"position\":4,\"name\":\"Bolsa adidas Upppercut 80&#215;32 cm\"}]},{\"@type\":\"WebSite\",\"@id\":\"https:\/\/www.daisho.be\/es\/#website\",\"url\":\"https:\/\/www.daisho.be\/es\/\",\"name\":\"Daisho\",\"description\":\"Sp&eacute;cialiste de l'&eacute;quipement sportif d'arts martiaux\",\"publisher\":{\"@id\":\"https:\/\/www.daisho.be\/es\/#organization\"},\"potentialAction\":[{\"@type\":\"SearchAction\",\"target\":{\"@type\":\"EntryPoint\",\"urlTemplate\":\"https:\/\/www.daisho.be\/es\/?s={search_term_string}\"},\"query-input\":{\"@type\":\"PropertyValueSpecification\",\"valueRequired\":true,\"valueName\":\"search_term_string\"}}],\"inLanguage\":\"es\"},{\"@type\":\"Organization\",\"@id\":\"https:\/\/www.daisho.be\/es\/#organization\",\"name\":\"Daisho\",\"url\":\"https:\/\/www.daisho.be\/es\/\",\"logo\":{\"@type\":\"ImageObject\",\"inLanguage\":\"es\",\"@id\":\"https:\/\/www.daisho.be\/es\/#\/schema\/logo\/image\/\",\"url\":\"https:\/\/www.daisho.be\/wp-content\/uploads\/2019\/07\/color-nothing-horizontale4x-e1564486100247.png\",\"contentUrl\":\"https:\/\/www.daisho.be\/wp-content\/uploads\/2019\/07\/color-nothing-horizontale4x-e1564486100247.png\",\"width\":1547,\"height\":385,\"caption\":\"Daisho\"},\"image\":{\"@id\":\"https:\/\/www.daisho.be\/es\/#\/schema\/logo\/image\/\"}}]}<\/script>\n<!-- \/ Yoast SEO plugin. -->","yoast_head_json":{"title":"Bolsa adidas Upppercut 80x32 cm &#8211; Daisho","description":"El saco de uppercut Adidas est\u00e1 especialmente dise\u00f1ado para entrenar los pu\u00f1etazos. C\u00f3mpralo en nuestra web www.daisho.be|Daisho","robots":{"index":"index","follow":"follow","max-snippet":"max-snippet:-1","max-image-preview":"max-image-preview:large","max-video-preview":"max-video-preview:-1"},"canonical":"https:\/\/www.daisho.be\/es\/produit\/bolsa-adidas-upppercut-80x32-cm\/","og_locale":"es_ES","og_type":"article","og_title":"Bolsa adidas Upppercut 80x32 cm &#8211; Daisho","og_description":"El saco de uppercut Adidas est\u00e1 especialmente dise\u00f1ado para entrenar los pu\u00f1etazos. C\u00f3mpralo en nuestra web www.daisho.be|Daisho","og_url":"https:\/\/www.daisho.be\/es\/produit\/bolsa-adidas-upppercut-80x32-cm\/","og_site_name":"Daisho","article_modified_time":"2025-02-28T14:34:51+00:00","og_image":[{"width":650,"height":650,"url":"https:\/\/www.daisho.be\/wp-content\/uploads\/2022\/02\/image-194.jpg","type":"image\/jpeg"}],"twitter_card":"summary_large_image","twitter_misc":{"Tiempo de lectura":"1 minuto"},"schema":{"@context":"https:\/\/schema.org","@graph":[{"@type":"WebPage","@id":"https:\/\/www.daisho.be\/es\/produit\/bolsa-adidas-upppercut-80x32-cm\/","url":"https:\/\/www.daisho.be\/es\/produit\/bolsa-adidas-upppercut-80x32-cm\/","name":"Bolsa adidas Upppercut 80x32 cm &#8211; Daisho","isPartOf":{"@id":"https:\/\/www.daisho.be\/es\/#website"},"primaryImageOfPage":{"@id":"https:\/\/www.daisho.be\/es\/produit\/bolsa-adidas-upppercut-80x32-cm\/#primaryimage"},"image":{"@id":"https:\/\/www.daisho.be\/es\/produit\/bolsa-adidas-upppercut-80x32-cm\/#primaryimage"},"thumbnailUrl":"https:\/\/www.daisho.be\/wp-content\/uploads\/2022\/02\/image-194.jpg","datePublished":"2022-02-05T16:11:39+00:00","dateModified":"2025-02-28T14:34:51+00:00","description":"El saco de uppercut Adidas est\u00e1 especialmente dise\u00f1ado para entrenar los pu\u00f1etazos. C\u00f3mpralo en nuestra web www.daisho.be|Daisho","breadcrumb":{"@id":"https:\/\/www.daisho.be\/es\/produit\/bolsa-adidas-upppercut-80x32-cm\/#breadcrumb"},"inLanguage":"es","potentialAction":[{"@type":"ReadAction","target":["https:\/\/www.daisho.be\/es\/produit\/bolsa-adidas-upppercut-80x32-cm\/"]}]},{"@type":"ImageObject","inLanguage":"es","@id":"https:\/\/www.daisho.be\/es\/produit\/bolsa-adidas-upppercut-80x32-cm\/#primaryimage","url":"https:\/\/www.daisho.be\/wp-content\/uploads\/2022\/02\/image-194.jpg","contentUrl":"https:\/\/www.daisho.be\/wp-content\/uploads\/2022\/02\/image-194.jpg","width":650,"height":650,"caption":"Bolsa adidas Upppercut 80x32 cm-1"},{"@type":"BreadcrumbList","@id":"https:\/\/www.daisho.be\/es\/produit\/bolsa-adidas-upppercut-80x32-cm\/#breadcrumb","itemListElement":[{"@type":"ListItem","position":1,"name":"Accueil","item":"https:\/\/www.daisho.be\/es\/"},{"@type":"ListItem","position":2,"name":"Productos","item":"https:\/\/www.daisho.be\/es\/productos\/"},{"@type":"ListItem","position":3,"name":"ADIDAS COMBAT SPORTS","item":"https:\/\/www.daisho.be\/es\/categorie-produit\/adidas-combat-sports-es\/"},{"@type":"ListItem","position":4,"name":"Bolsa adidas Upppercut 80&#215;32 cm"}]},{"@type":"WebSite","@id":"https:\/\/www.daisho.be\/es\/#website","url":"https:\/\/www.daisho.be\/es\/","name":"Daisho","description":"Sp&eacute;cialiste de l'&eacute;quipement sportif d'arts martiaux","publisher":{"@id":"https:\/\/www.daisho.be\/es\/#organization"},"potentialAction":[{"@type":"SearchAction","target":{"@type":"EntryPoint","urlTemplate":"https:\/\/www.daisho.be\/es\/?s={search_term_string}"},"query-input":{"@type":"PropertyValueSpecification","valueRequired":true,"valueName":"search_term_string"}}],"inLanguage":"es"},{"@type":"Organization","@id":"https:\/\/www.daisho.be\/es\/#organization","name":"Daisho","url":"https:\/\/www.daisho.be\/es\/","logo":{"@type":"ImageObject","inLanguage":"es","@id":"https:\/\/www.daisho.be\/es\/#\/schema\/logo\/image\/","url":"https:\/\/www.daisho.be\/wp-content\/uploads\/2019\/07\/color-nothing-horizontale4x-e1564486100247.png","contentUrl":"https:\/\/www.daisho.be\/wp-content\/uploads\/2019\/07\/color-nothing-horizontale4x-e1564486100247.png","width":1547,"height":385,"caption":"Daisho"},"image":{"@id":"https:\/\/www.daisho.be\/es\/#\/schema\/logo\/image\/"}}]}},"_links":{"self":[{"href":"https:\/\/www.daisho.be\/es\/wp-json\/wp\/v2\/product\/354951","targetHints":{"allow":["GET"]}}],"collection":[{"href":"https:\/\/www.daisho.be\/es\/wp-json\/wp\/v2\/product"}],"about":[{"href":"https:\/\/www.daisho.be\/es\/wp-json\/wp\/v2\/types\/product"}],"replies":[{"embeddable":true,"href":"https:\/\/www.daisho.be\/es\/wp-json\/wp\/v2\/comments?post=354951"}],"wp:featuredmedia":[{"embeddable":true,"href":"https:\/\/www.daisho.be\/es\/wp-json\/wp\/v2\/media\/331777"}],"wp:attachment":[{"href":"https:\/\/www.daisho.be\/es\/wp-json\/wp\/v2\/media?parent=354951"}],"wp:term":[{"taxonomy":"product_brand","embeddable":true,"href":"https:\/\/www.daisho.be\/es\/wp-json\/wp\/v2\/product_brand?post=354951"},{"taxonomy":"product_cat","embeddable":true,"href":"https:\/\/www.daisho.be\/es\/wp-json\/wp\/v2\/product_cat?post=354951"},{"taxonomy":"product_tag","embeddable":true,"href":"https:\/\/www.daisho.be\/es\/wp-json\/wp\/v2\/product_tag?post=354951"},{"taxonomy":"sport","embeddable":true,"href":"https:\/\/www.daisho.be\/es\/wp-json\/wp\/v2\/sport?post=354951"}],"curies":[{"name":"wp","href":"https:\/\/api.w.org\/{rel}","templated":true}]}}