{"id":354772,"date":"2021-12-01T22:55:04","date_gmt":"2021-12-01T21:55:04","guid":{"rendered":"https:\/\/www.daisho.be\/produit\/guante-adidas-hybrid-75-pocket-negro-blanco\/"},"modified":"2025-03-03T14:44:46","modified_gmt":"2025-03-03T13:44:46","slug":"guante-adidas-hybrid-75-pocket-negro-blanco","status":"publish","type":"product","link":"https:\/\/www.daisho.be\/es\/produit\/guante-adidas-hybrid-75-pocket-negro-blanco\/","title":{"rendered":"Guante adidas Hybrid 75 Pocket Negro\/Blanco"},"content":{"rendered":"<p>El guante de bolsillo H\u00edbrido 75 ha sido desarrollado para el artista marcial que busca un guante de bolsillo decente.<br \/>\nEstos guantes de bolsillo H\u00edbrido tienen un acolchado perfecto para una m\u00e1xima protecci\u00f3n de las manos. El guante de bolsillo tiene un buen corte. El guante de bolsillo est\u00e1 fabricado con PU de la m\u00e1xima calidad. La malla en el interior de la palma proporciona ventilaci\u00f3n adicional y el pulgar cerrado ofrece un poco m\u00e1s de protecci\u00f3n. Estos guantes de bolsillo son adecuados tanto para principiantes como para aficionados.<br \/>\nEl guante es adecuado tanto para principiantes como para profesionales que deseen la m\u00e1xima calidad con la \u00faltima tecnolog\u00eda. Estos guantes adidas son adecuados para el entrenamiento con almohadilla y saco.<br \/>\nVentajas: &#8211;<br \/>\n&#8211; PU de m\u00e1xima calidad<br \/>\n&#8211; Acolchado firme y protector<br \/>\n&#8211; Preformado para el pu\u00f1o<br \/>\n&#8211; Absorbe los golpes para mayor comodidad<br \/>\n&#8211; Ideal para el entrenamiento con almohadilla y saco<br \/>\n&#8211; Forro de malla <\/p>\n","protected":false},"excerpt":{"rendered":"<p>El guante de bolsillo H\u00edbrido 75 ha sido desarrollado para el artista marcial que busca un guante de bolsillo decente. Estos guantes de bolsillo H\u00edbrido tienen un acolchado perfecto para una m\u00e1xima protecci\u00f3n de las manos. El guante de bolsillo tiene un buen corte. El guante de bolsillo est\u00e1 fabricado con PU de la m\u00e1xima [&hellip;]<\/p>\n","protected":false},"featured_media":331417,"comment_status":"open","ping_status":"closed","template":"","meta":{"inline_featured_image":false},"product_brand":[],"product_cat":[1691,1591],"product_tag":[1560],"sport":[],"class_list":{"0":"post-354772","1":"product","2":"type-product","3":"status-publish","4":"has-post-thumbnail","6":"product_cat-guantes-de-boxeo-adidas","7":"product_cat-protectores-adidas-kickboxing","8":"product_tag-adidas-es","9":"pa_size-l-xl-2","10":"pa_size-s-m-2","12":"first","13":"instock","14":"taxable","15":"shipping-taxable","16":"purchasable","17":"product-type-variable"},"yoast_head":"<!-- This site is optimized with the Yoast SEO plugin v27.2 - https:\/\/yoast.com\/product\/yoast-seo-wordpress\/ -->\n<title>Guante adidas Hybrid 75 Pocket Negro\/Blanco &#8211; Daisho<\/title>\n<meta name=\"description\" content=\"Descubre los guantes de bolsillo h\u00edbridos. Estos guantes proporcionan una protecci\u00f3n perfecta para tus manos. C\u00f3mpralos en nuestra web www.daisho.be|Daisho\" \/>\n<meta name=\"robots\" content=\"index, follow, max-snippet:-1, max-image-preview:large, max-video-preview:-1\" \/>\n<link rel=\"canonical\" href=\"https:\/\/www.daisho.be\/es\/produit\/guante-adidas-hybrid-75-pocket-negro-blanco\/\" \/>\n<meta property=\"og:locale\" content=\"es_ES\" \/>\n<meta property=\"og:type\" content=\"article\" \/>\n<meta property=\"og:title\" content=\"Guante adidas Hybrid 75 Pocket Negro\/Blanco &#8211; Daisho\" \/>\n<meta property=\"og:description\" content=\"Descubre los guantes de bolsillo h\u00edbridos. Estos guantes proporcionan una protecci\u00f3n perfecta para tus manos. C\u00f3mpralos en nuestra web www.daisho.be|Daisho\" \/>\n<meta property=\"og:url\" content=\"https:\/\/www.daisho.be\/es\/produit\/guante-adidas-hybrid-75-pocket-negro-blanco\/\" \/>\n<meta property=\"og:site_name\" content=\"Daisho\" \/>\n<meta property=\"article:modified_time\" content=\"2025-03-03T13:44:46+00:00\" \/>\n<meta property=\"og:image\" content=\"https:\/\/www.daisho.be\/wp-content\/uploads\/2022\/02\/image-74.jpg\" \/>\n\t<meta property=\"og:image:width\" content=\"65\" \/>\n\t<meta property=\"og:image:height\" content=\"65\" \/>\n\t<meta property=\"og:image:type\" content=\"image\/jpeg\" \/>\n<meta name=\"twitter:card\" content=\"summary_large_image\" \/>\n<meta name=\"twitter:label1\" content=\"Tiempo de lectura\" \/>\n\t<meta name=\"twitter:data1\" content=\"1 minuto\" \/>\n<script type=\"application\/ld+json\" class=\"yoast-schema-graph\">{\"@context\":\"https:\/\/schema.org\",\"@graph\":[{\"@type\":\"WebPage\",\"@id\":\"https:\/\/www.daisho.be\/es\/produit\/guante-adidas-hybrid-75-pocket-negro-blanco\/\",\"url\":\"https:\/\/www.daisho.be\/es\/produit\/guante-adidas-hybrid-75-pocket-negro-blanco\/\",\"name\":\"Guante adidas Hybrid 75 Pocket Negro\/Blanco &#8211; Daisho\",\"isPartOf\":{\"@id\":\"https:\/\/www.daisho.be\/es\/#website\"},\"primaryImageOfPage\":{\"@id\":\"https:\/\/www.daisho.be\/es\/produit\/guante-adidas-hybrid-75-pocket-negro-blanco\/#primaryimage\"},\"image\":{\"@id\":\"https:\/\/www.daisho.be\/es\/produit\/guante-adidas-hybrid-75-pocket-negro-blanco\/#primaryimage\"},\"thumbnailUrl\":\"https:\/\/www.daisho.be\/wp-content\/uploads\/2022\/02\/image-74.jpg\",\"datePublished\":\"2021-12-01T21:55:04+00:00\",\"dateModified\":\"2025-03-03T13:44:46+00:00\",\"description\":\"Descubre los guantes de bolsillo h\u00edbridos. Estos guantes proporcionan una protecci\u00f3n perfecta para tus manos. C\u00f3mpralos en nuestra web www.daisho.be|Daisho\",\"breadcrumb\":{\"@id\":\"https:\/\/www.daisho.be\/es\/produit\/guante-adidas-hybrid-75-pocket-negro-blanco\/#breadcrumb\"},\"inLanguage\":\"es\",\"potentialAction\":[{\"@type\":\"ReadAction\",\"target\":[\"https:\/\/www.daisho.be\/es\/produit\/guante-adidas-hybrid-75-pocket-negro-blanco\/\"]}]},{\"@type\":\"ImageObject\",\"inLanguage\":\"es\",\"@id\":\"https:\/\/www.daisho.be\/es\/produit\/guante-adidas-hybrid-75-pocket-negro-blanco\/#primaryimage\",\"url\":\"https:\/\/www.daisho.be\/wp-content\/uploads\/2022\/02\/image-74.jpg\",\"contentUrl\":\"https:\/\/www.daisho.be\/wp-content\/uploads\/2022\/02\/image-74.jpg\",\"width\":65,\"height\":65,\"caption\":\"Guantes adidas Hybrid 75 Pocket Negro\/Blanco-1\"},{\"@type\":\"BreadcrumbList\",\"@id\":\"https:\/\/www.daisho.be\/es\/produit\/guante-adidas-hybrid-75-pocket-negro-blanco\/#breadcrumb\",\"itemListElement\":[{\"@type\":\"ListItem\",\"position\":1,\"name\":\"Accueil\",\"item\":\"https:\/\/www.daisho.be\/es\/\"},{\"@type\":\"ListItem\",\"position\":2,\"name\":\"Productos\",\"item\":\"https:\/\/www.daisho.be\/es\/productos\/\"},{\"@type\":\"ListItem\",\"position\":3,\"name\":\"ADIDAS COMBAT SPORTS\",\"item\":\"https:\/\/www.daisho.be\/es\/categorie-produit\/adidas-combat-sports-es\/\"},{\"@type\":\"ListItem\",\"position\":4,\"name\":\"Boxeo\",\"item\":\"https:\/\/www.daisho.be\/es\/categorie-produit\/adidas-combat-sports-es\/boxeo\/\"},{\"@type\":\"ListItem\",\"position\":5,\"name\":\"Guantes de boxeo Adidas\",\"item\":\"https:\/\/www.daisho.be\/es\/categorie-produit\/adidas-combat-sports-es\/boxeo\/guantes-de-boxeo-adidas\/\"},{\"@type\":\"ListItem\",\"position\":6,\"name\":\"Guante adidas Hybrid 75 Pocket Negro\/Blanco\"}]},{\"@type\":\"WebSite\",\"@id\":\"https:\/\/www.daisho.be\/es\/#website\",\"url\":\"https:\/\/www.daisho.be\/es\/\",\"name\":\"Daisho\",\"description\":\"Sp&eacute;cialiste de l'&eacute;quipement sportif d'arts martiaux\",\"publisher\":{\"@id\":\"https:\/\/www.daisho.be\/es\/#organization\"},\"potentialAction\":[{\"@type\":\"SearchAction\",\"target\":{\"@type\":\"EntryPoint\",\"urlTemplate\":\"https:\/\/www.daisho.be\/es\/?s={search_term_string}\"},\"query-input\":{\"@type\":\"PropertyValueSpecification\",\"valueRequired\":true,\"valueName\":\"search_term_string\"}}],\"inLanguage\":\"es\"},{\"@type\":\"Organization\",\"@id\":\"https:\/\/www.daisho.be\/es\/#organization\",\"name\":\"Daisho\",\"url\":\"https:\/\/www.daisho.be\/es\/\",\"logo\":{\"@type\":\"ImageObject\",\"inLanguage\":\"es\",\"@id\":\"https:\/\/www.daisho.be\/es\/#\/schema\/logo\/image\/\",\"url\":\"https:\/\/www.daisho.be\/wp-content\/uploads\/2019\/07\/color-nothing-horizontale4x-e1564486100247.png\",\"contentUrl\":\"https:\/\/www.daisho.be\/wp-content\/uploads\/2019\/07\/color-nothing-horizontale4x-e1564486100247.png\",\"width\":1547,\"height\":385,\"caption\":\"Daisho\"},\"image\":{\"@id\":\"https:\/\/www.daisho.be\/es\/#\/schema\/logo\/image\/\"}}]}<\/script>\n<!-- \/ Yoast SEO plugin. -->","yoast_head_json":{"title":"Guante adidas Hybrid 75 Pocket Negro\/Blanco &#8211; Daisho","description":"Descubre los guantes de bolsillo h\u00edbridos. Estos guantes proporcionan una protecci\u00f3n perfecta para tus manos. C\u00f3mpralos en nuestra web www.daisho.be|Daisho","robots":{"index":"index","follow":"follow","max-snippet":"max-snippet:-1","max-image-preview":"max-image-preview:large","max-video-preview":"max-video-preview:-1"},"canonical":"https:\/\/www.daisho.be\/es\/produit\/guante-adidas-hybrid-75-pocket-negro-blanco\/","og_locale":"es_ES","og_type":"article","og_title":"Guante adidas Hybrid 75 Pocket Negro\/Blanco &#8211; Daisho","og_description":"Descubre los guantes de bolsillo h\u00edbridos. Estos guantes proporcionan una protecci\u00f3n perfecta para tus manos. C\u00f3mpralos en nuestra web www.daisho.be|Daisho","og_url":"https:\/\/www.daisho.be\/es\/produit\/guante-adidas-hybrid-75-pocket-negro-blanco\/","og_site_name":"Daisho","article_modified_time":"2025-03-03T13:44:46+00:00","og_image":[{"width":65,"height":65,"url":"https:\/\/www.daisho.be\/wp-content\/uploads\/2022\/02\/image-74.jpg","type":"image\/jpeg"}],"twitter_card":"summary_large_image","twitter_misc":{"Tiempo de lectura":"1 minuto"},"schema":{"@context":"https:\/\/schema.org","@graph":[{"@type":"WebPage","@id":"https:\/\/www.daisho.be\/es\/produit\/guante-adidas-hybrid-75-pocket-negro-blanco\/","url":"https:\/\/www.daisho.be\/es\/produit\/guante-adidas-hybrid-75-pocket-negro-blanco\/","name":"Guante adidas Hybrid 75 Pocket Negro\/Blanco &#8211; Daisho","isPartOf":{"@id":"https:\/\/www.daisho.be\/es\/#website"},"primaryImageOfPage":{"@id":"https:\/\/www.daisho.be\/es\/produit\/guante-adidas-hybrid-75-pocket-negro-blanco\/#primaryimage"},"image":{"@id":"https:\/\/www.daisho.be\/es\/produit\/guante-adidas-hybrid-75-pocket-negro-blanco\/#primaryimage"},"thumbnailUrl":"https:\/\/www.daisho.be\/wp-content\/uploads\/2022\/02\/image-74.jpg","datePublished":"2021-12-01T21:55:04+00:00","dateModified":"2025-03-03T13:44:46+00:00","description":"Descubre los guantes de bolsillo h\u00edbridos. Estos guantes proporcionan una protecci\u00f3n perfecta para tus manos. C\u00f3mpralos en nuestra web www.daisho.be|Daisho","breadcrumb":{"@id":"https:\/\/www.daisho.be\/es\/produit\/guante-adidas-hybrid-75-pocket-negro-blanco\/#breadcrumb"},"inLanguage":"es","potentialAction":[{"@type":"ReadAction","target":["https:\/\/www.daisho.be\/es\/produit\/guante-adidas-hybrid-75-pocket-negro-blanco\/"]}]},{"@type":"ImageObject","inLanguage":"es","@id":"https:\/\/www.daisho.be\/es\/produit\/guante-adidas-hybrid-75-pocket-negro-blanco\/#primaryimage","url":"https:\/\/www.daisho.be\/wp-content\/uploads\/2022\/02\/image-74.jpg","contentUrl":"https:\/\/www.daisho.be\/wp-content\/uploads\/2022\/02\/image-74.jpg","width":65,"height":65,"caption":"Guantes adidas Hybrid 75 Pocket Negro\/Blanco-1"},{"@type":"BreadcrumbList","@id":"https:\/\/www.daisho.be\/es\/produit\/guante-adidas-hybrid-75-pocket-negro-blanco\/#breadcrumb","itemListElement":[{"@type":"ListItem","position":1,"name":"Accueil","item":"https:\/\/www.daisho.be\/es\/"},{"@type":"ListItem","position":2,"name":"Productos","item":"https:\/\/www.daisho.be\/es\/productos\/"},{"@type":"ListItem","position":3,"name":"ADIDAS COMBAT SPORTS","item":"https:\/\/www.daisho.be\/es\/categorie-produit\/adidas-combat-sports-es\/"},{"@type":"ListItem","position":4,"name":"Boxeo","item":"https:\/\/www.daisho.be\/es\/categorie-produit\/adidas-combat-sports-es\/boxeo\/"},{"@type":"ListItem","position":5,"name":"Guantes de boxeo Adidas","item":"https:\/\/www.daisho.be\/es\/categorie-produit\/adidas-combat-sports-es\/boxeo\/guantes-de-boxeo-adidas\/"},{"@type":"ListItem","position":6,"name":"Guante adidas Hybrid 75 Pocket Negro\/Blanco"}]},{"@type":"WebSite","@id":"https:\/\/www.daisho.be\/es\/#website","url":"https:\/\/www.daisho.be\/es\/","name":"Daisho","description":"Sp&eacute;cialiste de l'&eacute;quipement sportif d'arts martiaux","publisher":{"@id":"https:\/\/www.daisho.be\/es\/#organization"},"potentialAction":[{"@type":"SearchAction","target":{"@type":"EntryPoint","urlTemplate":"https:\/\/www.daisho.be\/es\/?s={search_term_string}"},"query-input":{"@type":"PropertyValueSpecification","valueRequired":true,"valueName":"search_term_string"}}],"inLanguage":"es"},{"@type":"Organization","@id":"https:\/\/www.daisho.be\/es\/#organization","name":"Daisho","url":"https:\/\/www.daisho.be\/es\/","logo":{"@type":"ImageObject","inLanguage":"es","@id":"https:\/\/www.daisho.be\/es\/#\/schema\/logo\/image\/","url":"https:\/\/www.daisho.be\/wp-content\/uploads\/2019\/07\/color-nothing-horizontale4x-e1564486100247.png","contentUrl":"https:\/\/www.daisho.be\/wp-content\/uploads\/2019\/07\/color-nothing-horizontale4x-e1564486100247.png","width":1547,"height":385,"caption":"Daisho"},"image":{"@id":"https:\/\/www.daisho.be\/es\/#\/schema\/logo\/image\/"}}]}},"_links":{"self":[{"href":"https:\/\/www.daisho.be\/es\/wp-json\/wp\/v2\/product\/354772","targetHints":{"allow":["GET"]}}],"collection":[{"href":"https:\/\/www.daisho.be\/es\/wp-json\/wp\/v2\/product"}],"about":[{"href":"https:\/\/www.daisho.be\/es\/wp-json\/wp\/v2\/types\/product"}],"replies":[{"embeddable":true,"href":"https:\/\/www.daisho.be\/es\/wp-json\/wp\/v2\/comments?post=354772"}],"wp:featuredmedia":[{"embeddable":true,"href":"https:\/\/www.daisho.be\/es\/wp-json\/wp\/v2\/media\/331417"}],"wp:attachment":[{"href":"https:\/\/www.daisho.be\/es\/wp-json\/wp\/v2\/media?parent=354772"}],"wp:term":[{"taxonomy":"product_brand","embeddable":true,"href":"https:\/\/www.daisho.be\/es\/wp-json\/wp\/v2\/product_brand?post=354772"},{"taxonomy":"product_cat","embeddable":true,"href":"https:\/\/www.daisho.be\/es\/wp-json\/wp\/v2\/product_cat?post=354772"},{"taxonomy":"product_tag","embeddable":true,"href":"https:\/\/www.daisho.be\/es\/wp-json\/wp\/v2\/product_tag?post=354772"},{"taxonomy":"sport","embeddable":true,"href":"https:\/\/www.daisho.be\/es\/wp-json\/wp\/v2\/sport?post=354772"}],"curies":[{"name":"wp","href":"https:\/\/api.w.org\/{rel}","templated":true}]}}