{"id":354532,"date":"2021-08-25T23:26:59","date_gmt":"2021-08-25T21:26:59","guid":{"rendered":"https:\/\/www.daisho.be\/produit\/balon-adidas-speed\/"},"modified":"2025-03-04T10:42:21","modified_gmt":"2025-03-04T09:42:21","slug":"balon-adidas-speed","status":"publish","type":"product","link":"https:\/\/www.daisho.be\/es\/produit\/balon-adidas-speed\/","title":{"rendered":"Bal\u00f3n adidas Speed"},"content":{"rendered":"<p>Este bal\u00f3n de cuero sint\u00e9tico de adidas es ideal para entrenar la coordinaci\u00f3n, la velocidad y el tiempo de reacci\u00f3n.<br \/>\nEl speedball est\u00e1 fabricado con piel sint\u00e9tica muy resistente y duradera. El speedball es adecuado para todo el mundo.<\/p>\n<p> El speedball adidas es adecuado para todas las artes marciales Ventajas: &#8211; fabricado en PU3G &#8211; resistente y duradero &#8211; para mejorar la reacci\u00f3n &#8211; para mejorar la coordinaci\u00f3n &#8211; para mejorar tu velocidad. <\/p>\n","protected":false},"excerpt":{"rendered":"<p>Este bal\u00f3n de cuero sint\u00e9tico de adidas es ideal para entrenar la coordinaci\u00f3n, la velocidad y el tiempo de reacci\u00f3n. El speedball est\u00e1 fabricado con piel sint\u00e9tica muy resistente y duradera. El speedball es adecuado para todo el mundo. El speedball adidas es adecuado para todas las artes marciales Ventajas: &#8211; fabricado en PU3G &#8211; [&hellip;]<\/p>\n","protected":false},"featured_media":441943,"comment_status":"open","ping_status":"closed","template":"","meta":{"inline_featured_image":false},"product_brand":[],"product_cat":[1324,1325,1321,1634],"product_tag":[1560],"sport":[],"class_list":{"0":"post-354532","1":"product","2":"type-product","3":"status-publish","4":"has-post-thumbnail","6":"product_cat-equipo-de-entrenamiento-de-muay-thai","7":"product_cat-sacos-de-boxeo-es","8":"product_cat-sacos-de-boxeo","9":"product_cat-sacos-de-boxeo-y-accesorios-de-entrenamiento-es","10":"product_tag-adidas-es","11":"pa_size-sans-taille","13":"first","14":"instock","15":"taxable","16":"shipping-taxable","17":"purchasable","18":"product-type-simple"},"yoast_head":"<!-- This site is optimized with the Yoast SEO plugin v27.2 - https:\/\/yoast.com\/product\/yoast-seo-wordpress\/ -->\n<title>Bal\u00f3n adidas Speed &#8211; Daisho<\/title>\n<meta name=\"description\" content=\"La pelota de velocidad est\u00e1 especialmente dise\u00f1ada para mejorar el tiempo de reacci\u00f3n y la velocidad. C\u00f3mpralo en www.daisho.be|Daisho\" \/>\n<meta name=\"robots\" content=\"index, follow, max-snippet:-1, max-image-preview:large, max-video-preview:-1\" \/>\n<link rel=\"canonical\" href=\"https:\/\/www.daisho.be\/es\/produit\/balon-adidas-speed\/\" \/>\n<meta property=\"og:locale\" content=\"es_ES\" \/>\n<meta property=\"og:type\" content=\"article\" \/>\n<meta property=\"og:title\" content=\"Bal\u00f3n adidas Speed &#8211; Daisho\" \/>\n<meta property=\"og:description\" content=\"La pelota de velocidad est\u00e1 especialmente dise\u00f1ada para mejorar el tiempo de reacci\u00f3n y la velocidad. C\u00f3mpralo en www.daisho.be|Daisho\" \/>\n<meta property=\"og:url\" content=\"https:\/\/www.daisho.be\/es\/produit\/balon-adidas-speed\/\" \/>\n<meta property=\"og:site_name\" content=\"Daisho\" \/>\n<meta property=\"article:modified_time\" content=\"2025-03-04T09:42:21+00:00\" \/>\n<meta property=\"og:image\" content=\"https:\/\/www.daisho.be\/wp-content\/uploads\/2024\/10\/image-29.jpg\" \/>\n\t<meta property=\"og:image:width\" content=\"650\" \/>\n\t<meta property=\"og:image:height\" content=\"650\" \/>\n\t<meta property=\"og:image:type\" content=\"image\/jpeg\" \/>\n<meta name=\"twitter:card\" content=\"summary_large_image\" \/>\n<script type=\"application\/ld+json\" class=\"yoast-schema-graph\">{\"@context\":\"https:\/\/schema.org\",\"@graph\":[{\"@type\":\"WebPage\",\"@id\":\"https:\/\/www.daisho.be\/es\/produit\/balon-adidas-speed\/\",\"url\":\"https:\/\/www.daisho.be\/es\/produit\/balon-adidas-speed\/\",\"name\":\"Bal\u00f3n adidas Speed &#8211; Daisho\",\"isPartOf\":{\"@id\":\"https:\/\/www.daisho.be\/es\/#website\"},\"primaryImageOfPage\":{\"@id\":\"https:\/\/www.daisho.be\/es\/produit\/balon-adidas-speed\/#primaryimage\"},\"image\":{\"@id\":\"https:\/\/www.daisho.be\/es\/produit\/balon-adidas-speed\/#primaryimage\"},\"thumbnailUrl\":\"https:\/\/www.daisho.be\/wp-content\/uploads\/2024\/10\/image-29.jpg\",\"datePublished\":\"2021-08-25T21:26:59+00:00\",\"dateModified\":\"2025-03-04T09:42:21+00:00\",\"description\":\"La pelota de velocidad est\u00e1 especialmente dise\u00f1ada para mejorar el tiempo de reacci\u00f3n y la velocidad. C\u00f3mpralo en www.daisho.be|Daisho\",\"breadcrumb\":{\"@id\":\"https:\/\/www.daisho.be\/es\/produit\/balon-adidas-speed\/#breadcrumb\"},\"inLanguage\":\"es\",\"potentialAction\":[{\"@type\":\"ReadAction\",\"target\":[\"https:\/\/www.daisho.be\/es\/produit\/balon-adidas-speed\/\"]}]},{\"@type\":\"ImageObject\",\"inLanguage\":\"es\",\"@id\":\"https:\/\/www.daisho.be\/es\/produit\/balon-adidas-speed\/#primaryimage\",\"url\":\"https:\/\/www.daisho.be\/wp-content\/uploads\/2024\/10\/image-29.jpg\",\"contentUrl\":\"https:\/\/www.daisho.be\/wp-content\/uploads\/2024\/10\/image-29.jpg\",\"width\":650,\"height\":650,\"caption\":\"Bal\u00f3n adidas Speed Ball -1\"},{\"@type\":\"BreadcrumbList\",\"@id\":\"https:\/\/www.daisho.be\/es\/produit\/balon-adidas-speed\/#breadcrumb\",\"itemListElement\":[{\"@type\":\"ListItem\",\"position\":1,\"name\":\"Accueil\",\"item\":\"https:\/\/www.daisho.be\/es\/\"},{\"@type\":\"ListItem\",\"position\":2,\"name\":\"Productos\",\"item\":\"https:\/\/www.daisho.be\/es\/productos\/\"},{\"@type\":\"ListItem\",\"position\":3,\"name\":\"Equipamiento y ropa para artes marciales y deportes de combate\",\"item\":\"https:\/\/www.daisho.be\/es\/categorie-produit\/equipamiento-y-ropa-para-artes-marciales-y-deportes-de-combate\/\"},{\"@type\":\"ListItem\",\"position\":4,\"name\":\"Muay tailand\u00e9s\",\"item\":\"https:\/\/www.daisho.be\/es\/categorie-produit\/equipamiento-y-ropa-para-artes-marciales-y-deportes-de-combate\/muay-tailandes\/\"},{\"@type\":\"ListItem\",\"position\":5,\"name\":\"Equipo de entrenamiento de Muay Thai\",\"item\":\"https:\/\/www.daisho.be\/es\/categorie-produit\/equipamiento-y-ropa-para-artes-marciales-y-deportes-de-combate\/muay-tailandes\/equipo-de-entrenamiento-de-muay-thai\/\"},{\"@type\":\"ListItem\",\"position\":6,\"name\":\"Bal\u00f3n adidas Speed\"}]},{\"@type\":\"WebSite\",\"@id\":\"https:\/\/www.daisho.be\/es\/#website\",\"url\":\"https:\/\/www.daisho.be\/es\/\",\"name\":\"Daisho\",\"description\":\"Sp&eacute;cialiste de l'&eacute;quipement sportif d'arts martiaux\",\"publisher\":{\"@id\":\"https:\/\/www.daisho.be\/es\/#organization\"},\"potentialAction\":[{\"@type\":\"SearchAction\",\"target\":{\"@type\":\"EntryPoint\",\"urlTemplate\":\"https:\/\/www.daisho.be\/es\/?s={search_term_string}\"},\"query-input\":{\"@type\":\"PropertyValueSpecification\",\"valueRequired\":true,\"valueName\":\"search_term_string\"}}],\"inLanguage\":\"es\"},{\"@type\":\"Organization\",\"@id\":\"https:\/\/www.daisho.be\/es\/#organization\",\"name\":\"Daisho\",\"url\":\"https:\/\/www.daisho.be\/es\/\",\"logo\":{\"@type\":\"ImageObject\",\"inLanguage\":\"es\",\"@id\":\"https:\/\/www.daisho.be\/es\/#\/schema\/logo\/image\/\",\"url\":\"https:\/\/www.daisho.be\/wp-content\/uploads\/2019\/07\/color-nothing-horizontale4x-e1564486100247.png\",\"contentUrl\":\"https:\/\/www.daisho.be\/wp-content\/uploads\/2019\/07\/color-nothing-horizontale4x-e1564486100247.png\",\"width\":1547,\"height\":385,\"caption\":\"Daisho\"},\"image\":{\"@id\":\"https:\/\/www.daisho.be\/es\/#\/schema\/logo\/image\/\"}}]}<\/script>\n<!-- \/ Yoast SEO plugin. -->","yoast_head_json":{"title":"Bal\u00f3n adidas Speed &#8211; Daisho","description":"La pelota de velocidad est\u00e1 especialmente dise\u00f1ada para mejorar el tiempo de reacci\u00f3n y la velocidad. C\u00f3mpralo en www.daisho.be|Daisho","robots":{"index":"index","follow":"follow","max-snippet":"max-snippet:-1","max-image-preview":"max-image-preview:large","max-video-preview":"max-video-preview:-1"},"canonical":"https:\/\/www.daisho.be\/es\/produit\/balon-adidas-speed\/","og_locale":"es_ES","og_type":"article","og_title":"Bal\u00f3n adidas Speed &#8211; Daisho","og_description":"La pelota de velocidad est\u00e1 especialmente dise\u00f1ada para mejorar el tiempo de reacci\u00f3n y la velocidad. C\u00f3mpralo en www.daisho.be|Daisho","og_url":"https:\/\/www.daisho.be\/es\/produit\/balon-adidas-speed\/","og_site_name":"Daisho","article_modified_time":"2025-03-04T09:42:21+00:00","og_image":[{"width":650,"height":650,"url":"https:\/\/www.daisho.be\/wp-content\/uploads\/2024\/10\/image-29.jpg","type":"image\/jpeg"}],"twitter_card":"summary_large_image","schema":{"@context":"https:\/\/schema.org","@graph":[{"@type":"WebPage","@id":"https:\/\/www.daisho.be\/es\/produit\/balon-adidas-speed\/","url":"https:\/\/www.daisho.be\/es\/produit\/balon-adidas-speed\/","name":"Bal\u00f3n adidas Speed &#8211; Daisho","isPartOf":{"@id":"https:\/\/www.daisho.be\/es\/#website"},"primaryImageOfPage":{"@id":"https:\/\/www.daisho.be\/es\/produit\/balon-adidas-speed\/#primaryimage"},"image":{"@id":"https:\/\/www.daisho.be\/es\/produit\/balon-adidas-speed\/#primaryimage"},"thumbnailUrl":"https:\/\/www.daisho.be\/wp-content\/uploads\/2024\/10\/image-29.jpg","datePublished":"2021-08-25T21:26:59+00:00","dateModified":"2025-03-04T09:42:21+00:00","description":"La pelota de velocidad est\u00e1 especialmente dise\u00f1ada para mejorar el tiempo de reacci\u00f3n y la velocidad. C\u00f3mpralo en www.daisho.be|Daisho","breadcrumb":{"@id":"https:\/\/www.daisho.be\/es\/produit\/balon-adidas-speed\/#breadcrumb"},"inLanguage":"es","potentialAction":[{"@type":"ReadAction","target":["https:\/\/www.daisho.be\/es\/produit\/balon-adidas-speed\/"]}]},{"@type":"ImageObject","inLanguage":"es","@id":"https:\/\/www.daisho.be\/es\/produit\/balon-adidas-speed\/#primaryimage","url":"https:\/\/www.daisho.be\/wp-content\/uploads\/2024\/10\/image-29.jpg","contentUrl":"https:\/\/www.daisho.be\/wp-content\/uploads\/2024\/10\/image-29.jpg","width":650,"height":650,"caption":"Bal\u00f3n adidas Speed Ball -1"},{"@type":"BreadcrumbList","@id":"https:\/\/www.daisho.be\/es\/produit\/balon-adidas-speed\/#breadcrumb","itemListElement":[{"@type":"ListItem","position":1,"name":"Accueil","item":"https:\/\/www.daisho.be\/es\/"},{"@type":"ListItem","position":2,"name":"Productos","item":"https:\/\/www.daisho.be\/es\/productos\/"},{"@type":"ListItem","position":3,"name":"Equipamiento y ropa para artes marciales y deportes de combate","item":"https:\/\/www.daisho.be\/es\/categorie-produit\/equipamiento-y-ropa-para-artes-marciales-y-deportes-de-combate\/"},{"@type":"ListItem","position":4,"name":"Muay tailand\u00e9s","item":"https:\/\/www.daisho.be\/es\/categorie-produit\/equipamiento-y-ropa-para-artes-marciales-y-deportes-de-combate\/muay-tailandes\/"},{"@type":"ListItem","position":5,"name":"Equipo de entrenamiento de Muay Thai","item":"https:\/\/www.daisho.be\/es\/categorie-produit\/equipamiento-y-ropa-para-artes-marciales-y-deportes-de-combate\/muay-tailandes\/equipo-de-entrenamiento-de-muay-thai\/"},{"@type":"ListItem","position":6,"name":"Bal\u00f3n adidas Speed"}]},{"@type":"WebSite","@id":"https:\/\/www.daisho.be\/es\/#website","url":"https:\/\/www.daisho.be\/es\/","name":"Daisho","description":"Sp&eacute;cialiste de l'&eacute;quipement sportif d'arts martiaux","publisher":{"@id":"https:\/\/www.daisho.be\/es\/#organization"},"potentialAction":[{"@type":"SearchAction","target":{"@type":"EntryPoint","urlTemplate":"https:\/\/www.daisho.be\/es\/?s={search_term_string}"},"query-input":{"@type":"PropertyValueSpecification","valueRequired":true,"valueName":"search_term_string"}}],"inLanguage":"es"},{"@type":"Organization","@id":"https:\/\/www.daisho.be\/es\/#organization","name":"Daisho","url":"https:\/\/www.daisho.be\/es\/","logo":{"@type":"ImageObject","inLanguage":"es","@id":"https:\/\/www.daisho.be\/es\/#\/schema\/logo\/image\/","url":"https:\/\/www.daisho.be\/wp-content\/uploads\/2019\/07\/color-nothing-horizontale4x-e1564486100247.png","contentUrl":"https:\/\/www.daisho.be\/wp-content\/uploads\/2019\/07\/color-nothing-horizontale4x-e1564486100247.png","width":1547,"height":385,"caption":"Daisho"},"image":{"@id":"https:\/\/www.daisho.be\/es\/#\/schema\/logo\/image\/"}}]}},"_links":{"self":[{"href":"https:\/\/www.daisho.be\/es\/wp-json\/wp\/v2\/product\/354532","targetHints":{"allow":["GET"]}}],"collection":[{"href":"https:\/\/www.daisho.be\/es\/wp-json\/wp\/v2\/product"}],"about":[{"href":"https:\/\/www.daisho.be\/es\/wp-json\/wp\/v2\/types\/product"}],"replies":[{"embeddable":true,"href":"https:\/\/www.daisho.be\/es\/wp-json\/wp\/v2\/comments?post=354532"}],"wp:featuredmedia":[{"embeddable":true,"href":"https:\/\/www.daisho.be\/es\/wp-json\/wp\/v2\/media\/441943"}],"wp:attachment":[{"href":"https:\/\/www.daisho.be\/es\/wp-json\/wp\/v2\/media?parent=354532"}],"wp:term":[{"taxonomy":"product_brand","embeddable":true,"href":"https:\/\/www.daisho.be\/es\/wp-json\/wp\/v2\/product_brand?post=354532"},{"taxonomy":"product_cat","embeddable":true,"href":"https:\/\/www.daisho.be\/es\/wp-json\/wp\/v2\/product_cat?post=354532"},{"taxonomy":"product_tag","embeddable":true,"href":"https:\/\/www.daisho.be\/es\/wp-json\/wp\/v2\/product_tag?post=354532"},{"taxonomy":"sport","embeddable":true,"href":"https:\/\/www.daisho.be\/es\/wp-json\/wp\/v2\/sport?post=354532"}],"curies":[{"name":"wp","href":"https:\/\/api.w.org\/{rel}","templated":true}]}}