{"id":354472,"date":"2021-08-01T13:44:20","date_gmt":"2021-08-01T11:44:20","guid":{"rendered":"https:\/\/www.daisho.be\/produit\/camiseta-adidas-comunidad-taekwondo-negro\/"},"modified":"2025-10-09T14:10:56","modified_gmt":"2025-10-09T12:10:56","slug":"camiseta-adidas-comunidad-taekwondo-negro","status":"publish","type":"product","link":"https:\/\/www.daisho.be\/es\/produit\/camiseta-adidas-comunidad-taekwondo-negro\/","title":{"rendered":"Camiseta adidas Comunidad TaekWondo Negro"},"content":{"rendered":"<p>La marca adidas es, por supuesto, un nombre familiar. Son l\u00edderes del mercado en muchos deportes y tambi\u00e9n se han sumergido en las artes marciales con total dedicaci\u00f3n.<br \/>\nProductos fabricados y desarrollados con mucho saber hacer profesional. Piensa en los campeones del mundo en muchas disciplinas diferentes de artes marciales.<x id=\"gid_1\"><\/x>Camiseta Adidas \u00fanica fabricada con algod\u00f3n 100%. La camiseta tiene un bonito corte entallado, para que se ajuste perfectamente al cuerpo.<x id=\"gid_2\"><\/x>Se puede utilizar tanto para hacer deporte como para vestir informal. En la parte delantera aparece el logotipo de adidas con el texto \u00abTaekwondo\u00bb y \u00abSpeed Wins\u00bb.<br \/>\nLa camiseta adidas es de primera calidad, como cabe esperar de adidas.<br \/>\nVentajas:<br \/>\n&#8211; dise\u00f1o \u00fanico<br \/>\n&#8211; 100% algod\u00f3n<br \/>\n&#8211; resistente y duradera<br \/>\n&#8211; corte entallado   <\/p>\n","protected":false},"excerpt":{"rendered":"<p>La marca adidas es, por supuesto, un nombre familiar. Son l\u00edderes del mercado en muchos deportes y tambi\u00e9n se han sumergido en las artes marciales con total dedicaci\u00f3n. Productos fabricados y desarrollados con mucho saber hacer profesional. Piensa en los campeones del mundo en muchas disciplinas diferentes de artes marciales.Camiseta Adidas \u00fanica fabricada con algod\u00f3n [&hellip;]<\/p>\n","protected":false},"featured_media":340194,"comment_status":"closed","ping_status":"closed","template":"","meta":{"inline_featured_image":false},"product_brand":[],"product_cat":[1459,1388,1732],"product_tag":[1560],"sport":[],"class_list":{"0":"post-354472","1":"product","2":"type-product","3":"status-publish","4":"has-post-thumbnail","6":"product_cat-material-de-entrenamiento-de-taekwondo","7":"product_cat-ropa","8":"product_cat-ropa-de-taekwondo-adidas","9":"product_tag-adidas-es","10":"pa_size-xl","12":"first","13":"instock","14":"taxable","15":"shipping-taxable","16":"purchasable","17":"product-type-variable"},"yoast_head":"<!-- This site is optimized with the Yoast SEO plugin v27.2 - https:\/\/yoast.com\/product\/yoast-seo-wordpress\/ -->\n<title>Camiseta adidas Comunidad TaekWondo Negro &#8211; Daisho<\/title>\n<meta name=\"description\" content=\"La camiseta Adidas Taekwondo combina comodidad y estilo para tus salidas diarias. C\u00f3mprala en www.daisho.be|Daisho\" \/>\n<meta name=\"robots\" content=\"index, follow, max-snippet:-1, max-image-preview:large, max-video-preview:-1\" \/>\n<link rel=\"canonical\" href=\"https:\/\/www.daisho.be\/es\/produit\/camiseta-adidas-comunidad-taekwondo-negro\/\" \/>\n<meta property=\"og:locale\" content=\"es_ES\" \/>\n<meta property=\"og:type\" content=\"article\" \/>\n<meta property=\"og:title\" content=\"Camiseta adidas Comunidad TaekWondo Negro &#8211; Daisho\" \/>\n<meta property=\"og:description\" content=\"La camiseta Adidas Taekwondo combina comodidad y estilo para tus salidas diarias. C\u00f3mprala en www.daisho.be|Daisho\" \/>\n<meta property=\"og:url\" content=\"https:\/\/www.daisho.be\/es\/produit\/camiseta-adidas-comunidad-taekwondo-negro\/\" \/>\n<meta property=\"og:site_name\" content=\"Daisho\" \/>\n<meta property=\"article:modified_time\" content=\"2025-10-09T12:10:56+00:00\" \/>\n<meta property=\"og:image\" content=\"https:\/\/www.daisho.be\/wp-content\/uploads\/2024\/01\/image-8.jpg\" \/>\n\t<meta property=\"og:image:width\" content=\"650\" \/>\n\t<meta property=\"og:image:height\" content=\"650\" \/>\n\t<meta property=\"og:image:type\" content=\"image\/jpeg\" \/>\n<meta name=\"twitter:card\" content=\"summary_large_image\" \/>\n<meta name=\"twitter:label1\" content=\"Tiempo de lectura\" \/>\n\t<meta name=\"twitter:data1\" content=\"1 minuto\" \/>\n<script type=\"application\/ld+json\" class=\"yoast-schema-graph\">{\"@context\":\"https:\/\/schema.org\",\"@graph\":[{\"@type\":\"WebPage\",\"@id\":\"https:\/\/www.daisho.be\/es\/produit\/camiseta-adidas-comunidad-taekwondo-negro\/\",\"url\":\"https:\/\/www.daisho.be\/es\/produit\/camiseta-adidas-comunidad-taekwondo-negro\/\",\"name\":\"Camiseta adidas Comunidad TaekWondo Negro &#8211; Daisho\",\"isPartOf\":{\"@id\":\"https:\/\/www.daisho.be\/es\/#website\"},\"primaryImageOfPage\":{\"@id\":\"https:\/\/www.daisho.be\/es\/produit\/camiseta-adidas-comunidad-taekwondo-negro\/#primaryimage\"},\"image\":{\"@id\":\"https:\/\/www.daisho.be\/es\/produit\/camiseta-adidas-comunidad-taekwondo-negro\/#primaryimage\"},\"thumbnailUrl\":\"https:\/\/www.daisho.be\/wp-content\/uploads\/2024\/01\/image-8.jpg\",\"datePublished\":\"2021-08-01T11:44:20+00:00\",\"dateModified\":\"2025-10-09T12:10:56+00:00\",\"description\":\"La camiseta Adidas Taekwondo combina comodidad y estilo para tus salidas diarias. C\u00f3mprala en www.daisho.be|Daisho\",\"breadcrumb\":{\"@id\":\"https:\/\/www.daisho.be\/es\/produit\/camiseta-adidas-comunidad-taekwondo-negro\/#breadcrumb\"},\"inLanguage\":\"es\",\"potentialAction\":[{\"@type\":\"ReadAction\",\"target\":[\"https:\/\/www.daisho.be\/es\/produit\/camiseta-adidas-comunidad-taekwondo-negro\/\"]}]},{\"@type\":\"ImageObject\",\"inLanguage\":\"es\",\"@id\":\"https:\/\/www.daisho.be\/es\/produit\/camiseta-adidas-comunidad-taekwondo-negro\/#primaryimage\",\"url\":\"https:\/\/www.daisho.be\/wp-content\/uploads\/2024\/01\/image-8.jpg\",\"contentUrl\":\"https:\/\/www.daisho.be\/wp-content\/uploads\/2024\/01\/image-8.jpg\",\"width\":650,\"height\":650,\"caption\":\"Camiseta adidas Comunidad TaekWondo Negro-1\"},{\"@type\":\"BreadcrumbList\",\"@id\":\"https:\/\/www.daisho.be\/es\/produit\/camiseta-adidas-comunidad-taekwondo-negro\/#breadcrumb\",\"itemListElement\":[{\"@type\":\"ListItem\",\"position\":1,\"name\":\"Accueil\",\"item\":\"https:\/\/www.daisho.be\/es\/\"},{\"@type\":\"ListItem\",\"position\":2,\"name\":\"Productos\",\"item\":\"https:\/\/www.daisho.be\/es\/productos\/\"},{\"@type\":\"ListItem\",\"position\":3,\"name\":\"Equipamiento y ropa para artes marciales y deportes de combate\",\"item\":\"https:\/\/www.daisho.be\/es\/categorie-produit\/equipamiento-y-ropa-para-artes-marciales-y-deportes-de-combate\/\"},{\"@type\":\"ListItem\",\"position\":4,\"name\":\"Taekwondo\",\"item\":\"https:\/\/www.daisho.be\/es\/categorie-produit\/equipamiento-y-ropa-para-artes-marciales-y-deportes-de-combate\/taekwondo-es\/\"},{\"@type\":\"ListItem\",\"position\":5,\"name\":\"Material de entrenamiento de taekwondo\",\"item\":\"https:\/\/www.daisho.be\/es\/categorie-produit\/equipamiento-y-ropa-para-artes-marciales-y-deportes-de-combate\/taekwondo-es\/material-de-entrenamiento-de-taekwondo\/\"},{\"@type\":\"ListItem\",\"position\":6,\"name\":\"Camiseta adidas Comunidad TaekWondo Negro\"}]},{\"@type\":\"WebSite\",\"@id\":\"https:\/\/www.daisho.be\/es\/#website\",\"url\":\"https:\/\/www.daisho.be\/es\/\",\"name\":\"Daisho\",\"description\":\"Sp&eacute;cialiste de l'&eacute;quipement sportif d'arts martiaux\",\"publisher\":{\"@id\":\"https:\/\/www.daisho.be\/es\/#organization\"},\"potentialAction\":[{\"@type\":\"SearchAction\",\"target\":{\"@type\":\"EntryPoint\",\"urlTemplate\":\"https:\/\/www.daisho.be\/es\/?s={search_term_string}\"},\"query-input\":{\"@type\":\"PropertyValueSpecification\",\"valueRequired\":true,\"valueName\":\"search_term_string\"}}],\"inLanguage\":\"es\"},{\"@type\":\"Organization\",\"@id\":\"https:\/\/www.daisho.be\/es\/#organization\",\"name\":\"Daisho\",\"url\":\"https:\/\/www.daisho.be\/es\/\",\"logo\":{\"@type\":\"ImageObject\",\"inLanguage\":\"es\",\"@id\":\"https:\/\/www.daisho.be\/es\/#\/schema\/logo\/image\/\",\"url\":\"https:\/\/www.daisho.be\/wp-content\/uploads\/2019\/07\/color-nothing-horizontale4x-e1564486100247.png\",\"contentUrl\":\"https:\/\/www.daisho.be\/wp-content\/uploads\/2019\/07\/color-nothing-horizontale4x-e1564486100247.png\",\"width\":1547,\"height\":385,\"caption\":\"Daisho\"},\"image\":{\"@id\":\"https:\/\/www.daisho.be\/es\/#\/schema\/logo\/image\/\"}}]}<\/script>\n<!-- \/ Yoast SEO plugin. -->","yoast_head_json":{"title":"Camiseta adidas Comunidad TaekWondo Negro &#8211; Daisho","description":"La camiseta Adidas Taekwondo combina comodidad y estilo para tus salidas diarias. C\u00f3mprala en www.daisho.be|Daisho","robots":{"index":"index","follow":"follow","max-snippet":"max-snippet:-1","max-image-preview":"max-image-preview:large","max-video-preview":"max-video-preview:-1"},"canonical":"https:\/\/www.daisho.be\/es\/produit\/camiseta-adidas-comunidad-taekwondo-negro\/","og_locale":"es_ES","og_type":"article","og_title":"Camiseta adidas Comunidad TaekWondo Negro &#8211; Daisho","og_description":"La camiseta Adidas Taekwondo combina comodidad y estilo para tus salidas diarias. C\u00f3mprala en www.daisho.be|Daisho","og_url":"https:\/\/www.daisho.be\/es\/produit\/camiseta-adidas-comunidad-taekwondo-negro\/","og_site_name":"Daisho","article_modified_time":"2025-10-09T12:10:56+00:00","og_image":[{"width":650,"height":650,"url":"https:\/\/www.daisho.be\/wp-content\/uploads\/2024\/01\/image-8.jpg","type":"image\/jpeg"}],"twitter_card":"summary_large_image","twitter_misc":{"Tiempo de lectura":"1 minuto"},"schema":{"@context":"https:\/\/schema.org","@graph":[{"@type":"WebPage","@id":"https:\/\/www.daisho.be\/es\/produit\/camiseta-adidas-comunidad-taekwondo-negro\/","url":"https:\/\/www.daisho.be\/es\/produit\/camiseta-adidas-comunidad-taekwondo-negro\/","name":"Camiseta adidas Comunidad TaekWondo Negro &#8211; Daisho","isPartOf":{"@id":"https:\/\/www.daisho.be\/es\/#website"},"primaryImageOfPage":{"@id":"https:\/\/www.daisho.be\/es\/produit\/camiseta-adidas-comunidad-taekwondo-negro\/#primaryimage"},"image":{"@id":"https:\/\/www.daisho.be\/es\/produit\/camiseta-adidas-comunidad-taekwondo-negro\/#primaryimage"},"thumbnailUrl":"https:\/\/www.daisho.be\/wp-content\/uploads\/2024\/01\/image-8.jpg","datePublished":"2021-08-01T11:44:20+00:00","dateModified":"2025-10-09T12:10:56+00:00","description":"La camiseta Adidas Taekwondo combina comodidad y estilo para tus salidas diarias. C\u00f3mprala en www.daisho.be|Daisho","breadcrumb":{"@id":"https:\/\/www.daisho.be\/es\/produit\/camiseta-adidas-comunidad-taekwondo-negro\/#breadcrumb"},"inLanguage":"es","potentialAction":[{"@type":"ReadAction","target":["https:\/\/www.daisho.be\/es\/produit\/camiseta-adidas-comunidad-taekwondo-negro\/"]}]},{"@type":"ImageObject","inLanguage":"es","@id":"https:\/\/www.daisho.be\/es\/produit\/camiseta-adidas-comunidad-taekwondo-negro\/#primaryimage","url":"https:\/\/www.daisho.be\/wp-content\/uploads\/2024\/01\/image-8.jpg","contentUrl":"https:\/\/www.daisho.be\/wp-content\/uploads\/2024\/01\/image-8.jpg","width":650,"height":650,"caption":"Camiseta adidas Comunidad TaekWondo Negro-1"},{"@type":"BreadcrumbList","@id":"https:\/\/www.daisho.be\/es\/produit\/camiseta-adidas-comunidad-taekwondo-negro\/#breadcrumb","itemListElement":[{"@type":"ListItem","position":1,"name":"Accueil","item":"https:\/\/www.daisho.be\/es\/"},{"@type":"ListItem","position":2,"name":"Productos","item":"https:\/\/www.daisho.be\/es\/productos\/"},{"@type":"ListItem","position":3,"name":"Equipamiento y ropa para artes marciales y deportes de combate","item":"https:\/\/www.daisho.be\/es\/categorie-produit\/equipamiento-y-ropa-para-artes-marciales-y-deportes-de-combate\/"},{"@type":"ListItem","position":4,"name":"Taekwondo","item":"https:\/\/www.daisho.be\/es\/categorie-produit\/equipamiento-y-ropa-para-artes-marciales-y-deportes-de-combate\/taekwondo-es\/"},{"@type":"ListItem","position":5,"name":"Material de entrenamiento de taekwondo","item":"https:\/\/www.daisho.be\/es\/categorie-produit\/equipamiento-y-ropa-para-artes-marciales-y-deportes-de-combate\/taekwondo-es\/material-de-entrenamiento-de-taekwondo\/"},{"@type":"ListItem","position":6,"name":"Camiseta adidas Comunidad TaekWondo Negro"}]},{"@type":"WebSite","@id":"https:\/\/www.daisho.be\/es\/#website","url":"https:\/\/www.daisho.be\/es\/","name":"Daisho","description":"Sp&eacute;cialiste de l'&eacute;quipement sportif d'arts martiaux","publisher":{"@id":"https:\/\/www.daisho.be\/es\/#organization"},"potentialAction":[{"@type":"SearchAction","target":{"@type":"EntryPoint","urlTemplate":"https:\/\/www.daisho.be\/es\/?s={search_term_string}"},"query-input":{"@type":"PropertyValueSpecification","valueRequired":true,"valueName":"search_term_string"}}],"inLanguage":"es"},{"@type":"Organization","@id":"https:\/\/www.daisho.be\/es\/#organization","name":"Daisho","url":"https:\/\/www.daisho.be\/es\/","logo":{"@type":"ImageObject","inLanguage":"es","@id":"https:\/\/www.daisho.be\/es\/#\/schema\/logo\/image\/","url":"https:\/\/www.daisho.be\/wp-content\/uploads\/2019\/07\/color-nothing-horizontale4x-e1564486100247.png","contentUrl":"https:\/\/www.daisho.be\/wp-content\/uploads\/2019\/07\/color-nothing-horizontale4x-e1564486100247.png","width":1547,"height":385,"caption":"Daisho"},"image":{"@id":"https:\/\/www.daisho.be\/es\/#\/schema\/logo\/image\/"}}]}},"_links":{"self":[{"href":"https:\/\/www.daisho.be\/es\/wp-json\/wp\/v2\/product\/354472","targetHints":{"allow":["GET"]}}],"collection":[{"href":"https:\/\/www.daisho.be\/es\/wp-json\/wp\/v2\/product"}],"about":[{"href":"https:\/\/www.daisho.be\/es\/wp-json\/wp\/v2\/types\/product"}],"replies":[{"embeddable":true,"href":"https:\/\/www.daisho.be\/es\/wp-json\/wp\/v2\/comments?post=354472"}],"wp:featuredmedia":[{"embeddable":true,"href":"https:\/\/www.daisho.be\/es\/wp-json\/wp\/v2\/media\/340194"}],"wp:attachment":[{"href":"https:\/\/www.daisho.be\/es\/wp-json\/wp\/v2\/media?parent=354472"}],"wp:term":[{"taxonomy":"product_brand","embeddable":true,"href":"https:\/\/www.daisho.be\/es\/wp-json\/wp\/v2\/product_brand?post=354472"},{"taxonomy":"product_cat","embeddable":true,"href":"https:\/\/www.daisho.be\/es\/wp-json\/wp\/v2\/product_cat?post=354472"},{"taxonomy":"product_tag","embeddable":true,"href":"https:\/\/www.daisho.be\/es\/wp-json\/wp\/v2\/product_tag?post=354472"},{"taxonomy":"sport","embeddable":true,"href":"https:\/\/www.daisho.be\/es\/wp-json\/wp\/v2\/sport?post=354472"}],"curies":[{"name":"wp","href":"https:\/\/api.w.org\/{rel}","templated":true}]}}