{"id":354096,"date":"2021-07-22T13:56:35","date_gmt":"2021-07-22T11:56:35","guid":{"rendered":"https:\/\/www.daisho.be\/produit\/adidas-dobok-blanco-azul-mujer\/"},"modified":"2025-11-18T09:32:11","modified_gmt":"2025-11-18T08:32:11","slug":"adidas-dobok-blanco-azul-mujer","status":"publish","type":"product","link":"https:\/\/www.daisho.be\/es\/produit\/adidas-dobok-blanco-azul-mujer\/","title":{"rendered":"DOBOK ADIDAS POOMSAE SENIOR FEMENINO"},"content":{"rendered":"<p>Este dobok de poomsae para adultos, de la colecci\u00f3n oficial de Adidas, est\u00e1 dise\u00f1ado para ofrecer comodidad, estilo y rendimiento.<br \/>\nLa chaqueta abierta se ata f\u00e1cilmente a los lados con lazos laterales, con el logotipo de Adidas discretamente visible en el pecho derecho.<br \/>\nLa solapa negra a\u00f1ade un toque tradicional, mientras que el pantal\u00f3n azul con cintura el\u00e1stica y cord\u00f3n proporciona sujeci\u00f3n y facilidad de movimiento.<\/p>\n<p>Fabricado con una mezcla de algod\u00f3n y poli\u00e9ster 55\/45, este dobok combina suavidad, ligereza y durabilidad.<br \/>\nEst\u00e1 homologado por la WT y cumple los requisitos oficiales para el entrenamiento y la competici\u00f3n.<\/p>\n<p>Caracter\u00edsticas :<\/p>\n<p>&#8211; Chaqueta blanca con solapas negras, corte tradicional de poomsae<\/p>\n<p>&#8211; Cierre de lazo lateral<\/p>\n<p>&#8211; Pantal\u00f3n azul, cintura el\u00e1stica + cord\u00f3n de ajuste<\/p>\n<p>&#8211; Logotipos Adidas: chaqueta (pecho derecho) y pantal\u00f3n (muslo derecho)<\/p>\n<p>&#8211; Material: 65% algod\u00f3n, 35% poli\u00e9ster<\/p>\n<p>&#8211; Tama\u00f1os: de 150 a 190 cm (paquete de 10)<\/p>\n<p>&#8211; Aprobado por la WT (World Taekwondo)<\/p>\n","protected":false},"excerpt":{"rendered":"<p>Este dobok de poomsae para adultos, de la colecci\u00f3n oficial de Adidas, est\u00e1 dise\u00f1ado para ofrecer comodidad, estilo y rendimiento. La chaqueta abierta se ata f\u00e1cilmente a los lados con lazos laterales, con el logotipo de Adidas discretamente visible en el pecho derecho. La solapa negra a\u00f1ade un toque tradicional, mientras que el pantal\u00f3n azul [&hellip;]<\/p>\n","protected":false},"featured_media":430622,"comment_status":"closed","ping_status":"closed","template":"","meta":{"inline_featured_image":false},"product_brand":[],"product_cat":[1642,1722,1311],"product_tag":[1560],"sport":[],"class_list":{"0":"post-354096","1":"product","2":"type-product","3":"status-publish","4":"has-post-thumbnail","6":"product_cat-kimono-dobok-adidas-es","7":"product_cat-taekwondo-dobok-traje","8":"product_cat-trajes-kimonos","9":"product_tag-adidas-es","10":"pa_size-380","11":"pa_size-379","12":"pa_size-378","13":"pa_size-377","14":"pa_size-376","16":"first","17":"onbackorder","18":"taxable","19":"shipping-taxable","20":"purchasable","21":"product-type-variable"},"yoast_head":"<!-- This site is optimized with the Yoast SEO plugin v27.2 - https:\/\/yoast.com\/product\/yoast-seo-wordpress\/ -->\n<title>DOBOK ADIDAS POOMSAE SENIOR FEMENINO &#8211; Daisho<\/title>\n<meta name=\"description\" content=\"Dobok de poomsae Adidas adulto, chaqueta blanca con solapas negras y pantal\u00f3n azul, homologado WT. Encu\u00e9ntralo en Daisho.be | Daisho\" \/>\n<meta name=\"robots\" content=\"index, follow, max-snippet:-1, max-image-preview:large, max-video-preview:-1\" \/>\n<link rel=\"canonical\" href=\"https:\/\/www.daisho.be\/es\/produit\/adidas-dobok-blanco-azul-mujer\/\" \/>\n<meta property=\"og:locale\" content=\"es_ES\" \/>\n<meta property=\"og:type\" content=\"article\" \/>\n<meta property=\"og:title\" content=\"DOBOK ADIDAS POOMSAE SENIOR FEMENINO &#8211; Daisho\" \/>\n<meta property=\"og:description\" content=\"Dobok de poomsae Adidas adulto, chaqueta blanca con solapas negras y pantal\u00f3n azul, homologado WT. Encu\u00e9ntralo en Daisho.be | Daisho\" \/>\n<meta property=\"og:url\" content=\"https:\/\/www.daisho.be\/es\/produit\/adidas-dobok-blanco-azul-mujer\/\" \/>\n<meta property=\"og:site_name\" content=\"Daisho\" \/>\n<meta property=\"article:modified_time\" content=\"2025-11-18T08:32:11+00:00\" \/>\n<meta property=\"og:image\" content=\"https:\/\/www.daisho.be\/wp-content\/uploads\/2024\/09\/image-3.webp\" \/>\n\t<meta property=\"og:image:width\" content=\"500\" \/>\n\t<meta property=\"og:image:height\" content=\"500\" \/>\n\t<meta property=\"og:image:type\" content=\"image\/webp\" \/>\n<meta name=\"twitter:card\" content=\"summary_large_image\" \/>\n<meta name=\"twitter:label1\" content=\"Tiempo de lectura\" \/>\n\t<meta name=\"twitter:data1\" content=\"1 minuto\" \/>\n<script type=\"application\/ld+json\" class=\"yoast-schema-graph\">{\"@context\":\"https:\/\/schema.org\",\"@graph\":[{\"@type\":\"WebPage\",\"@id\":\"https:\/\/www.daisho.be\/es\/produit\/adidas-dobok-blanco-azul-mujer\/\",\"url\":\"https:\/\/www.daisho.be\/es\/produit\/adidas-dobok-blanco-azul-mujer\/\",\"name\":\"DOBOK ADIDAS POOMSAE SENIOR FEMENINO &#8211; Daisho\",\"isPartOf\":{\"@id\":\"https:\/\/www.daisho.be\/es\/#website\"},\"primaryImageOfPage\":{\"@id\":\"https:\/\/www.daisho.be\/es\/produit\/adidas-dobok-blanco-azul-mujer\/#primaryimage\"},\"image\":{\"@id\":\"https:\/\/www.daisho.be\/es\/produit\/adidas-dobok-blanco-azul-mujer\/#primaryimage\"},\"thumbnailUrl\":\"https:\/\/www.daisho.be\/wp-content\/uploads\/2024\/09\/image-3.webp\",\"datePublished\":\"2021-07-22T11:56:35+00:00\",\"dateModified\":\"2025-11-18T08:32:11+00:00\",\"description\":\"Dobok de poomsae Adidas adulto, chaqueta blanca con solapas negras y pantal\u00f3n azul, homologado WT. Encu\u00e9ntralo en Daisho.be | Daisho\",\"breadcrumb\":{\"@id\":\"https:\/\/www.daisho.be\/es\/produit\/adidas-dobok-blanco-azul-mujer\/#breadcrumb\"},\"inLanguage\":\"es\",\"potentialAction\":[{\"@type\":\"ReadAction\",\"target\":[\"https:\/\/www.daisho.be\/es\/produit\/adidas-dobok-blanco-azul-mujer\/\"]}]},{\"@type\":\"ImageObject\",\"inLanguage\":\"es\",\"@id\":\"https:\/\/www.daisho.be\/es\/produit\/adidas-dobok-blanco-azul-mujer\/#primaryimage\",\"url\":\"https:\/\/www.daisho.be\/wp-content\/uploads\/2024\/09\/image-3.webp\",\"contentUrl\":\"https:\/\/www.daisho.be\/wp-content\/uploads\/2024\/09\/image-3.webp\",\"width\":500,\"height\":500,\"caption\":\"DOBOK-4 ADIDAS POOMSAE SENIOR MUJER\"},{\"@type\":\"BreadcrumbList\",\"@id\":\"https:\/\/www.daisho.be\/es\/produit\/adidas-dobok-blanco-azul-mujer\/#breadcrumb\",\"itemListElement\":[{\"@type\":\"ListItem\",\"position\":1,\"name\":\"Accueil\",\"item\":\"https:\/\/www.daisho.be\/es\/\"},{\"@type\":\"ListItem\",\"position\":2,\"name\":\"Productos\",\"item\":\"https:\/\/www.daisho.be\/es\/productos\/\"},{\"@type\":\"ListItem\",\"position\":3,\"name\":\"ADIDAS COMBAT SPORTS\",\"item\":\"https:\/\/www.daisho.be\/es\/categorie-produit\/adidas-combat-sports-es\/\"},{\"@type\":\"ListItem\",\"position\":4,\"name\":\"Taekwondo\",\"item\":\"https:\/\/www.daisho.be\/es\/categorie-produit\/adidas-combat-sports-es\/taekwondo-es-2\/\"},{\"@type\":\"ListItem\",\"position\":5,\"name\":\"Kimono - Dobok Adidas\",\"item\":\"https:\/\/www.daisho.be\/es\/categorie-produit\/adidas-combat-sports-es\/taekwondo-es-2\/kimono-dobok-adidas-es\/\"},{\"@type\":\"ListItem\",\"position\":6,\"name\":\"DOBOK ADIDAS POOMSAE SENIOR FEMENINO\"}]},{\"@type\":\"WebSite\",\"@id\":\"https:\/\/www.daisho.be\/es\/#website\",\"url\":\"https:\/\/www.daisho.be\/es\/\",\"name\":\"Daisho\",\"description\":\"Sp&eacute;cialiste de l'&eacute;quipement sportif d'arts martiaux\",\"publisher\":{\"@id\":\"https:\/\/www.daisho.be\/es\/#organization\"},\"potentialAction\":[{\"@type\":\"SearchAction\",\"target\":{\"@type\":\"EntryPoint\",\"urlTemplate\":\"https:\/\/www.daisho.be\/es\/?s={search_term_string}\"},\"query-input\":{\"@type\":\"PropertyValueSpecification\",\"valueRequired\":true,\"valueName\":\"search_term_string\"}}],\"inLanguage\":\"es\"},{\"@type\":\"Organization\",\"@id\":\"https:\/\/www.daisho.be\/es\/#organization\",\"name\":\"Daisho\",\"url\":\"https:\/\/www.daisho.be\/es\/\",\"logo\":{\"@type\":\"ImageObject\",\"inLanguage\":\"es\",\"@id\":\"https:\/\/www.daisho.be\/es\/#\/schema\/logo\/image\/\",\"url\":\"https:\/\/www.daisho.be\/wp-content\/uploads\/2019\/07\/color-nothing-horizontale4x-e1564486100247.png\",\"contentUrl\":\"https:\/\/www.daisho.be\/wp-content\/uploads\/2019\/07\/color-nothing-horizontale4x-e1564486100247.png\",\"width\":1547,\"height\":385,\"caption\":\"Daisho\"},\"image\":{\"@id\":\"https:\/\/www.daisho.be\/es\/#\/schema\/logo\/image\/\"}}]}<\/script>\n<!-- \/ Yoast SEO plugin. -->","yoast_head_json":{"title":"DOBOK ADIDAS POOMSAE SENIOR FEMENINO &#8211; Daisho","description":"Dobok de poomsae Adidas adulto, chaqueta blanca con solapas negras y pantal\u00f3n azul, homologado WT. Encu\u00e9ntralo en Daisho.be | Daisho","robots":{"index":"index","follow":"follow","max-snippet":"max-snippet:-1","max-image-preview":"max-image-preview:large","max-video-preview":"max-video-preview:-1"},"canonical":"https:\/\/www.daisho.be\/es\/produit\/adidas-dobok-blanco-azul-mujer\/","og_locale":"es_ES","og_type":"article","og_title":"DOBOK ADIDAS POOMSAE SENIOR FEMENINO &#8211; Daisho","og_description":"Dobok de poomsae Adidas adulto, chaqueta blanca con solapas negras y pantal\u00f3n azul, homologado WT. Encu\u00e9ntralo en Daisho.be | Daisho","og_url":"https:\/\/www.daisho.be\/es\/produit\/adidas-dobok-blanco-azul-mujer\/","og_site_name":"Daisho","article_modified_time":"2025-11-18T08:32:11+00:00","og_image":[{"width":500,"height":500,"url":"https:\/\/www.daisho.be\/wp-content\/uploads\/2024\/09\/image-3.webp","type":"image\/webp"}],"twitter_card":"summary_large_image","twitter_misc":{"Tiempo de lectura":"1 minuto"},"schema":{"@context":"https:\/\/schema.org","@graph":[{"@type":"WebPage","@id":"https:\/\/www.daisho.be\/es\/produit\/adidas-dobok-blanco-azul-mujer\/","url":"https:\/\/www.daisho.be\/es\/produit\/adidas-dobok-blanco-azul-mujer\/","name":"DOBOK ADIDAS POOMSAE SENIOR FEMENINO &#8211; Daisho","isPartOf":{"@id":"https:\/\/www.daisho.be\/es\/#website"},"primaryImageOfPage":{"@id":"https:\/\/www.daisho.be\/es\/produit\/adidas-dobok-blanco-azul-mujer\/#primaryimage"},"image":{"@id":"https:\/\/www.daisho.be\/es\/produit\/adidas-dobok-blanco-azul-mujer\/#primaryimage"},"thumbnailUrl":"https:\/\/www.daisho.be\/wp-content\/uploads\/2024\/09\/image-3.webp","datePublished":"2021-07-22T11:56:35+00:00","dateModified":"2025-11-18T08:32:11+00:00","description":"Dobok de poomsae Adidas adulto, chaqueta blanca con solapas negras y pantal\u00f3n azul, homologado WT. Encu\u00e9ntralo en Daisho.be | Daisho","breadcrumb":{"@id":"https:\/\/www.daisho.be\/es\/produit\/adidas-dobok-blanco-azul-mujer\/#breadcrumb"},"inLanguage":"es","potentialAction":[{"@type":"ReadAction","target":["https:\/\/www.daisho.be\/es\/produit\/adidas-dobok-blanco-azul-mujer\/"]}]},{"@type":"ImageObject","inLanguage":"es","@id":"https:\/\/www.daisho.be\/es\/produit\/adidas-dobok-blanco-azul-mujer\/#primaryimage","url":"https:\/\/www.daisho.be\/wp-content\/uploads\/2024\/09\/image-3.webp","contentUrl":"https:\/\/www.daisho.be\/wp-content\/uploads\/2024\/09\/image-3.webp","width":500,"height":500,"caption":"DOBOK-4 ADIDAS POOMSAE SENIOR MUJER"},{"@type":"BreadcrumbList","@id":"https:\/\/www.daisho.be\/es\/produit\/adidas-dobok-blanco-azul-mujer\/#breadcrumb","itemListElement":[{"@type":"ListItem","position":1,"name":"Accueil","item":"https:\/\/www.daisho.be\/es\/"},{"@type":"ListItem","position":2,"name":"Productos","item":"https:\/\/www.daisho.be\/es\/productos\/"},{"@type":"ListItem","position":3,"name":"ADIDAS COMBAT SPORTS","item":"https:\/\/www.daisho.be\/es\/categorie-produit\/adidas-combat-sports-es\/"},{"@type":"ListItem","position":4,"name":"Taekwondo","item":"https:\/\/www.daisho.be\/es\/categorie-produit\/adidas-combat-sports-es\/taekwondo-es-2\/"},{"@type":"ListItem","position":5,"name":"Kimono - Dobok Adidas","item":"https:\/\/www.daisho.be\/es\/categorie-produit\/adidas-combat-sports-es\/taekwondo-es-2\/kimono-dobok-adidas-es\/"},{"@type":"ListItem","position":6,"name":"DOBOK ADIDAS POOMSAE SENIOR FEMENINO"}]},{"@type":"WebSite","@id":"https:\/\/www.daisho.be\/es\/#website","url":"https:\/\/www.daisho.be\/es\/","name":"Daisho","description":"Sp&eacute;cialiste de l'&eacute;quipement sportif d'arts martiaux","publisher":{"@id":"https:\/\/www.daisho.be\/es\/#organization"},"potentialAction":[{"@type":"SearchAction","target":{"@type":"EntryPoint","urlTemplate":"https:\/\/www.daisho.be\/es\/?s={search_term_string}"},"query-input":{"@type":"PropertyValueSpecification","valueRequired":true,"valueName":"search_term_string"}}],"inLanguage":"es"},{"@type":"Organization","@id":"https:\/\/www.daisho.be\/es\/#organization","name":"Daisho","url":"https:\/\/www.daisho.be\/es\/","logo":{"@type":"ImageObject","inLanguage":"es","@id":"https:\/\/www.daisho.be\/es\/#\/schema\/logo\/image\/","url":"https:\/\/www.daisho.be\/wp-content\/uploads\/2019\/07\/color-nothing-horizontale4x-e1564486100247.png","contentUrl":"https:\/\/www.daisho.be\/wp-content\/uploads\/2019\/07\/color-nothing-horizontale4x-e1564486100247.png","width":1547,"height":385,"caption":"Daisho"},"image":{"@id":"https:\/\/www.daisho.be\/es\/#\/schema\/logo\/image\/"}}]}},"_links":{"self":[{"href":"https:\/\/www.daisho.be\/es\/wp-json\/wp\/v2\/product\/354096","targetHints":{"allow":["GET"]}}],"collection":[{"href":"https:\/\/www.daisho.be\/es\/wp-json\/wp\/v2\/product"}],"about":[{"href":"https:\/\/www.daisho.be\/es\/wp-json\/wp\/v2\/types\/product"}],"replies":[{"embeddable":true,"href":"https:\/\/www.daisho.be\/es\/wp-json\/wp\/v2\/comments?post=354096"}],"wp:featuredmedia":[{"embeddable":true,"href":"https:\/\/www.daisho.be\/es\/wp-json\/wp\/v2\/media\/430622"}],"wp:attachment":[{"href":"https:\/\/www.daisho.be\/es\/wp-json\/wp\/v2\/media?parent=354096"}],"wp:term":[{"taxonomy":"product_brand","embeddable":true,"href":"https:\/\/www.daisho.be\/es\/wp-json\/wp\/v2\/product_brand?post=354096"},{"taxonomy":"product_cat","embeddable":true,"href":"https:\/\/www.daisho.be\/es\/wp-json\/wp\/v2\/product_cat?post=354096"},{"taxonomy":"product_tag","embeddable":true,"href":"https:\/\/www.daisho.be\/es\/wp-json\/wp\/v2\/product_tag?post=354096"},{"taxonomy":"sport","embeddable":true,"href":"https:\/\/www.daisho.be\/es\/wp-json\/wp\/v2\/sport?post=354096"}],"curies":[{"name":"wp","href":"https:\/\/api.w.org\/{rel}","templated":true}]}}