{"id":353995,"date":"2020-12-01T23:18:06","date_gmt":"2020-12-01T22:18:06","guid":{"rendered":"https:\/\/www.daisho.be\/produit\/protector-de-pie-de-karate-rojo\/"},"modified":"2026-03-04T09:15:55","modified_gmt":"2026-03-04T08:15:55","slug":"protector-de-pie-de-karate-rojo","status":"publish","type":"product","link":"https:\/\/www.daisho.be\/es\/produit\/protector-de-pie-de-karate-rojo\/","title":{"rendered":"PROTECTOR DE PIE DE KARATE &#8211; Rojo"},"content":{"rendered":"<p>Protectores de pie de k\u00e1rate de polipiel con cierre m\u00faltiple de velcro en azul o rojo.<br \/>\nLos protectores de empeine ofrecen un apoyo seguro del pie.<br \/>\nVienen por pares.<br \/>\nCaracter\u00edsticas:<br \/>\n\u00c2- Aprobado por la WKF<br \/>\n\u00c2- Forma anat\u00f3mica<br \/>\n\u00c2- PU indeformable<br \/>\n\u00c2- F\u00e1cil cuidado<br \/>\n\u00c2- Cierre m\u00faltiple de velcro<br \/>\n\u00c2- Puede combinarse con una espinillera<br \/>\n\u00c2- Disponible en rojo y azul<br \/>\n\u00c2- Disponible en tallas de la XS a la XL<\/p>\n<p><img loading=\"lazy\" decoding=\"async\" class=\"alignleft\" src=\"https:\/\/www.daisho.be\/wp-content\/uploads\/2024\/10\/w-k-f-logo.png\" alt=\"\" width=\"80\" height=\"80\"><\/p>\n","protected":false},"excerpt":{"rendered":"<p>Protectores de pie de k\u00e1rate de polipiel con cierre m\u00faltiple de velcro en azul o rojo. Los protectores de empeine ofrecen un apoyo seguro del pie. Vienen por pares. Caracter\u00edsticas: \u00c2- Aprobado por la WKF \u00c2- Forma anat\u00f3mica \u00c2- PU indeformable \u00c2- F\u00e1cil cuidado \u00c2- Cierre m\u00faltiple de velcro \u00c2- Puede combinarse con una espinillera [&hellip;]<\/p>\n","protected":false},"featured_media":340575,"comment_status":"open","ping_status":"closed","template":"","meta":{"inline_featured_image":false},"product_brand":[],"product_cat":[1363,1361,1572],"product_tag":[1560],"sport":[],"class_list":{"0":"post-353995","1":"product","2":"type-product","3":"status-publish","4":"has-post-thumbnail","6":"product_cat-proteccion-del-karate","7":"product_cat-protecciones","8":"product_cat-protectores-de-karate-adidas","9":"product_tag-adidas-es","10":"pa_size-l","11":"pa_size-m","12":"pa_size-s","13":"pa_size-xl","14":"pa_size-xs","15":"pa_size-xxl","17":"first","18":"instock","19":"taxable","20":"shipping-taxable","21":"purchasable","22":"product-type-variable"},"yoast_head":"<!-- This site is optimized with the Yoast SEO plugin v27.2 - https:\/\/yoast.com\/product\/yoast-seo-wordpress\/ -->\n<title>PROTECTOR DE PIE DE KARATE - Rojo &#8211; Daisho<\/title>\n<meta name=\"description\" content=\"Convi\u00e9rtete en un maestro de la lucha con los protectores de pies de k\u00e1rate Adidas. Dise\u00f1ado para ofrecer rendimiento y seguridad. Tambi\u00e9n disponible en azul.\" \/>\n<meta name=\"robots\" content=\"index, follow, max-snippet:-1, max-image-preview:large, max-video-preview:-1\" \/>\n<link rel=\"canonical\" href=\"https:\/\/www.daisho.be\/es\/produit\/protector-de-pie-de-karate-rojo\/\" \/>\n<meta property=\"og:locale\" content=\"es_ES\" \/>\n<meta property=\"og:type\" content=\"article\" \/>\n<meta property=\"og:title\" content=\"PROTECTOR DE PIE DE KARATE - Rojo &#8211; Daisho\" \/>\n<meta property=\"og:description\" content=\"Convi\u00e9rtete en un maestro de la lucha con los protectores de pies de k\u00e1rate Adidas. Dise\u00f1ado para ofrecer rendimiento y seguridad. Tambi\u00e9n disponible en azul.\" \/>\n<meta property=\"og:url\" content=\"https:\/\/www.daisho.be\/es\/produit\/protector-de-pie-de-karate-rojo\/\" \/>\n<meta property=\"og:site_name\" content=\"Daisho\" \/>\n<meta property=\"article:modified_time\" content=\"2026-03-04T08:15:55+00:00\" \/>\n<meta property=\"og:image\" content=\"https:\/\/www.daisho.be\/wp-content\/uploads\/2024\/01\/image-127-scaled.jpg\" \/>\n\t<meta property=\"og:image:width\" content=\"2048\" \/>\n\t<meta property=\"og:image:height\" content=\"2048\" \/>\n\t<meta property=\"og:image:type\" content=\"image\/jpeg\" \/>\n<meta name=\"twitter:card\" content=\"summary_large_image\" \/>\n<script type=\"application\/ld+json\" class=\"yoast-schema-graph\">{\"@context\":\"https:\/\/schema.org\",\"@graph\":[{\"@type\":\"WebPage\",\"@id\":\"https:\/\/www.daisho.be\/es\/produit\/protector-de-pie-de-karate-rojo\/\",\"url\":\"https:\/\/www.daisho.be\/es\/produit\/protector-de-pie-de-karate-rojo\/\",\"name\":\"PROTECTOR DE PIE DE KARATE - Rojo &#8211; Daisho\",\"isPartOf\":{\"@id\":\"https:\/\/www.daisho.be\/es\/#website\"},\"primaryImageOfPage\":{\"@id\":\"https:\/\/www.daisho.be\/es\/produit\/protector-de-pie-de-karate-rojo\/#primaryimage\"},\"image\":{\"@id\":\"https:\/\/www.daisho.be\/es\/produit\/protector-de-pie-de-karate-rojo\/#primaryimage\"},\"thumbnailUrl\":\"https:\/\/www.daisho.be\/wp-content\/uploads\/2024\/01\/image-127-scaled.jpg\",\"datePublished\":\"2020-12-01T22:18:06+00:00\",\"dateModified\":\"2026-03-04T08:15:55+00:00\",\"description\":\"Convi\u00e9rtete en un maestro de la lucha con los protectores de pies de k\u00e1rate Adidas. Dise\u00f1ado para ofrecer rendimiento y seguridad. Tambi\u00e9n disponible en azul.\",\"breadcrumb\":{\"@id\":\"https:\/\/www.daisho.be\/es\/produit\/protector-de-pie-de-karate-rojo\/#breadcrumb\"},\"inLanguage\":\"es\",\"potentialAction\":[{\"@type\":\"ReadAction\",\"target\":[\"https:\/\/www.daisho.be\/es\/produit\/protector-de-pie-de-karate-rojo\/\"]}]},{\"@type\":\"ImageObject\",\"inLanguage\":\"es\",\"@id\":\"https:\/\/www.daisho.be\/es\/produit\/protector-de-pie-de-karate-rojo\/#primaryimage\",\"url\":\"https:\/\/www.daisho.be\/wp-content\/uploads\/2024\/01\/image-127-scaled.jpg\",\"contentUrl\":\"https:\/\/www.daisho.be\/wp-content\/uploads\/2024\/01\/image-127-scaled.jpg\",\"width\":2048,\"height\":2048,\"caption\":\"PROTECTOR DE PIE DE KARATE - Rojo-1\"},{\"@type\":\"BreadcrumbList\",\"@id\":\"https:\/\/www.daisho.be\/es\/produit\/protector-de-pie-de-karate-rojo\/#breadcrumb\",\"itemListElement\":[{\"@type\":\"ListItem\",\"position\":1,\"name\":\"Accueil\",\"item\":\"https:\/\/www.daisho.be\/es\/\"},{\"@type\":\"ListItem\",\"position\":2,\"name\":\"Productos\",\"item\":\"https:\/\/www.daisho.be\/es\/productos\/\"},{\"@type\":\"ListItem\",\"position\":3,\"name\":\"Equipamiento y ropa para artes marciales y deportes de combate\",\"item\":\"https:\/\/www.daisho.be\/es\/categorie-produit\/equipamiento-y-ropa-para-artes-marciales-y-deportes-de-combate\/\"},{\"@type\":\"ListItem\",\"position\":4,\"name\":\"Karate\",\"item\":\"https:\/\/www.daisho.be\/es\/categorie-produit\/equipamiento-y-ropa-para-artes-marciales-y-deportes-de-combate\/karate-es-2\/\"},{\"@type\":\"ListItem\",\"position\":5,\"name\":\"Protecci\u00f3n del k\u00e1rate\",\"item\":\"https:\/\/www.daisho.be\/es\/categorie-produit\/equipamiento-y-ropa-para-artes-marciales-y-deportes-de-combate\/karate-es-2\/proteccion-del-karate\/\"},{\"@type\":\"ListItem\",\"position\":6,\"name\":\"PROTECTOR DE PIE DE KARATE &#8211; Rojo\"}]},{\"@type\":\"WebSite\",\"@id\":\"https:\/\/www.daisho.be\/es\/#website\",\"url\":\"https:\/\/www.daisho.be\/es\/\",\"name\":\"Daisho\",\"description\":\"Sp&eacute;cialiste de l'&eacute;quipement sportif d'arts martiaux\",\"publisher\":{\"@id\":\"https:\/\/www.daisho.be\/es\/#organization\"},\"potentialAction\":[{\"@type\":\"SearchAction\",\"target\":{\"@type\":\"EntryPoint\",\"urlTemplate\":\"https:\/\/www.daisho.be\/es\/?s={search_term_string}\"},\"query-input\":{\"@type\":\"PropertyValueSpecification\",\"valueRequired\":true,\"valueName\":\"search_term_string\"}}],\"inLanguage\":\"es\"},{\"@type\":\"Organization\",\"@id\":\"https:\/\/www.daisho.be\/es\/#organization\",\"name\":\"Daisho\",\"url\":\"https:\/\/www.daisho.be\/es\/\",\"logo\":{\"@type\":\"ImageObject\",\"inLanguage\":\"es\",\"@id\":\"https:\/\/www.daisho.be\/es\/#\/schema\/logo\/image\/\",\"url\":\"https:\/\/www.daisho.be\/wp-content\/uploads\/2019\/07\/color-nothing-horizontale4x-e1564486100247.png\",\"contentUrl\":\"https:\/\/www.daisho.be\/wp-content\/uploads\/2019\/07\/color-nothing-horizontale4x-e1564486100247.png\",\"width\":1547,\"height\":385,\"caption\":\"Daisho\"},\"image\":{\"@id\":\"https:\/\/www.daisho.be\/es\/#\/schema\/logo\/image\/\"}}]}<\/script>\n<!-- \/ Yoast SEO plugin. -->","yoast_head_json":{"title":"PROTECTOR DE PIE DE KARATE - Rojo &#8211; Daisho","description":"Convi\u00e9rtete en un maestro de la lucha con los protectores de pies de k\u00e1rate Adidas. Dise\u00f1ado para ofrecer rendimiento y seguridad. Tambi\u00e9n disponible en azul.","robots":{"index":"index","follow":"follow","max-snippet":"max-snippet:-1","max-image-preview":"max-image-preview:large","max-video-preview":"max-video-preview:-1"},"canonical":"https:\/\/www.daisho.be\/es\/produit\/protector-de-pie-de-karate-rojo\/","og_locale":"es_ES","og_type":"article","og_title":"PROTECTOR DE PIE DE KARATE - Rojo &#8211; Daisho","og_description":"Convi\u00e9rtete en un maestro de la lucha con los protectores de pies de k\u00e1rate Adidas. Dise\u00f1ado para ofrecer rendimiento y seguridad. Tambi\u00e9n disponible en azul.","og_url":"https:\/\/www.daisho.be\/es\/produit\/protector-de-pie-de-karate-rojo\/","og_site_name":"Daisho","article_modified_time":"2026-03-04T08:15:55+00:00","og_image":[{"width":2048,"height":2048,"url":"https:\/\/www.daisho.be\/wp-content\/uploads\/2024\/01\/image-127-scaled.jpg","type":"image\/jpeg"}],"twitter_card":"summary_large_image","schema":{"@context":"https:\/\/schema.org","@graph":[{"@type":"WebPage","@id":"https:\/\/www.daisho.be\/es\/produit\/protector-de-pie-de-karate-rojo\/","url":"https:\/\/www.daisho.be\/es\/produit\/protector-de-pie-de-karate-rojo\/","name":"PROTECTOR DE PIE DE KARATE - Rojo &#8211; Daisho","isPartOf":{"@id":"https:\/\/www.daisho.be\/es\/#website"},"primaryImageOfPage":{"@id":"https:\/\/www.daisho.be\/es\/produit\/protector-de-pie-de-karate-rojo\/#primaryimage"},"image":{"@id":"https:\/\/www.daisho.be\/es\/produit\/protector-de-pie-de-karate-rojo\/#primaryimage"},"thumbnailUrl":"https:\/\/www.daisho.be\/wp-content\/uploads\/2024\/01\/image-127-scaled.jpg","datePublished":"2020-12-01T22:18:06+00:00","dateModified":"2026-03-04T08:15:55+00:00","description":"Convi\u00e9rtete en un maestro de la lucha con los protectores de pies de k\u00e1rate Adidas. Dise\u00f1ado para ofrecer rendimiento y seguridad. Tambi\u00e9n disponible en azul.","breadcrumb":{"@id":"https:\/\/www.daisho.be\/es\/produit\/protector-de-pie-de-karate-rojo\/#breadcrumb"},"inLanguage":"es","potentialAction":[{"@type":"ReadAction","target":["https:\/\/www.daisho.be\/es\/produit\/protector-de-pie-de-karate-rojo\/"]}]},{"@type":"ImageObject","inLanguage":"es","@id":"https:\/\/www.daisho.be\/es\/produit\/protector-de-pie-de-karate-rojo\/#primaryimage","url":"https:\/\/www.daisho.be\/wp-content\/uploads\/2024\/01\/image-127-scaled.jpg","contentUrl":"https:\/\/www.daisho.be\/wp-content\/uploads\/2024\/01\/image-127-scaled.jpg","width":2048,"height":2048,"caption":"PROTECTOR DE PIE DE KARATE - Rojo-1"},{"@type":"BreadcrumbList","@id":"https:\/\/www.daisho.be\/es\/produit\/protector-de-pie-de-karate-rojo\/#breadcrumb","itemListElement":[{"@type":"ListItem","position":1,"name":"Accueil","item":"https:\/\/www.daisho.be\/es\/"},{"@type":"ListItem","position":2,"name":"Productos","item":"https:\/\/www.daisho.be\/es\/productos\/"},{"@type":"ListItem","position":3,"name":"Equipamiento y ropa para artes marciales y deportes de combate","item":"https:\/\/www.daisho.be\/es\/categorie-produit\/equipamiento-y-ropa-para-artes-marciales-y-deportes-de-combate\/"},{"@type":"ListItem","position":4,"name":"Karate","item":"https:\/\/www.daisho.be\/es\/categorie-produit\/equipamiento-y-ropa-para-artes-marciales-y-deportes-de-combate\/karate-es-2\/"},{"@type":"ListItem","position":5,"name":"Protecci\u00f3n del k\u00e1rate","item":"https:\/\/www.daisho.be\/es\/categorie-produit\/equipamiento-y-ropa-para-artes-marciales-y-deportes-de-combate\/karate-es-2\/proteccion-del-karate\/"},{"@type":"ListItem","position":6,"name":"PROTECTOR DE PIE DE KARATE &#8211; Rojo"}]},{"@type":"WebSite","@id":"https:\/\/www.daisho.be\/es\/#website","url":"https:\/\/www.daisho.be\/es\/","name":"Daisho","description":"Sp&eacute;cialiste de l'&eacute;quipement sportif d'arts martiaux","publisher":{"@id":"https:\/\/www.daisho.be\/es\/#organization"},"potentialAction":[{"@type":"SearchAction","target":{"@type":"EntryPoint","urlTemplate":"https:\/\/www.daisho.be\/es\/?s={search_term_string}"},"query-input":{"@type":"PropertyValueSpecification","valueRequired":true,"valueName":"search_term_string"}}],"inLanguage":"es"},{"@type":"Organization","@id":"https:\/\/www.daisho.be\/es\/#organization","name":"Daisho","url":"https:\/\/www.daisho.be\/es\/","logo":{"@type":"ImageObject","inLanguage":"es","@id":"https:\/\/www.daisho.be\/es\/#\/schema\/logo\/image\/","url":"https:\/\/www.daisho.be\/wp-content\/uploads\/2019\/07\/color-nothing-horizontale4x-e1564486100247.png","contentUrl":"https:\/\/www.daisho.be\/wp-content\/uploads\/2019\/07\/color-nothing-horizontale4x-e1564486100247.png","width":1547,"height":385,"caption":"Daisho"},"image":{"@id":"https:\/\/www.daisho.be\/es\/#\/schema\/logo\/image\/"}}]}},"_links":{"self":[{"href":"https:\/\/www.daisho.be\/es\/wp-json\/wp\/v2\/product\/353995","targetHints":{"allow":["GET"]}}],"collection":[{"href":"https:\/\/www.daisho.be\/es\/wp-json\/wp\/v2\/product"}],"about":[{"href":"https:\/\/www.daisho.be\/es\/wp-json\/wp\/v2\/types\/product"}],"replies":[{"embeddable":true,"href":"https:\/\/www.daisho.be\/es\/wp-json\/wp\/v2\/comments?post=353995"}],"wp:featuredmedia":[{"embeddable":true,"href":"https:\/\/www.daisho.be\/es\/wp-json\/wp\/v2\/media\/340575"}],"wp:attachment":[{"href":"https:\/\/www.daisho.be\/es\/wp-json\/wp\/v2\/media?parent=353995"}],"wp:term":[{"taxonomy":"product_brand","embeddable":true,"href":"https:\/\/www.daisho.be\/es\/wp-json\/wp\/v2\/product_brand?post=353995"},{"taxonomy":"product_cat","embeddable":true,"href":"https:\/\/www.daisho.be\/es\/wp-json\/wp\/v2\/product_cat?post=353995"},{"taxonomy":"product_tag","embeddable":true,"href":"https:\/\/www.daisho.be\/es\/wp-json\/wp\/v2\/product_tag?post=353995"},{"taxonomy":"sport","embeddable":true,"href":"https:\/\/www.daisho.be\/es\/wp-json\/wp\/v2\/sport?post=353995"}],"curies":[{"name":"wp","href":"https:\/\/api.w.org\/{rel}","templated":true}]}}