{"id":353944,"date":"2020-06-23T09:21:39","date_gmt":"2020-06-23T07:21:39","guid":{"rendered":"https:\/\/www.daisho.be\/produit\/turboarms-elastico-medio-400-cm\/"},"modified":"2026-01-06T11:51:51","modified_gmt":"2026-01-06T10:51:51","slug":"turboarms-elastico-medio-400-cm","status":"publish","type":"product","link":"https:\/\/www.daisho.be\/es\/produit\/turboarms-elastico-medio-400-cm\/","title":{"rendered":"TURBOARMS EL\u00c1STICO MEDIO 400 CM"},"content":{"rendered":"<p>El el\u00e1stico de resistencia Turboarms es un equipo para entrenar t\u00e9cnicas de percusi\u00f3n y lanzamiento.<br \/>\n Durante el entrenamiento de resistencia con cuerdas de tracci\u00f3n, se entrenan simult\u00e1neamente varios grupos musculares.<br \/>\nEl nivel de resistencia medio permite muchas repeticiones, por lo que es ideal para el entrenamiento a largo plazo.<\/p>\n<p>Adecuado para el entrenamiento en casa o en clubes.<br \/>\nConstrucci\u00f3n robusta y duradera.<br \/>\nAsas robustas y f\u00e1cilmente lavables.<\/p>\n","protected":false},"excerpt":{"rendered":"<p>El el\u00e1stico de resistencia Turboarms es un equipo para entrenar t\u00e9cnicas de percusi\u00f3n y lanzamiento. Durante el entrenamiento de resistencia con cuerdas de tracci\u00f3n, se entrenan simult\u00e1neamente varios grupos musculares. El nivel de resistencia medio permite muchas repeticiones, por lo que es ideal para el entrenamiento a largo plazo. Adecuado para el entrenamiento en casa [&hellip;]<\/p>\n","protected":false},"featured_media":650959,"comment_status":"open","ping_status":"closed","template":"","meta":{"inline_featured_image":false},"product_brand":[],"product_cat":[1418,1339,1409,1301],"product_tag":[1320],"sport":[74,78,73,455],"class_list":{"0":"post-353944","1":"product","2":"type-product","3":"status-publish","4":"has-post-thumbnail","6":"product_cat-equipo-de-entrenamiento-de-boxeo","7":"product_cat-equipo-de-entrenamiento-de-mma","8":"product_cat-equipos-de-formacion-es","9":"product_cat-material-de-entrenamiento-de-karate","10":"product_tag-dax-es","11":"pa_size-sans-taille-defaut","12":"sport-jiu-jitsu","13":"sport-judo","14":"sport-karate","15":"sport-muay-thai","17":"first","18":"instock","19":"taxable","20":"shipping-taxable","21":"purchasable","22":"product-type-variable"},"yoast_head":"<!-- This site is optimized with the Yoast SEO plugin v27.2 - https:\/\/yoast.com\/product\/yoast-seo-wordpress\/ -->\n<title>TURBOARMS EL\u00c1STICO MEDIO 400 CM &#8211; Daisho<\/title>\n<meta name=\"description\" content=\"Descubre los el\u00e1sticos de resistencia dise\u00f1ados para entrenar t\u00e9cnicas de percusi\u00f3n y lanzamiento. Encu\u00e9ntralo en www.daisho.be|Daisho\" \/>\n<meta name=\"robots\" content=\"index, follow, max-snippet:-1, max-image-preview:large, max-video-preview:-1\" \/>\n<link rel=\"canonical\" href=\"https:\/\/www.daisho.be\/es\/produit\/turboarms-elastico-medio-400-cm\/\" \/>\n<meta property=\"og:locale\" content=\"es_ES\" \/>\n<meta property=\"og:type\" content=\"article\" \/>\n<meta property=\"og:title\" content=\"TURBOARMS EL\u00c1STICO MEDIO 400 CM &#8211; Daisho\" \/>\n<meta property=\"og:description\" content=\"Descubre los el\u00e1sticos de resistencia dise\u00f1ados para entrenar t\u00e9cnicas de percusi\u00f3n y lanzamiento. Encu\u00e9ntralo en www.daisho.be|Daisho\" \/>\n<meta property=\"og:url\" content=\"https:\/\/www.daisho.be\/es\/produit\/turboarms-elastico-medio-400-cm\/\" \/>\n<meta property=\"og:site_name\" content=\"Daisho\" \/>\n<meta property=\"article:modified_time\" content=\"2026-01-06T10:51:51+00:00\" \/>\n<meta property=\"og:image\" content=\"https:\/\/www.daisho.be\/wp-content\/uploads\/2026\/01\/image-142.jpg\" \/>\n\t<meta property=\"og:image:width\" content=\"736\" \/>\n\t<meta property=\"og:image:height\" content=\"1040\" \/>\n\t<meta property=\"og:image:type\" content=\"image\/jpeg\" \/>\n<meta name=\"twitter:card\" content=\"summary_large_image\" \/>\n<script type=\"application\/ld+json\" class=\"yoast-schema-graph\">{\"@context\":\"https:\/\/schema.org\",\"@graph\":[{\"@type\":\"WebPage\",\"@id\":\"https:\/\/www.daisho.be\/es\/produit\/turboarms-elastico-medio-400-cm\/\",\"url\":\"https:\/\/www.daisho.be\/es\/produit\/turboarms-elastico-medio-400-cm\/\",\"name\":\"TURBOARMS EL\u00c1STICO MEDIO 400 CM &#8211; Daisho\",\"isPartOf\":{\"@id\":\"https:\/\/www.daisho.be\/es\/#website\"},\"primaryImageOfPage\":{\"@id\":\"https:\/\/www.daisho.be\/es\/produit\/turboarms-elastico-medio-400-cm\/#primaryimage\"},\"image\":{\"@id\":\"https:\/\/www.daisho.be\/es\/produit\/turboarms-elastico-medio-400-cm\/#primaryimage\"},\"thumbnailUrl\":\"https:\/\/www.daisho.be\/wp-content\/uploads\/2026\/01\/image-142.jpg\",\"datePublished\":\"2020-06-23T07:21:39+00:00\",\"dateModified\":\"2026-01-06T10:51:51+00:00\",\"description\":\"Descubre los el\u00e1sticos de resistencia dise\u00f1ados para entrenar t\u00e9cnicas de percusi\u00f3n y lanzamiento. Encu\u00e9ntralo en www.daisho.be|Daisho\",\"breadcrumb\":{\"@id\":\"https:\/\/www.daisho.be\/es\/produit\/turboarms-elastico-medio-400-cm\/#breadcrumb\"},\"inLanguage\":\"es\",\"potentialAction\":[{\"@type\":\"ReadAction\",\"target\":[\"https:\/\/www.daisho.be\/es\/produit\/turboarms-elastico-medio-400-cm\/\"]}]},{\"@type\":\"ImageObject\",\"inLanguage\":\"es\",\"@id\":\"https:\/\/www.daisho.be\/es\/produit\/turboarms-elastico-medio-400-cm\/#primaryimage\",\"url\":\"https:\/\/www.daisho.be\/wp-content\/uploads\/2026\/01\/image-142.jpg\",\"contentUrl\":\"https:\/\/www.daisho.be\/wp-content\/uploads\/2026\/01\/image-142.jpg\",\"width\":736,\"height\":1040,\"caption\":\"TURBOARMAS EL\u00c1STICAS MEDIAS 400 CM-1\"},{\"@type\":\"BreadcrumbList\",\"@id\":\"https:\/\/www.daisho.be\/es\/produit\/turboarms-elastico-medio-400-cm\/#breadcrumb\",\"itemListElement\":[{\"@type\":\"ListItem\",\"position\":1,\"name\":\"Accueil\",\"item\":\"https:\/\/www.daisho.be\/es\/\"},{\"@type\":\"ListItem\",\"position\":2,\"name\":\"Productos\",\"item\":\"https:\/\/www.daisho.be\/es\/productos\/\"},{\"@type\":\"ListItem\",\"position\":3,\"name\":\"Equipamiento y ropa para artes marciales y deportes de combate\",\"item\":\"https:\/\/www.daisho.be\/es\/categorie-produit\/equipamiento-y-ropa-para-artes-marciales-y-deportes-de-combate\/\"},{\"@type\":\"ListItem\",\"position\":4,\"name\":\"Boxeo\",\"item\":\"https:\/\/www.daisho.be\/es\/categorie-produit\/equipamiento-y-ropa-para-artes-marciales-y-deportes-de-combate\/boxeo-es\/\"},{\"@type\":\"ListItem\",\"position\":5,\"name\":\"Equipo de entrenamiento de boxeo\",\"item\":\"https:\/\/www.daisho.be\/es\/categorie-produit\/equipamiento-y-ropa-para-artes-marciales-y-deportes-de-combate\/boxeo-es\/equipo-de-entrenamiento-de-boxeo\/\"},{\"@type\":\"ListItem\",\"position\":6,\"name\":\"TURBOARMS EL\u00c1STICO MEDIO 400 CM\"}]},{\"@type\":\"WebSite\",\"@id\":\"https:\/\/www.daisho.be\/es\/#website\",\"url\":\"https:\/\/www.daisho.be\/es\/\",\"name\":\"Daisho\",\"description\":\"Sp&eacute;cialiste de l'&eacute;quipement sportif d'arts martiaux\",\"publisher\":{\"@id\":\"https:\/\/www.daisho.be\/es\/#organization\"},\"potentialAction\":[{\"@type\":\"SearchAction\",\"target\":{\"@type\":\"EntryPoint\",\"urlTemplate\":\"https:\/\/www.daisho.be\/es\/?s={search_term_string}\"},\"query-input\":{\"@type\":\"PropertyValueSpecification\",\"valueRequired\":true,\"valueName\":\"search_term_string\"}}],\"inLanguage\":\"es\"},{\"@type\":\"Organization\",\"@id\":\"https:\/\/www.daisho.be\/es\/#organization\",\"name\":\"Daisho\",\"url\":\"https:\/\/www.daisho.be\/es\/\",\"logo\":{\"@type\":\"ImageObject\",\"inLanguage\":\"es\",\"@id\":\"https:\/\/www.daisho.be\/es\/#\/schema\/logo\/image\/\",\"url\":\"https:\/\/www.daisho.be\/wp-content\/uploads\/2019\/07\/color-nothing-horizontale4x-e1564486100247.png\",\"contentUrl\":\"https:\/\/www.daisho.be\/wp-content\/uploads\/2019\/07\/color-nothing-horizontale4x-e1564486100247.png\",\"width\":1547,\"height\":385,\"caption\":\"Daisho\"},\"image\":{\"@id\":\"https:\/\/www.daisho.be\/es\/#\/schema\/logo\/image\/\"}}]}<\/script>\n<!-- \/ Yoast SEO plugin. -->","yoast_head_json":{"title":"TURBOARMS EL\u00c1STICO MEDIO 400 CM &#8211; Daisho","description":"Descubre los el\u00e1sticos de resistencia dise\u00f1ados para entrenar t\u00e9cnicas de percusi\u00f3n y lanzamiento. Encu\u00e9ntralo en www.daisho.be|Daisho","robots":{"index":"index","follow":"follow","max-snippet":"max-snippet:-1","max-image-preview":"max-image-preview:large","max-video-preview":"max-video-preview:-1"},"canonical":"https:\/\/www.daisho.be\/es\/produit\/turboarms-elastico-medio-400-cm\/","og_locale":"es_ES","og_type":"article","og_title":"TURBOARMS EL\u00c1STICO MEDIO 400 CM &#8211; Daisho","og_description":"Descubre los el\u00e1sticos de resistencia dise\u00f1ados para entrenar t\u00e9cnicas de percusi\u00f3n y lanzamiento. Encu\u00e9ntralo en www.daisho.be|Daisho","og_url":"https:\/\/www.daisho.be\/es\/produit\/turboarms-elastico-medio-400-cm\/","og_site_name":"Daisho","article_modified_time":"2026-01-06T10:51:51+00:00","og_image":[{"width":736,"height":1040,"url":"https:\/\/www.daisho.be\/wp-content\/uploads\/2026\/01\/image-142.jpg","type":"image\/jpeg"}],"twitter_card":"summary_large_image","schema":{"@context":"https:\/\/schema.org","@graph":[{"@type":"WebPage","@id":"https:\/\/www.daisho.be\/es\/produit\/turboarms-elastico-medio-400-cm\/","url":"https:\/\/www.daisho.be\/es\/produit\/turboarms-elastico-medio-400-cm\/","name":"TURBOARMS EL\u00c1STICO MEDIO 400 CM &#8211; Daisho","isPartOf":{"@id":"https:\/\/www.daisho.be\/es\/#website"},"primaryImageOfPage":{"@id":"https:\/\/www.daisho.be\/es\/produit\/turboarms-elastico-medio-400-cm\/#primaryimage"},"image":{"@id":"https:\/\/www.daisho.be\/es\/produit\/turboarms-elastico-medio-400-cm\/#primaryimage"},"thumbnailUrl":"https:\/\/www.daisho.be\/wp-content\/uploads\/2026\/01\/image-142.jpg","datePublished":"2020-06-23T07:21:39+00:00","dateModified":"2026-01-06T10:51:51+00:00","description":"Descubre los el\u00e1sticos de resistencia dise\u00f1ados para entrenar t\u00e9cnicas de percusi\u00f3n y lanzamiento. Encu\u00e9ntralo en www.daisho.be|Daisho","breadcrumb":{"@id":"https:\/\/www.daisho.be\/es\/produit\/turboarms-elastico-medio-400-cm\/#breadcrumb"},"inLanguage":"es","potentialAction":[{"@type":"ReadAction","target":["https:\/\/www.daisho.be\/es\/produit\/turboarms-elastico-medio-400-cm\/"]}]},{"@type":"ImageObject","inLanguage":"es","@id":"https:\/\/www.daisho.be\/es\/produit\/turboarms-elastico-medio-400-cm\/#primaryimage","url":"https:\/\/www.daisho.be\/wp-content\/uploads\/2026\/01\/image-142.jpg","contentUrl":"https:\/\/www.daisho.be\/wp-content\/uploads\/2026\/01\/image-142.jpg","width":736,"height":1040,"caption":"TURBOARMAS EL\u00c1STICAS MEDIAS 400 CM-1"},{"@type":"BreadcrumbList","@id":"https:\/\/www.daisho.be\/es\/produit\/turboarms-elastico-medio-400-cm\/#breadcrumb","itemListElement":[{"@type":"ListItem","position":1,"name":"Accueil","item":"https:\/\/www.daisho.be\/es\/"},{"@type":"ListItem","position":2,"name":"Productos","item":"https:\/\/www.daisho.be\/es\/productos\/"},{"@type":"ListItem","position":3,"name":"Equipamiento y ropa para artes marciales y deportes de combate","item":"https:\/\/www.daisho.be\/es\/categorie-produit\/equipamiento-y-ropa-para-artes-marciales-y-deportes-de-combate\/"},{"@type":"ListItem","position":4,"name":"Boxeo","item":"https:\/\/www.daisho.be\/es\/categorie-produit\/equipamiento-y-ropa-para-artes-marciales-y-deportes-de-combate\/boxeo-es\/"},{"@type":"ListItem","position":5,"name":"Equipo de entrenamiento de boxeo","item":"https:\/\/www.daisho.be\/es\/categorie-produit\/equipamiento-y-ropa-para-artes-marciales-y-deportes-de-combate\/boxeo-es\/equipo-de-entrenamiento-de-boxeo\/"},{"@type":"ListItem","position":6,"name":"TURBOARMS EL\u00c1STICO MEDIO 400 CM"}]},{"@type":"WebSite","@id":"https:\/\/www.daisho.be\/es\/#website","url":"https:\/\/www.daisho.be\/es\/","name":"Daisho","description":"Sp&eacute;cialiste de l'&eacute;quipement sportif d'arts martiaux","publisher":{"@id":"https:\/\/www.daisho.be\/es\/#organization"},"potentialAction":[{"@type":"SearchAction","target":{"@type":"EntryPoint","urlTemplate":"https:\/\/www.daisho.be\/es\/?s={search_term_string}"},"query-input":{"@type":"PropertyValueSpecification","valueRequired":true,"valueName":"search_term_string"}}],"inLanguage":"es"},{"@type":"Organization","@id":"https:\/\/www.daisho.be\/es\/#organization","name":"Daisho","url":"https:\/\/www.daisho.be\/es\/","logo":{"@type":"ImageObject","inLanguage":"es","@id":"https:\/\/www.daisho.be\/es\/#\/schema\/logo\/image\/","url":"https:\/\/www.daisho.be\/wp-content\/uploads\/2019\/07\/color-nothing-horizontale4x-e1564486100247.png","contentUrl":"https:\/\/www.daisho.be\/wp-content\/uploads\/2019\/07\/color-nothing-horizontale4x-e1564486100247.png","width":1547,"height":385,"caption":"Daisho"},"image":{"@id":"https:\/\/www.daisho.be\/es\/#\/schema\/logo\/image\/"}}]}},"_links":{"self":[{"href":"https:\/\/www.daisho.be\/es\/wp-json\/wp\/v2\/product\/353944","targetHints":{"allow":["GET"]}}],"collection":[{"href":"https:\/\/www.daisho.be\/es\/wp-json\/wp\/v2\/product"}],"about":[{"href":"https:\/\/www.daisho.be\/es\/wp-json\/wp\/v2\/types\/product"}],"replies":[{"embeddable":true,"href":"https:\/\/www.daisho.be\/es\/wp-json\/wp\/v2\/comments?post=353944"}],"wp:featuredmedia":[{"embeddable":true,"href":"https:\/\/www.daisho.be\/es\/wp-json\/wp\/v2\/media\/650959"}],"wp:attachment":[{"href":"https:\/\/www.daisho.be\/es\/wp-json\/wp\/v2\/media?parent=353944"}],"wp:term":[{"taxonomy":"product_brand","embeddable":true,"href":"https:\/\/www.daisho.be\/es\/wp-json\/wp\/v2\/product_brand?post=353944"},{"taxonomy":"product_cat","embeddable":true,"href":"https:\/\/www.daisho.be\/es\/wp-json\/wp\/v2\/product_cat?post=353944"},{"taxonomy":"product_tag","embeddable":true,"href":"https:\/\/www.daisho.be\/es\/wp-json\/wp\/v2\/product_tag?post=353944"},{"taxonomy":"sport","embeddable":true,"href":"https:\/\/www.daisho.be\/es\/wp-json\/wp\/v2\/sport?post=353944"}],"curies":[{"name":"wp","href":"https:\/\/api.w.org\/{rel}","templated":true}]}}