{"id":353884,"date":"2020-05-31T23:13:35","date_gmt":"2020-05-31T21:13:35","guid":{"rendered":"https:\/\/www.daisho.be\/produit\/karategi-hayate-nf-2-kata\/"},"modified":"2025-10-09T13:56:27","modified_gmt":"2025-10-09T11:56:27","slug":"karategi-hayate-nf-2-kata","status":"publish","type":"product","link":"https:\/\/www.daisho.be\/es\/produit\/karategi-hayate-nf-2-kata\/","title":{"rendered":"KARATEGI HAYATE NF-2 KATA"},"content":{"rendered":"<p>Dise\u00f1ado desde el principio para ser el karategi m\u00e1s ligero disponible, el Hayate NF-2 aporta definici\u00f3n y sonido a tus katas gracias a un tejido incre\u00edblemente ligero.<br \/>\nMitsuboshi ha desarrollado un nuevo polialgod\u00f3n especialmente confeccionado para conseguir un sonido potente, pero sin el peso de los karategi ordinarios. Se seca r\u00e1pidamente.<x id=\"gid_1\"><\/x>Los sastres de Mitsuboshi confeccionan el NF-2 en su taller especializado de Iwate (Jap\u00f3n).<x id=\"gid_2\"><\/x> <x id=\"gid_3\"><\/x>Mejoras:<x id=\"gid_4\"><\/x>El nuevo NF-2 presenta una entrepierna completamente redise\u00f1ada. Este nuevo dise\u00f1o permite ahora un despliegue de 180 grados.<\/p>\n<p>Especificaciones t\u00e9cnicas:<br \/>\n&#8211; Aprobado por la WKF<br \/>\n&#8211; 70% algod\u00f3n, 30% poli\u00e9ster<br \/>\n&#8211; Peso del tejido: 280 g\/m\u00b2<br \/>\n&#8211; Conformaci\u00f3n HA<br \/>\n&#8211; Karategi para kata m\u00e1s ligero<br \/>\n&#8211; Sonido profundo<br \/>\n&#8211; Fabricado en Jap\u00f3n.  <\/p>\n<p><img loading=\"lazy\" decoding=\"async\" class=\"size-full alignleft\" src=\"https:\/\/www.daisho.be\/wp-content\/uploads\/2023\/08\/image-5.png\" alt=\"\" width=\"172\" height=\"216\"><br \/>\n<img loading=\"lazy\" decoding=\"async\" class=\"size-full alignleft\" src=\"https:\/\/www.daisho.be\/wp-content\/uploads\/2023\/08\/image-7.png\" alt=\"\" width=\"179\" height=\"205\"><\/p>\n<p><img decoding=\"async\" class=\"size-full alignleft\" src=\"https:\/\/www.daisho.be\/wp-content\/uploads\/2023\/08\/image-6.png\" alt=\"\" width=\"50%\" height=\"\"><\/p>\n","protected":false},"excerpt":{"rendered":"<p>Dise\u00f1ado desde el principio para ser el karategi m\u00e1s ligero disponible, el Hayate NF-2 aporta definici\u00f3n y sonido a tus katas gracias a un tejido incre\u00edblemente ligero. Mitsuboshi ha desarrollado un nuevo polialgod\u00f3n especialmente confeccionado para conseguir un sonido potente, pero sin el peso de los karategi ordinarios. Se seca r\u00e1pidamente.Los sastres de Mitsuboshi confeccionan [&hellip;]<\/p>\n","protected":false},"featured_media":444233,"comment_status":"closed","ping_status":"closed","template":"","meta":{"inline_featured_image":false},"product_brand":[],"product_cat":[1314,1311],"product_tag":[1767],"sport":[73],"class_list":{"0":"post-353884","1":"product","2":"type-product","3":"status-publish","4":"has-post-thumbnail","6":"product_cat-kimonos-de-karate","7":"product_cat-trajes-kimonos","8":"product_tag-hayate-es","9":"pa_size-380","10":"pa_size-388","11":"pa_size-379","12":"pa_size-387","13":"pa_size-378","14":"pa_size-386","15":"pa_size-377","16":"pa_size-385","17":"pa_size-376","18":"sport-karate","20":"first","21":"instock","22":"taxable","23":"shipping-taxable","24":"purchasable","25":"product-type-variable"},"yoast_head":"<!-- This site is optimized with the Yoast SEO plugin v27.2 - https:\/\/yoast.com\/product\/yoast-seo-wordpress\/ -->\n<title>Kimono de karate ultraligero (Hayate) - Karategi NF-2 para Kata<\/title>\n<meta name=\"description\" content=\"Elija un kimono de k\u00e1rate elegante e ideal para la pr\u00e1ctica de katas. \u2713 Posibilidad de dise\u00f1o a medida. \u2713 Karategi de secado r\u00e1pido.\" \/>\n<meta name=\"robots\" content=\"index, follow, max-snippet:-1, max-image-preview:large, max-video-preview:-1\" \/>\n<link rel=\"canonical\" href=\"https:\/\/www.daisho.be\/es\/produit\/karategi-hayate-nf-2-kata\/\" \/>\n<meta property=\"og:locale\" content=\"es_ES\" \/>\n<meta property=\"og:type\" content=\"article\" \/>\n<meta property=\"og:title\" content=\"Kimono de karate ultraligero (Hayate) - Karategi NF-2 para Kata\" \/>\n<meta property=\"og:description\" content=\"Elija un kimono de k\u00e1rate elegante e ideal para la pr\u00e1ctica de katas. \u2713 Posibilidad de dise\u00f1o a medida. \u2713 Karategi de secado r\u00e1pido.\" \/>\n<meta property=\"og:url\" content=\"https:\/\/www.daisho.be\/es\/produit\/karategi-hayate-nf-2-kata\/\" \/>\n<meta property=\"og:site_name\" content=\"Daisho\" \/>\n<meta property=\"article:modified_time\" content=\"2025-10-09T11:56:27+00:00\" \/>\n<meta property=\"og:image\" content=\"https:\/\/www.daisho.be\/wp-content\/uploads\/2024\/10\/image-51.jpg\" \/>\n\t<meta property=\"og:image:width\" content=\"1280\" \/>\n\t<meta property=\"og:image:height\" content=\"1920\" \/>\n\t<meta property=\"og:image:type\" content=\"image\/jpeg\" \/>\n<meta name=\"twitter:card\" content=\"summary_large_image\" \/>\n<meta name=\"twitter:label1\" content=\"Tiempo de lectura\" \/>\n\t<meta name=\"twitter:data1\" content=\"1 minuto\" \/>\n<script type=\"application\/ld+json\" class=\"yoast-schema-graph\">{\"@context\":\"https:\/\/schema.org\",\"@graph\":[{\"@type\":\"WebPage\",\"@id\":\"https:\/\/www.daisho.be\/es\/produit\/karategi-hayate-nf-2-kata\/\",\"url\":\"https:\/\/www.daisho.be\/es\/produit\/karategi-hayate-nf-2-kata\/\",\"name\":\"Kimono de karate ultraligero (Hayate) - Karategi NF-2 para Kata\",\"isPartOf\":{\"@id\":\"https:\/\/www.daisho.be\/es\/#website\"},\"primaryImageOfPage\":{\"@id\":\"https:\/\/www.daisho.be\/es\/produit\/karategi-hayate-nf-2-kata\/#primaryimage\"},\"image\":{\"@id\":\"https:\/\/www.daisho.be\/es\/produit\/karategi-hayate-nf-2-kata\/#primaryimage\"},\"thumbnailUrl\":\"https:\/\/www.daisho.be\/wp-content\/uploads\/2024\/10\/image-51.jpg\",\"datePublished\":\"2020-05-31T21:13:35+00:00\",\"dateModified\":\"2025-10-09T11:56:27+00:00\",\"description\":\"Elija un kimono de k\u00e1rate elegante e ideal para la pr\u00e1ctica de katas. \u2713 Posibilidad de dise\u00f1o a medida. \u2713 Karategi de secado r\u00e1pido.\",\"breadcrumb\":{\"@id\":\"https:\/\/www.daisho.be\/es\/produit\/karategi-hayate-nf-2-kata\/#breadcrumb\"},\"inLanguage\":\"es\",\"potentialAction\":[{\"@type\":\"ReadAction\",\"target\":[\"https:\/\/www.daisho.be\/es\/produit\/karategi-hayate-nf-2-kata\/\"]}]},{\"@type\":\"ImageObject\",\"inLanguage\":\"es\",\"@id\":\"https:\/\/www.daisho.be\/es\/produit\/karategi-hayate-nf-2-kata\/#primaryimage\",\"url\":\"https:\/\/www.daisho.be\/wp-content\/uploads\/2024\/10\/image-51.jpg\",\"contentUrl\":\"https:\/\/www.daisho.be\/wp-content\/uploads\/2024\/10\/image-51.jpg\",\"width\":1280,\"height\":1920,\"caption\":\"KARATEGI HAYATE NF-2 KATA-1\"},{\"@type\":\"BreadcrumbList\",\"@id\":\"https:\/\/www.daisho.be\/es\/produit\/karategi-hayate-nf-2-kata\/#breadcrumb\",\"itemListElement\":[{\"@type\":\"ListItem\",\"position\":1,\"name\":\"Accueil\",\"item\":\"https:\/\/www.daisho.be\/es\/\"},{\"@type\":\"ListItem\",\"position\":2,\"name\":\"Productos\",\"item\":\"https:\/\/www.daisho.be\/es\/productos\/\"},{\"@type\":\"ListItem\",\"position\":3,\"name\":\"Equipamiento y ropa para artes marciales y deportes de combate\",\"item\":\"https:\/\/www.daisho.be\/es\/categorie-produit\/equipamiento-y-ropa-para-artes-marciales-y-deportes-de-combate\/\"},{\"@type\":\"ListItem\",\"position\":4,\"name\":\"Karate\",\"item\":\"https:\/\/www.daisho.be\/es\/categorie-produit\/equipamiento-y-ropa-para-artes-marciales-y-deportes-de-combate\/karate-es-2\/\"},{\"@type\":\"ListItem\",\"position\":5,\"name\":\"Kimonos de k\u00e1rate\",\"item\":\"https:\/\/www.daisho.be\/es\/categorie-produit\/equipamiento-y-ropa-para-artes-marciales-y-deportes-de-combate\/karate-es-2\/kimonos-de-karate\/\"},{\"@type\":\"ListItem\",\"position\":6,\"name\":\"KARATEGI HAYATE NF-2 KATA\"}]},{\"@type\":\"WebSite\",\"@id\":\"https:\/\/www.daisho.be\/es\/#website\",\"url\":\"https:\/\/www.daisho.be\/es\/\",\"name\":\"Daisho\",\"description\":\"Sp&eacute;cialiste de l'&eacute;quipement sportif d'arts martiaux\",\"publisher\":{\"@id\":\"https:\/\/www.daisho.be\/es\/#organization\"},\"potentialAction\":[{\"@type\":\"SearchAction\",\"target\":{\"@type\":\"EntryPoint\",\"urlTemplate\":\"https:\/\/www.daisho.be\/es\/?s={search_term_string}\"},\"query-input\":{\"@type\":\"PropertyValueSpecification\",\"valueRequired\":true,\"valueName\":\"search_term_string\"}}],\"inLanguage\":\"es\"},{\"@type\":\"Organization\",\"@id\":\"https:\/\/www.daisho.be\/es\/#organization\",\"name\":\"Daisho\",\"url\":\"https:\/\/www.daisho.be\/es\/\",\"logo\":{\"@type\":\"ImageObject\",\"inLanguage\":\"es\",\"@id\":\"https:\/\/www.daisho.be\/es\/#\/schema\/logo\/image\/\",\"url\":\"https:\/\/www.daisho.be\/wp-content\/uploads\/2019\/07\/color-nothing-horizontale4x-e1564486100247.png\",\"contentUrl\":\"https:\/\/www.daisho.be\/wp-content\/uploads\/2019\/07\/color-nothing-horizontale4x-e1564486100247.png\",\"width\":1547,\"height\":385,\"caption\":\"Daisho\"},\"image\":{\"@id\":\"https:\/\/www.daisho.be\/es\/#\/schema\/logo\/image\/\"}}]}<\/script>\n<!-- \/ Yoast SEO plugin. -->","yoast_head_json":{"title":"Kimono de karate ultraligero (Hayate) - Karategi NF-2 para Kata","description":"Elija un kimono de k\u00e1rate elegante e ideal para la pr\u00e1ctica de katas. \u2713 Posibilidad de dise\u00f1o a medida. \u2713 Karategi de secado r\u00e1pido.","robots":{"index":"index","follow":"follow","max-snippet":"max-snippet:-1","max-image-preview":"max-image-preview:large","max-video-preview":"max-video-preview:-1"},"canonical":"https:\/\/www.daisho.be\/es\/produit\/karategi-hayate-nf-2-kata\/","og_locale":"es_ES","og_type":"article","og_title":"Kimono de karate ultraligero (Hayate) - Karategi NF-2 para Kata","og_description":"Elija un kimono de k\u00e1rate elegante e ideal para la pr\u00e1ctica de katas. \u2713 Posibilidad de dise\u00f1o a medida. \u2713 Karategi de secado r\u00e1pido.","og_url":"https:\/\/www.daisho.be\/es\/produit\/karategi-hayate-nf-2-kata\/","og_site_name":"Daisho","article_modified_time":"2025-10-09T11:56:27+00:00","og_image":[{"width":1280,"height":1920,"url":"https:\/\/www.daisho.be\/wp-content\/uploads\/2024\/10\/image-51.jpg","type":"image\/jpeg"}],"twitter_card":"summary_large_image","twitter_misc":{"Tiempo de lectura":"1 minuto"},"schema":{"@context":"https:\/\/schema.org","@graph":[{"@type":"WebPage","@id":"https:\/\/www.daisho.be\/es\/produit\/karategi-hayate-nf-2-kata\/","url":"https:\/\/www.daisho.be\/es\/produit\/karategi-hayate-nf-2-kata\/","name":"Kimono de karate ultraligero (Hayate) - Karategi NF-2 para Kata","isPartOf":{"@id":"https:\/\/www.daisho.be\/es\/#website"},"primaryImageOfPage":{"@id":"https:\/\/www.daisho.be\/es\/produit\/karategi-hayate-nf-2-kata\/#primaryimage"},"image":{"@id":"https:\/\/www.daisho.be\/es\/produit\/karategi-hayate-nf-2-kata\/#primaryimage"},"thumbnailUrl":"https:\/\/www.daisho.be\/wp-content\/uploads\/2024\/10\/image-51.jpg","datePublished":"2020-05-31T21:13:35+00:00","dateModified":"2025-10-09T11:56:27+00:00","description":"Elija un kimono de k\u00e1rate elegante e ideal para la pr\u00e1ctica de katas. \u2713 Posibilidad de dise\u00f1o a medida. \u2713 Karategi de secado r\u00e1pido.","breadcrumb":{"@id":"https:\/\/www.daisho.be\/es\/produit\/karategi-hayate-nf-2-kata\/#breadcrumb"},"inLanguage":"es","potentialAction":[{"@type":"ReadAction","target":["https:\/\/www.daisho.be\/es\/produit\/karategi-hayate-nf-2-kata\/"]}]},{"@type":"ImageObject","inLanguage":"es","@id":"https:\/\/www.daisho.be\/es\/produit\/karategi-hayate-nf-2-kata\/#primaryimage","url":"https:\/\/www.daisho.be\/wp-content\/uploads\/2024\/10\/image-51.jpg","contentUrl":"https:\/\/www.daisho.be\/wp-content\/uploads\/2024\/10\/image-51.jpg","width":1280,"height":1920,"caption":"KARATEGI HAYATE NF-2 KATA-1"},{"@type":"BreadcrumbList","@id":"https:\/\/www.daisho.be\/es\/produit\/karategi-hayate-nf-2-kata\/#breadcrumb","itemListElement":[{"@type":"ListItem","position":1,"name":"Accueil","item":"https:\/\/www.daisho.be\/es\/"},{"@type":"ListItem","position":2,"name":"Productos","item":"https:\/\/www.daisho.be\/es\/productos\/"},{"@type":"ListItem","position":3,"name":"Equipamiento y ropa para artes marciales y deportes de combate","item":"https:\/\/www.daisho.be\/es\/categorie-produit\/equipamiento-y-ropa-para-artes-marciales-y-deportes-de-combate\/"},{"@type":"ListItem","position":4,"name":"Karate","item":"https:\/\/www.daisho.be\/es\/categorie-produit\/equipamiento-y-ropa-para-artes-marciales-y-deportes-de-combate\/karate-es-2\/"},{"@type":"ListItem","position":5,"name":"Kimonos de k\u00e1rate","item":"https:\/\/www.daisho.be\/es\/categorie-produit\/equipamiento-y-ropa-para-artes-marciales-y-deportes-de-combate\/karate-es-2\/kimonos-de-karate\/"},{"@type":"ListItem","position":6,"name":"KARATEGI HAYATE NF-2 KATA"}]},{"@type":"WebSite","@id":"https:\/\/www.daisho.be\/es\/#website","url":"https:\/\/www.daisho.be\/es\/","name":"Daisho","description":"Sp&eacute;cialiste de l'&eacute;quipement sportif d'arts martiaux","publisher":{"@id":"https:\/\/www.daisho.be\/es\/#organization"},"potentialAction":[{"@type":"SearchAction","target":{"@type":"EntryPoint","urlTemplate":"https:\/\/www.daisho.be\/es\/?s={search_term_string}"},"query-input":{"@type":"PropertyValueSpecification","valueRequired":true,"valueName":"search_term_string"}}],"inLanguage":"es"},{"@type":"Organization","@id":"https:\/\/www.daisho.be\/es\/#organization","name":"Daisho","url":"https:\/\/www.daisho.be\/es\/","logo":{"@type":"ImageObject","inLanguage":"es","@id":"https:\/\/www.daisho.be\/es\/#\/schema\/logo\/image\/","url":"https:\/\/www.daisho.be\/wp-content\/uploads\/2019\/07\/color-nothing-horizontale4x-e1564486100247.png","contentUrl":"https:\/\/www.daisho.be\/wp-content\/uploads\/2019\/07\/color-nothing-horizontale4x-e1564486100247.png","width":1547,"height":385,"caption":"Daisho"},"image":{"@id":"https:\/\/www.daisho.be\/es\/#\/schema\/logo\/image\/"}}]}},"_links":{"self":[{"href":"https:\/\/www.daisho.be\/es\/wp-json\/wp\/v2\/product\/353884","targetHints":{"allow":["GET"]}}],"collection":[{"href":"https:\/\/www.daisho.be\/es\/wp-json\/wp\/v2\/product"}],"about":[{"href":"https:\/\/www.daisho.be\/es\/wp-json\/wp\/v2\/types\/product"}],"replies":[{"embeddable":true,"href":"https:\/\/www.daisho.be\/es\/wp-json\/wp\/v2\/comments?post=353884"}],"wp:featuredmedia":[{"embeddable":true,"href":"https:\/\/www.daisho.be\/es\/wp-json\/wp\/v2\/media\/444233"}],"wp:attachment":[{"href":"https:\/\/www.daisho.be\/es\/wp-json\/wp\/v2\/media?parent=353884"}],"wp:term":[{"taxonomy":"product_brand","embeddable":true,"href":"https:\/\/www.daisho.be\/es\/wp-json\/wp\/v2\/product_brand?post=353884"},{"taxonomy":"product_cat","embeddable":true,"href":"https:\/\/www.daisho.be\/es\/wp-json\/wp\/v2\/product_cat?post=353884"},{"taxonomy":"product_tag","embeddable":true,"href":"https:\/\/www.daisho.be\/es\/wp-json\/wp\/v2\/product_tag?post=353884"},{"taxonomy":"sport","embeddable":true,"href":"https:\/\/www.daisho.be\/es\/wp-json\/wp\/v2\/sport?post=353884"}],"curies":[{"name":"wp","href":"https:\/\/api.w.org\/{rel}","templated":true}]}}