{"id":353777,"date":"2020-01-18T15:25:56","date_gmt":"2020-01-18T14:25:56","guid":{"rendered":"https:\/\/www.daisho.be\/produit\/moskito-plus-competicion-judogi-blanco\/"},"modified":"2025-10-09T13:56:56","modified_gmt":"2025-10-09T11:56:56","slug":"moskito-plus-competicion-judogi-blanco","status":"publish","type":"product","link":"https:\/\/www.daisho.be\/es\/produit\/moskito-plus-competicion-judogi-blanco\/","title":{"rendered":"MOSKITO PLUS COMPETICI\u00d3N JUDOGI BLANCO"},"content":{"rendered":"<p>El Mosquito Plus es una gran elecci\u00f3n para cualquier luchador que busque un judogi pesado y de alta calidad. <\/p>\n<p>Caracter\u00edsticas: &#8211; bordado en los hombros, &#8211; chaqueta reforzada en hombros, pecho y solapa, &#8211; rodillas con doble costura, &#8211; pantalones con cintura de cord\u00f3n, &#8211; tambi\u00e9n adecuado para Ju-Jitsu o como keikogu para otras artes marciales, &#8211; Material: 100% algod\u00f3n, aprox. 950 g\/m\u00b2, &#8211; \u00edndice de encogimiento: 4%. <\/p>\n","protected":false},"excerpt":{"rendered":"<p>El Mosquito Plus es una gran elecci\u00f3n para cualquier luchador que busque un judogi pesado y de alta calidad. Caracter\u00edsticas: &#8211; bordado en los hombros, &#8211; chaqueta reforzada en hombros, pecho y solapa, &#8211; rodillas con doble costura, &#8211; pantalones con cintura de cord\u00f3n, &#8211; tambi\u00e9n adecuado para Ju-Jitsu o como keikogu para otras artes [&hellip;]<\/p>\n","protected":false},"featured_media":426271,"comment_status":"closed","ping_status":"closed","template":"","meta":{"inline_featured_image":false},"product_brand":[],"product_cat":[1327,1326,1654,1311],"product_tag":[1507],"sport":[429,74,78],"class_list":{"0":"post-353777","1":"product","2":"type-product","3":"status-publish","4":"has-post-thumbnail","6":"product_cat-kimono-de-jujitsu-es","7":"product_cat-kimonos-de-aikido","8":"product_cat-kimonos-de-judo","9":"product_cat-trajes-kimonos","10":"product_tag-moskito-es","11":"pa_size-381","12":"pa_size-380","13":"pa_size-379","14":"pa_size-387","15":"pa_size-378","16":"pa_size-386","17":"pa_size-377","18":"pa_size-385","19":"pa_size-376","20":"pa_size-384","21":"pa_size-383","22":"sport-aikido","23":"sport-jiu-jitsu","24":"sport-judo","26":"first","27":"outofstock","28":"taxable","29":"shipping-taxable","30":"purchasable","31":"product-type-variable"},"yoast_head":"<!-- This site is optimized with the Yoast SEO plugin v27.2 - https:\/\/yoast.com\/product\/yoast-seo-wordpress\/ -->\n<title>Kimono de Judo blanco para competici\u00f3n - Judogi Moskito Plus | Daisho<\/title>\n<meta name=\"description\" content=\"El kimono de judo Moskito Plus es una excelente elecci\u00f3n para todos los amantes de las competiciones y las artes marciales. \u2713 Judogi de alta calidad\" \/>\n<meta name=\"robots\" content=\"index, follow, max-snippet:-1, max-image-preview:large, max-video-preview:-1\" \/>\n<link rel=\"canonical\" href=\"https:\/\/www.daisho.be\/es\/produit\/moskito-plus-competicion-judogi-blanco\/\" \/>\n<meta property=\"og:locale\" content=\"es_ES\" \/>\n<meta property=\"og:type\" content=\"article\" \/>\n<meta property=\"og:title\" content=\"Kimono de Judo blanco para competici\u00f3n - Judogi Moskito Plus | Daisho\" \/>\n<meta property=\"og:description\" content=\"El kimono de judo Moskito Plus es una excelente elecci\u00f3n para todos los amantes de las competiciones y las artes marciales. \u2713 Judogi de alta calidad\" \/>\n<meta property=\"og:url\" content=\"https:\/\/www.daisho.be\/es\/produit\/moskito-plus-competicion-judogi-blanco\/\" \/>\n<meta property=\"og:site_name\" content=\"Daisho\" \/>\n<meta property=\"article:modified_time\" content=\"2025-10-09T11:56:56+00:00\" \/>\n<meta property=\"og:image\" content=\"https:\/\/www.daisho.be\/wp-content\/uploads\/2024\/08\/image-30.jpg\" \/>\n\t<meta property=\"og:image:width\" content=\"384\" \/>\n\t<meta property=\"og:image:height\" content=\"543\" \/>\n\t<meta property=\"og:image:type\" content=\"image\/jpeg\" \/>\n<meta name=\"twitter:card\" content=\"summary_large_image\" \/>\n<script type=\"application\/ld+json\" class=\"yoast-schema-graph\">{\"@context\":\"https:\/\/schema.org\",\"@graph\":[{\"@type\":\"WebPage\",\"@id\":\"https:\/\/www.daisho.be\/es\/produit\/moskito-plus-competicion-judogi-blanco\/\",\"url\":\"https:\/\/www.daisho.be\/es\/produit\/moskito-plus-competicion-judogi-blanco\/\",\"name\":\"Kimono de Judo blanco para competici\u00f3n - Judogi Moskito Plus | Daisho\",\"isPartOf\":{\"@id\":\"https:\/\/www.daisho.be\/es\/#website\"},\"primaryImageOfPage\":{\"@id\":\"https:\/\/www.daisho.be\/es\/produit\/moskito-plus-competicion-judogi-blanco\/#primaryimage\"},\"image\":{\"@id\":\"https:\/\/www.daisho.be\/es\/produit\/moskito-plus-competicion-judogi-blanco\/#primaryimage\"},\"thumbnailUrl\":\"https:\/\/www.daisho.be\/wp-content\/uploads\/2024\/08\/image-30.jpg\",\"datePublished\":\"2020-01-18T14:25:56+00:00\",\"dateModified\":\"2025-10-09T11:56:56+00:00\",\"description\":\"El kimono de judo Moskito Plus es una excelente elecci\u00f3n para todos los amantes de las competiciones y las artes marciales. \u2713 Judogi de alta calidad\",\"breadcrumb\":{\"@id\":\"https:\/\/www.daisho.be\/es\/produit\/moskito-plus-competicion-judogi-blanco\/#breadcrumb\"},\"inLanguage\":\"es\",\"potentialAction\":[{\"@type\":\"ReadAction\",\"target\":[\"https:\/\/www.daisho.be\/es\/produit\/moskito-plus-competicion-judogi-blanco\/\"]}]},{\"@type\":\"ImageObject\",\"inLanguage\":\"es\",\"@id\":\"https:\/\/www.daisho.be\/es\/produit\/moskito-plus-competicion-judogi-blanco\/#primaryimage\",\"url\":\"https:\/\/www.daisho.be\/wp-content\/uploads\/2024\/08\/image-30.jpg\",\"contentUrl\":\"https:\/\/www.daisho.be\/wp-content\/uploads\/2024\/08\/image-30.jpg\",\"width\":384,\"height\":543,\"caption\":\"MOSKITO PLUS COMPETICI\u00d3N JUDOGI BLANCO-1\"},{\"@type\":\"BreadcrumbList\",\"@id\":\"https:\/\/www.daisho.be\/es\/produit\/moskito-plus-competicion-judogi-blanco\/#breadcrumb\",\"itemListElement\":[{\"@type\":\"ListItem\",\"position\":1,\"name\":\"Accueil\",\"item\":\"https:\/\/www.daisho.be\/es\/\"},{\"@type\":\"ListItem\",\"position\":2,\"name\":\"Productos\",\"item\":\"https:\/\/www.daisho.be\/es\/productos\/\"},{\"@type\":\"ListItem\",\"position\":3,\"name\":\"Equipamiento y ropa para artes marciales y deportes de combate\",\"item\":\"https:\/\/www.daisho.be\/es\/categorie-produit\/equipamiento-y-ropa-para-artes-marciales-y-deportes-de-combate\/\"},{\"@type\":\"ListItem\",\"position\":4,\"name\":\"Jujitsu y jiu-jitsu brasile\u00f1os\",\"item\":\"https:\/\/www.daisho.be\/es\/categorie-produit\/equipamiento-y-ropa-para-artes-marciales-y-deportes-de-combate\/jujitsu-y-jiu-jitsu-brasilenos\/\"},{\"@type\":\"ListItem\",\"position\":5,\"name\":\"Kimono de Jujitsu\",\"item\":\"https:\/\/www.daisho.be\/es\/categorie-produit\/equipamiento-y-ropa-para-artes-marciales-y-deportes-de-combate\/jujitsu-y-jiu-jitsu-brasilenos\/kimono-de-jujitsu-es\/\"},{\"@type\":\"ListItem\",\"position\":6,\"name\":\"MOSKITO PLUS COMPETICI\u00d3N JUDOGI BLANCO\"}]},{\"@type\":\"WebSite\",\"@id\":\"https:\/\/www.daisho.be\/es\/#website\",\"url\":\"https:\/\/www.daisho.be\/es\/\",\"name\":\"Daisho\",\"description\":\"Sp&eacute;cialiste de l'&eacute;quipement sportif d'arts martiaux\",\"publisher\":{\"@id\":\"https:\/\/www.daisho.be\/es\/#organization\"},\"potentialAction\":[{\"@type\":\"SearchAction\",\"target\":{\"@type\":\"EntryPoint\",\"urlTemplate\":\"https:\/\/www.daisho.be\/es\/?s={search_term_string}\"},\"query-input\":{\"@type\":\"PropertyValueSpecification\",\"valueRequired\":true,\"valueName\":\"search_term_string\"}}],\"inLanguage\":\"es\"},{\"@type\":\"Organization\",\"@id\":\"https:\/\/www.daisho.be\/es\/#organization\",\"name\":\"Daisho\",\"url\":\"https:\/\/www.daisho.be\/es\/\",\"logo\":{\"@type\":\"ImageObject\",\"inLanguage\":\"es\",\"@id\":\"https:\/\/www.daisho.be\/es\/#\/schema\/logo\/image\/\",\"url\":\"https:\/\/www.daisho.be\/wp-content\/uploads\/2019\/07\/color-nothing-horizontale4x-e1564486100247.png\",\"contentUrl\":\"https:\/\/www.daisho.be\/wp-content\/uploads\/2019\/07\/color-nothing-horizontale4x-e1564486100247.png\",\"width\":1547,\"height\":385,\"caption\":\"Daisho\"},\"image\":{\"@id\":\"https:\/\/www.daisho.be\/es\/#\/schema\/logo\/image\/\"}}]}<\/script>\n<!-- \/ Yoast SEO plugin. -->","yoast_head_json":{"title":"Kimono de Judo blanco para competici\u00f3n - Judogi Moskito Plus | Daisho","description":"El kimono de judo Moskito Plus es una excelente elecci\u00f3n para todos los amantes de las competiciones y las artes marciales. \u2713 Judogi de alta calidad","robots":{"index":"index","follow":"follow","max-snippet":"max-snippet:-1","max-image-preview":"max-image-preview:large","max-video-preview":"max-video-preview:-1"},"canonical":"https:\/\/www.daisho.be\/es\/produit\/moskito-plus-competicion-judogi-blanco\/","og_locale":"es_ES","og_type":"article","og_title":"Kimono de Judo blanco para competici\u00f3n - Judogi Moskito Plus | Daisho","og_description":"El kimono de judo Moskito Plus es una excelente elecci\u00f3n para todos los amantes de las competiciones y las artes marciales. \u2713 Judogi de alta calidad","og_url":"https:\/\/www.daisho.be\/es\/produit\/moskito-plus-competicion-judogi-blanco\/","og_site_name":"Daisho","article_modified_time":"2025-10-09T11:56:56+00:00","og_image":[{"width":384,"height":543,"url":"https:\/\/www.daisho.be\/wp-content\/uploads\/2024\/08\/image-30.jpg","type":"image\/jpeg"}],"twitter_card":"summary_large_image","schema":{"@context":"https:\/\/schema.org","@graph":[{"@type":"WebPage","@id":"https:\/\/www.daisho.be\/es\/produit\/moskito-plus-competicion-judogi-blanco\/","url":"https:\/\/www.daisho.be\/es\/produit\/moskito-plus-competicion-judogi-blanco\/","name":"Kimono de Judo blanco para competici\u00f3n - Judogi Moskito Plus | Daisho","isPartOf":{"@id":"https:\/\/www.daisho.be\/es\/#website"},"primaryImageOfPage":{"@id":"https:\/\/www.daisho.be\/es\/produit\/moskito-plus-competicion-judogi-blanco\/#primaryimage"},"image":{"@id":"https:\/\/www.daisho.be\/es\/produit\/moskito-plus-competicion-judogi-blanco\/#primaryimage"},"thumbnailUrl":"https:\/\/www.daisho.be\/wp-content\/uploads\/2024\/08\/image-30.jpg","datePublished":"2020-01-18T14:25:56+00:00","dateModified":"2025-10-09T11:56:56+00:00","description":"El kimono de judo Moskito Plus es una excelente elecci\u00f3n para todos los amantes de las competiciones y las artes marciales. \u2713 Judogi de alta calidad","breadcrumb":{"@id":"https:\/\/www.daisho.be\/es\/produit\/moskito-plus-competicion-judogi-blanco\/#breadcrumb"},"inLanguage":"es","potentialAction":[{"@type":"ReadAction","target":["https:\/\/www.daisho.be\/es\/produit\/moskito-plus-competicion-judogi-blanco\/"]}]},{"@type":"ImageObject","inLanguage":"es","@id":"https:\/\/www.daisho.be\/es\/produit\/moskito-plus-competicion-judogi-blanco\/#primaryimage","url":"https:\/\/www.daisho.be\/wp-content\/uploads\/2024\/08\/image-30.jpg","contentUrl":"https:\/\/www.daisho.be\/wp-content\/uploads\/2024\/08\/image-30.jpg","width":384,"height":543,"caption":"MOSKITO PLUS COMPETICI\u00d3N JUDOGI BLANCO-1"},{"@type":"BreadcrumbList","@id":"https:\/\/www.daisho.be\/es\/produit\/moskito-plus-competicion-judogi-blanco\/#breadcrumb","itemListElement":[{"@type":"ListItem","position":1,"name":"Accueil","item":"https:\/\/www.daisho.be\/es\/"},{"@type":"ListItem","position":2,"name":"Productos","item":"https:\/\/www.daisho.be\/es\/productos\/"},{"@type":"ListItem","position":3,"name":"Equipamiento y ropa para artes marciales y deportes de combate","item":"https:\/\/www.daisho.be\/es\/categorie-produit\/equipamiento-y-ropa-para-artes-marciales-y-deportes-de-combate\/"},{"@type":"ListItem","position":4,"name":"Jujitsu y jiu-jitsu brasile\u00f1os","item":"https:\/\/www.daisho.be\/es\/categorie-produit\/equipamiento-y-ropa-para-artes-marciales-y-deportes-de-combate\/jujitsu-y-jiu-jitsu-brasilenos\/"},{"@type":"ListItem","position":5,"name":"Kimono de Jujitsu","item":"https:\/\/www.daisho.be\/es\/categorie-produit\/equipamiento-y-ropa-para-artes-marciales-y-deportes-de-combate\/jujitsu-y-jiu-jitsu-brasilenos\/kimono-de-jujitsu-es\/"},{"@type":"ListItem","position":6,"name":"MOSKITO PLUS COMPETICI\u00d3N JUDOGI BLANCO"}]},{"@type":"WebSite","@id":"https:\/\/www.daisho.be\/es\/#website","url":"https:\/\/www.daisho.be\/es\/","name":"Daisho","description":"Sp&eacute;cialiste de l'&eacute;quipement sportif d'arts martiaux","publisher":{"@id":"https:\/\/www.daisho.be\/es\/#organization"},"potentialAction":[{"@type":"SearchAction","target":{"@type":"EntryPoint","urlTemplate":"https:\/\/www.daisho.be\/es\/?s={search_term_string}"},"query-input":{"@type":"PropertyValueSpecification","valueRequired":true,"valueName":"search_term_string"}}],"inLanguage":"es"},{"@type":"Organization","@id":"https:\/\/www.daisho.be\/es\/#organization","name":"Daisho","url":"https:\/\/www.daisho.be\/es\/","logo":{"@type":"ImageObject","inLanguage":"es","@id":"https:\/\/www.daisho.be\/es\/#\/schema\/logo\/image\/","url":"https:\/\/www.daisho.be\/wp-content\/uploads\/2019\/07\/color-nothing-horizontale4x-e1564486100247.png","contentUrl":"https:\/\/www.daisho.be\/wp-content\/uploads\/2019\/07\/color-nothing-horizontale4x-e1564486100247.png","width":1547,"height":385,"caption":"Daisho"},"image":{"@id":"https:\/\/www.daisho.be\/es\/#\/schema\/logo\/image\/"}}]}},"_links":{"self":[{"href":"https:\/\/www.daisho.be\/es\/wp-json\/wp\/v2\/product\/353777","targetHints":{"allow":["GET"]}}],"collection":[{"href":"https:\/\/www.daisho.be\/es\/wp-json\/wp\/v2\/product"}],"about":[{"href":"https:\/\/www.daisho.be\/es\/wp-json\/wp\/v2\/types\/product"}],"replies":[{"embeddable":true,"href":"https:\/\/www.daisho.be\/es\/wp-json\/wp\/v2\/comments?post=353777"}],"wp:featuredmedia":[{"embeddable":true,"href":"https:\/\/www.daisho.be\/es\/wp-json\/wp\/v2\/media\/426271"}],"wp:attachment":[{"href":"https:\/\/www.daisho.be\/es\/wp-json\/wp\/v2\/media?parent=353777"}],"wp:term":[{"taxonomy":"product_brand","embeddable":true,"href":"https:\/\/www.daisho.be\/es\/wp-json\/wp\/v2\/product_brand?post=353777"},{"taxonomy":"product_cat","embeddable":true,"href":"https:\/\/www.daisho.be\/es\/wp-json\/wp\/v2\/product_cat?post=353777"},{"taxonomy":"product_tag","embeddable":true,"href":"https:\/\/www.daisho.be\/es\/wp-json\/wp\/v2\/product_tag?post=353777"},{"taxonomy":"sport","embeddable":true,"href":"https:\/\/www.daisho.be\/es\/wp-json\/wp\/v2\/sport?post=353777"}],"curies":[{"name":"wp","href":"https:\/\/api.w.org\/{rel}","templated":true}]}}