{"id":353701,"date":"2019-12-12T12:58:30","date_gmt":"2019-12-12T11:58:30","guid":{"rendered":"https:\/\/www.daisho.be\/produit\/tablero-de-propiocepcion\/"},"modified":"2025-10-09T13:57:34","modified_gmt":"2025-10-09T11:57:34","slug":"tablero-de-propiocepcion","status":"publish","type":"product","link":"https:\/\/www.daisho.be\/es\/produit\/tablero-de-propiocepcion\/","title":{"rendered":"Bandeja de balanza SPORTI"},"content":{"rendered":"<p>Accesorio esencial para la rehabilitaci\u00f3n.<br \/>\nLa b\u00fasqueda del equilibrio te permite trabajar eficazmente los m\u00fasculos profundos, fortaleciendo el cintur\u00f3n abdominal.<br \/>\nSu superficie antideslizante te permite trabajar con total seguridad.<br \/>\nPeso m\u00e1ximo: 150 kg.<br \/>\nDimensiones: diam. 40 cm. x A. 8 cm. <\/p>\n","protected":false},"excerpt":{"rendered":"<p>Accesorio esencial para la rehabilitaci\u00f3n. La b\u00fasqueda del equilibrio te permite trabajar eficazmente los m\u00fasculos profundos, fortaleciendo el cintur\u00f3n abdominal. Su superficie antideslizante te permite trabajar con total seguridad. Peso m\u00e1ximo: 150 kg. Dimensiones: diam. 40 cm. x A. 8 cm.<\/p>\n","protected":false},"featured_media":515158,"comment_status":"closed","ping_status":"closed","template":"","meta":{"inline_featured_image":false},"product_brand":[],"product_cat":[1763,1761,1762],"product_tag":[1550],"sport":[],"class_list":{"0":"post-353701","1":"product","2":"type-product","3":"status-publish","4":"has-post-thumbnail","6":"product_cat-accesorios","7":"product_cat-equipos-de-formacion-es-2","8":"product_cat-fitness-crossfit-es","9":"product_tag-sporti-es","10":"pa_size-sans-taille","12":"first","13":"instock","14":"taxable","15":"shipping-taxable","16":"purchasable","17":"product-type-simple"},"yoast_head":"<!-- This site is optimized with the Yoast SEO plugin v27.2 - https:\/\/yoast.com\/product\/yoast-seo-wordpress\/ -->\n<title>Bandeja de balanza SPORTI &#8211; Daisho<\/title>\n<meta name=\"robots\" content=\"index, follow, max-snippet:-1, max-image-preview:large, max-video-preview:-1\" \/>\n<link rel=\"canonical\" href=\"https:\/\/www.daisho.be\/es\/produit\/tablero-de-propiocepcion\/\" \/>\n<meta property=\"og:locale\" content=\"es_ES\" \/>\n<meta property=\"og:type\" content=\"article\" \/>\n<meta property=\"og:title\" content=\"Bandeja de balanza SPORTI &#8211; Daisho\" \/>\n<meta property=\"og:description\" content=\"Accesorio esencial para la rehabilitaci\u00f3n. La b\u00fasqueda del equilibrio te permite trabajar eficazmente los m\u00fasculos profundos, fortaleciendo el cintur\u00f3n abdominal. Su superficie antideslizante te permite trabajar con total seguridad. Peso m\u00e1ximo: 150 kg. Dimensiones: diam. 40 cm. x A. 8 cm.\" \/>\n<meta property=\"og:url\" content=\"https:\/\/www.daisho.be\/es\/produit\/tablero-de-propiocepcion\/\" \/>\n<meta property=\"og:site_name\" content=\"Daisho\" \/>\n<meta property=\"article:modified_time\" content=\"2025-10-09T11:57:34+00:00\" \/>\n<meta property=\"og:image\" content=\"https:\/\/www.daisho.be\/wp-content\/uploads\/2025\/04\/image-1-939x1024.png\" \/>\n\t<meta property=\"og:image:width\" content=\"939\" \/>\n\t<meta property=\"og:image:height\" content=\"1024\" \/>\n\t<meta property=\"og:image:type\" content=\"image\/png\" \/>\n<meta name=\"twitter:card\" content=\"summary_large_image\" \/>\n<script type=\"application\/ld+json\" class=\"yoast-schema-graph\">{\"@context\":\"https:\/\/schema.org\",\"@graph\":[{\"@type\":\"WebPage\",\"@id\":\"https:\/\/www.daisho.be\/es\/produit\/tablero-de-propiocepcion\/\",\"url\":\"https:\/\/www.daisho.be\/es\/produit\/tablero-de-propiocepcion\/\",\"name\":\"Bandeja de balanza SPORTI &#8211; Daisho\",\"isPartOf\":{\"@id\":\"https:\/\/www.daisho.be\/es\/#website\"},\"primaryImageOfPage\":{\"@id\":\"https:\/\/www.daisho.be\/es\/produit\/tablero-de-propiocepcion\/#primaryimage\"},\"image\":{\"@id\":\"https:\/\/www.daisho.be\/es\/produit\/tablero-de-propiocepcion\/#primaryimage\"},\"thumbnailUrl\":\"https:\/\/www.daisho.be\/wp-content\/uploads\/2025\/04\/image-1.png\",\"datePublished\":\"2019-12-12T11:58:30+00:00\",\"dateModified\":\"2025-10-09T11:57:34+00:00\",\"breadcrumb\":{\"@id\":\"https:\/\/www.daisho.be\/es\/produit\/tablero-de-propiocepcion\/#breadcrumb\"},\"inLanguage\":\"es\",\"potentialAction\":[{\"@type\":\"ReadAction\",\"target\":[\"https:\/\/www.daisho.be\/es\/produit\/tablero-de-propiocepcion\/\"]}]},{\"@type\":\"ImageObject\",\"inLanguage\":\"es\",\"@id\":\"https:\/\/www.daisho.be\/es\/produit\/tablero-de-propiocepcion\/#primaryimage\",\"url\":\"https:\/\/www.daisho.be\/wp-content\/uploads\/2025\/04\/image-1.png\",\"contentUrl\":\"https:\/\/www.daisho.be\/wp-content\/uploads\/2025\/04\/image-1.png\",\"width\":1200,\"height\":1308,\"caption\":\"Bandeja de balanza SPORTI-1\"},{\"@type\":\"BreadcrumbList\",\"@id\":\"https:\/\/www.daisho.be\/es\/produit\/tablero-de-propiocepcion\/#breadcrumb\",\"itemListElement\":[{\"@type\":\"ListItem\",\"position\":1,\"name\":\"Accueil\",\"item\":\"https:\/\/www.daisho.be\/es\/\"},{\"@type\":\"ListItem\",\"position\":2,\"name\":\"Productos\",\"item\":\"https:\/\/www.daisho.be\/es\/productos\/\"},{\"@type\":\"ListItem\",\"position\":3,\"name\":\"Fitness - Crossfit\",\"item\":\"https:\/\/www.daisho.be\/es\/categorie-produit\/fitness-crossfit-es\/\"},{\"@type\":\"ListItem\",\"position\":4,\"name\":\"Accesorios\",\"item\":\"https:\/\/www.daisho.be\/es\/categorie-produit\/fitness-crossfit-es\/accesorios\/\"},{\"@type\":\"ListItem\",\"position\":5,\"name\":\"Bandeja de balanza SPORTI\"}]},{\"@type\":\"WebSite\",\"@id\":\"https:\/\/www.daisho.be\/es\/#website\",\"url\":\"https:\/\/www.daisho.be\/es\/\",\"name\":\"Daisho\",\"description\":\"Sp&eacute;cialiste de l'&eacute;quipement sportif d'arts martiaux\",\"publisher\":{\"@id\":\"https:\/\/www.daisho.be\/es\/#organization\"},\"potentialAction\":[{\"@type\":\"SearchAction\",\"target\":{\"@type\":\"EntryPoint\",\"urlTemplate\":\"https:\/\/www.daisho.be\/es\/?s={search_term_string}\"},\"query-input\":{\"@type\":\"PropertyValueSpecification\",\"valueRequired\":true,\"valueName\":\"search_term_string\"}}],\"inLanguage\":\"es\"},{\"@type\":\"Organization\",\"@id\":\"https:\/\/www.daisho.be\/es\/#organization\",\"name\":\"Daisho\",\"url\":\"https:\/\/www.daisho.be\/es\/\",\"logo\":{\"@type\":\"ImageObject\",\"inLanguage\":\"es\",\"@id\":\"https:\/\/www.daisho.be\/es\/#\/schema\/logo\/image\/\",\"url\":\"https:\/\/www.daisho.be\/wp-content\/uploads\/2019\/07\/color-nothing-horizontale4x-e1564486100247.png\",\"contentUrl\":\"https:\/\/www.daisho.be\/wp-content\/uploads\/2019\/07\/color-nothing-horizontale4x-e1564486100247.png\",\"width\":1547,\"height\":385,\"caption\":\"Daisho\"},\"image\":{\"@id\":\"https:\/\/www.daisho.be\/es\/#\/schema\/logo\/image\/\"}}]}<\/script>\n<!-- \/ Yoast SEO plugin. -->","yoast_head_json":{"title":"Bandeja de balanza SPORTI &#8211; Daisho","robots":{"index":"index","follow":"follow","max-snippet":"max-snippet:-1","max-image-preview":"max-image-preview:large","max-video-preview":"max-video-preview:-1"},"canonical":"https:\/\/www.daisho.be\/es\/produit\/tablero-de-propiocepcion\/","og_locale":"es_ES","og_type":"article","og_title":"Bandeja de balanza SPORTI &#8211; Daisho","og_description":"Accesorio esencial para la rehabilitaci\u00f3n. La b\u00fasqueda del equilibrio te permite trabajar eficazmente los m\u00fasculos profundos, fortaleciendo el cintur\u00f3n abdominal. Su superficie antideslizante te permite trabajar con total seguridad. Peso m\u00e1ximo: 150 kg. Dimensiones: diam. 40 cm. x A. 8 cm.","og_url":"https:\/\/www.daisho.be\/es\/produit\/tablero-de-propiocepcion\/","og_site_name":"Daisho","article_modified_time":"2025-10-09T11:57:34+00:00","og_image":[{"width":939,"height":1024,"url":"https:\/\/www.daisho.be\/wp-content\/uploads\/2025\/04\/image-1-939x1024.png","type":"image\/png"}],"twitter_card":"summary_large_image","schema":{"@context":"https:\/\/schema.org","@graph":[{"@type":"WebPage","@id":"https:\/\/www.daisho.be\/es\/produit\/tablero-de-propiocepcion\/","url":"https:\/\/www.daisho.be\/es\/produit\/tablero-de-propiocepcion\/","name":"Bandeja de balanza SPORTI &#8211; Daisho","isPartOf":{"@id":"https:\/\/www.daisho.be\/es\/#website"},"primaryImageOfPage":{"@id":"https:\/\/www.daisho.be\/es\/produit\/tablero-de-propiocepcion\/#primaryimage"},"image":{"@id":"https:\/\/www.daisho.be\/es\/produit\/tablero-de-propiocepcion\/#primaryimage"},"thumbnailUrl":"https:\/\/www.daisho.be\/wp-content\/uploads\/2025\/04\/image-1.png","datePublished":"2019-12-12T11:58:30+00:00","dateModified":"2025-10-09T11:57:34+00:00","breadcrumb":{"@id":"https:\/\/www.daisho.be\/es\/produit\/tablero-de-propiocepcion\/#breadcrumb"},"inLanguage":"es","potentialAction":[{"@type":"ReadAction","target":["https:\/\/www.daisho.be\/es\/produit\/tablero-de-propiocepcion\/"]}]},{"@type":"ImageObject","inLanguage":"es","@id":"https:\/\/www.daisho.be\/es\/produit\/tablero-de-propiocepcion\/#primaryimage","url":"https:\/\/www.daisho.be\/wp-content\/uploads\/2025\/04\/image-1.png","contentUrl":"https:\/\/www.daisho.be\/wp-content\/uploads\/2025\/04\/image-1.png","width":1200,"height":1308,"caption":"Bandeja de balanza SPORTI-1"},{"@type":"BreadcrumbList","@id":"https:\/\/www.daisho.be\/es\/produit\/tablero-de-propiocepcion\/#breadcrumb","itemListElement":[{"@type":"ListItem","position":1,"name":"Accueil","item":"https:\/\/www.daisho.be\/es\/"},{"@type":"ListItem","position":2,"name":"Productos","item":"https:\/\/www.daisho.be\/es\/productos\/"},{"@type":"ListItem","position":3,"name":"Fitness - Crossfit","item":"https:\/\/www.daisho.be\/es\/categorie-produit\/fitness-crossfit-es\/"},{"@type":"ListItem","position":4,"name":"Accesorios","item":"https:\/\/www.daisho.be\/es\/categorie-produit\/fitness-crossfit-es\/accesorios\/"},{"@type":"ListItem","position":5,"name":"Bandeja de balanza SPORTI"}]},{"@type":"WebSite","@id":"https:\/\/www.daisho.be\/es\/#website","url":"https:\/\/www.daisho.be\/es\/","name":"Daisho","description":"Sp&eacute;cialiste de l'&eacute;quipement sportif d'arts martiaux","publisher":{"@id":"https:\/\/www.daisho.be\/es\/#organization"},"potentialAction":[{"@type":"SearchAction","target":{"@type":"EntryPoint","urlTemplate":"https:\/\/www.daisho.be\/es\/?s={search_term_string}"},"query-input":{"@type":"PropertyValueSpecification","valueRequired":true,"valueName":"search_term_string"}}],"inLanguage":"es"},{"@type":"Organization","@id":"https:\/\/www.daisho.be\/es\/#organization","name":"Daisho","url":"https:\/\/www.daisho.be\/es\/","logo":{"@type":"ImageObject","inLanguage":"es","@id":"https:\/\/www.daisho.be\/es\/#\/schema\/logo\/image\/","url":"https:\/\/www.daisho.be\/wp-content\/uploads\/2019\/07\/color-nothing-horizontale4x-e1564486100247.png","contentUrl":"https:\/\/www.daisho.be\/wp-content\/uploads\/2019\/07\/color-nothing-horizontale4x-e1564486100247.png","width":1547,"height":385,"caption":"Daisho"},"image":{"@id":"https:\/\/www.daisho.be\/es\/#\/schema\/logo\/image\/"}}]}},"_links":{"self":[{"href":"https:\/\/www.daisho.be\/es\/wp-json\/wp\/v2\/product\/353701","targetHints":{"allow":["GET"]}}],"collection":[{"href":"https:\/\/www.daisho.be\/es\/wp-json\/wp\/v2\/product"}],"about":[{"href":"https:\/\/www.daisho.be\/es\/wp-json\/wp\/v2\/types\/product"}],"replies":[{"embeddable":true,"href":"https:\/\/www.daisho.be\/es\/wp-json\/wp\/v2\/comments?post=353701"}],"wp:featuredmedia":[{"embeddable":true,"href":"https:\/\/www.daisho.be\/es\/wp-json\/wp\/v2\/media\/515158"}],"wp:attachment":[{"href":"https:\/\/www.daisho.be\/es\/wp-json\/wp\/v2\/media?parent=353701"}],"wp:term":[{"taxonomy":"product_brand","embeddable":true,"href":"https:\/\/www.daisho.be\/es\/wp-json\/wp\/v2\/product_brand?post=353701"},{"taxonomy":"product_cat","embeddable":true,"href":"https:\/\/www.daisho.be\/es\/wp-json\/wp\/v2\/product_cat?post=353701"},{"taxonomy":"product_tag","embeddable":true,"href":"https:\/\/www.daisho.be\/es\/wp-json\/wp\/v2\/product_tag?post=353701"},{"taxonomy":"sport","embeddable":true,"href":"https:\/\/www.daisho.be\/es\/wp-json\/wp\/v2\/sport?post=353701"}],"curies":[{"name":"wp","href":"https:\/\/api.w.org\/{rel}","templated":true}]}}