{"id":353686,"date":"2020-01-18T15:23:14","date_gmt":"2020-01-18T14:23:14","guid":{"rendered":"https:\/\/www.daisho.be\/produit\/judogi-dax-kids-blanco\/"},"modified":"2026-04-07T10:32:24","modified_gmt":"2026-04-07T08:32:24","slug":"judogi-dax-kids-blanco","status":"publish","type":"product","link":"https:\/\/www.daisho.be\/es\/produit\/judogi-dax-kids-blanco\/","title":{"rendered":"JUDOGI DAX KIDS BLANCO"},"content":{"rendered":"<p>El DAX Kids Judogi es un gran judogi de iniciaci\u00f3n para ni\u00f1os y adolescentes. Todas las zonas de mayor tensi\u00f3n est\u00e1n reforzadas, lo que aumenta considerablemente la durabilidad de este kimono de judo.<\/p>\n<p>Caracter\u00edsticas :<\/p>\n<p>&#8211; ligera y c\u00f3moda de llevar,<br \/>\n&#8211; chaqueta reforzada en hombros, pecho y solapa,<\/p>\n<p>&#8211; rodillas con doble costura,<br \/>\n&#8211; pantal\u00f3n con cintura el\u00e1stica,<br \/>\n&#8211; tambi\u00e9n adecuado para ju-jitsu,<br \/>\n&#8211; material: 100% algod\u00f3n, aprox. 450 g\/m\u00b2,<br \/>\n&#8211; encogimiento: aprox. 7%,<br \/>\n&#8211; contenido: chaqueta, pantal\u00f3n, cintura blanca.<\/p>\n","protected":false},"excerpt":{"rendered":"<p>El DAX Kids Judogi es un gran judogi de iniciaci\u00f3n para ni\u00f1os y adolescentes. Todas las zonas de mayor tensi\u00f3n est\u00e1n reforzadas, lo que aumenta considerablemente la durabilidad de este kimono de judo. Caracter\u00edsticas : &#8211; ligera y c\u00f3moda de llevar, &#8211; chaqueta reforzada en hombros, pecho y solapa, &#8211; rodillas con doble costura, &#8211; [&hellip;]<\/p>\n","protected":false},"featured_media":337962,"comment_status":"closed","ping_status":"closed","template":"","meta":{"inline_featured_image":false},"product_brand":[],"product_cat":[1327,1326,1654,1311],"product_tag":[1320],"sport":[429,74,78],"class_list":{"0":"post-353686","1":"product","2":"type-product","3":"status-publish","4":"has-post-thumbnail","6":"product_cat-kimono-de-jujitsu-es","7":"product_cat-kimonos-de-aikido","8":"product_cat-kimonos-de-judo","9":"product_cat-trajes-kimonos","10":"product_tag-dax-es","11":"pa_size-437","12":"pa_size-375","13":"pa_size-374","14":"pa_size-373","15":"pa_size-381","16":"pa_size-380","17":"pa_size-379","18":"pa_size-378","19":"pa_size-377","20":"sport-aikido","21":"sport-jiu-jitsu","22":"sport-judo","24":"first","25":"instock","26":"taxable","27":"shipping-taxable","28":"purchasable","29":"product-type-variable"},"yoast_head":"<!-- This site is optimized with the Yoast SEO plugin v27.2 - https:\/\/yoast.com\/product\/yoast-seo-wordpress\/ -->\n<title>Kimono de judo blanco para ni\u00f1os - Judogi Dax Kids | Daisho<\/title>\n<meta name=\"description\" content=\"\u00bfSu hijo practica artes marciales? Nuestro kimono de judo blanco (Dax) deber\u00eda gustarle.... \u2713 Alta durabilidad\" \/>\n<meta name=\"robots\" content=\"index, follow, max-snippet:-1, max-image-preview:large, max-video-preview:-1\" \/>\n<link rel=\"canonical\" href=\"https:\/\/www.daisho.be\/es\/produit\/judogi-dax-kids-blanco\/\" \/>\n<meta property=\"og:locale\" content=\"es_ES\" \/>\n<meta property=\"og:type\" content=\"article\" \/>\n<meta property=\"og:title\" content=\"Kimono de judo blanco para ni\u00f1os - Judogi Dax Kids | Daisho\" \/>\n<meta property=\"og:description\" content=\"\u00bfSu hijo practica artes marciales? Nuestro kimono de judo blanco (Dax) deber\u00eda gustarle.... \u2713 Alta durabilidad\" \/>\n<meta property=\"og:url\" content=\"https:\/\/www.daisho.be\/es\/produit\/judogi-dax-kids-blanco\/\" \/>\n<meta property=\"og:site_name\" content=\"Daisho\" \/>\n<meta property=\"article:modified_time\" content=\"2026-04-07T08:32:24+00:00\" \/>\n<meta property=\"og:image\" content=\"https:\/\/www.daisho.be\/wp-content\/uploads\/2023\/06\/image-52.jpg\" \/>\n\t<meta property=\"og:image:width\" content=\"1359\" \/>\n\t<meta property=\"og:image:height\" content=\"1920\" \/>\n\t<meta property=\"og:image:type\" content=\"image\/jpeg\" \/>\n<meta name=\"twitter:card\" content=\"summary_large_image\" \/>\n<script type=\"application\/ld+json\" class=\"yoast-schema-graph\">{\"@context\":\"https:\/\/schema.org\",\"@graph\":[{\"@type\":\"WebPage\",\"@id\":\"https:\/\/www.daisho.be\/es\/produit\/judogi-dax-kids-blanco\/\",\"url\":\"https:\/\/www.daisho.be\/es\/produit\/judogi-dax-kids-blanco\/\",\"name\":\"Kimono de judo blanco para ni\u00f1os - Judogi Dax Kids | Daisho\",\"isPartOf\":{\"@id\":\"https:\/\/www.daisho.be\/es\/#website\"},\"primaryImageOfPage\":{\"@id\":\"https:\/\/www.daisho.be\/es\/produit\/judogi-dax-kids-blanco\/#primaryimage\"},\"image\":{\"@id\":\"https:\/\/www.daisho.be\/es\/produit\/judogi-dax-kids-blanco\/#primaryimage\"},\"thumbnailUrl\":\"https:\/\/www.daisho.be\/wp-content\/uploads\/2023\/06\/image-52.jpg\",\"datePublished\":\"2020-01-18T14:23:14+00:00\",\"dateModified\":\"2026-04-07T08:32:24+00:00\",\"description\":\"\u00bfSu hijo practica artes marciales? Nuestro kimono de judo blanco (Dax) deber\u00eda gustarle.... \u2713 Alta durabilidad\",\"breadcrumb\":{\"@id\":\"https:\/\/www.daisho.be\/es\/produit\/judogi-dax-kids-blanco\/#breadcrumb\"},\"inLanguage\":\"es\",\"potentialAction\":[{\"@type\":\"ReadAction\",\"target\":[\"https:\/\/www.daisho.be\/es\/produit\/judogi-dax-kids-blanco\/\"]}]},{\"@type\":\"ImageObject\",\"inLanguage\":\"es\",\"@id\":\"https:\/\/www.daisho.be\/es\/produit\/judogi-dax-kids-blanco\/#primaryimage\",\"url\":\"https:\/\/www.daisho.be\/wp-content\/uploads\/2023\/06\/image-52.jpg\",\"contentUrl\":\"https:\/\/www.daisho.be\/wp-content\/uploads\/2023\/06\/image-52.jpg\",\"width\":1359,\"height\":1920,\"caption\":\"JUDOGI DAX KIDS BLANCO-1\"},{\"@type\":\"BreadcrumbList\",\"@id\":\"https:\/\/www.daisho.be\/es\/produit\/judogi-dax-kids-blanco\/#breadcrumb\",\"itemListElement\":[{\"@type\":\"ListItem\",\"position\":1,\"name\":\"Accueil\",\"item\":\"https:\/\/www.daisho.be\/es\/\"},{\"@type\":\"ListItem\",\"position\":2,\"name\":\"Productos\",\"item\":\"https:\/\/www.daisho.be\/es\/productos\/\"},{\"@type\":\"ListItem\",\"position\":3,\"name\":\"Equipamiento y ropa para artes marciales y deportes de combate\",\"item\":\"https:\/\/www.daisho.be\/es\/categorie-produit\/equipamiento-y-ropa-para-artes-marciales-y-deportes-de-combate\/\"},{\"@type\":\"ListItem\",\"position\":4,\"name\":\"Jujitsu y jiu-jitsu brasile\u00f1os\",\"item\":\"https:\/\/www.daisho.be\/es\/categorie-produit\/equipamiento-y-ropa-para-artes-marciales-y-deportes-de-combate\/jujitsu-y-jiu-jitsu-brasilenos\/\"},{\"@type\":\"ListItem\",\"position\":5,\"name\":\"Kimono de Jujitsu\",\"item\":\"https:\/\/www.daisho.be\/es\/categorie-produit\/equipamiento-y-ropa-para-artes-marciales-y-deportes-de-combate\/jujitsu-y-jiu-jitsu-brasilenos\/kimono-de-jujitsu-es\/\"},{\"@type\":\"ListItem\",\"position\":6,\"name\":\"JUDOGI DAX KIDS BLANCO\"}]},{\"@type\":\"WebSite\",\"@id\":\"https:\/\/www.daisho.be\/es\/#website\",\"url\":\"https:\/\/www.daisho.be\/es\/\",\"name\":\"Daisho\",\"description\":\"Sp&eacute;cialiste de l'&eacute;quipement sportif d'arts martiaux\",\"publisher\":{\"@id\":\"https:\/\/www.daisho.be\/es\/#organization\"},\"potentialAction\":[{\"@type\":\"SearchAction\",\"target\":{\"@type\":\"EntryPoint\",\"urlTemplate\":\"https:\/\/www.daisho.be\/es\/?s={search_term_string}\"},\"query-input\":{\"@type\":\"PropertyValueSpecification\",\"valueRequired\":true,\"valueName\":\"search_term_string\"}}],\"inLanguage\":\"es\"},{\"@type\":\"Organization\",\"@id\":\"https:\/\/www.daisho.be\/es\/#organization\",\"name\":\"Daisho\",\"url\":\"https:\/\/www.daisho.be\/es\/\",\"logo\":{\"@type\":\"ImageObject\",\"inLanguage\":\"es\",\"@id\":\"https:\/\/www.daisho.be\/es\/#\/schema\/logo\/image\/\",\"url\":\"https:\/\/www.daisho.be\/wp-content\/uploads\/2019\/07\/color-nothing-horizontale4x-e1564486100247.png\",\"contentUrl\":\"https:\/\/www.daisho.be\/wp-content\/uploads\/2019\/07\/color-nothing-horizontale4x-e1564486100247.png\",\"width\":1547,\"height\":385,\"caption\":\"Daisho\"},\"image\":{\"@id\":\"https:\/\/www.daisho.be\/es\/#\/schema\/logo\/image\/\"}}]}<\/script>\n<!-- \/ Yoast SEO plugin. -->","yoast_head_json":{"title":"Kimono de judo blanco para ni\u00f1os - Judogi Dax Kids | Daisho","description":"\u00bfSu hijo practica artes marciales? Nuestro kimono de judo blanco (Dax) deber\u00eda gustarle.... \u2713 Alta durabilidad","robots":{"index":"index","follow":"follow","max-snippet":"max-snippet:-1","max-image-preview":"max-image-preview:large","max-video-preview":"max-video-preview:-1"},"canonical":"https:\/\/www.daisho.be\/es\/produit\/judogi-dax-kids-blanco\/","og_locale":"es_ES","og_type":"article","og_title":"Kimono de judo blanco para ni\u00f1os - Judogi Dax Kids | Daisho","og_description":"\u00bfSu hijo practica artes marciales? Nuestro kimono de judo blanco (Dax) deber\u00eda gustarle.... \u2713 Alta durabilidad","og_url":"https:\/\/www.daisho.be\/es\/produit\/judogi-dax-kids-blanco\/","og_site_name":"Daisho","article_modified_time":"2026-04-07T08:32:24+00:00","og_image":[{"width":1359,"height":1920,"url":"https:\/\/www.daisho.be\/wp-content\/uploads\/2023\/06\/image-52.jpg","type":"image\/jpeg"}],"twitter_card":"summary_large_image","schema":{"@context":"https:\/\/schema.org","@graph":[{"@type":"WebPage","@id":"https:\/\/www.daisho.be\/es\/produit\/judogi-dax-kids-blanco\/","url":"https:\/\/www.daisho.be\/es\/produit\/judogi-dax-kids-blanco\/","name":"Kimono de judo blanco para ni\u00f1os - Judogi Dax Kids | Daisho","isPartOf":{"@id":"https:\/\/www.daisho.be\/es\/#website"},"primaryImageOfPage":{"@id":"https:\/\/www.daisho.be\/es\/produit\/judogi-dax-kids-blanco\/#primaryimage"},"image":{"@id":"https:\/\/www.daisho.be\/es\/produit\/judogi-dax-kids-blanco\/#primaryimage"},"thumbnailUrl":"https:\/\/www.daisho.be\/wp-content\/uploads\/2023\/06\/image-52.jpg","datePublished":"2020-01-18T14:23:14+00:00","dateModified":"2026-04-07T08:32:24+00:00","description":"\u00bfSu hijo practica artes marciales? Nuestro kimono de judo blanco (Dax) deber\u00eda gustarle.... \u2713 Alta durabilidad","breadcrumb":{"@id":"https:\/\/www.daisho.be\/es\/produit\/judogi-dax-kids-blanco\/#breadcrumb"},"inLanguage":"es","potentialAction":[{"@type":"ReadAction","target":["https:\/\/www.daisho.be\/es\/produit\/judogi-dax-kids-blanco\/"]}]},{"@type":"ImageObject","inLanguage":"es","@id":"https:\/\/www.daisho.be\/es\/produit\/judogi-dax-kids-blanco\/#primaryimage","url":"https:\/\/www.daisho.be\/wp-content\/uploads\/2023\/06\/image-52.jpg","contentUrl":"https:\/\/www.daisho.be\/wp-content\/uploads\/2023\/06\/image-52.jpg","width":1359,"height":1920,"caption":"JUDOGI DAX KIDS BLANCO-1"},{"@type":"BreadcrumbList","@id":"https:\/\/www.daisho.be\/es\/produit\/judogi-dax-kids-blanco\/#breadcrumb","itemListElement":[{"@type":"ListItem","position":1,"name":"Accueil","item":"https:\/\/www.daisho.be\/es\/"},{"@type":"ListItem","position":2,"name":"Productos","item":"https:\/\/www.daisho.be\/es\/productos\/"},{"@type":"ListItem","position":3,"name":"Equipamiento y ropa para artes marciales y deportes de combate","item":"https:\/\/www.daisho.be\/es\/categorie-produit\/equipamiento-y-ropa-para-artes-marciales-y-deportes-de-combate\/"},{"@type":"ListItem","position":4,"name":"Jujitsu y jiu-jitsu brasile\u00f1os","item":"https:\/\/www.daisho.be\/es\/categorie-produit\/equipamiento-y-ropa-para-artes-marciales-y-deportes-de-combate\/jujitsu-y-jiu-jitsu-brasilenos\/"},{"@type":"ListItem","position":5,"name":"Kimono de Jujitsu","item":"https:\/\/www.daisho.be\/es\/categorie-produit\/equipamiento-y-ropa-para-artes-marciales-y-deportes-de-combate\/jujitsu-y-jiu-jitsu-brasilenos\/kimono-de-jujitsu-es\/"},{"@type":"ListItem","position":6,"name":"JUDOGI DAX KIDS BLANCO"}]},{"@type":"WebSite","@id":"https:\/\/www.daisho.be\/es\/#website","url":"https:\/\/www.daisho.be\/es\/","name":"Daisho","description":"Sp&eacute;cialiste de l'&eacute;quipement sportif d'arts martiaux","publisher":{"@id":"https:\/\/www.daisho.be\/es\/#organization"},"potentialAction":[{"@type":"SearchAction","target":{"@type":"EntryPoint","urlTemplate":"https:\/\/www.daisho.be\/es\/?s={search_term_string}"},"query-input":{"@type":"PropertyValueSpecification","valueRequired":true,"valueName":"search_term_string"}}],"inLanguage":"es"},{"@type":"Organization","@id":"https:\/\/www.daisho.be\/es\/#organization","name":"Daisho","url":"https:\/\/www.daisho.be\/es\/","logo":{"@type":"ImageObject","inLanguage":"es","@id":"https:\/\/www.daisho.be\/es\/#\/schema\/logo\/image\/","url":"https:\/\/www.daisho.be\/wp-content\/uploads\/2019\/07\/color-nothing-horizontale4x-e1564486100247.png","contentUrl":"https:\/\/www.daisho.be\/wp-content\/uploads\/2019\/07\/color-nothing-horizontale4x-e1564486100247.png","width":1547,"height":385,"caption":"Daisho"},"image":{"@id":"https:\/\/www.daisho.be\/es\/#\/schema\/logo\/image\/"}}]}},"_links":{"self":[{"href":"https:\/\/www.daisho.be\/es\/wp-json\/wp\/v2\/product\/353686","targetHints":{"allow":["GET"]}}],"collection":[{"href":"https:\/\/www.daisho.be\/es\/wp-json\/wp\/v2\/product"}],"about":[{"href":"https:\/\/www.daisho.be\/es\/wp-json\/wp\/v2\/types\/product"}],"replies":[{"embeddable":true,"href":"https:\/\/www.daisho.be\/es\/wp-json\/wp\/v2\/comments?post=353686"}],"wp:featuredmedia":[{"embeddable":true,"href":"https:\/\/www.daisho.be\/es\/wp-json\/wp\/v2\/media\/337962"}],"wp:attachment":[{"href":"https:\/\/www.daisho.be\/es\/wp-json\/wp\/v2\/media?parent=353686"}],"wp:term":[{"taxonomy":"product_brand","embeddable":true,"href":"https:\/\/www.daisho.be\/es\/wp-json\/wp\/v2\/product_brand?post=353686"},{"taxonomy":"product_cat","embeddable":true,"href":"https:\/\/www.daisho.be\/es\/wp-json\/wp\/v2\/product_cat?post=353686"},{"taxonomy":"product_tag","embeddable":true,"href":"https:\/\/www.daisho.be\/es\/wp-json\/wp\/v2\/product_tag?post=353686"},{"taxonomy":"sport","embeddable":true,"href":"https:\/\/www.daisho.be\/es\/wp-json\/wp\/v2\/sport?post=353686"}],"curies":[{"name":"wp","href":"https:\/\/api.w.org\/{rel}","templated":true}]}}