{"id":353634,"date":"2019-12-05T22:01:05","date_gmt":"2019-12-05T21:01:05","guid":{"rendered":"https:\/\/www.daisho.be\/produit\/soporte-de-pared-plegable-para-saco-de-boxeo\/"},"modified":"2025-10-09T13:57:42","modified_gmt":"2025-10-09T11:57:42","slug":"soporte-de-pared-plegable-para-saco-de-boxeo","status":"publish","type":"product","link":"https:\/\/www.daisho.be\/es\/produit\/soporte-de-pared-plegable-para-saco-de-boxeo\/","title":{"rendered":"SOPORTE DE PARED PLEGABLE PARA SACO DE BOXEO"},"content":{"rendered":"<p>Soporte de pared para saco de boxeo con sistema de fijaci\u00f3n abatible, para el entrenamiento de boxeo en diversas artes marciales y deportes de combate.<br \/>\nSoporte de pared con sistema de fijaci\u00f3n abatible, tambi\u00e9n disponible con desplazamiento:<\/p>\n<p>700 mm, Ref. BOXPR700<x id=\"gid_0\"><\/x>900 mm, Ref. BOXPR900<br \/>\n1200 mm, Ref.   CAJAPR1200<\/p>\n<p>Dimensiones :<\/p>\n<p>Altura: 724 mm<br \/>\nAnchura: 400 mm<br \/>\nDesplazamiento: 700, 900 \u00f3 1200 mm<\/p>\n<p>Especificaciones t\u00e9cnicas :<\/p>\n<p>&#8211; Estructura de acero galvanizado plastificado, 40 x 40 mm<\/p>\n<p>&#8211; Placa de montaje mural de acero galvanizado plastificado de 10 mm de espesor<\/p>\n<p>&#8211; Pestillo para girar el v\u00e1stago de acero de \u00d8 10 mm y el v\u00e1stago de \u00d8 12 mm para la versi\u00f3n plegable<\/p>\n<p>&#8211; Tornillos no incluidos<\/p>\n<p>&#8211; Sistema de fijaci\u00f3n a la pared suministrado y definido por el instalador en funci\u00f3n de la naturaleza del soporte.<\/p>\n<p>&#8211; Probado con 330 kg.<\/p>\n","protected":false},"excerpt":{"rendered":"<p>Soporte de pared para saco de boxeo con sistema de fijaci\u00f3n abatible, para el entrenamiento de boxeo en diversas artes marciales y deportes de combate. Soporte de pared con sistema de fijaci\u00f3n abatible, tambi\u00e9n disponible con desplazamiento: 700 mm, Ref. BOXPR700900 mm, Ref. BOXPR900 1200 mm, Ref. CAJAPR1200 Dimensiones : Altura: 724 mm Anchura: 400 [&hellip;]<\/p>\n","protected":false},"featured_media":440524,"comment_status":"open","ping_status":"closed","template":"","meta":{"inline_featured_image":false},"product_brand":[],"product_cat":[1346,1321,1325],"product_tag":[],"sport":[448,446,73,431,455,79],"class_list":{"0":"post-353634","1":"product","2":"type-product","3":"status-publish","4":"has-post-thumbnail","6":"product_cat-equipo-de-entrenamiento-de-krav-maga","7":"product_cat-sacos-de-boxeo","8":"product_cat-sacos-de-boxeo-es","9":"product_shipping_class-productos-voluminosos","10":"pa_size-1200-mm","11":"pa_size-700-mm","12":"pa_size-900-mm","13":"sport-kick-boxing","14":"sport-boxe","15":"sport-karate","16":"sport-mma","17":"sport-muay-thai","18":"sport-taekwondo","20":"first","21":"instock","22":"taxable","23":"shipping-taxable","24":"purchasable","25":"product-type-variable"},"yoast_head":"<!-- This site is optimized with the Yoast SEO plugin v27.2 - https:\/\/yoast.com\/product\/yoast-seo-wordpress\/ -->\n<title>SOPORTE DE PARED PLEGABLE PARA SACO DE BOXEO &#8211; Daisho<\/title>\n<meta name=\"description\" content=\"Descubre la barra con sistema de fijaci\u00f3n plegable para tus sacos de boxeo. C\u00f3mpralo en nuestra web www.daisho.be|Daisho\" \/>\n<meta name=\"robots\" content=\"index, follow, max-snippet:-1, max-image-preview:large, max-video-preview:-1\" \/>\n<link rel=\"canonical\" href=\"https:\/\/www.daisho.be\/es\/produit\/soporte-de-pared-plegable-para-saco-de-boxeo\/\" \/>\n<meta property=\"og:locale\" content=\"es_ES\" \/>\n<meta property=\"og:type\" content=\"article\" \/>\n<meta property=\"og:title\" content=\"SOPORTE DE PARED PLEGABLE PARA SACO DE BOXEO &#8211; Daisho\" \/>\n<meta property=\"og:description\" content=\"Descubre la barra con sistema de fijaci\u00f3n plegable para tus sacos de boxeo. C\u00f3mpralo en nuestra web www.daisho.be|Daisho\" \/>\n<meta property=\"og:url\" content=\"https:\/\/www.daisho.be\/es\/produit\/soporte-de-pared-plegable-para-saco-de-boxeo\/\" \/>\n<meta property=\"og:site_name\" content=\"Daisho\" \/>\n<meta property=\"article:modified_time\" content=\"2025-10-09T11:57:42+00:00\" \/>\n<meta property=\"og:image\" content=\"https:\/\/www.daisho.be\/wp-content\/uploads\/2024\/10\/image.webp\" \/>\n\t<meta property=\"og:image:width\" content=\"880\" \/>\n\t<meta property=\"og:image:height\" content=\"542\" \/>\n\t<meta property=\"og:image:type\" content=\"image\/webp\" \/>\n<meta name=\"twitter:card\" content=\"summary_large_image\" \/>\n<meta name=\"twitter:label1\" content=\"Tiempo de lectura\" \/>\n\t<meta name=\"twitter:data1\" content=\"1 minuto\" \/>\n<script type=\"application\/ld+json\" class=\"yoast-schema-graph\">{\"@context\":\"https:\/\/schema.org\",\"@graph\":[{\"@type\":\"WebPage\",\"@id\":\"https:\/\/www.daisho.be\/es\/produit\/soporte-de-pared-plegable-para-saco-de-boxeo\/\",\"url\":\"https:\/\/www.daisho.be\/es\/produit\/soporte-de-pared-plegable-para-saco-de-boxeo\/\",\"name\":\"SOPORTE DE PARED PLEGABLE PARA SACO DE BOXEO &#8211; Daisho\",\"isPartOf\":{\"@id\":\"https:\/\/www.daisho.be\/es\/#website\"},\"primaryImageOfPage\":{\"@id\":\"https:\/\/www.daisho.be\/es\/produit\/soporte-de-pared-plegable-para-saco-de-boxeo\/#primaryimage\"},\"image\":{\"@id\":\"https:\/\/www.daisho.be\/es\/produit\/soporte-de-pared-plegable-para-saco-de-boxeo\/#primaryimage\"},\"thumbnailUrl\":\"https:\/\/www.daisho.be\/wp-content\/uploads\/2024\/10\/image.webp\",\"datePublished\":\"2019-12-05T21:01:05+00:00\",\"dateModified\":\"2025-10-09T11:57:42+00:00\",\"description\":\"Descubre la barra con sistema de fijaci\u00f3n plegable para tus sacos de boxeo. C\u00f3mpralo en nuestra web www.daisho.be|Daisho\",\"breadcrumb\":{\"@id\":\"https:\/\/www.daisho.be\/es\/produit\/soporte-de-pared-plegable-para-saco-de-boxeo\/#breadcrumb\"},\"inLanguage\":\"es\",\"potentialAction\":[{\"@type\":\"ReadAction\",\"target\":[\"https:\/\/www.daisho.be\/es\/produit\/soporte-de-pared-plegable-para-saco-de-boxeo\/\"]}]},{\"@type\":\"ImageObject\",\"inLanguage\":\"es\",\"@id\":\"https:\/\/www.daisho.be\/es\/produit\/soporte-de-pared-plegable-para-saco-de-boxeo\/#primaryimage\",\"url\":\"https:\/\/www.daisho.be\/wp-content\/uploads\/2024\/10\/image.webp\",\"contentUrl\":\"https:\/\/www.daisho.be\/wp-content\/uploads\/2024\/10\/image.webp\",\"width\":880,\"height\":542,\"caption\":\"SOPORTE DE PARED PLEGABLE PARA SACO DE BOXEO-1\"},{\"@type\":\"BreadcrumbList\",\"@id\":\"https:\/\/www.daisho.be\/es\/produit\/soporte-de-pared-plegable-para-saco-de-boxeo\/#breadcrumb\",\"itemListElement\":[{\"@type\":\"ListItem\",\"position\":1,\"name\":\"Accueil\",\"item\":\"https:\/\/www.daisho.be\/es\/\"},{\"@type\":\"ListItem\",\"position\":2,\"name\":\"Productos\",\"item\":\"https:\/\/www.daisho.be\/es\/productos\/\"},{\"@type\":\"ListItem\",\"position\":3,\"name\":\"Equipamiento y ropa para artes marciales y deportes de combate\",\"item\":\"https:\/\/www.daisho.be\/es\/categorie-produit\/equipamiento-y-ropa-para-artes-marciales-y-deportes-de-combate\/\"},{\"@type\":\"ListItem\",\"position\":4,\"name\":\"Krav Maga\",\"item\":\"https:\/\/www.daisho.be\/es\/categorie-produit\/equipamiento-y-ropa-para-artes-marciales-y-deportes-de-combate\/krav-maga-es\/\"},{\"@type\":\"ListItem\",\"position\":5,\"name\":\"Equipo de entrenamiento de Krav-Maga\",\"item\":\"https:\/\/www.daisho.be\/es\/categorie-produit\/equipamiento-y-ropa-para-artes-marciales-y-deportes-de-combate\/krav-maga-es\/equipo-de-entrenamiento-de-krav-maga\/\"},{\"@type\":\"ListItem\",\"position\":6,\"name\":\"SOPORTE DE PARED PLEGABLE PARA SACO DE BOXEO\"}]},{\"@type\":\"WebSite\",\"@id\":\"https:\/\/www.daisho.be\/es\/#website\",\"url\":\"https:\/\/www.daisho.be\/es\/\",\"name\":\"Daisho\",\"description\":\"Sp&eacute;cialiste de l'&eacute;quipement sportif d'arts martiaux\",\"publisher\":{\"@id\":\"https:\/\/www.daisho.be\/es\/#organization\"},\"potentialAction\":[{\"@type\":\"SearchAction\",\"target\":{\"@type\":\"EntryPoint\",\"urlTemplate\":\"https:\/\/www.daisho.be\/es\/?s={search_term_string}\"},\"query-input\":{\"@type\":\"PropertyValueSpecification\",\"valueRequired\":true,\"valueName\":\"search_term_string\"}}],\"inLanguage\":\"es\"},{\"@type\":\"Organization\",\"@id\":\"https:\/\/www.daisho.be\/es\/#organization\",\"name\":\"Daisho\",\"url\":\"https:\/\/www.daisho.be\/es\/\",\"logo\":{\"@type\":\"ImageObject\",\"inLanguage\":\"es\",\"@id\":\"https:\/\/www.daisho.be\/es\/#\/schema\/logo\/image\/\",\"url\":\"https:\/\/www.daisho.be\/wp-content\/uploads\/2019\/07\/color-nothing-horizontale4x-e1564486100247.png\",\"contentUrl\":\"https:\/\/www.daisho.be\/wp-content\/uploads\/2019\/07\/color-nothing-horizontale4x-e1564486100247.png\",\"width\":1547,\"height\":385,\"caption\":\"Daisho\"},\"image\":{\"@id\":\"https:\/\/www.daisho.be\/es\/#\/schema\/logo\/image\/\"}}]}<\/script>\n<!-- \/ Yoast SEO plugin. -->","yoast_head_json":{"title":"SOPORTE DE PARED PLEGABLE PARA SACO DE BOXEO &#8211; Daisho","description":"Descubre la barra con sistema de fijaci\u00f3n plegable para tus sacos de boxeo. C\u00f3mpralo en nuestra web www.daisho.be|Daisho","robots":{"index":"index","follow":"follow","max-snippet":"max-snippet:-1","max-image-preview":"max-image-preview:large","max-video-preview":"max-video-preview:-1"},"canonical":"https:\/\/www.daisho.be\/es\/produit\/soporte-de-pared-plegable-para-saco-de-boxeo\/","og_locale":"es_ES","og_type":"article","og_title":"SOPORTE DE PARED PLEGABLE PARA SACO DE BOXEO &#8211; Daisho","og_description":"Descubre la barra con sistema de fijaci\u00f3n plegable para tus sacos de boxeo. C\u00f3mpralo en nuestra web www.daisho.be|Daisho","og_url":"https:\/\/www.daisho.be\/es\/produit\/soporte-de-pared-plegable-para-saco-de-boxeo\/","og_site_name":"Daisho","article_modified_time":"2025-10-09T11:57:42+00:00","og_image":[{"width":880,"height":542,"url":"https:\/\/www.daisho.be\/wp-content\/uploads\/2024\/10\/image.webp","type":"image\/webp"}],"twitter_card":"summary_large_image","twitter_misc":{"Tiempo de lectura":"1 minuto"},"schema":{"@context":"https:\/\/schema.org","@graph":[{"@type":"WebPage","@id":"https:\/\/www.daisho.be\/es\/produit\/soporte-de-pared-plegable-para-saco-de-boxeo\/","url":"https:\/\/www.daisho.be\/es\/produit\/soporte-de-pared-plegable-para-saco-de-boxeo\/","name":"SOPORTE DE PARED PLEGABLE PARA SACO DE BOXEO &#8211; Daisho","isPartOf":{"@id":"https:\/\/www.daisho.be\/es\/#website"},"primaryImageOfPage":{"@id":"https:\/\/www.daisho.be\/es\/produit\/soporte-de-pared-plegable-para-saco-de-boxeo\/#primaryimage"},"image":{"@id":"https:\/\/www.daisho.be\/es\/produit\/soporte-de-pared-plegable-para-saco-de-boxeo\/#primaryimage"},"thumbnailUrl":"https:\/\/www.daisho.be\/wp-content\/uploads\/2024\/10\/image.webp","datePublished":"2019-12-05T21:01:05+00:00","dateModified":"2025-10-09T11:57:42+00:00","description":"Descubre la barra con sistema de fijaci\u00f3n plegable para tus sacos de boxeo. C\u00f3mpralo en nuestra web www.daisho.be|Daisho","breadcrumb":{"@id":"https:\/\/www.daisho.be\/es\/produit\/soporte-de-pared-plegable-para-saco-de-boxeo\/#breadcrumb"},"inLanguage":"es","potentialAction":[{"@type":"ReadAction","target":["https:\/\/www.daisho.be\/es\/produit\/soporte-de-pared-plegable-para-saco-de-boxeo\/"]}]},{"@type":"ImageObject","inLanguage":"es","@id":"https:\/\/www.daisho.be\/es\/produit\/soporte-de-pared-plegable-para-saco-de-boxeo\/#primaryimage","url":"https:\/\/www.daisho.be\/wp-content\/uploads\/2024\/10\/image.webp","contentUrl":"https:\/\/www.daisho.be\/wp-content\/uploads\/2024\/10\/image.webp","width":880,"height":542,"caption":"SOPORTE DE PARED PLEGABLE PARA SACO DE BOXEO-1"},{"@type":"BreadcrumbList","@id":"https:\/\/www.daisho.be\/es\/produit\/soporte-de-pared-plegable-para-saco-de-boxeo\/#breadcrumb","itemListElement":[{"@type":"ListItem","position":1,"name":"Accueil","item":"https:\/\/www.daisho.be\/es\/"},{"@type":"ListItem","position":2,"name":"Productos","item":"https:\/\/www.daisho.be\/es\/productos\/"},{"@type":"ListItem","position":3,"name":"Equipamiento y ropa para artes marciales y deportes de combate","item":"https:\/\/www.daisho.be\/es\/categorie-produit\/equipamiento-y-ropa-para-artes-marciales-y-deportes-de-combate\/"},{"@type":"ListItem","position":4,"name":"Krav Maga","item":"https:\/\/www.daisho.be\/es\/categorie-produit\/equipamiento-y-ropa-para-artes-marciales-y-deportes-de-combate\/krav-maga-es\/"},{"@type":"ListItem","position":5,"name":"Equipo de entrenamiento de Krav-Maga","item":"https:\/\/www.daisho.be\/es\/categorie-produit\/equipamiento-y-ropa-para-artes-marciales-y-deportes-de-combate\/krav-maga-es\/equipo-de-entrenamiento-de-krav-maga\/"},{"@type":"ListItem","position":6,"name":"SOPORTE DE PARED PLEGABLE PARA SACO DE BOXEO"}]},{"@type":"WebSite","@id":"https:\/\/www.daisho.be\/es\/#website","url":"https:\/\/www.daisho.be\/es\/","name":"Daisho","description":"Sp&eacute;cialiste de l'&eacute;quipement sportif d'arts martiaux","publisher":{"@id":"https:\/\/www.daisho.be\/es\/#organization"},"potentialAction":[{"@type":"SearchAction","target":{"@type":"EntryPoint","urlTemplate":"https:\/\/www.daisho.be\/es\/?s={search_term_string}"},"query-input":{"@type":"PropertyValueSpecification","valueRequired":true,"valueName":"search_term_string"}}],"inLanguage":"es"},{"@type":"Organization","@id":"https:\/\/www.daisho.be\/es\/#organization","name":"Daisho","url":"https:\/\/www.daisho.be\/es\/","logo":{"@type":"ImageObject","inLanguage":"es","@id":"https:\/\/www.daisho.be\/es\/#\/schema\/logo\/image\/","url":"https:\/\/www.daisho.be\/wp-content\/uploads\/2019\/07\/color-nothing-horizontale4x-e1564486100247.png","contentUrl":"https:\/\/www.daisho.be\/wp-content\/uploads\/2019\/07\/color-nothing-horizontale4x-e1564486100247.png","width":1547,"height":385,"caption":"Daisho"},"image":{"@id":"https:\/\/www.daisho.be\/es\/#\/schema\/logo\/image\/"}}]}},"_links":{"self":[{"href":"https:\/\/www.daisho.be\/es\/wp-json\/wp\/v2\/product\/353634","targetHints":{"allow":["GET"]}}],"collection":[{"href":"https:\/\/www.daisho.be\/es\/wp-json\/wp\/v2\/product"}],"about":[{"href":"https:\/\/www.daisho.be\/es\/wp-json\/wp\/v2\/types\/product"}],"replies":[{"embeddable":true,"href":"https:\/\/www.daisho.be\/es\/wp-json\/wp\/v2\/comments?post=353634"}],"wp:featuredmedia":[{"embeddable":true,"href":"https:\/\/www.daisho.be\/es\/wp-json\/wp\/v2\/media\/440524"}],"wp:attachment":[{"href":"https:\/\/www.daisho.be\/es\/wp-json\/wp\/v2\/media?parent=353634"}],"wp:term":[{"taxonomy":"product_brand","embeddable":true,"href":"https:\/\/www.daisho.be\/es\/wp-json\/wp\/v2\/product_brand?post=353634"},{"taxonomy":"product_cat","embeddable":true,"href":"https:\/\/www.daisho.be\/es\/wp-json\/wp\/v2\/product_cat?post=353634"},{"taxonomy":"product_tag","embeddable":true,"href":"https:\/\/www.daisho.be\/es\/wp-json\/wp\/v2\/product_tag?post=353634"},{"taxonomy":"sport","embeddable":true,"href":"https:\/\/www.daisho.be\/es\/wp-json\/wp\/v2\/sport?post=353634"}],"curies":[{"name":"wp","href":"https:\/\/api.w.org\/{rel}","templated":true}]}}