{"id":353334,"date":"2023-05-10T13:38:39","date_gmt":"2023-05-10T11:38:39","guid":{"rendered":"https:\/\/www.daisho.be\/produit\/pantalones-cortos-de-boxeo-adidas-multi-amarillo-negro\/"},"modified":"2025-02-27T15:29:05","modified_gmt":"2025-02-27T14:29:05","slug":"pantalones-cortos-de-boxeo-adidas-multi-amarillo-negro","status":"publish","type":"product","link":"https:\/\/www.daisho.be\/es\/produit\/pantalones-cortos-de-boxeo-adidas-multi-amarillo-negro\/","title":{"rendered":"Pantalones cortos de boxeo adidas Multi Amarillo\/Negro"},"content":{"rendered":"<p>Este pantal\u00f3n corto de adidas est\u00e1 confeccionado con un nuevo material muy transpirable y que absorbe la humedad.<br \/>\nNo es comparable al sat\u00e9n est\u00e1ndar de la mayor\u00eda de los dem\u00e1s pantalones cortos.<br \/>\nLos pantalones cortos tienen una abertura para garantizar la perfecta libertad de movimiento necesaria durante el ejercicio.<br \/>\nLos pantalones cortos tienen una cintura el\u00e1stica ancha y cordones en el interior para ajustarlos a\u00fan m\u00e1s.<br \/>\nEl logotipo de adidas se puede ver en la banda delantera y en la parte trasera, en la parte inferior de la pierna.<br \/>\nSon pantalones cortos de boxeo, lo que significa que est\u00e1n dise\u00f1ados para el boxeo.<br \/>\nVentajas :<br \/>\n&#8211; nuevo material<br \/>\n&#8211; gran libertad de movimientos<br \/>\n&#8211; robusto y duradero<br \/>\n&#8211; bonitos dise\u00f1os<\/p>\n","protected":false},"excerpt":{"rendered":"<p>Este pantal\u00f3n corto de adidas est\u00e1 confeccionado con un nuevo material muy transpirable y que absorbe la humedad. No es comparable al sat\u00e9n est\u00e1ndar de la mayor\u00eda de los dem\u00e1s pantalones cortos. Los pantalones cortos tienen una abertura para garantizar la perfecta libertad de movimiento necesaria durante el ejercicio. Los pantalones cortos tienen una cintura [&hellip;]<\/p>\n","protected":false},"featured_media":337628,"comment_status":"closed","ping_status":"closed","template":"","meta":{"inline_featured_image":false},"product_brand":[],"product_cat":[1388,1626],"product_tag":[1560],"sport":[],"class_list":{"0":"post-353334","1":"product","2":"type-product","3":"status-publish","4":"has-post-thumbnail","6":"product_cat-ropa","7":"product_cat-ropa-de-boxeo-adidas","8":"product_tag-adidas-es","9":"pa_size-l","11":"first","12":"instock","13":"taxable","14":"shipping-taxable","15":"purchasable","16":"product-type-variable"},"yoast_head":"<!-- This site is optimized with the Yoast SEO plugin v27.2 - https:\/\/yoast.com\/product\/yoast-seo-wordpress\/ -->\n<title>Pantalones cortos de boxeo adidas Multi Amarillo\/Negro &#8211; Daisho<\/title>\n<meta name=\"description\" content=\"Los pantalones cortos de boxeo Adidas multi son ideales para la ventilaci\u00f3n y la evacuaci\u00f3n de la humedad. C\u00f3mpralos en nuestra web www.daisho.be|Daisho\" \/>\n<meta name=\"robots\" content=\"index, follow, max-snippet:-1, max-image-preview:large, max-video-preview:-1\" \/>\n<link rel=\"canonical\" href=\"https:\/\/www.daisho.be\/es\/produit\/pantalones-cortos-de-boxeo-adidas-multi-amarillo-negro\/\" \/>\n<meta property=\"og:locale\" content=\"es_ES\" \/>\n<meta property=\"og:type\" content=\"article\" \/>\n<meta property=\"og:title\" content=\"Pantalones cortos de boxeo adidas Multi Amarillo\/Negro &#8211; Daisho\" \/>\n<meta property=\"og:description\" content=\"Los pantalones cortos de boxeo Adidas multi son ideales para la ventilaci\u00f3n y la evacuaci\u00f3n de la humedad. C\u00f3mpralos en nuestra web www.daisho.be|Daisho\" \/>\n<meta property=\"og:url\" content=\"https:\/\/www.daisho.be\/es\/produit\/pantalones-cortos-de-boxeo-adidas-multi-amarillo-negro\/\" \/>\n<meta property=\"og:site_name\" content=\"Daisho\" \/>\n<meta property=\"article:modified_time\" content=\"2025-02-27T14:29:05+00:00\" \/>\n<meta property=\"og:image\" content=\"https:\/\/www.daisho.be\/wp-content\/uploads\/2023\/05\/image-34.jpg\" \/>\n\t<meta property=\"og:image:width\" content=\"650\" \/>\n\t<meta property=\"og:image:height\" content=\"650\" \/>\n\t<meta property=\"og:image:type\" content=\"image\/jpeg\" \/>\n<meta name=\"twitter:card\" content=\"summary_large_image\" \/>\n<meta name=\"twitter:label1\" content=\"Tiempo de lectura\" \/>\n\t<meta name=\"twitter:data1\" content=\"1 minuto\" \/>\n<script type=\"application\/ld+json\" class=\"yoast-schema-graph\">{\"@context\":\"https:\/\/schema.org\",\"@graph\":[{\"@type\":\"WebPage\",\"@id\":\"https:\/\/www.daisho.be\/es\/produit\/pantalones-cortos-de-boxeo-adidas-multi-amarillo-negro\/\",\"url\":\"https:\/\/www.daisho.be\/es\/produit\/pantalones-cortos-de-boxeo-adidas-multi-amarillo-negro\/\",\"name\":\"Pantalones cortos de boxeo adidas Multi Amarillo\/Negro &#8211; Daisho\",\"isPartOf\":{\"@id\":\"https:\/\/www.daisho.be\/es\/#website\"},\"primaryImageOfPage\":{\"@id\":\"https:\/\/www.daisho.be\/es\/produit\/pantalones-cortos-de-boxeo-adidas-multi-amarillo-negro\/#primaryimage\"},\"image\":{\"@id\":\"https:\/\/www.daisho.be\/es\/produit\/pantalones-cortos-de-boxeo-adidas-multi-amarillo-negro\/#primaryimage\"},\"thumbnailUrl\":\"https:\/\/www.daisho.be\/wp-content\/uploads\/2023\/05\/image-34.jpg\",\"datePublished\":\"2023-05-10T11:38:39+00:00\",\"dateModified\":\"2025-02-27T14:29:05+00:00\",\"description\":\"Los pantalones cortos de boxeo Adidas multi son ideales para la ventilaci\u00f3n y la evacuaci\u00f3n de la humedad. C\u00f3mpralos en nuestra web www.daisho.be|Daisho\",\"breadcrumb\":{\"@id\":\"https:\/\/www.daisho.be\/es\/produit\/pantalones-cortos-de-boxeo-adidas-multi-amarillo-negro\/#breadcrumb\"},\"inLanguage\":\"es\",\"potentialAction\":[{\"@type\":\"ReadAction\",\"target\":[\"https:\/\/www.daisho.be\/es\/produit\/pantalones-cortos-de-boxeo-adidas-multi-amarillo-negro\/\"]}]},{\"@type\":\"ImageObject\",\"inLanguage\":\"es\",\"@id\":\"https:\/\/www.daisho.be\/es\/produit\/pantalones-cortos-de-boxeo-adidas-multi-amarillo-negro\/#primaryimage\",\"url\":\"https:\/\/www.daisho.be\/wp-content\/uploads\/2023\/05\/image-34.jpg\",\"contentUrl\":\"https:\/\/www.daisho.be\/wp-content\/uploads\/2023\/05\/image-34.jpg\",\"width\":650,\"height\":650,\"caption\":\"Pantalones cortos de boxeo adidas Multi Amarillo\/Negro-1\"},{\"@type\":\"BreadcrumbList\",\"@id\":\"https:\/\/www.daisho.be\/es\/produit\/pantalones-cortos-de-boxeo-adidas-multi-amarillo-negro\/#breadcrumb\",\"itemListElement\":[{\"@type\":\"ListItem\",\"position\":1,\"name\":\"Accueil\",\"item\":\"https:\/\/www.daisho.be\/es\/\"},{\"@type\":\"ListItem\",\"position\":2,\"name\":\"Productos\",\"item\":\"https:\/\/www.daisho.be\/es\/productos\/\"},{\"@type\":\"ListItem\",\"position\":3,\"name\":\"ADIDAS COMBAT SPORTS\",\"item\":\"https:\/\/www.daisho.be\/es\/categorie-produit\/adidas-combat-sports-es\/\"},{\"@type\":\"ListItem\",\"position\":4,\"name\":\"Boxeo\",\"item\":\"https:\/\/www.daisho.be\/es\/categorie-produit\/adidas-combat-sports-es\/boxeo\/\"},{\"@type\":\"ListItem\",\"position\":5,\"name\":\"Ropa de boxeo Adidas\",\"item\":\"https:\/\/www.daisho.be\/es\/categorie-produit\/adidas-combat-sports-es\/boxeo\/ropa-de-boxeo-adidas\/\"},{\"@type\":\"ListItem\",\"position\":6,\"name\":\"Pantalones cortos de boxeo adidas Multi Amarillo\/Negro\"}]},{\"@type\":\"WebSite\",\"@id\":\"https:\/\/www.daisho.be\/es\/#website\",\"url\":\"https:\/\/www.daisho.be\/es\/\",\"name\":\"Daisho\",\"description\":\"Sp&eacute;cialiste de l'&eacute;quipement sportif d'arts martiaux\",\"publisher\":{\"@id\":\"https:\/\/www.daisho.be\/es\/#organization\"},\"potentialAction\":[{\"@type\":\"SearchAction\",\"target\":{\"@type\":\"EntryPoint\",\"urlTemplate\":\"https:\/\/www.daisho.be\/es\/?s={search_term_string}\"},\"query-input\":{\"@type\":\"PropertyValueSpecification\",\"valueRequired\":true,\"valueName\":\"search_term_string\"}}],\"inLanguage\":\"es\"},{\"@type\":\"Organization\",\"@id\":\"https:\/\/www.daisho.be\/es\/#organization\",\"name\":\"Daisho\",\"url\":\"https:\/\/www.daisho.be\/es\/\",\"logo\":{\"@type\":\"ImageObject\",\"inLanguage\":\"es\",\"@id\":\"https:\/\/www.daisho.be\/es\/#\/schema\/logo\/image\/\",\"url\":\"https:\/\/www.daisho.be\/wp-content\/uploads\/2019\/07\/color-nothing-horizontale4x-e1564486100247.png\",\"contentUrl\":\"https:\/\/www.daisho.be\/wp-content\/uploads\/2019\/07\/color-nothing-horizontale4x-e1564486100247.png\",\"width\":1547,\"height\":385,\"caption\":\"Daisho\"},\"image\":{\"@id\":\"https:\/\/www.daisho.be\/es\/#\/schema\/logo\/image\/\"}}]}<\/script>\n<!-- \/ Yoast SEO plugin. -->","yoast_head_json":{"title":"Pantalones cortos de boxeo adidas Multi Amarillo\/Negro &#8211; Daisho","description":"Los pantalones cortos de boxeo Adidas multi son ideales para la ventilaci\u00f3n y la evacuaci\u00f3n de la humedad. C\u00f3mpralos en nuestra web www.daisho.be|Daisho","robots":{"index":"index","follow":"follow","max-snippet":"max-snippet:-1","max-image-preview":"max-image-preview:large","max-video-preview":"max-video-preview:-1"},"canonical":"https:\/\/www.daisho.be\/es\/produit\/pantalones-cortos-de-boxeo-adidas-multi-amarillo-negro\/","og_locale":"es_ES","og_type":"article","og_title":"Pantalones cortos de boxeo adidas Multi Amarillo\/Negro &#8211; Daisho","og_description":"Los pantalones cortos de boxeo Adidas multi son ideales para la ventilaci\u00f3n y la evacuaci\u00f3n de la humedad. C\u00f3mpralos en nuestra web www.daisho.be|Daisho","og_url":"https:\/\/www.daisho.be\/es\/produit\/pantalones-cortos-de-boxeo-adidas-multi-amarillo-negro\/","og_site_name":"Daisho","article_modified_time":"2025-02-27T14:29:05+00:00","og_image":[{"width":650,"height":650,"url":"https:\/\/www.daisho.be\/wp-content\/uploads\/2023\/05\/image-34.jpg","type":"image\/jpeg"}],"twitter_card":"summary_large_image","twitter_misc":{"Tiempo de lectura":"1 minuto"},"schema":{"@context":"https:\/\/schema.org","@graph":[{"@type":"WebPage","@id":"https:\/\/www.daisho.be\/es\/produit\/pantalones-cortos-de-boxeo-adidas-multi-amarillo-negro\/","url":"https:\/\/www.daisho.be\/es\/produit\/pantalones-cortos-de-boxeo-adidas-multi-amarillo-negro\/","name":"Pantalones cortos de boxeo adidas Multi Amarillo\/Negro &#8211; Daisho","isPartOf":{"@id":"https:\/\/www.daisho.be\/es\/#website"},"primaryImageOfPage":{"@id":"https:\/\/www.daisho.be\/es\/produit\/pantalones-cortos-de-boxeo-adidas-multi-amarillo-negro\/#primaryimage"},"image":{"@id":"https:\/\/www.daisho.be\/es\/produit\/pantalones-cortos-de-boxeo-adidas-multi-amarillo-negro\/#primaryimage"},"thumbnailUrl":"https:\/\/www.daisho.be\/wp-content\/uploads\/2023\/05\/image-34.jpg","datePublished":"2023-05-10T11:38:39+00:00","dateModified":"2025-02-27T14:29:05+00:00","description":"Los pantalones cortos de boxeo Adidas multi son ideales para la ventilaci\u00f3n y la evacuaci\u00f3n de la humedad. C\u00f3mpralos en nuestra web www.daisho.be|Daisho","breadcrumb":{"@id":"https:\/\/www.daisho.be\/es\/produit\/pantalones-cortos-de-boxeo-adidas-multi-amarillo-negro\/#breadcrumb"},"inLanguage":"es","potentialAction":[{"@type":"ReadAction","target":["https:\/\/www.daisho.be\/es\/produit\/pantalones-cortos-de-boxeo-adidas-multi-amarillo-negro\/"]}]},{"@type":"ImageObject","inLanguage":"es","@id":"https:\/\/www.daisho.be\/es\/produit\/pantalones-cortos-de-boxeo-adidas-multi-amarillo-negro\/#primaryimage","url":"https:\/\/www.daisho.be\/wp-content\/uploads\/2023\/05\/image-34.jpg","contentUrl":"https:\/\/www.daisho.be\/wp-content\/uploads\/2023\/05\/image-34.jpg","width":650,"height":650,"caption":"Pantalones cortos de boxeo adidas Multi Amarillo\/Negro-1"},{"@type":"BreadcrumbList","@id":"https:\/\/www.daisho.be\/es\/produit\/pantalones-cortos-de-boxeo-adidas-multi-amarillo-negro\/#breadcrumb","itemListElement":[{"@type":"ListItem","position":1,"name":"Accueil","item":"https:\/\/www.daisho.be\/es\/"},{"@type":"ListItem","position":2,"name":"Productos","item":"https:\/\/www.daisho.be\/es\/productos\/"},{"@type":"ListItem","position":3,"name":"ADIDAS COMBAT SPORTS","item":"https:\/\/www.daisho.be\/es\/categorie-produit\/adidas-combat-sports-es\/"},{"@type":"ListItem","position":4,"name":"Boxeo","item":"https:\/\/www.daisho.be\/es\/categorie-produit\/adidas-combat-sports-es\/boxeo\/"},{"@type":"ListItem","position":5,"name":"Ropa de boxeo Adidas","item":"https:\/\/www.daisho.be\/es\/categorie-produit\/adidas-combat-sports-es\/boxeo\/ropa-de-boxeo-adidas\/"},{"@type":"ListItem","position":6,"name":"Pantalones cortos de boxeo adidas Multi Amarillo\/Negro"}]},{"@type":"WebSite","@id":"https:\/\/www.daisho.be\/es\/#website","url":"https:\/\/www.daisho.be\/es\/","name":"Daisho","description":"Sp&eacute;cialiste de l'&eacute;quipement sportif d'arts martiaux","publisher":{"@id":"https:\/\/www.daisho.be\/es\/#organization"},"potentialAction":[{"@type":"SearchAction","target":{"@type":"EntryPoint","urlTemplate":"https:\/\/www.daisho.be\/es\/?s={search_term_string}"},"query-input":{"@type":"PropertyValueSpecification","valueRequired":true,"valueName":"search_term_string"}}],"inLanguage":"es"},{"@type":"Organization","@id":"https:\/\/www.daisho.be\/es\/#organization","name":"Daisho","url":"https:\/\/www.daisho.be\/es\/","logo":{"@type":"ImageObject","inLanguage":"es","@id":"https:\/\/www.daisho.be\/es\/#\/schema\/logo\/image\/","url":"https:\/\/www.daisho.be\/wp-content\/uploads\/2019\/07\/color-nothing-horizontale4x-e1564486100247.png","contentUrl":"https:\/\/www.daisho.be\/wp-content\/uploads\/2019\/07\/color-nothing-horizontale4x-e1564486100247.png","width":1547,"height":385,"caption":"Daisho"},"image":{"@id":"https:\/\/www.daisho.be\/es\/#\/schema\/logo\/image\/"}}]}},"_links":{"self":[{"href":"https:\/\/www.daisho.be\/es\/wp-json\/wp\/v2\/product\/353334","targetHints":{"allow":["GET"]}}],"collection":[{"href":"https:\/\/www.daisho.be\/es\/wp-json\/wp\/v2\/product"}],"about":[{"href":"https:\/\/www.daisho.be\/es\/wp-json\/wp\/v2\/types\/product"}],"replies":[{"embeddable":true,"href":"https:\/\/www.daisho.be\/es\/wp-json\/wp\/v2\/comments?post=353334"}],"wp:featuredmedia":[{"embeddable":true,"href":"https:\/\/www.daisho.be\/es\/wp-json\/wp\/v2\/media\/337628"}],"wp:attachment":[{"href":"https:\/\/www.daisho.be\/es\/wp-json\/wp\/v2\/media?parent=353334"}],"wp:term":[{"taxonomy":"product_brand","embeddable":true,"href":"https:\/\/www.daisho.be\/es\/wp-json\/wp\/v2\/product_brand?post=353334"},{"taxonomy":"product_cat","embeddable":true,"href":"https:\/\/www.daisho.be\/es\/wp-json\/wp\/v2\/product_cat?post=353334"},{"taxonomy":"product_tag","embeddable":true,"href":"https:\/\/www.daisho.be\/es\/wp-json\/wp\/v2\/product_tag?post=353334"},{"taxonomy":"sport","embeddable":true,"href":"https:\/\/www.daisho.be\/es\/wp-json\/wp\/v2\/sport?post=353334"}],"curies":[{"name":"wp","href":"https:\/\/api.w.org\/{rel}","templated":true}]}}