{"id":353224,"date":"2023-01-23T15:10:48","date_gmt":"2023-01-23T14:10:48","guid":{"rendered":"https:\/\/www.daisho.be\/produit\/chandal-adidas-sauna\/"},"modified":"2025-12-18T16:46:04","modified_gmt":"2025-12-18T15:46:04","slug":"chandal-adidas-sauna","status":"publish","type":"product","link":"https:\/\/www.daisho.be\/es\/produit\/chandal-adidas-sauna\/","title":{"rendered":"ch\u00e1ndal adidas sauna"},"content":{"rendered":"<p>El traje de sauna adidas te hace sudar de verdad. El peso corporal debido a la acumulaci\u00f3n de agua puede reducirse durante el entrenamiento. Para absorber la transpiraci\u00f3n, te recomendamos que lleves ropa ligera de algod\u00f3n debajo para que se absorba bien.  Entonces puede empezar la \u00absauna\u00bb. El traje profesional tiene un corte holgado, que te da mucha libertad de movimiento incluso en el gimnasio.<br \/>\nHay pu\u00f1os en las mangas y en las perneras de los pantalones. El traje se compone de una chaqueta con un gran estampado adidas y un pantal\u00f3n con cintura el\u00e1stica.<br \/>\nLa ropa exterior se utiliza a menudo antes de las competiciones para perder peso r\u00e1pidamente (artes marciales, lucha, kickboxing, k\u00e1rate, judo, MMA, etc.).<br \/>\nMaterial: 100% poli\u00e9ster Disponible en tallas XS, S, M, L, XL, XXL<\/p>\n<p>Beneficios:<\/p>\n<p> mejora el metabolismo<br \/>\n desintoxica el cuerpo<br \/>\n quema calor\u00edas<br \/>\n material duradero<br \/>\n ajuste c\u00f3modo<br \/>\n pu\u00f1os el\u00e1sticos<br \/>\n Caracter\u00edsticas:<\/p>\n<p> el color negro<br \/>\n Materiales: 100% poli\u00e9ster<br \/>\n Tallas: XS, S, M, L, XL, XXL<br \/>\n Traje con pantal\u00f3n y top en un conjunto<\/p>\n","protected":false},"excerpt":{"rendered":"<p>El traje de sauna adidas te hace sudar de verdad. El peso corporal debido a la acumulaci\u00f3n de agua puede reducirse durante el entrenamiento. Para absorber la transpiraci\u00f3n, te recomendamos que lleves ropa ligera de algod\u00f3n debajo para que se absorba bien. Entonces puede empezar la \u00absauna\u00bb. El traje profesional tiene un corte holgado, que [&hellip;]<\/p>\n","protected":false},"featured_media":521399,"comment_status":"open","ping_status":"closed","template":"","meta":{"inline_featured_image":false},"product_brand":[],"product_cat":[1735,1388,1626,1576],"product_tag":[1560],"sport":[],"class_list":{"0":"post-353224","1":"product","2":"type-product","3":"status-publish","4":"has-post-thumbnail","6":"product_cat-equipacion-de-entrenamiento-adidas","7":"product_cat-ropa","8":"product_cat-ropa-de-boxeo-adidas","9":"product_cat-ropa-de-karate-adidas","10":"product_tag-adidas-es","11":"pa_size-2xl","12":"pa_size-l","13":"pa_size-m","14":"pa_size-s","15":"pa_size-xl","16":"pa_size-xs","18":"first","19":"instock","20":"taxable","21":"shipping-taxable","22":"purchasable","23":"product-type-variable"},"yoast_head":"<!-- This site is optimized with the Yoast SEO plugin v27.2 - https:\/\/yoast.com\/product\/yoast-seo-wordpress\/ -->\n<title>ch\u00e1ndal adidas sauna &#8211; Daisho<\/title>\n<meta name=\"description\" content=\"El ch\u00e1ndal Adidas para sauna est\u00e1 dise\u00f1ado para hacerte sudar y almacenar agua para reducir peso. C\u00f3mpralo en nuestra web www.daisho.be|Daisho\" \/>\n<meta name=\"robots\" content=\"index, follow, max-snippet:-1, max-image-preview:large, max-video-preview:-1\" \/>\n<link rel=\"canonical\" href=\"https:\/\/www.daisho.be\/es\/produit\/chandal-adidas-sauna\/\" \/>\n<meta property=\"og:locale\" content=\"es_ES\" \/>\n<meta property=\"og:type\" content=\"article\" \/>\n<meta property=\"og:title\" content=\"ch\u00e1ndal adidas sauna &#8211; Daisho\" \/>\n<meta property=\"og:description\" content=\"El ch\u00e1ndal Adidas para sauna est\u00e1 dise\u00f1ado para hacerte sudar y almacenar agua para reducir peso. C\u00f3mpralo en nuestra web www.daisho.be|Daisho\" \/>\n<meta property=\"og:url\" content=\"https:\/\/www.daisho.be\/es\/produit\/chandal-adidas-sauna\/\" \/>\n<meta property=\"og:site_name\" content=\"Daisho\" \/>\n<meta property=\"article:modified_time\" content=\"2025-12-18T15:46:04+00:00\" \/>\n<meta property=\"og:image\" content=\"https:\/\/www.daisho.be\/wp-content\/uploads\/2025\/05\/image-19.jpg\" \/>\n\t<meta property=\"og:image:width\" content=\"1200\" \/>\n\t<meta property=\"og:image:height\" content=\"1200\" \/>\n\t<meta property=\"og:image:type\" content=\"image\/jpeg\" \/>\n<meta name=\"twitter:card\" content=\"summary_large_image\" \/>\n<meta name=\"twitter:label1\" content=\"Tiempo de lectura\" \/>\n\t<meta name=\"twitter:data1\" content=\"1 minuto\" \/>\n<script type=\"application\/ld+json\" class=\"yoast-schema-graph\">{\"@context\":\"https:\/\/schema.org\",\"@graph\":[{\"@type\":\"WebPage\",\"@id\":\"https:\/\/www.daisho.be\/es\/produit\/chandal-adidas-sauna\/\",\"url\":\"https:\/\/www.daisho.be\/es\/produit\/chandal-adidas-sauna\/\",\"name\":\"ch\u00e1ndal adidas sauna &#8211; Daisho\",\"isPartOf\":{\"@id\":\"https:\/\/www.daisho.be\/es\/#website\"},\"primaryImageOfPage\":{\"@id\":\"https:\/\/www.daisho.be\/es\/produit\/chandal-adidas-sauna\/#primaryimage\"},\"image\":{\"@id\":\"https:\/\/www.daisho.be\/es\/produit\/chandal-adidas-sauna\/#primaryimage\"},\"thumbnailUrl\":\"https:\/\/www.daisho.be\/wp-content\/uploads\/2025\/05\/image-19.jpg\",\"datePublished\":\"2023-01-23T14:10:48+00:00\",\"dateModified\":\"2025-12-18T15:46:04+00:00\",\"description\":\"El ch\u00e1ndal Adidas para sauna est\u00e1 dise\u00f1ado para hacerte sudar y almacenar agua para reducir peso. C\u00f3mpralo en nuestra web www.daisho.be|Daisho\",\"breadcrumb\":{\"@id\":\"https:\/\/www.daisho.be\/es\/produit\/chandal-adidas-sauna\/#breadcrumb\"},\"inLanguage\":\"es\",\"potentialAction\":[{\"@type\":\"ReadAction\",\"target\":[\"https:\/\/www.daisho.be\/es\/produit\/chandal-adidas-sauna\/\"]}]},{\"@type\":\"ImageObject\",\"inLanguage\":\"es\",\"@id\":\"https:\/\/www.daisho.be\/es\/produit\/chandal-adidas-sauna\/#primaryimage\",\"url\":\"https:\/\/www.daisho.be\/wp-content\/uploads\/2025\/05\/image-19.jpg\",\"contentUrl\":\"https:\/\/www.daisho.be\/wp-content\/uploads\/2025\/05\/image-19.jpg\",\"width\":1200,\"height\":1200,\"caption\":\"ch\u00e1ndal adidas-1 sauna\"},{\"@type\":\"BreadcrumbList\",\"@id\":\"https:\/\/www.daisho.be\/es\/produit\/chandal-adidas-sauna\/#breadcrumb\",\"itemListElement\":[{\"@type\":\"ListItem\",\"position\":1,\"name\":\"Accueil\",\"item\":\"https:\/\/www.daisho.be\/es\/\"},{\"@type\":\"ListItem\",\"position\":2,\"name\":\"Productos\",\"item\":\"https:\/\/www.daisho.be\/es\/productos\/\"},{\"@type\":\"ListItem\",\"position\":3,\"name\":\"ADIDAS COMBAT SPORTS\",\"item\":\"https:\/\/www.daisho.be\/es\/categorie-produit\/adidas-combat-sports-es\/\"},{\"@type\":\"ListItem\",\"position\":4,\"name\":\"Judo\",\"item\":\"https:\/\/www.daisho.be\/es\/categorie-produit\/adidas-combat-sports-es\/judo-es-2\/\"},{\"@type\":\"ListItem\",\"position\":5,\"name\":\"Equipaci\u00f3n de entrenamiento Adidas\",\"item\":\"https:\/\/www.daisho.be\/es\/categorie-produit\/adidas-combat-sports-es\/judo-es-2\/equipacion-de-entrenamiento-adidas\/\"},{\"@type\":\"ListItem\",\"position\":6,\"name\":\"ch\u00e1ndal adidas sauna\"}]},{\"@type\":\"WebSite\",\"@id\":\"https:\/\/www.daisho.be\/es\/#website\",\"url\":\"https:\/\/www.daisho.be\/es\/\",\"name\":\"Daisho\",\"description\":\"Sp&eacute;cialiste de l'&eacute;quipement sportif d'arts martiaux\",\"publisher\":{\"@id\":\"https:\/\/www.daisho.be\/es\/#organization\"},\"potentialAction\":[{\"@type\":\"SearchAction\",\"target\":{\"@type\":\"EntryPoint\",\"urlTemplate\":\"https:\/\/www.daisho.be\/es\/?s={search_term_string}\"},\"query-input\":{\"@type\":\"PropertyValueSpecification\",\"valueRequired\":true,\"valueName\":\"search_term_string\"}}],\"inLanguage\":\"es\"},{\"@type\":\"Organization\",\"@id\":\"https:\/\/www.daisho.be\/es\/#organization\",\"name\":\"Daisho\",\"url\":\"https:\/\/www.daisho.be\/es\/\",\"logo\":{\"@type\":\"ImageObject\",\"inLanguage\":\"es\",\"@id\":\"https:\/\/www.daisho.be\/es\/#\/schema\/logo\/image\/\",\"url\":\"https:\/\/www.daisho.be\/wp-content\/uploads\/2019\/07\/color-nothing-horizontale4x-e1564486100247.png\",\"contentUrl\":\"https:\/\/www.daisho.be\/wp-content\/uploads\/2019\/07\/color-nothing-horizontale4x-e1564486100247.png\",\"width\":1547,\"height\":385,\"caption\":\"Daisho\"},\"image\":{\"@id\":\"https:\/\/www.daisho.be\/es\/#\/schema\/logo\/image\/\"}}]}<\/script>\n<!-- \/ Yoast SEO plugin. -->","yoast_head_json":{"title":"ch\u00e1ndal adidas sauna &#8211; Daisho","description":"El ch\u00e1ndal Adidas para sauna est\u00e1 dise\u00f1ado para hacerte sudar y almacenar agua para reducir peso. C\u00f3mpralo en nuestra web www.daisho.be|Daisho","robots":{"index":"index","follow":"follow","max-snippet":"max-snippet:-1","max-image-preview":"max-image-preview:large","max-video-preview":"max-video-preview:-1"},"canonical":"https:\/\/www.daisho.be\/es\/produit\/chandal-adidas-sauna\/","og_locale":"es_ES","og_type":"article","og_title":"ch\u00e1ndal adidas sauna &#8211; Daisho","og_description":"El ch\u00e1ndal Adidas para sauna est\u00e1 dise\u00f1ado para hacerte sudar y almacenar agua para reducir peso. C\u00f3mpralo en nuestra web www.daisho.be|Daisho","og_url":"https:\/\/www.daisho.be\/es\/produit\/chandal-adidas-sauna\/","og_site_name":"Daisho","article_modified_time":"2025-12-18T15:46:04+00:00","og_image":[{"width":1200,"height":1200,"url":"https:\/\/www.daisho.be\/wp-content\/uploads\/2025\/05\/image-19.jpg","type":"image\/jpeg"}],"twitter_card":"summary_large_image","twitter_misc":{"Tiempo de lectura":"1 minuto"},"schema":{"@context":"https:\/\/schema.org","@graph":[{"@type":"WebPage","@id":"https:\/\/www.daisho.be\/es\/produit\/chandal-adidas-sauna\/","url":"https:\/\/www.daisho.be\/es\/produit\/chandal-adidas-sauna\/","name":"ch\u00e1ndal adidas sauna &#8211; Daisho","isPartOf":{"@id":"https:\/\/www.daisho.be\/es\/#website"},"primaryImageOfPage":{"@id":"https:\/\/www.daisho.be\/es\/produit\/chandal-adidas-sauna\/#primaryimage"},"image":{"@id":"https:\/\/www.daisho.be\/es\/produit\/chandal-adidas-sauna\/#primaryimage"},"thumbnailUrl":"https:\/\/www.daisho.be\/wp-content\/uploads\/2025\/05\/image-19.jpg","datePublished":"2023-01-23T14:10:48+00:00","dateModified":"2025-12-18T15:46:04+00:00","description":"El ch\u00e1ndal Adidas para sauna est\u00e1 dise\u00f1ado para hacerte sudar y almacenar agua para reducir peso. C\u00f3mpralo en nuestra web www.daisho.be|Daisho","breadcrumb":{"@id":"https:\/\/www.daisho.be\/es\/produit\/chandal-adidas-sauna\/#breadcrumb"},"inLanguage":"es","potentialAction":[{"@type":"ReadAction","target":["https:\/\/www.daisho.be\/es\/produit\/chandal-adidas-sauna\/"]}]},{"@type":"ImageObject","inLanguage":"es","@id":"https:\/\/www.daisho.be\/es\/produit\/chandal-adidas-sauna\/#primaryimage","url":"https:\/\/www.daisho.be\/wp-content\/uploads\/2025\/05\/image-19.jpg","contentUrl":"https:\/\/www.daisho.be\/wp-content\/uploads\/2025\/05\/image-19.jpg","width":1200,"height":1200,"caption":"ch\u00e1ndal adidas-1 sauna"},{"@type":"BreadcrumbList","@id":"https:\/\/www.daisho.be\/es\/produit\/chandal-adidas-sauna\/#breadcrumb","itemListElement":[{"@type":"ListItem","position":1,"name":"Accueil","item":"https:\/\/www.daisho.be\/es\/"},{"@type":"ListItem","position":2,"name":"Productos","item":"https:\/\/www.daisho.be\/es\/productos\/"},{"@type":"ListItem","position":3,"name":"ADIDAS COMBAT SPORTS","item":"https:\/\/www.daisho.be\/es\/categorie-produit\/adidas-combat-sports-es\/"},{"@type":"ListItem","position":4,"name":"Judo","item":"https:\/\/www.daisho.be\/es\/categorie-produit\/adidas-combat-sports-es\/judo-es-2\/"},{"@type":"ListItem","position":5,"name":"Equipaci\u00f3n de entrenamiento Adidas","item":"https:\/\/www.daisho.be\/es\/categorie-produit\/adidas-combat-sports-es\/judo-es-2\/equipacion-de-entrenamiento-adidas\/"},{"@type":"ListItem","position":6,"name":"ch\u00e1ndal adidas sauna"}]},{"@type":"WebSite","@id":"https:\/\/www.daisho.be\/es\/#website","url":"https:\/\/www.daisho.be\/es\/","name":"Daisho","description":"Sp&eacute;cialiste de l'&eacute;quipement sportif d'arts martiaux","publisher":{"@id":"https:\/\/www.daisho.be\/es\/#organization"},"potentialAction":[{"@type":"SearchAction","target":{"@type":"EntryPoint","urlTemplate":"https:\/\/www.daisho.be\/es\/?s={search_term_string}"},"query-input":{"@type":"PropertyValueSpecification","valueRequired":true,"valueName":"search_term_string"}}],"inLanguage":"es"},{"@type":"Organization","@id":"https:\/\/www.daisho.be\/es\/#organization","name":"Daisho","url":"https:\/\/www.daisho.be\/es\/","logo":{"@type":"ImageObject","inLanguage":"es","@id":"https:\/\/www.daisho.be\/es\/#\/schema\/logo\/image\/","url":"https:\/\/www.daisho.be\/wp-content\/uploads\/2019\/07\/color-nothing-horizontale4x-e1564486100247.png","contentUrl":"https:\/\/www.daisho.be\/wp-content\/uploads\/2019\/07\/color-nothing-horizontale4x-e1564486100247.png","width":1547,"height":385,"caption":"Daisho"},"image":{"@id":"https:\/\/www.daisho.be\/es\/#\/schema\/logo\/image\/"}}]}},"_links":{"self":[{"href":"https:\/\/www.daisho.be\/es\/wp-json\/wp\/v2\/product\/353224","targetHints":{"allow":["GET"]}}],"collection":[{"href":"https:\/\/www.daisho.be\/es\/wp-json\/wp\/v2\/product"}],"about":[{"href":"https:\/\/www.daisho.be\/es\/wp-json\/wp\/v2\/types\/product"}],"replies":[{"embeddable":true,"href":"https:\/\/www.daisho.be\/es\/wp-json\/wp\/v2\/comments?post=353224"}],"wp:featuredmedia":[{"embeddable":true,"href":"https:\/\/www.daisho.be\/es\/wp-json\/wp\/v2\/media\/521399"}],"wp:attachment":[{"href":"https:\/\/www.daisho.be\/es\/wp-json\/wp\/v2\/media?parent=353224"}],"wp:term":[{"taxonomy":"product_brand","embeddable":true,"href":"https:\/\/www.daisho.be\/es\/wp-json\/wp\/v2\/product_brand?post=353224"},{"taxonomy":"product_cat","embeddable":true,"href":"https:\/\/www.daisho.be\/es\/wp-json\/wp\/v2\/product_cat?post=353224"},{"taxonomy":"product_tag","embeddable":true,"href":"https:\/\/www.daisho.be\/es\/wp-json\/wp\/v2\/product_tag?post=353224"},{"taxonomy":"sport","embeddable":true,"href":"https:\/\/www.daisho.be\/es\/wp-json\/wp\/v2\/sport?post=353224"}],"curies":[{"name":"wp","href":"https:\/\/api.w.org\/{rel}","templated":true}]}}