{"id":353136,"date":"2023-01-19T22:00:40","date_gmt":"2023-01-19T21:00:40","guid":{"rendered":"https:\/\/www.daisho.be\/produit\/karategi-tokaido-kata-master-tokyo-made-in-japan\/"},"modified":"2025-12-23T10:36:08","modified_gmt":"2025-12-23T09:36:08","slug":"karategi-tokaido-kata-master-tokyo-made-in-japan","status":"publish","type":"product","link":"https:\/\/www.daisho.be\/es\/produit\/karategi-tokaido-kata-master-tokyo-made-in-japan\/","title":{"rendered":"KARATEGI TOKAIDO KATA MASTER TOKYO &#8211; MADE IN JAPAN"},"content":{"rendered":"<p>Karategi, TOKAIDO Kata Master Tokio, fabricado en Jap\u00f3n, WKF, 12 oz<br \/>\nEl Kata Master Tokio es un karategi japon\u00e9s que lleva la experiencia del kata a un nuevo nivel.<br \/>\nEl nuevo corte especial, que proporciona un ajuste \u00f3ptimo, es el resultado de la cooperaci\u00f3n entre expertos en kata de Kuwait, Alemania, Italia y Azerbaiy\u00e1n.<br \/>\nEl pantal\u00f3n, muy ancho, proporciona un espacio sin igual para las piernas y una gran elasticidad en la parte inferior del pantal\u00f3n. El tejido fue codesarrollado para los Juegos Ol\u00edmpicos de 2020 en colaboraci\u00f3n con atletas de talla mundial del equipo de kata de Jap\u00f3n y garantiza un sonido \u00fanico.<\/p>\n<p>Caracter\u00edsticas:<br \/>\n\u00c2- Karategi Kata para competidores y maestros que aspiran a la perfecci\u00f3n al m\u00e1s alto nivel.<br \/>\n\u00c2- Las mangas rectas permiten una gran libertad de movimiento sin que la chaqueta se deslice, lo que permite lucir un gran aspecto. El Gi tambi\u00e9n tiene mangas cortas y una falda decididamente larga.<br \/>\n\u00c2- La nueva tecnolog\u00eda Ultimate Sound proporciona a cada interpretaci\u00f3n de kata una expresividad extra.<br \/>\n\u00c2- La alta densidad del material hace que el Gis de 12 onzas se sienta tan ligero como una pluma, lo que lo hace especialmente c\u00f3modo de llevar.<br \/>\n\u00c2- Las costuras de la parte exterior de las mangas reforzadas son especialmente gruesas, lo que hace que el traje caiga bien cuando te mueves y favorece el aspecto.<br \/>\n\u00c2- Logotipo oficial de Tokaido bordado en el pecho derecho y en la nuca.<br \/>\n\u00c2- Los pantalones ofrecen una sujeci\u00f3n fiable gracias al cord\u00f3n de ajuste alto en la cintura y no aprietan, ni siquiera con movimientos bunkai complejos.<br \/>\n\u00c2- Material: 70% algod\u00f3n, 30% poli\u00e9ster<\/p>\n","protected":false},"excerpt":{"rendered":"<p>Karategi, TOKAIDO Kata Master Tokio, fabricado en Jap\u00f3n, WKF, 12 oz El Kata Master Tokio es un karategi japon\u00e9s que lleva la experiencia del kata a un nuevo nivel. El nuevo corte especial, que proporciona un ajuste \u00f3ptimo, es el resultado de la cooperaci\u00f3n entre expertos en kata de Kuwait, Alemania, Italia y Azerbaiy\u00e1n. El [&hellip;]<\/p>\n","protected":false},"featured_media":416960,"comment_status":"closed","ping_status":"closed","template":"","meta":{"inline_featured_image":false},"product_brand":[],"product_cat":[1314,1311],"product_tag":[1306],"sport":[],"class_list":{"0":"post-353136","1":"product","2":"type-product","3":"status-publish","4":"has-post-thumbnail","6":"product_cat-kimonos-de-karate","7":"product_cat-trajes-kimonos","8":"product_tag-tokaido-es","9":"pa_size-380","10":"pa_size-379","11":"pa_size-387","12":"pa_size-378","13":"pa_size-386","14":"pa_size-377","15":"pa_size-385","16":"pa_size-376","17":"pa_size-384","18":"pa_size-383","20":"first","21":"instock","22":"taxable","23":"shipping-taxable","24":"purchasable","25":"product-type-variable"},"yoast_head":"<!-- This site is optimized with the Yoast SEO plugin v27.2 - https:\/\/yoast.com\/product\/yoast-seo-wordpress\/ -->\n<title>KARATEGI TOKAIDO KATA MASTER TOKYO - MADE IN JAPAN &#8211; Daisho<\/title>\n<meta name=\"description\" content=\"El Kata Master Tokio es el resultado de la cooperaci\u00f3n entre expertos en kata de Kuwait, Alemania, Italia y Azerbaiy\u00e1n.\" \/>\n<meta name=\"robots\" content=\"index, follow, max-snippet:-1, max-image-preview:large, max-video-preview:-1\" \/>\n<link rel=\"canonical\" href=\"https:\/\/www.daisho.be\/es\/produit\/karategi-tokaido-kata-master-tokyo-made-in-japan\/\" \/>\n<meta property=\"og:locale\" content=\"es_ES\" \/>\n<meta property=\"og:type\" content=\"article\" \/>\n<meta property=\"og:title\" content=\"KARATEGI TOKAIDO KATA MASTER TOKYO - MADE IN JAPAN &#8211; Daisho\" \/>\n<meta property=\"og:description\" content=\"El Kata Master Tokio es el resultado de la cooperaci\u00f3n entre expertos en kata de Kuwait, Alemania, Italia y Azerbaiy\u00e1n.\" \/>\n<meta property=\"og:url\" content=\"https:\/\/www.daisho.be\/es\/produit\/karategi-tokaido-kata-master-tokyo-made-in-japan\/\" \/>\n<meta property=\"og:site_name\" content=\"Daisho\" \/>\n<meta property=\"article:modified_time\" content=\"2025-12-23T09:36:08+00:00\" \/>\n<meta property=\"og:image\" content=\"https:\/\/www.daisho.be\/wp-content\/uploads\/2024\/06\/image-44.jpg\" \/>\n\t<meta property=\"og:image:width\" content=\"510\" \/>\n\t<meta property=\"og:image:height\" content=\"720\" \/>\n\t<meta property=\"og:image:type\" content=\"image\/jpeg\" \/>\n<meta name=\"twitter:card\" content=\"summary_large_image\" \/>\n<meta name=\"twitter:label1\" content=\"Tiempo de lectura\" \/>\n\t<meta name=\"twitter:data1\" content=\"1 minuto\" \/>\n<script type=\"application\/ld+json\" class=\"yoast-schema-graph\">{\"@context\":\"https:\/\/schema.org\",\"@graph\":[{\"@type\":\"WebPage\",\"@id\":\"https:\/\/www.daisho.be\/es\/produit\/karategi-tokaido-kata-master-tokyo-made-in-japan\/\",\"url\":\"https:\/\/www.daisho.be\/es\/produit\/karategi-tokaido-kata-master-tokyo-made-in-japan\/\",\"name\":\"KARATEGI TOKAIDO KATA MASTER TOKYO - MADE IN JAPAN &#8211; Daisho\",\"isPartOf\":{\"@id\":\"https:\/\/www.daisho.be\/es\/#website\"},\"primaryImageOfPage\":{\"@id\":\"https:\/\/www.daisho.be\/es\/produit\/karategi-tokaido-kata-master-tokyo-made-in-japan\/#primaryimage\"},\"image\":{\"@id\":\"https:\/\/www.daisho.be\/es\/produit\/karategi-tokaido-kata-master-tokyo-made-in-japan\/#primaryimage\"},\"thumbnailUrl\":\"https:\/\/www.daisho.be\/wp-content\/uploads\/2024\/06\/image-44.jpg\",\"datePublished\":\"2023-01-19T21:00:40+00:00\",\"dateModified\":\"2025-12-23T09:36:08+00:00\",\"description\":\"El Kata Master Tokio es el resultado de la cooperaci\u00f3n entre expertos en kata de Kuwait, Alemania, Italia y Azerbaiy\u00e1n.\",\"breadcrumb\":{\"@id\":\"https:\/\/www.daisho.be\/es\/produit\/karategi-tokaido-kata-master-tokyo-made-in-japan\/#breadcrumb\"},\"inLanguage\":\"es\",\"potentialAction\":[{\"@type\":\"ReadAction\",\"target\":[\"https:\/\/www.daisho.be\/es\/produit\/karategi-tokaido-kata-master-tokyo-made-in-japan\/\"]}]},{\"@type\":\"ImageObject\",\"inLanguage\":\"es\",\"@id\":\"https:\/\/www.daisho.be\/es\/produit\/karategi-tokaido-kata-master-tokyo-made-in-japan\/#primaryimage\",\"url\":\"https:\/\/www.daisho.be\/wp-content\/uploads\/2024\/06\/image-44.jpg\",\"contentUrl\":\"https:\/\/www.daisho.be\/wp-content\/uploads\/2024\/06\/image-44.jpg\",\"width\":510,\"height\":720,\"caption\":\"KARATEGI TOKAIDO KATA MASTER TOKYO - MADE IN JAPAN-1\"},{\"@type\":\"BreadcrumbList\",\"@id\":\"https:\/\/www.daisho.be\/es\/produit\/karategi-tokaido-kata-master-tokyo-made-in-japan\/#breadcrumb\",\"itemListElement\":[{\"@type\":\"ListItem\",\"position\":1,\"name\":\"Accueil\",\"item\":\"https:\/\/www.daisho.be\/es\/\"},{\"@type\":\"ListItem\",\"position\":2,\"name\":\"Productos\",\"item\":\"https:\/\/www.daisho.be\/es\/productos\/\"},{\"@type\":\"ListItem\",\"position\":3,\"name\":\"Equipamiento y ropa para artes marciales y deportes de combate\",\"item\":\"https:\/\/www.daisho.be\/es\/categorie-produit\/equipamiento-y-ropa-para-artes-marciales-y-deportes-de-combate\/\"},{\"@type\":\"ListItem\",\"position\":4,\"name\":\"Karate\",\"item\":\"https:\/\/www.daisho.be\/es\/categorie-produit\/equipamiento-y-ropa-para-artes-marciales-y-deportes-de-combate\/karate-es-2\/\"},{\"@type\":\"ListItem\",\"position\":5,\"name\":\"Kimonos de k\u00e1rate\",\"item\":\"https:\/\/www.daisho.be\/es\/categorie-produit\/equipamiento-y-ropa-para-artes-marciales-y-deportes-de-combate\/karate-es-2\/kimonos-de-karate\/\"},{\"@type\":\"ListItem\",\"position\":6,\"name\":\"KARATEGI TOKAIDO KATA MASTER TOKYO &#8211; MADE IN JAPAN\"}]},{\"@type\":\"WebSite\",\"@id\":\"https:\/\/www.daisho.be\/es\/#website\",\"url\":\"https:\/\/www.daisho.be\/es\/\",\"name\":\"Daisho\",\"description\":\"Sp&eacute;cialiste de l'&eacute;quipement sportif d'arts martiaux\",\"publisher\":{\"@id\":\"https:\/\/www.daisho.be\/es\/#organization\"},\"potentialAction\":[{\"@type\":\"SearchAction\",\"target\":{\"@type\":\"EntryPoint\",\"urlTemplate\":\"https:\/\/www.daisho.be\/es\/?s={search_term_string}\"},\"query-input\":{\"@type\":\"PropertyValueSpecification\",\"valueRequired\":true,\"valueName\":\"search_term_string\"}}],\"inLanguage\":\"es\"},{\"@type\":\"Organization\",\"@id\":\"https:\/\/www.daisho.be\/es\/#organization\",\"name\":\"Daisho\",\"url\":\"https:\/\/www.daisho.be\/es\/\",\"logo\":{\"@type\":\"ImageObject\",\"inLanguage\":\"es\",\"@id\":\"https:\/\/www.daisho.be\/es\/#\/schema\/logo\/image\/\",\"url\":\"https:\/\/www.daisho.be\/wp-content\/uploads\/2019\/07\/color-nothing-horizontale4x-e1564486100247.png\",\"contentUrl\":\"https:\/\/www.daisho.be\/wp-content\/uploads\/2019\/07\/color-nothing-horizontale4x-e1564486100247.png\",\"width\":1547,\"height\":385,\"caption\":\"Daisho\"},\"image\":{\"@id\":\"https:\/\/www.daisho.be\/es\/#\/schema\/logo\/image\/\"}}]}<\/script>\n<!-- \/ Yoast SEO plugin. -->","yoast_head_json":{"title":"KARATEGI TOKAIDO KATA MASTER TOKYO - MADE IN JAPAN &#8211; Daisho","description":"El Kata Master Tokio es el resultado de la cooperaci\u00f3n entre expertos en kata de Kuwait, Alemania, Italia y Azerbaiy\u00e1n.","robots":{"index":"index","follow":"follow","max-snippet":"max-snippet:-1","max-image-preview":"max-image-preview:large","max-video-preview":"max-video-preview:-1"},"canonical":"https:\/\/www.daisho.be\/es\/produit\/karategi-tokaido-kata-master-tokyo-made-in-japan\/","og_locale":"es_ES","og_type":"article","og_title":"KARATEGI TOKAIDO KATA MASTER TOKYO - MADE IN JAPAN &#8211; Daisho","og_description":"El Kata Master Tokio es el resultado de la cooperaci\u00f3n entre expertos en kata de Kuwait, Alemania, Italia y Azerbaiy\u00e1n.","og_url":"https:\/\/www.daisho.be\/es\/produit\/karategi-tokaido-kata-master-tokyo-made-in-japan\/","og_site_name":"Daisho","article_modified_time":"2025-12-23T09:36:08+00:00","og_image":[{"width":510,"height":720,"url":"https:\/\/www.daisho.be\/wp-content\/uploads\/2024\/06\/image-44.jpg","type":"image\/jpeg"}],"twitter_card":"summary_large_image","twitter_misc":{"Tiempo de lectura":"1 minuto"},"schema":{"@context":"https:\/\/schema.org","@graph":[{"@type":"WebPage","@id":"https:\/\/www.daisho.be\/es\/produit\/karategi-tokaido-kata-master-tokyo-made-in-japan\/","url":"https:\/\/www.daisho.be\/es\/produit\/karategi-tokaido-kata-master-tokyo-made-in-japan\/","name":"KARATEGI TOKAIDO KATA MASTER TOKYO - MADE IN JAPAN &#8211; Daisho","isPartOf":{"@id":"https:\/\/www.daisho.be\/es\/#website"},"primaryImageOfPage":{"@id":"https:\/\/www.daisho.be\/es\/produit\/karategi-tokaido-kata-master-tokyo-made-in-japan\/#primaryimage"},"image":{"@id":"https:\/\/www.daisho.be\/es\/produit\/karategi-tokaido-kata-master-tokyo-made-in-japan\/#primaryimage"},"thumbnailUrl":"https:\/\/www.daisho.be\/wp-content\/uploads\/2024\/06\/image-44.jpg","datePublished":"2023-01-19T21:00:40+00:00","dateModified":"2025-12-23T09:36:08+00:00","description":"El Kata Master Tokio es el resultado de la cooperaci\u00f3n entre expertos en kata de Kuwait, Alemania, Italia y Azerbaiy\u00e1n.","breadcrumb":{"@id":"https:\/\/www.daisho.be\/es\/produit\/karategi-tokaido-kata-master-tokyo-made-in-japan\/#breadcrumb"},"inLanguage":"es","potentialAction":[{"@type":"ReadAction","target":["https:\/\/www.daisho.be\/es\/produit\/karategi-tokaido-kata-master-tokyo-made-in-japan\/"]}]},{"@type":"ImageObject","inLanguage":"es","@id":"https:\/\/www.daisho.be\/es\/produit\/karategi-tokaido-kata-master-tokyo-made-in-japan\/#primaryimage","url":"https:\/\/www.daisho.be\/wp-content\/uploads\/2024\/06\/image-44.jpg","contentUrl":"https:\/\/www.daisho.be\/wp-content\/uploads\/2024\/06\/image-44.jpg","width":510,"height":720,"caption":"KARATEGI TOKAIDO KATA MASTER TOKYO - MADE IN JAPAN-1"},{"@type":"BreadcrumbList","@id":"https:\/\/www.daisho.be\/es\/produit\/karategi-tokaido-kata-master-tokyo-made-in-japan\/#breadcrumb","itemListElement":[{"@type":"ListItem","position":1,"name":"Accueil","item":"https:\/\/www.daisho.be\/es\/"},{"@type":"ListItem","position":2,"name":"Productos","item":"https:\/\/www.daisho.be\/es\/productos\/"},{"@type":"ListItem","position":3,"name":"Equipamiento y ropa para artes marciales y deportes de combate","item":"https:\/\/www.daisho.be\/es\/categorie-produit\/equipamiento-y-ropa-para-artes-marciales-y-deportes-de-combate\/"},{"@type":"ListItem","position":4,"name":"Karate","item":"https:\/\/www.daisho.be\/es\/categorie-produit\/equipamiento-y-ropa-para-artes-marciales-y-deportes-de-combate\/karate-es-2\/"},{"@type":"ListItem","position":5,"name":"Kimonos de k\u00e1rate","item":"https:\/\/www.daisho.be\/es\/categorie-produit\/equipamiento-y-ropa-para-artes-marciales-y-deportes-de-combate\/karate-es-2\/kimonos-de-karate\/"},{"@type":"ListItem","position":6,"name":"KARATEGI TOKAIDO KATA MASTER TOKYO &#8211; MADE IN JAPAN"}]},{"@type":"WebSite","@id":"https:\/\/www.daisho.be\/es\/#website","url":"https:\/\/www.daisho.be\/es\/","name":"Daisho","description":"Sp&eacute;cialiste de l'&eacute;quipement sportif d'arts martiaux","publisher":{"@id":"https:\/\/www.daisho.be\/es\/#organization"},"potentialAction":[{"@type":"SearchAction","target":{"@type":"EntryPoint","urlTemplate":"https:\/\/www.daisho.be\/es\/?s={search_term_string}"},"query-input":{"@type":"PropertyValueSpecification","valueRequired":true,"valueName":"search_term_string"}}],"inLanguage":"es"},{"@type":"Organization","@id":"https:\/\/www.daisho.be\/es\/#organization","name":"Daisho","url":"https:\/\/www.daisho.be\/es\/","logo":{"@type":"ImageObject","inLanguage":"es","@id":"https:\/\/www.daisho.be\/es\/#\/schema\/logo\/image\/","url":"https:\/\/www.daisho.be\/wp-content\/uploads\/2019\/07\/color-nothing-horizontale4x-e1564486100247.png","contentUrl":"https:\/\/www.daisho.be\/wp-content\/uploads\/2019\/07\/color-nothing-horizontale4x-e1564486100247.png","width":1547,"height":385,"caption":"Daisho"},"image":{"@id":"https:\/\/www.daisho.be\/es\/#\/schema\/logo\/image\/"}}]}},"_links":{"self":[{"href":"https:\/\/www.daisho.be\/es\/wp-json\/wp\/v2\/product\/353136","targetHints":{"allow":["GET"]}}],"collection":[{"href":"https:\/\/www.daisho.be\/es\/wp-json\/wp\/v2\/product"}],"about":[{"href":"https:\/\/www.daisho.be\/es\/wp-json\/wp\/v2\/types\/product"}],"replies":[{"embeddable":true,"href":"https:\/\/www.daisho.be\/es\/wp-json\/wp\/v2\/comments?post=353136"}],"wp:featuredmedia":[{"embeddable":true,"href":"https:\/\/www.daisho.be\/es\/wp-json\/wp\/v2\/media\/416960"}],"wp:attachment":[{"href":"https:\/\/www.daisho.be\/es\/wp-json\/wp\/v2\/media?parent=353136"}],"wp:term":[{"taxonomy":"product_brand","embeddable":true,"href":"https:\/\/www.daisho.be\/es\/wp-json\/wp\/v2\/product_brand?post=353136"},{"taxonomy":"product_cat","embeddable":true,"href":"https:\/\/www.daisho.be\/es\/wp-json\/wp\/v2\/product_cat?post=353136"},{"taxonomy":"product_tag","embeddable":true,"href":"https:\/\/www.daisho.be\/es\/wp-json\/wp\/v2\/product_tag?post=353136"},{"taxonomy":"sport","embeddable":true,"href":"https:\/\/www.daisho.be\/es\/wp-json\/wp\/v2\/sport?post=353136"}],"curies":[{"name":"wp","href":"https:\/\/api.w.org\/{rel}","templated":true}]}}