{"id":353130,"date":"2022-11-16T14:48:19","date_gmt":"2022-11-16T13:48:19","guid":{"rendered":"https:\/\/www.daisho.be\/produit\/espinilleras-adidas-negro-azul\/"},"modified":"2025-02-27T15:35:55","modified_gmt":"2025-02-27T14:35:55","slug":"espinilleras-adidas-negro-azul","status":"publish","type":"product","link":"https:\/\/www.daisho.be\/es\/produit\/espinilleras-adidas-negro-azul\/","title":{"rendered":"Espinilleras Adidas Negro\/Azul"},"content":{"rendered":"<p>Bonitas y resistentes espinilleras de Adidas.<br \/>\nProtecci\u00f3n adicional inyectada con secci\u00f3n en el empeine para una protecci\u00f3n \u00f3ptima de tus pies y espinillas.<br \/>\nHomologadas por la CE. Las espinilleras tienen un cierre de velcro para que tus espinilleras se mantengan perfectamente en su sitio.<br \/>\nLas espinilleras son adecuadas para todos los artistas marciales que quieran una buena protecci\u00f3n a buen precio. Son adecuadas para Thai\/Kickboxing y MMA.<br \/>\nVentajas:<br \/>\n&#8211; acolchado de espuma inyectada duradero y protector<br \/>\n&#8211; protecci\u00f3n definitiva<br \/>\n&#8211; dos fuertes cierres de velcro<br \/>\n&#8211; homologadas CE<br \/>\n&#8211; PU3G ultrarresistente<br \/>\n&#8211; se venden por pares<br \/>\n&#8211; acolchado suave para los pies  <\/p>\n","protected":false},"excerpt":{"rendered":"<p>Bonitas y resistentes espinilleras de Adidas. Protecci\u00f3n adicional inyectada con secci\u00f3n en el empeine para una protecci\u00f3n \u00f3ptima de tus pies y espinillas. Homologadas por la CE. Las espinilleras tienen un cierre de velcro para que tus espinilleras se mantengan perfectamente en su sitio. Las espinilleras son adecuadas para todos los artistas marciales que quieran [&hellip;]<\/p>\n","protected":false},"featured_media":340500,"comment_status":"open","ping_status":"closed","template":"","meta":{"inline_featured_image":false},"product_brand":[],"product_cat":[1595,1591,1700],"product_tag":[1560],"sport":[],"class_list":{"0":"post-353130","1":"product","2":"type-product","3":"status-publish","4":"has-post-thumbnail","6":"product_cat-almohadillas-adidas-para-mma","7":"product_cat-protectores-adidas-kickboxing","8":"product_cat-protectores-adidas-muay-thai","9":"product_tag-adidas-es","10":"pa_size-l","11":"pa_size-m","12":"pa_size-s","13":"pa_size-xl","15":"first","16":"instock","17":"taxable","18":"shipping-taxable","19":"purchasable","20":"product-type-variable"},"yoast_head":"<!-- This site is optimized with the Yoast SEO plugin v27.2 - https:\/\/yoast.com\/product\/yoast-seo-wordpress\/ -->\n<title>Espinilleras Adidas Negro\/Azul &#8211; Daisho<\/title>\n<meta name=\"description\" content=\"Las espinilleras\/pantorrilleras est\u00e1n dise\u00f1adas para ofrecer una protecci\u00f3n \u00f3ptima a todos los practicantes de artes marciales. C\u00f3mpralas en www.daisho.be|Daisho\" \/>\n<meta name=\"robots\" content=\"index, follow, max-snippet:-1, max-image-preview:large, max-video-preview:-1\" \/>\n<link rel=\"canonical\" href=\"https:\/\/www.daisho.be\/es\/produit\/espinilleras-adidas-negro-azul\/\" \/>\n<meta property=\"og:locale\" content=\"es_ES\" \/>\n<meta property=\"og:type\" content=\"article\" \/>\n<meta property=\"og:title\" content=\"Espinilleras Adidas Negro\/Azul &#8211; Daisho\" \/>\n<meta property=\"og:description\" content=\"Las espinilleras\/pantorrilleras est\u00e1n dise\u00f1adas para ofrecer una protecci\u00f3n \u00f3ptima a todos los practicantes de artes marciales. C\u00f3mpralas en www.daisho.be|Daisho\" \/>\n<meta property=\"og:url\" content=\"https:\/\/www.daisho.be\/es\/produit\/espinilleras-adidas-negro-azul\/\" \/>\n<meta property=\"og:site_name\" content=\"Daisho\" \/>\n<meta property=\"article:modified_time\" content=\"2025-02-27T14:35:55+00:00\" \/>\n<meta property=\"og:image\" content=\"https:\/\/www.daisho.be\/wp-content\/uploads\/2024\/01\/image-102.jpg\" \/>\n\t<meta property=\"og:image:width\" content=\"800\" \/>\n\t<meta property=\"og:image:height\" content=\"800\" \/>\n\t<meta property=\"og:image:type\" content=\"image\/jpeg\" \/>\n<meta name=\"twitter:card\" content=\"summary_large_image\" \/>\n<meta name=\"twitter:label1\" content=\"Tiempo de lectura\" \/>\n\t<meta name=\"twitter:data1\" content=\"1 minuto\" \/>\n<script type=\"application\/ld+json\" class=\"yoast-schema-graph\">{\"@context\":\"https:\/\/schema.org\",\"@graph\":[{\"@type\":\"WebPage\",\"@id\":\"https:\/\/www.daisho.be\/es\/produit\/espinilleras-adidas-negro-azul\/\",\"url\":\"https:\/\/www.daisho.be\/es\/produit\/espinilleras-adidas-negro-azul\/\",\"name\":\"Espinilleras Adidas Negro\/Azul &#8211; Daisho\",\"isPartOf\":{\"@id\":\"https:\/\/www.daisho.be\/es\/#website\"},\"primaryImageOfPage\":{\"@id\":\"https:\/\/www.daisho.be\/es\/produit\/espinilleras-adidas-negro-azul\/#primaryimage\"},\"image\":{\"@id\":\"https:\/\/www.daisho.be\/es\/produit\/espinilleras-adidas-negro-azul\/#primaryimage\"},\"thumbnailUrl\":\"https:\/\/www.daisho.be\/wp-content\/uploads\/2024\/01\/image-102.jpg\",\"datePublished\":\"2022-11-16T13:48:19+00:00\",\"dateModified\":\"2025-02-27T14:35:55+00:00\",\"description\":\"Las espinilleras\/pantorrilleras est\u00e1n dise\u00f1adas para ofrecer una protecci\u00f3n \u00f3ptima a todos los practicantes de artes marciales. C\u00f3mpralas en www.daisho.be|Daisho\",\"breadcrumb\":{\"@id\":\"https:\/\/www.daisho.be\/es\/produit\/espinilleras-adidas-negro-azul\/#breadcrumb\"},\"inLanguage\":\"es\",\"potentialAction\":[{\"@type\":\"ReadAction\",\"target\":[\"https:\/\/www.daisho.be\/es\/produit\/espinilleras-adidas-negro-azul\/\"]}]},{\"@type\":\"ImageObject\",\"inLanguage\":\"es\",\"@id\":\"https:\/\/www.daisho.be\/es\/produit\/espinilleras-adidas-negro-azul\/#primaryimage\",\"url\":\"https:\/\/www.daisho.be\/wp-content\/uploads\/2024\/01\/image-102.jpg\",\"contentUrl\":\"https:\/\/www.daisho.be\/wp-content\/uploads\/2024\/01\/image-102.jpg\",\"width\":800,\"height\":800,\"caption\":\"Espinilleras Adidas Negro\/Azul-1\"},{\"@type\":\"BreadcrumbList\",\"@id\":\"https:\/\/www.daisho.be\/es\/produit\/espinilleras-adidas-negro-azul\/#breadcrumb\",\"itemListElement\":[{\"@type\":\"ListItem\",\"position\":1,\"name\":\"Accueil\",\"item\":\"https:\/\/www.daisho.be\/es\/\"},{\"@type\":\"ListItem\",\"position\":2,\"name\":\"Productos\",\"item\":\"https:\/\/www.daisho.be\/es\/productos\/\"},{\"@type\":\"ListItem\",\"position\":3,\"name\":\"ADIDAS COMBAT SPORTS\",\"item\":\"https:\/\/www.daisho.be\/es\/categorie-produit\/adidas-combat-sports-es\/\"},{\"@type\":\"ListItem\",\"position\":4,\"name\":\"MMA\",\"item\":\"https:\/\/www.daisho.be\/es\/categorie-produit\/adidas-combat-sports-es\/mma-es-2\/\"},{\"@type\":\"ListItem\",\"position\":5,\"name\":\"Almohadillas Adidas para MMA\",\"item\":\"https:\/\/www.daisho.be\/es\/categorie-produit\/adidas-combat-sports-es\/mma-es-2\/almohadillas-adidas-para-mma\/\"},{\"@type\":\"ListItem\",\"position\":6,\"name\":\"Espinilleras Adidas Negro\/Azul\"}]},{\"@type\":\"WebSite\",\"@id\":\"https:\/\/www.daisho.be\/es\/#website\",\"url\":\"https:\/\/www.daisho.be\/es\/\",\"name\":\"Daisho\",\"description\":\"Sp&eacute;cialiste de l'&eacute;quipement sportif d'arts martiaux\",\"publisher\":{\"@id\":\"https:\/\/www.daisho.be\/es\/#organization\"},\"potentialAction\":[{\"@type\":\"SearchAction\",\"target\":{\"@type\":\"EntryPoint\",\"urlTemplate\":\"https:\/\/www.daisho.be\/es\/?s={search_term_string}\"},\"query-input\":{\"@type\":\"PropertyValueSpecification\",\"valueRequired\":true,\"valueName\":\"search_term_string\"}}],\"inLanguage\":\"es\"},{\"@type\":\"Organization\",\"@id\":\"https:\/\/www.daisho.be\/es\/#organization\",\"name\":\"Daisho\",\"url\":\"https:\/\/www.daisho.be\/es\/\",\"logo\":{\"@type\":\"ImageObject\",\"inLanguage\":\"es\",\"@id\":\"https:\/\/www.daisho.be\/es\/#\/schema\/logo\/image\/\",\"url\":\"https:\/\/www.daisho.be\/wp-content\/uploads\/2019\/07\/color-nothing-horizontale4x-e1564486100247.png\",\"contentUrl\":\"https:\/\/www.daisho.be\/wp-content\/uploads\/2019\/07\/color-nothing-horizontale4x-e1564486100247.png\",\"width\":1547,\"height\":385,\"caption\":\"Daisho\"},\"image\":{\"@id\":\"https:\/\/www.daisho.be\/es\/#\/schema\/logo\/image\/\"}}]}<\/script>\n<!-- \/ Yoast SEO plugin. -->","yoast_head_json":{"title":"Espinilleras Adidas Negro\/Azul &#8211; Daisho","description":"Las espinilleras\/pantorrilleras est\u00e1n dise\u00f1adas para ofrecer una protecci\u00f3n \u00f3ptima a todos los practicantes de artes marciales. C\u00f3mpralas en www.daisho.be|Daisho","robots":{"index":"index","follow":"follow","max-snippet":"max-snippet:-1","max-image-preview":"max-image-preview:large","max-video-preview":"max-video-preview:-1"},"canonical":"https:\/\/www.daisho.be\/es\/produit\/espinilleras-adidas-negro-azul\/","og_locale":"es_ES","og_type":"article","og_title":"Espinilleras Adidas Negro\/Azul &#8211; Daisho","og_description":"Las espinilleras\/pantorrilleras est\u00e1n dise\u00f1adas para ofrecer una protecci\u00f3n \u00f3ptima a todos los practicantes de artes marciales. C\u00f3mpralas en www.daisho.be|Daisho","og_url":"https:\/\/www.daisho.be\/es\/produit\/espinilleras-adidas-negro-azul\/","og_site_name":"Daisho","article_modified_time":"2025-02-27T14:35:55+00:00","og_image":[{"width":800,"height":800,"url":"https:\/\/www.daisho.be\/wp-content\/uploads\/2024\/01\/image-102.jpg","type":"image\/jpeg"}],"twitter_card":"summary_large_image","twitter_misc":{"Tiempo de lectura":"1 minuto"},"schema":{"@context":"https:\/\/schema.org","@graph":[{"@type":"WebPage","@id":"https:\/\/www.daisho.be\/es\/produit\/espinilleras-adidas-negro-azul\/","url":"https:\/\/www.daisho.be\/es\/produit\/espinilleras-adidas-negro-azul\/","name":"Espinilleras Adidas Negro\/Azul &#8211; Daisho","isPartOf":{"@id":"https:\/\/www.daisho.be\/es\/#website"},"primaryImageOfPage":{"@id":"https:\/\/www.daisho.be\/es\/produit\/espinilleras-adidas-negro-azul\/#primaryimage"},"image":{"@id":"https:\/\/www.daisho.be\/es\/produit\/espinilleras-adidas-negro-azul\/#primaryimage"},"thumbnailUrl":"https:\/\/www.daisho.be\/wp-content\/uploads\/2024\/01\/image-102.jpg","datePublished":"2022-11-16T13:48:19+00:00","dateModified":"2025-02-27T14:35:55+00:00","description":"Las espinilleras\/pantorrilleras est\u00e1n dise\u00f1adas para ofrecer una protecci\u00f3n \u00f3ptima a todos los practicantes de artes marciales. C\u00f3mpralas en www.daisho.be|Daisho","breadcrumb":{"@id":"https:\/\/www.daisho.be\/es\/produit\/espinilleras-adidas-negro-azul\/#breadcrumb"},"inLanguage":"es","potentialAction":[{"@type":"ReadAction","target":["https:\/\/www.daisho.be\/es\/produit\/espinilleras-adidas-negro-azul\/"]}]},{"@type":"ImageObject","inLanguage":"es","@id":"https:\/\/www.daisho.be\/es\/produit\/espinilleras-adidas-negro-azul\/#primaryimage","url":"https:\/\/www.daisho.be\/wp-content\/uploads\/2024\/01\/image-102.jpg","contentUrl":"https:\/\/www.daisho.be\/wp-content\/uploads\/2024\/01\/image-102.jpg","width":800,"height":800,"caption":"Espinilleras Adidas Negro\/Azul-1"},{"@type":"BreadcrumbList","@id":"https:\/\/www.daisho.be\/es\/produit\/espinilleras-adidas-negro-azul\/#breadcrumb","itemListElement":[{"@type":"ListItem","position":1,"name":"Accueil","item":"https:\/\/www.daisho.be\/es\/"},{"@type":"ListItem","position":2,"name":"Productos","item":"https:\/\/www.daisho.be\/es\/productos\/"},{"@type":"ListItem","position":3,"name":"ADIDAS COMBAT SPORTS","item":"https:\/\/www.daisho.be\/es\/categorie-produit\/adidas-combat-sports-es\/"},{"@type":"ListItem","position":4,"name":"MMA","item":"https:\/\/www.daisho.be\/es\/categorie-produit\/adidas-combat-sports-es\/mma-es-2\/"},{"@type":"ListItem","position":5,"name":"Almohadillas Adidas para MMA","item":"https:\/\/www.daisho.be\/es\/categorie-produit\/adidas-combat-sports-es\/mma-es-2\/almohadillas-adidas-para-mma\/"},{"@type":"ListItem","position":6,"name":"Espinilleras Adidas Negro\/Azul"}]},{"@type":"WebSite","@id":"https:\/\/www.daisho.be\/es\/#website","url":"https:\/\/www.daisho.be\/es\/","name":"Daisho","description":"Sp&eacute;cialiste de l'&eacute;quipement sportif d'arts martiaux","publisher":{"@id":"https:\/\/www.daisho.be\/es\/#organization"},"potentialAction":[{"@type":"SearchAction","target":{"@type":"EntryPoint","urlTemplate":"https:\/\/www.daisho.be\/es\/?s={search_term_string}"},"query-input":{"@type":"PropertyValueSpecification","valueRequired":true,"valueName":"search_term_string"}}],"inLanguage":"es"},{"@type":"Organization","@id":"https:\/\/www.daisho.be\/es\/#organization","name":"Daisho","url":"https:\/\/www.daisho.be\/es\/","logo":{"@type":"ImageObject","inLanguage":"es","@id":"https:\/\/www.daisho.be\/es\/#\/schema\/logo\/image\/","url":"https:\/\/www.daisho.be\/wp-content\/uploads\/2019\/07\/color-nothing-horizontale4x-e1564486100247.png","contentUrl":"https:\/\/www.daisho.be\/wp-content\/uploads\/2019\/07\/color-nothing-horizontale4x-e1564486100247.png","width":1547,"height":385,"caption":"Daisho"},"image":{"@id":"https:\/\/www.daisho.be\/es\/#\/schema\/logo\/image\/"}}]}},"_links":{"self":[{"href":"https:\/\/www.daisho.be\/es\/wp-json\/wp\/v2\/product\/353130","targetHints":{"allow":["GET"]}}],"collection":[{"href":"https:\/\/www.daisho.be\/es\/wp-json\/wp\/v2\/product"}],"about":[{"href":"https:\/\/www.daisho.be\/es\/wp-json\/wp\/v2\/types\/product"}],"replies":[{"embeddable":true,"href":"https:\/\/www.daisho.be\/es\/wp-json\/wp\/v2\/comments?post=353130"}],"wp:featuredmedia":[{"embeddable":true,"href":"https:\/\/www.daisho.be\/es\/wp-json\/wp\/v2\/media\/340500"}],"wp:attachment":[{"href":"https:\/\/www.daisho.be\/es\/wp-json\/wp\/v2\/media?parent=353130"}],"wp:term":[{"taxonomy":"product_brand","embeddable":true,"href":"https:\/\/www.daisho.be\/es\/wp-json\/wp\/v2\/product_brand?post=353130"},{"taxonomy":"product_cat","embeddable":true,"href":"https:\/\/www.daisho.be\/es\/wp-json\/wp\/v2\/product_cat?post=353130"},{"taxonomy":"product_tag","embeddable":true,"href":"https:\/\/www.daisho.be\/es\/wp-json\/wp\/v2\/product_tag?post=353130"},{"taxonomy":"sport","embeddable":true,"href":"https:\/\/www.daisho.be\/es\/wp-json\/wp\/v2\/sport?post=353130"}],"curies":[{"name":"wp","href":"https:\/\/api.w.org\/{rel}","templated":true}]}}