{"id":353053,"date":"2022-09-12T17:17:05","date_gmt":"2022-09-12T15:17:05","guid":{"rendered":"https:\/\/www.daisho.be\/produit\/crema-calmante-de-arnica\/"},"modified":"2026-02-13T09:20:45","modified_gmt":"2026-02-13T08:20:45","slug":"crema-calmante-de-arnica","status":"publish","type":"product","link":"https:\/\/www.daisho.be\/es\/produit\/crema-calmante-de-arnica\/","title":{"rendered":"CREMA CALMANTE DE \u00c1RNICA"},"content":{"rendered":"<p>CON EXTRACTOS DE PLANTAS Y ACEITES ESENCIALES 100% NATURALES<\/p>\n<p>Compuesta de extractos vegetales y aceites esenciales naturales, esta crema refuerza la acci\u00f3n del masaje antes y despu\u00e9s del ejercicio. Ayuda a relajar los m\u00fasculos y las articulaciones.<\/p>\n<p>Capacidad : 250ml<\/p>\n","protected":false},"excerpt":{"rendered":"<p>CON EXTRACTOS DE PLANTAS Y ACEITES ESENCIALES 100% NATURALES Compuesta de extractos vegetales y aceites esenciales naturales, esta crema refuerza la acci\u00f3n del masaje antes y despu\u00e9s del ejercicio. Ayuda a relajar los m\u00fasculos y las articulaciones. Capacidad : 250ml<\/p>\n","protected":false},"featured_media":334924,"comment_status":"open","ping_status":"closed","template":"","meta":{"inline_featured_image":false},"product_brand":[],"product_cat":[1378],"product_tag":[1376],"sport":[],"class_list":{"0":"post-353053","1":"product","2":"type-product","3":"status-publish","4":"has-post-thumbnail","6":"product_cat-cremas","7":"product_tag-meditech-es","8":"pa_size-sans-taille-defaut","10":"first","11":"instock","12":"sale","13":"taxable","14":"shipping-taxable","15":"purchasable","16":"product-type-simple"},"yoast_head":"<!-- This site is optimized with the Yoast SEO plugin v27.2 - https:\/\/yoast.com\/product\/yoast-seo-wordpress\/ -->\n<title>CREMA CALMANTE DE \u00c1RNICA &#8211; Daisho<\/title>\n<meta name=\"description\" content=\"Descubre la crema calmante de \u00e1rnica de Meditech en nuestro sitio web www.daisho.be|Daisho. Ayuda a relajar los m\u00fasculos y las articulaciones.\" \/>\n<meta name=\"robots\" content=\"index, follow, max-snippet:-1, max-image-preview:large, max-video-preview:-1\" \/>\n<link rel=\"canonical\" href=\"https:\/\/www.daisho.be\/es\/produit\/crema-calmante-de-arnica\/\" \/>\n<meta property=\"og:locale\" content=\"es_ES\" \/>\n<meta property=\"og:type\" content=\"article\" \/>\n<meta property=\"og:title\" content=\"CREMA CALMANTE DE \u00c1RNICA &#8211; Daisho\" \/>\n<meta property=\"og:description\" content=\"Descubre la crema calmante de \u00e1rnica de Meditech en nuestro sitio web www.daisho.be|Daisho. Ayuda a relajar los m\u00fasculos y las articulaciones.\" \/>\n<meta property=\"og:url\" content=\"https:\/\/www.daisho.be\/es\/produit\/crema-calmante-de-arnica\/\" \/>\n<meta property=\"og:site_name\" content=\"Daisho\" \/>\n<meta property=\"article:modified_time\" content=\"2026-02-13T08:20:45+00:00\" \/>\n<meta property=\"og:image\" content=\"https:\/\/www.daisho.be\/wp-content\/uploads\/2022\/09\/image-14.jpg\" \/>\n\t<meta property=\"og:image:width\" content=\"262\" \/>\n\t<meta property=\"og:image:height\" content=\"262\" \/>\n\t<meta property=\"og:image:type\" content=\"image\/jpeg\" \/>\n<meta name=\"twitter:card\" content=\"summary_large_image\" \/>\n<script type=\"application\/ld+json\" class=\"yoast-schema-graph\">{\"@context\":\"https:\/\/schema.org\",\"@graph\":[{\"@type\":\"WebPage\",\"@id\":\"https:\/\/www.daisho.be\/es\/produit\/crema-calmante-de-arnica\/\",\"url\":\"https:\/\/www.daisho.be\/es\/produit\/crema-calmante-de-arnica\/\",\"name\":\"CREMA CALMANTE DE \u00c1RNICA &#8211; Daisho\",\"isPartOf\":{\"@id\":\"https:\/\/www.daisho.be\/es\/#website\"},\"primaryImageOfPage\":{\"@id\":\"https:\/\/www.daisho.be\/es\/produit\/crema-calmante-de-arnica\/#primaryimage\"},\"image\":{\"@id\":\"https:\/\/www.daisho.be\/es\/produit\/crema-calmante-de-arnica\/#primaryimage\"},\"thumbnailUrl\":\"https:\/\/www.daisho.be\/wp-content\/uploads\/2022\/09\/image-14.jpg\",\"datePublished\":\"2022-09-12T15:17:05+00:00\",\"dateModified\":\"2026-02-13T08:20:45+00:00\",\"description\":\"Descubre la crema calmante de \u00e1rnica de Meditech en nuestro sitio web www.daisho.be|Daisho. Ayuda a relajar los m\u00fasculos y las articulaciones.\",\"breadcrumb\":{\"@id\":\"https:\/\/www.daisho.be\/es\/produit\/crema-calmante-de-arnica\/#breadcrumb\"},\"inLanguage\":\"es\",\"potentialAction\":[{\"@type\":\"ReadAction\",\"target\":[\"https:\/\/www.daisho.be\/es\/produit\/crema-calmante-de-arnica\/\"]}]},{\"@type\":\"ImageObject\",\"inLanguage\":\"es\",\"@id\":\"https:\/\/www.daisho.be\/es\/produit\/crema-calmante-de-arnica\/#primaryimage\",\"url\":\"https:\/\/www.daisho.be\/wp-content\/uploads\/2022\/09\/image-14.jpg\",\"contentUrl\":\"https:\/\/www.daisho.be\/wp-content\/uploads\/2022\/09\/image-14.jpg\",\"width\":262,\"height\":262,\"caption\":\"\u00c1RNICA-1 CREMA CALMANTE\"},{\"@type\":\"BreadcrumbList\",\"@id\":\"https:\/\/www.daisho.be\/es\/produit\/crema-calmante-de-arnica\/#breadcrumb\",\"itemListElement\":[{\"@type\":\"ListItem\",\"position\":1,\"name\":\"Accueil\",\"item\":\"https:\/\/www.daisho.be\/es\/\"},{\"@type\":\"ListItem\",\"position\":2,\"name\":\"Productos\",\"item\":\"https:\/\/www.daisho.be\/es\/productos\/\"},{\"@type\":\"ListItem\",\"position\":3,\"name\":\"Cuidado del deporte\",\"item\":\"https:\/\/www.daisho.be\/es\/categorie-produit\/cuidado-del-deporte\/\"},{\"@type\":\"ListItem\",\"position\":4,\"name\":\"Cremas\",\"item\":\"https:\/\/www.daisho.be\/es\/categorie-produit\/cuidado-del-deporte\/cremas\/\"},{\"@type\":\"ListItem\",\"position\":5,\"name\":\"CREMA CALMANTE DE \u00c1RNICA\"}]},{\"@type\":\"WebSite\",\"@id\":\"https:\/\/www.daisho.be\/es\/#website\",\"url\":\"https:\/\/www.daisho.be\/es\/\",\"name\":\"Daisho\",\"description\":\"Sp&eacute;cialiste de l'&eacute;quipement sportif d'arts martiaux\",\"publisher\":{\"@id\":\"https:\/\/www.daisho.be\/es\/#organization\"},\"potentialAction\":[{\"@type\":\"SearchAction\",\"target\":{\"@type\":\"EntryPoint\",\"urlTemplate\":\"https:\/\/www.daisho.be\/es\/?s={search_term_string}\"},\"query-input\":{\"@type\":\"PropertyValueSpecification\",\"valueRequired\":true,\"valueName\":\"search_term_string\"}}],\"inLanguage\":\"es\"},{\"@type\":\"Organization\",\"@id\":\"https:\/\/www.daisho.be\/es\/#organization\",\"name\":\"Daisho\",\"url\":\"https:\/\/www.daisho.be\/es\/\",\"logo\":{\"@type\":\"ImageObject\",\"inLanguage\":\"es\",\"@id\":\"https:\/\/www.daisho.be\/es\/#\/schema\/logo\/image\/\",\"url\":\"https:\/\/www.daisho.be\/wp-content\/uploads\/2019\/07\/color-nothing-horizontale4x-e1564486100247.png\",\"contentUrl\":\"https:\/\/www.daisho.be\/wp-content\/uploads\/2019\/07\/color-nothing-horizontale4x-e1564486100247.png\",\"width\":1547,\"height\":385,\"caption\":\"Daisho\"},\"image\":{\"@id\":\"https:\/\/www.daisho.be\/es\/#\/schema\/logo\/image\/\"}}]}<\/script>\n<!-- \/ Yoast SEO plugin. -->","yoast_head_json":{"title":"CREMA CALMANTE DE \u00c1RNICA &#8211; Daisho","description":"Descubre la crema calmante de \u00e1rnica de Meditech en nuestro sitio web www.daisho.be|Daisho. Ayuda a relajar los m\u00fasculos y las articulaciones.","robots":{"index":"index","follow":"follow","max-snippet":"max-snippet:-1","max-image-preview":"max-image-preview:large","max-video-preview":"max-video-preview:-1"},"canonical":"https:\/\/www.daisho.be\/es\/produit\/crema-calmante-de-arnica\/","og_locale":"es_ES","og_type":"article","og_title":"CREMA CALMANTE DE \u00c1RNICA &#8211; Daisho","og_description":"Descubre la crema calmante de \u00e1rnica de Meditech en nuestro sitio web www.daisho.be|Daisho. Ayuda a relajar los m\u00fasculos y las articulaciones.","og_url":"https:\/\/www.daisho.be\/es\/produit\/crema-calmante-de-arnica\/","og_site_name":"Daisho","article_modified_time":"2026-02-13T08:20:45+00:00","og_image":[{"width":262,"height":262,"url":"https:\/\/www.daisho.be\/wp-content\/uploads\/2022\/09\/image-14.jpg","type":"image\/jpeg"}],"twitter_card":"summary_large_image","schema":{"@context":"https:\/\/schema.org","@graph":[{"@type":"WebPage","@id":"https:\/\/www.daisho.be\/es\/produit\/crema-calmante-de-arnica\/","url":"https:\/\/www.daisho.be\/es\/produit\/crema-calmante-de-arnica\/","name":"CREMA CALMANTE DE \u00c1RNICA &#8211; Daisho","isPartOf":{"@id":"https:\/\/www.daisho.be\/es\/#website"},"primaryImageOfPage":{"@id":"https:\/\/www.daisho.be\/es\/produit\/crema-calmante-de-arnica\/#primaryimage"},"image":{"@id":"https:\/\/www.daisho.be\/es\/produit\/crema-calmante-de-arnica\/#primaryimage"},"thumbnailUrl":"https:\/\/www.daisho.be\/wp-content\/uploads\/2022\/09\/image-14.jpg","datePublished":"2022-09-12T15:17:05+00:00","dateModified":"2026-02-13T08:20:45+00:00","description":"Descubre la crema calmante de \u00e1rnica de Meditech en nuestro sitio web www.daisho.be|Daisho. Ayuda a relajar los m\u00fasculos y las articulaciones.","breadcrumb":{"@id":"https:\/\/www.daisho.be\/es\/produit\/crema-calmante-de-arnica\/#breadcrumb"},"inLanguage":"es","potentialAction":[{"@type":"ReadAction","target":["https:\/\/www.daisho.be\/es\/produit\/crema-calmante-de-arnica\/"]}]},{"@type":"ImageObject","inLanguage":"es","@id":"https:\/\/www.daisho.be\/es\/produit\/crema-calmante-de-arnica\/#primaryimage","url":"https:\/\/www.daisho.be\/wp-content\/uploads\/2022\/09\/image-14.jpg","contentUrl":"https:\/\/www.daisho.be\/wp-content\/uploads\/2022\/09\/image-14.jpg","width":262,"height":262,"caption":"\u00c1RNICA-1 CREMA CALMANTE"},{"@type":"BreadcrumbList","@id":"https:\/\/www.daisho.be\/es\/produit\/crema-calmante-de-arnica\/#breadcrumb","itemListElement":[{"@type":"ListItem","position":1,"name":"Accueil","item":"https:\/\/www.daisho.be\/es\/"},{"@type":"ListItem","position":2,"name":"Productos","item":"https:\/\/www.daisho.be\/es\/productos\/"},{"@type":"ListItem","position":3,"name":"Cuidado del deporte","item":"https:\/\/www.daisho.be\/es\/categorie-produit\/cuidado-del-deporte\/"},{"@type":"ListItem","position":4,"name":"Cremas","item":"https:\/\/www.daisho.be\/es\/categorie-produit\/cuidado-del-deporte\/cremas\/"},{"@type":"ListItem","position":5,"name":"CREMA CALMANTE DE \u00c1RNICA"}]},{"@type":"WebSite","@id":"https:\/\/www.daisho.be\/es\/#website","url":"https:\/\/www.daisho.be\/es\/","name":"Daisho","description":"Sp&eacute;cialiste de l'&eacute;quipement sportif d'arts martiaux","publisher":{"@id":"https:\/\/www.daisho.be\/es\/#organization"},"potentialAction":[{"@type":"SearchAction","target":{"@type":"EntryPoint","urlTemplate":"https:\/\/www.daisho.be\/es\/?s={search_term_string}"},"query-input":{"@type":"PropertyValueSpecification","valueRequired":true,"valueName":"search_term_string"}}],"inLanguage":"es"},{"@type":"Organization","@id":"https:\/\/www.daisho.be\/es\/#organization","name":"Daisho","url":"https:\/\/www.daisho.be\/es\/","logo":{"@type":"ImageObject","inLanguage":"es","@id":"https:\/\/www.daisho.be\/es\/#\/schema\/logo\/image\/","url":"https:\/\/www.daisho.be\/wp-content\/uploads\/2019\/07\/color-nothing-horizontale4x-e1564486100247.png","contentUrl":"https:\/\/www.daisho.be\/wp-content\/uploads\/2019\/07\/color-nothing-horizontale4x-e1564486100247.png","width":1547,"height":385,"caption":"Daisho"},"image":{"@id":"https:\/\/www.daisho.be\/es\/#\/schema\/logo\/image\/"}}]}},"_links":{"self":[{"href":"https:\/\/www.daisho.be\/es\/wp-json\/wp\/v2\/product\/353053","targetHints":{"allow":["GET"]}}],"collection":[{"href":"https:\/\/www.daisho.be\/es\/wp-json\/wp\/v2\/product"}],"about":[{"href":"https:\/\/www.daisho.be\/es\/wp-json\/wp\/v2\/types\/product"}],"replies":[{"embeddable":true,"href":"https:\/\/www.daisho.be\/es\/wp-json\/wp\/v2\/comments?post=353053"}],"wp:featuredmedia":[{"embeddable":true,"href":"https:\/\/www.daisho.be\/es\/wp-json\/wp\/v2\/media\/334924"}],"wp:attachment":[{"href":"https:\/\/www.daisho.be\/es\/wp-json\/wp\/v2\/media?parent=353053"}],"wp:term":[{"taxonomy":"product_brand","embeddable":true,"href":"https:\/\/www.daisho.be\/es\/wp-json\/wp\/v2\/product_brand?post=353053"},{"taxonomy":"product_cat","embeddable":true,"href":"https:\/\/www.daisho.be\/es\/wp-json\/wp\/v2\/product_cat?post=353053"},{"taxonomy":"product_tag","embeddable":true,"href":"https:\/\/www.daisho.be\/es\/wp-json\/wp\/v2\/product_tag?post=353053"},{"taxonomy":"sport","embeddable":true,"href":"https:\/\/www.daisho.be\/es\/wp-json\/wp\/v2\/sport?post=353053"}],"curies":[{"name":"wp","href":"https:\/\/api.w.org\/{rel}","templated":true}]}}