{"id":353039,"date":"2022-08-08T09:31:08","date_gmt":"2022-08-08T07:31:08","guid":{"rendered":"https:\/\/www.daisho.be\/produit\/balsamo-oriental-100ml-prestoglas\/"},"modified":"2022-08-08T09:31:08","modified_gmt":"2022-08-08T07:31:08","slug":"balsamo-oriental-100ml-prestoglas","status":"publish","type":"product","link":"https:\/\/www.daisho.be\/es\/produit\/balsamo-oriental-100ml-prestoglas\/","title":{"rendered":"B\u00e1lsamo Oriental 100ml PRESTOGLAS"},"content":{"rendered":"<p>Hermano peque\u00f1o del b\u00e1lsamo tailand\u00e9s, su contenido en aceites esenciales es menos concentrado pero contiene los mismos ingredientes, por lo que se puede dar un masaje m\u00e1s extenso.<br \/>\nTan eficaz para preparar los m\u00fasculos para el ejercicio como para aliviarlos.<br \/>\nEs un todoterreno esencial en su kit de cuidados.<\/p>\n","protected":false},"excerpt":{"rendered":"<p>Hermano peque\u00f1o del b\u00e1lsamo tailand\u00e9s, su contenido en aceites esenciales es menos concentrado pero contiene los mismos ingredientes, por lo que se puede dar un masaje m\u00e1s extenso. Tan eficaz para preparar los m\u00fasculos para el ejercicio como para aliviarlos. Es un todoterreno esencial en su kit de cuidados.<\/p>\n","protected":false},"featured_media":338589,"comment_status":"open","ping_status":"closed","template":"","meta":{"inline_featured_image":false},"product_brand":[],"product_cat":[1471,1378,1541],"product_tag":[1741],"sport":[],"class_list":{"0":"post-353039","1":"product","2":"type-product","3":"status-publish","4":"has-post-thumbnail","6":"product_cat-atencion","7":"product_cat-cremas","8":"product_cat-masoterapia","9":"product_tag-prestoglas-es","10":"pa_size-sans-taille-defaut","12":"first","13":"instock","14":"taxable","15":"shipping-taxable","16":"purchasable","17":"product-type-simple"},"yoast_head":"<!-- This site is optimized with the Yoast SEO plugin v27.2 - https:\/\/yoast.com\/product\/yoast-seo-wordpress\/ -->\n<title>B\u00e1lsamo Oriental 100ml PRESTOGLAS &#8211; Daisho<\/title>\n<meta name=\"robots\" content=\"index, follow, max-snippet:-1, max-image-preview:large, max-video-preview:-1\" \/>\n<link rel=\"canonical\" href=\"https:\/\/www.daisho.be\/es\/produit\/balsamo-oriental-100ml-prestoglas\/\" \/>\n<meta property=\"og:locale\" content=\"es_ES\" \/>\n<meta property=\"og:type\" content=\"article\" \/>\n<meta property=\"og:title\" content=\"B\u00e1lsamo Oriental 100ml PRESTOGLAS &#8211; Daisho\" \/>\n<meta property=\"og:description\" content=\"Hermano peque\u00f1o del b\u00e1lsamo tailand\u00e9s, su contenido en aceites esenciales es menos concentrado pero contiene los mismos ingredientes, por lo que se puede dar un masaje m\u00e1s extenso. Tan eficaz para preparar los m\u00fasculos para el ejercicio como para aliviarlos. Es un todoterreno esencial en su kit de cuidados.\" \/>\n<meta property=\"og:url\" content=\"https:\/\/www.daisho.be\/es\/produit\/balsamo-oriental-100ml-prestoglas\/\" \/>\n<meta property=\"og:site_name\" content=\"Daisho\" \/>\n<meta property=\"og:image\" content=\"https:\/\/www.daisho.be\/wp-content\/uploads\/2023\/08\/image.png\" \/>\n\t<meta property=\"og:image:width\" content=\"1200\" \/>\n\t<meta property=\"og:image:height\" content=\"1200\" \/>\n\t<meta property=\"og:image:type\" content=\"image\/png\" \/>\n<meta name=\"twitter:card\" content=\"summary_large_image\" \/>\n<script type=\"application\/ld+json\" class=\"yoast-schema-graph\">{\"@context\":\"https:\/\/schema.org\",\"@graph\":[{\"@type\":\"WebPage\",\"@id\":\"https:\/\/www.daisho.be\/es\/produit\/balsamo-oriental-100ml-prestoglas\/\",\"url\":\"https:\/\/www.daisho.be\/es\/produit\/balsamo-oriental-100ml-prestoglas\/\",\"name\":\"B\u00e1lsamo Oriental 100ml PRESTOGLAS &#8211; Daisho\",\"isPartOf\":{\"@id\":\"https:\/\/www.daisho.be\/es\/#website\"},\"primaryImageOfPage\":{\"@id\":\"https:\/\/www.daisho.be\/es\/produit\/balsamo-oriental-100ml-prestoglas\/#primaryimage\"},\"image\":{\"@id\":\"https:\/\/www.daisho.be\/es\/produit\/balsamo-oriental-100ml-prestoglas\/#primaryimage\"},\"thumbnailUrl\":\"https:\/\/www.daisho.be\/wp-content\/uploads\/2023\/08\/image.png\",\"datePublished\":\"2022-08-08T07:31:08+00:00\",\"breadcrumb\":{\"@id\":\"https:\/\/www.daisho.be\/es\/produit\/balsamo-oriental-100ml-prestoglas\/#breadcrumb\"},\"inLanguage\":\"es\",\"potentialAction\":[{\"@type\":\"ReadAction\",\"target\":[\"https:\/\/www.daisho.be\/es\/produit\/balsamo-oriental-100ml-prestoglas\/\"]}]},{\"@type\":\"ImageObject\",\"inLanguage\":\"es\",\"@id\":\"https:\/\/www.daisho.be\/es\/produit\/balsamo-oriental-100ml-prestoglas\/#primaryimage\",\"url\":\"https:\/\/www.daisho.be\/wp-content\/uploads\/2023\/08\/image.png\",\"contentUrl\":\"https:\/\/www.daisho.be\/wp-content\/uploads\/2023\/08\/image.png\",\"width\":1200,\"height\":1200,\"caption\":\"B\u00e1lsamo Oriental 100ml PRESTOGLAS-1\"},{\"@type\":\"BreadcrumbList\",\"@id\":\"https:\/\/www.daisho.be\/es\/produit\/balsamo-oriental-100ml-prestoglas\/#breadcrumb\",\"itemListElement\":[{\"@type\":\"ListItem\",\"position\":1,\"name\":\"Accueil\",\"item\":\"https:\/\/www.daisho.be\/es\/\"},{\"@type\":\"ListItem\",\"position\":2,\"name\":\"Productos\",\"item\":\"https:\/\/www.daisho.be\/es\/productos\/\"},{\"@type\":\"ListItem\",\"position\":3,\"name\":\"Deportes de combate\",\"item\":\"https:\/\/www.daisho.be\/es\/categorie-produit\/deportes-de-combate\/\"},{\"@type\":\"ListItem\",\"position\":4,\"name\":\"Atenci\u00f3n\",\"item\":\"https:\/\/www.daisho.be\/es\/categorie-produit\/deportes-de-combate\/atencion\/\"},{\"@type\":\"ListItem\",\"position\":5,\"name\":\"B\u00e1lsamo Oriental 100ml PRESTOGLAS\"}]},{\"@type\":\"WebSite\",\"@id\":\"https:\/\/www.daisho.be\/es\/#website\",\"url\":\"https:\/\/www.daisho.be\/es\/\",\"name\":\"Daisho\",\"description\":\"Sp&eacute;cialiste de l'&eacute;quipement sportif d'arts martiaux\",\"publisher\":{\"@id\":\"https:\/\/www.daisho.be\/es\/#organization\"},\"potentialAction\":[{\"@type\":\"SearchAction\",\"target\":{\"@type\":\"EntryPoint\",\"urlTemplate\":\"https:\/\/www.daisho.be\/es\/?s={search_term_string}\"},\"query-input\":{\"@type\":\"PropertyValueSpecification\",\"valueRequired\":true,\"valueName\":\"search_term_string\"}}],\"inLanguage\":\"es\"},{\"@type\":\"Organization\",\"@id\":\"https:\/\/www.daisho.be\/es\/#organization\",\"name\":\"Daisho\",\"url\":\"https:\/\/www.daisho.be\/es\/\",\"logo\":{\"@type\":\"ImageObject\",\"inLanguage\":\"es\",\"@id\":\"https:\/\/www.daisho.be\/es\/#\/schema\/logo\/image\/\",\"url\":\"https:\/\/www.daisho.be\/wp-content\/uploads\/2019\/07\/color-nothing-horizontale4x-e1564486100247.png\",\"contentUrl\":\"https:\/\/www.daisho.be\/wp-content\/uploads\/2019\/07\/color-nothing-horizontale4x-e1564486100247.png\",\"width\":1547,\"height\":385,\"caption\":\"Daisho\"},\"image\":{\"@id\":\"https:\/\/www.daisho.be\/es\/#\/schema\/logo\/image\/\"}}]}<\/script>\n<!-- \/ Yoast SEO plugin. -->","yoast_head_json":{"title":"B\u00e1lsamo Oriental 100ml PRESTOGLAS &#8211; Daisho","robots":{"index":"index","follow":"follow","max-snippet":"max-snippet:-1","max-image-preview":"max-image-preview:large","max-video-preview":"max-video-preview:-1"},"canonical":"https:\/\/www.daisho.be\/es\/produit\/balsamo-oriental-100ml-prestoglas\/","og_locale":"es_ES","og_type":"article","og_title":"B\u00e1lsamo Oriental 100ml PRESTOGLAS &#8211; Daisho","og_description":"Hermano peque\u00f1o del b\u00e1lsamo tailand\u00e9s, su contenido en aceites esenciales es menos concentrado pero contiene los mismos ingredientes, por lo que se puede dar un masaje m\u00e1s extenso. Tan eficaz para preparar los m\u00fasculos para el ejercicio como para aliviarlos. Es un todoterreno esencial en su kit de cuidados.","og_url":"https:\/\/www.daisho.be\/es\/produit\/balsamo-oriental-100ml-prestoglas\/","og_site_name":"Daisho","og_image":[{"width":1200,"height":1200,"url":"https:\/\/www.daisho.be\/wp-content\/uploads\/2023\/08\/image.png","type":"image\/png"}],"twitter_card":"summary_large_image","schema":{"@context":"https:\/\/schema.org","@graph":[{"@type":"WebPage","@id":"https:\/\/www.daisho.be\/es\/produit\/balsamo-oriental-100ml-prestoglas\/","url":"https:\/\/www.daisho.be\/es\/produit\/balsamo-oriental-100ml-prestoglas\/","name":"B\u00e1lsamo Oriental 100ml PRESTOGLAS &#8211; Daisho","isPartOf":{"@id":"https:\/\/www.daisho.be\/es\/#website"},"primaryImageOfPage":{"@id":"https:\/\/www.daisho.be\/es\/produit\/balsamo-oriental-100ml-prestoglas\/#primaryimage"},"image":{"@id":"https:\/\/www.daisho.be\/es\/produit\/balsamo-oriental-100ml-prestoglas\/#primaryimage"},"thumbnailUrl":"https:\/\/www.daisho.be\/wp-content\/uploads\/2023\/08\/image.png","datePublished":"2022-08-08T07:31:08+00:00","breadcrumb":{"@id":"https:\/\/www.daisho.be\/es\/produit\/balsamo-oriental-100ml-prestoglas\/#breadcrumb"},"inLanguage":"es","potentialAction":[{"@type":"ReadAction","target":["https:\/\/www.daisho.be\/es\/produit\/balsamo-oriental-100ml-prestoglas\/"]}]},{"@type":"ImageObject","inLanguage":"es","@id":"https:\/\/www.daisho.be\/es\/produit\/balsamo-oriental-100ml-prestoglas\/#primaryimage","url":"https:\/\/www.daisho.be\/wp-content\/uploads\/2023\/08\/image.png","contentUrl":"https:\/\/www.daisho.be\/wp-content\/uploads\/2023\/08\/image.png","width":1200,"height":1200,"caption":"B\u00e1lsamo Oriental 100ml PRESTOGLAS-1"},{"@type":"BreadcrumbList","@id":"https:\/\/www.daisho.be\/es\/produit\/balsamo-oriental-100ml-prestoglas\/#breadcrumb","itemListElement":[{"@type":"ListItem","position":1,"name":"Accueil","item":"https:\/\/www.daisho.be\/es\/"},{"@type":"ListItem","position":2,"name":"Productos","item":"https:\/\/www.daisho.be\/es\/productos\/"},{"@type":"ListItem","position":3,"name":"Deportes de combate","item":"https:\/\/www.daisho.be\/es\/categorie-produit\/deportes-de-combate\/"},{"@type":"ListItem","position":4,"name":"Atenci\u00f3n","item":"https:\/\/www.daisho.be\/es\/categorie-produit\/deportes-de-combate\/atencion\/"},{"@type":"ListItem","position":5,"name":"B\u00e1lsamo Oriental 100ml PRESTOGLAS"}]},{"@type":"WebSite","@id":"https:\/\/www.daisho.be\/es\/#website","url":"https:\/\/www.daisho.be\/es\/","name":"Daisho","description":"Sp&eacute;cialiste de l'&eacute;quipement sportif d'arts martiaux","publisher":{"@id":"https:\/\/www.daisho.be\/es\/#organization"},"potentialAction":[{"@type":"SearchAction","target":{"@type":"EntryPoint","urlTemplate":"https:\/\/www.daisho.be\/es\/?s={search_term_string}"},"query-input":{"@type":"PropertyValueSpecification","valueRequired":true,"valueName":"search_term_string"}}],"inLanguage":"es"},{"@type":"Organization","@id":"https:\/\/www.daisho.be\/es\/#organization","name":"Daisho","url":"https:\/\/www.daisho.be\/es\/","logo":{"@type":"ImageObject","inLanguage":"es","@id":"https:\/\/www.daisho.be\/es\/#\/schema\/logo\/image\/","url":"https:\/\/www.daisho.be\/wp-content\/uploads\/2019\/07\/color-nothing-horizontale4x-e1564486100247.png","contentUrl":"https:\/\/www.daisho.be\/wp-content\/uploads\/2019\/07\/color-nothing-horizontale4x-e1564486100247.png","width":1547,"height":385,"caption":"Daisho"},"image":{"@id":"https:\/\/www.daisho.be\/es\/#\/schema\/logo\/image\/"}}]}},"_links":{"self":[{"href":"https:\/\/www.daisho.be\/es\/wp-json\/wp\/v2\/product\/353039","targetHints":{"allow":["GET"]}}],"collection":[{"href":"https:\/\/www.daisho.be\/es\/wp-json\/wp\/v2\/product"}],"about":[{"href":"https:\/\/www.daisho.be\/es\/wp-json\/wp\/v2\/types\/product"}],"replies":[{"embeddable":true,"href":"https:\/\/www.daisho.be\/es\/wp-json\/wp\/v2\/comments?post=353039"}],"wp:featuredmedia":[{"embeddable":true,"href":"https:\/\/www.daisho.be\/es\/wp-json\/wp\/v2\/media\/338589"}],"wp:attachment":[{"href":"https:\/\/www.daisho.be\/es\/wp-json\/wp\/v2\/media?parent=353039"}],"wp:term":[{"taxonomy":"product_brand","embeddable":true,"href":"https:\/\/www.daisho.be\/es\/wp-json\/wp\/v2\/product_brand?post=353039"},{"taxonomy":"product_cat","embeddable":true,"href":"https:\/\/www.daisho.be\/es\/wp-json\/wp\/v2\/product_cat?post=353039"},{"taxonomy":"product_tag","embeddable":true,"href":"https:\/\/www.daisho.be\/es\/wp-json\/wp\/v2\/product_tag?post=353039"},{"taxonomy":"sport","embeddable":true,"href":"https:\/\/www.daisho.be\/es\/wp-json\/wp\/v2\/sport?post=353039"}],"curies":[{"name":"wp","href":"https:\/\/api.w.org\/{rel}","templated":true}]}}