{"id":352968,"date":"2022-07-22T12:39:28","date_gmt":"2022-07-22T10:39:28","guid":{"rendered":"https:\/\/www.daisho.be\/produit\/manoplas-zebra-pro\/"},"modified":"2026-01-02T16:50:49","modified_gmt":"2026-01-02T15:50:49","slug":"manoplas-zebra-pro","status":"publish","type":"product","link":"https:\/\/www.daisho.be\/es\/produit\/manoplas-zebra-pro\/","title":{"rendered":"Manoplas ZEBRA PRO"},"content":{"rendered":"<p>Los guantes interiores PRO Quick Wrap de neopreno el\u00e1stico son muy adecuados como vendajes con protecci\u00f3n extra para los tobillos que se colocan r\u00e1pidamente. Una almohadilla de gel en los tobillos proporciona una sensaci\u00f3n de vendaje profesional compacto y una amortiguaci\u00f3n extra. El interior abierto con un peque\u00c3\u00b1o cierre de velcro hace que sea r\u00c3\u00a1pido de poner. La longitud de 2 m de las vendas extralargas sujeta no s\u00f3lo la mu\u00f1eca, sino tambi\u00e9n toda la mano y la articulaci\u00f3n del pulgar cuando se envuelven correctamente.   <\/p>\n<p>Material superior: neopreno el\u00e1stico<br \/>\nLas presillas individuales permiten un vendaje normal con la venda adicional<br \/>\nVenda el\u00e1stica de algod\u00f3n 100% de 2 m de longitud con cierre de velcro en V<br \/>\nSin colorantes azoicos nocivos<\/p>\n","protected":false},"excerpt":{"rendered":"<p>Los guantes interiores PRO Quick Wrap de neopreno el\u00e1stico son muy adecuados como vendajes con protecci\u00f3n extra para los tobillos que se colocan r\u00e1pidamente. Una almohadilla de gel en los tobillos proporciona una sensaci\u00f3n de vendaje profesional compacto y una amortiguaci\u00f3n extra. El interior abierto con un peque\u00c3\u00b1o cierre de velcro hace que sea r\u00c3\u00a1pido [&hellip;]<\/p>\n","protected":false},"featured_media":619652,"comment_status":"open","ping_status":"closed","template":"","meta":{"inline_featured_image":false},"product_brand":[],"product_cat":[1433,1449,1361],"product_tag":[1747],"sport":[],"class_list":{"0":"post-352968","1":"product","2":"type-product","3":"status-publish","4":"has-post-thumbnail","6":"product_cat-guantes-de-krav-maga","7":"product_cat-guantes-de-mma","8":"product_cat-protecciones","9":"product_tag-zebra-es","10":"pa_size-l-xl","11":"pa_size-s-m-2","13":"first","14":"instock","15":"taxable","16":"shipping-taxable","17":"purchasable","18":"product-type-variable"},"yoast_head":"<!-- This site is optimized with the Yoast SEO plugin v27.2 - https:\/\/yoast.com\/product\/yoast-seo-wordpress\/ -->\n<title>Manoplas ZEBRA PRO &#8211; Daisho<\/title>\n<meta name=\"robots\" content=\"index, follow, max-snippet:-1, max-image-preview:large, max-video-preview:-1\" \/>\n<link rel=\"canonical\" href=\"https:\/\/www.daisho.be\/es\/produit\/manoplas-zebra-pro\/\" \/>\n<meta property=\"og:locale\" content=\"es_ES\" \/>\n<meta property=\"og:type\" content=\"article\" \/>\n<meta property=\"og:title\" content=\"Manoplas ZEBRA PRO &#8211; Daisho\" \/>\n<meta property=\"og:description\" content=\"Los guantes interiores PRO Quick Wrap de neopreno el\u00e1stico son muy adecuados como vendajes con protecci\u00f3n extra para los tobillos que se colocan r\u00e1pidamente. Una almohadilla de gel en los tobillos proporciona una sensaci\u00f3n de vendaje profesional compacto y una amortiguaci\u00f3n extra. El interior abierto con un peque\u00c3\u00b1o cierre de velcro hace que sea r\u00c3\u00a1pido [&hellip;]\" \/>\n<meta property=\"og:url\" content=\"https:\/\/www.daisho.be\/es\/produit\/manoplas-zebra-pro\/\" \/>\n<meta property=\"og:site_name\" content=\"Daisho\" \/>\n<meta property=\"article:modified_time\" content=\"2026-01-02T15:50:49+00:00\" \/>\n<meta property=\"og:image\" content=\"https:\/\/www.daisho.be\/wp-content\/uploads\/2025\/11\/image-55.jpg\" \/>\n\t<meta property=\"og:image:width\" content=\"510\" \/>\n\t<meta property=\"og:image:height\" content=\"720\" \/>\n\t<meta property=\"og:image:type\" content=\"image\/jpeg\" \/>\n<meta name=\"twitter:card\" content=\"summary_large_image\" \/>\n<meta name=\"twitter:label1\" content=\"Tiempo de lectura\" \/>\n\t<meta name=\"twitter:data1\" content=\"1 minuto\" \/>\n<script type=\"application\/ld+json\" class=\"yoast-schema-graph\">{\"@context\":\"https:\/\/schema.org\",\"@graph\":[{\"@type\":\"WebPage\",\"@id\":\"https:\/\/www.daisho.be\/es\/produit\/manoplas-zebra-pro\/\",\"url\":\"https:\/\/www.daisho.be\/es\/produit\/manoplas-zebra-pro\/\",\"name\":\"Manoplas ZEBRA PRO &#8211; Daisho\",\"isPartOf\":{\"@id\":\"https:\/\/www.daisho.be\/es\/#website\"},\"primaryImageOfPage\":{\"@id\":\"https:\/\/www.daisho.be\/es\/produit\/manoplas-zebra-pro\/#primaryimage\"},\"image\":{\"@id\":\"https:\/\/www.daisho.be\/es\/produit\/manoplas-zebra-pro\/#primaryimage\"},\"thumbnailUrl\":\"https:\/\/www.daisho.be\/wp-content\/uploads\/2025\/11\/image-55.jpg\",\"datePublished\":\"2022-07-22T10:39:28+00:00\",\"dateModified\":\"2026-01-02T15:50:49+00:00\",\"breadcrumb\":{\"@id\":\"https:\/\/www.daisho.be\/es\/produit\/manoplas-zebra-pro\/#breadcrumb\"},\"inLanguage\":\"es\",\"potentialAction\":[{\"@type\":\"ReadAction\",\"target\":[\"https:\/\/www.daisho.be\/es\/produit\/manoplas-zebra-pro\/\"]}]},{\"@type\":\"ImageObject\",\"inLanguage\":\"es\",\"@id\":\"https:\/\/www.daisho.be\/es\/produit\/manoplas-zebra-pro\/#primaryimage\",\"url\":\"https:\/\/www.daisho.be\/wp-content\/uploads\/2025\/11\/image-55.jpg\",\"contentUrl\":\"https:\/\/www.daisho.be\/wp-content\/uploads\/2025\/11\/image-55.jpg\",\"width\":510,\"height\":720,\"caption\":\"Guantes ZEBRA PRO-1\"},{\"@type\":\"BreadcrumbList\",\"@id\":\"https:\/\/www.daisho.be\/es\/produit\/manoplas-zebra-pro\/#breadcrumb\",\"itemListElement\":[{\"@type\":\"ListItem\",\"position\":1,\"name\":\"Accueil\",\"item\":\"https:\/\/www.daisho.be\/es\/\"},{\"@type\":\"ListItem\",\"position\":2,\"name\":\"Productos\",\"item\":\"https:\/\/www.daisho.be\/es\/productos\/\"},{\"@type\":\"ListItem\",\"position\":3,\"name\":\"Equipamiento y ropa para artes marciales y deportes de combate\",\"item\":\"https:\/\/www.daisho.be\/es\/categorie-produit\/equipamiento-y-ropa-para-artes-marciales-y-deportes-de-combate\/\"},{\"@type\":\"ListItem\",\"position\":4,\"name\":\"Krav Maga\",\"item\":\"https:\/\/www.daisho.be\/es\/categorie-produit\/equipamiento-y-ropa-para-artes-marciales-y-deportes-de-combate\/krav-maga-es\/\"},{\"@type\":\"ListItem\",\"position\":5,\"name\":\"Guantes de Krav Maga\",\"item\":\"https:\/\/www.daisho.be\/es\/categorie-produit\/equipamiento-y-ropa-para-artes-marciales-y-deportes-de-combate\/krav-maga-es\/guantes-de-krav-maga\/\"},{\"@type\":\"ListItem\",\"position\":6,\"name\":\"Manoplas ZEBRA PRO\"}]},{\"@type\":\"WebSite\",\"@id\":\"https:\/\/www.daisho.be\/es\/#website\",\"url\":\"https:\/\/www.daisho.be\/es\/\",\"name\":\"Daisho\",\"description\":\"Sp&eacute;cialiste de l'&eacute;quipement sportif d'arts martiaux\",\"publisher\":{\"@id\":\"https:\/\/www.daisho.be\/es\/#organization\"},\"potentialAction\":[{\"@type\":\"SearchAction\",\"target\":{\"@type\":\"EntryPoint\",\"urlTemplate\":\"https:\/\/www.daisho.be\/es\/?s={search_term_string}\"},\"query-input\":{\"@type\":\"PropertyValueSpecification\",\"valueRequired\":true,\"valueName\":\"search_term_string\"}}],\"inLanguage\":\"es\"},{\"@type\":\"Organization\",\"@id\":\"https:\/\/www.daisho.be\/es\/#organization\",\"name\":\"Daisho\",\"url\":\"https:\/\/www.daisho.be\/es\/\",\"logo\":{\"@type\":\"ImageObject\",\"inLanguage\":\"es\",\"@id\":\"https:\/\/www.daisho.be\/es\/#\/schema\/logo\/image\/\",\"url\":\"https:\/\/www.daisho.be\/wp-content\/uploads\/2019\/07\/color-nothing-horizontale4x-e1564486100247.png\",\"contentUrl\":\"https:\/\/www.daisho.be\/wp-content\/uploads\/2019\/07\/color-nothing-horizontale4x-e1564486100247.png\",\"width\":1547,\"height\":385,\"caption\":\"Daisho\"},\"image\":{\"@id\":\"https:\/\/www.daisho.be\/es\/#\/schema\/logo\/image\/\"}}]}<\/script>\n<!-- \/ Yoast SEO plugin. -->","yoast_head_json":{"title":"Manoplas ZEBRA PRO &#8211; Daisho","robots":{"index":"index","follow":"follow","max-snippet":"max-snippet:-1","max-image-preview":"max-image-preview:large","max-video-preview":"max-video-preview:-1"},"canonical":"https:\/\/www.daisho.be\/es\/produit\/manoplas-zebra-pro\/","og_locale":"es_ES","og_type":"article","og_title":"Manoplas ZEBRA PRO &#8211; Daisho","og_description":"Los guantes interiores PRO Quick Wrap de neopreno el\u00e1stico son muy adecuados como vendajes con protecci\u00f3n extra para los tobillos que se colocan r\u00e1pidamente. Una almohadilla de gel en los tobillos proporciona una sensaci\u00f3n de vendaje profesional compacto y una amortiguaci\u00f3n extra. El interior abierto con un peque\u00c3\u00b1o cierre de velcro hace que sea r\u00c3\u00a1pido [&hellip;]","og_url":"https:\/\/www.daisho.be\/es\/produit\/manoplas-zebra-pro\/","og_site_name":"Daisho","article_modified_time":"2026-01-02T15:50:49+00:00","og_image":[{"width":510,"height":720,"url":"https:\/\/www.daisho.be\/wp-content\/uploads\/2025\/11\/image-55.jpg","type":"image\/jpeg"}],"twitter_card":"summary_large_image","twitter_misc":{"Tiempo de lectura":"1 minuto"},"schema":{"@context":"https:\/\/schema.org","@graph":[{"@type":"WebPage","@id":"https:\/\/www.daisho.be\/es\/produit\/manoplas-zebra-pro\/","url":"https:\/\/www.daisho.be\/es\/produit\/manoplas-zebra-pro\/","name":"Manoplas ZEBRA PRO &#8211; Daisho","isPartOf":{"@id":"https:\/\/www.daisho.be\/es\/#website"},"primaryImageOfPage":{"@id":"https:\/\/www.daisho.be\/es\/produit\/manoplas-zebra-pro\/#primaryimage"},"image":{"@id":"https:\/\/www.daisho.be\/es\/produit\/manoplas-zebra-pro\/#primaryimage"},"thumbnailUrl":"https:\/\/www.daisho.be\/wp-content\/uploads\/2025\/11\/image-55.jpg","datePublished":"2022-07-22T10:39:28+00:00","dateModified":"2026-01-02T15:50:49+00:00","breadcrumb":{"@id":"https:\/\/www.daisho.be\/es\/produit\/manoplas-zebra-pro\/#breadcrumb"},"inLanguage":"es","potentialAction":[{"@type":"ReadAction","target":["https:\/\/www.daisho.be\/es\/produit\/manoplas-zebra-pro\/"]}]},{"@type":"ImageObject","inLanguage":"es","@id":"https:\/\/www.daisho.be\/es\/produit\/manoplas-zebra-pro\/#primaryimage","url":"https:\/\/www.daisho.be\/wp-content\/uploads\/2025\/11\/image-55.jpg","contentUrl":"https:\/\/www.daisho.be\/wp-content\/uploads\/2025\/11\/image-55.jpg","width":510,"height":720,"caption":"Guantes ZEBRA PRO-1"},{"@type":"BreadcrumbList","@id":"https:\/\/www.daisho.be\/es\/produit\/manoplas-zebra-pro\/#breadcrumb","itemListElement":[{"@type":"ListItem","position":1,"name":"Accueil","item":"https:\/\/www.daisho.be\/es\/"},{"@type":"ListItem","position":2,"name":"Productos","item":"https:\/\/www.daisho.be\/es\/productos\/"},{"@type":"ListItem","position":3,"name":"Equipamiento y ropa para artes marciales y deportes de combate","item":"https:\/\/www.daisho.be\/es\/categorie-produit\/equipamiento-y-ropa-para-artes-marciales-y-deportes-de-combate\/"},{"@type":"ListItem","position":4,"name":"Krav Maga","item":"https:\/\/www.daisho.be\/es\/categorie-produit\/equipamiento-y-ropa-para-artes-marciales-y-deportes-de-combate\/krav-maga-es\/"},{"@type":"ListItem","position":5,"name":"Guantes de Krav Maga","item":"https:\/\/www.daisho.be\/es\/categorie-produit\/equipamiento-y-ropa-para-artes-marciales-y-deportes-de-combate\/krav-maga-es\/guantes-de-krav-maga\/"},{"@type":"ListItem","position":6,"name":"Manoplas ZEBRA PRO"}]},{"@type":"WebSite","@id":"https:\/\/www.daisho.be\/es\/#website","url":"https:\/\/www.daisho.be\/es\/","name":"Daisho","description":"Sp&eacute;cialiste de l'&eacute;quipement sportif d'arts martiaux","publisher":{"@id":"https:\/\/www.daisho.be\/es\/#organization"},"potentialAction":[{"@type":"SearchAction","target":{"@type":"EntryPoint","urlTemplate":"https:\/\/www.daisho.be\/es\/?s={search_term_string}"},"query-input":{"@type":"PropertyValueSpecification","valueRequired":true,"valueName":"search_term_string"}}],"inLanguage":"es"},{"@type":"Organization","@id":"https:\/\/www.daisho.be\/es\/#organization","name":"Daisho","url":"https:\/\/www.daisho.be\/es\/","logo":{"@type":"ImageObject","inLanguage":"es","@id":"https:\/\/www.daisho.be\/es\/#\/schema\/logo\/image\/","url":"https:\/\/www.daisho.be\/wp-content\/uploads\/2019\/07\/color-nothing-horizontale4x-e1564486100247.png","contentUrl":"https:\/\/www.daisho.be\/wp-content\/uploads\/2019\/07\/color-nothing-horizontale4x-e1564486100247.png","width":1547,"height":385,"caption":"Daisho"},"image":{"@id":"https:\/\/www.daisho.be\/es\/#\/schema\/logo\/image\/"}}]}},"_links":{"self":[{"href":"https:\/\/www.daisho.be\/es\/wp-json\/wp\/v2\/product\/352968","targetHints":{"allow":["GET"]}}],"collection":[{"href":"https:\/\/www.daisho.be\/es\/wp-json\/wp\/v2\/product"}],"about":[{"href":"https:\/\/www.daisho.be\/es\/wp-json\/wp\/v2\/types\/product"}],"replies":[{"embeddable":true,"href":"https:\/\/www.daisho.be\/es\/wp-json\/wp\/v2\/comments?post=352968"}],"wp:featuredmedia":[{"embeddable":true,"href":"https:\/\/www.daisho.be\/es\/wp-json\/wp\/v2\/media\/619652"}],"wp:attachment":[{"href":"https:\/\/www.daisho.be\/es\/wp-json\/wp\/v2\/media?parent=352968"}],"wp:term":[{"taxonomy":"product_brand","embeddable":true,"href":"https:\/\/www.daisho.be\/es\/wp-json\/wp\/v2\/product_brand?post=352968"},{"taxonomy":"product_cat","embeddable":true,"href":"https:\/\/www.daisho.be\/es\/wp-json\/wp\/v2\/product_cat?post=352968"},{"taxonomy":"product_tag","embeddable":true,"href":"https:\/\/www.daisho.be\/es\/wp-json\/wp\/v2\/product_tag?post=352968"},{"taxonomy":"sport","embeddable":true,"href":"https:\/\/www.daisho.be\/es\/wp-json\/wp\/v2\/sport?post=352968"}],"curies":[{"name":"wp","href":"https:\/\/api.w.org\/{rel}","templated":true}]}}