{"id":352831,"date":"2022-03-14T21:22:55","date_gmt":"2022-03-14T20:22:55","guid":{"rendered":"https:\/\/www.daisho.be\/produit\/hakama-basic-tetron-ah250-navy\/"},"modified":"2025-12-23T10:35:10","modified_gmt":"2025-12-23T09:35:10","slug":"hakama-basic-tetron-ah250-navy","status":"publish","type":"product","link":"https:\/\/www.daisho.be\/es\/produit\/hakama-basic-tetron-ah250-navy\/","title":{"rendered":"Hakama Basic Tetron &#8211; AH250 NAVY"},"content":{"rendered":"<p>La \u00faltima hakama b\u00e1sica de aikido de Tozando. Con su excelente relaci\u00f3n calidad-precio, la recomendamos para principiantes.<br \/>\nEsta hakama est\u00e1 confeccionada con un tejido tetr\u00f3n fino y ligero (65% poli\u00e9ster, 35% ray\u00f3n); su textura mate le confiere un aspecto cl\u00e1sico.<br \/>\nLos pliegues se han planchado especialmente para conseguir una definici\u00f3n n\u00edtida y tiene una costura interior. Sin embargo, no est\u00e1 fabricada en Jap\u00f3n como nuestra hakama Tozando est\u00e1ndar de tetr\u00f3n (AH350).<br \/>\nLa koshi-ita se dise\u00f1\u00f3 pensando en el ukemi; est\u00e1 hecha de un compuesto de caucho fabricado para mantener su forma y proteger de lesiones al mismo tiempo.<br \/>\nEl cintur\u00f3n obi est\u00e1 reforzado con siete l\u00edneas de costura que sirven para evitar desgarros o dobleces. Una cintura obi m\u00e1s fuerte tambi\u00e9n significa que puedes atarte la hakama con mayor seguridad.<br \/>\nCaracter\u00edsticas:<br \/>\n&#8211; El tejido tetr\u00f3n (65% poli\u00e9ster, 35% ray\u00f3n)<br \/>\n&#8211; La parte delantera y trasera de esta hakama tienen la misma longitud<br \/>\n&#8211; Disponible en negro y azul marino<br \/>\n&#8211; Fabricada en Jap\u00f3n   <\/p>\n<p>\u00bfC\u00f3mo se mide una hakama de la talla adecuada?<br \/>\nLo que solemos llamar \u00ablongitud de la hakama\u00bb es la longitud de las \u00abpiernas\u00bb, excluida la cintura.<br \/>\nDependiendo del sexo y de las preferencias de ropa, la longitud ideal puede variar de una persona a otra.<br \/>\nLa medida correcta de una hakama se toma desde el lugar donde suele colocarse el cintur\u00f3n obi (normalmente la parte superior del hueso de la cadera), hasta el hueso del tobillo.<\/p>\n<p>Esta longitud ser\u00e1 ideal para tu hakama Consulta la secci\u00f3n \u00abLongitud de la hakama\u00bb de nuestra tabla de tallas.<br \/>\nPara medirte la cintura con m\u00e1s facilidad, tambi\u00e9n puedes atarte un cintur\u00f3n donde atar\u00edas el obi de tu hakama y luego medir desde la parte inferior de este cintur\u00f3n de prueba hasta el hueso del tobillo.<br \/>\nGeneralmente, los hombres llevan la hakama ce\u00f1ida a la cadera, mientras que las mujeres la llevan un poco m\u00e1s alta, ce\u00f1ida a la cintura.<\/p>\n","protected":false},"excerpt":{"rendered":"<p>La \u00faltima hakama b\u00e1sica de aikido de Tozando. Con su excelente relaci\u00f3n calidad-precio, la recomendamos para principiantes. Esta hakama est\u00e1 confeccionada con un tejido tetr\u00f3n fino y ligero (65% poli\u00e9ster, 35% ray\u00f3n); su textura mate le confiere un aspecto cl\u00e1sico. Los pliegues se han planchado especialmente para conseguir una definici\u00f3n n\u00edtida y tiene una costura [&hellip;]<\/p>\n","protected":false},"featured_media":418539,"comment_status":"closed","ping_status":"closed","template":"","meta":{"inline_featured_image":false},"product_brand":[],"product_cat":[1398,1311],"product_tag":[1739],"sport":[],"class_list":{"0":"post-352831","1":"product","2":"type-product","3":"status-publish","4":"has-post-thumbnail","6":"product_cat-aikido-hakamas-es","7":"product_cat-trajes-kimonos","8":"product_tag-tozando-es-2","9":"pa_size-1062","10":"pa_size-23-160-163-cm","11":"pa_size-24-164-167-cm","12":"pa_size-25-168-170-cm","13":"pa_size-26-171-175-cm","14":"pa_size-27-176-179-cm","15":"pa_size-28-180-184-cm","16":"pa_size-29-185-189-cm","17":"pa_size-30-190-195-cm","19":"first","20":"instock","21":"taxable","22":"shipping-taxable","23":"purchasable","24":"product-type-variable"},"yoast_head":"<!-- This site is optimized with the Yoast SEO plugin v27.2 - https:\/\/yoast.com\/product\/yoast-seo-wordpress\/ -->\n<title>Hakama Basic Tetron - AH250 NAVY &#8211; Daisho<\/title>\n<meta name=\"description\" content=\"\u00daltima hakama b\u00e1sica para el aikido Tozando. Por su excelente relaci\u00f3n calidad-precio, la recomendamos para principiantes.\" \/>\n<meta name=\"robots\" content=\"index, follow, max-snippet:-1, max-image-preview:large, max-video-preview:-1\" \/>\n<link rel=\"canonical\" href=\"https:\/\/www.daisho.be\/es\/produit\/hakama-basic-tetron-ah250-navy\/\" \/>\n<meta property=\"og:locale\" content=\"es_ES\" \/>\n<meta property=\"og:type\" content=\"article\" \/>\n<meta property=\"og:title\" content=\"Hakama Basic Tetron - AH250 NAVY &#8211; Daisho\" \/>\n<meta property=\"og:description\" content=\"\u00daltima hakama b\u00e1sica para el aikido Tozando. Por su excelente relaci\u00f3n calidad-precio, la recomendamos para principiantes.\" \/>\n<meta property=\"og:url\" content=\"https:\/\/www.daisho.be\/es\/produit\/hakama-basic-tetron-ah250-navy\/\" \/>\n<meta property=\"og:site_name\" content=\"Daisho\" \/>\n<meta property=\"article:modified_time\" content=\"2025-12-23T09:35:10+00:00\" \/>\n<meta property=\"og:image\" content=\"https:\/\/www.daisho.be\/wp-content\/uploads\/2024\/06\/image-125.jpg\" \/>\n\t<meta property=\"og:image:width\" content=\"470\" \/>\n\t<meta property=\"og:image:height\" content=\"470\" \/>\n\t<meta property=\"og:image:type\" content=\"image\/jpeg\" \/>\n<meta name=\"twitter:card\" content=\"summary_large_image\" \/>\n<meta name=\"twitter:label1\" content=\"Tiempo de lectura\" \/>\n\t<meta name=\"twitter:data1\" content=\"2 minutos\" \/>\n<script type=\"application\/ld+json\" class=\"yoast-schema-graph\">{\"@context\":\"https:\/\/schema.org\",\"@graph\":[{\"@type\":\"WebPage\",\"@id\":\"https:\/\/www.daisho.be\/es\/produit\/hakama-basic-tetron-ah250-navy\/\",\"url\":\"https:\/\/www.daisho.be\/es\/produit\/hakama-basic-tetron-ah250-navy\/\",\"name\":\"Hakama Basic Tetron - AH250 NAVY &#8211; Daisho\",\"isPartOf\":{\"@id\":\"https:\/\/www.daisho.be\/es\/#website\"},\"primaryImageOfPage\":{\"@id\":\"https:\/\/www.daisho.be\/es\/produit\/hakama-basic-tetron-ah250-navy\/#primaryimage\"},\"image\":{\"@id\":\"https:\/\/www.daisho.be\/es\/produit\/hakama-basic-tetron-ah250-navy\/#primaryimage\"},\"thumbnailUrl\":\"https:\/\/www.daisho.be\/wp-content\/uploads\/2024\/06\/image-125.jpg\",\"datePublished\":\"2022-03-14T20:22:55+00:00\",\"dateModified\":\"2025-12-23T09:35:10+00:00\",\"description\":\"\u00daltima hakama b\u00e1sica para el aikido Tozando. Por su excelente relaci\u00f3n calidad-precio, la recomendamos para principiantes.\",\"breadcrumb\":{\"@id\":\"https:\/\/www.daisho.be\/es\/produit\/hakama-basic-tetron-ah250-navy\/#breadcrumb\"},\"inLanguage\":\"es\",\"potentialAction\":[{\"@type\":\"ReadAction\",\"target\":[\"https:\/\/www.daisho.be\/es\/produit\/hakama-basic-tetron-ah250-navy\/\"]}]},{\"@type\":\"ImageObject\",\"inLanguage\":\"es\",\"@id\":\"https:\/\/www.daisho.be\/es\/produit\/hakama-basic-tetron-ah250-navy\/#primaryimage\",\"url\":\"https:\/\/www.daisho.be\/wp-content\/uploads\/2024\/06\/image-125.jpg\",\"contentUrl\":\"https:\/\/www.daisho.be\/wp-content\/uploads\/2024\/06\/image-125.jpg\",\"width\":470,\"height\":470,\"caption\":\"Hakama Basic Tetron - AH250 NAVY-1\"},{\"@type\":\"BreadcrumbList\",\"@id\":\"https:\/\/www.daisho.be\/es\/produit\/hakama-basic-tetron-ah250-navy\/#breadcrumb\",\"itemListElement\":[{\"@type\":\"ListItem\",\"position\":1,\"name\":\"Accueil\",\"item\":\"https:\/\/www.daisho.be\/es\/\"},{\"@type\":\"ListItem\",\"position\":2,\"name\":\"Productos\",\"item\":\"https:\/\/www.daisho.be\/es\/productos\/\"},{\"@type\":\"ListItem\",\"position\":3,\"name\":\"Equipamiento y ropa para artes marciales y deportes de combate\",\"item\":\"https:\/\/www.daisho.be\/es\/categorie-produit\/equipamiento-y-ropa-para-artes-marciales-y-deportes-de-combate\/\"},{\"@type\":\"ListItem\",\"position\":4,\"name\":\"Aikido\",\"item\":\"https:\/\/www.daisho.be\/es\/categorie-produit\/equipamiento-y-ropa-para-artes-marciales-y-deportes-de-combate\/aikido-es\/\"},{\"@type\":\"ListItem\",\"position\":5,\"name\":\"Aikido Hakamas\",\"item\":\"https:\/\/www.daisho.be\/es\/categorie-produit\/equipamiento-y-ropa-para-artes-marciales-y-deportes-de-combate\/aikido-es\/aikido-hakamas-es\/\"},{\"@type\":\"ListItem\",\"position\":6,\"name\":\"Hakama Basic Tetron &#8211; AH250 NAVY\"}]},{\"@type\":\"WebSite\",\"@id\":\"https:\/\/www.daisho.be\/es\/#website\",\"url\":\"https:\/\/www.daisho.be\/es\/\",\"name\":\"Daisho\",\"description\":\"Sp&eacute;cialiste de l'&eacute;quipement sportif d'arts martiaux\",\"publisher\":{\"@id\":\"https:\/\/www.daisho.be\/es\/#organization\"},\"potentialAction\":[{\"@type\":\"SearchAction\",\"target\":{\"@type\":\"EntryPoint\",\"urlTemplate\":\"https:\/\/www.daisho.be\/es\/?s={search_term_string}\"},\"query-input\":{\"@type\":\"PropertyValueSpecification\",\"valueRequired\":true,\"valueName\":\"search_term_string\"}}],\"inLanguage\":\"es\"},{\"@type\":\"Organization\",\"@id\":\"https:\/\/www.daisho.be\/es\/#organization\",\"name\":\"Daisho\",\"url\":\"https:\/\/www.daisho.be\/es\/\",\"logo\":{\"@type\":\"ImageObject\",\"inLanguage\":\"es\",\"@id\":\"https:\/\/www.daisho.be\/es\/#\/schema\/logo\/image\/\",\"url\":\"https:\/\/www.daisho.be\/wp-content\/uploads\/2019\/07\/color-nothing-horizontale4x-e1564486100247.png\",\"contentUrl\":\"https:\/\/www.daisho.be\/wp-content\/uploads\/2019\/07\/color-nothing-horizontale4x-e1564486100247.png\",\"width\":1547,\"height\":385,\"caption\":\"Daisho\"},\"image\":{\"@id\":\"https:\/\/www.daisho.be\/es\/#\/schema\/logo\/image\/\"}}]}<\/script>\n<!-- \/ Yoast SEO plugin. -->","yoast_head_json":{"title":"Hakama Basic Tetron - AH250 NAVY &#8211; Daisho","description":"\u00daltima hakama b\u00e1sica para el aikido Tozando. Por su excelente relaci\u00f3n calidad-precio, la recomendamos para principiantes.","robots":{"index":"index","follow":"follow","max-snippet":"max-snippet:-1","max-image-preview":"max-image-preview:large","max-video-preview":"max-video-preview:-1"},"canonical":"https:\/\/www.daisho.be\/es\/produit\/hakama-basic-tetron-ah250-navy\/","og_locale":"es_ES","og_type":"article","og_title":"Hakama Basic Tetron - AH250 NAVY &#8211; Daisho","og_description":"\u00daltima hakama b\u00e1sica para el aikido Tozando. Por su excelente relaci\u00f3n calidad-precio, la recomendamos para principiantes.","og_url":"https:\/\/www.daisho.be\/es\/produit\/hakama-basic-tetron-ah250-navy\/","og_site_name":"Daisho","article_modified_time":"2025-12-23T09:35:10+00:00","og_image":[{"width":470,"height":470,"url":"https:\/\/www.daisho.be\/wp-content\/uploads\/2024\/06\/image-125.jpg","type":"image\/jpeg"}],"twitter_card":"summary_large_image","twitter_misc":{"Tiempo de lectura":"2 minutos"},"schema":{"@context":"https:\/\/schema.org","@graph":[{"@type":"WebPage","@id":"https:\/\/www.daisho.be\/es\/produit\/hakama-basic-tetron-ah250-navy\/","url":"https:\/\/www.daisho.be\/es\/produit\/hakama-basic-tetron-ah250-navy\/","name":"Hakama Basic Tetron - AH250 NAVY &#8211; Daisho","isPartOf":{"@id":"https:\/\/www.daisho.be\/es\/#website"},"primaryImageOfPage":{"@id":"https:\/\/www.daisho.be\/es\/produit\/hakama-basic-tetron-ah250-navy\/#primaryimage"},"image":{"@id":"https:\/\/www.daisho.be\/es\/produit\/hakama-basic-tetron-ah250-navy\/#primaryimage"},"thumbnailUrl":"https:\/\/www.daisho.be\/wp-content\/uploads\/2024\/06\/image-125.jpg","datePublished":"2022-03-14T20:22:55+00:00","dateModified":"2025-12-23T09:35:10+00:00","description":"\u00daltima hakama b\u00e1sica para el aikido Tozando. Por su excelente relaci\u00f3n calidad-precio, la recomendamos para principiantes.","breadcrumb":{"@id":"https:\/\/www.daisho.be\/es\/produit\/hakama-basic-tetron-ah250-navy\/#breadcrumb"},"inLanguage":"es","potentialAction":[{"@type":"ReadAction","target":["https:\/\/www.daisho.be\/es\/produit\/hakama-basic-tetron-ah250-navy\/"]}]},{"@type":"ImageObject","inLanguage":"es","@id":"https:\/\/www.daisho.be\/es\/produit\/hakama-basic-tetron-ah250-navy\/#primaryimage","url":"https:\/\/www.daisho.be\/wp-content\/uploads\/2024\/06\/image-125.jpg","contentUrl":"https:\/\/www.daisho.be\/wp-content\/uploads\/2024\/06\/image-125.jpg","width":470,"height":470,"caption":"Hakama Basic Tetron - AH250 NAVY-1"},{"@type":"BreadcrumbList","@id":"https:\/\/www.daisho.be\/es\/produit\/hakama-basic-tetron-ah250-navy\/#breadcrumb","itemListElement":[{"@type":"ListItem","position":1,"name":"Accueil","item":"https:\/\/www.daisho.be\/es\/"},{"@type":"ListItem","position":2,"name":"Productos","item":"https:\/\/www.daisho.be\/es\/productos\/"},{"@type":"ListItem","position":3,"name":"Equipamiento y ropa para artes marciales y deportes de combate","item":"https:\/\/www.daisho.be\/es\/categorie-produit\/equipamiento-y-ropa-para-artes-marciales-y-deportes-de-combate\/"},{"@type":"ListItem","position":4,"name":"Aikido","item":"https:\/\/www.daisho.be\/es\/categorie-produit\/equipamiento-y-ropa-para-artes-marciales-y-deportes-de-combate\/aikido-es\/"},{"@type":"ListItem","position":5,"name":"Aikido Hakamas","item":"https:\/\/www.daisho.be\/es\/categorie-produit\/equipamiento-y-ropa-para-artes-marciales-y-deportes-de-combate\/aikido-es\/aikido-hakamas-es\/"},{"@type":"ListItem","position":6,"name":"Hakama Basic Tetron &#8211; AH250 NAVY"}]},{"@type":"WebSite","@id":"https:\/\/www.daisho.be\/es\/#website","url":"https:\/\/www.daisho.be\/es\/","name":"Daisho","description":"Sp&eacute;cialiste de l'&eacute;quipement sportif d'arts martiaux","publisher":{"@id":"https:\/\/www.daisho.be\/es\/#organization"},"potentialAction":[{"@type":"SearchAction","target":{"@type":"EntryPoint","urlTemplate":"https:\/\/www.daisho.be\/es\/?s={search_term_string}"},"query-input":{"@type":"PropertyValueSpecification","valueRequired":true,"valueName":"search_term_string"}}],"inLanguage":"es"},{"@type":"Organization","@id":"https:\/\/www.daisho.be\/es\/#organization","name":"Daisho","url":"https:\/\/www.daisho.be\/es\/","logo":{"@type":"ImageObject","inLanguage":"es","@id":"https:\/\/www.daisho.be\/es\/#\/schema\/logo\/image\/","url":"https:\/\/www.daisho.be\/wp-content\/uploads\/2019\/07\/color-nothing-horizontale4x-e1564486100247.png","contentUrl":"https:\/\/www.daisho.be\/wp-content\/uploads\/2019\/07\/color-nothing-horizontale4x-e1564486100247.png","width":1547,"height":385,"caption":"Daisho"},"image":{"@id":"https:\/\/www.daisho.be\/es\/#\/schema\/logo\/image\/"}}]}},"_links":{"self":[{"href":"https:\/\/www.daisho.be\/es\/wp-json\/wp\/v2\/product\/352831","targetHints":{"allow":["GET"]}}],"collection":[{"href":"https:\/\/www.daisho.be\/es\/wp-json\/wp\/v2\/product"}],"about":[{"href":"https:\/\/www.daisho.be\/es\/wp-json\/wp\/v2\/types\/product"}],"replies":[{"embeddable":true,"href":"https:\/\/www.daisho.be\/es\/wp-json\/wp\/v2\/comments?post=352831"}],"wp:featuredmedia":[{"embeddable":true,"href":"https:\/\/www.daisho.be\/es\/wp-json\/wp\/v2\/media\/418539"}],"wp:attachment":[{"href":"https:\/\/www.daisho.be\/es\/wp-json\/wp\/v2\/media?parent=352831"}],"wp:term":[{"taxonomy":"product_brand","embeddable":true,"href":"https:\/\/www.daisho.be\/es\/wp-json\/wp\/v2\/product_brand?post=352831"},{"taxonomy":"product_cat","embeddable":true,"href":"https:\/\/www.daisho.be\/es\/wp-json\/wp\/v2\/product_cat?post=352831"},{"taxonomy":"product_tag","embeddable":true,"href":"https:\/\/www.daisho.be\/es\/wp-json\/wp\/v2\/product_tag?post=352831"},{"taxonomy":"sport","embeddable":true,"href":"https:\/\/www.daisho.be\/es\/wp-json\/wp\/v2\/sport?post=352831"}],"curies":[{"name":"wp","href":"https:\/\/api.w.org\/{rel}","templated":true}]}}