{"id":352561,"date":"2022-01-31T09:48:44","date_gmt":"2022-01-31T08:48:44","guid":{"rendered":"https:\/\/www.daisho.be\/produit\/guantes-de-boxeo-adidas-speed-175-kick-azul-amarillo\/"},"modified":"2025-03-03T13:43:19","modified_gmt":"2025-03-03T12:43:19","slug":"guantes-de-boxeo-adidas-speed-175-kick-azul-amarillo","status":"publish","type":"product","link":"https:\/\/www.daisho.be\/es\/produit\/guantes-de-boxeo-adidas-speed-175-kick-azul-amarillo\/","title":{"rendered":"Guantes de boxeo adidas Speed 175 (Kick) Azul\/Amarillo"},"content":{"rendered":"<p>El Speed 175 ha sido desarrollado para artistas marciales a los que les gusta trabajar r\u00e1pido. Combinaciones r\u00e1pidas, entrenamiento con almohadillas, etc.<br \/>\nLo m\u00e1s singular de estos guantes de kickboxing es el acolchado de espuma IMF. Es una pieza desde la punta de los dedos hasta la mu\u00f1eca. adidas es \u00fanica en ese sentido.    El acolchado de una sola pieza proporciona una comodidad extra, mientras que la mu\u00f1eca recibe una sujeci\u00f3n y protecci\u00f3n adicionales. Este guante integral ofrece un ajuste perfecto y la m\u00e1xima protecci\u00f3n para las manos.<br \/>\nLos guantes est\u00e1n fabricados con piel de alta calidad y tienen un dise\u00f1o llamativo y bonito. El largo cierre de velcro ofrece mayor comodidad y un ajuste firme y bueno.<br \/>\nEstos guantes de boxeo (kick) son adecuados para luchadores experimentados y profesionales.<br \/>\nEl guante es adecuado para luchadores que desean la m\u00e1xima calidad con la \u00faltima tecnolog\u00eda.<br \/>\nEstos guantes adidas son adecuados para Thai \/ kickboxing y boxeo original.<br \/>\nVentajas:<br \/>\n&#8211; cuero de buena calidad<br \/>\n&#8211; acolchado protector robusto de 1 pieza<br \/>\n&#8211; preformado para el pu\u00f1o<br \/>\n&#8211; amortiguaci\u00f3n para mayor comodidad<br \/>\n&#8211; cierre de velcro robusto y parcialmente el\u00e1stico<br \/>\n&#8211; adecuado para profesionales<\/p>\n","protected":false},"excerpt":{"rendered":"<p>El Speed 175 ha sido desarrollado para artistas marciales a los que les gusta trabajar r\u00e1pido. Combinaciones r\u00e1pidas, entrenamiento con almohadillas, etc. Lo m\u00e1s singular de estos guantes de kickboxing es el acolchado de espuma IMF. Es una pieza desde la punta de los dedos hasta la mu\u00f1eca. adidas es \u00fanica en ese sentido. El [&hellip;]<\/p>\n","protected":false},"featured_media":405274,"comment_status":"open","ping_status":"closed","template":"","meta":{"inline_featured_image":false},"product_brand":[],"product_cat":[1685,1434,1691,1591],"product_tag":[1560],"sport":[],"class_list":{"0":"post-352561","1":"product","2":"type-product","3":"status-publish","4":"has-post-thumbnail","6":"product_cat-guantes-adidas-muay-thai","7":"product_cat-guantes-de-boxeo","8":"product_cat-guantes-de-boxeo-adidas","9":"product_cat-protectores-adidas-kickboxing","10":"product_tag-adidas-es","11":"pa_size-372","12":"pa_size-371","13":"pa_size-370","14":"pa_size-461","16":"first","17":"instock","18":"taxable","19":"shipping-taxable","20":"purchasable","21":"product-type-variable"},"yoast_head":"<!-- This site is optimized with the Yoast SEO plugin v27.2 - https:\/\/yoast.com\/product\/yoast-seo-wordpress\/ -->\n<title>Guantes de boxeo adidas Speed 175 (Kick) Azul\/Amarillo &#8211; Daisho<\/title>\n<meta name=\"description\" content=\"Descubre los guantes de boxeo especialmente dise\u00f1ados para aquellos a los que les gusta la velocidad con alta calidad. C\u00f3mpralos en www.daisho.be|Daisho\" \/>\n<meta name=\"robots\" content=\"index, follow, max-snippet:-1, max-image-preview:large, max-video-preview:-1\" \/>\n<link rel=\"canonical\" href=\"https:\/\/www.daisho.be\/es\/produit\/guantes-de-boxeo-adidas-speed-175-kick-azul-amarillo\/\" \/>\n<meta property=\"og:locale\" content=\"es_ES\" \/>\n<meta property=\"og:type\" content=\"article\" \/>\n<meta property=\"og:title\" content=\"Guantes de boxeo adidas Speed 175 (Kick) Azul\/Amarillo &#8211; Daisho\" \/>\n<meta property=\"og:description\" content=\"Descubre los guantes de boxeo especialmente dise\u00f1ados para aquellos a los que les gusta la velocidad con alta calidad. C\u00f3mpralos en www.daisho.be|Daisho\" \/>\n<meta property=\"og:url\" content=\"https:\/\/www.daisho.be\/es\/produit\/guantes-de-boxeo-adidas-speed-175-kick-azul-amarillo\/\" \/>\n<meta property=\"og:site_name\" content=\"Daisho\" \/>\n<meta property=\"article:modified_time\" content=\"2025-03-03T12:43:19+00:00\" \/>\n<meta property=\"og:image\" content=\"https:\/\/www.daisho.be\/wp-content\/uploads\/2024\/05\/image-51.jpg\" \/>\n\t<meta property=\"og:image:width\" content=\"650\" \/>\n\t<meta property=\"og:image:height\" content=\"650\" \/>\n\t<meta property=\"og:image:type\" content=\"image\/jpeg\" \/>\n<meta name=\"twitter:card\" content=\"summary_large_image\" \/>\n<meta name=\"twitter:label1\" content=\"Tiempo de lectura\" \/>\n\t<meta name=\"twitter:data1\" content=\"1 minuto\" \/>\n<script type=\"application\/ld+json\" class=\"yoast-schema-graph\">{\"@context\":\"https:\/\/schema.org\",\"@graph\":[{\"@type\":\"WebPage\",\"@id\":\"https:\/\/www.daisho.be\/es\/produit\/guantes-de-boxeo-adidas-speed-175-kick-azul-amarillo\/\",\"url\":\"https:\/\/www.daisho.be\/es\/produit\/guantes-de-boxeo-adidas-speed-175-kick-azul-amarillo\/\",\"name\":\"Guantes de boxeo adidas Speed 175 (Kick) Azul\/Amarillo &#8211; Daisho\",\"isPartOf\":{\"@id\":\"https:\/\/www.daisho.be\/es\/#website\"},\"primaryImageOfPage\":{\"@id\":\"https:\/\/www.daisho.be\/es\/produit\/guantes-de-boxeo-adidas-speed-175-kick-azul-amarillo\/#primaryimage\"},\"image\":{\"@id\":\"https:\/\/www.daisho.be\/es\/produit\/guantes-de-boxeo-adidas-speed-175-kick-azul-amarillo\/#primaryimage\"},\"thumbnailUrl\":\"https:\/\/www.daisho.be\/wp-content\/uploads\/2024\/05\/image-51.jpg\",\"datePublished\":\"2022-01-31T08:48:44+00:00\",\"dateModified\":\"2025-03-03T12:43:19+00:00\",\"description\":\"Descubre los guantes de boxeo especialmente dise\u00f1ados para aquellos a los que les gusta la velocidad con alta calidad. C\u00f3mpralos en www.daisho.be|Daisho\",\"breadcrumb\":{\"@id\":\"https:\/\/www.daisho.be\/es\/produit\/guantes-de-boxeo-adidas-speed-175-kick-azul-amarillo\/#breadcrumb\"},\"inLanguage\":\"es\",\"potentialAction\":[{\"@type\":\"ReadAction\",\"target\":[\"https:\/\/www.daisho.be\/es\/produit\/guantes-de-boxeo-adidas-speed-175-kick-azul-amarillo\/\"]}]},{\"@type\":\"ImageObject\",\"inLanguage\":\"es\",\"@id\":\"https:\/\/www.daisho.be\/es\/produit\/guantes-de-boxeo-adidas-speed-175-kick-azul-amarillo\/#primaryimage\",\"url\":\"https:\/\/www.daisho.be\/wp-content\/uploads\/2024\/05\/image-51.jpg\",\"contentUrl\":\"https:\/\/www.daisho.be\/wp-content\/uploads\/2024\/05\/image-51.jpg\",\"width\":650,\"height\":650,\"caption\":\"Guantes de boxeo adidas Speed 175 (Kick) Azul\/Amarillo-1\"},{\"@type\":\"BreadcrumbList\",\"@id\":\"https:\/\/www.daisho.be\/es\/produit\/guantes-de-boxeo-adidas-speed-175-kick-azul-amarillo\/#breadcrumb\",\"itemListElement\":[{\"@type\":\"ListItem\",\"position\":1,\"name\":\"Accueil\",\"item\":\"https:\/\/www.daisho.be\/es\/\"},{\"@type\":\"ListItem\",\"position\":2,\"name\":\"Productos\",\"item\":\"https:\/\/www.daisho.be\/es\/productos\/\"},{\"@type\":\"ListItem\",\"position\":3,\"name\":\"ADIDAS COMBAT SPORTS\",\"item\":\"https:\/\/www.daisho.be\/es\/categorie-produit\/adidas-combat-sports-es\/\"},{\"@type\":\"ListItem\",\"position\":4,\"name\":\"Muay tailand\u00e9s\",\"item\":\"https:\/\/www.daisho.be\/es\/categorie-produit\/adidas-combat-sports-es\/muay-tailandes-es\/\"},{\"@type\":\"ListItem\",\"position\":5,\"name\":\"Guantes Adidas Muay Thai\",\"item\":\"https:\/\/www.daisho.be\/es\/categorie-produit\/adidas-combat-sports-es\/muay-tailandes-es\/guantes-adidas-muay-thai\/\"},{\"@type\":\"ListItem\",\"position\":6,\"name\":\"Guantes de boxeo adidas Speed 175 (Kick) Azul\/Amarillo\"}]},{\"@type\":\"WebSite\",\"@id\":\"https:\/\/www.daisho.be\/es\/#website\",\"url\":\"https:\/\/www.daisho.be\/es\/\",\"name\":\"Daisho\",\"description\":\"Sp&eacute;cialiste de l'&eacute;quipement sportif d'arts martiaux\",\"publisher\":{\"@id\":\"https:\/\/www.daisho.be\/es\/#organization\"},\"potentialAction\":[{\"@type\":\"SearchAction\",\"target\":{\"@type\":\"EntryPoint\",\"urlTemplate\":\"https:\/\/www.daisho.be\/es\/?s={search_term_string}\"},\"query-input\":{\"@type\":\"PropertyValueSpecification\",\"valueRequired\":true,\"valueName\":\"search_term_string\"}}],\"inLanguage\":\"es\"},{\"@type\":\"Organization\",\"@id\":\"https:\/\/www.daisho.be\/es\/#organization\",\"name\":\"Daisho\",\"url\":\"https:\/\/www.daisho.be\/es\/\",\"logo\":{\"@type\":\"ImageObject\",\"inLanguage\":\"es\",\"@id\":\"https:\/\/www.daisho.be\/es\/#\/schema\/logo\/image\/\",\"url\":\"https:\/\/www.daisho.be\/wp-content\/uploads\/2019\/07\/color-nothing-horizontale4x-e1564486100247.png\",\"contentUrl\":\"https:\/\/www.daisho.be\/wp-content\/uploads\/2019\/07\/color-nothing-horizontale4x-e1564486100247.png\",\"width\":1547,\"height\":385,\"caption\":\"Daisho\"},\"image\":{\"@id\":\"https:\/\/www.daisho.be\/es\/#\/schema\/logo\/image\/\"}}]}<\/script>\n<!-- \/ Yoast SEO plugin. -->","yoast_head_json":{"title":"Guantes de boxeo adidas Speed 175 (Kick) Azul\/Amarillo &#8211; Daisho","description":"Descubre los guantes de boxeo especialmente dise\u00f1ados para aquellos a los que les gusta la velocidad con alta calidad. C\u00f3mpralos en www.daisho.be|Daisho","robots":{"index":"index","follow":"follow","max-snippet":"max-snippet:-1","max-image-preview":"max-image-preview:large","max-video-preview":"max-video-preview:-1"},"canonical":"https:\/\/www.daisho.be\/es\/produit\/guantes-de-boxeo-adidas-speed-175-kick-azul-amarillo\/","og_locale":"es_ES","og_type":"article","og_title":"Guantes de boxeo adidas Speed 175 (Kick) Azul\/Amarillo &#8211; Daisho","og_description":"Descubre los guantes de boxeo especialmente dise\u00f1ados para aquellos a los que les gusta la velocidad con alta calidad. C\u00f3mpralos en www.daisho.be|Daisho","og_url":"https:\/\/www.daisho.be\/es\/produit\/guantes-de-boxeo-adidas-speed-175-kick-azul-amarillo\/","og_site_name":"Daisho","article_modified_time":"2025-03-03T12:43:19+00:00","og_image":[{"width":650,"height":650,"url":"https:\/\/www.daisho.be\/wp-content\/uploads\/2024\/05\/image-51.jpg","type":"image\/jpeg"}],"twitter_card":"summary_large_image","twitter_misc":{"Tiempo de lectura":"1 minuto"},"schema":{"@context":"https:\/\/schema.org","@graph":[{"@type":"WebPage","@id":"https:\/\/www.daisho.be\/es\/produit\/guantes-de-boxeo-adidas-speed-175-kick-azul-amarillo\/","url":"https:\/\/www.daisho.be\/es\/produit\/guantes-de-boxeo-adidas-speed-175-kick-azul-amarillo\/","name":"Guantes de boxeo adidas Speed 175 (Kick) Azul\/Amarillo &#8211; Daisho","isPartOf":{"@id":"https:\/\/www.daisho.be\/es\/#website"},"primaryImageOfPage":{"@id":"https:\/\/www.daisho.be\/es\/produit\/guantes-de-boxeo-adidas-speed-175-kick-azul-amarillo\/#primaryimage"},"image":{"@id":"https:\/\/www.daisho.be\/es\/produit\/guantes-de-boxeo-adidas-speed-175-kick-azul-amarillo\/#primaryimage"},"thumbnailUrl":"https:\/\/www.daisho.be\/wp-content\/uploads\/2024\/05\/image-51.jpg","datePublished":"2022-01-31T08:48:44+00:00","dateModified":"2025-03-03T12:43:19+00:00","description":"Descubre los guantes de boxeo especialmente dise\u00f1ados para aquellos a los que les gusta la velocidad con alta calidad. C\u00f3mpralos en www.daisho.be|Daisho","breadcrumb":{"@id":"https:\/\/www.daisho.be\/es\/produit\/guantes-de-boxeo-adidas-speed-175-kick-azul-amarillo\/#breadcrumb"},"inLanguage":"es","potentialAction":[{"@type":"ReadAction","target":["https:\/\/www.daisho.be\/es\/produit\/guantes-de-boxeo-adidas-speed-175-kick-azul-amarillo\/"]}]},{"@type":"ImageObject","inLanguage":"es","@id":"https:\/\/www.daisho.be\/es\/produit\/guantes-de-boxeo-adidas-speed-175-kick-azul-amarillo\/#primaryimage","url":"https:\/\/www.daisho.be\/wp-content\/uploads\/2024\/05\/image-51.jpg","contentUrl":"https:\/\/www.daisho.be\/wp-content\/uploads\/2024\/05\/image-51.jpg","width":650,"height":650,"caption":"Guantes de boxeo adidas Speed 175 (Kick) Azul\/Amarillo-1"},{"@type":"BreadcrumbList","@id":"https:\/\/www.daisho.be\/es\/produit\/guantes-de-boxeo-adidas-speed-175-kick-azul-amarillo\/#breadcrumb","itemListElement":[{"@type":"ListItem","position":1,"name":"Accueil","item":"https:\/\/www.daisho.be\/es\/"},{"@type":"ListItem","position":2,"name":"Productos","item":"https:\/\/www.daisho.be\/es\/productos\/"},{"@type":"ListItem","position":3,"name":"ADIDAS COMBAT SPORTS","item":"https:\/\/www.daisho.be\/es\/categorie-produit\/adidas-combat-sports-es\/"},{"@type":"ListItem","position":4,"name":"Muay tailand\u00e9s","item":"https:\/\/www.daisho.be\/es\/categorie-produit\/adidas-combat-sports-es\/muay-tailandes-es\/"},{"@type":"ListItem","position":5,"name":"Guantes Adidas Muay Thai","item":"https:\/\/www.daisho.be\/es\/categorie-produit\/adidas-combat-sports-es\/muay-tailandes-es\/guantes-adidas-muay-thai\/"},{"@type":"ListItem","position":6,"name":"Guantes de boxeo adidas Speed 175 (Kick) Azul\/Amarillo"}]},{"@type":"WebSite","@id":"https:\/\/www.daisho.be\/es\/#website","url":"https:\/\/www.daisho.be\/es\/","name":"Daisho","description":"Sp&eacute;cialiste de l'&eacute;quipement sportif d'arts martiaux","publisher":{"@id":"https:\/\/www.daisho.be\/es\/#organization"},"potentialAction":[{"@type":"SearchAction","target":{"@type":"EntryPoint","urlTemplate":"https:\/\/www.daisho.be\/es\/?s={search_term_string}"},"query-input":{"@type":"PropertyValueSpecification","valueRequired":true,"valueName":"search_term_string"}}],"inLanguage":"es"},{"@type":"Organization","@id":"https:\/\/www.daisho.be\/es\/#organization","name":"Daisho","url":"https:\/\/www.daisho.be\/es\/","logo":{"@type":"ImageObject","inLanguage":"es","@id":"https:\/\/www.daisho.be\/es\/#\/schema\/logo\/image\/","url":"https:\/\/www.daisho.be\/wp-content\/uploads\/2019\/07\/color-nothing-horizontale4x-e1564486100247.png","contentUrl":"https:\/\/www.daisho.be\/wp-content\/uploads\/2019\/07\/color-nothing-horizontale4x-e1564486100247.png","width":1547,"height":385,"caption":"Daisho"},"image":{"@id":"https:\/\/www.daisho.be\/es\/#\/schema\/logo\/image\/"}}]}},"_links":{"self":[{"href":"https:\/\/www.daisho.be\/es\/wp-json\/wp\/v2\/product\/352561","targetHints":{"allow":["GET"]}}],"collection":[{"href":"https:\/\/www.daisho.be\/es\/wp-json\/wp\/v2\/product"}],"about":[{"href":"https:\/\/www.daisho.be\/es\/wp-json\/wp\/v2\/types\/product"}],"replies":[{"embeddable":true,"href":"https:\/\/www.daisho.be\/es\/wp-json\/wp\/v2\/comments?post=352561"}],"wp:featuredmedia":[{"embeddable":true,"href":"https:\/\/www.daisho.be\/es\/wp-json\/wp\/v2\/media\/405274"}],"wp:attachment":[{"href":"https:\/\/www.daisho.be\/es\/wp-json\/wp\/v2\/media?parent=352561"}],"wp:term":[{"taxonomy":"product_brand","embeddable":true,"href":"https:\/\/www.daisho.be\/es\/wp-json\/wp\/v2\/product_brand?post=352561"},{"taxonomy":"product_cat","embeddable":true,"href":"https:\/\/www.daisho.be\/es\/wp-json\/wp\/v2\/product_cat?post=352561"},{"taxonomy":"product_tag","embeddable":true,"href":"https:\/\/www.daisho.be\/es\/wp-json\/wp\/v2\/product_tag?post=352561"},{"taxonomy":"sport","embeddable":true,"href":"https:\/\/www.daisho.be\/es\/wp-json\/wp\/v2\/sport?post=352561"}],"curies":[{"name":"wp","href":"https:\/\/api.w.org\/{rel}","templated":true}]}}