{"id":352485,"date":"2022-01-31T10:10:49","date_gmt":"2022-01-31T09:10:49","guid":{"rendered":"https:\/\/www.daisho.be\/produit\/guantes-de-boxeo-adidas-aiba-pu-amateur-azul\/"},"modified":"2025-03-03T13:41:37","modified_gmt":"2025-03-03T12:41:37","slug":"guantes-de-boxeo-adidas-aiba-pu-amateur-azul","status":"publish","type":"product","link":"https:\/\/www.daisho.be\/es\/produit\/guantes-de-boxeo-adidas-aiba-pu-amateur-azul\/","title":{"rendered":"Guantes de boxeo Adidas AIBA PU amateur azul"},"content":{"rendered":"<p>Guantes de boxeo de piel sint\u00e9tica de alta calidad.<br \/>\nForrado de espuma moldeada muy absorbente. Cierre de velcro resistente para un ajuste y una comodidad \u00f3ptimos.<br \/>\nGuantes de boxeo adidas con licencia AIBA.<br \/>\nGuantes totalmente impermeables fabricados con piel de vacuno de alta calidad. Relleno de espuma moldeada muy absorbente. El velcro es robusto y ofrece la comodidad y sujeci\u00f3n necesarias.<br \/>\nLos guantes de boxeo AIBA de adidas se utilizaron como guantes de competici\u00f3n en los Juegos Ol\u00edmpicos de Pek\u00edn 2008 y en los Juegos Ol\u00edmpicos de Londres 2012.<br \/>\nTen en cuenta que estos guantes no est\u00e1n homologados para competici\u00f3n, son id\u00e9nticos a los guantes de competici\u00f3n homologados por la AIBA, con la \u00fanica diferencia del material, que es piel artificial en lugar de cuero.<br \/>\nEl guante de boxeo adidas es adecuado para kickboxing, k1, boxeo normal, etc.<br \/>\nEl guante de boxeo adidas est\u00e1 disponible en las tallas 10 y 12 oz. Es ideal para entrenarse para competiciones. 10 y 12 oz han sido los pesos oficiales de competici\u00f3n desde 2014.<\/p>\n<p>Ventajas:<br \/>\n&#8211; piel artificial de alta calidad<br \/>\n&#8211; resistente cierre de velcro<br \/>\n&#8211; relleno de espuma moldeada muy absorbente<br \/>\n&#8211; para uso amateur y profesional<\/p>\n","protected":false},"excerpt":{"rendered":"<p>Guantes de boxeo de piel sint\u00e9tica de alta calidad. Forrado de espuma moldeada muy absorbente. Cierre de velcro resistente para un ajuste y una comodidad \u00f3ptimos. Guantes de boxeo adidas con licencia AIBA. Guantes totalmente impermeables fabricados con piel de vacuno de alta calidad. Relleno de espuma moldeada muy absorbente. El velcro es robusto y [&hellip;]<\/p>\n","protected":false},"featured_media":335068,"comment_status":"open","ping_status":"closed","template":"","meta":{"inline_featured_image":false},"product_brand":[],"product_cat":[1691,1591],"product_tag":[1560],"sport":[],"class_list":{"0":"post-352485","1":"product","2":"type-product","3":"status-publish","4":"has-post-thumbnail","6":"product_cat-guantes-de-boxeo-adidas","7":"product_cat-protectores-adidas-kickboxing","8":"product_tag-adidas-es","9":"pa_size-372","10":"pa_size-371","12":"first","13":"instock","14":"taxable","15":"shipping-taxable","16":"purchasable","17":"product-type-variable"},"yoast_head":"<!-- This site is optimized with the Yoast SEO plugin v27.2 - https:\/\/yoast.com\/product\/yoast-seo-wordpress\/ -->\n<title>Guantes de boxeo Adidas AIBA PU amateur azul &#8211; Daisho<\/title>\n<meta name=\"description\" content=\"Descubre los guantes de boxeo especialmente dise\u00f1ados para ser resistentes y mejorar tu entrenamiento. C\u00f3mpralos en www.daisho.be|Daisho\" \/>\n<meta name=\"robots\" content=\"index, follow, max-snippet:-1, max-image-preview:large, max-video-preview:-1\" \/>\n<link rel=\"canonical\" href=\"https:\/\/www.daisho.be\/es\/produit\/guantes-de-boxeo-adidas-aiba-pu-amateur-azul\/\" \/>\n<meta property=\"og:locale\" content=\"es_ES\" \/>\n<meta property=\"og:type\" content=\"article\" \/>\n<meta property=\"og:title\" content=\"Guantes de boxeo Adidas AIBA PU amateur azul &#8211; Daisho\" \/>\n<meta property=\"og:description\" content=\"Descubre los guantes de boxeo especialmente dise\u00f1ados para ser resistentes y mejorar tu entrenamiento. C\u00f3mpralos en www.daisho.be|Daisho\" \/>\n<meta property=\"og:url\" content=\"https:\/\/www.daisho.be\/es\/produit\/guantes-de-boxeo-adidas-aiba-pu-amateur-azul\/\" \/>\n<meta property=\"og:site_name\" content=\"Daisho\" \/>\n<meta property=\"article:modified_time\" content=\"2025-03-03T12:41:37+00:00\" \/>\n<meta property=\"og:image\" content=\"https:\/\/www.daisho.be\/wp-content\/uploads\/2022\/10\/image-13.jpg\" \/>\n\t<meta property=\"og:image:width\" content=\"1920\" \/>\n\t<meta property=\"og:image:height\" content=\"1920\" \/>\n\t<meta property=\"og:image:type\" content=\"image\/jpeg\" \/>\n<meta name=\"twitter:card\" content=\"summary_large_image\" \/>\n<meta name=\"twitter:label1\" content=\"Tiempo de lectura\" \/>\n\t<meta name=\"twitter:data1\" content=\"1 minuto\" \/>\n<script type=\"application\/ld+json\" class=\"yoast-schema-graph\">{\"@context\":\"https:\/\/schema.org\",\"@graph\":[{\"@type\":\"WebPage\",\"@id\":\"https:\/\/www.daisho.be\/es\/produit\/guantes-de-boxeo-adidas-aiba-pu-amateur-azul\/\",\"url\":\"https:\/\/www.daisho.be\/es\/produit\/guantes-de-boxeo-adidas-aiba-pu-amateur-azul\/\",\"name\":\"Guantes de boxeo Adidas AIBA PU amateur azul &#8211; Daisho\",\"isPartOf\":{\"@id\":\"https:\/\/www.daisho.be\/es\/#website\"},\"primaryImageOfPage\":{\"@id\":\"https:\/\/www.daisho.be\/es\/produit\/guantes-de-boxeo-adidas-aiba-pu-amateur-azul\/#primaryimage\"},\"image\":{\"@id\":\"https:\/\/www.daisho.be\/es\/produit\/guantes-de-boxeo-adidas-aiba-pu-amateur-azul\/#primaryimage\"},\"thumbnailUrl\":\"https:\/\/www.daisho.be\/wp-content\/uploads\/2022\/10\/image-13.jpg\",\"datePublished\":\"2022-01-31T09:10:49+00:00\",\"dateModified\":\"2025-03-03T12:41:37+00:00\",\"description\":\"Descubre los guantes de boxeo especialmente dise\u00f1ados para ser resistentes y mejorar tu entrenamiento. C\u00f3mpralos en www.daisho.be|Daisho\",\"breadcrumb\":{\"@id\":\"https:\/\/www.daisho.be\/es\/produit\/guantes-de-boxeo-adidas-aiba-pu-amateur-azul\/#breadcrumb\"},\"inLanguage\":\"es\",\"potentialAction\":[{\"@type\":\"ReadAction\",\"target\":[\"https:\/\/www.daisho.be\/es\/produit\/guantes-de-boxeo-adidas-aiba-pu-amateur-azul\/\"]}]},{\"@type\":\"ImageObject\",\"inLanguage\":\"es\",\"@id\":\"https:\/\/www.daisho.be\/es\/produit\/guantes-de-boxeo-adidas-aiba-pu-amateur-azul\/#primaryimage\",\"url\":\"https:\/\/www.daisho.be\/wp-content\/uploads\/2022\/10\/image-13.jpg\",\"contentUrl\":\"https:\/\/www.daisho.be\/wp-content\/uploads\/2022\/10\/image-13.jpg\",\"width\":1920,\"height\":1920,\"caption\":\"Adidas AIBA PU guantes de boxeo amateur azul-1\"},{\"@type\":\"BreadcrumbList\",\"@id\":\"https:\/\/www.daisho.be\/es\/produit\/guantes-de-boxeo-adidas-aiba-pu-amateur-azul\/#breadcrumb\",\"itemListElement\":[{\"@type\":\"ListItem\",\"position\":1,\"name\":\"Accueil\",\"item\":\"https:\/\/www.daisho.be\/es\/\"},{\"@type\":\"ListItem\",\"position\":2,\"name\":\"Productos\",\"item\":\"https:\/\/www.daisho.be\/es\/productos\/\"},{\"@type\":\"ListItem\",\"position\":3,\"name\":\"ADIDAS COMBAT SPORTS\",\"item\":\"https:\/\/www.daisho.be\/es\/categorie-produit\/adidas-combat-sports-es\/\"},{\"@type\":\"ListItem\",\"position\":4,\"name\":\"Boxeo\",\"item\":\"https:\/\/www.daisho.be\/es\/categorie-produit\/adidas-combat-sports-es\/boxeo\/\"},{\"@type\":\"ListItem\",\"position\":5,\"name\":\"Guantes de boxeo Adidas\",\"item\":\"https:\/\/www.daisho.be\/es\/categorie-produit\/adidas-combat-sports-es\/boxeo\/guantes-de-boxeo-adidas\/\"},{\"@type\":\"ListItem\",\"position\":6,\"name\":\"Guantes de boxeo Adidas AIBA PU amateur azul\"}]},{\"@type\":\"WebSite\",\"@id\":\"https:\/\/www.daisho.be\/es\/#website\",\"url\":\"https:\/\/www.daisho.be\/es\/\",\"name\":\"Daisho\",\"description\":\"Sp&eacute;cialiste de l'&eacute;quipement sportif d'arts martiaux\",\"publisher\":{\"@id\":\"https:\/\/www.daisho.be\/es\/#organization\"},\"potentialAction\":[{\"@type\":\"SearchAction\",\"target\":{\"@type\":\"EntryPoint\",\"urlTemplate\":\"https:\/\/www.daisho.be\/es\/?s={search_term_string}\"},\"query-input\":{\"@type\":\"PropertyValueSpecification\",\"valueRequired\":true,\"valueName\":\"search_term_string\"}}],\"inLanguage\":\"es\"},{\"@type\":\"Organization\",\"@id\":\"https:\/\/www.daisho.be\/es\/#organization\",\"name\":\"Daisho\",\"url\":\"https:\/\/www.daisho.be\/es\/\",\"logo\":{\"@type\":\"ImageObject\",\"inLanguage\":\"es\",\"@id\":\"https:\/\/www.daisho.be\/es\/#\/schema\/logo\/image\/\",\"url\":\"https:\/\/www.daisho.be\/wp-content\/uploads\/2019\/07\/color-nothing-horizontale4x-e1564486100247.png\",\"contentUrl\":\"https:\/\/www.daisho.be\/wp-content\/uploads\/2019\/07\/color-nothing-horizontale4x-e1564486100247.png\",\"width\":1547,\"height\":385,\"caption\":\"Daisho\"},\"image\":{\"@id\":\"https:\/\/www.daisho.be\/es\/#\/schema\/logo\/image\/\"}}]}<\/script>\n<!-- \/ Yoast SEO plugin. -->","yoast_head_json":{"title":"Guantes de boxeo Adidas AIBA PU amateur azul &#8211; Daisho","description":"Descubre los guantes de boxeo especialmente dise\u00f1ados para ser resistentes y mejorar tu entrenamiento. C\u00f3mpralos en www.daisho.be|Daisho","robots":{"index":"index","follow":"follow","max-snippet":"max-snippet:-1","max-image-preview":"max-image-preview:large","max-video-preview":"max-video-preview:-1"},"canonical":"https:\/\/www.daisho.be\/es\/produit\/guantes-de-boxeo-adidas-aiba-pu-amateur-azul\/","og_locale":"es_ES","og_type":"article","og_title":"Guantes de boxeo Adidas AIBA PU amateur azul &#8211; Daisho","og_description":"Descubre los guantes de boxeo especialmente dise\u00f1ados para ser resistentes y mejorar tu entrenamiento. C\u00f3mpralos en www.daisho.be|Daisho","og_url":"https:\/\/www.daisho.be\/es\/produit\/guantes-de-boxeo-adidas-aiba-pu-amateur-azul\/","og_site_name":"Daisho","article_modified_time":"2025-03-03T12:41:37+00:00","og_image":[{"width":1920,"height":1920,"url":"https:\/\/www.daisho.be\/wp-content\/uploads\/2022\/10\/image-13.jpg","type":"image\/jpeg"}],"twitter_card":"summary_large_image","twitter_misc":{"Tiempo de lectura":"1 minuto"},"schema":{"@context":"https:\/\/schema.org","@graph":[{"@type":"WebPage","@id":"https:\/\/www.daisho.be\/es\/produit\/guantes-de-boxeo-adidas-aiba-pu-amateur-azul\/","url":"https:\/\/www.daisho.be\/es\/produit\/guantes-de-boxeo-adidas-aiba-pu-amateur-azul\/","name":"Guantes de boxeo Adidas AIBA PU amateur azul &#8211; Daisho","isPartOf":{"@id":"https:\/\/www.daisho.be\/es\/#website"},"primaryImageOfPage":{"@id":"https:\/\/www.daisho.be\/es\/produit\/guantes-de-boxeo-adidas-aiba-pu-amateur-azul\/#primaryimage"},"image":{"@id":"https:\/\/www.daisho.be\/es\/produit\/guantes-de-boxeo-adidas-aiba-pu-amateur-azul\/#primaryimage"},"thumbnailUrl":"https:\/\/www.daisho.be\/wp-content\/uploads\/2022\/10\/image-13.jpg","datePublished":"2022-01-31T09:10:49+00:00","dateModified":"2025-03-03T12:41:37+00:00","description":"Descubre los guantes de boxeo especialmente dise\u00f1ados para ser resistentes y mejorar tu entrenamiento. C\u00f3mpralos en www.daisho.be|Daisho","breadcrumb":{"@id":"https:\/\/www.daisho.be\/es\/produit\/guantes-de-boxeo-adidas-aiba-pu-amateur-azul\/#breadcrumb"},"inLanguage":"es","potentialAction":[{"@type":"ReadAction","target":["https:\/\/www.daisho.be\/es\/produit\/guantes-de-boxeo-adidas-aiba-pu-amateur-azul\/"]}]},{"@type":"ImageObject","inLanguage":"es","@id":"https:\/\/www.daisho.be\/es\/produit\/guantes-de-boxeo-adidas-aiba-pu-amateur-azul\/#primaryimage","url":"https:\/\/www.daisho.be\/wp-content\/uploads\/2022\/10\/image-13.jpg","contentUrl":"https:\/\/www.daisho.be\/wp-content\/uploads\/2022\/10\/image-13.jpg","width":1920,"height":1920,"caption":"Adidas AIBA PU guantes de boxeo amateur azul-1"},{"@type":"BreadcrumbList","@id":"https:\/\/www.daisho.be\/es\/produit\/guantes-de-boxeo-adidas-aiba-pu-amateur-azul\/#breadcrumb","itemListElement":[{"@type":"ListItem","position":1,"name":"Accueil","item":"https:\/\/www.daisho.be\/es\/"},{"@type":"ListItem","position":2,"name":"Productos","item":"https:\/\/www.daisho.be\/es\/productos\/"},{"@type":"ListItem","position":3,"name":"ADIDAS COMBAT SPORTS","item":"https:\/\/www.daisho.be\/es\/categorie-produit\/adidas-combat-sports-es\/"},{"@type":"ListItem","position":4,"name":"Boxeo","item":"https:\/\/www.daisho.be\/es\/categorie-produit\/adidas-combat-sports-es\/boxeo\/"},{"@type":"ListItem","position":5,"name":"Guantes de boxeo Adidas","item":"https:\/\/www.daisho.be\/es\/categorie-produit\/adidas-combat-sports-es\/boxeo\/guantes-de-boxeo-adidas\/"},{"@type":"ListItem","position":6,"name":"Guantes de boxeo Adidas AIBA PU amateur azul"}]},{"@type":"WebSite","@id":"https:\/\/www.daisho.be\/es\/#website","url":"https:\/\/www.daisho.be\/es\/","name":"Daisho","description":"Sp&eacute;cialiste de l'&eacute;quipement sportif d'arts martiaux","publisher":{"@id":"https:\/\/www.daisho.be\/es\/#organization"},"potentialAction":[{"@type":"SearchAction","target":{"@type":"EntryPoint","urlTemplate":"https:\/\/www.daisho.be\/es\/?s={search_term_string}"},"query-input":{"@type":"PropertyValueSpecification","valueRequired":true,"valueName":"search_term_string"}}],"inLanguage":"es"},{"@type":"Organization","@id":"https:\/\/www.daisho.be\/es\/#organization","name":"Daisho","url":"https:\/\/www.daisho.be\/es\/","logo":{"@type":"ImageObject","inLanguage":"es","@id":"https:\/\/www.daisho.be\/es\/#\/schema\/logo\/image\/","url":"https:\/\/www.daisho.be\/wp-content\/uploads\/2019\/07\/color-nothing-horizontale4x-e1564486100247.png","contentUrl":"https:\/\/www.daisho.be\/wp-content\/uploads\/2019\/07\/color-nothing-horizontale4x-e1564486100247.png","width":1547,"height":385,"caption":"Daisho"},"image":{"@id":"https:\/\/www.daisho.be\/es\/#\/schema\/logo\/image\/"}}]}},"_links":{"self":[{"href":"https:\/\/www.daisho.be\/es\/wp-json\/wp\/v2\/product\/352485","targetHints":{"allow":["GET"]}}],"collection":[{"href":"https:\/\/www.daisho.be\/es\/wp-json\/wp\/v2\/product"}],"about":[{"href":"https:\/\/www.daisho.be\/es\/wp-json\/wp\/v2\/types\/product"}],"replies":[{"embeddable":true,"href":"https:\/\/www.daisho.be\/es\/wp-json\/wp\/v2\/comments?post=352485"}],"wp:featuredmedia":[{"embeddable":true,"href":"https:\/\/www.daisho.be\/es\/wp-json\/wp\/v2\/media\/335068"}],"wp:attachment":[{"href":"https:\/\/www.daisho.be\/es\/wp-json\/wp\/v2\/media?parent=352485"}],"wp:term":[{"taxonomy":"product_brand","embeddable":true,"href":"https:\/\/www.daisho.be\/es\/wp-json\/wp\/v2\/product_brand?post=352485"},{"taxonomy":"product_cat","embeddable":true,"href":"https:\/\/www.daisho.be\/es\/wp-json\/wp\/v2\/product_cat?post=352485"},{"taxonomy":"product_tag","embeddable":true,"href":"https:\/\/www.daisho.be\/es\/wp-json\/wp\/v2\/product_tag?post=352485"},{"taxonomy":"sport","embeddable":true,"href":"https:\/\/www.daisho.be\/es\/wp-json\/wp\/v2\/sport?post=352485"}],"curies":[{"name":"wp","href":"https:\/\/api.w.org\/{rel}","templated":true}]}}