{"id":352332,"date":"2021-09-14T14:43:01","date_gmt":"2021-09-14T12:43:01","guid":{"rendered":"https:\/\/www.daisho.be\/produit\/kit-de-entrenamiento-de-luz-y-sonido-lummic\/"},"modified":"2026-02-16T11:56:45","modified_gmt":"2026-02-16T10:56:45","slug":"kit-de-entrenamiento-de-luz-y-sonido-lummic","status":"publish","type":"product","link":"https:\/\/www.daisho.be\/es\/produit\/kit-de-entrenamiento-de-luz-y-sonido-lummic\/","title":{"rendered":"Kit de entrenamiento de luz y sonido LUMMIC"},"content":{"rendered":"<p>Lummic es un sistema de entrenamiento basado en la retroalimentaci\u00f3n luminosa y auditiva. Permite desarrollar la velocidad, los reflejos, la capacidad de reacci\u00f3n, la asociaci\u00f3n de elementos, el desplazamiento en el espacio, la memoria&#8230; Lummic es para todos<br \/>\nLUMMIC se dirige a deportistas, ni\u00f1os y personas mayores. Tiene infinitas posibilidades y modos que te permiten evolucionar y mejorar el \u00e1rea que selecciones.<br \/>\nLUMMIC est\u00e1 pensado para 4 p\u00fablicos diferentes, pero lo mejor de todo es que para cada uno de ellos, lo que necesitas es lo mismo: Pack Lummic + App Oficial Lummic.<br \/>\nEl pack incluye :<br \/>\n&#8211; Lummic (x4)<br \/>\n&#8211; Correas de sujeci\u00f3n al cuerpo (x4)<br \/>\n&#8211; Ventosas (8&#215;4)<br \/>\n&#8211; Imanes de fijaci\u00f3n (x4)<br \/>\n&#8211; Fijaciones de pincho (\u00d825 mm) (x4)<br \/>\n&#8211; 1 bolsa de transporte (x1)<br \/>\n&#8211; Cable de carga USB (x1)<br \/>\n&#8211; Manual de instrucciones.<br \/>\n&#8211; M\u00e1s informaci\u00f3n en: lummic.com<br \/>\nCAMBIA TU FORMA DE ENTRENAR<br \/>\nLUMMIC PARA EL FITNESS: Haz entrenamientos diferentes. Gracias a Lummic, tus entrenamientos pueden ser mucho m\u00e1s din\u00e1micos y creativos. Individualmente o en grupo.<br \/>\nDesaf\u00edos para dos, competiciones contrarreloj, retos constantes, diversi\u00f3n&#8230; mientras progresas y mejoras d\u00eda a d\u00eda.<br \/>\nPodr\u00e1s seguir tus progresos gracias a la app en tu m\u00f3vil para mejorar en cada entrenamiento.<br \/>\nLUMMIC PARA EL DEPORTE: La mejor herramienta para comprobar y mejorar el rendimiento deportivo. Para todos los deportes, individuales o colectivos.<br \/>\nIncorpora LUMMIC a tu entrenamiento y podr\u00e1s mejorar tu capacidad de reacci\u00f3n, tu distribuci\u00f3n en el espacio, tu velocidad y generar un est\u00edmulo constante entre tus compa\u00f1eros para progresar m\u00e1s.<br \/>\nAdem\u00e1s, gracias a la aplicaci\u00f3n, puedes hacer comparaciones con el pasado y ver c\u00f3mo ha evolucionado cada sesi\u00f3n de entrenamiento.<br \/>\nJUEGOS DE HABILIDADES, REACCI\u00d3N E INTELIGENCIA<br \/>\nLUMMIC PARA NI\u00d1OS: Si incorporas Lummic a los juegos con ni\u00f1os, les ayudar\u00e1s a mejorar sus habilidades cognitivas y sociales de forma divertida, sin que se den cuenta de que est\u00e1n aprendiendo.<br \/>\nCoordinaci\u00f3n, relaciones sociales, juegos de velocidad, distribuci\u00f3n espacial, asociaciones de colores y sonidos, reflejos&#8230; Todo ello utilizando los distintos programas ya instalados en la aplicaci\u00f3n.<br \/>\nLUMMIC PARA PERSONAS MAYORES: A veces no sabemos c\u00f3mo implicar a las personas mayores en actividades para mejorar sus habilidades. Con Lummic este problema est\u00e1 resuelto.<br \/>\nIndividualmente o con amigos, puedes configurar juegos para mejorar la audici\u00f3n, ejercicios de memoria, movilidad e incluso las relaciones sociales. Todos con diferentes niveles para adaptarse a cada persona y evolucionar.<br \/>\nAPP OFICIAL LUMMIC: Programa tus entrenamientos\/juegos y comprueba tus progresos mediante la app, con programas predefinidos y programas que puedes personalizar y adaptar a tus necesidades.   Aplicaci\u00f3n disponible para iOS y Android.<\/p>\n","protected":false},"excerpt":{"rendered":"<p>Lummic es un sistema de entrenamiento basado en la retroalimentaci\u00f3n luminosa y auditiva. Permite desarrollar la velocidad, los reflejos, la capacidad de reacci\u00f3n, la asociaci\u00f3n de elementos, el desplazamiento en el espacio, la memoria&#8230; Lummic es para todos LUMMIC se dirige a deportistas, ni\u00f1os y personas mayores. Tiene infinitas posibilidades y modos que te permiten [&hellip;]<\/p>\n","protected":false},"featured_media":521581,"comment_status":"open","ping_status":"closed","template":"","meta":{"inline_featured_image":false},"product_brand":[],"product_cat":[1409,1301],"product_tag":[1704],"sport":[73],"class_list":{"0":"post-352332","1":"product","2":"type-product","3":"status-publish","4":"has-post-thumbnail","6":"product_cat-equipos-de-formacion-es","7":"product_cat-material-de-entrenamiento-de-karate","8":"product_tag-lummic-es","9":"pa_size-sans-taille-defaut","10":"sport-karate","12":"first","13":"instock","14":"taxable","15":"shipping-taxable","16":"purchasable","17":"product-type-simple"},"yoast_head":"<!-- This site is optimized with the Yoast SEO plugin v27.2 - https:\/\/yoast.com\/product\/yoast-seo-wordpress\/ -->\n<title>Kit de entrenamiento de luz y sonido LUMMIC &#8211; Daisho<\/title>\n<meta name=\"description\" content=\"\u00bfNecesitas un kit interactivo e intuitivo para tus sesiones de entrenamiento? Lummic tiene un kit de luz y sonido para ti. Encu\u00e9ntralo en www.daisho.be|Daisho\" \/>\n<meta name=\"robots\" content=\"index, follow, max-snippet:-1, max-image-preview:large, max-video-preview:-1\" \/>\n<link rel=\"canonical\" href=\"https:\/\/www.daisho.be\/es\/produit\/kit-de-entrenamiento-de-luz-y-sonido-lummic\/\" \/>\n<meta property=\"og:locale\" content=\"es_ES\" \/>\n<meta property=\"og:type\" content=\"article\" \/>\n<meta property=\"og:title\" content=\"Kit de entrenamiento de luz y sonido LUMMIC &#8211; Daisho\" \/>\n<meta property=\"og:description\" content=\"\u00bfNecesitas un kit interactivo e intuitivo para tus sesiones de entrenamiento? Lummic tiene un kit de luz y sonido para ti. Encu\u00e9ntralo en www.daisho.be|Daisho\" \/>\n<meta property=\"og:url\" content=\"https:\/\/www.daisho.be\/es\/produit\/kit-de-entrenamiento-de-luz-y-sonido-lummic\/\" \/>\n<meta property=\"og:site_name\" content=\"Daisho\" \/>\n<meta property=\"article:modified_time\" content=\"2026-02-16T10:56:45+00:00\" \/>\n<meta property=\"og:image\" content=\"https:\/\/www.daisho.be\/wp-content\/uploads\/2025\/05\/image-23.jpg\" \/>\n\t<meta property=\"og:image:width\" content=\"1000\" \/>\n\t<meta property=\"og:image:height\" content=\"1000\" \/>\n\t<meta property=\"og:image:type\" content=\"image\/jpeg\" \/>\n<meta name=\"twitter:card\" content=\"summary_large_image\" \/>\n<meta name=\"twitter:label1\" content=\"Tiempo de lectura\" \/>\n\t<meta name=\"twitter:data1\" content=\"2 minutos\" \/>\n<script type=\"application\/ld+json\" class=\"yoast-schema-graph\">{\"@context\":\"https:\/\/schema.org\",\"@graph\":[{\"@type\":\"WebPage\",\"@id\":\"https:\/\/www.daisho.be\/es\/produit\/kit-de-entrenamiento-de-luz-y-sonido-lummic\/\",\"url\":\"https:\/\/www.daisho.be\/es\/produit\/kit-de-entrenamiento-de-luz-y-sonido-lummic\/\",\"name\":\"Kit de entrenamiento de luz y sonido LUMMIC &#8211; Daisho\",\"isPartOf\":{\"@id\":\"https:\/\/www.daisho.be\/es\/#website\"},\"primaryImageOfPage\":{\"@id\":\"https:\/\/www.daisho.be\/es\/produit\/kit-de-entrenamiento-de-luz-y-sonido-lummic\/#primaryimage\"},\"image\":{\"@id\":\"https:\/\/www.daisho.be\/es\/produit\/kit-de-entrenamiento-de-luz-y-sonido-lummic\/#primaryimage\"},\"thumbnailUrl\":\"https:\/\/www.daisho.be\/wp-content\/uploads\/2025\/05\/image-23.jpg\",\"datePublished\":\"2021-09-14T12:43:01+00:00\",\"dateModified\":\"2026-02-16T10:56:45+00:00\",\"description\":\"\u00bfNecesitas un kit interactivo e intuitivo para tus sesiones de entrenamiento? Lummic tiene un kit de luz y sonido para ti. Encu\u00e9ntralo en www.daisho.be|Daisho\",\"breadcrumb\":{\"@id\":\"https:\/\/www.daisho.be\/es\/produit\/kit-de-entrenamiento-de-luz-y-sonido-lummic\/#breadcrumb\"},\"inLanguage\":\"es\",\"potentialAction\":[{\"@type\":\"ReadAction\",\"target\":[\"https:\/\/www.daisho.be\/es\/produit\/kit-de-entrenamiento-de-luz-y-sonido-lummic\/\"]}]},{\"@type\":\"ImageObject\",\"inLanguage\":\"es\",\"@id\":\"https:\/\/www.daisho.be\/es\/produit\/kit-de-entrenamiento-de-luz-y-sonido-lummic\/#primaryimage\",\"url\":\"https:\/\/www.daisho.be\/wp-content\/uploads\/2025\/05\/image-23.jpg\",\"contentUrl\":\"https:\/\/www.daisho.be\/wp-content\/uploads\/2025\/05\/image-23.jpg\",\"width\":1000,\"height\":1000,\"caption\":\"Kit de entrenamiento de luz y sonido LUMMIC-1\"},{\"@type\":\"BreadcrumbList\",\"@id\":\"https:\/\/www.daisho.be\/es\/produit\/kit-de-entrenamiento-de-luz-y-sonido-lummic\/#breadcrumb\",\"itemListElement\":[{\"@type\":\"ListItem\",\"position\":1,\"name\":\"Accueil\",\"item\":\"https:\/\/www.daisho.be\/es\/\"},{\"@type\":\"ListItem\",\"position\":2,\"name\":\"Productos\",\"item\":\"https:\/\/www.daisho.be\/es\/productos\/\"},{\"@type\":\"ListItem\",\"position\":3,\"name\":\"Equipamiento y ropa para artes marciales y deportes de combate\",\"item\":\"https:\/\/www.daisho.be\/es\/categorie-produit\/equipamiento-y-ropa-para-artes-marciales-y-deportes-de-combate\/\"},{\"@type\":\"ListItem\",\"position\":4,\"name\":\"Karate\",\"item\":\"https:\/\/www.daisho.be\/es\/categorie-produit\/equipamiento-y-ropa-para-artes-marciales-y-deportes-de-combate\/karate-es-2\/\"},{\"@type\":\"ListItem\",\"position\":5,\"name\":\"Material de entrenamiento de k\u00e1rate\",\"item\":\"https:\/\/www.daisho.be\/es\/categorie-produit\/equipamiento-y-ropa-para-artes-marciales-y-deportes-de-combate\/karate-es-2\/material-de-entrenamiento-de-karate\/\"},{\"@type\":\"ListItem\",\"position\":6,\"name\":\"Kit de entrenamiento de luz y sonido LUMMIC\"}]},{\"@type\":\"WebSite\",\"@id\":\"https:\/\/www.daisho.be\/es\/#website\",\"url\":\"https:\/\/www.daisho.be\/es\/\",\"name\":\"Daisho\",\"description\":\"Sp&eacute;cialiste de l'&eacute;quipement sportif d'arts martiaux\",\"publisher\":{\"@id\":\"https:\/\/www.daisho.be\/es\/#organization\"},\"potentialAction\":[{\"@type\":\"SearchAction\",\"target\":{\"@type\":\"EntryPoint\",\"urlTemplate\":\"https:\/\/www.daisho.be\/es\/?s={search_term_string}\"},\"query-input\":{\"@type\":\"PropertyValueSpecification\",\"valueRequired\":true,\"valueName\":\"search_term_string\"}}],\"inLanguage\":\"es\"},{\"@type\":\"Organization\",\"@id\":\"https:\/\/www.daisho.be\/es\/#organization\",\"name\":\"Daisho\",\"url\":\"https:\/\/www.daisho.be\/es\/\",\"logo\":{\"@type\":\"ImageObject\",\"inLanguage\":\"es\",\"@id\":\"https:\/\/www.daisho.be\/es\/#\/schema\/logo\/image\/\",\"url\":\"https:\/\/www.daisho.be\/wp-content\/uploads\/2019\/07\/color-nothing-horizontale4x-e1564486100247.png\",\"contentUrl\":\"https:\/\/www.daisho.be\/wp-content\/uploads\/2019\/07\/color-nothing-horizontale4x-e1564486100247.png\",\"width\":1547,\"height\":385,\"caption\":\"Daisho\"},\"image\":{\"@id\":\"https:\/\/www.daisho.be\/es\/#\/schema\/logo\/image\/\"}}]}<\/script>\n<!-- \/ Yoast SEO plugin. -->","yoast_head_json":{"title":"Kit de entrenamiento de luz y sonido LUMMIC &#8211; Daisho","description":"\u00bfNecesitas un kit interactivo e intuitivo para tus sesiones de entrenamiento? Lummic tiene un kit de luz y sonido para ti. Encu\u00e9ntralo en www.daisho.be|Daisho","robots":{"index":"index","follow":"follow","max-snippet":"max-snippet:-1","max-image-preview":"max-image-preview:large","max-video-preview":"max-video-preview:-1"},"canonical":"https:\/\/www.daisho.be\/es\/produit\/kit-de-entrenamiento-de-luz-y-sonido-lummic\/","og_locale":"es_ES","og_type":"article","og_title":"Kit de entrenamiento de luz y sonido LUMMIC &#8211; Daisho","og_description":"\u00bfNecesitas un kit interactivo e intuitivo para tus sesiones de entrenamiento? Lummic tiene un kit de luz y sonido para ti. Encu\u00e9ntralo en www.daisho.be|Daisho","og_url":"https:\/\/www.daisho.be\/es\/produit\/kit-de-entrenamiento-de-luz-y-sonido-lummic\/","og_site_name":"Daisho","article_modified_time":"2026-02-16T10:56:45+00:00","og_image":[{"width":1000,"height":1000,"url":"https:\/\/www.daisho.be\/wp-content\/uploads\/2025\/05\/image-23.jpg","type":"image\/jpeg"}],"twitter_card":"summary_large_image","twitter_misc":{"Tiempo de lectura":"2 minutos"},"schema":{"@context":"https:\/\/schema.org","@graph":[{"@type":"WebPage","@id":"https:\/\/www.daisho.be\/es\/produit\/kit-de-entrenamiento-de-luz-y-sonido-lummic\/","url":"https:\/\/www.daisho.be\/es\/produit\/kit-de-entrenamiento-de-luz-y-sonido-lummic\/","name":"Kit de entrenamiento de luz y sonido LUMMIC &#8211; Daisho","isPartOf":{"@id":"https:\/\/www.daisho.be\/es\/#website"},"primaryImageOfPage":{"@id":"https:\/\/www.daisho.be\/es\/produit\/kit-de-entrenamiento-de-luz-y-sonido-lummic\/#primaryimage"},"image":{"@id":"https:\/\/www.daisho.be\/es\/produit\/kit-de-entrenamiento-de-luz-y-sonido-lummic\/#primaryimage"},"thumbnailUrl":"https:\/\/www.daisho.be\/wp-content\/uploads\/2025\/05\/image-23.jpg","datePublished":"2021-09-14T12:43:01+00:00","dateModified":"2026-02-16T10:56:45+00:00","description":"\u00bfNecesitas un kit interactivo e intuitivo para tus sesiones de entrenamiento? Lummic tiene un kit de luz y sonido para ti. Encu\u00e9ntralo en www.daisho.be|Daisho","breadcrumb":{"@id":"https:\/\/www.daisho.be\/es\/produit\/kit-de-entrenamiento-de-luz-y-sonido-lummic\/#breadcrumb"},"inLanguage":"es","potentialAction":[{"@type":"ReadAction","target":["https:\/\/www.daisho.be\/es\/produit\/kit-de-entrenamiento-de-luz-y-sonido-lummic\/"]}]},{"@type":"ImageObject","inLanguage":"es","@id":"https:\/\/www.daisho.be\/es\/produit\/kit-de-entrenamiento-de-luz-y-sonido-lummic\/#primaryimage","url":"https:\/\/www.daisho.be\/wp-content\/uploads\/2025\/05\/image-23.jpg","contentUrl":"https:\/\/www.daisho.be\/wp-content\/uploads\/2025\/05\/image-23.jpg","width":1000,"height":1000,"caption":"Kit de entrenamiento de luz y sonido LUMMIC-1"},{"@type":"BreadcrumbList","@id":"https:\/\/www.daisho.be\/es\/produit\/kit-de-entrenamiento-de-luz-y-sonido-lummic\/#breadcrumb","itemListElement":[{"@type":"ListItem","position":1,"name":"Accueil","item":"https:\/\/www.daisho.be\/es\/"},{"@type":"ListItem","position":2,"name":"Productos","item":"https:\/\/www.daisho.be\/es\/productos\/"},{"@type":"ListItem","position":3,"name":"Equipamiento y ropa para artes marciales y deportes de combate","item":"https:\/\/www.daisho.be\/es\/categorie-produit\/equipamiento-y-ropa-para-artes-marciales-y-deportes-de-combate\/"},{"@type":"ListItem","position":4,"name":"Karate","item":"https:\/\/www.daisho.be\/es\/categorie-produit\/equipamiento-y-ropa-para-artes-marciales-y-deportes-de-combate\/karate-es-2\/"},{"@type":"ListItem","position":5,"name":"Material de entrenamiento de k\u00e1rate","item":"https:\/\/www.daisho.be\/es\/categorie-produit\/equipamiento-y-ropa-para-artes-marciales-y-deportes-de-combate\/karate-es-2\/material-de-entrenamiento-de-karate\/"},{"@type":"ListItem","position":6,"name":"Kit de entrenamiento de luz y sonido LUMMIC"}]},{"@type":"WebSite","@id":"https:\/\/www.daisho.be\/es\/#website","url":"https:\/\/www.daisho.be\/es\/","name":"Daisho","description":"Sp&eacute;cialiste de l'&eacute;quipement sportif d'arts martiaux","publisher":{"@id":"https:\/\/www.daisho.be\/es\/#organization"},"potentialAction":[{"@type":"SearchAction","target":{"@type":"EntryPoint","urlTemplate":"https:\/\/www.daisho.be\/es\/?s={search_term_string}"},"query-input":{"@type":"PropertyValueSpecification","valueRequired":true,"valueName":"search_term_string"}}],"inLanguage":"es"},{"@type":"Organization","@id":"https:\/\/www.daisho.be\/es\/#organization","name":"Daisho","url":"https:\/\/www.daisho.be\/es\/","logo":{"@type":"ImageObject","inLanguage":"es","@id":"https:\/\/www.daisho.be\/es\/#\/schema\/logo\/image\/","url":"https:\/\/www.daisho.be\/wp-content\/uploads\/2019\/07\/color-nothing-horizontale4x-e1564486100247.png","contentUrl":"https:\/\/www.daisho.be\/wp-content\/uploads\/2019\/07\/color-nothing-horizontale4x-e1564486100247.png","width":1547,"height":385,"caption":"Daisho"},"image":{"@id":"https:\/\/www.daisho.be\/es\/#\/schema\/logo\/image\/"}}]}},"_links":{"self":[{"href":"https:\/\/www.daisho.be\/es\/wp-json\/wp\/v2\/product\/352332","targetHints":{"allow":["GET"]}}],"collection":[{"href":"https:\/\/www.daisho.be\/es\/wp-json\/wp\/v2\/product"}],"about":[{"href":"https:\/\/www.daisho.be\/es\/wp-json\/wp\/v2\/types\/product"}],"replies":[{"embeddable":true,"href":"https:\/\/www.daisho.be\/es\/wp-json\/wp\/v2\/comments?post=352332"}],"wp:featuredmedia":[{"embeddable":true,"href":"https:\/\/www.daisho.be\/es\/wp-json\/wp\/v2\/media\/521581"}],"wp:attachment":[{"href":"https:\/\/www.daisho.be\/es\/wp-json\/wp\/v2\/media?parent=352332"}],"wp:term":[{"taxonomy":"product_brand","embeddable":true,"href":"https:\/\/www.daisho.be\/es\/wp-json\/wp\/v2\/product_brand?post=352332"},{"taxonomy":"product_cat","embeddable":true,"href":"https:\/\/www.daisho.be\/es\/wp-json\/wp\/v2\/product_cat?post=352332"},{"taxonomy":"product_tag","embeddable":true,"href":"https:\/\/www.daisho.be\/es\/wp-json\/wp\/v2\/product_tag?post=352332"},{"taxonomy":"sport","embeddable":true,"href":"https:\/\/www.daisho.be\/es\/wp-json\/wp\/v2\/sport?post=352332"}],"curies":[{"name":"wp","href":"https:\/\/api.w.org\/{rel}","templated":true}]}}