{"id":352249,"date":"2021-09-13T22:03:41","date_gmt":"2021-09-13T20:03:41","guid":{"rendered":"https:\/\/www.daisho.be\/produit\/cinturon-adidas-taekwondo-poomsae-strap-rojo-negro\/"},"modified":"2025-10-09T14:10:49","modified_gmt":"2025-10-09T12:10:49","slug":"cinturon-adidas-taekwondo-poomsae-strap-rojo-negro","status":"publish","type":"product","link":"https:\/\/www.daisho.be\/es\/produit\/cinturon-adidas-taekwondo-poomsae-strap-rojo-negro\/","title":{"rendered":"Cintur\u00f3n adidas Taekwondo Poomsae Strap Rojo\/Negro"},"content":{"rendered":"<p>Cintur\u00f3n Poomsae Budo de Adidas, hecho para Taekwondo u otras artes marciales.<br \/>\nMaterial: 100% algod\u00f3n.<br \/>\nEl cintur\u00f3n tiene la anchura oficial de 43 mm.<\/p>\n","protected":false},"excerpt":{"rendered":"<p>Cintur\u00f3n Poomsae Budo de Adidas, hecho para Taekwondo u otras artes marciales. Material: 100% algod\u00f3n. El cintur\u00f3n tiene la anchura oficial de 43 mm.<\/p>\n","protected":false},"featured_media":521164,"comment_status":"open","ping_status":"closed","template":"","meta":{"inline_featured_image":false},"product_brand":[],"product_cat":[1702],"product_tag":[1560],"sport":[],"class_list":{"0":"post-352249","1":"product","2":"type-product","3":"status-publish","4":"has-post-thumbnail","6":"product_cat-cinturones-adidas-es","7":"product_tag-adidas-es","8":"pa_size-254","9":"pa_size-253","10":"pa_size-280-50","11":"pa_size-251","12":"pa_size-415","14":"first","15":"instock","16":"taxable","17":"shipping-taxable","18":"purchasable","19":"product-type-variable"},"yoast_head":"<!-- This site is optimized with the Yoast SEO plugin v27.2 - https:\/\/yoast.com\/product\/yoast-seo-wordpress\/ -->\n<title>Cintur\u00f3n adidas Taekwondo Poomsae Strap Rojo\/Negro &#8211; Daisho<\/title>\n<meta name=\"description\" content=\"El cintur\u00f3n con correa para poomsae est\u00e1 especialmente dise\u00f1ado para todos los practicantes de taekwondo. C\u00f3mpralo en nuestra p\u00e1gina web www.daisho.be|Daisho\" \/>\n<meta name=\"robots\" content=\"index, follow, max-snippet:-1, max-image-preview:large, max-video-preview:-1\" \/>\n<link rel=\"canonical\" href=\"https:\/\/www.daisho.be\/es\/produit\/cinturon-adidas-taekwondo-poomsae-strap-rojo-negro\/\" \/>\n<meta property=\"og:locale\" content=\"es_ES\" \/>\n<meta property=\"og:type\" content=\"article\" \/>\n<meta property=\"og:title\" content=\"Cintur\u00f3n adidas Taekwondo Poomsae Strap Rojo\/Negro &#8211; Daisho\" \/>\n<meta property=\"og:description\" content=\"El cintur\u00f3n con correa para poomsae est\u00e1 especialmente dise\u00f1ado para todos los practicantes de taekwondo. C\u00f3mpralo en nuestra p\u00e1gina web www.daisho.be|Daisho\" \/>\n<meta property=\"og:url\" content=\"https:\/\/www.daisho.be\/es\/produit\/cinturon-adidas-taekwondo-poomsae-strap-rojo-negro\/\" \/>\n<meta property=\"og:site_name\" content=\"Daisho\" \/>\n<meta property=\"article:modified_time\" content=\"2025-10-09T12:10:49+00:00\" \/>\n<meta property=\"og:image\" content=\"https:\/\/www.daisho.be\/wp-content\/uploads\/2025\/05\/image-18.jpg\" \/>\n\t<meta property=\"og:image:width\" content=\"650\" \/>\n\t<meta property=\"og:image:height\" content=\"650\" \/>\n\t<meta property=\"og:image:type\" content=\"image\/jpeg\" \/>\n<meta name=\"twitter:card\" content=\"summary_large_image\" \/>\n<script type=\"application\/ld+json\" class=\"yoast-schema-graph\">{\"@context\":\"https:\/\/schema.org\",\"@graph\":[{\"@type\":\"WebPage\",\"@id\":\"https:\/\/www.daisho.be\/es\/produit\/cinturon-adidas-taekwondo-poomsae-strap-rojo-negro\/\",\"url\":\"https:\/\/www.daisho.be\/es\/produit\/cinturon-adidas-taekwondo-poomsae-strap-rojo-negro\/\",\"name\":\"Cintur\u00f3n adidas Taekwondo Poomsae Strap Rojo\/Negro &#8211; Daisho\",\"isPartOf\":{\"@id\":\"https:\/\/www.daisho.be\/es\/#website\"},\"primaryImageOfPage\":{\"@id\":\"https:\/\/www.daisho.be\/es\/produit\/cinturon-adidas-taekwondo-poomsae-strap-rojo-negro\/#primaryimage\"},\"image\":{\"@id\":\"https:\/\/www.daisho.be\/es\/produit\/cinturon-adidas-taekwondo-poomsae-strap-rojo-negro\/#primaryimage\"},\"thumbnailUrl\":\"https:\/\/www.daisho.be\/wp-content\/uploads\/2025\/05\/image-18.jpg\",\"datePublished\":\"2021-09-13T20:03:41+00:00\",\"dateModified\":\"2025-10-09T12:10:49+00:00\",\"description\":\"El cintur\u00f3n con correa para poomsae est\u00e1 especialmente dise\u00f1ado para todos los practicantes de taekwondo. C\u00f3mpralo en nuestra p\u00e1gina web www.daisho.be|Daisho\",\"breadcrumb\":{\"@id\":\"https:\/\/www.daisho.be\/es\/produit\/cinturon-adidas-taekwondo-poomsae-strap-rojo-negro\/#breadcrumb\"},\"inLanguage\":\"es\",\"potentialAction\":[{\"@type\":\"ReadAction\",\"target\":[\"https:\/\/www.daisho.be\/es\/produit\/cinturon-adidas-taekwondo-poomsae-strap-rojo-negro\/\"]}]},{\"@type\":\"ImageObject\",\"inLanguage\":\"es\",\"@id\":\"https:\/\/www.daisho.be\/es\/produit\/cinturon-adidas-taekwondo-poomsae-strap-rojo-negro\/#primaryimage\",\"url\":\"https:\/\/www.daisho.be\/wp-content\/uploads\/2025\/05\/image-18.jpg\",\"contentUrl\":\"https:\/\/www.daisho.be\/wp-content\/uploads\/2025\/05\/image-18.jpg\",\"width\":650,\"height\":650,\"caption\":\"Correa adidas Taekwondo Poomsae Rojo\/Negro-1\"},{\"@type\":\"BreadcrumbList\",\"@id\":\"https:\/\/www.daisho.be\/es\/produit\/cinturon-adidas-taekwondo-poomsae-strap-rojo-negro\/#breadcrumb\",\"itemListElement\":[{\"@type\":\"ListItem\",\"position\":1,\"name\":\"Accueil\",\"item\":\"https:\/\/www.daisho.be\/es\/\"},{\"@type\":\"ListItem\",\"position\":2,\"name\":\"Productos\",\"item\":\"https:\/\/www.daisho.be\/es\/productos\/\"},{\"@type\":\"ListItem\",\"position\":3,\"name\":\"ADIDAS COMBAT SPORTS\",\"item\":\"https:\/\/www.daisho.be\/es\/categorie-produit\/adidas-combat-sports-es\/\"},{\"@type\":\"ListItem\",\"position\":4,\"name\":\"Taekwondo\",\"item\":\"https:\/\/www.daisho.be\/es\/categorie-produit\/adidas-combat-sports-es\/taekwondo-es-2\/\"},{\"@type\":\"ListItem\",\"position\":5,\"name\":\"Cinturones Adidas\",\"item\":\"https:\/\/www.daisho.be\/es\/categorie-produit\/adidas-combat-sports-es\/taekwondo-es-2\/cinturones-adidas-es\/\"},{\"@type\":\"ListItem\",\"position\":6,\"name\":\"Cintur\u00f3n adidas Taekwondo Poomsae Strap Rojo\/Negro\"}]},{\"@type\":\"WebSite\",\"@id\":\"https:\/\/www.daisho.be\/es\/#website\",\"url\":\"https:\/\/www.daisho.be\/es\/\",\"name\":\"Daisho\",\"description\":\"Sp&eacute;cialiste de l'&eacute;quipement sportif d'arts martiaux\",\"publisher\":{\"@id\":\"https:\/\/www.daisho.be\/es\/#organization\"},\"potentialAction\":[{\"@type\":\"SearchAction\",\"target\":{\"@type\":\"EntryPoint\",\"urlTemplate\":\"https:\/\/www.daisho.be\/es\/?s={search_term_string}\"},\"query-input\":{\"@type\":\"PropertyValueSpecification\",\"valueRequired\":true,\"valueName\":\"search_term_string\"}}],\"inLanguage\":\"es\"},{\"@type\":\"Organization\",\"@id\":\"https:\/\/www.daisho.be\/es\/#organization\",\"name\":\"Daisho\",\"url\":\"https:\/\/www.daisho.be\/es\/\",\"logo\":{\"@type\":\"ImageObject\",\"inLanguage\":\"es\",\"@id\":\"https:\/\/www.daisho.be\/es\/#\/schema\/logo\/image\/\",\"url\":\"https:\/\/www.daisho.be\/wp-content\/uploads\/2019\/07\/color-nothing-horizontale4x-e1564486100247.png\",\"contentUrl\":\"https:\/\/www.daisho.be\/wp-content\/uploads\/2019\/07\/color-nothing-horizontale4x-e1564486100247.png\",\"width\":1547,\"height\":385,\"caption\":\"Daisho\"},\"image\":{\"@id\":\"https:\/\/www.daisho.be\/es\/#\/schema\/logo\/image\/\"}}]}<\/script>\n<!-- \/ Yoast SEO plugin. -->","yoast_head_json":{"title":"Cintur\u00f3n adidas Taekwondo Poomsae Strap Rojo\/Negro &#8211; Daisho","description":"El cintur\u00f3n con correa para poomsae est\u00e1 especialmente dise\u00f1ado para todos los practicantes de taekwondo. C\u00f3mpralo en nuestra p\u00e1gina web www.daisho.be|Daisho","robots":{"index":"index","follow":"follow","max-snippet":"max-snippet:-1","max-image-preview":"max-image-preview:large","max-video-preview":"max-video-preview:-1"},"canonical":"https:\/\/www.daisho.be\/es\/produit\/cinturon-adidas-taekwondo-poomsae-strap-rojo-negro\/","og_locale":"es_ES","og_type":"article","og_title":"Cintur\u00f3n adidas Taekwondo Poomsae Strap Rojo\/Negro &#8211; Daisho","og_description":"El cintur\u00f3n con correa para poomsae est\u00e1 especialmente dise\u00f1ado para todos los practicantes de taekwondo. C\u00f3mpralo en nuestra p\u00e1gina web www.daisho.be|Daisho","og_url":"https:\/\/www.daisho.be\/es\/produit\/cinturon-adidas-taekwondo-poomsae-strap-rojo-negro\/","og_site_name":"Daisho","article_modified_time":"2025-10-09T12:10:49+00:00","og_image":[{"width":650,"height":650,"url":"https:\/\/www.daisho.be\/wp-content\/uploads\/2025\/05\/image-18.jpg","type":"image\/jpeg"}],"twitter_card":"summary_large_image","schema":{"@context":"https:\/\/schema.org","@graph":[{"@type":"WebPage","@id":"https:\/\/www.daisho.be\/es\/produit\/cinturon-adidas-taekwondo-poomsae-strap-rojo-negro\/","url":"https:\/\/www.daisho.be\/es\/produit\/cinturon-adidas-taekwondo-poomsae-strap-rojo-negro\/","name":"Cintur\u00f3n adidas Taekwondo Poomsae Strap Rojo\/Negro &#8211; Daisho","isPartOf":{"@id":"https:\/\/www.daisho.be\/es\/#website"},"primaryImageOfPage":{"@id":"https:\/\/www.daisho.be\/es\/produit\/cinturon-adidas-taekwondo-poomsae-strap-rojo-negro\/#primaryimage"},"image":{"@id":"https:\/\/www.daisho.be\/es\/produit\/cinturon-adidas-taekwondo-poomsae-strap-rojo-negro\/#primaryimage"},"thumbnailUrl":"https:\/\/www.daisho.be\/wp-content\/uploads\/2025\/05\/image-18.jpg","datePublished":"2021-09-13T20:03:41+00:00","dateModified":"2025-10-09T12:10:49+00:00","description":"El cintur\u00f3n con correa para poomsae est\u00e1 especialmente dise\u00f1ado para todos los practicantes de taekwondo. C\u00f3mpralo en nuestra p\u00e1gina web www.daisho.be|Daisho","breadcrumb":{"@id":"https:\/\/www.daisho.be\/es\/produit\/cinturon-adidas-taekwondo-poomsae-strap-rojo-negro\/#breadcrumb"},"inLanguage":"es","potentialAction":[{"@type":"ReadAction","target":["https:\/\/www.daisho.be\/es\/produit\/cinturon-adidas-taekwondo-poomsae-strap-rojo-negro\/"]}]},{"@type":"ImageObject","inLanguage":"es","@id":"https:\/\/www.daisho.be\/es\/produit\/cinturon-adidas-taekwondo-poomsae-strap-rojo-negro\/#primaryimage","url":"https:\/\/www.daisho.be\/wp-content\/uploads\/2025\/05\/image-18.jpg","contentUrl":"https:\/\/www.daisho.be\/wp-content\/uploads\/2025\/05\/image-18.jpg","width":650,"height":650,"caption":"Correa adidas Taekwondo Poomsae Rojo\/Negro-1"},{"@type":"BreadcrumbList","@id":"https:\/\/www.daisho.be\/es\/produit\/cinturon-adidas-taekwondo-poomsae-strap-rojo-negro\/#breadcrumb","itemListElement":[{"@type":"ListItem","position":1,"name":"Accueil","item":"https:\/\/www.daisho.be\/es\/"},{"@type":"ListItem","position":2,"name":"Productos","item":"https:\/\/www.daisho.be\/es\/productos\/"},{"@type":"ListItem","position":3,"name":"ADIDAS COMBAT SPORTS","item":"https:\/\/www.daisho.be\/es\/categorie-produit\/adidas-combat-sports-es\/"},{"@type":"ListItem","position":4,"name":"Taekwondo","item":"https:\/\/www.daisho.be\/es\/categorie-produit\/adidas-combat-sports-es\/taekwondo-es-2\/"},{"@type":"ListItem","position":5,"name":"Cinturones Adidas","item":"https:\/\/www.daisho.be\/es\/categorie-produit\/adidas-combat-sports-es\/taekwondo-es-2\/cinturones-adidas-es\/"},{"@type":"ListItem","position":6,"name":"Cintur\u00f3n adidas Taekwondo Poomsae Strap Rojo\/Negro"}]},{"@type":"WebSite","@id":"https:\/\/www.daisho.be\/es\/#website","url":"https:\/\/www.daisho.be\/es\/","name":"Daisho","description":"Sp&eacute;cialiste de l'&eacute;quipement sportif d'arts martiaux","publisher":{"@id":"https:\/\/www.daisho.be\/es\/#organization"},"potentialAction":[{"@type":"SearchAction","target":{"@type":"EntryPoint","urlTemplate":"https:\/\/www.daisho.be\/es\/?s={search_term_string}"},"query-input":{"@type":"PropertyValueSpecification","valueRequired":true,"valueName":"search_term_string"}}],"inLanguage":"es"},{"@type":"Organization","@id":"https:\/\/www.daisho.be\/es\/#organization","name":"Daisho","url":"https:\/\/www.daisho.be\/es\/","logo":{"@type":"ImageObject","inLanguage":"es","@id":"https:\/\/www.daisho.be\/es\/#\/schema\/logo\/image\/","url":"https:\/\/www.daisho.be\/wp-content\/uploads\/2019\/07\/color-nothing-horizontale4x-e1564486100247.png","contentUrl":"https:\/\/www.daisho.be\/wp-content\/uploads\/2019\/07\/color-nothing-horizontale4x-e1564486100247.png","width":1547,"height":385,"caption":"Daisho"},"image":{"@id":"https:\/\/www.daisho.be\/es\/#\/schema\/logo\/image\/"}}]}},"_links":{"self":[{"href":"https:\/\/www.daisho.be\/es\/wp-json\/wp\/v2\/product\/352249","targetHints":{"allow":["GET"]}}],"collection":[{"href":"https:\/\/www.daisho.be\/es\/wp-json\/wp\/v2\/product"}],"about":[{"href":"https:\/\/www.daisho.be\/es\/wp-json\/wp\/v2\/types\/product"}],"replies":[{"embeddable":true,"href":"https:\/\/www.daisho.be\/es\/wp-json\/wp\/v2\/comments?post=352249"}],"wp:featuredmedia":[{"embeddable":true,"href":"https:\/\/www.daisho.be\/es\/wp-json\/wp\/v2\/media\/521164"}],"wp:attachment":[{"href":"https:\/\/www.daisho.be\/es\/wp-json\/wp\/v2\/media?parent=352249"}],"wp:term":[{"taxonomy":"product_brand","embeddable":true,"href":"https:\/\/www.daisho.be\/es\/wp-json\/wp\/v2\/product_brand?post=352249"},{"taxonomy":"product_cat","embeddable":true,"href":"https:\/\/www.daisho.be\/es\/wp-json\/wp\/v2\/product_cat?post=352249"},{"taxonomy":"product_tag","embeddable":true,"href":"https:\/\/www.daisho.be\/es\/wp-json\/wp\/v2\/product_tag?post=352249"},{"taxonomy":"sport","embeddable":true,"href":"https:\/\/www.daisho.be\/es\/wp-json\/wp\/v2\/sport?post=352249"}],"curies":[{"name":"wp","href":"https:\/\/api.w.org\/{rel}","templated":true}]}}