{"id":352220,"date":"2021-08-25T23:22:47","date_gmt":"2021-08-25T21:22:47","guid":{"rendered":"https:\/\/www.daisho.be\/produit\/balon-de-boxeo-adidas-de-doble-punta\/"},"modified":"2025-03-04T10:42:21","modified_gmt":"2025-03-04T09:42:21","slug":"balon-de-boxeo-adidas-de-doble-punta","status":"publish","type":"product","link":"https:\/\/www.daisho.be\/es\/produit\/balon-de-boxeo-adidas-de-doble-punta\/","title":{"rendered":"Bal\u00f3n de boxeo Adidas de doble punta"},"content":{"rendered":"<p>Este bal\u00f3n de doble punta est\u00e1 fabricado en cuero artificial. Este art\u00edculo es adecuado para entrenar tu tiempo de reacci\u00f3n, coordinaci\u00f3n y velocidad.<br \/>\nEste saco de boxeo de doble punta es adecuado para cualquiera que desee mejorar su t\u00e9cnica, velocidad y coordinaci\u00f3n.<br \/>\nDimensiones : El saco de boxeo mide 35 cm de alto y 20 cm de di\u00e1metro.<br \/>\nLas ventajas son:<br \/>\n&#8211; perfecto para tu t\u00e9cnica<br \/>\n&#8211; ideal para la reactividad, la coordinaci\u00f3n y la velocidad &#8211;<br \/>\nmaterial robusto<\/p>\n","protected":false},"excerpt":{"rendered":"<p>Este bal\u00f3n de doble punta est\u00e1 fabricado en cuero artificial. Este art\u00edculo es adecuado para entrenar tu tiempo de reacci\u00f3n, coordinaci\u00f3n y velocidad. Este saco de boxeo de doble punta es adecuado para cualquiera que desee mejorar su t\u00e9cnica, velocidad y coordinaci\u00f3n. Dimensiones : El saco de boxeo mide 35 cm de alto y 20 [&hellip;]<\/p>\n","protected":false},"featured_media":326470,"comment_status":"open","ping_status":"closed","template":"","meta":{"inline_featured_image":false},"product_brand":[],"product_cat":[1632,1671,1634,1633],"product_tag":[1560],"sport":[],"class_list":{"0":"post-352220","1":"product","2":"type-product","3":"status-publish","4":"has-post-thumbnail","6":"product_cat-sacos-de-boxeo-y-accesorios-de-entrenamiento","7":"product_cat-sacos-de-boxeo-y-accesorios-de-entrenamiento-es-2","8":"product_cat-sacos-de-boxeo-y-accesorios-de-entrenamiento-es","9":"product_cat-sacos-de-boxeo-y-accesorios-de-entrenamiento-de-taekwondo-adidas","10":"product_tag-adidas-es","11":"product_shipping_class-productos-voluminosos","12":"pa_size-sans-taille","14":"first","15":"instock","16":"taxable","17":"shipping-taxable","18":"purchasable","19":"product-type-variable"},"yoast_head":"<!-- This site is optimized with the Yoast SEO plugin v27.2 - https:\/\/yoast.com\/product\/yoast-seo-wordpress\/ -->\n<title>Bal\u00f3n de boxeo Adidas de doble punta &#8211; Daisho<\/title>\n<meta name=\"description\" content=\"La pelota de boxeo de doble punta est\u00e1 dise\u00f1ada para mejorar la velocidad y el tiempo de reacci\u00f3n. C\u00f3mpralo en www.daisho.be|Daisho\" \/>\n<meta name=\"robots\" content=\"index, follow, max-snippet:-1, max-image-preview:large, max-video-preview:-1\" \/>\n<link rel=\"canonical\" href=\"https:\/\/www.daisho.be\/es\/produit\/balon-de-boxeo-adidas-de-doble-punta\/\" \/>\n<meta property=\"og:locale\" content=\"es_ES\" \/>\n<meta property=\"og:type\" content=\"article\" \/>\n<meta property=\"og:title\" content=\"Bal\u00f3n de boxeo Adidas de doble punta &#8211; Daisho\" \/>\n<meta property=\"og:description\" content=\"La pelota de boxeo de doble punta est\u00e1 dise\u00f1ada para mejorar la velocidad y el tiempo de reacci\u00f3n. C\u00f3mpralo en www.daisho.be|Daisho\" \/>\n<meta property=\"og:url\" content=\"https:\/\/www.daisho.be\/es\/produit\/balon-de-boxeo-adidas-de-doble-punta\/\" \/>\n<meta property=\"og:site_name\" content=\"Daisho\" \/>\n<meta property=\"article:modified_time\" content=\"2025-03-04T09:42:21+00:00\" \/>\n<meta property=\"og:image\" content=\"https:\/\/www.daisho.be\/wp-content\/uploads\/2021\/08\/image-57.jpg\" \/>\n\t<meta property=\"og:image:width\" content=\"500\" \/>\n\t<meta property=\"og:image:height\" content=\"400\" \/>\n\t<meta property=\"og:image:type\" content=\"image\/jpeg\" \/>\n<meta name=\"twitter:card\" content=\"summary_large_image\" \/>\n<script type=\"application\/ld+json\" class=\"yoast-schema-graph\">{\"@context\":\"https:\/\/schema.org\",\"@graph\":[{\"@type\":\"WebPage\",\"@id\":\"https:\/\/www.daisho.be\/es\/produit\/balon-de-boxeo-adidas-de-doble-punta\/\",\"url\":\"https:\/\/www.daisho.be\/es\/produit\/balon-de-boxeo-adidas-de-doble-punta\/\",\"name\":\"Bal\u00f3n de boxeo Adidas de doble punta &#8211; Daisho\",\"isPartOf\":{\"@id\":\"https:\/\/www.daisho.be\/es\/#website\"},\"primaryImageOfPage\":{\"@id\":\"https:\/\/www.daisho.be\/es\/produit\/balon-de-boxeo-adidas-de-doble-punta\/#primaryimage\"},\"image\":{\"@id\":\"https:\/\/www.daisho.be\/es\/produit\/balon-de-boxeo-adidas-de-doble-punta\/#primaryimage\"},\"thumbnailUrl\":\"https:\/\/www.daisho.be\/wp-content\/uploads\/2021\/08\/image-57.jpg\",\"datePublished\":\"2021-08-25T21:22:47+00:00\",\"dateModified\":\"2025-03-04T09:42:21+00:00\",\"description\":\"La pelota de boxeo de doble punta est\u00e1 dise\u00f1ada para mejorar la velocidad y el tiempo de reacci\u00f3n. C\u00f3mpralo en www.daisho.be|Daisho\",\"breadcrumb\":{\"@id\":\"https:\/\/www.daisho.be\/es\/produit\/balon-de-boxeo-adidas-de-doble-punta\/#breadcrumb\"},\"inLanguage\":\"es\",\"potentialAction\":[{\"@type\":\"ReadAction\",\"target\":[\"https:\/\/www.daisho.be\/es\/produit\/balon-de-boxeo-adidas-de-doble-punta\/\"]}]},{\"@type\":\"ImageObject\",\"inLanguage\":\"es\",\"@id\":\"https:\/\/www.daisho.be\/es\/produit\/balon-de-boxeo-adidas-de-doble-punta\/#primaryimage\",\"url\":\"https:\/\/www.daisho.be\/wp-content\/uploads\/2021\/08\/image-57.jpg\",\"contentUrl\":\"https:\/\/www.daisho.be\/wp-content\/uploads\/2021\/08\/image-57.jpg\",\"width\":500,\"height\":400,\"caption\":\"Bal\u00f3n de boxeo Adidas de doble punta-1\"},{\"@type\":\"BreadcrumbList\",\"@id\":\"https:\/\/www.daisho.be\/es\/produit\/balon-de-boxeo-adidas-de-doble-punta\/#breadcrumb\",\"itemListElement\":[{\"@type\":\"ListItem\",\"position\":1,\"name\":\"Accueil\",\"item\":\"https:\/\/www.daisho.be\/es\/\"},{\"@type\":\"ListItem\",\"position\":2,\"name\":\"Productos\",\"item\":\"https:\/\/www.daisho.be\/es\/productos\/\"},{\"@type\":\"ListItem\",\"position\":3,\"name\":\"ADIDAS COMBAT SPORTS\",\"item\":\"https:\/\/www.daisho.be\/es\/categorie-produit\/adidas-combat-sports-es\/\"},{\"@type\":\"ListItem\",\"position\":4,\"name\":\"Kick-Boxing\",\"item\":\"https:\/\/www.daisho.be\/es\/categorie-produit\/adidas-combat-sports-es\/kick-boxing-es-2\/\"},{\"@type\":\"ListItem\",\"position\":5,\"name\":\"Sacos de boxeo y accesorios de entrenamiento\",\"item\":\"https:\/\/www.daisho.be\/es\/categorie-produit\/adidas-combat-sports-es\/kick-boxing-es-2\/sacos-de-boxeo-y-accesorios-de-entrenamiento-es-2\/\"},{\"@type\":\"ListItem\",\"position\":6,\"name\":\"Bal\u00f3n de boxeo Adidas de doble punta\"}]},{\"@type\":\"WebSite\",\"@id\":\"https:\/\/www.daisho.be\/es\/#website\",\"url\":\"https:\/\/www.daisho.be\/es\/\",\"name\":\"Daisho\",\"description\":\"Sp&eacute;cialiste de l'&eacute;quipement sportif d'arts martiaux\",\"publisher\":{\"@id\":\"https:\/\/www.daisho.be\/es\/#organization\"},\"potentialAction\":[{\"@type\":\"SearchAction\",\"target\":{\"@type\":\"EntryPoint\",\"urlTemplate\":\"https:\/\/www.daisho.be\/es\/?s={search_term_string}\"},\"query-input\":{\"@type\":\"PropertyValueSpecification\",\"valueRequired\":true,\"valueName\":\"search_term_string\"}}],\"inLanguage\":\"es\"},{\"@type\":\"Organization\",\"@id\":\"https:\/\/www.daisho.be\/es\/#organization\",\"name\":\"Daisho\",\"url\":\"https:\/\/www.daisho.be\/es\/\",\"logo\":{\"@type\":\"ImageObject\",\"inLanguage\":\"es\",\"@id\":\"https:\/\/www.daisho.be\/es\/#\/schema\/logo\/image\/\",\"url\":\"https:\/\/www.daisho.be\/wp-content\/uploads\/2019\/07\/color-nothing-horizontale4x-e1564486100247.png\",\"contentUrl\":\"https:\/\/www.daisho.be\/wp-content\/uploads\/2019\/07\/color-nothing-horizontale4x-e1564486100247.png\",\"width\":1547,\"height\":385,\"caption\":\"Daisho\"},\"image\":{\"@id\":\"https:\/\/www.daisho.be\/es\/#\/schema\/logo\/image\/\"}}]}<\/script>\n<!-- \/ Yoast SEO plugin. -->","yoast_head_json":{"title":"Bal\u00f3n de boxeo Adidas de doble punta &#8211; Daisho","description":"La pelota de boxeo de doble punta est\u00e1 dise\u00f1ada para mejorar la velocidad y el tiempo de reacci\u00f3n. C\u00f3mpralo en www.daisho.be|Daisho","robots":{"index":"index","follow":"follow","max-snippet":"max-snippet:-1","max-image-preview":"max-image-preview:large","max-video-preview":"max-video-preview:-1"},"canonical":"https:\/\/www.daisho.be\/es\/produit\/balon-de-boxeo-adidas-de-doble-punta\/","og_locale":"es_ES","og_type":"article","og_title":"Bal\u00f3n de boxeo Adidas de doble punta &#8211; Daisho","og_description":"La pelota de boxeo de doble punta est\u00e1 dise\u00f1ada para mejorar la velocidad y el tiempo de reacci\u00f3n. C\u00f3mpralo en www.daisho.be|Daisho","og_url":"https:\/\/www.daisho.be\/es\/produit\/balon-de-boxeo-adidas-de-doble-punta\/","og_site_name":"Daisho","article_modified_time":"2025-03-04T09:42:21+00:00","og_image":[{"width":500,"height":400,"url":"https:\/\/www.daisho.be\/wp-content\/uploads\/2021\/08\/image-57.jpg","type":"image\/jpeg"}],"twitter_card":"summary_large_image","schema":{"@context":"https:\/\/schema.org","@graph":[{"@type":"WebPage","@id":"https:\/\/www.daisho.be\/es\/produit\/balon-de-boxeo-adidas-de-doble-punta\/","url":"https:\/\/www.daisho.be\/es\/produit\/balon-de-boxeo-adidas-de-doble-punta\/","name":"Bal\u00f3n de boxeo Adidas de doble punta &#8211; Daisho","isPartOf":{"@id":"https:\/\/www.daisho.be\/es\/#website"},"primaryImageOfPage":{"@id":"https:\/\/www.daisho.be\/es\/produit\/balon-de-boxeo-adidas-de-doble-punta\/#primaryimage"},"image":{"@id":"https:\/\/www.daisho.be\/es\/produit\/balon-de-boxeo-adidas-de-doble-punta\/#primaryimage"},"thumbnailUrl":"https:\/\/www.daisho.be\/wp-content\/uploads\/2021\/08\/image-57.jpg","datePublished":"2021-08-25T21:22:47+00:00","dateModified":"2025-03-04T09:42:21+00:00","description":"La pelota de boxeo de doble punta est\u00e1 dise\u00f1ada para mejorar la velocidad y el tiempo de reacci\u00f3n. C\u00f3mpralo en www.daisho.be|Daisho","breadcrumb":{"@id":"https:\/\/www.daisho.be\/es\/produit\/balon-de-boxeo-adidas-de-doble-punta\/#breadcrumb"},"inLanguage":"es","potentialAction":[{"@type":"ReadAction","target":["https:\/\/www.daisho.be\/es\/produit\/balon-de-boxeo-adidas-de-doble-punta\/"]}]},{"@type":"ImageObject","inLanguage":"es","@id":"https:\/\/www.daisho.be\/es\/produit\/balon-de-boxeo-adidas-de-doble-punta\/#primaryimage","url":"https:\/\/www.daisho.be\/wp-content\/uploads\/2021\/08\/image-57.jpg","contentUrl":"https:\/\/www.daisho.be\/wp-content\/uploads\/2021\/08\/image-57.jpg","width":500,"height":400,"caption":"Bal\u00f3n de boxeo Adidas de doble punta-1"},{"@type":"BreadcrumbList","@id":"https:\/\/www.daisho.be\/es\/produit\/balon-de-boxeo-adidas-de-doble-punta\/#breadcrumb","itemListElement":[{"@type":"ListItem","position":1,"name":"Accueil","item":"https:\/\/www.daisho.be\/es\/"},{"@type":"ListItem","position":2,"name":"Productos","item":"https:\/\/www.daisho.be\/es\/productos\/"},{"@type":"ListItem","position":3,"name":"ADIDAS COMBAT SPORTS","item":"https:\/\/www.daisho.be\/es\/categorie-produit\/adidas-combat-sports-es\/"},{"@type":"ListItem","position":4,"name":"Kick-Boxing","item":"https:\/\/www.daisho.be\/es\/categorie-produit\/adidas-combat-sports-es\/kick-boxing-es-2\/"},{"@type":"ListItem","position":5,"name":"Sacos de boxeo y accesorios de entrenamiento","item":"https:\/\/www.daisho.be\/es\/categorie-produit\/adidas-combat-sports-es\/kick-boxing-es-2\/sacos-de-boxeo-y-accesorios-de-entrenamiento-es-2\/"},{"@type":"ListItem","position":6,"name":"Bal\u00f3n de boxeo Adidas de doble punta"}]},{"@type":"WebSite","@id":"https:\/\/www.daisho.be\/es\/#website","url":"https:\/\/www.daisho.be\/es\/","name":"Daisho","description":"Sp&eacute;cialiste de l'&eacute;quipement sportif d'arts martiaux","publisher":{"@id":"https:\/\/www.daisho.be\/es\/#organization"},"potentialAction":[{"@type":"SearchAction","target":{"@type":"EntryPoint","urlTemplate":"https:\/\/www.daisho.be\/es\/?s={search_term_string}"},"query-input":{"@type":"PropertyValueSpecification","valueRequired":true,"valueName":"search_term_string"}}],"inLanguage":"es"},{"@type":"Organization","@id":"https:\/\/www.daisho.be\/es\/#organization","name":"Daisho","url":"https:\/\/www.daisho.be\/es\/","logo":{"@type":"ImageObject","inLanguage":"es","@id":"https:\/\/www.daisho.be\/es\/#\/schema\/logo\/image\/","url":"https:\/\/www.daisho.be\/wp-content\/uploads\/2019\/07\/color-nothing-horizontale4x-e1564486100247.png","contentUrl":"https:\/\/www.daisho.be\/wp-content\/uploads\/2019\/07\/color-nothing-horizontale4x-e1564486100247.png","width":1547,"height":385,"caption":"Daisho"},"image":{"@id":"https:\/\/www.daisho.be\/es\/#\/schema\/logo\/image\/"}}]}},"_links":{"self":[{"href":"https:\/\/www.daisho.be\/es\/wp-json\/wp\/v2\/product\/352220","targetHints":{"allow":["GET"]}}],"collection":[{"href":"https:\/\/www.daisho.be\/es\/wp-json\/wp\/v2\/product"}],"about":[{"href":"https:\/\/www.daisho.be\/es\/wp-json\/wp\/v2\/types\/product"}],"replies":[{"embeddable":true,"href":"https:\/\/www.daisho.be\/es\/wp-json\/wp\/v2\/comments?post=352220"}],"wp:featuredmedia":[{"embeddable":true,"href":"https:\/\/www.daisho.be\/es\/wp-json\/wp\/v2\/media\/326470"}],"wp:attachment":[{"href":"https:\/\/www.daisho.be\/es\/wp-json\/wp\/v2\/media?parent=352220"}],"wp:term":[{"taxonomy":"product_brand","embeddable":true,"href":"https:\/\/www.daisho.be\/es\/wp-json\/wp\/v2\/product_brand?post=352220"},{"taxonomy":"product_cat","embeddable":true,"href":"https:\/\/www.daisho.be\/es\/wp-json\/wp\/v2\/product_cat?post=352220"},{"taxonomy":"product_tag","embeddable":true,"href":"https:\/\/www.daisho.be\/es\/wp-json\/wp\/v2\/product_tag?post=352220"},{"taxonomy":"sport","embeddable":true,"href":"https:\/\/www.daisho.be\/es\/wp-json\/wp\/v2\/sport?post=352220"}],"curies":[{"name":"wp","href":"https:\/\/api.w.org\/{rel}","templated":true}]}}