{"id":352130,"date":"2021-07-21T19:11:16","date_gmt":"2021-07-21T17:11:16","guid":{"rendered":"https:\/\/www.daisho.be\/produit\/camiseta-adidas-boxing-community-gris-azul-nino\/"},"modified":"2025-10-09T14:13:22","modified_gmt":"2025-10-09T12:13:22","slug":"camiseta-adidas-boxing-community-gris-azul-nino","status":"publish","type":"product","link":"https:\/\/www.daisho.be\/es\/produit\/camiseta-adidas-boxing-community-gris-azul-nino\/","title":{"rendered":"Camiseta adidas Boxing Community Gris\/Azul Ni\u00f1o"},"content":{"rendered":"<p>La marca adidas es, por supuesto, un nombre familiar. Son l\u00edderes del mercado en muchos deportes y tambi\u00e9n se han sumergido en las artes marciales con total dedicaci\u00f3n. Productos fabricados y desarrollados con gran experiencia profesional. Piensa en campeones del mundo en diferentes disciplinas de artes marciales.<br \/>\nCamiseta Adidas \u00fanica en 100% algod\u00f3n. La camiseta tiene un bonito corte entallado, por lo que se ajusta perfectamente al cuerpo. Puede utilizarse tanto para hacer deporte como para ropa informal. En la parte delantera aparece el logotipo de adidas con el texto *ADIDAS COMBAT SPORTS*. La camiseta de adidas es de primera calidad, como cabe esperar de adidas.<br \/>\nVentajas:<br \/>\n&#8211; dise\u00f1o \u00fanico<br \/>\n&#8211; 100% algod\u00f3n<br \/>\n&#8211; robusta y duradera<br \/>\n&#8211; corte entallado<\/p>\n","protected":false},"excerpt":{"rendered":"<p>La marca adidas es, por supuesto, un nombre familiar. Son l\u00edderes del mercado en muchos deportes y tambi\u00e9n se han sumergido en las artes marciales con total dedicaci\u00f3n. Productos fabricados y desarrollados con gran experiencia profesional. Piensa en campeones del mundo en diferentes disciplinas de artes marciales. Camiseta Adidas \u00fanica en 100% algod\u00f3n. La camiseta [&hellip;]<\/p>\n","protected":false},"featured_media":325861,"comment_status":"closed","ping_status":"closed","template":"","meta":{"inline_featured_image":false},"product_brand":[],"product_cat":[1601,1602,1626,1581],"product_tag":[1560],"sport":[],"class_list":{"0":"post-352130","1":"product","2":"type-product","3":"status-publish","4":"has-post-thumbnail","6":"product_cat-adidas-combat-sports-es","7":"product_cat-deportes-de-combate-es","8":"product_cat-ropa-de-boxeo-adidas","9":"product_cat-ropa-deportiva-de-combate-adidas","10":"product_tag-adidas-es","11":"pa_size-140-8-ans","12":"pa_size-152-10-ans","13":"pa_size-164-12-ans","14":"pa_size-s","15":"pa_size-xs","17":"first","18":"instock","19":"taxable","20":"shipping-taxable","21":"purchasable","22":"product-type-variable"},"yoast_head":"<!-- This site is optimized with the Yoast SEO plugin v27.2 - https:\/\/yoast.com\/product\/yoast-seo-wordpress\/ -->\n<title>Camiseta adidas Boxing Community Gris\/Azul Ni\u00f1o &#8211; Daisho<\/title>\n<meta name=\"description\" content=\"Descubre la camiseta comunitaria Adidas que combina comodidad y estilo para tus salidas diarias y sesiones de entrenamiento. C\u00f3mprala en www.daisho.be|Daisho\" \/>\n<meta name=\"robots\" content=\"index, follow, max-snippet:-1, max-image-preview:large, max-video-preview:-1\" \/>\n<link rel=\"canonical\" href=\"https:\/\/www.daisho.be\/es\/produit\/camiseta-adidas-boxing-community-gris-azul-nino\/\" \/>\n<meta property=\"og:locale\" content=\"es_ES\" \/>\n<meta property=\"og:type\" content=\"article\" \/>\n<meta property=\"og:title\" content=\"Camiseta adidas Boxing Community Gris\/Azul Ni\u00f1o &#8211; Daisho\" \/>\n<meta property=\"og:description\" content=\"Descubre la camiseta comunitaria Adidas que combina comodidad y estilo para tus salidas diarias y sesiones de entrenamiento. C\u00f3mprala en www.daisho.be|Daisho\" \/>\n<meta property=\"og:url\" content=\"https:\/\/www.daisho.be\/es\/produit\/camiseta-adidas-boxing-community-gris-azul-nino\/\" \/>\n<meta property=\"og:site_name\" content=\"Daisho\" \/>\n<meta property=\"article:modified_time\" content=\"2025-10-09T12:13:22+00:00\" \/>\n<meta property=\"og:image\" content=\"https:\/\/www.daisho.be\/wp-content\/uploads\/2021\/07\/image-298.jpg\" \/>\n\t<meta property=\"og:image:width\" content=\"650\" \/>\n\t<meta property=\"og:image:height\" content=\"650\" \/>\n\t<meta property=\"og:image:type\" content=\"image\/jpeg\" \/>\n<meta name=\"twitter:card\" content=\"summary_large_image\" \/>\n<meta name=\"twitter:label1\" content=\"Tiempo de lectura\" \/>\n\t<meta name=\"twitter:data1\" content=\"1 minuto\" \/>\n<script type=\"application\/ld+json\" class=\"yoast-schema-graph\">{\"@context\":\"https:\/\/schema.org\",\"@graph\":[{\"@type\":\"WebPage\",\"@id\":\"https:\/\/www.daisho.be\/es\/produit\/camiseta-adidas-boxing-community-gris-azul-nino\/\",\"url\":\"https:\/\/www.daisho.be\/es\/produit\/camiseta-adidas-boxing-community-gris-azul-nino\/\",\"name\":\"Camiseta adidas Boxing Community Gris\/Azul Ni\u00f1o &#8211; Daisho\",\"isPartOf\":{\"@id\":\"https:\/\/www.daisho.be\/es\/#website\"},\"primaryImageOfPage\":{\"@id\":\"https:\/\/www.daisho.be\/es\/produit\/camiseta-adidas-boxing-community-gris-azul-nino\/#primaryimage\"},\"image\":{\"@id\":\"https:\/\/www.daisho.be\/es\/produit\/camiseta-adidas-boxing-community-gris-azul-nino\/#primaryimage\"},\"thumbnailUrl\":\"https:\/\/www.daisho.be\/wp-content\/uploads\/2021\/07\/image-298.jpg\",\"datePublished\":\"2021-07-21T17:11:16+00:00\",\"dateModified\":\"2025-10-09T12:13:22+00:00\",\"description\":\"Descubre la camiseta comunitaria Adidas que combina comodidad y estilo para tus salidas diarias y sesiones de entrenamiento. C\u00f3mprala en www.daisho.be|Daisho\",\"breadcrumb\":{\"@id\":\"https:\/\/www.daisho.be\/es\/produit\/camiseta-adidas-boxing-community-gris-azul-nino\/#breadcrumb\"},\"inLanguage\":\"es\",\"potentialAction\":[{\"@type\":\"ReadAction\",\"target\":[\"https:\/\/www.daisho.be\/es\/produit\/camiseta-adidas-boxing-community-gris-azul-nino\/\"]}]},{\"@type\":\"ImageObject\",\"inLanguage\":\"es\",\"@id\":\"https:\/\/www.daisho.be\/es\/produit\/camiseta-adidas-boxing-community-gris-azul-nino\/#primaryimage\",\"url\":\"https:\/\/www.daisho.be\/wp-content\/uploads\/2021\/07\/image-298.jpg\",\"contentUrl\":\"https:\/\/www.daisho.be\/wp-content\/uploads\/2021\/07\/image-298.jpg\",\"width\":650,\"height\":650,\"caption\":\"Camiseta adidas Boxing Community Gris\/Azul Ni\u00f1o-1\"},{\"@type\":\"BreadcrumbList\",\"@id\":\"https:\/\/www.daisho.be\/es\/produit\/camiseta-adidas-boxing-community-gris-azul-nino\/#breadcrumb\",\"itemListElement\":[{\"@type\":\"ListItem\",\"position\":1,\"name\":\"Accueil\",\"item\":\"https:\/\/www.daisho.be\/es\/\"},{\"@type\":\"ListItem\",\"position\":2,\"name\":\"Productos\",\"item\":\"https:\/\/www.daisho.be\/es\/productos\/\"},{\"@type\":\"ListItem\",\"position\":3,\"name\":\"ADIDAS COMBAT SPORTS\",\"item\":\"https:\/\/www.daisho.be\/es\/categorie-produit\/adidas-combat-sports-es\/\"},{\"@type\":\"ListItem\",\"position\":4,\"name\":\"Camiseta adidas Boxing Community Gris\/Azul Ni\u00f1o\"}]},{\"@type\":\"WebSite\",\"@id\":\"https:\/\/www.daisho.be\/es\/#website\",\"url\":\"https:\/\/www.daisho.be\/es\/\",\"name\":\"Daisho\",\"description\":\"Sp&eacute;cialiste de l'&eacute;quipement sportif d'arts martiaux\",\"publisher\":{\"@id\":\"https:\/\/www.daisho.be\/es\/#organization\"},\"potentialAction\":[{\"@type\":\"SearchAction\",\"target\":{\"@type\":\"EntryPoint\",\"urlTemplate\":\"https:\/\/www.daisho.be\/es\/?s={search_term_string}\"},\"query-input\":{\"@type\":\"PropertyValueSpecification\",\"valueRequired\":true,\"valueName\":\"search_term_string\"}}],\"inLanguage\":\"es\"},{\"@type\":\"Organization\",\"@id\":\"https:\/\/www.daisho.be\/es\/#organization\",\"name\":\"Daisho\",\"url\":\"https:\/\/www.daisho.be\/es\/\",\"logo\":{\"@type\":\"ImageObject\",\"inLanguage\":\"es\",\"@id\":\"https:\/\/www.daisho.be\/es\/#\/schema\/logo\/image\/\",\"url\":\"https:\/\/www.daisho.be\/wp-content\/uploads\/2019\/07\/color-nothing-horizontale4x-e1564486100247.png\",\"contentUrl\":\"https:\/\/www.daisho.be\/wp-content\/uploads\/2019\/07\/color-nothing-horizontale4x-e1564486100247.png\",\"width\":1547,\"height\":385,\"caption\":\"Daisho\"},\"image\":{\"@id\":\"https:\/\/www.daisho.be\/es\/#\/schema\/logo\/image\/\"}}]}<\/script>\n<!-- \/ Yoast SEO plugin. -->","yoast_head_json":{"title":"Camiseta adidas Boxing Community Gris\/Azul Ni\u00f1o &#8211; Daisho","description":"Descubre la camiseta comunitaria Adidas que combina comodidad y estilo para tus salidas diarias y sesiones de entrenamiento. C\u00f3mprala en www.daisho.be|Daisho","robots":{"index":"index","follow":"follow","max-snippet":"max-snippet:-1","max-image-preview":"max-image-preview:large","max-video-preview":"max-video-preview:-1"},"canonical":"https:\/\/www.daisho.be\/es\/produit\/camiseta-adidas-boxing-community-gris-azul-nino\/","og_locale":"es_ES","og_type":"article","og_title":"Camiseta adidas Boxing Community Gris\/Azul Ni\u00f1o &#8211; Daisho","og_description":"Descubre la camiseta comunitaria Adidas que combina comodidad y estilo para tus salidas diarias y sesiones de entrenamiento. C\u00f3mprala en www.daisho.be|Daisho","og_url":"https:\/\/www.daisho.be\/es\/produit\/camiseta-adidas-boxing-community-gris-azul-nino\/","og_site_name":"Daisho","article_modified_time":"2025-10-09T12:13:22+00:00","og_image":[{"width":650,"height":650,"url":"https:\/\/www.daisho.be\/wp-content\/uploads\/2021\/07\/image-298.jpg","type":"image\/jpeg"}],"twitter_card":"summary_large_image","twitter_misc":{"Tiempo de lectura":"1 minuto"},"schema":{"@context":"https:\/\/schema.org","@graph":[{"@type":"WebPage","@id":"https:\/\/www.daisho.be\/es\/produit\/camiseta-adidas-boxing-community-gris-azul-nino\/","url":"https:\/\/www.daisho.be\/es\/produit\/camiseta-adidas-boxing-community-gris-azul-nino\/","name":"Camiseta adidas Boxing Community Gris\/Azul Ni\u00f1o &#8211; Daisho","isPartOf":{"@id":"https:\/\/www.daisho.be\/es\/#website"},"primaryImageOfPage":{"@id":"https:\/\/www.daisho.be\/es\/produit\/camiseta-adidas-boxing-community-gris-azul-nino\/#primaryimage"},"image":{"@id":"https:\/\/www.daisho.be\/es\/produit\/camiseta-adidas-boxing-community-gris-azul-nino\/#primaryimage"},"thumbnailUrl":"https:\/\/www.daisho.be\/wp-content\/uploads\/2021\/07\/image-298.jpg","datePublished":"2021-07-21T17:11:16+00:00","dateModified":"2025-10-09T12:13:22+00:00","description":"Descubre la camiseta comunitaria Adidas que combina comodidad y estilo para tus salidas diarias y sesiones de entrenamiento. C\u00f3mprala en www.daisho.be|Daisho","breadcrumb":{"@id":"https:\/\/www.daisho.be\/es\/produit\/camiseta-adidas-boxing-community-gris-azul-nino\/#breadcrumb"},"inLanguage":"es","potentialAction":[{"@type":"ReadAction","target":["https:\/\/www.daisho.be\/es\/produit\/camiseta-adidas-boxing-community-gris-azul-nino\/"]}]},{"@type":"ImageObject","inLanguage":"es","@id":"https:\/\/www.daisho.be\/es\/produit\/camiseta-adidas-boxing-community-gris-azul-nino\/#primaryimage","url":"https:\/\/www.daisho.be\/wp-content\/uploads\/2021\/07\/image-298.jpg","contentUrl":"https:\/\/www.daisho.be\/wp-content\/uploads\/2021\/07\/image-298.jpg","width":650,"height":650,"caption":"Camiseta adidas Boxing Community Gris\/Azul Ni\u00f1o-1"},{"@type":"BreadcrumbList","@id":"https:\/\/www.daisho.be\/es\/produit\/camiseta-adidas-boxing-community-gris-azul-nino\/#breadcrumb","itemListElement":[{"@type":"ListItem","position":1,"name":"Accueil","item":"https:\/\/www.daisho.be\/es\/"},{"@type":"ListItem","position":2,"name":"Productos","item":"https:\/\/www.daisho.be\/es\/productos\/"},{"@type":"ListItem","position":3,"name":"ADIDAS COMBAT SPORTS","item":"https:\/\/www.daisho.be\/es\/categorie-produit\/adidas-combat-sports-es\/"},{"@type":"ListItem","position":4,"name":"Camiseta adidas Boxing Community Gris\/Azul Ni\u00f1o"}]},{"@type":"WebSite","@id":"https:\/\/www.daisho.be\/es\/#website","url":"https:\/\/www.daisho.be\/es\/","name":"Daisho","description":"Sp&eacute;cialiste de l'&eacute;quipement sportif d'arts martiaux","publisher":{"@id":"https:\/\/www.daisho.be\/es\/#organization"},"potentialAction":[{"@type":"SearchAction","target":{"@type":"EntryPoint","urlTemplate":"https:\/\/www.daisho.be\/es\/?s={search_term_string}"},"query-input":{"@type":"PropertyValueSpecification","valueRequired":true,"valueName":"search_term_string"}}],"inLanguage":"es"},{"@type":"Organization","@id":"https:\/\/www.daisho.be\/es\/#organization","name":"Daisho","url":"https:\/\/www.daisho.be\/es\/","logo":{"@type":"ImageObject","inLanguage":"es","@id":"https:\/\/www.daisho.be\/es\/#\/schema\/logo\/image\/","url":"https:\/\/www.daisho.be\/wp-content\/uploads\/2019\/07\/color-nothing-horizontale4x-e1564486100247.png","contentUrl":"https:\/\/www.daisho.be\/wp-content\/uploads\/2019\/07\/color-nothing-horizontale4x-e1564486100247.png","width":1547,"height":385,"caption":"Daisho"},"image":{"@id":"https:\/\/www.daisho.be\/es\/#\/schema\/logo\/image\/"}}]}},"_links":{"self":[{"href":"https:\/\/www.daisho.be\/es\/wp-json\/wp\/v2\/product\/352130","targetHints":{"allow":["GET"]}}],"collection":[{"href":"https:\/\/www.daisho.be\/es\/wp-json\/wp\/v2\/product"}],"about":[{"href":"https:\/\/www.daisho.be\/es\/wp-json\/wp\/v2\/types\/product"}],"replies":[{"embeddable":true,"href":"https:\/\/www.daisho.be\/es\/wp-json\/wp\/v2\/comments?post=352130"}],"wp:featuredmedia":[{"embeddable":true,"href":"https:\/\/www.daisho.be\/es\/wp-json\/wp\/v2\/media\/325861"}],"wp:attachment":[{"href":"https:\/\/www.daisho.be\/es\/wp-json\/wp\/v2\/media?parent=352130"}],"wp:term":[{"taxonomy":"product_brand","embeddable":true,"href":"https:\/\/www.daisho.be\/es\/wp-json\/wp\/v2\/product_brand?post=352130"},{"taxonomy":"product_cat","embeddable":true,"href":"https:\/\/www.daisho.be\/es\/wp-json\/wp\/v2\/product_cat?post=352130"},{"taxonomy":"product_tag","embeddable":true,"href":"https:\/\/www.daisho.be\/es\/wp-json\/wp\/v2\/product_tag?post=352130"},{"taxonomy":"sport","embeddable":true,"href":"https:\/\/www.daisho.be\/es\/wp-json\/wp\/v2\/sport?post=352130"}],"curies":[{"name":"wp","href":"https:\/\/api.w.org\/{rel}","templated":true}]}}