{"id":351480,"date":"2020-12-01T22:55:12","date_gmt":"2020-12-01T21:55:12","guid":{"rendered":"https:\/\/www.daisho.be\/produit\/karategi-adidas-k220-club\/"},"modified":"2025-12-24T08:30:09","modified_gmt":"2025-12-24T07:30:09","slug":"karategi-adidas-k220-club","status":"publish","type":"product","link":"https:\/\/www.daisho.be\/es\/produit\/karategi-adidas-k220-club\/","title":{"rendered":"KARATEGI ADIDAS K220 CLUB"},"content":{"rendered":"<p>El Adidas CLUB Karategi (K200C) es la elecci\u00f3n perfecta para principiantes y practicantes de k\u00e1rate de nivel intermedio.<br \/>\nEste kimono est\u00e1 dise\u00f1ado para ofrecer una excelente relaci\u00f3n calidad-precio, garantizando al mismo tiempo una comodidad \u00f3ptima durante tus sesiones de entrenamiento.<\/p>\n<p>Caracter\u00edsticas principales:<br \/>\nVersatilidad: Perfecto para el entrenamiento regular, este karategi es adecuado para diferentes niveles y estilos de pr\u00e1ctica.<br \/>\nComodidad: Fabricada con una mezcla de algod\u00f3n y poli\u00e9ster (60% poli\u00e9ster, 40% algod\u00f3n), tiene un tacto agradable sobre la piel y transpira bien.<br \/>\nDurabilidad: Los refuerzos en lugares estrat\u00e9gicos garantizan una mayor resistencia, incluso despu\u00e9s de muchos usos.<br \/>\nHomologaci\u00f3n de la WKF: Este karategi est\u00e1 homologado por la Federaci\u00f3n Mundial de Karate (WKF), lo que significa que cumple las normas internacionales y puede llevarse en competici\u00f3n.<br \/>\nDise\u00f1o cl\u00e1sico: El dise\u00f1o sobrio y eficaz de este karategi es una pieza atemporal que se adapta a todos los gustos.<\/p>\n<p>En resumen, la Adidas CLUB Karategi (K200C) es una elecci\u00f3n equilibrada para los karatekas que buscan un equipamiento fiable y asequible.<br \/>\nCombina comodidad, durabilidad y cumplimiento de las normas internacionales.<\/p>\n","protected":false},"excerpt":{"rendered":"<p>El Adidas CLUB Karategi (K200C) es la elecci\u00f3n perfecta para principiantes y practicantes de k\u00e1rate de nivel intermedio. Este kimono est\u00e1 dise\u00f1ado para ofrecer una excelente relaci\u00f3n calidad-precio, garantizando al mismo tiempo una comodidad \u00f3ptima durante tus sesiones de entrenamiento. Caracter\u00edsticas principales: Versatilidad: Perfecto para el entrenamiento regular, este karategi es adecuado para diferentes niveles [&hellip;]<\/p>\n","protected":false},"featured_media":437357,"comment_status":"open","ping_status":"closed","template":"","meta":{"inline_featured_image":false},"product_brand":[],"product_cat":[1561,1314,1311],"product_tag":[1560],"sport":[],"class_list":{"0":"post-351480","1":"product","2":"type-product","3":"status-publish","4":"has-post-thumbnail","6":"product_cat-kimono-karategi-adidas","7":"product_cat-kimonos-de-karate","8":"product_cat-trajes-kimonos","9":"product_tag-adidas-es","10":"pa_size-373","11":"pa_size-381","12":"pa_size-380","13":"pa_size-379","14":"pa_size-378","15":"pa_size-377","16":"pa_size-376","17":"pa_size-383","19":"first","20":"instock","21":"taxable","22":"shipping-taxable","23":"purchasable","24":"product-type-variable"},"yoast_head":"<!-- This site is optimized with the Yoast SEO plugin v27.2 - https:\/\/yoast.com\/product\/yoast-seo-wordpress\/ -->\n<title>KARATEGI ADIDAS K220 CLUB &#8211; Daisho<\/title>\n<meta name=\"description\" content=\"La Adidas Karategi K220 ofrece una excelente relaci\u00f3n calidad-precio. Est\u00e1 dise\u00f1ada para principiantes y niveles intermedios. C\u00f3mprala en www.daisho.be|Daisho\" \/>\n<meta name=\"robots\" content=\"index, follow, max-snippet:-1, max-image-preview:large, max-video-preview:-1\" \/>\n<link rel=\"canonical\" href=\"https:\/\/www.daisho.be\/es\/produit\/karategi-adidas-k220-club\/\" \/>\n<meta property=\"og:locale\" content=\"es_ES\" \/>\n<meta property=\"og:type\" content=\"article\" \/>\n<meta property=\"og:title\" content=\"KARATEGI ADIDAS K220 CLUB &#8211; Daisho\" \/>\n<meta property=\"og:description\" content=\"La Adidas Karategi K220 ofrece una excelente relaci\u00f3n calidad-precio. Est\u00e1 dise\u00f1ada para principiantes y niveles intermedios. C\u00f3mprala en www.daisho.be|Daisho\" \/>\n<meta property=\"og:url\" content=\"https:\/\/www.daisho.be\/es\/produit\/karategi-adidas-k220-club\/\" \/>\n<meta property=\"og:site_name\" content=\"Daisho\" \/>\n<meta property=\"article:modified_time\" content=\"2025-12-24T07:30:09+00:00\" \/>\n<meta property=\"og:image\" content=\"https:\/\/www.daisho.be\/wp-content\/uploads\/2024\/09\/image-52.png\" \/>\n\t<meta property=\"og:image:width\" content=\"500\" \/>\n\t<meta property=\"og:image:height\" content=\"709\" \/>\n\t<meta property=\"og:image:type\" content=\"image\/png\" \/>\n<meta name=\"twitter:card\" content=\"summary_large_image\" \/>\n<meta name=\"twitter:label1\" content=\"Tiempo de lectura\" \/>\n\t<meta name=\"twitter:data1\" content=\"1 minuto\" \/>\n<script type=\"application\/ld+json\" class=\"yoast-schema-graph\">{\"@context\":\"https:\/\/schema.org\",\"@graph\":[{\"@type\":\"WebPage\",\"@id\":\"https:\/\/www.daisho.be\/es\/produit\/karategi-adidas-k220-club\/\",\"url\":\"https:\/\/www.daisho.be\/es\/produit\/karategi-adidas-k220-club\/\",\"name\":\"KARATEGI ADIDAS K220 CLUB &#8211; Daisho\",\"isPartOf\":{\"@id\":\"https:\/\/www.daisho.be\/es\/#website\"},\"primaryImageOfPage\":{\"@id\":\"https:\/\/www.daisho.be\/es\/produit\/karategi-adidas-k220-club\/#primaryimage\"},\"image\":{\"@id\":\"https:\/\/www.daisho.be\/es\/produit\/karategi-adidas-k220-club\/#primaryimage\"},\"thumbnailUrl\":\"https:\/\/www.daisho.be\/wp-content\/uploads\/2024\/09\/image-52.png\",\"datePublished\":\"2020-12-01T21:55:12+00:00\",\"dateModified\":\"2025-12-24T07:30:09+00:00\",\"description\":\"La Adidas Karategi K220 ofrece una excelente relaci\u00f3n calidad-precio. Est\u00e1 dise\u00f1ada para principiantes y niveles intermedios. C\u00f3mprala en www.daisho.be|Daisho\",\"breadcrumb\":{\"@id\":\"https:\/\/www.daisho.be\/es\/produit\/karategi-adidas-k220-club\/#breadcrumb\"},\"inLanguage\":\"es\",\"potentialAction\":[{\"@type\":\"ReadAction\",\"target\":[\"https:\/\/www.daisho.be\/es\/produit\/karategi-adidas-k220-club\/\"]}]},{\"@type\":\"ImageObject\",\"inLanguage\":\"es\",\"@id\":\"https:\/\/www.daisho.be\/es\/produit\/karategi-adidas-k220-club\/#primaryimage\",\"url\":\"https:\/\/www.daisho.be\/wp-content\/uploads\/2024\/09\/image-52.png\",\"contentUrl\":\"https:\/\/www.daisho.be\/wp-content\/uploads\/2024\/09\/image-52.png\",\"width\":500,\"height\":709,\"caption\":\"KARATEGI ADIDAS K220 CLUB-1\"},{\"@type\":\"BreadcrumbList\",\"@id\":\"https:\/\/www.daisho.be\/es\/produit\/karategi-adidas-k220-club\/#breadcrumb\",\"itemListElement\":[{\"@type\":\"ListItem\",\"position\":1,\"name\":\"Accueil\",\"item\":\"https:\/\/www.daisho.be\/es\/\"},{\"@type\":\"ListItem\",\"position\":2,\"name\":\"Productos\",\"item\":\"https:\/\/www.daisho.be\/es\/productos\/\"},{\"@type\":\"ListItem\",\"position\":3,\"name\":\"ADIDAS COMBAT SPORTS\",\"item\":\"https:\/\/www.daisho.be\/es\/categorie-produit\/adidas-combat-sports-es\/\"},{\"@type\":\"ListItem\",\"position\":4,\"name\":\"Karate\",\"item\":\"https:\/\/www.daisho.be\/es\/categorie-produit\/adidas-combat-sports-es\/karate-es\/\"},{\"@type\":\"ListItem\",\"position\":5,\"name\":\"Kimono - Karategi Adidas\",\"item\":\"https:\/\/www.daisho.be\/es\/categorie-produit\/adidas-combat-sports-es\/karate-es\/kimono-karategi-adidas\/\"},{\"@type\":\"ListItem\",\"position\":6,\"name\":\"KARATEGI ADIDAS K220 CLUB\"}]},{\"@type\":\"WebSite\",\"@id\":\"https:\/\/www.daisho.be\/es\/#website\",\"url\":\"https:\/\/www.daisho.be\/es\/\",\"name\":\"Daisho\",\"description\":\"Sp&eacute;cialiste de l'&eacute;quipement sportif d'arts martiaux\",\"publisher\":{\"@id\":\"https:\/\/www.daisho.be\/es\/#organization\"},\"potentialAction\":[{\"@type\":\"SearchAction\",\"target\":{\"@type\":\"EntryPoint\",\"urlTemplate\":\"https:\/\/www.daisho.be\/es\/?s={search_term_string}\"},\"query-input\":{\"@type\":\"PropertyValueSpecification\",\"valueRequired\":true,\"valueName\":\"search_term_string\"}}],\"inLanguage\":\"es\"},{\"@type\":\"Organization\",\"@id\":\"https:\/\/www.daisho.be\/es\/#organization\",\"name\":\"Daisho\",\"url\":\"https:\/\/www.daisho.be\/es\/\",\"logo\":{\"@type\":\"ImageObject\",\"inLanguage\":\"es\",\"@id\":\"https:\/\/www.daisho.be\/es\/#\/schema\/logo\/image\/\",\"url\":\"https:\/\/www.daisho.be\/wp-content\/uploads\/2019\/07\/color-nothing-horizontale4x-e1564486100247.png\",\"contentUrl\":\"https:\/\/www.daisho.be\/wp-content\/uploads\/2019\/07\/color-nothing-horizontale4x-e1564486100247.png\",\"width\":1547,\"height\":385,\"caption\":\"Daisho\"},\"image\":{\"@id\":\"https:\/\/www.daisho.be\/es\/#\/schema\/logo\/image\/\"}}]}<\/script>\n<!-- \/ Yoast SEO plugin. -->","yoast_head_json":{"title":"KARATEGI ADIDAS K220 CLUB &#8211; Daisho","description":"La Adidas Karategi K220 ofrece una excelente relaci\u00f3n calidad-precio. Est\u00e1 dise\u00f1ada para principiantes y niveles intermedios. C\u00f3mprala en www.daisho.be|Daisho","robots":{"index":"index","follow":"follow","max-snippet":"max-snippet:-1","max-image-preview":"max-image-preview:large","max-video-preview":"max-video-preview:-1"},"canonical":"https:\/\/www.daisho.be\/es\/produit\/karategi-adidas-k220-club\/","og_locale":"es_ES","og_type":"article","og_title":"KARATEGI ADIDAS K220 CLUB &#8211; Daisho","og_description":"La Adidas Karategi K220 ofrece una excelente relaci\u00f3n calidad-precio. Est\u00e1 dise\u00f1ada para principiantes y niveles intermedios. C\u00f3mprala en www.daisho.be|Daisho","og_url":"https:\/\/www.daisho.be\/es\/produit\/karategi-adidas-k220-club\/","og_site_name":"Daisho","article_modified_time":"2025-12-24T07:30:09+00:00","og_image":[{"width":500,"height":709,"url":"https:\/\/www.daisho.be\/wp-content\/uploads\/2024\/09\/image-52.png","type":"image\/png"}],"twitter_card":"summary_large_image","twitter_misc":{"Tiempo de lectura":"1 minuto"},"schema":{"@context":"https:\/\/schema.org","@graph":[{"@type":"WebPage","@id":"https:\/\/www.daisho.be\/es\/produit\/karategi-adidas-k220-club\/","url":"https:\/\/www.daisho.be\/es\/produit\/karategi-adidas-k220-club\/","name":"KARATEGI ADIDAS K220 CLUB &#8211; Daisho","isPartOf":{"@id":"https:\/\/www.daisho.be\/es\/#website"},"primaryImageOfPage":{"@id":"https:\/\/www.daisho.be\/es\/produit\/karategi-adidas-k220-club\/#primaryimage"},"image":{"@id":"https:\/\/www.daisho.be\/es\/produit\/karategi-adidas-k220-club\/#primaryimage"},"thumbnailUrl":"https:\/\/www.daisho.be\/wp-content\/uploads\/2024\/09\/image-52.png","datePublished":"2020-12-01T21:55:12+00:00","dateModified":"2025-12-24T07:30:09+00:00","description":"La Adidas Karategi K220 ofrece una excelente relaci\u00f3n calidad-precio. Est\u00e1 dise\u00f1ada para principiantes y niveles intermedios. C\u00f3mprala en www.daisho.be|Daisho","breadcrumb":{"@id":"https:\/\/www.daisho.be\/es\/produit\/karategi-adidas-k220-club\/#breadcrumb"},"inLanguage":"es","potentialAction":[{"@type":"ReadAction","target":["https:\/\/www.daisho.be\/es\/produit\/karategi-adidas-k220-club\/"]}]},{"@type":"ImageObject","inLanguage":"es","@id":"https:\/\/www.daisho.be\/es\/produit\/karategi-adidas-k220-club\/#primaryimage","url":"https:\/\/www.daisho.be\/wp-content\/uploads\/2024\/09\/image-52.png","contentUrl":"https:\/\/www.daisho.be\/wp-content\/uploads\/2024\/09\/image-52.png","width":500,"height":709,"caption":"KARATEGI ADIDAS K220 CLUB-1"},{"@type":"BreadcrumbList","@id":"https:\/\/www.daisho.be\/es\/produit\/karategi-adidas-k220-club\/#breadcrumb","itemListElement":[{"@type":"ListItem","position":1,"name":"Accueil","item":"https:\/\/www.daisho.be\/es\/"},{"@type":"ListItem","position":2,"name":"Productos","item":"https:\/\/www.daisho.be\/es\/productos\/"},{"@type":"ListItem","position":3,"name":"ADIDAS COMBAT SPORTS","item":"https:\/\/www.daisho.be\/es\/categorie-produit\/adidas-combat-sports-es\/"},{"@type":"ListItem","position":4,"name":"Karate","item":"https:\/\/www.daisho.be\/es\/categorie-produit\/adidas-combat-sports-es\/karate-es\/"},{"@type":"ListItem","position":5,"name":"Kimono - Karategi Adidas","item":"https:\/\/www.daisho.be\/es\/categorie-produit\/adidas-combat-sports-es\/karate-es\/kimono-karategi-adidas\/"},{"@type":"ListItem","position":6,"name":"KARATEGI ADIDAS K220 CLUB"}]},{"@type":"WebSite","@id":"https:\/\/www.daisho.be\/es\/#website","url":"https:\/\/www.daisho.be\/es\/","name":"Daisho","description":"Sp&eacute;cialiste de l'&eacute;quipement sportif d'arts martiaux","publisher":{"@id":"https:\/\/www.daisho.be\/es\/#organization"},"potentialAction":[{"@type":"SearchAction","target":{"@type":"EntryPoint","urlTemplate":"https:\/\/www.daisho.be\/es\/?s={search_term_string}"},"query-input":{"@type":"PropertyValueSpecification","valueRequired":true,"valueName":"search_term_string"}}],"inLanguage":"es"},{"@type":"Organization","@id":"https:\/\/www.daisho.be\/es\/#organization","name":"Daisho","url":"https:\/\/www.daisho.be\/es\/","logo":{"@type":"ImageObject","inLanguage":"es","@id":"https:\/\/www.daisho.be\/es\/#\/schema\/logo\/image\/","url":"https:\/\/www.daisho.be\/wp-content\/uploads\/2019\/07\/color-nothing-horizontale4x-e1564486100247.png","contentUrl":"https:\/\/www.daisho.be\/wp-content\/uploads\/2019\/07\/color-nothing-horizontale4x-e1564486100247.png","width":1547,"height":385,"caption":"Daisho"},"image":{"@id":"https:\/\/www.daisho.be\/es\/#\/schema\/logo\/image\/"}}]}},"_links":{"self":[{"href":"https:\/\/www.daisho.be\/es\/wp-json\/wp\/v2\/product\/351480","targetHints":{"allow":["GET"]}}],"collection":[{"href":"https:\/\/www.daisho.be\/es\/wp-json\/wp\/v2\/product"}],"about":[{"href":"https:\/\/www.daisho.be\/es\/wp-json\/wp\/v2\/types\/product"}],"replies":[{"embeddable":true,"href":"https:\/\/www.daisho.be\/es\/wp-json\/wp\/v2\/comments?post=351480"}],"wp:featuredmedia":[{"embeddable":true,"href":"https:\/\/www.daisho.be\/es\/wp-json\/wp\/v2\/media\/437357"}],"wp:attachment":[{"href":"https:\/\/www.daisho.be\/es\/wp-json\/wp\/v2\/media?parent=351480"}],"wp:term":[{"taxonomy":"product_brand","embeddable":true,"href":"https:\/\/www.daisho.be\/es\/wp-json\/wp\/v2\/product_brand?post=351480"},{"taxonomy":"product_cat","embeddable":true,"href":"https:\/\/www.daisho.be\/es\/wp-json\/wp\/v2\/product_cat?post=351480"},{"taxonomy":"product_tag","embeddable":true,"href":"https:\/\/www.daisho.be\/es\/wp-json\/wp\/v2\/product_tag?post=351480"},{"taxonomy":"sport","embeddable":true,"href":"https:\/\/www.daisho.be\/es\/wp-json\/wp\/v2\/sport?post=351480"}],"curies":[{"name":"wp","href":"https:\/\/api.w.org\/{rel}","templated":true}]}}