{"id":351470,"date":"2020-03-08T00:21:51","date_gmt":"2020-03-07T23:21:51","guid":{"rendered":"https:\/\/www.daisho.be\/produit\/maxi-elastiband-10kg\/"},"modified":"2026-03-12T13:28:17","modified_gmt":"2026-03-12T12:28:17","slug":"maxi-elastiband-10kg","status":"publish","type":"product","link":"https:\/\/www.daisho.be\/es\/produit\/maxi-elastiband-10kg\/","title":{"rendered":"Maxi Elastiband 10kg"},"content":{"rendered":"<p>Producto patentado para trabajar los principales grupos musculares: brazos, espalda, gl\u00fateos, pecho, hombros, m\u00fasculos abdominales, muslos&#8230;<br \/>\n&#8211; F\u00e1cil de usar &#8211; C\u00f3modo<br \/>\n&#8211; Duradero &#8211; Antidesgarro<br \/>\n&#8211; Lavable &#8211; Elastodieno, poli\u00e9ster, poliamida.<br \/>\nAsas grandes para facilitar el acceso a los muslos y los zapatos.<br \/>\nLongitud 110 cm.<\/p>\n","protected":false},"excerpt":{"rendered":"<p>Producto patentado para trabajar los principales grupos musculares: brazos, espalda, gl\u00fateos, pecho, hombros, m\u00fasculos abdominales, muslos&#8230; &#8211; F\u00e1cil de usar &#8211; C\u00f3modo &#8211; Duradero &#8211; Antidesgarro &#8211; Lavable &#8211; Elastodieno, poli\u00e9ster, poliamida. Asas grandes para facilitar el acceso a los muslos y los zapatos. Longitud 110 cm.<\/p>\n","protected":false},"featured_media":649970,"comment_status":"open","ping_status":"closed","template":"","meta":{"inline_featured_image":false},"product_brand":[],"product_cat":[1339,1301],"product_tag":[1532],"sport":[],"class_list":{"0":"post-351470","1":"product","2":"type-product","3":"status-publish","4":"has-post-thumbnail","6":"product_cat-equipo-de-entrenamiento-de-mma","7":"product_cat-material-de-entrenamiento-de-karate","8":"product_tag-sveltus-es","9":"pa_size-sans-taille-defaut","11":"first","12":"instock","13":"taxable","14":"shipping-taxable","15":"purchasable","16":"product-type-simple"},"yoast_head":"<!-- This site is optimized with the Yoast SEO plugin v27.2 - https:\/\/yoast.com\/product\/yoast-seo-wordpress\/ -->\n<title>Maxi Elastiband 10kg &#8211; Daisho<\/title>\n<meta name=\"robots\" content=\"index, follow, max-snippet:-1, max-image-preview:large, max-video-preview:-1\" \/>\n<link rel=\"canonical\" href=\"https:\/\/www.daisho.be\/es\/produit\/maxi-elastiband-10kg\/\" \/>\n<meta property=\"og:locale\" content=\"es_ES\" \/>\n<meta property=\"og:type\" content=\"article\" \/>\n<meta property=\"og:title\" content=\"Maxi Elastiband 10kg &#8211; Daisho\" \/>\n<meta property=\"og:description\" content=\"Producto patentado para trabajar los principales grupos musculares: brazos, espalda, gl\u00fateos, pecho, hombros, m\u00fasculos abdominales, muslos&#8230; &#8211; F\u00e1cil de usar &#8211; C\u00f3modo &#8211; Duradero &#8211; Antidesgarro &#8211; Lavable &#8211; Elastodieno, poli\u00e9ster, poliamida. Asas grandes para facilitar el acceso a los muslos y los zapatos. Longitud 110 cm.\" \/>\n<meta property=\"og:url\" content=\"https:\/\/www.daisho.be\/es\/produit\/maxi-elastiband-10kg\/\" \/>\n<meta property=\"og:site_name\" content=\"Daisho\" \/>\n<meta property=\"article:modified_time\" content=\"2026-03-12T12:28:17+00:00\" \/>\n<meta property=\"og:image\" content=\"https:\/\/www.daisho.be\/wp-content\/uploads\/2026\/01\/image-59.jpg\" \/>\n\t<meta property=\"og:image:width\" content=\"1181\" \/>\n\t<meta property=\"og:image:height\" content=\"500\" \/>\n\t<meta property=\"og:image:type\" content=\"image\/jpeg\" \/>\n<meta name=\"twitter:card\" content=\"summary_large_image\" \/>\n<script type=\"application\/ld+json\" class=\"yoast-schema-graph\">{\"@context\":\"https:\/\/schema.org\",\"@graph\":[{\"@type\":\"WebPage\",\"@id\":\"https:\/\/www.daisho.be\/es\/produit\/maxi-elastiband-10kg\/\",\"url\":\"https:\/\/www.daisho.be\/es\/produit\/maxi-elastiband-10kg\/\",\"name\":\"Maxi Elastiband 10kg &#8211; Daisho\",\"isPartOf\":{\"@id\":\"https:\/\/www.daisho.be\/es\/#website\"},\"primaryImageOfPage\":{\"@id\":\"https:\/\/www.daisho.be\/es\/produit\/maxi-elastiband-10kg\/#primaryimage\"},\"image\":{\"@id\":\"https:\/\/www.daisho.be\/es\/produit\/maxi-elastiband-10kg\/#primaryimage\"},\"thumbnailUrl\":\"https:\/\/www.daisho.be\/wp-content\/uploads\/2026\/01\/image-59.jpg\",\"datePublished\":\"2020-03-07T23:21:51+00:00\",\"dateModified\":\"2026-03-12T12:28:17+00:00\",\"breadcrumb\":{\"@id\":\"https:\/\/www.daisho.be\/es\/produit\/maxi-elastiband-10kg\/#breadcrumb\"},\"inLanguage\":\"es\",\"potentialAction\":[{\"@type\":\"ReadAction\",\"target\":[\"https:\/\/www.daisho.be\/es\/produit\/maxi-elastiband-10kg\/\"]}]},{\"@type\":\"ImageObject\",\"inLanguage\":\"es\",\"@id\":\"https:\/\/www.daisho.be\/es\/produit\/maxi-elastiband-10kg\/#primaryimage\",\"url\":\"https:\/\/www.daisho.be\/wp-content\/uploads\/2026\/01\/image-59.jpg\",\"contentUrl\":\"https:\/\/www.daisho.be\/wp-content\/uploads\/2026\/01\/image-59.jpg\",\"width\":1181,\"height\":500,\"caption\":\"Maxi Elastiband 10kg-1\"},{\"@type\":\"BreadcrumbList\",\"@id\":\"https:\/\/www.daisho.be\/es\/produit\/maxi-elastiband-10kg\/#breadcrumb\",\"itemListElement\":[{\"@type\":\"ListItem\",\"position\":1,\"name\":\"Accueil\",\"item\":\"https:\/\/www.daisho.be\/es\/\"},{\"@type\":\"ListItem\",\"position\":2,\"name\":\"Productos\",\"item\":\"https:\/\/www.daisho.be\/es\/productos\/\"},{\"@type\":\"ListItem\",\"position\":3,\"name\":\"Equipamiento y ropa para artes marciales y deportes de combate\",\"item\":\"https:\/\/www.daisho.be\/es\/categorie-produit\/equipamiento-y-ropa-para-artes-marciales-y-deportes-de-combate\/\"},{\"@type\":\"ListItem\",\"position\":4,\"name\":\"MMA\",\"item\":\"https:\/\/www.daisho.be\/es\/categorie-produit\/equipamiento-y-ropa-para-artes-marciales-y-deportes-de-combate\/mma-es\/\"},{\"@type\":\"ListItem\",\"position\":5,\"name\":\"Equipo de entrenamiento de MMA\",\"item\":\"https:\/\/www.daisho.be\/es\/categorie-produit\/equipamiento-y-ropa-para-artes-marciales-y-deportes-de-combate\/mma-es\/equipo-de-entrenamiento-de-mma\/\"},{\"@type\":\"ListItem\",\"position\":6,\"name\":\"Maxi Elastiband 10kg\"}]},{\"@type\":\"WebSite\",\"@id\":\"https:\/\/www.daisho.be\/es\/#website\",\"url\":\"https:\/\/www.daisho.be\/es\/\",\"name\":\"Daisho\",\"description\":\"Sp&eacute;cialiste de l'&eacute;quipement sportif d'arts martiaux\",\"publisher\":{\"@id\":\"https:\/\/www.daisho.be\/es\/#organization\"},\"potentialAction\":[{\"@type\":\"SearchAction\",\"target\":{\"@type\":\"EntryPoint\",\"urlTemplate\":\"https:\/\/www.daisho.be\/es\/?s={search_term_string}\"},\"query-input\":{\"@type\":\"PropertyValueSpecification\",\"valueRequired\":true,\"valueName\":\"search_term_string\"}}],\"inLanguage\":\"es\"},{\"@type\":\"Organization\",\"@id\":\"https:\/\/www.daisho.be\/es\/#organization\",\"name\":\"Daisho\",\"url\":\"https:\/\/www.daisho.be\/es\/\",\"logo\":{\"@type\":\"ImageObject\",\"inLanguage\":\"es\",\"@id\":\"https:\/\/www.daisho.be\/es\/#\/schema\/logo\/image\/\",\"url\":\"https:\/\/www.daisho.be\/wp-content\/uploads\/2019\/07\/color-nothing-horizontale4x-e1564486100247.png\",\"contentUrl\":\"https:\/\/www.daisho.be\/wp-content\/uploads\/2019\/07\/color-nothing-horizontale4x-e1564486100247.png\",\"width\":1547,\"height\":385,\"caption\":\"Daisho\"},\"image\":{\"@id\":\"https:\/\/www.daisho.be\/es\/#\/schema\/logo\/image\/\"}}]}<\/script>\n<!-- \/ Yoast SEO plugin. -->","yoast_head_json":{"title":"Maxi Elastiband 10kg &#8211; Daisho","robots":{"index":"index","follow":"follow","max-snippet":"max-snippet:-1","max-image-preview":"max-image-preview:large","max-video-preview":"max-video-preview:-1"},"canonical":"https:\/\/www.daisho.be\/es\/produit\/maxi-elastiband-10kg\/","og_locale":"es_ES","og_type":"article","og_title":"Maxi Elastiband 10kg &#8211; Daisho","og_description":"Producto patentado para trabajar los principales grupos musculares: brazos, espalda, gl\u00fateos, pecho, hombros, m\u00fasculos abdominales, muslos&#8230; &#8211; F\u00e1cil de usar &#8211; C\u00f3modo &#8211; Duradero &#8211; Antidesgarro &#8211; Lavable &#8211; Elastodieno, poli\u00e9ster, poliamida. Asas grandes para facilitar el acceso a los muslos y los zapatos. Longitud 110 cm.","og_url":"https:\/\/www.daisho.be\/es\/produit\/maxi-elastiband-10kg\/","og_site_name":"Daisho","article_modified_time":"2026-03-12T12:28:17+00:00","og_image":[{"width":1181,"height":500,"url":"https:\/\/www.daisho.be\/wp-content\/uploads\/2026\/01\/image-59.jpg","type":"image\/jpeg"}],"twitter_card":"summary_large_image","schema":{"@context":"https:\/\/schema.org","@graph":[{"@type":"WebPage","@id":"https:\/\/www.daisho.be\/es\/produit\/maxi-elastiband-10kg\/","url":"https:\/\/www.daisho.be\/es\/produit\/maxi-elastiband-10kg\/","name":"Maxi Elastiband 10kg &#8211; Daisho","isPartOf":{"@id":"https:\/\/www.daisho.be\/es\/#website"},"primaryImageOfPage":{"@id":"https:\/\/www.daisho.be\/es\/produit\/maxi-elastiband-10kg\/#primaryimage"},"image":{"@id":"https:\/\/www.daisho.be\/es\/produit\/maxi-elastiband-10kg\/#primaryimage"},"thumbnailUrl":"https:\/\/www.daisho.be\/wp-content\/uploads\/2026\/01\/image-59.jpg","datePublished":"2020-03-07T23:21:51+00:00","dateModified":"2026-03-12T12:28:17+00:00","breadcrumb":{"@id":"https:\/\/www.daisho.be\/es\/produit\/maxi-elastiband-10kg\/#breadcrumb"},"inLanguage":"es","potentialAction":[{"@type":"ReadAction","target":["https:\/\/www.daisho.be\/es\/produit\/maxi-elastiband-10kg\/"]}]},{"@type":"ImageObject","inLanguage":"es","@id":"https:\/\/www.daisho.be\/es\/produit\/maxi-elastiband-10kg\/#primaryimage","url":"https:\/\/www.daisho.be\/wp-content\/uploads\/2026\/01\/image-59.jpg","contentUrl":"https:\/\/www.daisho.be\/wp-content\/uploads\/2026\/01\/image-59.jpg","width":1181,"height":500,"caption":"Maxi Elastiband 10kg-1"},{"@type":"BreadcrumbList","@id":"https:\/\/www.daisho.be\/es\/produit\/maxi-elastiband-10kg\/#breadcrumb","itemListElement":[{"@type":"ListItem","position":1,"name":"Accueil","item":"https:\/\/www.daisho.be\/es\/"},{"@type":"ListItem","position":2,"name":"Productos","item":"https:\/\/www.daisho.be\/es\/productos\/"},{"@type":"ListItem","position":3,"name":"Equipamiento y ropa para artes marciales y deportes de combate","item":"https:\/\/www.daisho.be\/es\/categorie-produit\/equipamiento-y-ropa-para-artes-marciales-y-deportes-de-combate\/"},{"@type":"ListItem","position":4,"name":"MMA","item":"https:\/\/www.daisho.be\/es\/categorie-produit\/equipamiento-y-ropa-para-artes-marciales-y-deportes-de-combate\/mma-es\/"},{"@type":"ListItem","position":5,"name":"Equipo de entrenamiento de MMA","item":"https:\/\/www.daisho.be\/es\/categorie-produit\/equipamiento-y-ropa-para-artes-marciales-y-deportes-de-combate\/mma-es\/equipo-de-entrenamiento-de-mma\/"},{"@type":"ListItem","position":6,"name":"Maxi Elastiband 10kg"}]},{"@type":"WebSite","@id":"https:\/\/www.daisho.be\/es\/#website","url":"https:\/\/www.daisho.be\/es\/","name":"Daisho","description":"Sp&eacute;cialiste de l'&eacute;quipement sportif d'arts martiaux","publisher":{"@id":"https:\/\/www.daisho.be\/es\/#organization"},"potentialAction":[{"@type":"SearchAction","target":{"@type":"EntryPoint","urlTemplate":"https:\/\/www.daisho.be\/es\/?s={search_term_string}"},"query-input":{"@type":"PropertyValueSpecification","valueRequired":true,"valueName":"search_term_string"}}],"inLanguage":"es"},{"@type":"Organization","@id":"https:\/\/www.daisho.be\/es\/#organization","name":"Daisho","url":"https:\/\/www.daisho.be\/es\/","logo":{"@type":"ImageObject","inLanguage":"es","@id":"https:\/\/www.daisho.be\/es\/#\/schema\/logo\/image\/","url":"https:\/\/www.daisho.be\/wp-content\/uploads\/2019\/07\/color-nothing-horizontale4x-e1564486100247.png","contentUrl":"https:\/\/www.daisho.be\/wp-content\/uploads\/2019\/07\/color-nothing-horizontale4x-e1564486100247.png","width":1547,"height":385,"caption":"Daisho"},"image":{"@id":"https:\/\/www.daisho.be\/es\/#\/schema\/logo\/image\/"}}]}},"_links":{"self":[{"href":"https:\/\/www.daisho.be\/es\/wp-json\/wp\/v2\/product\/351470","targetHints":{"allow":["GET"]}}],"collection":[{"href":"https:\/\/www.daisho.be\/es\/wp-json\/wp\/v2\/product"}],"about":[{"href":"https:\/\/www.daisho.be\/es\/wp-json\/wp\/v2\/types\/product"}],"replies":[{"embeddable":true,"href":"https:\/\/www.daisho.be\/es\/wp-json\/wp\/v2\/comments?post=351470"}],"wp:featuredmedia":[{"embeddable":true,"href":"https:\/\/www.daisho.be\/es\/wp-json\/wp\/v2\/media\/649970"}],"wp:attachment":[{"href":"https:\/\/www.daisho.be\/es\/wp-json\/wp\/v2\/media?parent=351470"}],"wp:term":[{"taxonomy":"product_brand","embeddable":true,"href":"https:\/\/www.daisho.be\/es\/wp-json\/wp\/v2\/product_brand?post=351470"},{"taxonomy":"product_cat","embeddable":true,"href":"https:\/\/www.daisho.be\/es\/wp-json\/wp\/v2\/product_cat?post=351470"},{"taxonomy":"product_tag","embeddable":true,"href":"https:\/\/www.daisho.be\/es\/wp-json\/wp\/v2\/product_tag?post=351470"},{"taxonomy":"sport","embeddable":true,"href":"https:\/\/www.daisho.be\/es\/wp-json\/wp\/v2\/sport?post=351470"}],"curies":[{"name":"wp","href":"https:\/\/api.w.org\/{rel}","templated":true}]}}